{"id":90,"date":"2026-03-25T22:54:41","date_gmt":"2026-03-25T22:54:41","guid":{"rendered":"https:\/\/loisirelectronique.com\/?post_type=product&#038;p=90"},"modified":"2026-04-18T16:24:12","modified_gmt":"2026-04-18T16:24:12","slug":"bmc-twostroke-01-three-sram-gx-eagle-12v-29","status":"publish","type":"product","link":"https:\/\/loisirelectronique.com\/nl\/product\/bmc-twostroke-01-three-sram-gx-eagle-12v-29\/","title":{"rendered":"BMC Twostroke 01 Three Sram GX Eagle 12V 29"},"content":{"rendered":"<h1 class=\"heading-title-text\" data-titleproductread=\"\">VTT Semi-Rigide BMC Twostroke 01 Three Sram GX Eagle 12V 29\u00a0\u00bb Gris Arctic Silver Prisma 2023<\/h1>\n<p>BMC Twostroke 01 Three Sram GX Eagle 12V 29<\/p>\n<div class=\"col col-sm-12 col-md-12 col-lg-12\">\n<p>Pour tout donner sur les circuits de XCO ou pour \u00e9tablir un nouveau record personnel sur la mont\u00e9e la plus raide de la r\u00e9gion, le BMC Twostroke 01 Three Sram GX Eagle 12V 29\u00a0assure les arri\u00e8res des adeptes de cross-country. Incarnant une nouvelle vision du semi-rigide, ce v\u00e9lo de XC nouvelle g\u00e9n\u00e9ration est non seulement un grimpeur efficace, mais il est aussi con\u00e7u pour vous procurer contr\u00f4le et confiance m\u00eame sur les sentiers les plus techniques et exigeants. Le Twostroke incarne l\u2019\u00e9quilibre parfait entre l\u00e9g\u00e8ret\u00e9, rigidit\u00e9 et solidit\u00e9. Con\u00e7u pour enrichir votre exp\u00e9rience, il vous permet d\u2019attaquer le terrain en toute confiance, avec la satisfaction de relever tous les d\u00e9fis.<\/p>\n<p>Le passage totalement interne et guid\u00e9 des c\u00e2bles facilite l\u2019installation et conf\u00e8re au v\u00e9lo\u00a0<strong>une esth\u00e9tique \u00e9pur\u00e9e<\/strong>. Un adaptateur d\u00e9di\u00e9 permet m\u00eame d\u2019installer une tige de selle t\u00e9lescopique de 27.2 mm en gardant un passage de c\u00e2bles discret. Les caches moul\u00e9s sur les bases arri\u00e8re, un guide-cha\u00eene int\u00e9gr\u00e9 et une protection transparente sur le tube diagonal assurent sa\u00a0<strong>durabilit\u00e9 et un design \u00e9l\u00e9gant<\/strong>.<\/p>\n<p>Partez \u00e0 la conqu\u00eate des terrains les plus meubles et escarp\u00e9s avec une r\u00e9partition du poids id\u00e9ale : angle de chasse de 67\u00b0, partie avant longue et angle de selle de 75\u00b0. Gr\u00e2ce \u00e0 la technologie Tuned Compliance Concept (TCC), survolez les routes les plus chaotiques et d\u00e9passez-vous dans l\u2019effort, pour aller toujours plus loin.\u00a0<strong>Un \u00e9quilibre parfait entre confort et performance<\/strong>, pour une utilisation \u00e0 la fois souple et rapide. Le cadre offre un large d\u00e9gagement de pneu, ce qui le rend compatible avec la nouvelle g\u00e9n\u00e9ration de pneus de XC larges.<\/p>\n<\/div>\n<div class=\"prodsheet_bullets col col-sm-8 col-md-8 col-lg-8\">\n<h4>LES + PRODUIT :<\/h4>\n<ul>\n<li>Un semi-rigide progressif et souple, con\u00e7u pour vous donner confiance.<\/li>\n<li>Cadre carbone Twostroke 01 Premium Carbon avec passage totalement interne et guid\u00e9 des c\u00e2bles.<\/li>\n<li>Transmission Sram GX Eagle 1\u00d712-vitesses.<\/li>\n<li>Freins \u00e0 disque hydrauliques Sram Level TL.<\/li>\n<\/ul>\n<\/div>\n<div class=\"prodsheet_specs1 col col-sm-12 col-md-12 col-lg-12\">\n<h4>D\u00c9TAILS\u00a0<a href=\"http:\/\/1.0.0.1\/\">:<\/a><\/h4>\n<table class=\"table table-striped\">\n<tbody>\n<tr>\n<td>Cadre<\/td>\n<td>Carbone : Twostroke 01 Premium Carbon with Tuned Compliance Concept XC, Fully Guided Internal Cable Routing, PF92 bottom bracket, Post Mount Disc, 12\u00d7148 mm Boost Thru-Axle, Tire clearance: 58 mm (Measured Width)<\/td>\n<\/tr>\n<tr>\n<td>Fourche<\/td>\n<td>Rockshox Reba RL, OneLoc Sprint Remote<\/td>\n<\/tr>\n<tr>\n<td>Manette de d\u00e9railleur<\/td>\n<td>Sram GX Eagle, 1\u00d712-vitesses<\/td>\n<\/tr>\n<tr>\n<td>D\u00e9railleur arri\u00e8re<\/td>\n<td>Sram GX Eagle, 12-vitesses<\/td>\n<\/tr>\n<tr>\n<td>Cassette<\/td>\n<td>Sram XG-1275 Eagle, 10-52 Dents<\/td>\n<\/tr>\n<tr>\n<td>Cha\u00eene<\/td>\n<td>Sram GX Eagle<\/td>\n<\/tr>\n<tr>\n<td>P\u00e9dalier<\/td>\n<td>Sram GX Eagle, 34 Dents<\/td>\n<\/tr>\n<tr>\n<td>Bo\u00eetier de p\u00e9dalier<\/td>\n<td>PF92<\/td>\n<\/tr>\n<tr>\n<td>Freins<\/td>\n<td>Sram Level TL, Hydr. Disc Brake, Sram Centerline Rotors (160\/160 tailles S-M, 180\/160 tailles L-XL)<\/td>\n<\/tr>\n<tr>\n<td>Roues<\/td>\n<td>Jantes : DT Swiss X 1900 Wheelset, 25 mm Inner Width \/ Moyeux : DT Swiss 370<\/td>\n<\/tr>\n<tr>\n<td>Pneus<\/td>\n<td>Vittoria Barzo, 55-622, 29\u00d72.25\u2033<\/td>\n<\/tr>\n<tr>\n<td>Guidon<\/td>\n<td>BMC MFB01 Carbon 760 mm width, 4 mm rise, 8\u00b0 backsweep<\/td>\n<\/tr>\n<tr>\n<td>Potence<\/td>\n<td>BMC MSM01, -5\u00b0<\/td>\n<\/tr>\n<tr>\n<td>Selle<\/td>\n<td>Fizik Antares R7<\/td>\n<\/tr>\n<tr>\n<td>Tige de selle<\/td>\n<td>Twostroke 01 Premium Carbon D-Shaped Seatpost, 0 mm Offset<\/td>\n<\/tr>\n<tr>\n<td>Poids<\/td>\n<td>\u2014<\/td>\n<\/tr>\n<tr>\n<td>Poids maximum<\/td>\n<td>110 kg : le poids maximum du syst\u00e8me comprend le v\u00e9lo, le cycliste et les \u00e9quipements<\/td>\n<\/tr>\n<tr>\n<td>Coloris<\/td>\n<td>Arctic Silver Prisma<\/td>\n<\/tr>\n<\/tbody>\n<\/table>\n<\/div>","protected":false},"excerpt":{"rendered":"<div class=\"custom-product-box\">\n<p class=\"highlight\">\ud83d\udd25 VTT haut de gamme con\u00e7u pour performance et terrain technique tr\u00e8s demander cette semaine<\/p>\n<p>\ud83d\udcc8 Mod\u00e8le appr\u00e9ci\u00e9 pour les sorties sportives et les parcours exigeants<\/p>\n<p>\u2b50 Note moyenne : 4.7\/5<\/p>\n<p>\ud83d\ude9a Livraison rapide avec suivi complet<\/p>\n<p>\ud83d\udce6 Toutes tailles et s\u00e9ries disponibles<\/p>\n<p class=\"highlight\">\u26a1 Produit souvent choisi pour pratique engag\u00e9e et progression en VTT<\/p>\n<\/div>\n<h1 class=\"heading-title-text\" data-titleproductread=\"\">VTT Semi-Rigide BMC Twostroke 01 Three Sram GX Eagle 12V 29\u00a0\u00bb Gris Arctic Silver Prisma 2023<\/h1>\n<p>BMC Twostroke 01 Three Sram GX Eagle 12V 29<\/p>\n<div class=\"col col-sm-12 col-md-12 col-lg-12\">\n<p>Pour tout donner sur les circuits de XCO ou pour \u00e9tablir un nouveau record personnel sur la mont\u00e9e la plus raide de la r\u00e9gion, le BMC Twostroke 01 Three Sram GX Eagle 12V 29\u00a0assure les arri\u00e8res des adeptes de cross-country. Incarnant une nouvelle vision du semi-rigide, ce v\u00e9lo de XC nouvelle g\u00e9n\u00e9ration est non seulement un grimpeur efficace, mais il est aussi con\u00e7u pour vous procurer contr\u00f4le et confiance m\u00eame sur les sentiers les plus techniques et exigeants. Le Twostroke incarne l\u2019\u00e9quilibre parfait entre l\u00e9g\u00e8ret\u00e9, rigidit\u00e9 et solidit\u00e9. Con\u00e7u pour enrichir votre exp\u00e9rience, il vous permet d\u2019attaquer le terrain en toute confiance, avec la satisfaction de relever tous les d\u00e9fis.<\/p>\n<\/div>","protected":false},"featured_media":94,"comment_status":"open","ping_status":"closed","template":"","meta":[],"product_brand":[50],"product_cat":[38,44,46],"product_tag":[],"class_list":{"0":"post-90","1":"product","2":"type-product","3":"status-publish","4":"has-post-thumbnail","6":"product_brand-bmc","7":"product_cat-velo-electrique","8":"product_cat-velos","9":"product_cat-vtt","11":"first","12":"instock","13":"sale","14":"taxable","15":"shipping-taxable","16":"purchasable","17":"product-type-simple"},"yoast_head":"<!-- This site is optimized with the Yoast SEO plugin v27.5 - https:\/\/yoast.com\/product\/yoast-seo-wordpress\/ -->\n<title>BMC Twostroke 01 Three Sram GX Eagle 12V 29 - Loisir Electronique<\/title>\n<meta name=\"description\" content=\"D\u00e9couvrez le BMC Twostroke 01 Three chez Loisir \u00c9lectronique. Cadre carbone Premium, groupe Sram GX Eagle 12V et g\u00e9om\u00e9trie r\u00e9volutionnaire pour le XC moderne.\" \/>\n<meta name=\"robots\" content=\"index, follow, max-snippet:-1, max-image-preview:large, max-video-preview:-1\" \/>\n<link rel=\"canonical\" href=\"https:\/\/loisirelectronique.com\/nl\/product\/bmc-twostroke-01-three-sram-gx-eagle-12v-29\/\" \/>\n<meta property=\"og:locale\" content=\"nl_NL\" \/>\n<meta property=\"og:type\" content=\"article\" \/>\n<meta property=\"og:title\" content=\"BMC Twostroke 01 Three Sram GX Eagle 12V 29 - Loisir Electronique\" \/>\n<meta property=\"og:description\" content=\"D\u00e9couvrez le BMC Twostroke 01 Three chez Loisir \u00c9lectronique. Cadre carbone Premium, groupe Sram GX Eagle 12V et g\u00e9om\u00e9trie r\u00e9volutionnaire pour le XC moderne.\" \/>\n<meta property=\"og:url\" content=\"https:\/\/loisirelectronique.com\/nl\/product\/bmc-twostroke-01-three-sram-gx-eagle-12v-29\/\" \/>\n<meta property=\"og:site_name\" content=\"Loisir Electronique\" \/>\n<meta property=\"article:modified_time\" content=\"2026-04-18T16:24:12+00:00\" \/>\n<meta property=\"og:image\" content=\"http:\/\/loisirelectronique.com\/wp-content\/uploads\/2026\/03\/VTT-BMC-Twostroke-01-Three-carbone-29-pouces.jpg\" \/>\n\t<meta property=\"og:image:width\" content=\"2000\" \/>\n\t<meta property=\"og:image:height\" content=\"1360\" \/>\n\t<meta property=\"og:image:type\" content=\"image\/jpeg\" \/>\n<meta name=\"twitter:card\" content=\"summary_large_image\" \/>\n<meta name=\"twitter:label1\" content=\"Geschatte leestijd\" \/>\n\t<meta name=\"twitter:data1\" content=\"3 minuten\" \/>\n<script type=\"application\/ld+json\" class=\"yoast-schema-graph\">{\"@context\":\"https:\\\/\\\/schema.org\",\"@graph\":[{\"@type\":\"WebPage\",\"@id\":\"https:\\\/\\\/loisirelectronique.com\\\/produit\\\/bmc-twostroke-01-three-sram-gx-eagle-12v-29\\\/\",\"url\":\"https:\\\/\\\/loisirelectronique.com\\\/produit\\\/bmc-twostroke-01-three-sram-gx-eagle-12v-29\\\/\",\"name\":\"BMC Twostroke 01 Three Sram GX Eagle 12V 29 - Loisir Electronique\",\"isPartOf\":{\"@id\":\"https:\\\/\\\/loisirelectronique.com\\\/#website\"},\"primaryImageOfPage\":{\"@id\":\"https:\\\/\\\/loisirelectronique.com\\\/produit\\\/bmc-twostroke-01-three-sram-gx-eagle-12v-29\\\/#primaryimage\"},\"image\":{\"@id\":\"https:\\\/\\\/loisirelectronique.com\\\/produit\\\/bmc-twostroke-01-three-sram-gx-eagle-12v-29\\\/#primaryimage\"},\"thumbnailUrl\":\"https:\\\/\\\/loisirelectronique.com\\\/wp-content\\\/uploads\\\/2026\\\/03\\\/VTT-BMC-Twostroke-01-Three-carbone-29-pouces.jpg\",\"datePublished\":\"2026-03-25T22:54:41+00:00\",\"dateModified\":\"2026-04-18T16:24:12+00:00\",\"description\":\"D\u00e9couvrez le BMC Twostroke 01 Three chez Loisir \u00c9lectronique. Cadre carbone Premium, groupe Sram GX Eagle 12V et g\u00e9om\u00e9trie r\u00e9volutionnaire pour le XC moderne.\",\"breadcrumb\":{\"@id\":\"https:\\\/\\\/loisirelectronique.com\\\/produit\\\/bmc-twostroke-01-three-sram-gx-eagle-12v-29\\\/#breadcrumb\"},\"inLanguage\":\"nl-NL\",\"potentialAction\":[{\"@type\":\"ReadAction\",\"target\":[\"https:\\\/\\\/loisirelectronique.com\\\/produit\\\/bmc-twostroke-01-three-sram-gx-eagle-12v-29\\\/\"]}]},{\"@type\":\"ImageObject\",\"inLanguage\":\"nl-NL\",\"@id\":\"https:\\\/\\\/loisirelectronique.com\\\/produit\\\/bmc-twostroke-01-three-sram-gx-eagle-12v-29\\\/#primaryimage\",\"url\":\"https:\\\/\\\/loisirelectronique.com\\\/wp-content\\\/uploads\\\/2026\\\/03\\\/VTT-BMC-Twostroke-01-Three-carbone-29-pouces.jpg\",\"contentUrl\":\"https:\\\/\\\/loisirelectronique.com\\\/wp-content\\\/uploads\\\/2026\\\/03\\\/VTT-BMC-Twostroke-01-Three-carbone-29-pouces.jpg\",\"width\":2000,\"height\":1360,\"caption\":\"BMC Twostroke 01 Three \u2013 performance et l\u00e9g\u00e8ret\u00e9 pour le cross-country\"},{\"@type\":\"BreadcrumbList\",\"@id\":\"https:\\\/\\\/loisirelectronique.com\\\/produit\\\/bmc-twostroke-01-three-sram-gx-eagle-12v-29\\\/#breadcrumb\",\"itemListElement\":[{\"@type\":\"ListItem\",\"position\":1,\"name\":\"Accueil\",\"item\":\"https:\\\/\\\/loisirelectronique.com\\\/\"},{\"@type\":\"ListItem\",\"position\":2,\"name\":\"Boutique\",\"item\":\"https:\\\/\\\/loisirelectronique.com\\\/velos-electriques-accessoires-trottinettes\\\/\"},{\"@type\":\"ListItem\",\"position\":3,\"name\":\"BMC Twostroke 01 Three Sram GX Eagle 12V 29\"}]},{\"@type\":\"WebSite\",\"@id\":\"https:\\\/\\\/loisirelectronique.com\\\/#website\",\"url\":\"https:\\\/\\\/loisirelectronique.com\\\/\",\"name\":\"Loisir Electronique\",\"description\":\"Innovation, qualit\u00e9, performance\",\"publisher\":{\"@id\":\"https:\\\/\\\/loisirelectronique.com\\\/#organization\"},\"potentialAction\":[{\"@type\":\"SearchAction\",\"target\":{\"@type\":\"EntryPoint\",\"urlTemplate\":\"https:\\\/\\\/loisirelectronique.com\\\/?s={search_term_string}\"},\"query-input\":{\"@type\":\"PropertyValueSpecification\",\"valueRequired\":true,\"valueName\":\"search_term_string\"}}],\"inLanguage\":\"nl-NL\"},{\"@type\":\"Organization\",\"@id\":\"https:\\\/\\\/loisirelectronique.com\\\/#organization\",\"name\":\"Loisir Electronique\",\"url\":\"https:\\\/\\\/loisirelectronique.com\\\/\",\"logo\":{\"@type\":\"ImageObject\",\"inLanguage\":\"nl-NL\",\"@id\":\"https:\\\/\\\/loisirelectronique.com\\\/#\\\/schema\\\/logo\\\/image\\\/\",\"url\":\"http:\\\/\\\/loisirelectronique.com\\\/wp-content\\\/uploads\\\/2026\\\/03\\\/IMG-20260325-WA00112.jpg\",\"contentUrl\":\"http:\\\/\\\/loisirelectronique.com\\\/wp-content\\\/uploads\\\/2026\\\/03\\\/IMG-20260325-WA00112.jpg\",\"width\":418,\"height\":124,\"caption\":\"Loisir Electronique\"},\"image\":{\"@id\":\"https:\\\/\\\/loisirelectronique.com\\\/#\\\/schema\\\/logo\\\/image\\\/\"}}]}<\/script>\n<!-- \/ Yoast SEO plugin. -->","yoast_head_json":{"title":"BMC Twostroke 01 Three Sram GX Eagle 12V 29 - Loisir Electronique","description":"D\u00e9couvrez le BMC Twostroke 01 Three chez Loisir \u00c9lectronique. Cadre carbone Premium, groupe Sram GX Eagle 12V et g\u00e9om\u00e9trie r\u00e9volutionnaire pour le XC moderne.","robots":{"index":"index","follow":"follow","max-snippet":"max-snippet:-1","max-image-preview":"max-image-preview:large","max-video-preview":"max-video-preview:-1"},"canonical":"https:\/\/loisirelectronique.com\/nl\/product\/bmc-twostroke-01-three-sram-gx-eagle-12v-29\/","og_locale":"nl_NL","og_type":"article","og_title":"BMC Twostroke 01 Three Sram GX Eagle 12V 29 - Loisir Electronique","og_description":"D\u00e9couvrez le BMC Twostroke 01 Three chez Loisir \u00c9lectronique. Cadre carbone Premium, groupe Sram GX Eagle 12V et g\u00e9om\u00e9trie r\u00e9volutionnaire pour le XC moderne.","og_url":"https:\/\/loisirelectronique.com\/nl\/product\/bmc-twostroke-01-three-sram-gx-eagle-12v-29\/","og_site_name":"Loisir Electronique","article_modified_time":"2026-04-18T16:24:12+00:00","og_image":[{"width":2000,"height":1360,"url":"http:\/\/loisirelectronique.com\/wp-content\/uploads\/2026\/03\/VTT-BMC-Twostroke-01-Three-carbone-29-pouces.jpg","type":"image\/jpeg"}],"twitter_card":"summary_large_image","twitter_misc":{"Geschatte leestijd":"3 minuten"},"schema":{"@context":"https:\/\/schema.org","@graph":[{"@type":"WebPage","@id":"https:\/\/loisirelectronique.com\/produit\/bmc-twostroke-01-three-sram-gx-eagle-12v-29\/","url":"https:\/\/loisirelectronique.com\/produit\/bmc-twostroke-01-three-sram-gx-eagle-12v-29\/","name":"BMC Twostroke 01 Three Sram GX Eagle 12V 29 - Loisir Electronique","isPartOf":{"@id":"https:\/\/loisirelectronique.com\/#website"},"primaryImageOfPage":{"@id":"https:\/\/loisirelectronique.com\/produit\/bmc-twostroke-01-three-sram-gx-eagle-12v-29\/#primaryimage"},"image":{"@id":"https:\/\/loisirelectronique.com\/produit\/bmc-twostroke-01-three-sram-gx-eagle-12v-29\/#primaryimage"},"thumbnailUrl":"https:\/\/loisirelectronique.com\/wp-content\/uploads\/2026\/03\/VTT-BMC-Twostroke-01-Three-carbone-29-pouces.jpg","datePublished":"2026-03-25T22:54:41+00:00","dateModified":"2026-04-18T16:24:12+00:00","description":"D\u00e9couvrez le BMC Twostroke 01 Three chez Loisir \u00c9lectronique. Cadre carbone Premium, groupe Sram GX Eagle 12V et g\u00e9om\u00e9trie r\u00e9volutionnaire pour le XC moderne.","breadcrumb":{"@id":"https:\/\/loisirelectronique.com\/produit\/bmc-twostroke-01-three-sram-gx-eagle-12v-29\/#breadcrumb"},"inLanguage":"nl-NL","potentialAction":[{"@type":"ReadAction","target":["https:\/\/loisirelectronique.com\/produit\/bmc-twostroke-01-three-sram-gx-eagle-12v-29\/"]}]},{"@type":"ImageObject","inLanguage":"nl-NL","@id":"https:\/\/loisirelectronique.com\/produit\/bmc-twostroke-01-three-sram-gx-eagle-12v-29\/#primaryimage","url":"https:\/\/loisirelectronique.com\/wp-content\/uploads\/2026\/03\/VTT-BMC-Twostroke-01-Three-carbone-29-pouces.jpg","contentUrl":"https:\/\/loisirelectronique.com\/wp-content\/uploads\/2026\/03\/VTT-BMC-Twostroke-01-Three-carbone-29-pouces.jpg","width":2000,"height":1360,"caption":"BMC Twostroke 01 Three \u2013 performance et l\u00e9g\u00e8ret\u00e9 pour le cross-country"},{"@type":"BreadcrumbList","@id":"https:\/\/loisirelectronique.com\/produit\/bmc-twostroke-01-three-sram-gx-eagle-12v-29\/#breadcrumb","itemListElement":[{"@type":"ListItem","position":1,"name":"Accueil","item":"https:\/\/loisirelectronique.com\/"},{"@type":"ListItem","position":2,"name":"Boutique","item":"https:\/\/loisirelectronique.com\/velos-electriques-accessoires-trottinettes\/"},{"@type":"ListItem","position":3,"name":"BMC Twostroke 01 Three Sram GX Eagle 12V 29"}]},{"@type":"WebSite","@id":"https:\/\/loisirelectronique.com\/#website","url":"https:\/\/loisirelectronique.com\/","name":"Loisir Electronique","description":"Innovation, qualit\u00e9, performance","publisher":{"@id":"https:\/\/loisirelectronique.com\/#organization"},"potentialAction":[{"@type":"SearchAction","target":{"@type":"EntryPoint","urlTemplate":"https:\/\/loisirelectronique.com\/?s={search_term_string}"},"query-input":{"@type":"PropertyValueSpecification","valueRequired":true,"valueName":"search_term_string"}}],"inLanguage":"nl-NL"},{"@type":"Organization","@id":"https:\/\/loisirelectronique.com\/#organization","name":"Loisir Electronique","url":"https:\/\/loisirelectronique.com\/","logo":{"@type":"ImageObject","inLanguage":"nl-NL","@id":"https:\/\/loisirelectronique.com\/#\/schema\/logo\/image\/","url":"http:\/\/loisirelectronique.com\/wp-content\/uploads\/2026\/03\/IMG-20260325-WA00112.jpg","contentUrl":"http:\/\/loisirelectronique.com\/wp-content\/uploads\/2026\/03\/IMG-20260325-WA00112.jpg","width":418,"height":124,"caption":"Loisir Electronique"},"image":{"@id":"https:\/\/loisirelectronique.com\/#\/schema\/logo\/image\/"}}]}},"jetpack_sharing_enabled":true,"_links":{"self":[{"href":"https:\/\/loisirelectronique.com\/nl\/wp-json\/wp\/v2\/product\/90","targetHints":{"allow":["GET"]}}],"collection":[{"href":"https:\/\/loisirelectronique.com\/nl\/wp-json\/wp\/v2\/product"}],"about":[{"href":"https:\/\/loisirelectronique.com\/nl\/wp-json\/wp\/v2\/types\/product"}],"replies":[{"embeddable":true,"href":"https:\/\/loisirelectronique.com\/nl\/wp-json\/wp\/v2\/comments?post=90"}],"version-history":[{"count":3,"href":"https:\/\/loisirelectronique.com\/nl\/wp-json\/wp\/v2\/product\/90\/revisions"}],"predecessor-version":[{"id":30729,"href":"https:\/\/loisirelectronique.com\/nl\/wp-json\/wp\/v2\/product\/90\/revisions\/30729"}],"wp:featuredmedia":[{"embeddable":true,"href":"https:\/\/loisirelectronique.com\/nl\/wp-json\/wp\/v2\/media\/94"}],"wp:attachment":[{"href":"https:\/\/loisirelectronique.com\/nl\/wp-json\/wp\/v2\/media?parent=90"}],"wp:term":[{"taxonomy":"product_brand","embeddable":true,"href":"https:\/\/loisirelectronique.com\/nl\/wp-json\/wp\/v2\/product_brand?post=90"},{"taxonomy":"product_cat","embeddable":true,"href":"https:\/\/loisirelectronique.com\/nl\/wp-json\/wp\/v2\/product_cat?post=90"},{"taxonomy":"product_tag","embeddable":true,"href":"https:\/\/loisirelectronique.com\/nl\/wp-json\/wp\/v2\/product_tag?post=90"}],"curies":[{"name":"wp","href":"https:\/\/api.w.org\/{rel}","templated":true}]}}