{"id":87,"date":"2026-03-25T22:31:51","date_gmt":"2026-03-25T22:31:51","guid":{"rendered":"https:\/\/loisirelectronique.com\/?post_type=product&#038;p=87"},"modified":"2026-04-18T16:27:42","modified_gmt":"2026-04-18T16:27:42","slug":"bh-ultimate-rc-6-5-shimano-xt","status":"publish","type":"product","link":"https:\/\/loisirelectronique.com\/nl\/product\/bh-ultimate-rc-6-5-shimano-xt\/","title":{"rendered":"BH Ultimate RC 6.5 Shimano Deore XT 12V 29 Bleu \/ Argent 2022"},"content":{"rendered":"<h1 class=\"heading-title-text\" data-titleproductread=\"\">VTT Semi-Rigide BH Ultimate RC 6.5 Shimano Deore XT 12V 29\u00a0\u00bb Bleu \/ Argent 2022.<\/h1>\n<p><a href=\"https:\/\/loisirelectronique.com\/nl\/boutique\/\">BH Ultimate RC 6.5 Shimano Deore XT 12V 29 Bleu \/ Argent 2022<\/a><\/p>\n<div class=\"col col-sm-12 col-md-12 col-lg-12\">\n<p>BH Ultimate RC 6.5 Shimano Deore XT 12V 29 est le v\u00e9lo id\u00e9al pour les cyclistes visant le cyclisme XC, ce v\u00e9lo agressif facilite les descentes techniques et transmet confiance et stabilit\u00e9 de conduite. Il pr\u00e9sente un design et des formes parfaitement identiques \u00e0 ceux du cadre Ultimate, avec un tube sup\u00e9rieur plus long, des haubans courts et un angle de chasse \u00e9lanc\u00e9. Il incorpore des fibres de carbone Toray T800 et T700 pour un \u00e9quilibre parfait entre rigidit\u00e9 et l\u00e9g\u00e8ret\u00e9.<\/p>\n<\/div>\n<p>&nbsp;<\/p>\n<div class=\"prodsheet_bullets col col-sm-8 col-md-8 col-lg-8\">\n<h4>LES\u00a0<a href=\"http:\/\/1.0.0.1\/\">+<\/a>\u00a0PRODUIT :<\/h4>\n<ul>\n<li>Cadre\u00a0Ultimate RC en carbone.<\/li>\n<li>Transmission Shimano Deore XT 12 vitesses.<\/li>\n<li>Freins \u00e0 disque hydrauliques\u00a0Shimano MT201 180\/160 mm.<\/li>\n<\/ul>\n<\/div>\n<div class=\"prodsheet_specs1 col col-sm-12 col-md-12 col-lg-12\">\n<h4>D\u00c9TAILS :<\/h4>\n<table class=\"table table-striped\">\n<tbody>\n<tr>\n<td>Cadre<\/td>\n<td>Carbone :\u00a0Ultimate RC 2021 Carbon 29\u2033, 148X12, BlockLock Headset<\/td>\n<\/tr>\n<tr>\n<td>Fourche<\/td>\n<td>Rock Shox Judy RL Remote Lock 100mm<\/td>\n<\/tr>\n<tr>\n<td>Manette de d\u00e9railleur<\/td>\n<td>Shimano Deore 6100 1\u00d712 vitesses<\/td>\n<\/tr>\n<tr>\n<td>D\u00e9railleur arri\u00e8re<\/td>\n<td>Shimano XT 8100 12 vitesses<\/td>\n<\/tr>\n<tr>\n<td>Cassette<\/td>\n<td>Shimano Deore 6100 10\/51 Dents<\/td>\n<\/tr>\n<tr>\n<td>Cha\u00eene<\/td>\n<td>Shimano Deore<\/td>\n<\/tr>\n<tr>\n<td>P\u00e9dalier<\/td>\n<td>Shimano MT510, 175\u2009mm<\/td>\n<\/tr>\n<tr>\n<td>Freins<\/td>\n<td>Shimano MT201 180\/160 mm<\/td>\n<\/tr>\n<tr>\n<td>Roues<\/td>\n<td>BH Lite<\/td>\n<\/tr>\n<tr>\n<td>Pneus<\/td>\n<td>Maxxis Ikon 2.20\/ Continental Race King 2.21<\/td>\n<\/tr>\n<tr>\n<td>Guidon<\/td>\n<td>BH Lite Flat 780 mm<\/td>\n<\/tr>\n<tr>\n<td>Poign\u00e9es<\/td>\n<td>BH Lock On<\/td>\n<\/tr>\n<tr>\n<td>Potence<\/td>\n<td>BH SL 80mm, 31,8mm, +\/-6\u00ba<\/td>\n<\/tr>\n<tr>\n<td>Jeu de direction<\/td>\n<td>BH Evo By Accros BlockLock Integrated Sealed Bearing<\/td>\n<\/tr>\n<tr>\n<td>Selle<\/td>\n<td>Prologo Nago RS<\/td>\n<\/tr>\n<tr>\n<td>Tige de selle<\/td>\n<td>BH Lite 27,2mm, 420mm<\/td>\n<\/tr>\n<tr>\n<td>Collier de selle<\/td>\n<td>Ultimate 31,8mm<\/td>\n<\/tr>\n<tr>\n<td>Poids<\/td>\n<td>11,9Kg<\/td>\n<\/tr>\n<\/tbody>\n<\/table>\n<\/div>","protected":false},"excerpt":{"rendered":"<div class=\"custom-product-box\">\n<p class=\"highlight\">\ud83d\udd25 VTT haut de gamme tr\u00e8s demand\u00e9 cette semaine<\/p>\n<p>\ud83d\udcc8 Mod\u00e8le appr\u00e9ci\u00e9 pour les sorties sportives et le pilotage technique<\/p>\n<p>\u2b50 Note moyenne : 4.4\/5<\/p>\n<p>\ud83d\ude9a Livraison rapide avec suivi complet<\/p>\n<p>\ud83d\udce6 Toutes tailles et s\u00e9ries disponibles<\/p>\n<p class=\"highlight\">\u26a1 Produit souvent choisi pour pratique engag\u00e9e et progression en VTT<\/p>\n<\/div>\n<h1 class=\"heading-title-text\" data-titleproductread=\"\">VTT Semi-Rigide BH Ultimate RC 6.5 Shimano Deore XT 12V 29\u00a0\u00bb Bleu \/ Argent 2022.<\/h1>\n<p><a href=\"https:\/\/loisirelectronique.com\/nl\/boutique\/\">BH Ultimate RC 6.5 Shimano Deore XT 12V 29 Bleu \/ Argent 2022<\/a><\/p>\n<div class=\"col col-sm-12 col-md-12 col-lg-12\">\n<p>BH Ultimate RC 6.5 Shimano Deore XT 12V 29 est le v\u00e9lo id\u00e9al pour les cyclistes visant le cyclisme XC, ce v\u00e9lo agressif facilite les descentes techniques et transmet confiance et stabilit\u00e9 de conduite. Il pr\u00e9sente un design et des formes parfaitement identiques \u00e0 ceux du cadre Ultimate, avec un tube sup\u00e9rieur plus long, des haubans courts et un angle de chasse \u00e9lanc\u00e9. Il incorpore des fibres de carbone Toray T800 et T700 pour un \u00e9quilibre parfait entre rigidit\u00e9 et l\u00e9g\u00e8ret\u00e9.<\/p>\n<\/div>\n<p>&nbsp;<\/p>","protected":false},"featured_media":89,"comment_status":"open","ping_status":"closed","template":"","meta":[],"product_brand":[50],"product_cat":[44,46],"product_tag":[],"class_list":{"0":"post-87","1":"product","2":"type-product","3":"status-publish","4":"has-post-thumbnail","6":"product_brand-bmc","7":"product_cat-velos","8":"product_cat-vtt","10":"first","11":"instock","12":"sale","13":"taxable","14":"shipping-taxable","15":"purchasable","16":"product-type-simple"},"yoast_head":"<!-- This site is optimized with the Yoast SEO plugin v27.6 - https:\/\/yoast.com\/product\/yoast-seo-wordpress\/ -->\n<title>BH Ultimate RC 6.5 Shimano Deore XT 12V 29 Bleu \/ Argent 2022 - Loisir Electronique<\/title>\n<meta name=\"description\" content=\"D\u00e9couvrez le BH Ultimate RC 6.5 chez Loisir \u00c9lectronique. Cadre carbone monocoque, transmission Shimano XT 12V et roues 29&quot;. La machine de course ultime !\" \/>\n<meta name=\"robots\" content=\"index, follow, max-snippet:-1, max-image-preview:large, max-video-preview:-1\" \/>\n<link rel=\"canonical\" href=\"https:\/\/loisirelectronique.com\/nl\/product\/bh-ultimate-rc-6-5-shimano-xt\/\" \/>\n<meta property=\"og:locale\" content=\"nl_NL\" \/>\n<meta property=\"og:type\" content=\"article\" \/>\n<meta property=\"og:title\" content=\"BH Ultimate RC 6.5 Shimano Deore XT 12V 29 Bleu \/ Argent 2022 - Loisir Electronique\" \/>\n<meta property=\"og:description\" content=\"D\u00e9couvrez le BH Ultimate RC 6.5 chez Loisir \u00c9lectronique. Cadre carbone monocoque, transmission Shimano XT 12V et roues 29&quot;. La machine de course ultime !\" \/>\n<meta property=\"og:url\" content=\"https:\/\/loisirelectronique.com\/nl\/product\/bh-ultimate-rc-6-5-shimano-xt\/\" \/>\n<meta property=\"og:site_name\" content=\"Loisir Electronique\" \/>\n<meta property=\"article:modified_time\" content=\"2026-04-18T16:27:42+00:00\" \/>\n<meta property=\"og:image\" content=\"http:\/\/loisirelectronique.com\/wp-content\/uploads\/2026\/03\/achat-velo-electronique-VTT.jpg\" \/>\n\t<meta property=\"og:image:width\" content=\"2000\" \/>\n\t<meta property=\"og:image:height\" content=\"1359\" \/>\n\t<meta property=\"og:image:type\" content=\"image\/jpeg\" \/>\n<meta name=\"twitter:card\" content=\"summary_large_image\" \/>\n<meta name=\"twitter:label1\" content=\"Geschatte leestijd\" \/>\n\t<meta name=\"twitter:data1\" content=\"2 minuten\" \/>\n<script type=\"application\/ld+json\" class=\"yoast-schema-graph\">{\"@context\":\"https:\\\/\\\/schema.org\",\"@graph\":[{\"@type\":\"WebPage\",\"@id\":\"https:\\\/\\\/loisirelectronique.com\\\/produit\\\/bh-ultimate-rc-6-5-shimano-xt\\\/\",\"url\":\"https:\\\/\\\/loisirelectronique.com\\\/produit\\\/bh-ultimate-rc-6-5-shimano-xt\\\/\",\"name\":\"BH Ultimate RC 6.5 Shimano Deore XT 12V 29 Bleu \\\/ Argent 2022 - Loisir Electronique\",\"isPartOf\":{\"@id\":\"https:\\\/\\\/loisirelectronique.com\\\/#website\"},\"primaryImageOfPage\":{\"@id\":\"https:\\\/\\\/loisirelectronique.com\\\/produit\\\/bh-ultimate-rc-6-5-shimano-xt\\\/#primaryimage\"},\"image\":{\"@id\":\"https:\\\/\\\/loisirelectronique.com\\\/produit\\\/bh-ultimate-rc-6-5-shimano-xt\\\/#primaryimage\"},\"thumbnailUrl\":\"https:\\\/\\\/loisirelectronique.com\\\/wp-content\\\/uploads\\\/2026\\\/03\\\/achat-velo-electronique-VTT.jpg\",\"datePublished\":\"2026-03-25T22:31:51+00:00\",\"dateModified\":\"2026-04-18T16:27:42+00:00\",\"description\":\"D\u00e9couvrez le BH Ultimate RC 6.5 chez Loisir \u00c9lectronique. Cadre carbone monocoque, transmission Shimano XT 12V et roues 29\\\". La machine de course ultime !\",\"breadcrumb\":{\"@id\":\"https:\\\/\\\/loisirelectronique.com\\\/produit\\\/bh-ultimate-rc-6-5-shimano-xt\\\/#breadcrumb\"},\"inLanguage\":\"nl-NL\",\"potentialAction\":[{\"@type\":\"ReadAction\",\"target\":[\"https:\\\/\\\/loisirelectronique.com\\\/produit\\\/bh-ultimate-rc-6-5-shimano-xt\\\/\"]}]},{\"@type\":\"ImageObject\",\"inLanguage\":\"nl-NL\",\"@id\":\"https:\\\/\\\/loisirelectronique.com\\\/produit\\\/bh-ultimate-rc-6-5-shimano-xt\\\/#primaryimage\",\"url\":\"https:\\\/\\\/loisirelectronique.com\\\/wp-content\\\/uploads\\\/2026\\\/03\\\/achat-velo-electronique-VTT.jpg\",\"contentUrl\":\"https:\\\/\\\/loisirelectronique.com\\\/wp-content\\\/uploads\\\/2026\\\/03\\\/achat-velo-electronique-VTT.jpg\",\"width\":2000,\"height\":1359,\"caption\":\"V\u00e9lo \u00e9lectrique VTT id\u00e9al pour les aventures tout-terrain et les randonn\u00e9es\"},{\"@type\":\"BreadcrumbList\",\"@id\":\"https:\\\/\\\/loisirelectronique.com\\\/produit\\\/bh-ultimate-rc-6-5-shimano-xt\\\/#breadcrumb\",\"itemListElement\":[{\"@type\":\"ListItem\",\"position\":1,\"name\":\"Accueil\",\"item\":\"https:\\\/\\\/loisirelectronique.com\\\/\"},{\"@type\":\"ListItem\",\"position\":2,\"name\":\"Boutique\",\"item\":\"https:\\\/\\\/loisirelectronique.com\\\/velos-electriques-accessoires-trottinettes\\\/\"},{\"@type\":\"ListItem\",\"position\":3,\"name\":\"BH Ultimate RC 6.5 Shimano Deore XT 12V 29 Bleu \\\/ Argent 2022\"}]},{\"@type\":\"WebSite\",\"@id\":\"https:\\\/\\\/loisirelectronique.com\\\/#website\",\"url\":\"https:\\\/\\\/loisirelectronique.com\\\/\",\"name\":\"Loisir Electronique\",\"description\":\"Innovation, qualit\u00e9, performance\",\"publisher\":{\"@id\":\"https:\\\/\\\/loisirelectronique.com\\\/#organization\"},\"potentialAction\":[{\"@type\":\"SearchAction\",\"target\":{\"@type\":\"EntryPoint\",\"urlTemplate\":\"https:\\\/\\\/loisirelectronique.com\\\/?s={search_term_string}\"},\"query-input\":{\"@type\":\"PropertyValueSpecification\",\"valueRequired\":true,\"valueName\":\"search_term_string\"}}],\"inLanguage\":\"nl-NL\"},{\"@type\":\"Organization\",\"@id\":\"https:\\\/\\\/loisirelectronique.com\\\/#organization\",\"name\":\"Loisir Electronique\",\"url\":\"https:\\\/\\\/loisirelectronique.com\\\/\",\"logo\":{\"@type\":\"ImageObject\",\"inLanguage\":\"nl-NL\",\"@id\":\"https:\\\/\\\/loisirelectronique.com\\\/#\\\/schema\\\/logo\\\/image\\\/\",\"url\":\"http:\\\/\\\/loisirelectronique.com\\\/wp-content\\\/uploads\\\/2026\\\/03\\\/IMG-20260325-WA00112.jpg\",\"contentUrl\":\"http:\\\/\\\/loisirelectronique.com\\\/wp-content\\\/uploads\\\/2026\\\/03\\\/IMG-20260325-WA00112.jpg\",\"width\":418,\"height\":124,\"caption\":\"Loisir Electronique\"},\"image\":{\"@id\":\"https:\\\/\\\/loisirelectronique.com\\\/#\\\/schema\\\/logo\\\/image\\\/\"}}]}<\/script>\n<!-- \/ Yoast SEO plugin. -->","yoast_head_json":{"title":"BH Ultimate RC 6.5 Shimano Deore XT 12V 29 Bleu \/ Argent 2022 - Loisir Electronique","description":"D\u00e9couvrez le BH Ultimate RC 6.5 chez Loisir \u00c9lectronique. Cadre carbone monocoque, transmission Shimano XT 12V et roues 29\". La machine de course ultime !","robots":{"index":"index","follow":"follow","max-snippet":"max-snippet:-1","max-image-preview":"max-image-preview:large","max-video-preview":"max-video-preview:-1"},"canonical":"https:\/\/loisirelectronique.com\/nl\/product\/bh-ultimate-rc-6-5-shimano-xt\/","og_locale":"nl_NL","og_type":"article","og_title":"BH Ultimate RC 6.5 Shimano Deore XT 12V 29 Bleu \/ Argent 2022 - Loisir Electronique","og_description":"D\u00e9couvrez le BH Ultimate RC 6.5 chez Loisir \u00c9lectronique. Cadre carbone monocoque, transmission Shimano XT 12V et roues 29\". La machine de course ultime !","og_url":"https:\/\/loisirelectronique.com\/nl\/product\/bh-ultimate-rc-6-5-shimano-xt\/","og_site_name":"Loisir Electronique","article_modified_time":"2026-04-18T16:27:42+00:00","og_image":[{"width":2000,"height":1359,"url":"http:\/\/loisirelectronique.com\/wp-content\/uploads\/2026\/03\/achat-velo-electronique-VTT.jpg","type":"image\/jpeg"}],"twitter_card":"summary_large_image","twitter_misc":{"Geschatte leestijd":"2 minuten"},"schema":{"@context":"https:\/\/schema.org","@graph":[{"@type":"WebPage","@id":"https:\/\/loisirelectronique.com\/produit\/bh-ultimate-rc-6-5-shimano-xt\/","url":"https:\/\/loisirelectronique.com\/produit\/bh-ultimate-rc-6-5-shimano-xt\/","name":"BH Ultimate RC 6.5 Shimano Deore XT 12V 29 Bleu \/ Argent 2022 - Loisir Electronique","isPartOf":{"@id":"https:\/\/loisirelectronique.com\/#website"},"primaryImageOfPage":{"@id":"https:\/\/loisirelectronique.com\/produit\/bh-ultimate-rc-6-5-shimano-xt\/#primaryimage"},"image":{"@id":"https:\/\/loisirelectronique.com\/produit\/bh-ultimate-rc-6-5-shimano-xt\/#primaryimage"},"thumbnailUrl":"https:\/\/loisirelectronique.com\/wp-content\/uploads\/2026\/03\/achat-velo-electronique-VTT.jpg","datePublished":"2026-03-25T22:31:51+00:00","dateModified":"2026-04-18T16:27:42+00:00","description":"D\u00e9couvrez le BH Ultimate RC 6.5 chez Loisir \u00c9lectronique. Cadre carbone monocoque, transmission Shimano XT 12V et roues 29\". La machine de course ultime !","breadcrumb":{"@id":"https:\/\/loisirelectronique.com\/produit\/bh-ultimate-rc-6-5-shimano-xt\/#breadcrumb"},"inLanguage":"nl-NL","potentialAction":[{"@type":"ReadAction","target":["https:\/\/loisirelectronique.com\/produit\/bh-ultimate-rc-6-5-shimano-xt\/"]}]},{"@type":"ImageObject","inLanguage":"nl-NL","@id":"https:\/\/loisirelectronique.com\/produit\/bh-ultimate-rc-6-5-shimano-xt\/#primaryimage","url":"https:\/\/loisirelectronique.com\/wp-content\/uploads\/2026\/03\/achat-velo-electronique-VTT.jpg","contentUrl":"https:\/\/loisirelectronique.com\/wp-content\/uploads\/2026\/03\/achat-velo-electronique-VTT.jpg","width":2000,"height":1359,"caption":"V\u00e9lo \u00e9lectrique VTT id\u00e9al pour les aventures tout-terrain et les randonn\u00e9es"},{"@type":"BreadcrumbList","@id":"https:\/\/loisirelectronique.com\/produit\/bh-ultimate-rc-6-5-shimano-xt\/#breadcrumb","itemListElement":[{"@type":"ListItem","position":1,"name":"Accueil","item":"https:\/\/loisirelectronique.com\/"},{"@type":"ListItem","position":2,"name":"Boutique","item":"https:\/\/loisirelectronique.com\/velos-electriques-accessoires-trottinettes\/"},{"@type":"ListItem","position":3,"name":"BH Ultimate RC 6.5 Shimano Deore XT 12V 29 Bleu \/ Argent 2022"}]},{"@type":"WebSite","@id":"https:\/\/loisirelectronique.com\/#website","url":"https:\/\/loisirelectronique.com\/","name":"Loisir Electronique","description":"Innovation, qualit\u00e9, performance","publisher":{"@id":"https:\/\/loisirelectronique.com\/#organization"},"potentialAction":[{"@type":"SearchAction","target":{"@type":"EntryPoint","urlTemplate":"https:\/\/loisirelectronique.com\/?s={search_term_string}"},"query-input":{"@type":"PropertyValueSpecification","valueRequired":true,"valueName":"search_term_string"}}],"inLanguage":"nl-NL"},{"@type":"Organization","@id":"https:\/\/loisirelectronique.com\/#organization","name":"Loisir Electronique","url":"https:\/\/loisirelectronique.com\/","logo":{"@type":"ImageObject","inLanguage":"nl-NL","@id":"https:\/\/loisirelectronique.com\/#\/schema\/logo\/image\/","url":"http:\/\/loisirelectronique.com\/wp-content\/uploads\/2026\/03\/IMG-20260325-WA00112.jpg","contentUrl":"http:\/\/loisirelectronique.com\/wp-content\/uploads\/2026\/03\/IMG-20260325-WA00112.jpg","width":418,"height":124,"caption":"Loisir Electronique"},"image":{"@id":"https:\/\/loisirelectronique.com\/#\/schema\/logo\/image\/"}}]}},"jetpack_sharing_enabled":true,"_links":{"self":[{"href":"https:\/\/loisirelectronique.com\/nl\/wp-json\/wp\/v2\/product\/87","targetHints":{"allow":["GET"]}}],"collection":[{"href":"https:\/\/loisirelectronique.com\/nl\/wp-json\/wp\/v2\/product"}],"about":[{"href":"https:\/\/loisirelectronique.com\/nl\/wp-json\/wp\/v2\/types\/product"}],"replies":[{"embeddable":true,"href":"https:\/\/loisirelectronique.com\/nl\/wp-json\/wp\/v2\/comments?post=87"}],"version-history":[{"count":3,"href":"https:\/\/loisirelectronique.com\/nl\/wp-json\/wp\/v2\/product\/87\/revisions"}],"predecessor-version":[{"id":30730,"href":"https:\/\/loisirelectronique.com\/nl\/wp-json\/wp\/v2\/product\/87\/revisions\/30730"}],"wp:featuredmedia":[{"embeddable":true,"href":"https:\/\/loisirelectronique.com\/nl\/wp-json\/wp\/v2\/media\/89"}],"wp:attachment":[{"href":"https:\/\/loisirelectronique.com\/nl\/wp-json\/wp\/v2\/media?parent=87"}],"wp:term":[{"taxonomy":"product_brand","embeddable":true,"href":"https:\/\/loisirelectronique.com\/nl\/wp-json\/wp\/v2\/product_brand?post=87"},{"taxonomy":"product_cat","embeddable":true,"href":"https:\/\/loisirelectronique.com\/nl\/wp-json\/wp\/v2\/product_cat?post=87"},{"taxonomy":"product_tag","embeddable":true,"href":"https:\/\/loisirelectronique.com\/nl\/wp-json\/wp\/v2\/product_tag?post=87"}],"curies":[{"name":"wp","href":"https:\/\/api.w.org\/{rel}","templated":true}]}}