{"id":30565,"date":"2026-04-13T17:56:52","date_gmt":"2026-04-13T17:56:52","guid":{"rendered":"https:\/\/loisirelectronique.com\/?post_type=product&#038;p=30565"},"modified":"2026-04-13T20:25:56","modified_gmt":"2026-04-13T20:25:56","slug":"remorque-acier-noir-500-kg","status":"publish","type":"product","link":"https:\/\/loisirelectronique.com\/nl\/product\/remorque-acier-noir-500-kg\/","title":{"rendered":"Remorque Acier Noir 500 kg"},"content":{"rendered":"<h2 data-path-to-node=\"5,4,1,1,1\">Une capacit\u00e9 de charge sup\u00e9rieure de 500 kg<\/h2>\n<p data-path-to-node=\"5,4,1,1,2\">Cette <b data-path-to-node=\"5,4,1,1,2\" data-index-in-node=\"6\">Remorque acier galvanis\u00e9 500 kg<\/b> devient votre partenaire indispensable pour vos gros travaux. Sa structure robuste encaisse les chocs et les poids importants quotidiennement. En utilisant cette <b data-path-to-node=\"5,4,1,1,2\" data-index-in-node=\"200\">Remorque acier galvanis\u00e9 500 kg<\/b>, vous transportez du gravier, des mat\u00e9riaux ou des machines en toute s\u00e9curit\u00e9. Son ch\u00e2ssis soud\u00e9 garantit une stabilit\u00e9 parfaite m\u00eame \u00e0 pleine charge.<\/p>\n<h2 data-path-to-node=\"5,4,1,1,3\">Robustesse et finition haut de gamme<\/h2>\n<p data-path-to-node=\"5,4,1,1,4\">L&rsquo;acier s\u00e9lectionn\u00e9 pour ce mod\u00e8le assure une long\u00e9vit\u00e9 exceptionnelle. Chez <b data-path-to-node=\"5,4,1,1,4\" data-index-in-node=\"77\">Loisir \u00c9lectronique<\/b>, nous recommandons ce v\u00e9hicule pour sa fiabilit\u00e9 sous haute pression.<\/p>\n<h2 data-path-to-node=\"8,4,1,1,3\">Protection durable et style affirm\u00e9<\/h2>\n<p data-path-to-node=\"8,4,1,1,4\">L&rsquo;acier galvanis\u00e9 sous la peinture emp\u00eache toute formation de rouille interne. Chez <b data-path-to-node=\"8,4,1,1,4\" data-index-in-node=\"84\">Loisir \u00c9lectronique<\/b>, nous aimons ce mod\u00e8le pour son allure \u00ab\u00a0premium\u00a0\u00bb et sa r\u00e9sistance climatique.<\/p>\n<h2 data-path-to-node=\"14,4,1,1,3\">Fiabilit\u00e9 technique allemande<\/h2>\n<p data-path-to-node=\"14,4,1,1,4\">Chaque composant est test\u00e9 pour supporter la vitesse et les vibrations routi\u00e8res. Chez <b data-path-to-node=\"14,4,1,1,4\" data-index-in-node=\"87\">Loisir \u00c9lectronique<\/b>, nous validons ce choix pour sa conduite s\u00e9curisante et sa robustesse certifi\u00e9e.<\/p>\n<p data-path-to-node=\"14,4,1,1,5,0,0\">\u00a0<i data-path-to-node=\"14,4,1,1,5,0,0\" data-index-in-node=\"19\">Assurez votre s\u00e9curit\u00e9 avec nos <a class=\"ng-star-inserted\" href=\"https:\/\/loisirelectronique.com\/nl\/product-categorie\/accessoires\/\" target=\"_blank\" rel=\"noopener\" data-hveid=\"0\" data-ved=\"0CAAQ_4QMahgKEwiqwbrAkeuTAxUAAAAAHQAAAAAQ4QE\">\u00e9quipements certifi\u00e9s<\/a>.<\/i><\/p>\n<ul>\n<li data-section-id=\"2eoh20\" data-start=\"859\" data-end=\"890\">ype : Remorque utilitaire<\/li>\n<li data-section-id=\"1n11pdt\" data-start=\"891\" data-end=\"922\">Mat\u00e9riau : Acier galvanis\u00e9<\/li>\n<li data-section-id=\"1gejpzj\" data-start=\"923\" data-end=\"942\">Couleur : Noir<\/li>\n<li data-section-id=\"1w712mi\" data-start=\"943\" data-end=\"965\">Longueur : 194 cm<\/li>\n<li data-section-id=\"rxk344\" data-start=\"966\" data-end=\"987\">Largeur : 114 cm<\/li>\n<li data-section-id=\"14e6i4b\" data-start=\"988\" data-end=\"1021\">Hauteur des ridelles : 35 cm<\/li>\n<li data-section-id=\"33yf31\" data-start=\"1022\" data-end=\"1051\">Charge maximale : 500 kg<\/li>\n<li data-section-id=\"1r8obln\" data-start=\"1052\" data-end=\"1095\">Type de caisse : Plateau avec ridelles<\/li>\n<li data-section-id=\"1qke1c3\" data-start=\"1096\" data-end=\"1119\">Hayon : Rabattable<\/li>\n<li data-section-id=\"10a31rt\" data-start=\"1120\" data-end=\"1157\">R\u00e9sistance \u00e0 la corrosion : Oui<\/li>\n<li data-section-id=\"1i0q4f6\" data-start=\"1158\" data-end=\"1203\">Utilisation : Transport de marchandises<\/li>\n<li data-section-id=\"109ijuz\" data-start=\"1204\" data-end=\"1245\">Usage : Domestique et professionnel<\/li>\n<li data-section-id=\"1e5e9n6\" data-start=\"1246\" data-end=\"1284\">Structure : Robuste et renforc\u00e9e<\/li>\n<li data-section-id=\"1hhflxh\" data-start=\"1285\" data-end=\"1311\">Nombre d\u2019essieux : 1<\/li>\n<li data-section-id=\"1izru1r\" data-start=\"1312\" data-end=\"1346\">Type de roues : Pneumatiques<\/li>\n<li data-section-id=\"1vao63c\" data-start=\"1347\" data-end=\"1386\">Compatibilit\u00e9 : Attelage standard<\/li>\n<li data-section-id=\"s229yh\" data-start=\"1387\" data-end=\"1433\">S\u00e9curit\u00e9 : Bonne stabilit\u00e9 de chargement<\/li>\n<li data-section-id=\"mbuwrm\" data-start=\"1434\" data-end=\"1458\">Entretien : Facile<\/li>\n<li data-section-id=\"8r24qz\" data-start=\"1459\" data-end=\"1492\">Mobilit\u00e9 : Facile \u00e0 tracter<\/li>\n<li data-section-id=\"f58uw6\" data-start=\"1493\" data-end=\"1560\">Applications : Jardinage, chantier, d\u00e9m\u00e9nagement, agriculture<\/li>\n<\/ul>","protected":false},"excerpt":{"rendered":"<p data-start=\"1597\" data-end=\"1892\">D\u00e9couvrez cette <strong data-start=\"1613\" data-end=\"1678\">remorque en acier galvanis\u00e9 noire avec une capacit\u00e9 de 500 kg<\/strong>, con\u00e7ue pour offrir robustesse, praticit\u00e9 et durabilit\u00e9 dans tous vos travaux de transport. Avec sa <strong data-start=\"1779\" data-end=\"1810\">caisse de 194 x 114 x 35 cm<\/strong>, elle constitue un excellent compromis entre compacit\u00e9 et capacit\u00e9 de chargement.<\/p>\n<p data-start=\"1894\" data-end=\"2185\">Sa structure en <strong data-start=\"1910\" data-end=\"1929\">acier galvanis\u00e9<\/strong> assure une protection optimale contre la rouille et les intemp\u00e9ries, garantissant une utilisation prolong\u00e9e aussi bien en milieu urbain que rural. Sa finition noire apporte en plus une touche esth\u00e9tique moderne tout en renfor\u00e7ant sa r\u00e9sistance ext\u00e9rieure.<\/p>","protected":false},"featured_media":30569,"comment_status":"open","ping_status":"closed","template":"","meta":[],"product_brand":[],"product_cat":[42,331],"product_tag":[],"class_list":{"0":"post-30565","1":"product","2":"type-product","3":"status-publish","4":"has-post-thumbnail","6":"product_cat-accessoires","7":"product_cat-remorque-auto","9":"first","10":"instock","11":"sale","12":"taxable","13":"shipping-taxable","14":"purchasable","15":"product-type-simple"},"yoast_head":"<!-- This site is optimized with the Yoast SEO plugin v27.5 - https:\/\/yoast.com\/product\/yoast-seo-wordpress\/ -->\n<title>Remorque Acier Noir 500 kg - Loisir Electronique<\/title>\n<meta name=\"description\" content=\"Optez pour le style et la durabilit\u00e9 avec cette remorque noire. Acier galvanis\u00e9 de 194x114 cm r\u00e9sistant \u00e0 la rouille.Qualit\u00e9 Loisir \u00c9lectronique !\" \/>\n<meta name=\"robots\" content=\"index, follow, max-snippet:-1, max-image-preview:large, max-video-preview:-1\" \/>\n<link rel=\"canonical\" href=\"https:\/\/loisirelectronique.com\/nl\/product\/remorque-acier-noir-500-kg\/\" \/>\n<meta property=\"og:locale\" content=\"nl_NL\" \/>\n<meta property=\"og:type\" content=\"article\" \/>\n<meta property=\"og:title\" content=\"Remorque Acier Noir 500 kg - Loisir Electronique\" \/>\n<meta property=\"og:description\" content=\"Optez pour le style et la durabilit\u00e9 avec cette remorque noire. Acier galvanis\u00e9 de 194x114 cm r\u00e9sistant \u00e0 la rouille.Qualit\u00e9 Loisir \u00c9lectronique !\" \/>\n<meta property=\"og:url\" content=\"https:\/\/loisirelectronique.com\/nl\/product\/remorque-acier-noir-500-kg\/\" \/>\n<meta property=\"og:site_name\" content=\"Loisir Electronique\" \/>\n<meta property=\"article:modified_time\" content=\"2026-04-13T20:25:56+00:00\" \/>\n<meta name=\"twitter:card\" content=\"summary_large_image\" \/>\n<meta name=\"twitter:label1\" content=\"Geschatte leestijd\" \/>\n\t<meta name=\"twitter:data1\" content=\"2 minuten\" \/>\n<script type=\"application\/ld+json\" class=\"yoast-schema-graph\">{\"@context\":\"https:\\\/\\\/schema.org\",\"@graph\":[{\"@type\":\"WebPage\",\"@id\":\"https:\\\/\\\/loisirelectronique.com\\\/produit\\\/remorque-acier-noir-500-kg\\\/\",\"url\":\"https:\\\/\\\/loisirelectronique.com\\\/produit\\\/remorque-acier-noir-500-kg\\\/\",\"name\":\"Remorque Acier Noir 500 kg - Loisir Electronique\",\"isPartOf\":{\"@id\":\"https:\\\/\\\/loisirelectronique.com\\\/#website\"},\"primaryImageOfPage\":{\"@id\":\"https:\\\/\\\/loisirelectronique.com\\\/produit\\\/remorque-acier-noir-500-kg\\\/#primaryimage\"},\"image\":{\"@id\":\"https:\\\/\\\/loisirelectronique.com\\\/produit\\\/remorque-acier-noir-500-kg\\\/#primaryimage\"},\"thumbnailUrl\":\"https:\\\/\\\/loisirelectronique.com\\\/wp-content\\\/uploads\\\/2026\\\/04\\\/Remorque-utilitaire-500-kg-galvanisee-noire-\u2013-Caisse-194-x-114-cm.avif\",\"datePublished\":\"2026-04-13T17:56:52+00:00\",\"dateModified\":\"2026-04-13T20:25:56+00:00\",\"description\":\"Optez pour le style et la durabilit\u00e9 avec cette remorque noire. Acier galvanis\u00e9 de 194x114 cm r\u00e9sistant \u00e0 la rouille.Qualit\u00e9 Loisir \u00c9lectronique !\",\"breadcrumb\":{\"@id\":\"https:\\\/\\\/loisirelectronique.com\\\/produit\\\/remorque-acier-noir-500-kg\\\/#breadcrumb\"},\"inLanguage\":\"nl-NL\",\"potentialAction\":[{\"@type\":\"ReadAction\",\"target\":[\"https:\\\/\\\/loisirelectronique.com\\\/produit\\\/remorque-acier-noir-500-kg\\\/\"]}]},{\"@type\":\"ImageObject\",\"inLanguage\":\"nl-NL\",\"@id\":\"https:\\\/\\\/loisirelectronique.com\\\/produit\\\/remorque-acier-noir-500-kg\\\/#primaryimage\",\"url\":\"https:\\\/\\\/loisirelectronique.com\\\/wp-content\\\/uploads\\\/2026\\\/04\\\/Remorque-utilitaire-500-kg-galvanisee-noire-\u2013-Caisse-194-x-114-cm.avif\",\"contentUrl\":\"https:\\\/\\\/loisirelectronique.com\\\/wp-content\\\/uploads\\\/2026\\\/04\\\/Remorque-utilitaire-500-kg-galvanisee-noire-\u2013-Caisse-194-x-114-cm.avif\",\"width\":600,\"height\":466,\"caption\":\"Remorque acier noir 500 kg avec caisse de 194x114 cm.\"},{\"@type\":\"BreadcrumbList\",\"@id\":\"https:\\\/\\\/loisirelectronique.com\\\/produit\\\/remorque-acier-noir-500-kg\\\/#breadcrumb\",\"itemListElement\":[{\"@type\":\"ListItem\",\"position\":1,\"name\":\"Accueil\",\"item\":\"https:\\\/\\\/loisirelectronique.com\\\/\"},{\"@type\":\"ListItem\",\"position\":2,\"name\":\"Boutique\",\"item\":\"https:\\\/\\\/loisirelectronique.com\\\/velos-electriques-accessoires-trottinettes\\\/\"},{\"@type\":\"ListItem\",\"position\":3,\"name\":\"Remorque Acier Noir 500 kg\"}]},{\"@type\":\"WebSite\",\"@id\":\"https:\\\/\\\/loisirelectronique.com\\\/#website\",\"url\":\"https:\\\/\\\/loisirelectronique.com\\\/\",\"name\":\"Loisir Electronique\",\"description\":\"Innovation, qualit\u00e9, performance\",\"publisher\":{\"@id\":\"https:\\\/\\\/loisirelectronique.com\\\/#organization\"},\"potentialAction\":[{\"@type\":\"SearchAction\",\"target\":{\"@type\":\"EntryPoint\",\"urlTemplate\":\"https:\\\/\\\/loisirelectronique.com\\\/?s={search_term_string}\"},\"query-input\":{\"@type\":\"PropertyValueSpecification\",\"valueRequired\":true,\"valueName\":\"search_term_string\"}}],\"inLanguage\":\"nl-NL\"},{\"@type\":\"Organization\",\"@id\":\"https:\\\/\\\/loisirelectronique.com\\\/#organization\",\"name\":\"Loisir Electronique\",\"url\":\"https:\\\/\\\/loisirelectronique.com\\\/\",\"logo\":{\"@type\":\"ImageObject\",\"inLanguage\":\"nl-NL\",\"@id\":\"https:\\\/\\\/loisirelectronique.com\\\/#\\\/schema\\\/logo\\\/image\\\/\",\"url\":\"http:\\\/\\\/loisirelectronique.com\\\/wp-content\\\/uploads\\\/2026\\\/03\\\/IMG-20260325-WA00112.jpg\",\"contentUrl\":\"http:\\\/\\\/loisirelectronique.com\\\/wp-content\\\/uploads\\\/2026\\\/03\\\/IMG-20260325-WA00112.jpg\",\"width\":418,\"height\":124,\"caption\":\"Loisir Electronique\"},\"image\":{\"@id\":\"https:\\\/\\\/loisirelectronique.com\\\/#\\\/schema\\\/logo\\\/image\\\/\"}}]}<\/script>\n<!-- \/ Yoast SEO plugin. -->","yoast_head_json":{"title":"Remorque Acier Noir 500 kg - Loisir Electronique","description":"Optez pour le style et la durabilit\u00e9 avec cette remorque noire. Acier galvanis\u00e9 de 194x114 cm r\u00e9sistant \u00e0 la rouille.Qualit\u00e9 Loisir \u00c9lectronique !","robots":{"index":"index","follow":"follow","max-snippet":"max-snippet:-1","max-image-preview":"max-image-preview:large","max-video-preview":"max-video-preview:-1"},"canonical":"https:\/\/loisirelectronique.com\/nl\/product\/remorque-acier-noir-500-kg\/","og_locale":"nl_NL","og_type":"article","og_title":"Remorque Acier Noir 500 kg - Loisir Electronique","og_description":"Optez pour le style et la durabilit\u00e9 avec cette remorque noire. Acier galvanis\u00e9 de 194x114 cm r\u00e9sistant \u00e0 la rouille.Qualit\u00e9 Loisir \u00c9lectronique !","og_url":"https:\/\/loisirelectronique.com\/nl\/product\/remorque-acier-noir-500-kg\/","og_site_name":"Loisir Electronique","article_modified_time":"2026-04-13T20:25:56+00:00","twitter_card":"summary_large_image","twitter_misc":{"Geschatte leestijd":"2 minuten"},"schema":{"@context":"https:\/\/schema.org","@graph":[{"@type":"WebPage","@id":"https:\/\/loisirelectronique.com\/produit\/remorque-acier-noir-500-kg\/","url":"https:\/\/loisirelectronique.com\/produit\/remorque-acier-noir-500-kg\/","name":"Remorque Acier Noir 500 kg - Loisir Electronique","isPartOf":{"@id":"https:\/\/loisirelectronique.com\/#website"},"primaryImageOfPage":{"@id":"https:\/\/loisirelectronique.com\/produit\/remorque-acier-noir-500-kg\/#primaryimage"},"image":{"@id":"https:\/\/loisirelectronique.com\/produit\/remorque-acier-noir-500-kg\/#primaryimage"},"thumbnailUrl":"https:\/\/loisirelectronique.com\/wp-content\/uploads\/2026\/04\/Remorque-utilitaire-500-kg-galvanisee-noire-\u2013-Caisse-194-x-114-cm.avif","datePublished":"2026-04-13T17:56:52+00:00","dateModified":"2026-04-13T20:25:56+00:00","description":"Optez pour le style et la durabilit\u00e9 avec cette remorque noire. Acier galvanis\u00e9 de 194x114 cm r\u00e9sistant \u00e0 la rouille.Qualit\u00e9 Loisir \u00c9lectronique !","breadcrumb":{"@id":"https:\/\/loisirelectronique.com\/produit\/remorque-acier-noir-500-kg\/#breadcrumb"},"inLanguage":"nl-NL","potentialAction":[{"@type":"ReadAction","target":["https:\/\/loisirelectronique.com\/produit\/remorque-acier-noir-500-kg\/"]}]},{"@type":"ImageObject","inLanguage":"nl-NL","@id":"https:\/\/loisirelectronique.com\/produit\/remorque-acier-noir-500-kg\/#primaryimage","url":"https:\/\/loisirelectronique.com\/wp-content\/uploads\/2026\/04\/Remorque-utilitaire-500-kg-galvanisee-noire-\u2013-Caisse-194-x-114-cm.avif","contentUrl":"https:\/\/loisirelectronique.com\/wp-content\/uploads\/2026\/04\/Remorque-utilitaire-500-kg-galvanisee-noire-\u2013-Caisse-194-x-114-cm.avif","width":600,"height":466,"caption":"Remorque acier noir 500 kg avec caisse de 194x114 cm."},{"@type":"BreadcrumbList","@id":"https:\/\/loisirelectronique.com\/produit\/remorque-acier-noir-500-kg\/#breadcrumb","itemListElement":[{"@type":"ListItem","position":1,"name":"Accueil","item":"https:\/\/loisirelectronique.com\/"},{"@type":"ListItem","position":2,"name":"Boutique","item":"https:\/\/loisirelectronique.com\/velos-electriques-accessoires-trottinettes\/"},{"@type":"ListItem","position":3,"name":"Remorque Acier Noir 500 kg"}]},{"@type":"WebSite","@id":"https:\/\/loisirelectronique.com\/#website","url":"https:\/\/loisirelectronique.com\/","name":"Loisir Electronique","description":"Innovation, qualit\u00e9, performance","publisher":{"@id":"https:\/\/loisirelectronique.com\/#organization"},"potentialAction":[{"@type":"SearchAction","target":{"@type":"EntryPoint","urlTemplate":"https:\/\/loisirelectronique.com\/?s={search_term_string}"},"query-input":{"@type":"PropertyValueSpecification","valueRequired":true,"valueName":"search_term_string"}}],"inLanguage":"nl-NL"},{"@type":"Organization","@id":"https:\/\/loisirelectronique.com\/#organization","name":"Loisir Electronique","url":"https:\/\/loisirelectronique.com\/","logo":{"@type":"ImageObject","inLanguage":"nl-NL","@id":"https:\/\/loisirelectronique.com\/#\/schema\/logo\/image\/","url":"http:\/\/loisirelectronique.com\/wp-content\/uploads\/2026\/03\/IMG-20260325-WA00112.jpg","contentUrl":"http:\/\/loisirelectronique.com\/wp-content\/uploads\/2026\/03\/IMG-20260325-WA00112.jpg","width":418,"height":124,"caption":"Loisir Electronique"},"image":{"@id":"https:\/\/loisirelectronique.com\/#\/schema\/logo\/image\/"}}]}},"jetpack_sharing_enabled":true,"_links":{"self":[{"href":"https:\/\/loisirelectronique.com\/nl\/wp-json\/wp\/v2\/product\/30565","targetHints":{"allow":["GET"]}}],"collection":[{"href":"https:\/\/loisirelectronique.com\/nl\/wp-json\/wp\/v2\/product"}],"about":[{"href":"https:\/\/loisirelectronique.com\/nl\/wp-json\/wp\/v2\/types\/product"}],"replies":[{"embeddable":true,"href":"https:\/\/loisirelectronique.com\/nl\/wp-json\/wp\/v2\/comments?post=30565"}],"version-history":[{"count":1,"href":"https:\/\/loisirelectronique.com\/nl\/wp-json\/wp\/v2\/product\/30565\/revisions"}],"predecessor-version":[{"id":30570,"href":"https:\/\/loisirelectronique.com\/nl\/wp-json\/wp\/v2\/product\/30565\/revisions\/30570"}],"wp:featuredmedia":[{"embeddable":true,"href":"https:\/\/loisirelectronique.com\/nl\/wp-json\/wp\/v2\/media\/30569"}],"wp:attachment":[{"href":"https:\/\/loisirelectronique.com\/nl\/wp-json\/wp\/v2\/media?parent=30565"}],"wp:term":[{"taxonomy":"product_brand","embeddable":true,"href":"https:\/\/loisirelectronique.com\/nl\/wp-json\/wp\/v2\/product_brand?post=30565"},{"taxonomy":"product_cat","embeddable":true,"href":"https:\/\/loisirelectronique.com\/nl\/wp-json\/wp\/v2\/product_cat?post=30565"},{"taxonomy":"product_tag","embeddable":true,"href":"https:\/\/loisirelectronique.com\/nl\/wp-json\/wp\/v2\/product_tag?post=30565"}],"curies":[{"name":"wp","href":"https:\/\/api.w.org\/{rel}","templated":true}]}}