{"id":30507,"date":"2026-04-09T14:09:00","date_gmt":"2026-04-09T14:09:00","guid":{"rendered":"https:\/\/loisirelectronique.com\/?post_type=product&#038;p=30507"},"modified":"2026-04-09T14:09:00","modified_gmt":"2026-04-09T14:09:00","slug":"litelok-x1-antivol-u-resistant-a-la-meuleuse-dangle","status":"publish","type":"product","link":"https:\/\/loisirelectronique.com\/nl\/product\/litelok-x1-antivol-u-resistant-a-la-meuleuse-dangle\/","title":{"rendered":"Litelok X1 &#8211; Antivol U R\u00e9sistant \u00e0 la Meuleuse d&rsquo;Angle"},"content":{"rendered":"<h2 class=\"\" data-path-to-node=\"4,4,1,1,1\">Une technologie anti-effraction avec le Litelok X1<\/h2>\n<p data-path-to-node=\"4,4,1,1,2\"><span class=\"\">Le <\/span><b class=\"\" data-path-to-node=\"4,4,1,1,2\" data-index-in-node=\"3\">Litelok X1<\/b><span class=\"\"> utilise une couche de c\u00e9ramique brevet\u00e9e fusionn\u00e9e \u00e0 un c\u0153ur en acier haute r\u00e9sistance pour neutraliser les outils de coupe \u00e9lectriques.<\/span><span class=\"\"> En utilisant le <\/span><b class=\"\" data-path-to-node=\"4,4,1,1,2\" data-index-in-node=\"167\">Litelok X1<\/b><span class=\"\">,<\/span><span class=\"\"> vous b\u00e9n\u00e9ficiez d&rsquo;une protection qui dissipe l&rsquo;\u00e9nergie des disques de meuleuse,<\/span><span class=\"\"> les usant pr\u00e9matur\u00e9ment avant qu&rsquo;ils ne puissent entamer la structure principale.<\/span><span class=\"\"> C&rsquo;est l&rsquo;investissement le plus intelligent pour s\u00e9curiser un v\u00e9lo \u00e9lectrique ou un v\u00e9lo de route haut de gamme dans les environnements urbains \u00e0 haut risque.<\/span><\/p>\n<h2 class=\"\" data-path-to-node=\"4,4,1,1,3\">L\u00e9g\u00e8ret\u00e9 et robustesse au rendez-vous<\/h2>\n<p data-path-to-node=\"4,4,1,1,4\"><span class=\"\">Malgr\u00e9 son niveau de blindage,<\/span><span class=\"\"> il reste \u00e9tonnamment facile \u00e0 transporter gr\u00e2ce \u00e0 son poids optimis\u00e9 de 1,<\/span><span class=\"\">7 kg.<\/span><span class=\"\"> Chez <\/span><b class=\"\" data-path-to-node=\"4,4,1,1,4\" data-index-in-node=\"116\">Loisir \u00c9lectronique<\/b><span class=\"\">,<\/span><span class=\"\"> nous recommandons ce mod\u00e8le pour son brio technique qui offre une s\u00e9curit\u00e9 maximale sans sacrifier la mobilit\u00e9 du cycliste quotidien.<\/span><\/p>\n<h2 class=\"\" data-path-to-node=\"7,4,1,1,3\">Visibilit\u00e9 et s\u00e9curit\u00e9 nocturne<\/h2>\n<p data-path-to-node=\"7,4,1,1,4\"><span class=\"\">L&rsquo;int\u00e9gration de mat\u00e9riaux r\u00e9fl\u00e9chissants sur la structure de l&rsquo;antivol est un atout s\u00e9curit\u00e9 suppl\u00e9mentaire pour les d\u00e9placements nocturnes.<\/span><span class=\"\"> Chez <\/span><b class=\"\" data-path-to-node=\"7,4,1,1,4\" data-index-in-node=\"147\">Loisir \u00c9lectronique<\/b><span class=\"\">,<\/span><span class=\"\"> nous appr\u00e9cions ce souci du d\u00e9tail qui fait de ce produit un accessoire de transport complet et rassurant pour tous les cyclistes.<\/span><\/p>\n<p data-path-to-node=\"7,4,1,1,5,0,0\">\u00a0<i class=\"\" data-path-to-node=\"7,4,1,1,5,0,0\" data-index-in-node=\"19\">D\u00e9couvrez nos <a class=\"ng-star-inserted\" href=\"https:\/\/loisirelectronique.com\/nl\/product-categorie\/accessoires\/\" target=\"_blank\" rel=\"noopener\" data-hveid=\"0\" data-ved=\"0CAAQ_4QMahgKEwjR58W37uCTAxUAAAAAHQAAAAAQhAE\">solutions de transport s\u00e9curis\u00e9es<\/a>.<\/i><\/p>\n<ul>\n<li data-section-id=\"ubt7v0\" data-start=\"701\" data-end=\"721\">nom = Litelok X1<\/li>\n<li data-section-id=\"1tio8m\" data-start=\"722\" data-end=\"742\">marque = Litelok<\/li>\n<li data-section-id=\"ju28yw\" data-start=\"743\" data-end=\"771\">type = antivol v\u00e9lo en U<\/li>\n<li data-section-id=\"127vi12\" data-start=\"772\" data-end=\"801\">categorie = s\u00e9curit\u00e9 v\u00e9lo<\/li>\n<li data-section-id=\"7q8rxe\" data-start=\"802\" data-end=\"834\">niveau_securite = tr\u00e8s \u00e9lev\u00e9<\/li>\n<li data-section-id=\"rufvq8\" data-start=\"835\" data-end=\"884\">materiau = acier tremp\u00e9 et composite renforc\u00e9<\/li>\n<li data-section-id=\"1aht3ml\" data-start=\"885\" data-end=\"926\">technologie = Barronium anti-meuleuse<\/li>\n<li data-section-id=\"12bptqa\" data-start=\"927\" data-end=\"961\">resistance_coupe = tr\u00e8s \u00e9lev\u00e9e<\/li>\n<li data-section-id=\"1txz1as\" data-start=\"962\" data-end=\"993\">resistance_percage = \u00e9lev\u00e9e<\/li>\n<li data-section-id=\"n8mf6h\" data-start=\"994\" data-end=\"1031\">resistance_meuleuse = tr\u00e8s \u00e9lev\u00e9e<\/li>\n<li data-section-id=\"148cu9b\" data-start=\"1032\" data-end=\"1074\">usage = v\u00e9lo urbain et v\u00e9lo \u00e9lectrique<\/li>\n<li data-section-id=\"sc2xbm\" data-start=\"1075\" data-end=\"1093\">poids = 1,7 kg<\/li>\n<li data-section-id=\"1ou6yw1\" data-start=\"1094\" data-end=\"1123\">dimensions = 101 x 197 mm<\/li>\n<li data-section-id=\"1aaxz7z\" data-start=\"1124\" data-end=\"1150\">epaisseur_anse = 21 mm<\/li>\n<li data-section-id=\"1yphkjv\" data-start=\"1151\" data-end=\"1188\">systeme_fermeture = cl\u00e9 s\u00e9curis\u00e9e<\/li>\n<li data-section-id=\"15bggor\" data-start=\"1189\" data-end=\"1247\">type_serrure = cylindre haute s\u00e9curit\u00e9 anti-crochetage<\/li>\n<li data-section-id=\"1mc4k1l\" data-start=\"1248\" data-end=\"1267\">nombre_cles = 3<\/li>\n<li data-section-id=\"s2u750\" data-start=\"1268\" data-end=\"1315\">revetement = gaine protectrice anti-rayures<\/li>\n<li data-section-id=\"ogbxmz\" data-start=\"1316\" data-end=\"1342\">protection_cadre = oui<\/li>\n<li data-section-id=\"zw4scc\" data-start=\"1343\" data-end=\"1370\">couleur = noir et jaune<\/li>\n<li data-section-id=\"14mucf7\" data-start=\"1371\" data-end=\"1406\">finition = industrielle robuste<\/li>\n<li data-section-id=\"cuk1ey\" data-start=\"1407\" data-end=\"1446\">certification = Sold Secure Diamond<\/li>\n<li data-section-id=\"lb3fvn\" data-start=\"1447\" data-end=\"1496\">niveau_assurance = compatible assurances v\u00e9lo<\/li>\n<li data-section-id=\"1i6vzqt\" data-start=\"1497\" data-end=\"1539\">portabilite = transport sac ou support<\/li>\n<li data-section-id=\"4daz5w\" data-start=\"1540\" data-end=\"1564\">support_inclus = non<\/li>\n<li data-section-id=\"1avzhm7\" data-start=\"1565\" data-end=\"1614\">compatibilite = v\u00e9los, VTT, v\u00e9los \u00e9lectriques<\/li>\n<li data-section-id=\"1q3ordl\" data-start=\"1615\" data-end=\"1647\">resistance_intemperies = oui<\/li>\n<li data-section-id=\"76d2p7\" data-start=\"1648\" data-end=\"1681\">resistance_corrosion = \u00e9lev\u00e9e<\/li>\n<li data-section-id=\"1uer7nf\" data-start=\"1682\" data-end=\"1723\">durabilite = tr\u00e8s longue dur\u00e9e de vie<\/li>\n<li data-section-id=\"143m4d8\" data-start=\"1724\" data-end=\"1782\">utilisation = stationnement en zone \u00e0 tr\u00e8s haut risque<\/li>\n<li data-section-id=\"1pv18mh\" data-start=\"1783\" data-end=\"1829\">public_cible = cyclistes urbains exigeants<\/li>\n<\/ul>","protected":false},"excerpt":{"rendered":"<p>Antivol v\u00e9lo Litelok X1 con\u00e7u pour offrir une protection extr\u00eame contre le vol gr\u00e2ce \u00e0 sa technologie Barronium r\u00e9sistante aux meuleuses. Sa structure en acier tremp\u00e9 renforc\u00e9 garantit une excellente r\u00e9sistance aux tentatives de coupe et de per\u00e7age. Compact et robuste, il est id\u00e9al pour s\u00e9curiser les v\u00e9los urbains et \u00e9lectriques dans les zones \u00e0 fort risque. Son rev\u00eatement prot\u00e8ge le cadre contre les rayures tandis que son syst\u00e8me de verrouillage haute s\u00e9curit\u00e9 assure une protection fiable au quotidien.<\/p>","protected":false},"featured_media":30508,"comment_status":"closed","ping_status":"closed","template":"","meta":[],"product_brand":[],"product_cat":[42],"product_tag":[],"class_list":{"0":"post-30507","1":"product","2":"type-product","3":"status-publish","4":"has-post-thumbnail","6":"product_cat-accessoires","8":"first","9":"instock","10":"sale","11":"taxable","12":"shipping-taxable","13":"purchasable","14":"product-type-simple"},"yoast_head":"<!-- This site is optimized with the Yoast SEO plugin v27.5 - https:\/\/yoast.com\/product\/yoast-seo-wordpress\/ -->\n<title>Litelok X1 - Antivol U R\u00e9sistant \u00e0 la Meuleuse d&#039;Angle - Loisir Electronique<\/title>\n<meta name=\"description\" content=\"D\u00e9couvrez la puissance du Ferosafe avec le Hiplok D1000. Une innovation mondiale contre les vols destructeurs.Qualit\u00e9 Loisir \u00c9lectronique !\" \/>\n<meta name=\"robots\" content=\"index, follow, max-snippet:-1, max-image-preview:large, max-video-preview:-1\" \/>\n<link rel=\"canonical\" href=\"https:\/\/loisirelectronique.com\/nl\/product\/litelok-x1-antivol-u-resistant-a-la-meuleuse-dangle\/\" \/>\n<meta property=\"og:locale\" content=\"nl_NL\" \/>\n<meta property=\"og:type\" content=\"article\" \/>\n<meta property=\"og:title\" content=\"Litelok X1 - Antivol U R\u00e9sistant \u00e0 la Meuleuse d&#039;Angle - Loisir Electronique\" \/>\n<meta property=\"og:description\" content=\"D\u00e9couvrez la puissance du Ferosafe avec le Hiplok D1000. Une innovation mondiale contre les vols destructeurs.Qualit\u00e9 Loisir \u00c9lectronique !\" \/>\n<meta property=\"og:url\" content=\"https:\/\/loisirelectronique.com\/nl\/product\/litelok-x1-antivol-u-resistant-a-la-meuleuse-dangle\/\" \/>\n<meta property=\"og:site_name\" content=\"Loisir Electronique\" \/>\n<meta property=\"og:image\" content=\"http:\/\/loisirelectronique.com\/wp-content\/uploads\/2026\/04\/Antivol-velo-Litelok-X1-haute-securite-en-U.jpeg\" \/>\n\t<meta property=\"og:image:width\" content=\"1080\" \/>\n\t<meta property=\"og:image:height\" content=\"1040\" \/>\n\t<meta property=\"og:image:type\" content=\"image\/jpeg\" \/>\n<meta name=\"twitter:card\" content=\"summary_large_image\" \/>\n<meta name=\"twitter:label1\" content=\"Geschatte leestijd\" \/>\n\t<meta name=\"twitter:data1\" content=\"2 minuten\" \/>\n<script type=\"application\/ld+json\" class=\"yoast-schema-graph\">{\"@context\":\"https:\\\/\\\/schema.org\",\"@graph\":[{\"@type\":\"WebPage\",\"@id\":\"https:\\\/\\\/loisirelectronique.com\\\/produit\\\/litelok-x1-antivol-u-resistant-a-la-meuleuse-dangle\\\/\",\"url\":\"https:\\\/\\\/loisirelectronique.com\\\/produit\\\/litelok-x1-antivol-u-resistant-a-la-meuleuse-dangle\\\/\",\"name\":\"Litelok X1 - Antivol U R\u00e9sistant \u00e0 la Meuleuse d'Angle - Loisir Electronique\",\"isPartOf\":{\"@id\":\"https:\\\/\\\/loisirelectronique.com\\\/#website\"},\"primaryImageOfPage\":{\"@id\":\"https:\\\/\\\/loisirelectronique.com\\\/produit\\\/litelok-x1-antivol-u-resistant-a-la-meuleuse-dangle\\\/#primaryimage\"},\"image\":{\"@id\":\"https:\\\/\\\/loisirelectronique.com\\\/produit\\\/litelok-x1-antivol-u-resistant-a-la-meuleuse-dangle\\\/#primaryimage\"},\"thumbnailUrl\":\"https:\\\/\\\/loisirelectronique.com\\\/wp-content\\\/uploads\\\/2026\\\/04\\\/Antivol-velo-Litelok-X1-haute-securite-en-U.jpeg\",\"datePublished\":\"2026-04-09T14:09:00+00:00\",\"description\":\"D\u00e9couvrez la puissance du Ferosafe avec le Hiplok D1000. Une innovation mondiale contre les vols destructeurs.Qualit\u00e9 Loisir \u00c9lectronique !\",\"breadcrumb\":{\"@id\":\"https:\\\/\\\/loisirelectronique.com\\\/produit\\\/litelok-x1-antivol-u-resistant-a-la-meuleuse-dangle\\\/#breadcrumb\"},\"inLanguage\":\"nl-NL\",\"potentialAction\":[{\"@type\":\"ReadAction\",\"target\":[\"https:\\\/\\\/loisirelectronique.com\\\/produit\\\/litelok-x1-antivol-u-resistant-a-la-meuleuse-dangle\\\/\"]}]},{\"@type\":\"ImageObject\",\"inLanguage\":\"nl-NL\",\"@id\":\"https:\\\/\\\/loisirelectronique.com\\\/produit\\\/litelok-x1-antivol-u-resistant-a-la-meuleuse-dangle\\\/#primaryimage\",\"url\":\"https:\\\/\\\/loisirelectronique.com\\\/wp-content\\\/uploads\\\/2026\\\/04\\\/Antivol-velo-Litelok-X1-haute-securite-en-U.jpeg\",\"contentUrl\":\"https:\\\/\\\/loisirelectronique.com\\\/wp-content\\\/uploads\\\/2026\\\/04\\\/Antivol-velo-Litelok-X1-haute-securite-en-U.jpeg\",\"width\":1080,\"height\":1040,\"caption\":\"Antivol Litelok X1 de profil montrant son design \u00e9l\u00e9gant.\"},{\"@type\":\"BreadcrumbList\",\"@id\":\"https:\\\/\\\/loisirelectronique.com\\\/produit\\\/litelok-x1-antivol-u-resistant-a-la-meuleuse-dangle\\\/#breadcrumb\",\"itemListElement\":[{\"@type\":\"ListItem\",\"position\":1,\"name\":\"Accueil\",\"item\":\"https:\\\/\\\/loisirelectronique.com\\\/\"},{\"@type\":\"ListItem\",\"position\":2,\"name\":\"Boutique\",\"item\":\"https:\\\/\\\/loisirelectronique.com\\\/velos-electriques-accessoires-trottinettes\\\/\"},{\"@type\":\"ListItem\",\"position\":3,\"name\":\"Litelok X1 &#8211; Antivol U R\u00e9sistant \u00e0 la Meuleuse d&rsquo;Angle\"}]},{\"@type\":\"WebSite\",\"@id\":\"https:\\\/\\\/loisirelectronique.com\\\/#website\",\"url\":\"https:\\\/\\\/loisirelectronique.com\\\/\",\"name\":\"Loisir Electronique\",\"description\":\"Innovation, qualit\u00e9, performance\",\"publisher\":{\"@id\":\"https:\\\/\\\/loisirelectronique.com\\\/#organization\"},\"potentialAction\":[{\"@type\":\"SearchAction\",\"target\":{\"@type\":\"EntryPoint\",\"urlTemplate\":\"https:\\\/\\\/loisirelectronique.com\\\/?s={search_term_string}\"},\"query-input\":{\"@type\":\"PropertyValueSpecification\",\"valueRequired\":true,\"valueName\":\"search_term_string\"}}],\"inLanguage\":\"nl-NL\"},{\"@type\":\"Organization\",\"@id\":\"https:\\\/\\\/loisirelectronique.com\\\/#organization\",\"name\":\"Loisir Electronique\",\"url\":\"https:\\\/\\\/loisirelectronique.com\\\/\",\"logo\":{\"@type\":\"ImageObject\",\"inLanguage\":\"nl-NL\",\"@id\":\"https:\\\/\\\/loisirelectronique.com\\\/#\\\/schema\\\/logo\\\/image\\\/\",\"url\":\"http:\\\/\\\/loisirelectronique.com\\\/wp-content\\\/uploads\\\/2026\\\/03\\\/IMG-20260325-WA00112.jpg\",\"contentUrl\":\"http:\\\/\\\/loisirelectronique.com\\\/wp-content\\\/uploads\\\/2026\\\/03\\\/IMG-20260325-WA00112.jpg\",\"width\":418,\"height\":124,\"caption\":\"Loisir Electronique\"},\"image\":{\"@id\":\"https:\\\/\\\/loisirelectronique.com\\\/#\\\/schema\\\/logo\\\/image\\\/\"}}]}<\/script>\n<!-- \/ Yoast SEO plugin. -->","yoast_head_json":{"title":"Litelok X1 - Antivol U R\u00e9sistant \u00e0 la Meuleuse d'Angle - Loisir Electronique","description":"D\u00e9couvrez la puissance du Ferosafe avec le Hiplok D1000. Une innovation mondiale contre les vols destructeurs.Qualit\u00e9 Loisir \u00c9lectronique !","robots":{"index":"index","follow":"follow","max-snippet":"max-snippet:-1","max-image-preview":"max-image-preview:large","max-video-preview":"max-video-preview:-1"},"canonical":"https:\/\/loisirelectronique.com\/nl\/product\/litelok-x1-antivol-u-resistant-a-la-meuleuse-dangle\/","og_locale":"nl_NL","og_type":"article","og_title":"Litelok X1 - Antivol U R\u00e9sistant \u00e0 la Meuleuse d'Angle - Loisir Electronique","og_description":"D\u00e9couvrez la puissance du Ferosafe avec le Hiplok D1000. Une innovation mondiale contre les vols destructeurs.Qualit\u00e9 Loisir \u00c9lectronique !","og_url":"https:\/\/loisirelectronique.com\/nl\/product\/litelok-x1-antivol-u-resistant-a-la-meuleuse-dangle\/","og_site_name":"Loisir Electronique","og_image":[{"width":1080,"height":1040,"url":"http:\/\/loisirelectronique.com\/wp-content\/uploads\/2026\/04\/Antivol-velo-Litelok-X1-haute-securite-en-U.jpeg","type":"image\/jpeg"}],"twitter_card":"summary_large_image","twitter_misc":{"Geschatte leestijd":"2 minuten"},"schema":{"@context":"https:\/\/schema.org","@graph":[{"@type":"WebPage","@id":"https:\/\/loisirelectronique.com\/produit\/litelok-x1-antivol-u-resistant-a-la-meuleuse-dangle\/","url":"https:\/\/loisirelectronique.com\/produit\/litelok-x1-antivol-u-resistant-a-la-meuleuse-dangle\/","name":"Litelok X1 - Antivol U R\u00e9sistant \u00e0 la Meuleuse d'Angle - Loisir Electronique","isPartOf":{"@id":"https:\/\/loisirelectronique.com\/#website"},"primaryImageOfPage":{"@id":"https:\/\/loisirelectronique.com\/produit\/litelok-x1-antivol-u-resistant-a-la-meuleuse-dangle\/#primaryimage"},"image":{"@id":"https:\/\/loisirelectronique.com\/produit\/litelok-x1-antivol-u-resistant-a-la-meuleuse-dangle\/#primaryimage"},"thumbnailUrl":"https:\/\/loisirelectronique.com\/wp-content\/uploads\/2026\/04\/Antivol-velo-Litelok-X1-haute-securite-en-U.jpeg","datePublished":"2026-04-09T14:09:00+00:00","description":"D\u00e9couvrez la puissance du Ferosafe avec le Hiplok D1000. Une innovation mondiale contre les vols destructeurs.Qualit\u00e9 Loisir \u00c9lectronique !","breadcrumb":{"@id":"https:\/\/loisirelectronique.com\/produit\/litelok-x1-antivol-u-resistant-a-la-meuleuse-dangle\/#breadcrumb"},"inLanguage":"nl-NL","potentialAction":[{"@type":"ReadAction","target":["https:\/\/loisirelectronique.com\/produit\/litelok-x1-antivol-u-resistant-a-la-meuleuse-dangle\/"]}]},{"@type":"ImageObject","inLanguage":"nl-NL","@id":"https:\/\/loisirelectronique.com\/produit\/litelok-x1-antivol-u-resistant-a-la-meuleuse-dangle\/#primaryimage","url":"https:\/\/loisirelectronique.com\/wp-content\/uploads\/2026\/04\/Antivol-velo-Litelok-X1-haute-securite-en-U.jpeg","contentUrl":"https:\/\/loisirelectronique.com\/wp-content\/uploads\/2026\/04\/Antivol-velo-Litelok-X1-haute-securite-en-U.jpeg","width":1080,"height":1040,"caption":"Antivol Litelok X1 de profil montrant son design \u00e9l\u00e9gant."},{"@type":"BreadcrumbList","@id":"https:\/\/loisirelectronique.com\/produit\/litelok-x1-antivol-u-resistant-a-la-meuleuse-dangle\/#breadcrumb","itemListElement":[{"@type":"ListItem","position":1,"name":"Accueil","item":"https:\/\/loisirelectronique.com\/"},{"@type":"ListItem","position":2,"name":"Boutique","item":"https:\/\/loisirelectronique.com\/velos-electriques-accessoires-trottinettes\/"},{"@type":"ListItem","position":3,"name":"Litelok X1 &#8211; Antivol U R\u00e9sistant \u00e0 la Meuleuse d&rsquo;Angle"}]},{"@type":"WebSite","@id":"https:\/\/loisirelectronique.com\/#website","url":"https:\/\/loisirelectronique.com\/","name":"Loisir Electronique","description":"Innovation, qualit\u00e9, performance","publisher":{"@id":"https:\/\/loisirelectronique.com\/#organization"},"potentialAction":[{"@type":"SearchAction","target":{"@type":"EntryPoint","urlTemplate":"https:\/\/loisirelectronique.com\/?s={search_term_string}"},"query-input":{"@type":"PropertyValueSpecification","valueRequired":true,"valueName":"search_term_string"}}],"inLanguage":"nl-NL"},{"@type":"Organization","@id":"https:\/\/loisirelectronique.com\/#organization","name":"Loisir Electronique","url":"https:\/\/loisirelectronique.com\/","logo":{"@type":"ImageObject","inLanguage":"nl-NL","@id":"https:\/\/loisirelectronique.com\/#\/schema\/logo\/image\/","url":"http:\/\/loisirelectronique.com\/wp-content\/uploads\/2026\/03\/IMG-20260325-WA00112.jpg","contentUrl":"http:\/\/loisirelectronique.com\/wp-content\/uploads\/2026\/03\/IMG-20260325-WA00112.jpg","width":418,"height":124,"caption":"Loisir Electronique"},"image":{"@id":"https:\/\/loisirelectronique.com\/#\/schema\/logo\/image\/"}}]}},"jetpack_sharing_enabled":true,"_links":{"self":[{"href":"https:\/\/loisirelectronique.com\/nl\/wp-json\/wp\/v2\/product\/30507","targetHints":{"allow":["GET"]}}],"collection":[{"href":"https:\/\/loisirelectronique.com\/nl\/wp-json\/wp\/v2\/product"}],"about":[{"href":"https:\/\/loisirelectronique.com\/nl\/wp-json\/wp\/v2\/types\/product"}],"replies":[{"embeddable":true,"href":"https:\/\/loisirelectronique.com\/nl\/wp-json\/wp\/v2\/comments?post=30507"}],"version-history":[{"count":1,"href":"https:\/\/loisirelectronique.com\/nl\/wp-json\/wp\/v2\/product\/30507\/revisions"}],"predecessor-version":[{"id":30509,"href":"https:\/\/loisirelectronique.com\/nl\/wp-json\/wp\/v2\/product\/30507\/revisions\/30509"}],"wp:featuredmedia":[{"embeddable":true,"href":"https:\/\/loisirelectronique.com\/nl\/wp-json\/wp\/v2\/media\/30508"}],"wp:attachment":[{"href":"https:\/\/loisirelectronique.com\/nl\/wp-json\/wp\/v2\/media?parent=30507"}],"wp:term":[{"taxonomy":"product_brand","embeddable":true,"href":"https:\/\/loisirelectronique.com\/nl\/wp-json\/wp\/v2\/product_brand?post=30507"},{"taxonomy":"product_cat","embeddable":true,"href":"https:\/\/loisirelectronique.com\/nl\/wp-json\/wp\/v2\/product_cat?post=30507"},{"taxonomy":"product_tag","embeddable":true,"href":"https:\/\/loisirelectronique.com\/nl\/wp-json\/wp\/v2\/product_tag?post=30507"}],"curies":[{"name":"wp","href":"https:\/\/api.w.org\/{rel}","templated":true}]}}