{"id":30405,"date":"2026-04-07T22:27:33","date_gmt":"2026-04-07T22:27:33","guid":{"rendered":"https:\/\/loisirelectronique.com\/?post_type=product&#038;p=30405"},"modified":"2026-05-09T13:50:22","modified_gmt":"2026-05-09T13:50:22","slug":"lapierre-crosshill-cf-7-0-di2-gravel-carbone-electronique","status":"publish","type":"product","link":"https:\/\/loisirelectronique.com\/nl\/product\/lapierre-crosshill-cf-7-0-di2-gravel-carbone-electronique\/","title":{"rendered":"Lapierre Crosshill CF 7.0 Di2 &#8211; Gravel Carbone \u00c9lectronique"},"content":{"rendered":"<h2 data-path-to-node=\"5,4,1,1,1\">GRX Di2 12V : La pr\u00e9cision absolue en tout-terrain<\/h2>\n<p data-path-to-node=\"5,4,1,1,2\">Le <b data-path-to-node=\"5,4,1,1,2\" data-index-in-node=\"3\">Lapierre Crosshill CF 7.0 Di2<\/b> b\u00e9n\u00e9ficie de la meilleure transmission Gravel au monde. D&rsquo;une simple pression du doigt, changez de rapport avec une fluidit\u00e9 totale, m\u00eame sous la boue ou en plein effort technique. En utilisant le <b data-path-to-node=\"5,4,1,1,2\" data-index-in-node=\"230\">Lapierre Crosshill CF 7.0 Di2<\/b>, vous profitez d&rsquo;une indexation parfaite qui ne se d\u00e9r\u00e8gle jamais. C&rsquo;est l&rsquo;outil id\u00e9al pour les courses de Gravel marathon o\u00f9 la moindre seconde et le moindre gramme \u00e9conomis\u00e9 comptent pour la victoire.<\/p>\n<h2 data-path-to-node=\"5,4,1,1,3\">Roues Carbone : Dynamisme et nervosit\u00e9<\/h2>\n<p data-path-to-node=\"5,4,1,1,4\">L&rsquo;apport de roues carbone sp\u00e9cifiquement d\u00e9velopp\u00e9es pour le Gravel transforme le comportement du v\u00e9lo, offrant une rigidit\u00e9 lat\u00e9rale sup\u00e9rieure pour des relances d\u00e9vastatrices. Chez <b data-path-to-node=\"5,4,1,1,4\" data-index-in-node=\"183\">Loisir \u00c9lectronique<\/b>, nous recommandons ce mod\u00e8le pour son brio technique et son aura de machine de championnat.<\/p>\n<h2 data-path-to-node=\"8,4,1,1,3\">Fizik et Continental : L&rsquo;alliance du grip et du confort<\/h2>\n<p data-path-to-node=\"8,4,1,1,4\">La selle courte Fizik Terra Argo et les pneus larges assurent une assise et une traction parfaites. Chez <b data-path-to-node=\"8,4,1,1,4\" data-index-in-node=\"105\">Loisir \u00c9lectronique<\/b>, nous aimons ce mod\u00e8le pour sa capacit\u00e9 \u00e0 rendre les parcours les plus rudes extr\u00eamement fluides.<\/p>\n<p data-path-to-node=\"8,4,1,1,5,0,0\"><i data-path-to-node=\"8,4,1,1,5,0,0\" data-index-in-node=\"19\">D\u00e9couvrez le confort haut de gamme avec nos <a class=\"ng-star-inserted\" href=\"https:\/\/www.google.com\/search?q=https:\/\/loisirelectronique.com\/categorie-produit\/velos\/velo-gravel\/\" target=\"_blank\" rel=\"noopener\" data-hveid=\"0\" data-ved=\"0CAAQ_4QMahgKEwivtbH5y9uTAxUAAAAAHQAAAAAQ8wY\">V\u00e9los Gravel<\/a>.<\/i><\/p>\n<ul>\n<li data-start=\"910\" data-end=\"931\">\n<p data-start=\"912\" data-end=\"931\">Marque : Lapierre<\/p>\n<\/li>\n<li data-start=\"932\" data-end=\"965\">\n<p data-start=\"934\" data-end=\"965\">Mod\u00e8le : Crosshill CF 7.0 Di2<\/p>\n<\/li>\n<li data-start=\"966\" data-end=\"988\">\n<p data-start=\"968\" data-end=\"988\">Type : V\u00e9lo gravel<\/p>\n<\/li>\n<li data-start=\"989\" data-end=\"1037\">\n<p data-start=\"991\" data-end=\"1037\">Discipline : Gravel \/ aventure \/ bikepacking<\/p>\n<\/li>\n<li data-start=\"1038\" data-end=\"1057\">\n<p data-start=\"1040\" data-end=\"1057\">Cadre : Carbone<\/p>\n<\/li>\n<li data-start=\"1058\" data-end=\"1079\">\n<p data-start=\"1060\" data-end=\"1079\">Fourche : Carbone<\/p>\n<\/li>\n<li data-start=\"1080\" data-end=\"1114\">\n<p data-start=\"1082\" data-end=\"1114\">Transmission : Shimano GRX Di2<\/p>\n<\/li>\n<li data-start=\"1115\" data-end=\"1158\">\n<p data-start=\"1117\" data-end=\"1158\">Nombre de vitesses : 24 vitesses (2&#215;12)<\/p>\n<\/li>\n<li data-start=\"1159\" data-end=\"1199\">\n<p data-start=\"1161\" data-end=\"1199\">D\u00e9railleur arri\u00e8re : Shimano GRX Di2<\/p>\n<\/li>\n<li data-start=\"1200\" data-end=\"1238\">\n<p data-start=\"1202\" data-end=\"1238\">D\u00e9railleur avant : Shimano GRX Di2<\/p>\n<\/li>\n<li data-start=\"1239\" data-end=\"1265\">\n<p data-start=\"1241\" data-end=\"1265\">Cassette : 11-34 dents<\/p>\n<\/li>\n<li data-start=\"1266\" data-end=\"1319\">\n<p data-start=\"1268\" data-end=\"1319\">Freins : Freins \u00e0 disque hydrauliques Shimano GRX<\/p>\n<\/li>\n<li data-start=\"1320\" data-end=\"1361\">\n<p data-start=\"1322\" data-end=\"1361\">Type de freinage : Disque hydraulique<\/p>\n<\/li>\n<li data-start=\"1362\" data-end=\"1395\">\n<p data-start=\"1364\" data-end=\"1395\">Roues : DT Swiss G1800 Spline<\/p>\n<\/li>\n<li data-start=\"1396\" data-end=\"1422\">\n<p data-start=\"1398\" data-end=\"1422\">Pneus : Gravel 700x40c<\/p>\n<\/li>\n<li data-start=\"1423\" data-end=\"1459\">\n<p data-start=\"1425\" data-end=\"1459\">D\u00e9gagement pneus : Jusqu\u2019\u00e0 45 mm<\/p>\n<\/li>\n<li data-start=\"1460\" data-end=\"1511\">\n<p data-start=\"1462\" data-end=\"1511\">Fixations : Porte-bagages, garde-boue, sacoches<\/p>\n<\/li>\n<li data-start=\"1512\" data-end=\"1537\">\n<p data-start=\"1514\" data-end=\"1537\">Cintre : \u00c9vas\u00e9 gravel<\/p>\n<\/li>\n<li data-start=\"1538\" data-end=\"1569\">\n<p data-start=\"1540\" data-end=\"1569\">Genre : Mixte (homme\/femme)<\/p>\n<\/li>\n<li data-start=\"1570\" data-end=\"1598\">\n<p data-start=\"1572\" data-end=\"1598\">Niveau : Avanc\u00e9 \u00e0 expert<\/p>\n<\/li>\n<li data-start=\"1599\" data-end=\"1655\">\n<p data-start=\"1601\" data-end=\"1655\">Utilisation : Route, pistes, voyage, longue distance<\/p>\n<\/li>\n<li data-start=\"1656\" data-end=\"1674\">\n<p data-start=\"1658\" data-end=\"1674\">Poids : 9.8 kg<\/p>\n<\/li>\n<\/ul>","protected":false},"excerpt":{"rendered":"<p data-start=\"1735\" data-end=\"2033\">Le Lapierre Crosshill CF 7.0 Di2 est un v\u00e9lo gravel carbone haut de gamme con\u00e7u pour les cyclistes \u00e0 la recherche de performance, de pr\u00e9cision et de polyvalence. Parfait pour les longues aventures, les sorties sportives et le bikepacking, il offre un excellent \u00e9quilibre entre confort et rendement.<\/p>\n<p data-start=\"2035\" data-end=\"2310\">Son cadre carbone l\u00e9ger assure une excellente r\u00e9activit\u00e9 tout en absorbant efficacement les vibrations, garantissant un confort optimal sur les longues distances. Sa g\u00e9om\u00e9trie stable et son cintre \u00e9vas\u00e9 permettent un contr\u00f4le pr\u00e9cis, m\u00eame sur les terrains les plus exigeants.<\/p>","protected":false},"featured_media":30407,"comment_status":"closed","ping_status":"closed","template":"","meta":[],"product_brand":[325],"product_cat":[44,46],"product_tag":[],"class_list":{"0":"post-30405","1":"product","2":"type-product","3":"status-publish","4":"has-post-thumbnail","6":"product_brand-lapierre","7":"product_cat-velos","8":"product_cat-vtt","10":"first","11":"instock","12":"featured","13":"taxable","14":"shipping-taxable","15":"purchasable","16":"product-type-variable"},"yoast_head":"<!-- This site is optimized with the Yoast SEO plugin v27.5 - https:\/\/yoast.com\/product\/yoast-seo-wordpress\/ -->\n<title>Lapierre Crosshill CF 7.0 Di2 - Gravel Carbone \u00c9lectronique - Loisir Electronique<\/title>\n<meta name=\"description\" content=\"Dominez chaque sentier avec le Lapierre Crosshill CF 7.0 Di2. Cadre carbone UD SL, transmission Shimano GRX Di2 12V et roues carbone.\" \/>\n<meta name=\"robots\" content=\"index, follow, max-snippet:-1, max-image-preview:large, max-video-preview:-1\" \/>\n<link rel=\"canonical\" href=\"https:\/\/loisirelectronique.com\/nl\/product\/lapierre-crosshill-cf-7-0-di2-gravel-carbone-electronique\/\" \/>\n<meta property=\"og:locale\" content=\"nl_NL\" \/>\n<meta property=\"og:type\" content=\"article\" \/>\n<meta property=\"og:title\" content=\"Lapierre Crosshill CF 7.0 Di2 - Gravel Carbone \u00c9lectronique - Loisir Electronique\" \/>\n<meta property=\"og:description\" content=\"Dominez chaque sentier avec le Lapierre Crosshill CF 7.0 Di2. Cadre carbone UD SL, transmission Shimano GRX Di2 12V et roues carbone.\" \/>\n<meta property=\"og:url\" content=\"https:\/\/loisirelectronique.com\/nl\/product\/lapierre-crosshill-cf-7-0-di2-gravel-carbone-electronique\/\" \/>\n<meta property=\"og:site_name\" content=\"Loisir Electronique\" \/>\n<meta property=\"article:modified_time\" content=\"2026-05-09T13:50:22+00:00\" \/>\n<meta property=\"og:image\" content=\"http:\/\/loisirelectronique.com\/wp-content\/uploads\/2026\/04\/Lapierre-Crosshill-CF-7.0-Di2-velo-gravel-electronique-haut-de-gamme.jpeg\" \/>\n\t<meta property=\"og:image:width\" content=\"1080\" \/>\n\t<meta property=\"og:image:height\" content=\"663\" \/>\n\t<meta property=\"og:image:type\" content=\"image\/jpeg\" \/>\n<meta name=\"twitter:card\" content=\"summary_large_image\" \/>\n<meta name=\"twitter:label1\" content=\"Geschatte leestijd\" \/>\n\t<meta name=\"twitter:data1\" content=\"2 minuten\" \/>\n<script type=\"application\/ld+json\" class=\"yoast-schema-graph\">{\"@context\":\"https:\\\/\\\/schema.org\",\"@graph\":[{\"@type\":\"WebPage\",\"@id\":\"https:\\\/\\\/loisirelectronique.com\\\/produit\\\/lapierre-crosshill-cf-7-0-di2-gravel-carbone-electronique\\\/\",\"url\":\"https:\\\/\\\/loisirelectronique.com\\\/produit\\\/lapierre-crosshill-cf-7-0-di2-gravel-carbone-electronique\\\/\",\"name\":\"Lapierre Crosshill CF 7.0 Di2 - Gravel Carbone \u00c9lectronique - Loisir Electronique\",\"isPartOf\":{\"@id\":\"https:\\\/\\\/loisirelectronique.com\\\/#website\"},\"primaryImageOfPage\":{\"@id\":\"https:\\\/\\\/loisirelectronique.com\\\/produit\\\/lapierre-crosshill-cf-7-0-di2-gravel-carbone-electronique\\\/#primaryimage\"},\"image\":{\"@id\":\"https:\\\/\\\/loisirelectronique.com\\\/produit\\\/lapierre-crosshill-cf-7-0-di2-gravel-carbone-electronique\\\/#primaryimage\"},\"thumbnailUrl\":\"https:\\\/\\\/loisirelectronique.com\\\/wp-content\\\/uploads\\\/2026\\\/04\\\/Lapierre-Crosshill-CF-7.0-Di2-velo-gravel-electronique-haut-de-gamme.jpeg\",\"datePublished\":\"2026-04-07T22:27:33+00:00\",\"dateModified\":\"2026-05-09T13:50:22+00:00\",\"description\":\"Dominez chaque sentier avec le Lapierre Crosshill CF 7.0 Di2. Cadre carbone UD SL, transmission Shimano GRX Di2 12V et roues carbone.\",\"breadcrumb\":{\"@id\":\"https:\\\/\\\/loisirelectronique.com\\\/produit\\\/lapierre-crosshill-cf-7-0-di2-gravel-carbone-electronique\\\/#breadcrumb\"},\"inLanguage\":\"nl-NL\",\"potentialAction\":[{\"@type\":\"ReadAction\",\"target\":[\"https:\\\/\\\/loisirelectronique.com\\\/produit\\\/lapierre-crosshill-cf-7-0-di2-gravel-carbone-electronique\\\/\"]}]},{\"@type\":\"ImageObject\",\"inLanguage\":\"nl-NL\",\"@id\":\"https:\\\/\\\/loisirelectronique.com\\\/produit\\\/lapierre-crosshill-cf-7-0-di2-gravel-carbone-electronique\\\/#primaryimage\",\"url\":\"https:\\\/\\\/loisirelectronique.com\\\/wp-content\\\/uploads\\\/2026\\\/04\\\/Lapierre-Crosshill-CF-7.0-Di2-velo-gravel-electronique-haut-de-gamme.jpeg\",\"contentUrl\":\"https:\\\/\\\/loisirelectronique.com\\\/wp-content\\\/uploads\\\/2026\\\/04\\\/Lapierre-Crosshill-CF-7.0-Di2-velo-gravel-electronique-haut-de-gamme.jpeg\",\"width\":1080,\"height\":663,\"caption\":\"V\u00e9lo Gravel haut de gamme Lapierre Crosshill CF 7.0 Di2 coloris carbone et bronze.\"},{\"@type\":\"BreadcrumbList\",\"@id\":\"https:\\\/\\\/loisirelectronique.com\\\/produit\\\/lapierre-crosshill-cf-7-0-di2-gravel-carbone-electronique\\\/#breadcrumb\",\"itemListElement\":[{\"@type\":\"ListItem\",\"position\":1,\"name\":\"Accueil\",\"item\":\"https:\\\/\\\/loisirelectronique.com\\\/\"},{\"@type\":\"ListItem\",\"position\":2,\"name\":\"Boutique\",\"item\":\"https:\\\/\\\/loisirelectronique.com\\\/velos-electriques-accessoires-trottinettes\\\/\"},{\"@type\":\"ListItem\",\"position\":3,\"name\":\"Lapierre Crosshill CF 7.0 Di2 &#8211; Gravel Carbone \u00c9lectronique\"}]},{\"@type\":\"WebSite\",\"@id\":\"https:\\\/\\\/loisirelectronique.com\\\/#website\",\"url\":\"https:\\\/\\\/loisirelectronique.com\\\/\",\"name\":\"Loisir Electronique\",\"description\":\"Innovation, qualit\u00e9, performance\",\"publisher\":{\"@id\":\"https:\\\/\\\/loisirelectronique.com\\\/#organization\"},\"potentialAction\":[{\"@type\":\"SearchAction\",\"target\":{\"@type\":\"EntryPoint\",\"urlTemplate\":\"https:\\\/\\\/loisirelectronique.com\\\/?s={search_term_string}\"},\"query-input\":{\"@type\":\"PropertyValueSpecification\",\"valueRequired\":true,\"valueName\":\"search_term_string\"}}],\"inLanguage\":\"nl-NL\"},{\"@type\":\"Organization\",\"@id\":\"https:\\\/\\\/loisirelectronique.com\\\/#organization\",\"name\":\"Loisir Electronique\",\"url\":\"https:\\\/\\\/loisirelectronique.com\\\/\",\"logo\":{\"@type\":\"ImageObject\",\"inLanguage\":\"nl-NL\",\"@id\":\"https:\\\/\\\/loisirelectronique.com\\\/#\\\/schema\\\/logo\\\/image\\\/\",\"url\":\"http:\\\/\\\/loisirelectronique.com\\\/wp-content\\\/uploads\\\/2026\\\/03\\\/IMG-20260325-WA00112.jpg\",\"contentUrl\":\"http:\\\/\\\/loisirelectronique.com\\\/wp-content\\\/uploads\\\/2026\\\/03\\\/IMG-20260325-WA00112.jpg\",\"width\":418,\"height\":124,\"caption\":\"Loisir Electronique\"},\"image\":{\"@id\":\"https:\\\/\\\/loisirelectronique.com\\\/#\\\/schema\\\/logo\\\/image\\\/\"}}]}<\/script>\n<!-- \/ Yoast SEO plugin. -->","yoast_head_json":{"title":"Lapierre Crosshill CF 7.0 Di2 - Gravel Carbone \u00c9lectronique - Loisir Electronique","description":"Dominez chaque sentier avec le Lapierre Crosshill CF 7.0 Di2. Cadre carbone UD SL, transmission Shimano GRX Di2 12V et roues carbone.","robots":{"index":"index","follow":"follow","max-snippet":"max-snippet:-1","max-image-preview":"max-image-preview:large","max-video-preview":"max-video-preview:-1"},"canonical":"https:\/\/loisirelectronique.com\/nl\/product\/lapierre-crosshill-cf-7-0-di2-gravel-carbone-electronique\/","og_locale":"nl_NL","og_type":"article","og_title":"Lapierre Crosshill CF 7.0 Di2 - Gravel Carbone \u00c9lectronique - Loisir Electronique","og_description":"Dominez chaque sentier avec le Lapierre Crosshill CF 7.0 Di2. Cadre carbone UD SL, transmission Shimano GRX Di2 12V et roues carbone.","og_url":"https:\/\/loisirelectronique.com\/nl\/product\/lapierre-crosshill-cf-7-0-di2-gravel-carbone-electronique\/","og_site_name":"Loisir Electronique","article_modified_time":"2026-05-09T13:50:22+00:00","og_image":[{"width":1080,"height":663,"url":"http:\/\/loisirelectronique.com\/wp-content\/uploads\/2026\/04\/Lapierre-Crosshill-CF-7.0-Di2-velo-gravel-electronique-haut-de-gamme.jpeg","type":"image\/jpeg"}],"twitter_card":"summary_large_image","twitter_misc":{"Geschatte leestijd":"2 minuten"},"schema":{"@context":"https:\/\/schema.org","@graph":[{"@type":"WebPage","@id":"https:\/\/loisirelectronique.com\/produit\/lapierre-crosshill-cf-7-0-di2-gravel-carbone-electronique\/","url":"https:\/\/loisirelectronique.com\/produit\/lapierre-crosshill-cf-7-0-di2-gravel-carbone-electronique\/","name":"Lapierre Crosshill CF 7.0 Di2 - Gravel Carbone \u00c9lectronique - Loisir Electronique","isPartOf":{"@id":"https:\/\/loisirelectronique.com\/#website"},"primaryImageOfPage":{"@id":"https:\/\/loisirelectronique.com\/produit\/lapierre-crosshill-cf-7-0-di2-gravel-carbone-electronique\/#primaryimage"},"image":{"@id":"https:\/\/loisirelectronique.com\/produit\/lapierre-crosshill-cf-7-0-di2-gravel-carbone-electronique\/#primaryimage"},"thumbnailUrl":"https:\/\/loisirelectronique.com\/wp-content\/uploads\/2026\/04\/Lapierre-Crosshill-CF-7.0-Di2-velo-gravel-electronique-haut-de-gamme.jpeg","datePublished":"2026-04-07T22:27:33+00:00","dateModified":"2026-05-09T13:50:22+00:00","description":"Dominez chaque sentier avec le Lapierre Crosshill CF 7.0 Di2. Cadre carbone UD SL, transmission Shimano GRX Di2 12V et roues carbone.","breadcrumb":{"@id":"https:\/\/loisirelectronique.com\/produit\/lapierre-crosshill-cf-7-0-di2-gravel-carbone-electronique\/#breadcrumb"},"inLanguage":"nl-NL","potentialAction":[{"@type":"ReadAction","target":["https:\/\/loisirelectronique.com\/produit\/lapierre-crosshill-cf-7-0-di2-gravel-carbone-electronique\/"]}]},{"@type":"ImageObject","inLanguage":"nl-NL","@id":"https:\/\/loisirelectronique.com\/produit\/lapierre-crosshill-cf-7-0-di2-gravel-carbone-electronique\/#primaryimage","url":"https:\/\/loisirelectronique.com\/wp-content\/uploads\/2026\/04\/Lapierre-Crosshill-CF-7.0-Di2-velo-gravel-electronique-haut-de-gamme.jpeg","contentUrl":"https:\/\/loisirelectronique.com\/wp-content\/uploads\/2026\/04\/Lapierre-Crosshill-CF-7.0-Di2-velo-gravel-electronique-haut-de-gamme.jpeg","width":1080,"height":663,"caption":"V\u00e9lo Gravel haut de gamme Lapierre Crosshill CF 7.0 Di2 coloris carbone et bronze."},{"@type":"BreadcrumbList","@id":"https:\/\/loisirelectronique.com\/produit\/lapierre-crosshill-cf-7-0-di2-gravel-carbone-electronique\/#breadcrumb","itemListElement":[{"@type":"ListItem","position":1,"name":"Accueil","item":"https:\/\/loisirelectronique.com\/"},{"@type":"ListItem","position":2,"name":"Boutique","item":"https:\/\/loisirelectronique.com\/velos-electriques-accessoires-trottinettes\/"},{"@type":"ListItem","position":3,"name":"Lapierre Crosshill CF 7.0 Di2 &#8211; Gravel Carbone \u00c9lectronique"}]},{"@type":"WebSite","@id":"https:\/\/loisirelectronique.com\/#website","url":"https:\/\/loisirelectronique.com\/","name":"Loisir Electronique","description":"Innovation, qualit\u00e9, performance","publisher":{"@id":"https:\/\/loisirelectronique.com\/#organization"},"potentialAction":[{"@type":"SearchAction","target":{"@type":"EntryPoint","urlTemplate":"https:\/\/loisirelectronique.com\/?s={search_term_string}"},"query-input":{"@type":"PropertyValueSpecification","valueRequired":true,"valueName":"search_term_string"}}],"inLanguage":"nl-NL"},{"@type":"Organization","@id":"https:\/\/loisirelectronique.com\/#organization","name":"Loisir Electronique","url":"https:\/\/loisirelectronique.com\/","logo":{"@type":"ImageObject","inLanguage":"nl-NL","@id":"https:\/\/loisirelectronique.com\/#\/schema\/logo\/image\/","url":"http:\/\/loisirelectronique.com\/wp-content\/uploads\/2026\/03\/IMG-20260325-WA00112.jpg","contentUrl":"http:\/\/loisirelectronique.com\/wp-content\/uploads\/2026\/03\/IMG-20260325-WA00112.jpg","width":418,"height":124,"caption":"Loisir Electronique"},"image":{"@id":"https:\/\/loisirelectronique.com\/#\/schema\/logo\/image\/"}}]}},"jetpack_sharing_enabled":true,"_links":{"self":[{"href":"https:\/\/loisirelectronique.com\/nl\/wp-json\/wp\/v2\/product\/30405","targetHints":{"allow":["GET"]}}],"collection":[{"href":"https:\/\/loisirelectronique.com\/nl\/wp-json\/wp\/v2\/product"}],"about":[{"href":"https:\/\/loisirelectronique.com\/nl\/wp-json\/wp\/v2\/types\/product"}],"replies":[{"embeddable":true,"href":"https:\/\/loisirelectronique.com\/nl\/wp-json\/wp\/v2\/comments?post=30405"}],"version-history":[{"count":1,"href":"https:\/\/loisirelectronique.com\/nl\/wp-json\/wp\/v2\/product\/30405\/revisions"}],"predecessor-version":[{"id":30409,"href":"https:\/\/loisirelectronique.com\/nl\/wp-json\/wp\/v2\/product\/30405\/revisions\/30409"}],"wp:featuredmedia":[{"embeddable":true,"href":"https:\/\/loisirelectronique.com\/nl\/wp-json\/wp\/v2\/media\/30407"}],"wp:attachment":[{"href":"https:\/\/loisirelectronique.com\/nl\/wp-json\/wp\/v2\/media?parent=30405"}],"wp:term":[{"taxonomy":"product_brand","embeddable":true,"href":"https:\/\/loisirelectronique.com\/nl\/wp-json\/wp\/v2\/product_brand?post=30405"},{"taxonomy":"product_cat","embeddable":true,"href":"https:\/\/loisirelectronique.com\/nl\/wp-json\/wp\/v2\/product_cat?post=30405"},{"taxonomy":"product_tag","embeddable":true,"href":"https:\/\/loisirelectronique.com\/nl\/wp-json\/wp\/v2\/product_tag?post=30405"}],"curies":[{"name":"wp","href":"https:\/\/api.w.org\/{rel}","templated":true}]}}