{"id":30387,"date":"2026-04-07T21:46:57","date_gmt":"2026-04-07T21:46:57","guid":{"rendered":"https:\/\/loisirelectronique.com\/?post_type=product&#038;p=30387"},"modified":"2026-05-09T17:26:40","modified_gmt":"2026-05-09T17:26:40","slug":"lapierre-pulsium-5-0-velo-de-route-carbone","status":"publish","type":"product","link":"https:\/\/loisirelectronique.com\/nl\/product\/lapierre-pulsium-5-0-velo-de-route-carbone\/","title":{"rendered":"Lapierre Pulsium 5.0 &#8211; V\u00e9lo de Route Carbone"},"content":{"rendered":"<h2 data-path-to-node=\"5,4,1,1,1\">Le carbone UD HR au service de votre bien-\u00eatre<\/h2>\n<p data-path-to-node=\"5,4,1,1,2\">Le <b data-path-to-node=\"5,4,1,1,2\" data-index-in-node=\"3\">Lapierre Pulsium 5.0<\/b> utilise une fibre de carbone sp\u00e9cifique qui privil\u00e9gie la filtration des chocs sans sacrifier le rendement. Contrairement aux mod\u00e8les de comp\u00e9tition, les haubans sont dessin\u00e9s pour offrir une l\u00e9g\u00e8re flexion, agissant comme une suspension naturelle sur les routes granuleuses. En utilisant le <b data-path-to-node=\"5,4,1,1,2\" data-index-in-node=\"316\">Lapierre Pulsium 5.0<\/b>, vous red\u00e9couvrez le plaisir de rouler longtemps : la fatigue musculaire est retard\u00e9e, vous permettant de profiter pleinement du paysage ou de vos compagnons de route.<\/p>\n<h2 data-path-to-node=\"5,4,1,1,3\">G\u00e9om\u00e9trie Endurance : Une position de conduite saine<\/h2>\n<p data-path-to-node=\"5,4,1,1,4\">La g\u00e9om\u00e9trie du Pulsium a \u00e9t\u00e9 pens\u00e9e pour les cyclistes qui ne recherchent pas l&rsquo;agressivit\u00e9 extr\u00eame mais l&rsquo;\u00e9quilibre. Chez <b data-path-to-node=\"5,4,1,1,4\" data-index-in-node=\"124\">Loisir \u00c9lectronique<\/b>, nous recommandons ce mod\u00e8le pour sa polyvalence et sa capacit\u00e9 \u00e0 gommer les imperfections de l&rsquo;asphalte.<\/p>\n<h2 data-path-to-node=\"8,4,1,1,3\">Ma\u00eetrise et s\u00e9r\u00e9nit\u00e9 dans les descentes<\/h2>\n<p data-path-to-node=\"8,4,1,1,4\">Gr\u00e2ce aux axes traversants, la rigidit\u00e9 du v\u00e9lo au freinage est exemplaire. Chez <b data-path-to-node=\"8,4,1,1,4\" data-index-in-node=\"81\">Loisir \u00c9lectronique<\/b>, nous aimons ce mod\u00e8le pour son caract\u00e8re rassurant qui permet de progresser techniquement en toute confiance.<\/p>\n<p data-path-to-node=\"8,4,1,1,5,0,0\">\u00a0<i data-path-to-node=\"8,4,1,1,5,0,0\" data-index-in-node=\"19\">Retrouvez la fiabilit\u00e9 Shimano dans notre rayon <a class=\"ng-star-inserted\" href=\"https:\/\/www.google.com\/search?q=https:\/\/loisirelectronique.com\/categorie-produit\/velos\/velo-route\/\" target=\"_blank\" rel=\"noopener\" data-hveid=\"0\" data-ved=\"0CAAQ_4QMahgKEwivtbH5y9uTAxUAAAAAHQAAAAAQrwY\">V\u00e9los de Route<\/a>.<\/i><\/p>\n<ul>\n<li data-start=\"957\" data-end=\"978\">\n<p data-start=\"959\" data-end=\"978\">Marque : Lapierre<\/p>\n<\/li>\n<li data-start=\"979\" data-end=\"1003\">\n<p data-start=\"981\" data-end=\"1003\">Mod\u00e8le : Pulsium 5.0<\/p>\n<\/li>\n<li data-start=\"1004\" data-end=\"1038\">\n<p data-start=\"1006\" data-end=\"1038\">Type : V\u00e9lo de route endurance<\/p>\n<\/li>\n<li data-start=\"1039\" data-end=\"1089\">\n<p data-start=\"1041\" data-end=\"1089\">Discipline : Endurance \/ allroad \/ bikepacking<\/p>\n<\/li>\n<li data-start=\"1090\" data-end=\"1115\">\n<p data-start=\"1092\" data-end=\"1115\">Cadre : Carbone UD SL<\/p>\n<\/li>\n<li data-start=\"1116\" data-end=\"1137\">\n<p data-start=\"1118\" data-end=\"1137\">Fourche : Carbone<\/p>\n<\/li>\n<li data-start=\"1138\" data-end=\"1166\">\n<p data-start=\"1140\" data-end=\"1166\">Technologie : 3D Tubular<\/p>\n<\/li>\n<li data-start=\"1167\" data-end=\"1197\">\n<p data-start=\"1169\" data-end=\"1197\">Transmission : Shimano 105<\/p>\n<\/li>\n<li data-start=\"1198\" data-end=\"1241\">\n<p data-start=\"1200\" data-end=\"1241\">Nombre de vitesses : 24 vitesses (2&#215;12)<\/p>\n<\/li>\n<li data-start=\"1242\" data-end=\"1284\">\n<p data-start=\"1244\" data-end=\"1284\">D\u00e9railleur arri\u00e8re : Shimano 105 R7100<\/p>\n<\/li>\n<li data-start=\"1285\" data-end=\"1325\">\n<p data-start=\"1287\" data-end=\"1325\">D\u00e9railleur avant : Shimano 105 R7100<\/p>\n<\/li>\n<li data-start=\"1326\" data-end=\"1352\">\n<p data-start=\"1328\" data-end=\"1352\">Cassette : 11-34 dents<\/p>\n<\/li>\n<li data-start=\"1353\" data-end=\"1402\">\n<p data-start=\"1355\" data-end=\"1402\">Freins : Freins \u00e0 disque hydrauliques Shimano<\/p>\n<\/li>\n<li data-start=\"1403\" data-end=\"1444\">\n<p data-start=\"1405\" data-end=\"1444\">Type de freinage : Disque hydraulique<\/p>\n<\/li>\n<li data-start=\"1445\" data-end=\"1481\">\n<p data-start=\"1447\" data-end=\"1481\">Roues : Aluminium tubeless ready<\/p>\n<\/li>\n<li data-start=\"1482\" data-end=\"1521\">\n<p data-start=\"1484\" data-end=\"1521\">Pneus : Continental Ultra Sport III<\/p>\n<\/li>\n<li data-start=\"1522\" data-end=\"1558\">\n<p data-start=\"1524\" data-end=\"1558\">D\u00e9gagement pneus : Jusqu\u2019\u00e0 38 mm<\/p>\n<\/li>\n<li data-start=\"1559\" data-end=\"1603\">\n<p data-start=\"1561\" data-end=\"1603\">Fixations : Porte-bagages et accessoires<\/p>\n<\/li>\n<li data-start=\"1604\" data-end=\"1635\">\n<p data-start=\"1606\" data-end=\"1635\">Genre : Mixte (homme\/femme)<\/p>\n<\/li>\n<li data-start=\"1636\" data-end=\"1673\">\n<p data-start=\"1638\" data-end=\"1673\">Niveau : D\u00e9butant \u00e0 interm\u00e9diaire<\/p>\n<\/li>\n<li data-start=\"1674\" data-end=\"1742\">\n<p data-start=\"1676\" data-end=\"1742\">Utilisation : Route, longues distances, voyage, chemins roulants<\/p>\n<\/li>\n<li data-start=\"1743\" data-end=\"1773\">\n<p data-start=\"1745\" data-end=\"1773\">Poids : Environ 8.8 \u2013 9 kg<\/p>\n<\/li>\n<\/ul>","protected":false},"excerpt":{"rendered":"<p data-start=\"1834\" data-end=\"2129\">Le <span class=\"hover:entity-accent entity-underline inline cursor-pointer align-baseline\"><span class=\"whitespace-normal\">Lapierre Pulsium 5.0<\/span><\/span> est un v\u00e9lo de route carbone sp\u00e9cialement con\u00e7u pour l\u2019endurance et les longues distances. Pens\u00e9 pour les cyclistes qui privil\u00e9gient le confort sans sacrifier la performance, il s\u2019impose comme l\u2019un des mod\u00e8les les plus polyvalents de la gamme Lapierre.<\/p>\n<p data-start=\"2131\" data-end=\"2431\">Son cadre en carbone UD SL associ\u00e9 \u00e0 la technologie 3D Tubular permet d\u2019absorber efficacement les vibrations tout en conservant une excellente rigidit\u00e9. R\u00e9sultat : une position confortable et stable, id\u00e9ale pour les longues sorties ou les parcours exigeants.<\/p>","protected":false},"featured_media":30388,"comment_status":"closed","ping_status":"closed","template":"","meta":[],"product_brand":[325],"product_cat":[44,46],"product_tag":[],"class_list":{"0":"post-30387","1":"product","2":"type-product","3":"status-publish","4":"has-post-thumbnail","6":"product_brand-lapierre","7":"product_cat-velos","8":"product_cat-vtt","10":"first","11":"instock","12":"featured","13":"taxable","14":"shipping-taxable","15":"purchasable","16":"product-type-variable"},"yoast_head":"<!-- This site is optimized with the Yoast SEO plugin v27.5 - https:\/\/yoast.com\/product\/yoast-seo-wordpress\/ -->\n<title>Lapierre Pulsium 5.0 - V\u00e9lo de Route Carbone - Loisir Electronique<\/title>\n<meta name=\"description\" content=\"D\u00e9couvrez le Lapierre Pulsium 5.0. Le v\u00e9lo de route endurance par excellence : cadre carbone filtrant, g\u00e9om\u00e9trie confortable et Shimano 105 12V.\" \/>\n<meta name=\"robots\" content=\"index, follow, max-snippet:-1, max-image-preview:large, max-video-preview:-1\" \/>\n<link rel=\"canonical\" href=\"https:\/\/loisirelectronique.com\/nl\/product\/lapierre-pulsium-5-0-velo-de-route-carbone\/\" \/>\n<meta property=\"og:locale\" content=\"nl_NL\" \/>\n<meta property=\"og:type\" content=\"article\" \/>\n<meta property=\"og:title\" content=\"Lapierre Pulsium 5.0 - V\u00e9lo de Route Carbone - Loisir Electronique\" \/>\n<meta property=\"og:description\" content=\"D\u00e9couvrez le Lapierre Pulsium 5.0. Le v\u00e9lo de route endurance par excellence : cadre carbone filtrant, g\u00e9om\u00e9trie confortable et Shimano 105 12V.\" \/>\n<meta property=\"og:url\" content=\"https:\/\/loisirelectronique.com\/nl\/product\/lapierre-pulsium-5-0-velo-de-route-carbone\/\" \/>\n<meta property=\"og:site_name\" content=\"Loisir Electronique\" \/>\n<meta property=\"article:modified_time\" content=\"2026-05-09T17:26:40+00:00\" \/>\n<meta property=\"og:image\" content=\"http:\/\/loisirelectronique.com\/wp-content\/uploads\/2026\/04\/Lapierre-Pulsium-5.0-Velo-carbone-ideal-longues-distances.jpeg\" \/>\n\t<meta property=\"og:image:width\" content=\"1599\" \/>\n\t<meta property=\"og:image:height\" content=\"1200\" \/>\n\t<meta property=\"og:image:type\" content=\"image\/jpeg\" \/>\n<meta name=\"twitter:card\" content=\"summary_large_image\" \/>\n<meta name=\"twitter:label1\" content=\"Geschatte leestijd\" \/>\n\t<meta name=\"twitter:data1\" content=\"2 minuten\" \/>\n<script type=\"application\/ld+json\" class=\"yoast-schema-graph\">{\"@context\":\"https:\\\/\\\/schema.org\",\"@graph\":[{\"@type\":\"WebPage\",\"@id\":\"https:\\\/\\\/loisirelectronique.com\\\/produit\\\/lapierre-pulsium-5-0-velo-de-route-carbone\\\/\",\"url\":\"https:\\\/\\\/loisirelectronique.com\\\/produit\\\/lapierre-pulsium-5-0-velo-de-route-carbone\\\/\",\"name\":\"Lapierre Pulsium 5.0 - V\u00e9lo de Route Carbone - Loisir Electronique\",\"isPartOf\":{\"@id\":\"https:\\\/\\\/loisirelectronique.com\\\/#website\"},\"primaryImageOfPage\":{\"@id\":\"https:\\\/\\\/loisirelectronique.com\\\/produit\\\/lapierre-pulsium-5-0-velo-de-route-carbone\\\/#primaryimage\"},\"image\":{\"@id\":\"https:\\\/\\\/loisirelectronique.com\\\/produit\\\/lapierre-pulsium-5-0-velo-de-route-carbone\\\/#primaryimage\"},\"thumbnailUrl\":\"https:\\\/\\\/loisirelectronique.com\\\/wp-content\\\/uploads\\\/2026\\\/04\\\/Lapierre-Pulsium-5.0-Velo-carbone-ideal-longues-distances.jpeg\",\"datePublished\":\"2026-04-07T21:46:57+00:00\",\"dateModified\":\"2026-05-09T17:26:40+00:00\",\"description\":\"D\u00e9couvrez le Lapierre Pulsium 5.0. Le v\u00e9lo de route endurance par excellence : cadre carbone filtrant, g\u00e9om\u00e9trie confortable et Shimano 105 12V.\",\"breadcrumb\":{\"@id\":\"https:\\\/\\\/loisirelectronique.com\\\/produit\\\/lapierre-pulsium-5-0-velo-de-route-carbone\\\/#breadcrumb\"},\"inLanguage\":\"nl-NL\",\"potentialAction\":[{\"@type\":\"ReadAction\",\"target\":[\"https:\\\/\\\/loisirelectronique.com\\\/produit\\\/lapierre-pulsium-5-0-velo-de-route-carbone\\\/\"]}]},{\"@type\":\"ImageObject\",\"inLanguage\":\"nl-NL\",\"@id\":\"https:\\\/\\\/loisirelectronique.com\\\/produit\\\/lapierre-pulsium-5-0-velo-de-route-carbone\\\/#primaryimage\",\"url\":\"https:\\\/\\\/loisirelectronique.com\\\/wp-content\\\/uploads\\\/2026\\\/04\\\/Lapierre-Pulsium-5.0-Velo-carbone-ideal-longues-distances.jpeg\",\"contentUrl\":\"https:\\\/\\\/loisirelectronique.com\\\/wp-content\\\/uploads\\\/2026\\\/04\\\/Lapierre-Pulsium-5.0-Velo-carbone-ideal-longues-distances.jpeg\",\"width\":1599,\"height\":1200,\"caption\":\"V\u00e9lo de route endurance Lapierre Pulsium 5.0 bleu p\u00e9trole.\"},{\"@type\":\"BreadcrumbList\",\"@id\":\"https:\\\/\\\/loisirelectronique.com\\\/produit\\\/lapierre-pulsium-5-0-velo-de-route-carbone\\\/#breadcrumb\",\"itemListElement\":[{\"@type\":\"ListItem\",\"position\":1,\"name\":\"Accueil\",\"item\":\"https:\\\/\\\/loisirelectronique.com\\\/\"},{\"@type\":\"ListItem\",\"position\":2,\"name\":\"Boutique\",\"item\":\"https:\\\/\\\/loisirelectronique.com\\\/velos-electriques-accessoires-trottinettes\\\/\"},{\"@type\":\"ListItem\",\"position\":3,\"name\":\"Lapierre Pulsium 5.0 &#8211; V\u00e9lo de Route Carbone\"}]},{\"@type\":\"WebSite\",\"@id\":\"https:\\\/\\\/loisirelectronique.com\\\/#website\",\"url\":\"https:\\\/\\\/loisirelectronique.com\\\/\",\"name\":\"Loisir Electronique\",\"description\":\"Innovation, qualit\u00e9, performance\",\"publisher\":{\"@id\":\"https:\\\/\\\/loisirelectronique.com\\\/#organization\"},\"potentialAction\":[{\"@type\":\"SearchAction\",\"target\":{\"@type\":\"EntryPoint\",\"urlTemplate\":\"https:\\\/\\\/loisirelectronique.com\\\/?s={search_term_string}\"},\"query-input\":{\"@type\":\"PropertyValueSpecification\",\"valueRequired\":true,\"valueName\":\"search_term_string\"}}],\"inLanguage\":\"nl-NL\"},{\"@type\":\"Organization\",\"@id\":\"https:\\\/\\\/loisirelectronique.com\\\/#organization\",\"name\":\"Loisir Electronique\",\"url\":\"https:\\\/\\\/loisirelectronique.com\\\/\",\"logo\":{\"@type\":\"ImageObject\",\"inLanguage\":\"nl-NL\",\"@id\":\"https:\\\/\\\/loisirelectronique.com\\\/#\\\/schema\\\/logo\\\/image\\\/\",\"url\":\"http:\\\/\\\/loisirelectronique.com\\\/wp-content\\\/uploads\\\/2026\\\/03\\\/IMG-20260325-WA00112.jpg\",\"contentUrl\":\"http:\\\/\\\/loisirelectronique.com\\\/wp-content\\\/uploads\\\/2026\\\/03\\\/IMG-20260325-WA00112.jpg\",\"width\":418,\"height\":124,\"caption\":\"Loisir Electronique\"},\"image\":{\"@id\":\"https:\\\/\\\/loisirelectronique.com\\\/#\\\/schema\\\/logo\\\/image\\\/\"}}]}<\/script>\n<!-- \/ Yoast SEO plugin. -->","yoast_head_json":{"title":"Lapierre Pulsium 5.0 - V\u00e9lo de Route Carbone - Loisir Electronique","description":"D\u00e9couvrez le Lapierre Pulsium 5.0. Le v\u00e9lo de route endurance par excellence : cadre carbone filtrant, g\u00e9om\u00e9trie confortable et Shimano 105 12V.","robots":{"index":"index","follow":"follow","max-snippet":"max-snippet:-1","max-image-preview":"max-image-preview:large","max-video-preview":"max-video-preview:-1"},"canonical":"https:\/\/loisirelectronique.com\/nl\/product\/lapierre-pulsium-5-0-velo-de-route-carbone\/","og_locale":"nl_NL","og_type":"article","og_title":"Lapierre Pulsium 5.0 - V\u00e9lo de Route Carbone - Loisir Electronique","og_description":"D\u00e9couvrez le Lapierre Pulsium 5.0. Le v\u00e9lo de route endurance par excellence : cadre carbone filtrant, g\u00e9om\u00e9trie confortable et Shimano 105 12V.","og_url":"https:\/\/loisirelectronique.com\/nl\/product\/lapierre-pulsium-5-0-velo-de-route-carbone\/","og_site_name":"Loisir Electronique","article_modified_time":"2026-05-09T17:26:40+00:00","og_image":[{"width":1599,"height":1200,"url":"http:\/\/loisirelectronique.com\/wp-content\/uploads\/2026\/04\/Lapierre-Pulsium-5.0-Velo-carbone-ideal-longues-distances.jpeg","type":"image\/jpeg"}],"twitter_card":"summary_large_image","twitter_misc":{"Geschatte leestijd":"2 minuten"},"schema":{"@context":"https:\/\/schema.org","@graph":[{"@type":"WebPage","@id":"https:\/\/loisirelectronique.com\/produit\/lapierre-pulsium-5-0-velo-de-route-carbone\/","url":"https:\/\/loisirelectronique.com\/produit\/lapierre-pulsium-5-0-velo-de-route-carbone\/","name":"Lapierre Pulsium 5.0 - V\u00e9lo de Route Carbone - Loisir Electronique","isPartOf":{"@id":"https:\/\/loisirelectronique.com\/#website"},"primaryImageOfPage":{"@id":"https:\/\/loisirelectronique.com\/produit\/lapierre-pulsium-5-0-velo-de-route-carbone\/#primaryimage"},"image":{"@id":"https:\/\/loisirelectronique.com\/produit\/lapierre-pulsium-5-0-velo-de-route-carbone\/#primaryimage"},"thumbnailUrl":"https:\/\/loisirelectronique.com\/wp-content\/uploads\/2026\/04\/Lapierre-Pulsium-5.0-Velo-carbone-ideal-longues-distances.jpeg","datePublished":"2026-04-07T21:46:57+00:00","dateModified":"2026-05-09T17:26:40+00:00","description":"D\u00e9couvrez le Lapierre Pulsium 5.0. Le v\u00e9lo de route endurance par excellence : cadre carbone filtrant, g\u00e9om\u00e9trie confortable et Shimano 105 12V.","breadcrumb":{"@id":"https:\/\/loisirelectronique.com\/produit\/lapierre-pulsium-5-0-velo-de-route-carbone\/#breadcrumb"},"inLanguage":"nl-NL","potentialAction":[{"@type":"ReadAction","target":["https:\/\/loisirelectronique.com\/produit\/lapierre-pulsium-5-0-velo-de-route-carbone\/"]}]},{"@type":"ImageObject","inLanguage":"nl-NL","@id":"https:\/\/loisirelectronique.com\/produit\/lapierre-pulsium-5-0-velo-de-route-carbone\/#primaryimage","url":"https:\/\/loisirelectronique.com\/wp-content\/uploads\/2026\/04\/Lapierre-Pulsium-5.0-Velo-carbone-ideal-longues-distances.jpeg","contentUrl":"https:\/\/loisirelectronique.com\/wp-content\/uploads\/2026\/04\/Lapierre-Pulsium-5.0-Velo-carbone-ideal-longues-distances.jpeg","width":1599,"height":1200,"caption":"V\u00e9lo de route endurance Lapierre Pulsium 5.0 bleu p\u00e9trole."},{"@type":"BreadcrumbList","@id":"https:\/\/loisirelectronique.com\/produit\/lapierre-pulsium-5-0-velo-de-route-carbone\/#breadcrumb","itemListElement":[{"@type":"ListItem","position":1,"name":"Accueil","item":"https:\/\/loisirelectronique.com\/"},{"@type":"ListItem","position":2,"name":"Boutique","item":"https:\/\/loisirelectronique.com\/velos-electriques-accessoires-trottinettes\/"},{"@type":"ListItem","position":3,"name":"Lapierre Pulsium 5.0 &#8211; V\u00e9lo de Route Carbone"}]},{"@type":"WebSite","@id":"https:\/\/loisirelectronique.com\/#website","url":"https:\/\/loisirelectronique.com\/","name":"Loisir Electronique","description":"Innovation, qualit\u00e9, performance","publisher":{"@id":"https:\/\/loisirelectronique.com\/#organization"},"potentialAction":[{"@type":"SearchAction","target":{"@type":"EntryPoint","urlTemplate":"https:\/\/loisirelectronique.com\/?s={search_term_string}"},"query-input":{"@type":"PropertyValueSpecification","valueRequired":true,"valueName":"search_term_string"}}],"inLanguage":"nl-NL"},{"@type":"Organization","@id":"https:\/\/loisirelectronique.com\/#organization","name":"Loisir Electronique","url":"https:\/\/loisirelectronique.com\/","logo":{"@type":"ImageObject","inLanguage":"nl-NL","@id":"https:\/\/loisirelectronique.com\/#\/schema\/logo\/image\/","url":"http:\/\/loisirelectronique.com\/wp-content\/uploads\/2026\/03\/IMG-20260325-WA00112.jpg","contentUrl":"http:\/\/loisirelectronique.com\/wp-content\/uploads\/2026\/03\/IMG-20260325-WA00112.jpg","width":418,"height":124,"caption":"Loisir Electronique"},"image":{"@id":"https:\/\/loisirelectronique.com\/#\/schema\/logo\/image\/"}}]}},"jetpack_sharing_enabled":true,"_links":{"self":[{"href":"https:\/\/loisirelectronique.com\/nl\/wp-json\/wp\/v2\/product\/30387","targetHints":{"allow":["GET"]}}],"collection":[{"href":"https:\/\/loisirelectronique.com\/nl\/wp-json\/wp\/v2\/product"}],"about":[{"href":"https:\/\/loisirelectronique.com\/nl\/wp-json\/wp\/v2\/types\/product"}],"replies":[{"embeddable":true,"href":"https:\/\/loisirelectronique.com\/nl\/wp-json\/wp\/v2\/comments?post=30387"}],"version-history":[{"count":2,"href":"https:\/\/loisirelectronique.com\/nl\/wp-json\/wp\/v2\/product\/30387\/revisions"}],"predecessor-version":[{"id":31056,"href":"https:\/\/loisirelectronique.com\/nl\/wp-json\/wp\/v2\/product\/30387\/revisions\/31056"}],"wp:featuredmedia":[{"embeddable":true,"href":"https:\/\/loisirelectronique.com\/nl\/wp-json\/wp\/v2\/media\/30388"}],"wp:attachment":[{"href":"https:\/\/loisirelectronique.com\/nl\/wp-json\/wp\/v2\/media?parent=30387"}],"wp:term":[{"taxonomy":"product_brand","embeddable":true,"href":"https:\/\/loisirelectronique.com\/nl\/wp-json\/wp\/v2\/product_brand?post=30387"},{"taxonomy":"product_cat","embeddable":true,"href":"https:\/\/loisirelectronique.com\/nl\/wp-json\/wp\/v2\/product_cat?post=30387"},{"taxonomy":"product_tag","embeddable":true,"href":"https:\/\/loisirelectronique.com\/nl\/wp-json\/wp\/v2\/product_tag?post=30387"}],"curies":[{"name":"wp","href":"https:\/\/api.w.org\/{rel}","templated":true}]}}