{"id":30352,"date":"2026-04-07T19:26:27","date_gmt":"2026-04-07T19:26:27","guid":{"rendered":"https:\/\/loisirelectronique.com\/?post_type=product&#038;p=30352"},"modified":"2026-05-09T18:10:27","modified_gmt":"2026-05-09T18:10:27","slug":"lapierre-xr-5-9-vtt-tout-suspendu-carbone-cross-country","status":"publish","type":"product","link":"https:\/\/loisirelectronique.com\/nl\/product\/lapierre-xr-5-9-vtt-tout-suspendu-carbone-cross-country\/","title":{"rendered":"Lapierre XR 5.9 &#8211; VTT Tout-Suspendu Carbone Cross-Country"},"content":{"rendered":"<h2 data-path-to-node=\"5,4,1,1,1\">Le nouveau standard du Cross-Country en carbone<\/h2>\n<p data-path-to-node=\"5,4,1,1,2\">Le <b data-path-to-node=\"5,4,1,1,2\" data-index-in-node=\"3\">Lapierre XR 5.9<\/b> b\u00e9n\u00e9ficie de la toute nouvelle plateforme carbone de la marque dijonnaise. En supprimant le point de pivot entre les haubans et les bases, Lapierre a cr\u00e9\u00e9 un cadre plus l\u00e9ger et plus rigide lat\u00e9ralement. En utilisant le <b data-path-to-node=\"5,4,1,1,2\" data-index-in-node=\"239\">Lapierre XR 5.9<\/b>, vous profitez d&rsquo;une suspension arri\u00e8re qui travaille avec la flexion naturelle du carbone pour absorber les chocs sans pompage d&rsquo;\u00e9nergie. C&rsquo;est le v\u00e9lo parfait pour s&rsquo;aligner sur ses premiers marathons VTT ou pour dynamiser ses sorties dominicales sur terrains cassants.<\/p>\n<h2 data-path-to-node=\"5,4,1,1,3\">Transmission 12 vitesses : Polyvalence totale<\/h2>\n<p data-path-to-node=\"5,4,1,1,4\">Le m\u00e9lange Shimano Deore et XT assure des passages de rapports pr\u00e9cis et une plage de vitesses immense pour affronter tous les d\u00e9nivel\u00e9s. Chez <b data-path-to-node=\"5,4,1,1,4\" data-index-in-node=\"143\">Loisir \u00c9lectronique<\/b>, nous recommandons ce mod\u00e8le pour son rapport technologie\/prix imbattable dans l&rsquo;univers du carbone.<\/p>\n<h2 data-path-to-node=\"8,4,1,1,3\">Adh\u00e9rence Maxxis : La traction en toute confiance<\/h2>\n<p data-path-to-node=\"8,4,1,1,4\">Les pneus Rekon Race offrent le grip n\u00e9cessaire pour les relances en sous-bois tout en minimisant la r\u00e9sistance au roulement. Chez <b data-path-to-node=\"8,4,1,1,4\" data-index-in-node=\"131\">Loisir \u00c9lectronique<\/b>, nous aimons ce mod\u00e8le pour sa capacit\u00e9 \u00e0 rassurer le cycliste en progression.<\/p>\n<p data-path-to-node=\"8,4,1,1,5,0,0\"><i data-path-to-node=\"8,4,1,1,5,0,0\" data-index-in-node=\"19\">Optimisez votre confort avec nos <a class=\"ng-star-inserted\" href=\"https:\/\/www.google.com\/search?q=https:\/\/loisirelectronique.com\/categorie-produit\/velos\/velo-vtt\/\" target=\"_blank\" rel=\"noopener\" data-hveid=\"0\" data-ved=\"0CAAQ_4QMahgKEwivtbH5y9uTAxUAAAAAHQAAAAAQlQQ\">VTT de performance<\/a>.<\/i><\/p>\n<ul>\n<li data-start=\"980\" data-end=\"1001\">\n<p data-start=\"982\" data-end=\"1001\">Marque : Lapierre<\/p>\n<\/li>\n<li data-start=\"1002\" data-end=\"1021\">\n<p data-start=\"1004\" data-end=\"1021\">Mod\u00e8le : XR 5.9<\/p>\n<\/li>\n<li data-start=\"1022\" data-end=\"1050\">\n<p data-start=\"1024\" data-end=\"1050\">Type : VTT tout suspendu<\/p>\n<\/li>\n<li data-start=\"1051\" data-end=\"1092\">\n<p data-start=\"1053\" data-end=\"1092\">Discipline : Cross-country \/ marathon<\/p>\n<\/li>\n<li data-start=\"1093\" data-end=\"1125\">\n<p data-start=\"1095\" data-end=\"1125\">Taille des roues : 29 pouces<\/p>\n<\/li>\n<li data-start=\"1126\" data-end=\"1161\">\n<p data-start=\"1128\" data-end=\"1161\">Cadre : Carbone full suspension<\/p>\n<\/li>\n<li data-start=\"1162\" data-end=\"1192\">\n<p data-start=\"1164\" data-end=\"1192\">D\u00e9battement avant : 100 mm<\/p>\n<\/li>\n<li data-start=\"1193\" data-end=\"1225\">\n<p data-start=\"1195\" data-end=\"1225\">D\u00e9battement arri\u00e8re : 100 mm<\/p>\n<\/li>\n<li data-start=\"1226\" data-end=\"1259\">\n<p data-start=\"1228\" data-end=\"1259\">Fourche : FOX 32 Float Rhythm<\/p>\n<\/li>\n<li data-start=\"1260\" data-end=\"1291\">\n<p data-start=\"1262\" data-end=\"1291\">Amortisseur : FOX Float DPS<\/p>\n<\/li>\n<li data-start=\"1292\" data-end=\"1315\">\n<p data-start=\"1294\" data-end=\"1315\">Transmission : SRAM<\/p>\n<\/li>\n<li data-start=\"1316\" data-end=\"1352\">\n<p data-start=\"1318\" data-end=\"1352\">Nombre de vitesses : 12 vitesses<\/p>\n<\/li>\n<li data-start=\"1353\" data-end=\"1391\">\n<p data-start=\"1355\" data-end=\"1391\">D\u00e9railleur arri\u00e8re : SRAM GX Eagle<\/p>\n<\/li>\n<li data-start=\"1392\" data-end=\"1418\">\n<p data-start=\"1394\" data-end=\"1418\">Cassette : 11-50 dents<\/p>\n<\/li>\n<li data-start=\"1419\" data-end=\"1471\">\n<p data-start=\"1421\" data-end=\"1471\">Freins : Freins \u00e0 disque hydrauliques SRAM Level<\/p>\n<\/li>\n<li data-start=\"1472\" data-end=\"1496\">\n<p data-start=\"1474\" data-end=\"1496\">Roues : Mavic XC 425<\/p>\n<\/li>\n<li data-start=\"1497\" data-end=\"1534\">\n<p data-start=\"1499\" data-end=\"1534\">Pneus : Maxxis Rekon Race 29&#215;2.35<\/p>\n<\/li>\n<li data-start=\"1535\" data-end=\"1563\">\n<p data-start=\"1537\" data-end=\"1563\">P\u00e9dalier : SRAM SX Eagle<\/p>\n<\/li>\n<li data-start=\"1564\" data-end=\"1595\">\n<p data-start=\"1566\" data-end=\"1595\">Genre : Mixte (homme\/femme)<\/p>\n<\/li>\n<li data-start=\"1596\" data-end=\"1631\">\n<p data-start=\"1598\" data-end=\"1631\">Niveau : Interm\u00e9diaire \u00e0 avanc\u00e9<\/p>\n<\/li>\n<li data-start=\"1632\" data-end=\"1683\">\n<p data-start=\"1634\" data-end=\"1683\">Utilisation : XC, marathon, terrains techniques<\/p>\n<\/li>\n<li data-start=\"1684\" data-end=\"1703\">\n<p data-start=\"1686\" data-end=\"1703\">Poids : 12.8 kg<\/p>\n<\/li>\n<\/ul>","protected":false},"excerpt":{"rendered":"<p data-start=\"1764\" data-end=\"2052\">Le <span class=\"hover:entity-accent entity-underline inline cursor-pointer align-baseline\"><span class=\"whitespace-normal\">Lapierre XR 5.9<\/span><\/span> est un VTT tout suspendu en carbone con\u00e7u pour les amateurs de cross-country \u00e0 la recherche de performance, de confort et de polyvalence. Ce mod\u00e8le combine l\u00e9g\u00e8ret\u00e9 et technologie pour offrir une excellente efficacit\u00e9 sur tous types de terrains.<\/p>\n<p data-start=\"2054\" data-end=\"2379\">Son cadre carbone full suspension avec 100 mm de d\u00e9battement permet d\u2019absorber efficacement les chocs tout en conservant un excellent rendement. La cin\u00e9matique optimis\u00e9e et la flexibilit\u00e9 verticale du triangle arri\u00e8re am\u00e9liorent le confort, l\u2019adh\u00e9rence et l\u2019efficacit\u00e9 globale du v\u00e9lo<\/p>","protected":false},"featured_media":30354,"comment_status":"closed","ping_status":"closed","template":"","meta":[],"product_brand":[325],"product_cat":[44,46],"product_tag":[],"class_list":{"0":"post-30352","1":"product","2":"type-product","3":"status-publish","4":"has-post-thumbnail","6":"product_brand-lapierre","7":"product_cat-velos","8":"product_cat-vtt","10":"first","11":"instock","12":"taxable","13":"shipping-taxable","14":"purchasable","15":"product-type-variable"},"yoast_head":"<!-- This site is optimized with the Yoast SEO plugin v27.5 - https:\/\/yoast.com\/product\/yoast-seo-wordpress\/ -->\n<title>Lapierre XR 5.9 - VTT Tout-Suspendu Carbone Cross-Country - Loisir Electronique<\/title>\n<meta name=\"description\" content=\"Passez au tout-suspendu carbone avec le Lapierre XR 5.9. Cadre UD SLI ultra-l\u00e9ger, transmission Shimano 12V et roues 29&quot;.\" \/>\n<meta name=\"robots\" content=\"index, follow, max-snippet:-1, max-image-preview:large, max-video-preview:-1\" \/>\n<link rel=\"canonical\" href=\"https:\/\/loisirelectronique.com\/nl\/product\/lapierre-xr-5-9-vtt-tout-suspendu-carbone-cross-country\/\" \/>\n<meta property=\"og:locale\" content=\"nl_NL\" \/>\n<meta property=\"og:type\" content=\"article\" \/>\n<meta property=\"og:title\" content=\"Lapierre XR 5.9 - VTT Tout-Suspendu Carbone Cross-Country - Loisir Electronique\" \/>\n<meta property=\"og:description\" content=\"Passez au tout-suspendu carbone avec le Lapierre XR 5.9. Cadre UD SLI ultra-l\u00e9ger, transmission Shimano 12V et roues 29&quot;.\" \/>\n<meta property=\"og:url\" content=\"https:\/\/loisirelectronique.com\/nl\/product\/lapierre-xr-5-9-vtt-tout-suspendu-carbone-cross-country\/\" \/>\n<meta property=\"og:site_name\" content=\"Loisir Electronique\" \/>\n<meta property=\"article:modified_time\" content=\"2026-05-09T18:10:27+00:00\" \/>\n<meta property=\"og:image\" content=\"http:\/\/loisirelectronique.com\/wp-content\/uploads\/2026\/04\/VTT-tout-suspendu-Lapierre-XR-5.9-\u2013-Performance-XC-carbone.jpeg\" \/>\n\t<meta property=\"og:image:width\" content=\"1000\" \/>\n\t<meta property=\"og:image:height\" content=\"589\" \/>\n\t<meta property=\"og:image:type\" content=\"image\/jpeg\" \/>\n<meta name=\"twitter:card\" content=\"summary_large_image\" \/>\n<meta name=\"twitter:label1\" content=\"Geschatte leestijd\" \/>\n\t<meta name=\"twitter:data1\" content=\"2 minuten\" \/>\n<script type=\"application\/ld+json\" class=\"yoast-schema-graph\">{\"@context\":\"https:\\\/\\\/schema.org\",\"@graph\":[{\"@type\":\"WebPage\",\"@id\":\"https:\\\/\\\/loisirelectronique.com\\\/produit\\\/lapierre-xr-5-9-vtt-tout-suspendu-carbone-cross-country\\\/\",\"url\":\"https:\\\/\\\/loisirelectronique.com\\\/produit\\\/lapierre-xr-5-9-vtt-tout-suspendu-carbone-cross-country\\\/\",\"name\":\"Lapierre XR 5.9 - VTT Tout-Suspendu Carbone Cross-Country - Loisir Electronique\",\"isPartOf\":{\"@id\":\"https:\\\/\\\/loisirelectronique.com\\\/#website\"},\"primaryImageOfPage\":{\"@id\":\"https:\\\/\\\/loisirelectronique.com\\\/produit\\\/lapierre-xr-5-9-vtt-tout-suspendu-carbone-cross-country\\\/#primaryimage\"},\"image\":{\"@id\":\"https:\\\/\\\/loisirelectronique.com\\\/produit\\\/lapierre-xr-5-9-vtt-tout-suspendu-carbone-cross-country\\\/#primaryimage\"},\"thumbnailUrl\":\"https:\\\/\\\/loisirelectronique.com\\\/wp-content\\\/uploads\\\/2026\\\/04\\\/VTT-tout-suspendu-Lapierre-XR-5.9-\u2013-Performance-XC-carbone.jpeg\",\"datePublished\":\"2026-04-07T19:26:27+00:00\",\"dateModified\":\"2026-05-09T18:10:27+00:00\",\"description\":\"Passez au tout-suspendu carbone avec le Lapierre XR 5.9. Cadre UD SLI ultra-l\u00e9ger, transmission Shimano 12V et roues 29\\\".\",\"breadcrumb\":{\"@id\":\"https:\\\/\\\/loisirelectronique.com\\\/produit\\\/lapierre-xr-5-9-vtt-tout-suspendu-carbone-cross-country\\\/#breadcrumb\"},\"inLanguage\":\"nl-NL\",\"potentialAction\":[{\"@type\":\"ReadAction\",\"target\":[\"https:\\\/\\\/loisirelectronique.com\\\/produit\\\/lapierre-xr-5-9-vtt-tout-suspendu-carbone-cross-country\\\/\"]}]},{\"@type\":\"ImageObject\",\"inLanguage\":\"nl-NL\",\"@id\":\"https:\\\/\\\/loisirelectronique.com\\\/produit\\\/lapierre-xr-5-9-vtt-tout-suspendu-carbone-cross-country\\\/#primaryimage\",\"url\":\"https:\\\/\\\/loisirelectronique.com\\\/wp-content\\\/uploads\\\/2026\\\/04\\\/VTT-tout-suspendu-Lapierre-XR-5.9-\u2013-Performance-XC-carbone.jpeg\",\"contentUrl\":\"https:\\\/\\\/loisirelectronique.com\\\/wp-content\\\/uploads\\\/2026\\\/04\\\/VTT-tout-suspendu-Lapierre-XR-5.9-\u2013-Performance-XC-carbone.jpeg\",\"width\":1000,\"height\":589,\"caption\":\"VTT tout-suspendu Lapierre XR 5.9 en carbone, coloris noir et rouge.\"},{\"@type\":\"BreadcrumbList\",\"@id\":\"https:\\\/\\\/loisirelectronique.com\\\/produit\\\/lapierre-xr-5-9-vtt-tout-suspendu-carbone-cross-country\\\/#breadcrumb\",\"itemListElement\":[{\"@type\":\"ListItem\",\"position\":1,\"name\":\"Accueil\",\"item\":\"https:\\\/\\\/loisirelectronique.com\\\/\"},{\"@type\":\"ListItem\",\"position\":2,\"name\":\"Boutique\",\"item\":\"https:\\\/\\\/loisirelectronique.com\\\/velos-electriques-accessoires-trottinettes\\\/\"},{\"@type\":\"ListItem\",\"position\":3,\"name\":\"Lapierre XR 5.9 &#8211; VTT Tout-Suspendu Carbone Cross-Country\"}]},{\"@type\":\"WebSite\",\"@id\":\"https:\\\/\\\/loisirelectronique.com\\\/#website\",\"url\":\"https:\\\/\\\/loisirelectronique.com\\\/\",\"name\":\"Loisir Electronique\",\"description\":\"Innovation, qualit\u00e9, performance\",\"publisher\":{\"@id\":\"https:\\\/\\\/loisirelectronique.com\\\/#organization\"},\"potentialAction\":[{\"@type\":\"SearchAction\",\"target\":{\"@type\":\"EntryPoint\",\"urlTemplate\":\"https:\\\/\\\/loisirelectronique.com\\\/?s={search_term_string}\"},\"query-input\":{\"@type\":\"PropertyValueSpecification\",\"valueRequired\":true,\"valueName\":\"search_term_string\"}}],\"inLanguage\":\"nl-NL\"},{\"@type\":\"Organization\",\"@id\":\"https:\\\/\\\/loisirelectronique.com\\\/#organization\",\"name\":\"Loisir Electronique\",\"url\":\"https:\\\/\\\/loisirelectronique.com\\\/\",\"logo\":{\"@type\":\"ImageObject\",\"inLanguage\":\"nl-NL\",\"@id\":\"https:\\\/\\\/loisirelectronique.com\\\/#\\\/schema\\\/logo\\\/image\\\/\",\"url\":\"http:\\\/\\\/loisirelectronique.com\\\/wp-content\\\/uploads\\\/2026\\\/03\\\/IMG-20260325-WA00112.jpg\",\"contentUrl\":\"http:\\\/\\\/loisirelectronique.com\\\/wp-content\\\/uploads\\\/2026\\\/03\\\/IMG-20260325-WA00112.jpg\",\"width\":418,\"height\":124,\"caption\":\"Loisir Electronique\"},\"image\":{\"@id\":\"https:\\\/\\\/loisirelectronique.com\\\/#\\\/schema\\\/logo\\\/image\\\/\"}}]}<\/script>\n<!-- \/ Yoast SEO plugin. -->","yoast_head_json":{"title":"Lapierre XR 5.9 - VTT Tout-Suspendu Carbone Cross-Country - Loisir Electronique","description":"Passez au tout-suspendu carbone avec le Lapierre XR 5.9. Cadre UD SLI ultra-l\u00e9ger, transmission Shimano 12V et roues 29\".","robots":{"index":"index","follow":"follow","max-snippet":"max-snippet:-1","max-image-preview":"max-image-preview:large","max-video-preview":"max-video-preview:-1"},"canonical":"https:\/\/loisirelectronique.com\/nl\/product\/lapierre-xr-5-9-vtt-tout-suspendu-carbone-cross-country\/","og_locale":"nl_NL","og_type":"article","og_title":"Lapierre XR 5.9 - VTT Tout-Suspendu Carbone Cross-Country - Loisir Electronique","og_description":"Passez au tout-suspendu carbone avec le Lapierre XR 5.9. Cadre UD SLI ultra-l\u00e9ger, transmission Shimano 12V et roues 29\".","og_url":"https:\/\/loisirelectronique.com\/nl\/product\/lapierre-xr-5-9-vtt-tout-suspendu-carbone-cross-country\/","og_site_name":"Loisir Electronique","article_modified_time":"2026-05-09T18:10:27+00:00","og_image":[{"width":1000,"height":589,"url":"http:\/\/loisirelectronique.com\/wp-content\/uploads\/2026\/04\/VTT-tout-suspendu-Lapierre-XR-5.9-\u2013-Performance-XC-carbone.jpeg","type":"image\/jpeg"}],"twitter_card":"summary_large_image","twitter_misc":{"Geschatte leestijd":"2 minuten"},"schema":{"@context":"https:\/\/schema.org","@graph":[{"@type":"WebPage","@id":"https:\/\/loisirelectronique.com\/produit\/lapierre-xr-5-9-vtt-tout-suspendu-carbone-cross-country\/","url":"https:\/\/loisirelectronique.com\/produit\/lapierre-xr-5-9-vtt-tout-suspendu-carbone-cross-country\/","name":"Lapierre XR 5.9 - VTT Tout-Suspendu Carbone Cross-Country - Loisir Electronique","isPartOf":{"@id":"https:\/\/loisirelectronique.com\/#website"},"primaryImageOfPage":{"@id":"https:\/\/loisirelectronique.com\/produit\/lapierre-xr-5-9-vtt-tout-suspendu-carbone-cross-country\/#primaryimage"},"image":{"@id":"https:\/\/loisirelectronique.com\/produit\/lapierre-xr-5-9-vtt-tout-suspendu-carbone-cross-country\/#primaryimage"},"thumbnailUrl":"https:\/\/loisirelectronique.com\/wp-content\/uploads\/2026\/04\/VTT-tout-suspendu-Lapierre-XR-5.9-\u2013-Performance-XC-carbone.jpeg","datePublished":"2026-04-07T19:26:27+00:00","dateModified":"2026-05-09T18:10:27+00:00","description":"Passez au tout-suspendu carbone avec le Lapierre XR 5.9. Cadre UD SLI ultra-l\u00e9ger, transmission Shimano 12V et roues 29\".","breadcrumb":{"@id":"https:\/\/loisirelectronique.com\/produit\/lapierre-xr-5-9-vtt-tout-suspendu-carbone-cross-country\/#breadcrumb"},"inLanguage":"nl-NL","potentialAction":[{"@type":"ReadAction","target":["https:\/\/loisirelectronique.com\/produit\/lapierre-xr-5-9-vtt-tout-suspendu-carbone-cross-country\/"]}]},{"@type":"ImageObject","inLanguage":"nl-NL","@id":"https:\/\/loisirelectronique.com\/produit\/lapierre-xr-5-9-vtt-tout-suspendu-carbone-cross-country\/#primaryimage","url":"https:\/\/loisirelectronique.com\/wp-content\/uploads\/2026\/04\/VTT-tout-suspendu-Lapierre-XR-5.9-\u2013-Performance-XC-carbone.jpeg","contentUrl":"https:\/\/loisirelectronique.com\/wp-content\/uploads\/2026\/04\/VTT-tout-suspendu-Lapierre-XR-5.9-\u2013-Performance-XC-carbone.jpeg","width":1000,"height":589,"caption":"VTT tout-suspendu Lapierre XR 5.9 en carbone, coloris noir et rouge."},{"@type":"BreadcrumbList","@id":"https:\/\/loisirelectronique.com\/produit\/lapierre-xr-5-9-vtt-tout-suspendu-carbone-cross-country\/#breadcrumb","itemListElement":[{"@type":"ListItem","position":1,"name":"Accueil","item":"https:\/\/loisirelectronique.com\/"},{"@type":"ListItem","position":2,"name":"Boutique","item":"https:\/\/loisirelectronique.com\/velos-electriques-accessoires-trottinettes\/"},{"@type":"ListItem","position":3,"name":"Lapierre XR 5.9 &#8211; VTT Tout-Suspendu Carbone Cross-Country"}]},{"@type":"WebSite","@id":"https:\/\/loisirelectronique.com\/#website","url":"https:\/\/loisirelectronique.com\/","name":"Loisir Electronique","description":"Innovation, qualit\u00e9, performance","publisher":{"@id":"https:\/\/loisirelectronique.com\/#organization"},"potentialAction":[{"@type":"SearchAction","target":{"@type":"EntryPoint","urlTemplate":"https:\/\/loisirelectronique.com\/?s={search_term_string}"},"query-input":{"@type":"PropertyValueSpecification","valueRequired":true,"valueName":"search_term_string"}}],"inLanguage":"nl-NL"},{"@type":"Organization","@id":"https:\/\/loisirelectronique.com\/#organization","name":"Loisir Electronique","url":"https:\/\/loisirelectronique.com\/","logo":{"@type":"ImageObject","inLanguage":"nl-NL","@id":"https:\/\/loisirelectronique.com\/#\/schema\/logo\/image\/","url":"http:\/\/loisirelectronique.com\/wp-content\/uploads\/2026\/03\/IMG-20260325-WA00112.jpg","contentUrl":"http:\/\/loisirelectronique.com\/wp-content\/uploads\/2026\/03\/IMG-20260325-WA00112.jpg","width":418,"height":124,"caption":"Loisir Electronique"},"image":{"@id":"https:\/\/loisirelectronique.com\/#\/schema\/logo\/image\/"}}]}},"jetpack_sharing_enabled":true,"_links":{"self":[{"href":"https:\/\/loisirelectronique.com\/nl\/wp-json\/wp\/v2\/product\/30352","targetHints":{"allow":["GET"]}}],"collection":[{"href":"https:\/\/loisirelectronique.com\/nl\/wp-json\/wp\/v2\/product"}],"about":[{"href":"https:\/\/loisirelectronique.com\/nl\/wp-json\/wp\/v2\/types\/product"}],"replies":[{"embeddable":true,"href":"https:\/\/loisirelectronique.com\/nl\/wp-json\/wp\/v2\/comments?post=30352"}],"version-history":[{"count":1,"href":"https:\/\/loisirelectronique.com\/nl\/wp-json\/wp\/v2\/product\/30352\/revisions"}],"predecessor-version":[{"id":30355,"href":"https:\/\/loisirelectronique.com\/nl\/wp-json\/wp\/v2\/product\/30352\/revisions\/30355"}],"wp:featuredmedia":[{"embeddable":true,"href":"https:\/\/loisirelectronique.com\/nl\/wp-json\/wp\/v2\/media\/30354"}],"wp:attachment":[{"href":"https:\/\/loisirelectronique.com\/nl\/wp-json\/wp\/v2\/media?parent=30352"}],"wp:term":[{"taxonomy":"product_brand","embeddable":true,"href":"https:\/\/loisirelectronique.com\/nl\/wp-json\/wp\/v2\/product_brand?post=30352"},{"taxonomy":"product_cat","embeddable":true,"href":"https:\/\/loisirelectronique.com\/nl\/wp-json\/wp\/v2\/product_cat?post=30352"},{"taxonomy":"product_tag","embeddable":true,"href":"https:\/\/loisirelectronique.com\/nl\/wp-json\/wp\/v2\/product_tag?post=30352"}],"curies":[{"name":"wp","href":"https:\/\/api.w.org\/{rel}","templated":true}]}}