{"id":30290,"date":"2026-04-06T23:19:54","date_gmt":"2026-04-06T23:19:54","guid":{"rendered":"https:\/\/loisirelectronique.com\/?post_type=product&#038;p=30290"},"modified":"2026-05-09T00:36:50","modified_gmt":"2026-05-09T00:36:50","slug":"gitane-organe-e-bike-central-vae-moteur-central-shimano","status":"publish","type":"product","link":"https:\/\/loisirelectronique.com\/nl\/product\/gitane-organe-e-bike-central-vae-moteur-central-shimano\/","title":{"rendered":"Gitane ORGAN\u2019e-Bike Central &#8211; VAE Moteur Central Shimano"},"content":{"rendered":"<h2 data-path-to-node=\"6,4,1,1,1\">La technologie moteur central au service de la ville<\/h2>\n<p data-path-to-node=\"6,4,1,1,2\">Le <b data-path-to-node=\"6,4,1,1,2\" data-index-in-node=\"3\">Gitane Organ e-Bike<\/b> Central s&rsquo;adresse aux cyclistes qui recherchent les sensations d&rsquo;un v\u00e9lo classique avec une puissance d\u00e9cupl\u00e9e. Contrairement aux moteurs de roues, la motorisation centrale agit directement sur la cha\u00eene, optimisant le rendement et l&rsquo;autonomie. En utilisant le <b data-path-to-node=\"6,4,1,1,2\" data-index-in-node=\"284\">Gitane Organ e-Bike<\/b>, vous profitez d&rsquo;une r\u00e9partition des masses id\u00e9ale qui rend le v\u00e9lo tr\u00e8s maniable dans les virages et lors des arr\u00eats fr\u00e9quents. Son cadre en aluminium \u00e0 enjambement bas est renforc\u00e9 pour accueillir cette technologie premium, garantissant une durabilit\u00e9 maximale pour un usage quotidien intensif.<\/p>\n<h2 data-path-to-node=\"6,4,1,1,3\">Shimano Steps E5000 : le silence est d&rsquo;or<\/h2>\n<p data-path-to-node=\"6,4,1,1,4\">Ce moteur est l&rsquo;un des plus l\u00e9gers et silencieux du march\u00e9, id\u00e9al pour les environnements urbains. Chez <b data-path-to-node=\"6,4,1,1,4\" data-index-in-node=\"104\">Loisir \u00c9lectronique<\/b>, nous recommandons ce mod\u00e8le pour son brio \u00e0 effacer les d\u00e9nivel\u00e9s avec une douceur incomparable.<\/p>\n<h2 data-path-to-node=\"9,4,1,1,3\">Une batterie amovible et intelligente<\/h2>\n<p data-path-to-node=\"9,4,1,1,4\">Log\u00e9e sous le porte-bagages, elle se retire en un geste pour \u00eatre charg\u00e9e \u00e0 la maison. Chez <b data-path-to-node=\"9,4,1,1,4\" data-index-in-node=\"92\">Loisir \u00c9lectronique<\/b>, nous aimons ce mod\u00e8le pour son endurance et son \u00e9quipement \u00ab\u00a0tout-confort\u00a0\u00bb.<\/p>\n<h2 data-path-to-node=\"9,4,1,1,3\">Une batterie amovible et intelligente<\/h2>\n<p data-path-to-node=\"9,4,1,1,4\">Log\u00e9e sous le porte-bagages, elle se retire en un geste pour \u00eatre charg\u00e9e \u00e0 la maison. Chez <b data-path-to-node=\"9,4,1,1,4\" data-index-in-node=\"92\">Loisir \u00c9lectronique<\/b>, nous aimons ce mod\u00e8le pour son endurance et son \u00e9quipement \u00ab\u00a0tout-confort\u00a0\u00bb.<\/p>\n<p data-path-to-node=\"9,4,1,1,5,0,0\">\u00a0<i data-path-to-node=\"9,4,1,1,5,0,0\" data-index-in-node=\"19\">Simplifiez votre quotidien avec nos <a class=\"ng-star-inserted\" href=\"https:\/\/loisirelectronique.com\/nl\/product-categorie\/velos\/velo-electrique\/velo-urbain\/\" target=\"_blank\" rel=\"noopener\" data-hveid=\"0\" data-ved=\"0CAAQ_4QMahgKEwjI7tCHktmTAxUAAAAAHQAAAAAQ6gI\">V\u00e9los Urbains<\/a>.<\/i><\/p>\n<ul>\n<li data-start=\"1061\" data-end=\"1084\">\n<p data-start=\"1063\" data-end=\"1084\"><strong data-start=\"1063\" data-end=\"1073\">Marque<\/strong> : Gitane<\/p>\n<\/li>\n<li data-start=\"1085\" data-end=\"1122\">\n<p data-start=\"1087\" data-end=\"1122\"><strong data-start=\"1087\" data-end=\"1097\">Mod\u00e8le<\/strong> : ORGAN\u2019e-Bike Central<\/p>\n<\/li>\n<li data-start=\"1123\" data-end=\"1176\">\n<p data-start=\"1125\" data-end=\"1176\"><strong data-start=\"1125\" data-end=\"1141\">Type de v\u00e9lo<\/strong> : V\u00e9lo \u00e9lectrique urbain premium<\/p>\n<\/li>\n<li data-start=\"1177\" data-end=\"1225\">\n<p data-start=\"1179\" data-end=\"1225\"><strong data-start=\"1179\" data-end=\"1188\">Cadre<\/strong> : Aluminium renforc\u00e9 haute qualit\u00e9<\/p>\n<\/li>\n<li data-start=\"1226\" data-end=\"1258\">\n<p data-start=\"1228\" data-end=\"1258\"><strong data-start=\"1228\" data-end=\"1244\">Taille roues<\/strong> : 28 pouces<\/p>\n<\/li>\n<li data-start=\"1259\" data-end=\"1304\">\n<p data-start=\"1261\" data-end=\"1304\"><strong data-start=\"1261\" data-end=\"1277\">Transmission<\/strong> : 7 \u00e0 9 vitesses Shimano<\/p>\n<\/li>\n<li data-start=\"1305\" data-end=\"1349\">\n<p data-start=\"1307\" data-end=\"1349\"><strong data-start=\"1307\" data-end=\"1321\">D\u00e9railleur<\/strong> : Shimano haute pr\u00e9cision<\/p>\n<\/li>\n<li data-start=\"1350\" data-end=\"1405\">\n<p data-start=\"1352\" data-end=\"1405\"><strong data-start=\"1352\" data-end=\"1362\">Freins<\/strong> : Freins \u00e0 disque hydrauliques puissants<\/p>\n<\/li>\n<li data-start=\"1406\" data-end=\"1480\">\n<p data-start=\"1408\" data-end=\"1480\"><strong data-start=\"1408\" data-end=\"1418\">Moteur<\/strong> : Moteur central (p\u00e9dalier), assistance fluide et naturelle<\/p>\n<\/li>\n<li data-start=\"1481\" data-end=\"1513\">\n<p data-start=\"1483\" data-end=\"1513\"><strong data-start=\"1483\" data-end=\"1503\">Puissance moteur<\/strong> : 250 W<\/p>\n<\/li>\n<li data-start=\"1514\" data-end=\"1579\">\n<p data-start=\"1516\" data-end=\"1579\"><strong data-start=\"1516\" data-end=\"1528\">Batterie<\/strong> : Lithium-ion int\u00e9gr\u00e9e, autonomie jusqu\u2019\u00e0 100 km<\/p>\n<\/li>\n<li data-start=\"1580\" data-end=\"1618\">\n<p data-start=\"1582\" data-end=\"1618\"><strong data-start=\"1582\" data-end=\"1601\">Temps de charge<\/strong> : 4 \u00e0 6 heures<\/p>\n<\/li>\n<li data-start=\"1619\" data-end=\"1689\">\n<p data-start=\"1621\" data-end=\"1689\"><strong data-start=\"1621\" data-end=\"1638\">Couple moteur<\/strong> : \u00c9lev\u00e9, id\u00e9al pour mont\u00e9es et longues distances<\/p>\n<\/li>\n<li data-start=\"1690\" data-end=\"1733\">\n<p data-start=\"1692\" data-end=\"1733\"><strong data-start=\"1692\" data-end=\"1701\">Selle<\/strong> : Confort premium ergonomique<\/p>\n<\/li>\n<li data-start=\"1734\" data-end=\"1787\">\n<p data-start=\"1736\" data-end=\"1787\"><strong data-start=\"1736\" data-end=\"1746\">Guidon<\/strong> : Ajustable pour posture personnalis\u00e9e<\/p>\n<\/li>\n<li data-start=\"1788\" data-end=\"1817\">\n<p data-start=\"1790\" data-end=\"1817\"><strong data-start=\"1790\" data-end=\"1799\">Poids<\/strong> : Environ 24 kg<\/p>\n<\/li>\n<li data-start=\"1818\" data-end=\"1866\">\n<p data-start=\"1820\" data-end=\"1866\"><strong data-start=\"1820\" data-end=\"1829\">Pneus<\/strong> : Urbains renforc\u00e9s anti-crevaison<\/p>\n<\/li>\n<li data-start=\"1867\" data-end=\"1930\">\n<p data-start=\"1869\" data-end=\"1930\"><strong data-start=\"1869\" data-end=\"1893\">Position de conduite<\/strong> : Droite, confortable et naturelle<\/p>\n<\/li>\n<li data-start=\"1931\" data-end=\"2007\">\n<p data-start=\"1933\" data-end=\"2007\"><strong data-start=\"1933\" data-end=\"1948\">Accessoires<\/strong> : Porte-bagages, garde-boue, \u00e9clairage int\u00e9gr\u00e9, b\u00e9quille<\/p>\n<\/li>\n<li data-start=\"2008\" data-end=\"2090\">\n<p data-start=\"2010\" data-end=\"2090\"><strong data-start=\"2010\" data-end=\"2026\">Avantage cl\u00e9<\/strong> : Moteur central = \u00e9quilibre parfait + puissance + efficacit\u00e9<\/p>\n<\/li>\n<\/ul>","protected":false},"excerpt":{"rendered":"<p data-start=\"2128\" data-end=\"2442\">Le Gitane ORGAN\u2019e\u2011Bike Central repr\u00e9sente le haut de gamme du v\u00e9lo \u00e9lectrique urbain, con\u00e7u pour offrir une exp\u00e9rience de conduite exceptionnelle. Gr\u00e2ce \u00e0 son moteur central, il garantit une assistance fluide, naturelle et parfaitement \u00e9quilibr\u00e9e, id\u00e9ale pour les trajets en ville comme pour les longues distances.<\/p>\n<p data-start=\"2444\" data-end=\"2704\">Sa puissance de 250 W combin\u00e9e \u00e0 une batterie haute autonomie permet de parcourir jusqu\u2019\u00e0 100 km avec un confort optimal. Le moteur central am\u00e9liore la r\u00e9partition du poids et offre un meilleur rendement, notamment dans les mont\u00e9es ou lors d\u2019un usage intensif.<\/p>","protected":false},"featured_media":30292,"comment_status":"closed","ping_status":"closed","template":"","meta":[],"product_brand":[324],"product_cat":[323,38,44],"product_tag":[],"class_list":{"0":"post-30290","1":"product","2":"type-product","3":"status-publish","4":"has-post-thumbnail","6":"product_brand-gitane","7":"product_cat-velo-urbain","8":"product_cat-velo-electrique","9":"product_cat-velos","11":"first","12":"instock","13":"featured","14":"taxable","15":"shipping-taxable","16":"purchasable","17":"product-type-variable"},"yoast_head":"<!-- This site is optimized with the Yoast SEO plugin v27.5 - https:\/\/yoast.com\/product\/yoast-seo-wordpress\/ -->\n<title>Gitane ORGAN\u2019e-Bike Central - VAE Moteur Central Shimano - Loisir Electronique<\/title>\n<meta name=\"description\" content=\"D\u00e9couvrez le Gitane ORGAN\u2019e-Bike Central. La puissance du moteur central Shimano Steps pour une conduite fluide et naturelle.\" \/>\n<meta name=\"robots\" content=\"index, follow, max-snippet:-1, max-image-preview:large, max-video-preview:-1\" \/>\n<link rel=\"canonical\" href=\"https:\/\/loisirelectronique.com\/nl\/product\/gitane-organe-e-bike-central-vae-moteur-central-shimano\/\" \/>\n<meta property=\"og:locale\" content=\"nl_NL\" \/>\n<meta property=\"og:type\" content=\"article\" \/>\n<meta property=\"og:title\" content=\"Gitane ORGAN\u2019e-Bike Central - VAE Moteur Central Shimano - Loisir Electronique\" \/>\n<meta property=\"og:description\" content=\"D\u00e9couvrez le Gitane ORGAN\u2019e-Bike Central. La puissance du moteur central Shimano Steps pour une conduite fluide et naturelle.\" \/>\n<meta property=\"og:url\" content=\"https:\/\/loisirelectronique.com\/nl\/product\/gitane-organe-e-bike-central-vae-moteur-central-shimano\/\" \/>\n<meta property=\"og:site_name\" content=\"Loisir Electronique\" \/>\n<meta property=\"article:modified_time\" content=\"2026-05-09T00:36:50+00:00\" \/>\n<meta property=\"og:image\" content=\"http:\/\/loisirelectronique.com\/wp-content\/uploads\/2026\/04\/Velo-Gitane-ORGANe\u2011Bike-Central-electrique-moteur-central-haute-performance.jpeg\" \/>\n\t<meta property=\"og:image:width\" content=\"536\" \/>\n\t<meta property=\"og:image:height\" content=\"393\" \/>\n\t<meta property=\"og:image:type\" content=\"image\/jpeg\" \/>\n<meta name=\"twitter:card\" content=\"summary_large_image\" \/>\n<meta name=\"twitter:label1\" content=\"Geschatte leestijd\" \/>\n\t<meta name=\"twitter:data1\" content=\"2 minuten\" \/>\n<script type=\"application\/ld+json\" class=\"yoast-schema-graph\">{\"@context\":\"https:\\\/\\\/schema.org\",\"@graph\":[{\"@type\":\"WebPage\",\"@id\":\"https:\\\/\\\/loisirelectronique.com\\\/produit\\\/gitane-organe-e-bike-central-vae-moteur-central-shimano\\\/\",\"url\":\"https:\\\/\\\/loisirelectronique.com\\\/produit\\\/gitane-organe-e-bike-central-vae-moteur-central-shimano\\\/\",\"name\":\"Gitane ORGAN\u2019e-Bike Central - VAE Moteur Central Shimano - Loisir Electronique\",\"isPartOf\":{\"@id\":\"https:\\\/\\\/loisirelectronique.com\\\/#website\"},\"primaryImageOfPage\":{\"@id\":\"https:\\\/\\\/loisirelectronique.com\\\/produit\\\/gitane-organe-e-bike-central-vae-moteur-central-shimano\\\/#primaryimage\"},\"image\":{\"@id\":\"https:\\\/\\\/loisirelectronique.com\\\/produit\\\/gitane-organe-e-bike-central-vae-moteur-central-shimano\\\/#primaryimage\"},\"thumbnailUrl\":\"https:\\\/\\\/loisirelectronique.com\\\/wp-content\\\/uploads\\\/2026\\\/04\\\/Velo-Gitane-ORGANe\u2011Bike-Central-electrique-moteur-central-haute-performance.jpeg\",\"datePublished\":\"2026-04-06T23:19:54+00:00\",\"dateModified\":\"2026-05-09T00:36:50+00:00\",\"description\":\"D\u00e9couvrez le Gitane ORGAN\u2019e-Bike Central. La puissance du moteur central Shimano Steps pour une conduite fluide et naturelle.\",\"breadcrumb\":{\"@id\":\"https:\\\/\\\/loisirelectronique.com\\\/produit\\\/gitane-organe-e-bike-central-vae-moteur-central-shimano\\\/#breadcrumb\"},\"inLanguage\":\"nl-NL\",\"potentialAction\":[{\"@type\":\"ReadAction\",\"target\":[\"https:\\\/\\\/loisirelectronique.com\\\/produit\\\/gitane-organe-e-bike-central-vae-moteur-central-shimano\\\/\"]}]},{\"@type\":\"ImageObject\",\"inLanguage\":\"nl-NL\",\"@id\":\"https:\\\/\\\/loisirelectronique.com\\\/produit\\\/gitane-organe-e-bike-central-vae-moteur-central-shimano\\\/#primaryimage\",\"url\":\"https:\\\/\\\/loisirelectronique.com\\\/wp-content\\\/uploads\\\/2026\\\/04\\\/Velo-Gitane-ORGANe\u2011Bike-Central-electrique-moteur-central-haute-performance.jpeg\",\"contentUrl\":\"https:\\\/\\\/loisirelectronique.com\\\/wp-content\\\/uploads\\\/2026\\\/04\\\/Velo-Gitane-ORGANe\u2011Bike-Central-electrique-moteur-central-haute-performance.jpeg\",\"width\":536,\"height\":393,\"caption\":\"Velo electrique Gitane Organ e-Bike Central avec moteur pedalier Shimano.\"},{\"@type\":\"BreadcrumbList\",\"@id\":\"https:\\\/\\\/loisirelectronique.com\\\/produit\\\/gitane-organe-e-bike-central-vae-moteur-central-shimano\\\/#breadcrumb\",\"itemListElement\":[{\"@type\":\"ListItem\",\"position\":1,\"name\":\"Accueil\",\"item\":\"https:\\\/\\\/loisirelectronique.com\\\/\"},{\"@type\":\"ListItem\",\"position\":2,\"name\":\"Boutique\",\"item\":\"https:\\\/\\\/loisirelectronique.com\\\/velos-electriques-accessoires-trottinettes\\\/\"},{\"@type\":\"ListItem\",\"position\":3,\"name\":\"Gitane ORGAN\u2019e-Bike Central &#8211; VAE Moteur Central Shimano\"}]},{\"@type\":\"WebSite\",\"@id\":\"https:\\\/\\\/loisirelectronique.com\\\/#website\",\"url\":\"https:\\\/\\\/loisirelectronique.com\\\/\",\"name\":\"Loisir Electronique\",\"description\":\"Innovation, qualit\u00e9, performance\",\"publisher\":{\"@id\":\"https:\\\/\\\/loisirelectronique.com\\\/#organization\"},\"potentialAction\":[{\"@type\":\"SearchAction\",\"target\":{\"@type\":\"EntryPoint\",\"urlTemplate\":\"https:\\\/\\\/loisirelectronique.com\\\/?s={search_term_string}\"},\"query-input\":{\"@type\":\"PropertyValueSpecification\",\"valueRequired\":true,\"valueName\":\"search_term_string\"}}],\"inLanguage\":\"nl-NL\"},{\"@type\":\"Organization\",\"@id\":\"https:\\\/\\\/loisirelectronique.com\\\/#organization\",\"name\":\"Loisir Electronique\",\"url\":\"https:\\\/\\\/loisirelectronique.com\\\/\",\"logo\":{\"@type\":\"ImageObject\",\"inLanguage\":\"nl-NL\",\"@id\":\"https:\\\/\\\/loisirelectronique.com\\\/#\\\/schema\\\/logo\\\/image\\\/\",\"url\":\"http:\\\/\\\/loisirelectronique.com\\\/wp-content\\\/uploads\\\/2026\\\/03\\\/IMG-20260325-WA00112.jpg\",\"contentUrl\":\"http:\\\/\\\/loisirelectronique.com\\\/wp-content\\\/uploads\\\/2026\\\/03\\\/IMG-20260325-WA00112.jpg\",\"width\":418,\"height\":124,\"caption\":\"Loisir Electronique\"},\"image\":{\"@id\":\"https:\\\/\\\/loisirelectronique.com\\\/#\\\/schema\\\/logo\\\/image\\\/\"}}]}<\/script>\n<!-- \/ Yoast SEO plugin. -->","yoast_head_json":{"title":"Gitane ORGAN\u2019e-Bike Central - VAE Moteur Central Shimano - Loisir Electronique","description":"D\u00e9couvrez le Gitane ORGAN\u2019e-Bike Central. La puissance du moteur central Shimano Steps pour une conduite fluide et naturelle.","robots":{"index":"index","follow":"follow","max-snippet":"max-snippet:-1","max-image-preview":"max-image-preview:large","max-video-preview":"max-video-preview:-1"},"canonical":"https:\/\/loisirelectronique.com\/nl\/product\/gitane-organe-e-bike-central-vae-moteur-central-shimano\/","og_locale":"nl_NL","og_type":"article","og_title":"Gitane ORGAN\u2019e-Bike Central - VAE Moteur Central Shimano - Loisir Electronique","og_description":"D\u00e9couvrez le Gitane ORGAN\u2019e-Bike Central. La puissance du moteur central Shimano Steps pour une conduite fluide et naturelle.","og_url":"https:\/\/loisirelectronique.com\/nl\/product\/gitane-organe-e-bike-central-vae-moteur-central-shimano\/","og_site_name":"Loisir Electronique","article_modified_time":"2026-05-09T00:36:50+00:00","og_image":[{"width":536,"height":393,"url":"http:\/\/loisirelectronique.com\/wp-content\/uploads\/2026\/04\/Velo-Gitane-ORGANe\u2011Bike-Central-electrique-moteur-central-haute-performance.jpeg","type":"image\/jpeg"}],"twitter_card":"summary_large_image","twitter_misc":{"Geschatte leestijd":"2 minuten"},"schema":{"@context":"https:\/\/schema.org","@graph":[{"@type":"WebPage","@id":"https:\/\/loisirelectronique.com\/produit\/gitane-organe-e-bike-central-vae-moteur-central-shimano\/","url":"https:\/\/loisirelectronique.com\/produit\/gitane-organe-e-bike-central-vae-moteur-central-shimano\/","name":"Gitane ORGAN\u2019e-Bike Central - VAE Moteur Central Shimano - Loisir Electronique","isPartOf":{"@id":"https:\/\/loisirelectronique.com\/#website"},"primaryImageOfPage":{"@id":"https:\/\/loisirelectronique.com\/produit\/gitane-organe-e-bike-central-vae-moteur-central-shimano\/#primaryimage"},"image":{"@id":"https:\/\/loisirelectronique.com\/produit\/gitane-organe-e-bike-central-vae-moteur-central-shimano\/#primaryimage"},"thumbnailUrl":"https:\/\/loisirelectronique.com\/wp-content\/uploads\/2026\/04\/Velo-Gitane-ORGANe\u2011Bike-Central-electrique-moteur-central-haute-performance.jpeg","datePublished":"2026-04-06T23:19:54+00:00","dateModified":"2026-05-09T00:36:50+00:00","description":"D\u00e9couvrez le Gitane ORGAN\u2019e-Bike Central. La puissance du moteur central Shimano Steps pour une conduite fluide et naturelle.","breadcrumb":{"@id":"https:\/\/loisirelectronique.com\/produit\/gitane-organe-e-bike-central-vae-moteur-central-shimano\/#breadcrumb"},"inLanguage":"nl-NL","potentialAction":[{"@type":"ReadAction","target":["https:\/\/loisirelectronique.com\/produit\/gitane-organe-e-bike-central-vae-moteur-central-shimano\/"]}]},{"@type":"ImageObject","inLanguage":"nl-NL","@id":"https:\/\/loisirelectronique.com\/produit\/gitane-organe-e-bike-central-vae-moteur-central-shimano\/#primaryimage","url":"https:\/\/loisirelectronique.com\/wp-content\/uploads\/2026\/04\/Velo-Gitane-ORGANe\u2011Bike-Central-electrique-moteur-central-haute-performance.jpeg","contentUrl":"https:\/\/loisirelectronique.com\/wp-content\/uploads\/2026\/04\/Velo-Gitane-ORGANe\u2011Bike-Central-electrique-moteur-central-haute-performance.jpeg","width":536,"height":393,"caption":"Velo electrique Gitane Organ e-Bike Central avec moteur pedalier Shimano."},{"@type":"BreadcrumbList","@id":"https:\/\/loisirelectronique.com\/produit\/gitane-organe-e-bike-central-vae-moteur-central-shimano\/#breadcrumb","itemListElement":[{"@type":"ListItem","position":1,"name":"Accueil","item":"https:\/\/loisirelectronique.com\/"},{"@type":"ListItem","position":2,"name":"Boutique","item":"https:\/\/loisirelectronique.com\/velos-electriques-accessoires-trottinettes\/"},{"@type":"ListItem","position":3,"name":"Gitane ORGAN\u2019e-Bike Central &#8211; VAE Moteur Central Shimano"}]},{"@type":"WebSite","@id":"https:\/\/loisirelectronique.com\/#website","url":"https:\/\/loisirelectronique.com\/","name":"Loisir Electronique","description":"Innovation, qualit\u00e9, performance","publisher":{"@id":"https:\/\/loisirelectronique.com\/#organization"},"potentialAction":[{"@type":"SearchAction","target":{"@type":"EntryPoint","urlTemplate":"https:\/\/loisirelectronique.com\/?s={search_term_string}"},"query-input":{"@type":"PropertyValueSpecification","valueRequired":true,"valueName":"search_term_string"}}],"inLanguage":"nl-NL"},{"@type":"Organization","@id":"https:\/\/loisirelectronique.com\/#organization","name":"Loisir Electronique","url":"https:\/\/loisirelectronique.com\/","logo":{"@type":"ImageObject","inLanguage":"nl-NL","@id":"https:\/\/loisirelectronique.com\/#\/schema\/logo\/image\/","url":"http:\/\/loisirelectronique.com\/wp-content\/uploads\/2026\/03\/IMG-20260325-WA00112.jpg","contentUrl":"http:\/\/loisirelectronique.com\/wp-content\/uploads\/2026\/03\/IMG-20260325-WA00112.jpg","width":418,"height":124,"caption":"Loisir Electronique"},"image":{"@id":"https:\/\/loisirelectronique.com\/#\/schema\/logo\/image\/"}}]}},"jetpack_sharing_enabled":true,"_links":{"self":[{"href":"https:\/\/loisirelectronique.com\/nl\/wp-json\/wp\/v2\/product\/30290","targetHints":{"allow":["GET"]}}],"collection":[{"href":"https:\/\/loisirelectronique.com\/nl\/wp-json\/wp\/v2\/product"}],"about":[{"href":"https:\/\/loisirelectronique.com\/nl\/wp-json\/wp\/v2\/types\/product"}],"replies":[{"embeddable":true,"href":"https:\/\/loisirelectronique.com\/nl\/wp-json\/wp\/v2\/comments?post=30290"}],"version-history":[{"count":1,"href":"https:\/\/loisirelectronique.com\/nl\/wp-json\/wp\/v2\/product\/30290\/revisions"}],"predecessor-version":[{"id":30293,"href":"https:\/\/loisirelectronique.com\/nl\/wp-json\/wp\/v2\/product\/30290\/revisions\/30293"}],"wp:featuredmedia":[{"embeddable":true,"href":"https:\/\/loisirelectronique.com\/nl\/wp-json\/wp\/v2\/media\/30292"}],"wp:attachment":[{"href":"https:\/\/loisirelectronique.com\/nl\/wp-json\/wp\/v2\/media?parent=30290"}],"wp:term":[{"taxonomy":"product_brand","embeddable":true,"href":"https:\/\/loisirelectronique.com\/nl\/wp-json\/wp\/v2\/product_brand?post=30290"},{"taxonomy":"product_cat","embeddable":true,"href":"https:\/\/loisirelectronique.com\/nl\/wp-json\/wp\/v2\/product_cat?post=30290"},{"taxonomy":"product_tag","embeddable":true,"href":"https:\/\/loisirelectronique.com\/nl\/wp-json\/wp\/v2\/product_tag?post=30290"}],"curies":[{"name":"wp","href":"https:\/\/api.w.org\/{rel}","templated":true}]}}