{"id":30283,"date":"2026-04-06T23:05:49","date_gmt":"2026-04-06T23:05:49","guid":{"rendered":"https:\/\/loisirelectronique.com\/?post_type=product&#038;p=30283"},"modified":"2026-05-09T13:04:16","modified_gmt":"2026-05-09T13:04:16","slug":"gitane-organ-e-bike-standard-vae-urbain-accessible","status":"publish","type":"product","link":"https:\/\/loisirelectronique.com\/nl\/product\/gitane-organ-e-bike-standard-vae-urbain-accessible\/","title":{"rendered":"Gitane Organ e-Bike Standard &#8211; VAE Urbain Accessible"},"content":{"rendered":"<h2 data-path-to-node=\"5,4,1,1,1\">L&rsquo;essentiel de la mobilit\u00e9 \u00e9lectrique urbaine<\/h2>\n<p data-path-to-node=\"5,4,1,1,2\">Le <b data-path-to-node=\"5,4,1,1,2\" data-index-in-node=\"3\">Gitane Organ e-Bike<\/b> prouve qu&rsquo;il n&rsquo;est pas n\u00e9cessaire de se ruiner pour rouler en \u00e9lectrique. Son cadre en aluminium est \u00e0 la fois l\u00e9ger et rigide, offrant une stabilit\u00e9 rassurante dans les rues encombr\u00e9es. En utilisant le <b data-path-to-node=\"5,4,1,1,2\" data-index-in-node=\"226\">Gitane Organ e-Bike<\/b>, vous b\u00e9n\u00e9ficiez d&rsquo;une assistance progressive qui se d\u00e9clenche d\u00e8s les premiers coups de p\u00e9dale. C&rsquo;est le v\u00e9lo parfait pour les petits trajets urbains, les courses ou pour se rendre au travail sans arriver essouffl\u00e9. Sa conception simple limite les besoins d&rsquo;entretien complexe, en faisant un alli\u00e9 durable pour votre budget.<\/p>\n<h2 data-path-to-node=\"5,4,1,1,3\">Motorisation E-Going : une traction fluide<\/h2>\n<p data-path-to-node=\"5,4,1,1,4\">Le moteur int\u00e9gr\u00e9 \u00e0 la roue arri\u00e8re procure une sensation de pouss\u00e9e dynamique et silencieuse. Chez <b data-path-to-node=\"5,4,1,1,4\" data-index-in-node=\"100\">Loisir \u00c9lectronique<\/b>, nous recommandons ce mod\u00e8le pour son honn\u00eatet\u00e9 technique et sa fiabilit\u00e9 sign\u00e9e Gitane.<\/p>\n<h2 data-path-to-node=\"8,4,1,1,3\">Protection et propret\u00e9 en ville<\/h2>\n<p data-path-to-node=\"8,4,1,1,4\">Le carter de cha\u00eene \u00e9vite les taches de graisse sur vos v\u00eatements, m\u00eame en tenue de bureau. Chez <b data-path-to-node=\"8,4,1,1,4\" data-index-in-node=\"97\">Loisir \u00c9lectronique<\/b>, nous aimons ce mod\u00e8le pour son c\u00f4t\u00e9 \u00ab\u00a0utilitaire chic\u00a0\u00bb qui simplifie la vie des citadins.<\/p>\n<p data-path-to-node=\"8,4,1,1,5,0,0\">\u00a0<i data-path-to-node=\"8,4,1,1,5,0,0\" data-index-in-node=\"19\">Simplifiez vos trajets avec nos <a class=\"ng-star-inserted\" href=\"https:\/\/loisirelectronique.com\/nl\/product-categorie\/velos\/velo-electrique\/velo-urbain\/\" target=\"_blank\" rel=\"noopener\" data-hveid=\"0\" data-ved=\"0CAAQ_4QMahgKEwjI7tCHktmTAxUAAAAAHQAAAAAQrgI\">V\u00e9los Urbains \u00c9lectriques<\/a>.<\/i><\/p>\n<ul>\n<li data-start=\"999\" data-end=\"1022\">\n<p data-start=\"1001\" data-end=\"1022\"><strong data-start=\"1001\" data-end=\"1011\">Marque<\/strong> : Gitane<\/p>\n<\/li>\n<li data-start=\"1023\" data-end=\"1061\">\n<p data-start=\"1025\" data-end=\"1061\"><strong data-start=\"1025\" data-end=\"1035\">Mod\u00e8le<\/strong> : ORGAN\u2019e\u2011Bike Standard<\/p>\n<\/li>\n<li data-start=\"1062\" data-end=\"1107\">\n<p data-start=\"1064\" data-end=\"1107\"><strong data-start=\"1064\" data-end=\"1080\">Type de v\u00e9lo<\/strong> : V\u00e9lo \u00e9lectrique urbain<\/p>\n<\/li>\n<li data-start=\"1108\" data-end=\"1150\">\n<p data-start=\"1110\" data-end=\"1150\"><strong data-start=\"1110\" data-end=\"1119\">Cadre<\/strong> : Aluminium l\u00e9ger et robuste<\/p>\n<\/li>\n<li data-start=\"1151\" data-end=\"1183\">\n<p data-start=\"1153\" data-end=\"1183\"><strong data-start=\"1153\" data-end=\"1169\">Taille roues<\/strong> : 28 pouces<\/p>\n<\/li>\n<li data-start=\"1184\" data-end=\"1225\">\n<p data-start=\"1186\" data-end=\"1225\"><strong data-start=\"1186\" data-end=\"1202\">Transmission<\/strong> : 7 vitesses Shimano<\/p>\n<\/li>\n<li data-start=\"1226\" data-end=\"1272\">\n<p data-start=\"1228\" data-end=\"1272\"><strong data-start=\"1228\" data-end=\"1242\">D\u00e9railleur<\/strong> : Shimano pr\u00e9cis et durable<\/p>\n<\/li>\n<li data-start=\"1273\" data-end=\"1345\">\n<p data-start=\"1275\" data-end=\"1345\"><strong data-start=\"1275\" data-end=\"1285\">Freins<\/strong> : Freins \u00e0 disque avant et arri\u00e8re pour s\u00e9curit\u00e9 maximale<\/p>\n<\/li>\n<li data-start=\"1346\" data-end=\"1406\">\n<p data-start=\"1348\" data-end=\"1406\"><strong data-start=\"1348\" data-end=\"1358\">Moteur<\/strong> : 250 W brushless, assistance jusqu\u2019\u00e0 25 km\/h<\/p>\n<\/li>\n<li data-start=\"1407\" data-end=\"1473\">\n<p data-start=\"1409\" data-end=\"1473\"><strong data-start=\"1409\" data-end=\"1421\">Batterie<\/strong> : Lithium-ion 36V \/ 10Ah, autonomie jusqu\u2019\u00e0 80 km<\/p>\n<\/li>\n<li data-start=\"1474\" data-end=\"1512\">\n<p data-start=\"1476\" data-end=\"1512\"><strong data-start=\"1476\" data-end=\"1495\">Temps de charge<\/strong> : 4 \u00e0 6 heures<\/p>\n<\/li>\n<li data-start=\"1513\" data-end=\"1555\">\n<p data-start=\"1515\" data-end=\"1555\"><strong data-start=\"1515\" data-end=\"1524\">Selle<\/strong> : Confortable et ergonomique<\/p>\n<\/li>\n<li data-start=\"1556\" data-end=\"1600\">\n<p data-start=\"1558\" data-end=\"1600\"><strong data-start=\"1558\" data-end=\"1568\">Guidon<\/strong> : Relev\u00e9 pour conduite droite<\/p>\n<\/li>\n<li data-start=\"1601\" data-end=\"1630\">\n<p data-start=\"1603\" data-end=\"1630\"><strong data-start=\"1603\" data-end=\"1612\">Poids<\/strong> : Environ 22 kg<\/p>\n<\/li>\n<li data-start=\"1631\" data-end=\"1682\">\n<p data-start=\"1633\" data-end=\"1682\"><strong data-start=\"1633\" data-end=\"1642\">Pneus<\/strong> : Route et urbain, adh\u00e9rence optimale<\/p>\n<\/li>\n<li data-start=\"1683\" data-end=\"1735\">\n<p data-start=\"1685\" data-end=\"1735\"><strong data-start=\"1685\" data-end=\"1709\">Position de conduite<\/strong> : Droite et ergonomique<\/p>\n<\/li>\n<li data-start=\"1736\" data-end=\"1801\">\n<p data-start=\"1738\" data-end=\"1801\"><strong data-start=\"1738\" data-end=\"1753\">Accessoires<\/strong> : Porte-bagages arri\u00e8re, garde-boue, b\u00e9quille<\/p>\n<\/li>\n<li data-start=\"1802\" data-end=\"1841\">\n<p data-start=\"1804\" data-end=\"1841\"><strong data-start=\"1804\" data-end=\"1820\">Public cible<\/strong> : Hommes et femmes<\/p>\n<\/li>\n<li data-start=\"1842\" data-end=\"1913\">\n<p data-start=\"1844\" data-end=\"1913\"><strong data-start=\"1844\" data-end=\"1853\">Usage<\/strong> : D\u00e9placements urbains, trajets domicile-travail, balades<\/p>\n<\/li>\n<li data-start=\"1914\" data-end=\"1995\">\n<p data-start=\"1916\" data-end=\"1995\"><strong data-start=\"1916\" data-end=\"1932\">Avantage cl\u00e9<\/strong> : Confort \u00e9lectrique, autonomie longue distance, maniabilit\u00e9<\/p>\n<\/li>\n<\/ul>\n<hr data-path-to-node=\"9\" \/>\n<h3 data-path-to-node=\"10\"><\/h3>","protected":false},"excerpt":{"rendered":"<p data-start=\"2033\" data-end=\"2342\">Le <span class=\"hover:entity-accent entity-underline inline cursor-pointer align-baseline\"><span class=\"whitespace-normal\">Gitane ORGAN\u2019e\u2011Bike Standard<\/span><\/span> est un v\u00e9lo \u00e9lectrique urbain pens\u00e9 pour les citadins qui recherchent confort, puissance et praticit\u00e9. \u00c9quip\u00e9 d\u2019un moteur 250 W et d\u2019une batterie longue autonomie, il permet des d\u00e9placements jusqu\u2019\u00e0 80 km sans effort, parfait pour le quotidien ou les balades en ville.<\/p>\n<p data-start=\"2344\" data-end=\"2593\">Sa transmission Shimano \u00e0 7 vitesses, combin\u00e9e \u00e0 un cadre l\u00e9ger en aluminium et des freins \u00e0 disque performants, garantit s\u00e9curit\u00e9 et maniabilit\u00e9. La position de conduite droite et ergonomique assure un confort optimal m\u00eame sur de longues distances.<\/p>\n<p data-start=\"2595\" data-end=\"2860\">Pratique, le Gitane ORGAN\u2019e\u2011Bike Standard dispose \u00e9galement d\u2019un porte-bagages, de garde-boue et d\u2019une b\u00e9quille pour un usage complet en ville. \u00c9l\u00e9gant et fiable, c\u2019est le v\u00e9lo \u00e9lectrique id\u00e9al pour tous ceux qui veulent allier mobilit\u00e9 durable, style et confort.<\/p>","protected":false},"featured_media":30285,"comment_status":"closed","ping_status":"closed","template":"","meta":[],"product_brand":[324],"product_cat":[323,38,44],"product_tag":[],"class_list":{"0":"post-30283","1":"product","2":"type-product","3":"status-publish","4":"has-post-thumbnail","6":"product_brand-gitane","7":"product_cat-velo-urbain","8":"product_cat-velo-electrique","9":"product_cat-velos","11":"first","12":"instock","13":"taxable","14":"shipping-taxable","15":"purchasable","16":"product-type-variable"},"yoast_head":"<!-- This site is optimized with the Yoast SEO plugin v27.6 - https:\/\/yoast.com\/product\/yoast-seo-wordpress\/ -->\n<title>Gitane Organ e-Bike Standard - VAE Urbain Accessible - Loisir Electronique<\/title>\n<meta name=\"description\" content=\"D\u00e9couvrez le Gitane ORGAN\u2019e-Bike Standard. Le v\u00e9lo \u00e9lectrique de ville fiable et abordable. Moteur E-Going, cadre aluminium et confort Gitane.\" \/>\n<meta name=\"robots\" content=\"index, follow, max-snippet:-1, max-image-preview:large, max-video-preview:-1\" \/>\n<link rel=\"canonical\" href=\"https:\/\/loisirelectronique.com\/nl\/product\/gitane-organ-e-bike-standard-vae-urbain-accessible\/\" \/>\n<meta property=\"og:locale\" content=\"nl_NL\" \/>\n<meta property=\"og:type\" content=\"article\" \/>\n<meta property=\"og:title\" content=\"Gitane Organ e-Bike Standard - VAE Urbain Accessible - Loisir Electronique\" \/>\n<meta property=\"og:description\" content=\"D\u00e9couvrez le Gitane ORGAN\u2019e-Bike Standard. Le v\u00e9lo \u00e9lectrique de ville fiable et abordable. Moteur E-Going, cadre aluminium et confort Gitane.\" \/>\n<meta property=\"og:url\" content=\"https:\/\/loisirelectronique.com\/nl\/product\/gitane-organ-e-bike-standard-vae-urbain-accessible\/\" \/>\n<meta property=\"og:site_name\" content=\"Loisir Electronique\" \/>\n<meta property=\"article:modified_time\" content=\"2026-05-09T13:04:16+00:00\" \/>\n<meta property=\"og:image\" content=\"http:\/\/loisirelectronique.com\/wp-content\/uploads\/2026\/04\/Velo-Gitane-ORGANe\u2011Bike-Standard-electrique-urbain-pour-ville.jpeg\" \/>\n\t<meta property=\"og:image:width\" content=\"1000\" \/>\n\t<meta property=\"og:image:height\" content=\"666\" \/>\n\t<meta property=\"og:image:type\" content=\"image\/jpeg\" \/>\n<meta name=\"twitter:card\" content=\"summary_large_image\" \/>\n<meta name=\"twitter:label1\" content=\"Geschatte leestijd\" \/>\n\t<meta name=\"twitter:data1\" content=\"2 minuten\" \/>\n<script type=\"application\/ld+json\" class=\"yoast-schema-graph\">{\"@context\":\"https:\\\/\\\/schema.org\",\"@graph\":[{\"@type\":\"WebPage\",\"@id\":\"https:\\\/\\\/loisirelectronique.com\\\/produit\\\/gitane-organ-e-bike-standard-vae-urbain-accessible\\\/\",\"url\":\"https:\\\/\\\/loisirelectronique.com\\\/produit\\\/gitane-organ-e-bike-standard-vae-urbain-accessible\\\/\",\"name\":\"Gitane Organ e-Bike Standard - VAE Urbain Accessible - Loisir Electronique\",\"isPartOf\":{\"@id\":\"https:\\\/\\\/loisirelectronique.com\\\/#website\"},\"primaryImageOfPage\":{\"@id\":\"https:\\\/\\\/loisirelectronique.com\\\/produit\\\/gitane-organ-e-bike-standard-vae-urbain-accessible\\\/#primaryimage\"},\"image\":{\"@id\":\"https:\\\/\\\/loisirelectronique.com\\\/produit\\\/gitane-organ-e-bike-standard-vae-urbain-accessible\\\/#primaryimage\"},\"thumbnailUrl\":\"https:\\\/\\\/loisirelectronique.com\\\/wp-content\\\/uploads\\\/2026\\\/04\\\/Velo-Gitane-ORGANe\u2011Bike-Standard-electrique-urbain-pour-ville.jpeg\",\"datePublished\":\"2026-04-06T23:05:49+00:00\",\"dateModified\":\"2026-05-09T13:04:16+00:00\",\"description\":\"D\u00e9couvrez le Gitane ORGAN\u2019e-Bike Standard. Le v\u00e9lo \u00e9lectrique de ville fiable et abordable. Moteur E-Going, cadre aluminium et confort Gitane.\",\"breadcrumb\":{\"@id\":\"https:\\\/\\\/loisirelectronique.com\\\/produit\\\/gitane-organ-e-bike-standard-vae-urbain-accessible\\\/#breadcrumb\"},\"inLanguage\":\"nl-NL\",\"potentialAction\":[{\"@type\":\"ReadAction\",\"target\":[\"https:\\\/\\\/loisirelectronique.com\\\/produit\\\/gitane-organ-e-bike-standard-vae-urbain-accessible\\\/\"]}]},{\"@type\":\"ImageObject\",\"inLanguage\":\"nl-NL\",\"@id\":\"https:\\\/\\\/loisirelectronique.com\\\/produit\\\/gitane-organ-e-bike-standard-vae-urbain-accessible\\\/#primaryimage\",\"url\":\"https:\\\/\\\/loisirelectronique.com\\\/wp-content\\\/uploads\\\/2026\\\/04\\\/Velo-Gitane-ORGANe\u2011Bike-Standard-electrique-urbain-pour-ville.jpeg\",\"contentUrl\":\"https:\\\/\\\/loisirelectronique.com\\\/wp-content\\\/uploads\\\/2026\\\/04\\\/Velo-Gitane-ORGANe\u2011Bike-Standard-electrique-urbain-pour-ville.jpeg\",\"width\":1000,\"height\":666,\"caption\":\"Velo electrique Gitane Organ e-Bike Standard cadre ouvert.\"},{\"@type\":\"BreadcrumbList\",\"@id\":\"https:\\\/\\\/loisirelectronique.com\\\/produit\\\/gitane-organ-e-bike-standard-vae-urbain-accessible\\\/#breadcrumb\",\"itemListElement\":[{\"@type\":\"ListItem\",\"position\":1,\"name\":\"Accueil\",\"item\":\"https:\\\/\\\/loisirelectronique.com\\\/\"},{\"@type\":\"ListItem\",\"position\":2,\"name\":\"Boutique\",\"item\":\"https:\\\/\\\/loisirelectronique.com\\\/velos-electriques-accessoires-trottinettes\\\/\"},{\"@type\":\"ListItem\",\"position\":3,\"name\":\"Gitane Organ e-Bike Standard &#8211; VAE Urbain Accessible\"}]},{\"@type\":\"WebSite\",\"@id\":\"https:\\\/\\\/loisirelectronique.com\\\/#website\",\"url\":\"https:\\\/\\\/loisirelectronique.com\\\/\",\"name\":\"Loisir Electronique\",\"description\":\"Innovation, qualit\u00e9, performance\",\"publisher\":{\"@id\":\"https:\\\/\\\/loisirelectronique.com\\\/#organization\"},\"potentialAction\":[{\"@type\":\"SearchAction\",\"target\":{\"@type\":\"EntryPoint\",\"urlTemplate\":\"https:\\\/\\\/loisirelectronique.com\\\/?s={search_term_string}\"},\"query-input\":{\"@type\":\"PropertyValueSpecification\",\"valueRequired\":true,\"valueName\":\"search_term_string\"}}],\"inLanguage\":\"nl-NL\"},{\"@type\":\"Organization\",\"@id\":\"https:\\\/\\\/loisirelectronique.com\\\/#organization\",\"name\":\"Loisir Electronique\",\"url\":\"https:\\\/\\\/loisirelectronique.com\\\/\",\"logo\":{\"@type\":\"ImageObject\",\"inLanguage\":\"nl-NL\",\"@id\":\"https:\\\/\\\/loisirelectronique.com\\\/#\\\/schema\\\/logo\\\/image\\\/\",\"url\":\"http:\\\/\\\/loisirelectronique.com\\\/wp-content\\\/uploads\\\/2026\\\/03\\\/IMG-20260325-WA00112.jpg\",\"contentUrl\":\"http:\\\/\\\/loisirelectronique.com\\\/wp-content\\\/uploads\\\/2026\\\/03\\\/IMG-20260325-WA00112.jpg\",\"width\":418,\"height\":124,\"caption\":\"Loisir Electronique\"},\"image\":{\"@id\":\"https:\\\/\\\/loisirelectronique.com\\\/#\\\/schema\\\/logo\\\/image\\\/\"}}]}<\/script>\n<!-- \/ Yoast SEO plugin. -->","yoast_head_json":{"title":"Gitane Organ e-Bike Standard - VAE Urbain Accessible - Loisir Electronique","description":"D\u00e9couvrez le Gitane ORGAN\u2019e-Bike Standard. Le v\u00e9lo \u00e9lectrique de ville fiable et abordable. Moteur E-Going, cadre aluminium et confort Gitane.","robots":{"index":"index","follow":"follow","max-snippet":"max-snippet:-1","max-image-preview":"max-image-preview:large","max-video-preview":"max-video-preview:-1"},"canonical":"https:\/\/loisirelectronique.com\/nl\/product\/gitane-organ-e-bike-standard-vae-urbain-accessible\/","og_locale":"nl_NL","og_type":"article","og_title":"Gitane Organ e-Bike Standard - VAE Urbain Accessible - Loisir Electronique","og_description":"D\u00e9couvrez le Gitane ORGAN\u2019e-Bike Standard. Le v\u00e9lo \u00e9lectrique de ville fiable et abordable. Moteur E-Going, cadre aluminium et confort Gitane.","og_url":"https:\/\/loisirelectronique.com\/nl\/product\/gitane-organ-e-bike-standard-vae-urbain-accessible\/","og_site_name":"Loisir Electronique","article_modified_time":"2026-05-09T13:04:16+00:00","og_image":[{"width":1000,"height":666,"url":"http:\/\/loisirelectronique.com\/wp-content\/uploads\/2026\/04\/Velo-Gitane-ORGANe\u2011Bike-Standard-electrique-urbain-pour-ville.jpeg","type":"image\/jpeg"}],"twitter_card":"summary_large_image","twitter_misc":{"Geschatte leestijd":"2 minuten"},"schema":{"@context":"https:\/\/schema.org","@graph":[{"@type":"WebPage","@id":"https:\/\/loisirelectronique.com\/produit\/gitane-organ-e-bike-standard-vae-urbain-accessible\/","url":"https:\/\/loisirelectronique.com\/produit\/gitane-organ-e-bike-standard-vae-urbain-accessible\/","name":"Gitane Organ e-Bike Standard - VAE Urbain Accessible - Loisir Electronique","isPartOf":{"@id":"https:\/\/loisirelectronique.com\/#website"},"primaryImageOfPage":{"@id":"https:\/\/loisirelectronique.com\/produit\/gitane-organ-e-bike-standard-vae-urbain-accessible\/#primaryimage"},"image":{"@id":"https:\/\/loisirelectronique.com\/produit\/gitane-organ-e-bike-standard-vae-urbain-accessible\/#primaryimage"},"thumbnailUrl":"https:\/\/loisirelectronique.com\/wp-content\/uploads\/2026\/04\/Velo-Gitane-ORGANe\u2011Bike-Standard-electrique-urbain-pour-ville.jpeg","datePublished":"2026-04-06T23:05:49+00:00","dateModified":"2026-05-09T13:04:16+00:00","description":"D\u00e9couvrez le Gitane ORGAN\u2019e-Bike Standard. Le v\u00e9lo \u00e9lectrique de ville fiable et abordable. Moteur E-Going, cadre aluminium et confort Gitane.","breadcrumb":{"@id":"https:\/\/loisirelectronique.com\/produit\/gitane-organ-e-bike-standard-vae-urbain-accessible\/#breadcrumb"},"inLanguage":"nl-NL","potentialAction":[{"@type":"ReadAction","target":["https:\/\/loisirelectronique.com\/produit\/gitane-organ-e-bike-standard-vae-urbain-accessible\/"]}]},{"@type":"ImageObject","inLanguage":"nl-NL","@id":"https:\/\/loisirelectronique.com\/produit\/gitane-organ-e-bike-standard-vae-urbain-accessible\/#primaryimage","url":"https:\/\/loisirelectronique.com\/wp-content\/uploads\/2026\/04\/Velo-Gitane-ORGANe\u2011Bike-Standard-electrique-urbain-pour-ville.jpeg","contentUrl":"https:\/\/loisirelectronique.com\/wp-content\/uploads\/2026\/04\/Velo-Gitane-ORGANe\u2011Bike-Standard-electrique-urbain-pour-ville.jpeg","width":1000,"height":666,"caption":"Velo electrique Gitane Organ e-Bike Standard cadre ouvert."},{"@type":"BreadcrumbList","@id":"https:\/\/loisirelectronique.com\/produit\/gitane-organ-e-bike-standard-vae-urbain-accessible\/#breadcrumb","itemListElement":[{"@type":"ListItem","position":1,"name":"Accueil","item":"https:\/\/loisirelectronique.com\/"},{"@type":"ListItem","position":2,"name":"Boutique","item":"https:\/\/loisirelectronique.com\/velos-electriques-accessoires-trottinettes\/"},{"@type":"ListItem","position":3,"name":"Gitane Organ e-Bike Standard &#8211; VAE Urbain Accessible"}]},{"@type":"WebSite","@id":"https:\/\/loisirelectronique.com\/#website","url":"https:\/\/loisirelectronique.com\/","name":"Loisir Electronique","description":"Innovation, qualit\u00e9, performance","publisher":{"@id":"https:\/\/loisirelectronique.com\/#organization"},"potentialAction":[{"@type":"SearchAction","target":{"@type":"EntryPoint","urlTemplate":"https:\/\/loisirelectronique.com\/?s={search_term_string}"},"query-input":{"@type":"PropertyValueSpecification","valueRequired":true,"valueName":"search_term_string"}}],"inLanguage":"nl-NL"},{"@type":"Organization","@id":"https:\/\/loisirelectronique.com\/#organization","name":"Loisir Electronique","url":"https:\/\/loisirelectronique.com\/","logo":{"@type":"ImageObject","inLanguage":"nl-NL","@id":"https:\/\/loisirelectronique.com\/#\/schema\/logo\/image\/","url":"http:\/\/loisirelectronique.com\/wp-content\/uploads\/2026\/03\/IMG-20260325-WA00112.jpg","contentUrl":"http:\/\/loisirelectronique.com\/wp-content\/uploads\/2026\/03\/IMG-20260325-WA00112.jpg","width":418,"height":124,"caption":"Loisir Electronique"},"image":{"@id":"https:\/\/loisirelectronique.com\/#\/schema\/logo\/image\/"}}]}},"jetpack_sharing_enabled":true,"_links":{"self":[{"href":"https:\/\/loisirelectronique.com\/nl\/wp-json\/wp\/v2\/product\/30283","targetHints":{"allow":["GET"]}}],"collection":[{"href":"https:\/\/loisirelectronique.com\/nl\/wp-json\/wp\/v2\/product"}],"about":[{"href":"https:\/\/loisirelectronique.com\/nl\/wp-json\/wp\/v2\/types\/product"}],"replies":[{"embeddable":true,"href":"https:\/\/loisirelectronique.com\/nl\/wp-json\/wp\/v2\/comments?post=30283"}],"version-history":[{"count":2,"href":"https:\/\/loisirelectronique.com\/nl\/wp-json\/wp\/v2\/product\/30283\/revisions"}],"predecessor-version":[{"id":30967,"href":"https:\/\/loisirelectronique.com\/nl\/wp-json\/wp\/v2\/product\/30283\/revisions\/30967"}],"wp:featuredmedia":[{"embeddable":true,"href":"https:\/\/loisirelectronique.com\/nl\/wp-json\/wp\/v2\/media\/30285"}],"wp:attachment":[{"href":"https:\/\/loisirelectronique.com\/nl\/wp-json\/wp\/v2\/media?parent=30283"}],"wp:term":[{"taxonomy":"product_brand","embeddable":true,"href":"https:\/\/loisirelectronique.com\/nl\/wp-json\/wp\/v2\/product_brand?post=30283"},{"taxonomy":"product_cat","embeddable":true,"href":"https:\/\/loisirelectronique.com\/nl\/wp-json\/wp\/v2\/product_cat?post=30283"},{"taxonomy":"product_tag","embeddable":true,"href":"https:\/\/loisirelectronique.com\/nl\/wp-json\/wp\/v2\/product_tag?post=30283"}],"curies":[{"name":"wp","href":"https:\/\/api.w.org\/{rel}","templated":true}]}}