{"id":30274,"date":"2026-04-06T22:48:02","date_gmt":"2026-04-06T22:48:02","guid":{"rendered":"https:\/\/loisirelectronique.com\/?post_type=product&#038;p=30274"},"modified":"2026-04-06T22:48:02","modified_gmt":"2026-04-06T22:48:02","slug":"gitane-classique-velo-electrique-vintage-retro","status":"publish","type":"product","link":"https:\/\/loisirelectronique.com\/nl\/product\/gitane-classique-velo-electrique-vintage-retro\/","title":{"rendered":"Gitane Classique &#8211; V\u00e9lo \u00c9lectrique Vintage &#038; R\u00e9tro"},"content":{"rendered":"<h2 data-path-to-node=\"6,4,1,1,1\">Le charme de l&rsquo;ancien, la technologie d&rsquo;aujourd&rsquo;hui<\/h2>\n<p data-path-to-node=\"6,4,1,1,2\">Le <b data-path-to-node=\"6,4,1,1,2\" data-index-in-node=\"3\">Gitane Classique<\/b> capture l&rsquo;essence du cyclisme urbain traditionnel avec son cadre enjambement bas tr\u00e8s accessible. Ses finitions soign\u00e9es, comme sa selle large et ses poign\u00e9es ergonomiques aspect cuir, en font un v\u00e9ritable accessoire de mode. En utilisant le <b data-path-to-node=\"6,4,1,1,2\" data-index-in-node=\"262\">Gitane Classique<\/b>, vous circulez avec \u00e9l\u00e9gance tout en profitant du syst\u00e8me E-Going qui vous aide dans les c\u00f4tes et face au vent. C&rsquo;est le v\u00e9lo parfait pour fl\u00e2ner en centre-ville ou se rendre au travail avec une allure distingu\u00e9e.<\/p>\n<h2 data-path-to-node=\"6,4,1,1,3\">Une motorisation discr\u00e8te et progressive<\/h2>\n<p data-path-to-node=\"6,4,1,1,4\">Le moteur situ\u00e9 dans le moyeu avant assure une traction fluide, id\u00e9ale pour une conduite zen. Chez <b data-path-to-node=\"6,4,1,1,4\" data-index-in-node=\"99\">Loisir \u00c9lectronique<\/b>, nous recommandons ce mod\u00e8le pour son look irr\u00e9sistible et sa simplicit\u00e9 d&rsquo;utilisation.<\/p>\n<h2 data-path-to-node=\"9,4,1,1,3\">\u00c9quipement complet pour le quotidien<\/h2>\n<p data-path-to-node=\"9,4,1,1,4\">Garde-boue protecteurs et carter de cha\u00eene assortis pour garder vos v\u00eatements impeccables. Chez <b data-path-to-node=\"9,4,1,1,4\" data-index-in-node=\"96\">Loisir \u00c9lectronique<\/b>, nous aimons ce mod\u00e8le pour sa grande facilit\u00e9 au quotidien. C&rsquo;est le confort chic appliqu\u00e9 \u00e0 la mobilit\u00e9 urbaine.<\/p>\n<p data-path-to-node=\"9,4,1,1,5,0,0\"><i data-path-to-node=\"9,4,1,1,5,0,0\" data-index-in-node=\"19\">Simplifiez vos trajets avec nos <a class=\"ng-star-inserted\" href=\"https:\/\/loisirelectronique.com\/nl\/product-categorie\/velos\/velo-electrique\/velo-urbain\/\" target=\"_blank\" rel=\"noopener\" data-hveid=\"0\" data-ved=\"0CAAQ_4QMahgKEwjI7tCHktmTAxUAAAAAHQAAAAAQ8AE\">V\u00e9los Urbains \u00c9lectriques<\/a>.<\/i><\/p>\n<ul>\n<li data-start=\"861\" data-end=\"909\">\n<p data-start=\"864\" data-end=\"909\">Cadre robuste au style classique intemporel<\/p>\n<\/li>\n<li data-start=\"910\" data-end=\"961\">\n<p data-start=\"913\" data-end=\"961\">Design vintage inspir\u00e9 des v\u00e9los traditionnels<\/p>\n<\/li>\n<li data-start=\"962\" data-end=\"1015\">\n<p data-start=\"965\" data-end=\"1015\">Position de conduite droite pour plus de confort<\/p>\n<\/li>\n<li data-start=\"1016\" data-end=\"1047\">\n<p data-start=\"1019\" data-end=\"1047\">Selle large et ergonomique<\/p>\n<\/li>\n<li data-start=\"1048\" data-end=\"1093\">\n<p data-start=\"1051\" data-end=\"1093\">Guidon relev\u00e9 pour une posture naturelle<\/p>\n<\/li>\n<li data-start=\"1094\" data-end=\"1136\">\n<p data-start=\"1097\" data-end=\"1136\">Id\u00e9al pour trajets urbains et balades<\/p>\n<\/li>\n<li data-start=\"1137\" data-end=\"1181\">\n<p data-start=\"1140\" data-end=\"1181\">Roues adapt\u00e9es pour une bonne stabilit\u00e9<\/p>\n<\/li>\n<li data-start=\"1182\" data-end=\"1218\">\n<p data-start=\"1185\" data-end=\"1218\">Transmission simple et efficace<\/p>\n<\/li>\n<li data-start=\"1219\" data-end=\"1265\">\n<p data-start=\"1222\" data-end=\"1265\">Freins fiables pour une s\u00e9curit\u00e9 optimale<\/p>\n<\/li>\n<li data-start=\"1266\" data-end=\"1302\">\n<p data-start=\"1270\" data-end=\"1302\">Porte-bagages arri\u00e8re pratique<\/p>\n<\/li>\n<li data-start=\"1303\" data-end=\"1360\">\n<p data-start=\"1307\" data-end=\"1360\">Garde-boue pour protection contre les \u00e9claboussures<\/p>\n<\/li>\n<li data-start=\"1361\" data-end=\"1393\">\n<p data-start=\"1365\" data-end=\"1393\">Conduite douce et agr\u00e9able<\/p>\n<\/li>\n<li data-start=\"1394\" data-end=\"1444\">\n<p data-start=\"1398\" data-end=\"1444\">V\u00e9lo facile \u00e0 utiliser pour tous les niveaux<\/p>\n<\/li>\n<li data-start=\"1445\" data-end=\"1484\">\n<p data-start=\"1449\" data-end=\"1484\">Convient aux hommes et aux femmes<\/p>\n<\/li>\n<li data-start=\"1485\" data-end=\"1521\">\n<p data-start=\"1489\" data-end=\"1521\">Entretien simple et \u00e9conomique<\/p>\n<\/li>\n<li data-start=\"1522\" data-end=\"1558\">\n<p data-start=\"1526\" data-end=\"1558\">Bonne durabilit\u00e9 dans le temps<\/p>\n<\/li>\n<li data-start=\"1559\" data-end=\"1588\">\n<p data-start=\"1563\" data-end=\"1588\">Look \u00e9l\u00e9gant et raffin\u00e9<\/p>\n<\/li>\n<li data-start=\"1589\" data-end=\"1626\">\n<p data-start=\"1593\" data-end=\"1626\">Parfait pour un usage quotidien<\/p>\n<\/li>\n<li data-start=\"1627\" data-end=\"1670\">\n<p data-start=\"1631\" data-end=\"1670\">Excellent confort sur routes urbaines<\/p>\n<\/li>\n<li data-start=\"1671\" data-end=\"1724\">\n<p data-start=\"1675\" data-end=\"1724\">Marque reconnue pour sa qualit\u00e9 et son h\u00e9ritage<\/p>\n<\/li>\n<\/ul>","protected":false},"excerpt":{"rendered":"<p data-start=\"1762\" data-end=\"2012\">Le Gitane Classique incarne parfaitement l\u2019\u00e9l\u00e9gance intemporelle et le confort des v\u00e9los traditionnels. Avec son design r\u00e9tro inspir\u00e9 des mod\u00e8les d\u2019antan, il s\u00e9duit par son style chic tout en offrant une exp\u00e9rience de conduite agr\u00e9able et accessible.<\/p>\n<p data-start=\"2014\" data-end=\"2275\">Con\u00e7u pour la ville, ce v\u00e9lo propose une position de conduite droite qui limite la fatigue et am\u00e9liore le confort, m\u00eame sur de longues distances. Sa selle ergonomique et son guidon relev\u00e9 permettent une posture naturelle id\u00e9ale pour les d\u00e9placements quotidiens.<\/p>\n<p data-start=\"2277\" data-end=\"2536\">Pratique et fonctionnel, le Gitane Classique est \u00e9quip\u00e9 d\u2019accessoires essentiels comme un porte-bagages et des garde-boue, parfaits pour une utilisation en toute saison. Sa conception simple garantit \u00e9galement un entretien facile et une excellente durabilit\u00e9.<\/p>","protected":false},"featured_media":30275,"comment_status":"closed","ping_status":"closed","template":"","meta":[],"product_brand":[324],"product_cat":[323,44],"product_tag":[],"class_list":{"0":"post-30274","1":"product","2":"type-product","3":"status-publish","4":"has-post-thumbnail","6":"product_brand-gitane","7":"product_cat-velo-urbain","8":"product_cat-velos","10":"first","11":"instock","12":"sale","13":"taxable","14":"shipping-taxable","15":"purchasable","16":"product-type-simple"},"yoast_head":"<!-- This site is optimized with the Yoast SEO plugin v27.5 - https:\/\/yoast.com\/product\/yoast-seo-wordpress\/ -->\n<title>Gitane Classique - V\u00e9lo \u00c9lectrique Vintage &amp; R\u00e9tro - Loisir Electronique<\/title>\n<meta name=\"description\" content=\"D\u00e9couvrez le Gitane Classique. Le charme du r\u00e9tro alli\u00e9 \u00e0 l&#039;assistance \u00e9lectrique. Cadre ouvert, finitions soign\u00e9es et confort urbain.\" \/>\n<meta name=\"robots\" content=\"index, follow, max-snippet:-1, max-image-preview:large, max-video-preview:-1\" \/>\n<link rel=\"canonical\" href=\"https:\/\/loisirelectronique.com\/nl\/product\/gitane-classique-velo-electrique-vintage-retro\/\" \/>\n<meta property=\"og:locale\" content=\"nl_NL\" \/>\n<meta property=\"og:type\" content=\"article\" \/>\n<meta property=\"og:title\" content=\"Gitane Classique - V\u00e9lo \u00c9lectrique Vintage &amp; R\u00e9tro - Loisir Electronique\" \/>\n<meta property=\"og:description\" content=\"D\u00e9couvrez le Gitane Classique. Le charme du r\u00e9tro alli\u00e9 \u00e0 l&#039;assistance \u00e9lectrique. Cadre ouvert, finitions soign\u00e9es et confort urbain.\" \/>\n<meta property=\"og:url\" content=\"https:\/\/loisirelectronique.com\/nl\/product\/gitane-classique-velo-electrique-vintage-retro\/\" \/>\n<meta property=\"og:site_name\" content=\"Loisir Electronique\" \/>\n<meta property=\"og:image\" content=\"http:\/\/loisirelectronique.com\/wp-content\/uploads\/2026\/04\/Gitane-Classique-velo-vintage-confortable-pour-trajets-urbains.jpeg\" \/>\n\t<meta property=\"og:image:width\" content=\"1080\" \/>\n\t<meta property=\"og:image:height\" content=\"653\" \/>\n\t<meta property=\"og:image:type\" content=\"image\/jpeg\" \/>\n<meta name=\"twitter:card\" content=\"summary_large_image\" \/>\n<meta name=\"twitter:label1\" content=\"Geschatte leestijd\" \/>\n\t<meta name=\"twitter:data1\" content=\"2 minuten\" \/>\n<script type=\"application\/ld+json\" class=\"yoast-schema-graph\">{\"@context\":\"https:\\\/\\\/schema.org\",\"@graph\":[{\"@type\":\"WebPage\",\"@id\":\"https:\\\/\\\/loisirelectronique.com\\\/produit\\\/gitane-classique-velo-electrique-vintage-retro\\\/\",\"url\":\"https:\\\/\\\/loisirelectronique.com\\\/produit\\\/gitane-classique-velo-electrique-vintage-retro\\\/\",\"name\":\"Gitane Classique - V\u00e9lo \u00c9lectrique Vintage & R\u00e9tro - Loisir Electronique\",\"isPartOf\":{\"@id\":\"https:\\\/\\\/loisirelectronique.com\\\/#website\"},\"primaryImageOfPage\":{\"@id\":\"https:\\\/\\\/loisirelectronique.com\\\/produit\\\/gitane-classique-velo-electrique-vintage-retro\\\/#primaryimage\"},\"image\":{\"@id\":\"https:\\\/\\\/loisirelectronique.com\\\/produit\\\/gitane-classique-velo-electrique-vintage-retro\\\/#primaryimage\"},\"thumbnailUrl\":\"https:\\\/\\\/loisirelectronique.com\\\/wp-content\\\/uploads\\\/2026\\\/04\\\/Gitane-Classique-velo-vintage-confortable-pour-trajets-urbains.jpeg\",\"datePublished\":\"2026-04-06T22:48:02+00:00\",\"description\":\"D\u00e9couvrez le Gitane Classique. Le charme du r\u00e9tro alli\u00e9 \u00e0 l'assistance \u00e9lectrique. Cadre ouvert, finitions soign\u00e9es et confort urbain.\",\"breadcrumb\":{\"@id\":\"https:\\\/\\\/loisirelectronique.com\\\/produit\\\/gitane-classique-velo-electrique-vintage-retro\\\/#breadcrumb\"},\"inLanguage\":\"nl-NL\",\"potentialAction\":[{\"@type\":\"ReadAction\",\"target\":[\"https:\\\/\\\/loisirelectronique.com\\\/produit\\\/gitane-classique-velo-electrique-vintage-retro\\\/\"]}]},{\"@type\":\"ImageObject\",\"inLanguage\":\"nl-NL\",\"@id\":\"https:\\\/\\\/loisirelectronique.com\\\/produit\\\/gitane-classique-velo-electrique-vintage-retro\\\/#primaryimage\",\"url\":\"https:\\\/\\\/loisirelectronique.com\\\/wp-content\\\/uploads\\\/2026\\\/04\\\/Gitane-Classique-velo-vintage-confortable-pour-trajets-urbains.jpeg\",\"contentUrl\":\"https:\\\/\\\/loisirelectronique.com\\\/wp-content\\\/uploads\\\/2026\\\/04\\\/Gitane-Classique-velo-vintage-confortable-pour-trajets-urbains.jpeg\",\"width\":1080,\"height\":653,\"caption\":\"V\u00e9lo \u00e9lectrique Gitane Classique au style r\u00e9tro bleu ciel.\"},{\"@type\":\"BreadcrumbList\",\"@id\":\"https:\\\/\\\/loisirelectronique.com\\\/produit\\\/gitane-classique-velo-electrique-vintage-retro\\\/#breadcrumb\",\"itemListElement\":[{\"@type\":\"ListItem\",\"position\":1,\"name\":\"Accueil\",\"item\":\"https:\\\/\\\/loisirelectronique.com\\\/\"},{\"@type\":\"ListItem\",\"position\":2,\"name\":\"Boutique\",\"item\":\"https:\\\/\\\/loisirelectronique.com\\\/velos-electriques-accessoires-trottinettes\\\/\"},{\"@type\":\"ListItem\",\"position\":3,\"name\":\"Gitane Classique &#8211; V\u00e9lo \u00c9lectrique Vintage &#038; R\u00e9tro\"}]},{\"@type\":\"WebSite\",\"@id\":\"https:\\\/\\\/loisirelectronique.com\\\/#website\",\"url\":\"https:\\\/\\\/loisirelectronique.com\\\/\",\"name\":\"Loisir Electronique\",\"description\":\"Innovation, qualit\u00e9, performance\",\"publisher\":{\"@id\":\"https:\\\/\\\/loisirelectronique.com\\\/#organization\"},\"potentialAction\":[{\"@type\":\"SearchAction\",\"target\":{\"@type\":\"EntryPoint\",\"urlTemplate\":\"https:\\\/\\\/loisirelectronique.com\\\/?s={search_term_string}\"},\"query-input\":{\"@type\":\"PropertyValueSpecification\",\"valueRequired\":true,\"valueName\":\"search_term_string\"}}],\"inLanguage\":\"nl-NL\"},{\"@type\":\"Organization\",\"@id\":\"https:\\\/\\\/loisirelectronique.com\\\/#organization\",\"name\":\"Loisir Electronique\",\"url\":\"https:\\\/\\\/loisirelectronique.com\\\/\",\"logo\":{\"@type\":\"ImageObject\",\"inLanguage\":\"nl-NL\",\"@id\":\"https:\\\/\\\/loisirelectronique.com\\\/#\\\/schema\\\/logo\\\/image\\\/\",\"url\":\"http:\\\/\\\/loisirelectronique.com\\\/wp-content\\\/uploads\\\/2026\\\/03\\\/IMG-20260325-WA00112.jpg\",\"contentUrl\":\"http:\\\/\\\/loisirelectronique.com\\\/wp-content\\\/uploads\\\/2026\\\/03\\\/IMG-20260325-WA00112.jpg\",\"width\":418,\"height\":124,\"caption\":\"Loisir Electronique\"},\"image\":{\"@id\":\"https:\\\/\\\/loisirelectronique.com\\\/#\\\/schema\\\/logo\\\/image\\\/\"}}]}<\/script>\n<!-- \/ Yoast SEO plugin. -->","yoast_head_json":{"title":"Gitane Classique - V\u00e9lo \u00c9lectrique Vintage & R\u00e9tro - Loisir Electronique","description":"D\u00e9couvrez le Gitane Classique. Le charme du r\u00e9tro alli\u00e9 \u00e0 l'assistance \u00e9lectrique. Cadre ouvert, finitions soign\u00e9es et confort urbain.","robots":{"index":"index","follow":"follow","max-snippet":"max-snippet:-1","max-image-preview":"max-image-preview:large","max-video-preview":"max-video-preview:-1"},"canonical":"https:\/\/loisirelectronique.com\/nl\/product\/gitane-classique-velo-electrique-vintage-retro\/","og_locale":"nl_NL","og_type":"article","og_title":"Gitane Classique - V\u00e9lo \u00c9lectrique Vintage & R\u00e9tro - Loisir Electronique","og_description":"D\u00e9couvrez le Gitane Classique. Le charme du r\u00e9tro alli\u00e9 \u00e0 l'assistance \u00e9lectrique. Cadre ouvert, finitions soign\u00e9es et confort urbain.","og_url":"https:\/\/loisirelectronique.com\/nl\/product\/gitane-classique-velo-electrique-vintage-retro\/","og_site_name":"Loisir Electronique","og_image":[{"width":1080,"height":653,"url":"http:\/\/loisirelectronique.com\/wp-content\/uploads\/2026\/04\/Gitane-Classique-velo-vintage-confortable-pour-trajets-urbains.jpeg","type":"image\/jpeg"}],"twitter_card":"summary_large_image","twitter_misc":{"Geschatte leestijd":"2 minuten"},"schema":{"@context":"https:\/\/schema.org","@graph":[{"@type":"WebPage","@id":"https:\/\/loisirelectronique.com\/produit\/gitane-classique-velo-electrique-vintage-retro\/","url":"https:\/\/loisirelectronique.com\/produit\/gitane-classique-velo-electrique-vintage-retro\/","name":"Gitane Classique - V\u00e9lo \u00c9lectrique Vintage & R\u00e9tro - Loisir Electronique","isPartOf":{"@id":"https:\/\/loisirelectronique.com\/#website"},"primaryImageOfPage":{"@id":"https:\/\/loisirelectronique.com\/produit\/gitane-classique-velo-electrique-vintage-retro\/#primaryimage"},"image":{"@id":"https:\/\/loisirelectronique.com\/produit\/gitane-classique-velo-electrique-vintage-retro\/#primaryimage"},"thumbnailUrl":"https:\/\/loisirelectronique.com\/wp-content\/uploads\/2026\/04\/Gitane-Classique-velo-vintage-confortable-pour-trajets-urbains.jpeg","datePublished":"2026-04-06T22:48:02+00:00","description":"D\u00e9couvrez le Gitane Classique. Le charme du r\u00e9tro alli\u00e9 \u00e0 l'assistance \u00e9lectrique. Cadre ouvert, finitions soign\u00e9es et confort urbain.","breadcrumb":{"@id":"https:\/\/loisirelectronique.com\/produit\/gitane-classique-velo-electrique-vintage-retro\/#breadcrumb"},"inLanguage":"nl-NL","potentialAction":[{"@type":"ReadAction","target":["https:\/\/loisirelectronique.com\/produit\/gitane-classique-velo-electrique-vintage-retro\/"]}]},{"@type":"ImageObject","inLanguage":"nl-NL","@id":"https:\/\/loisirelectronique.com\/produit\/gitane-classique-velo-electrique-vintage-retro\/#primaryimage","url":"https:\/\/loisirelectronique.com\/wp-content\/uploads\/2026\/04\/Gitane-Classique-velo-vintage-confortable-pour-trajets-urbains.jpeg","contentUrl":"https:\/\/loisirelectronique.com\/wp-content\/uploads\/2026\/04\/Gitane-Classique-velo-vintage-confortable-pour-trajets-urbains.jpeg","width":1080,"height":653,"caption":"V\u00e9lo \u00e9lectrique Gitane Classique au style r\u00e9tro bleu ciel."},{"@type":"BreadcrumbList","@id":"https:\/\/loisirelectronique.com\/produit\/gitane-classique-velo-electrique-vintage-retro\/#breadcrumb","itemListElement":[{"@type":"ListItem","position":1,"name":"Accueil","item":"https:\/\/loisirelectronique.com\/"},{"@type":"ListItem","position":2,"name":"Boutique","item":"https:\/\/loisirelectronique.com\/velos-electriques-accessoires-trottinettes\/"},{"@type":"ListItem","position":3,"name":"Gitane Classique &#8211; V\u00e9lo \u00c9lectrique Vintage &#038; R\u00e9tro"}]},{"@type":"WebSite","@id":"https:\/\/loisirelectronique.com\/#website","url":"https:\/\/loisirelectronique.com\/","name":"Loisir Electronique","description":"Innovation, qualit\u00e9, performance","publisher":{"@id":"https:\/\/loisirelectronique.com\/#organization"},"potentialAction":[{"@type":"SearchAction","target":{"@type":"EntryPoint","urlTemplate":"https:\/\/loisirelectronique.com\/?s={search_term_string}"},"query-input":{"@type":"PropertyValueSpecification","valueRequired":true,"valueName":"search_term_string"}}],"inLanguage":"nl-NL"},{"@type":"Organization","@id":"https:\/\/loisirelectronique.com\/#organization","name":"Loisir Electronique","url":"https:\/\/loisirelectronique.com\/","logo":{"@type":"ImageObject","inLanguage":"nl-NL","@id":"https:\/\/loisirelectronique.com\/#\/schema\/logo\/image\/","url":"http:\/\/loisirelectronique.com\/wp-content\/uploads\/2026\/03\/IMG-20260325-WA00112.jpg","contentUrl":"http:\/\/loisirelectronique.com\/wp-content\/uploads\/2026\/03\/IMG-20260325-WA00112.jpg","width":418,"height":124,"caption":"Loisir Electronique"},"image":{"@id":"https:\/\/loisirelectronique.com\/#\/schema\/logo\/image\/"}}]}},"jetpack_sharing_enabled":true,"_links":{"self":[{"href":"https:\/\/loisirelectronique.com\/nl\/wp-json\/wp\/v2\/product\/30274","targetHints":{"allow":["GET"]}}],"collection":[{"href":"https:\/\/loisirelectronique.com\/nl\/wp-json\/wp\/v2\/product"}],"about":[{"href":"https:\/\/loisirelectronique.com\/nl\/wp-json\/wp\/v2\/types\/product"}],"replies":[{"embeddable":true,"href":"https:\/\/loisirelectronique.com\/nl\/wp-json\/wp\/v2\/comments?post=30274"}],"version-history":[{"count":1,"href":"https:\/\/loisirelectronique.com\/nl\/wp-json\/wp\/v2\/product\/30274\/revisions"}],"predecessor-version":[{"id":30278,"href":"https:\/\/loisirelectronique.com\/nl\/wp-json\/wp\/v2\/product\/30274\/revisions\/30278"}],"wp:featuredmedia":[{"embeddable":true,"href":"https:\/\/loisirelectronique.com\/nl\/wp-json\/wp\/v2\/media\/30275"}],"wp:attachment":[{"href":"https:\/\/loisirelectronique.com\/nl\/wp-json\/wp\/v2\/media?parent=30274"}],"wp:term":[{"taxonomy":"product_brand","embeddable":true,"href":"https:\/\/loisirelectronique.com\/nl\/wp-json\/wp\/v2\/product_brand?post=30274"},{"taxonomy":"product_cat","embeddable":true,"href":"https:\/\/loisirelectronique.com\/nl\/wp-json\/wp\/v2\/product_cat?post=30274"},{"taxonomy":"product_tag","embeddable":true,"href":"https:\/\/loisirelectronique.com\/nl\/wp-json\/wp\/v2\/product_tag?post=30274"}],"curies":[{"name":"wp","href":"https:\/\/api.w.org\/{rel}","templated":true}]}}