{"id":30217,"date":"2026-04-06T02:35:05","date_gmt":"2026-04-06T02:35:05","guid":{"rendered":"https:\/\/loisirelectronique.com\/?post_type=product&#038;p=30217"},"modified":"2026-04-28T15:28:15","modified_gmt":"2026-04-28T15:28:15","slug":"o2feel-ipeps-velo-electrique-pliant-shimano-steps","status":"publish","type":"product","link":"https:\/\/loisirelectronique.com\/nl\/product\/o2feel-ipeps-velo-electrique-pliant-shimano-steps\/","title":{"rendered":"O2feel iPeps &#8211; V\u00e9lo \u00c9lectrique Pliant Shimano Steps"},"content":{"rendered":"<h2 data-path-to-node=\"5,4,1,1,1\">Un pliage intuitif pour une libert\u00e9 totale<\/h2>\n<p data-path-to-node=\"5,4,1,1,2\">L&rsquo;<b data-path-to-node=\"5,4,1,1,2\" data-index-in-node=\"2\">O2feel iPeps<\/b> r\u00e9volutionne l&rsquo;intermodalit\u00e9 urbaine. Gr\u00e2ce \u00e0 son syst\u00e8me de pliage s\u00e9curis\u00e9, il vous accompagne partout, du m\u00e9tro \u00e0 votre appartement. En utilisant l&rsquo;<b data-path-to-node=\"5,4,1,1,2\" data-index-in-node=\"166\">O2feel iPeps<\/b>, vous \u00e9vitez les probl\u00e8mes de stationnement et de vol en gardant votre v\u00e9lo \u00e0 vos c\u00f4t\u00e9s. Son cadre en aluminium est con\u00e7u pour \u00eatre \u00e0 la fois l\u00e9ger \u00e0 transporter et extr\u00eamement rigide une fois d\u00e9pli\u00e9. C&rsquo;est le v\u00e9lo id\u00e9al pour les commuters qui cherchent un gain de place sans compromis sur la qualit\u00e9 de roulement.<\/p>\n<h2 data-path-to-node=\"5,4,1,1,3\">La puissance Shimano Steps dans un format compact<\/h2>\n<p data-path-to-node=\"5,4,1,1,4\">Ne vous fiez pas \u00e0 sa taille : son moteur Shimano d\u00e9livre 40 Nm de couple pour grimper sans peine. Chez <b data-path-to-node=\"5,4,1,1,4\" data-index-in-node=\"104\">Loisir \u00c9lectronique<\/b>, nous recommandons ce mod\u00e8le pour sa polyvalence unique. Il est le champion du gain de place intelligent.<\/p>\n<h2 data-path-to-node=\"11,4,1,1,3\">Batterie iPowerPack : autonomie et fiabilit\u00e9<\/h2>\n<p data-path-to-node=\"11,4,1,1,4\">Extraire la batterie pour la charger au bureau est un jeu d&rsquo;enfant. Chez <b data-path-to-node=\"11,4,1,1,4\" data-index-in-node=\"73\">Loisir \u00c9lectronique<\/b>, nous choisissons des v\u00e9los qui s\u00e9curisent votre libert\u00e9 de mouvement. Ce mod\u00e8le iPeps est la r\u00e9f\u00e9rence du pliant s\u00e9curis\u00e9.<\/p>\n<p data-path-to-node=\"11,4,1,1,5,0,0\"><i data-path-to-node=\"11,4,1,1,5,0,0\" data-index-in-node=\"19\">Explorez notre gamme compl\u00e8te de <a class=\"ng-star-inserted\" href=\"https:\/\/loisirelectronique.com\/nl\/product-categorie\/velos\/velo-vtc\/\" target=\"_blank\" rel=\"noopener\" data-hveid=\"0\" data-ved=\"0CAAQ_4QMahgKEwiGlI-C9taTAxUAAAAAHQAAAAAQyQM\">VTC et Urbains<\/a> pour trouver votre futur v\u00e9lo.<\/i><\/p>\n<ul>\n<li data-start=\"1706\" data-end=\"1754\">\n<p data-start=\"1709\" data-end=\"1754\">Type : V\u00e9lo \u00e9lectrique pliant (VAE compact)<\/p>\n<\/li>\n<li data-start=\"1755\" data-end=\"1775\">\n<p data-start=\"1758\" data-end=\"1775\">Marque : O2feel<\/p>\n<\/li>\n<li data-start=\"1776\" data-end=\"1795\">\n<p data-start=\"1779\" data-end=\"1795\">Mod\u00e8le : iPeps<\/p>\n<\/li>\n<li data-start=\"1796\" data-end=\"1841\">\n<p data-start=\"1799\" data-end=\"1841\">Architecture : Cadre pliant en aluminium<\/p>\n<\/li>\n<li data-start=\"1842\" data-end=\"1917\">\n<p data-start=\"1845\" data-end=\"1917\">Syst\u00e8me de pliage : Charni\u00e8re centrale s\u00e9curis\u00e9e + verrouillage rapide<\/p>\n<\/li>\n<li data-start=\"1918\" data-end=\"1967\">\n<p data-start=\"1921\" data-end=\"1967\">Motorisation : Moteur roue arri\u00e8re brushless<\/p>\n<\/li>\n<li data-start=\"1968\" data-end=\"2005\">\n<p data-start=\"1971\" data-end=\"2005\">Couple moteur : Environ 35\u201340 Nm<\/p>\n<\/li>\n<li data-start=\"2006\" data-end=\"2064\">\n<p data-start=\"2009\" data-end=\"2064\">Assistance \u00e9lectrique : Capteur de p\u00e9dalage (cadence)<\/p>\n<\/li>\n<li data-start=\"2065\" data-end=\"2108\">\n<p data-start=\"2068\" data-end=\"2108\">Vitesse maximale : 25 km\/h (norme VAE)<\/p>\n<\/li>\n<li data-start=\"2109\" data-end=\"2155\">\n<p data-start=\"2113\" data-end=\"2155\">Batterie : Lithium-ion int\u00e9gr\u00e9e au cadre<\/p>\n<\/li>\n<li data-start=\"2156\" data-end=\"2195\">\n<p data-start=\"2160\" data-end=\"2195\">Capacit\u00e9 batterie : ~300 \u00e0 400 Wh<\/p>\n<\/li>\n<li data-start=\"2196\" data-end=\"2224\">\n<p data-start=\"2200\" data-end=\"2224\">Autonomie : 40 \u00e0 70 km<\/p>\n<\/li>\n<li data-start=\"2225\" data-end=\"2263\">\n<p data-start=\"2229\" data-end=\"2263\">Temps de recharge : 4 \u00e0 5 heures<\/p>\n<\/li>\n<li data-start=\"2264\" data-end=\"2318\">\n<p data-start=\"2268\" data-end=\"2318\">Transmission : D\u00e9railleur Shimano 6 \u00e0 7 vitesses<\/p>\n<\/li>\n<li data-start=\"2319\" data-end=\"2370\">\n<p data-start=\"2323\" data-end=\"2370\">Freinage : Freins V-Brake ou disque m\u00e9canique<\/p>\n<\/li>\n<li data-start=\"2371\" data-end=\"2418\">\n<p data-start=\"2375\" data-end=\"2418\">Roues : 20 pouces (format compact urbain)<\/p>\n<\/li>\n<li data-start=\"2419\" data-end=\"2465\">\n<p data-start=\"2423\" data-end=\"2465\">Pneus : Urbains renforc\u00e9s anti-crevaison<\/p>\n<\/li>\n<li data-start=\"2466\" data-end=\"2498\">\n<p data-start=\"2470\" data-end=\"2498\">Poids : Environ 18 \u00e0 22 kg<\/p>\n<\/li>\n<li data-start=\"2499\" data-end=\"2554\">\n<p data-start=\"2503\" data-end=\"2554\">\u00c9quipements : \u00c9clairage LED, garde-boue, b\u00e9quille<\/p>\n<\/li>\n<li data-start=\"2555\" data-end=\"2622\">\n<p data-start=\"2559\" data-end=\"2622\">Usage : Mobilit\u00e9 urbaine, transport multimodal, gain de place<\/p>\n<\/li>\n<\/ul>","protected":false},"excerpt":{"rendered":"<p>Un pliage intuitif pour une libert\u00e9 totale L&rsquo;O2feel iPeps r\u00e9volutionne l&rsquo;intermodalit\u00e9 urbaine. Gr\u00e2ce \u00e0 son syst\u00e8me de pliage s\u00e9curis\u00e9, il<\/p>","protected":false},"featured_media":30219,"comment_status":"open","ping_status":"closed","template":"","meta":[],"product_brand":[320],"product_cat":[323,38,321],"product_tag":[],"class_list":{"0":"post-30217","1":"product","2":"type-product","3":"status-publish","4":"has-post-thumbnail","6":"product_brand-02feel","7":"product_cat-velo-urbain","8":"product_cat-velo-electrique","9":"product_cat-velo-vtc","11":"first","12":"instock","13":"sale","14":"featured","15":"taxable","16":"shipping-taxable","17":"purchasable","18":"product-type-simple"},"yoast_head":"<!-- This site is optimized with the Yoast SEO plugin v27.5 - https:\/\/yoast.com\/product\/yoast-seo-wordpress\/ -->\n<title>O2feel iPeps - V\u00e9lo \u00c9lectrique Pliant Shimano Steps - Loisir Electronique<\/title>\n<meta name=\"description\" content=\"Roulez confortablement avec l&#039;O2feel iPeps. Selle gel, fourche suspendue et pneus larges pour une stabilit\u00e9 maximale.Disponible sur Loisir \u00c9lectronique !\" \/>\n<meta name=\"robots\" content=\"index, follow, max-snippet:-1, max-image-preview:large, max-video-preview:-1\" \/>\n<link rel=\"canonical\" href=\"https:\/\/loisirelectronique.com\/nl\/product\/o2feel-ipeps-velo-electrique-pliant-shimano-steps\/\" \/>\n<meta property=\"og:locale\" content=\"nl_NL\" \/>\n<meta property=\"og:type\" content=\"article\" \/>\n<meta property=\"og:title\" content=\"O2feel iPeps - V\u00e9lo \u00c9lectrique Pliant Shimano Steps - Loisir Electronique\" \/>\n<meta property=\"og:description\" content=\"Roulez confortablement avec l&#039;O2feel iPeps. Selle gel, fourche suspendue et pneus larges pour une stabilit\u00e9 maximale.Disponible sur Loisir \u00c9lectronique !\" \/>\n<meta property=\"og:url\" content=\"https:\/\/loisirelectronique.com\/nl\/product\/o2feel-ipeps-velo-electrique-pliant-shimano-steps\/\" \/>\n<meta property=\"og:site_name\" content=\"Loisir Electronique\" \/>\n<meta property=\"article:modified_time\" content=\"2026-04-28T15:28:15+00:00\" \/>\n<meta property=\"og:image\" content=\"http:\/\/loisirelectronique.com\/wp-content\/uploads\/2026\/04\/Velo-electrique-pliant-O2feel-iPeps-compact-et-pratique.jpeg\" \/>\n\t<meta property=\"og:image:width\" content=\"1200\" \/>\n\t<meta property=\"og:image:height\" content=\"1200\" \/>\n\t<meta property=\"og:image:type\" content=\"image\/jpeg\" \/>\n<meta name=\"twitter:card\" content=\"summary_large_image\" \/>\n<meta name=\"twitter:label1\" content=\"Geschatte leestijd\" \/>\n\t<meta name=\"twitter:data1\" content=\"2 minuten\" \/>\n<script type=\"application\/ld+json\" class=\"yoast-schema-graph\">{\"@context\":\"https:\\\/\\\/schema.org\",\"@graph\":[{\"@type\":\"WebPage\",\"@id\":\"https:\\\/\\\/loisirelectronique.com\\\/produit\\\/o2feel-ipeps-velo-electrique-pliant-shimano-steps\\\/\",\"url\":\"https:\\\/\\\/loisirelectronique.com\\\/produit\\\/o2feel-ipeps-velo-electrique-pliant-shimano-steps\\\/\",\"name\":\"O2feel iPeps - V\u00e9lo \u00c9lectrique Pliant Shimano Steps - Loisir Electronique\",\"isPartOf\":{\"@id\":\"https:\\\/\\\/loisirelectronique.com\\\/#website\"},\"primaryImageOfPage\":{\"@id\":\"https:\\\/\\\/loisirelectronique.com\\\/produit\\\/o2feel-ipeps-velo-electrique-pliant-shimano-steps\\\/#primaryimage\"},\"image\":{\"@id\":\"https:\\\/\\\/loisirelectronique.com\\\/produit\\\/o2feel-ipeps-velo-electrique-pliant-shimano-steps\\\/#primaryimage\"},\"thumbnailUrl\":\"https:\\\/\\\/loisirelectronique.com\\\/wp-content\\\/uploads\\\/2026\\\/04\\\/Velo-electrique-pliant-O2feel-iPeps-compact-et-pratique.jpeg\",\"datePublished\":\"2026-04-06T02:35:05+00:00\",\"dateModified\":\"2026-04-28T15:28:15+00:00\",\"description\":\"Roulez confortablement avec l'O2feel iPeps. Selle gel, fourche suspendue et pneus larges pour une stabilit\u00e9 maximale.Disponible sur Loisir \u00c9lectronique !\",\"breadcrumb\":{\"@id\":\"https:\\\/\\\/loisirelectronique.com\\\/produit\\\/o2feel-ipeps-velo-electrique-pliant-shimano-steps\\\/#breadcrumb\"},\"inLanguage\":\"nl-NL\",\"potentialAction\":[{\"@type\":\"ReadAction\",\"target\":[\"https:\\\/\\\/loisirelectronique.com\\\/produit\\\/o2feel-ipeps-velo-electrique-pliant-shimano-steps\\\/\"]}]},{\"@type\":\"ImageObject\",\"inLanguage\":\"nl-NL\",\"@id\":\"https:\\\/\\\/loisirelectronique.com\\\/produit\\\/o2feel-ipeps-velo-electrique-pliant-shimano-steps\\\/#primaryimage\",\"url\":\"https:\\\/\\\/loisirelectronique.com\\\/wp-content\\\/uploads\\\/2026\\\/04\\\/Velo-electrique-pliant-O2feel-iPeps-compact-et-pratique.jpeg\",\"contentUrl\":\"https:\\\/\\\/loisirelectronique.com\\\/wp-content\\\/uploads\\\/2026\\\/04\\\/Velo-electrique-pliant-O2feel-iPeps-compact-et-pratique.jpeg\",\"width\":1200,\"height\":1200,\"caption\":\"V\u00e9lo \u00e9lectrique pliant O2feel iPeps pli\u00e9 et d\u00e9pli\u00e9.\"},{\"@type\":\"BreadcrumbList\",\"@id\":\"https:\\\/\\\/loisirelectronique.com\\\/produit\\\/o2feel-ipeps-velo-electrique-pliant-shimano-steps\\\/#breadcrumb\",\"itemListElement\":[{\"@type\":\"ListItem\",\"position\":1,\"name\":\"Accueil\",\"item\":\"https:\\\/\\\/loisirelectronique.com\\\/\"},{\"@type\":\"ListItem\",\"position\":2,\"name\":\"Boutique\",\"item\":\"https:\\\/\\\/loisirelectronique.com\\\/velos-electriques-accessoires-trottinettes\\\/\"},{\"@type\":\"ListItem\",\"position\":3,\"name\":\"O2feel iPeps &#8211; V\u00e9lo \u00c9lectrique Pliant Shimano Steps\"}]},{\"@type\":\"WebSite\",\"@id\":\"https:\\\/\\\/loisirelectronique.com\\\/#website\",\"url\":\"https:\\\/\\\/loisirelectronique.com\\\/\",\"name\":\"Loisir Electronique\",\"description\":\"Innovation, qualit\u00e9, performance\",\"publisher\":{\"@id\":\"https:\\\/\\\/loisirelectronique.com\\\/#organization\"},\"potentialAction\":[{\"@type\":\"SearchAction\",\"target\":{\"@type\":\"EntryPoint\",\"urlTemplate\":\"https:\\\/\\\/loisirelectronique.com\\\/?s={search_term_string}\"},\"query-input\":{\"@type\":\"PropertyValueSpecification\",\"valueRequired\":true,\"valueName\":\"search_term_string\"}}],\"inLanguage\":\"nl-NL\"},{\"@type\":\"Organization\",\"@id\":\"https:\\\/\\\/loisirelectronique.com\\\/#organization\",\"name\":\"Loisir Electronique\",\"url\":\"https:\\\/\\\/loisirelectronique.com\\\/\",\"logo\":{\"@type\":\"ImageObject\",\"inLanguage\":\"nl-NL\",\"@id\":\"https:\\\/\\\/loisirelectronique.com\\\/#\\\/schema\\\/logo\\\/image\\\/\",\"url\":\"http:\\\/\\\/loisirelectronique.com\\\/wp-content\\\/uploads\\\/2026\\\/03\\\/IMG-20260325-WA00112.jpg\",\"contentUrl\":\"http:\\\/\\\/loisirelectronique.com\\\/wp-content\\\/uploads\\\/2026\\\/03\\\/IMG-20260325-WA00112.jpg\",\"width\":418,\"height\":124,\"caption\":\"Loisir Electronique\"},\"image\":{\"@id\":\"https:\\\/\\\/loisirelectronique.com\\\/#\\\/schema\\\/logo\\\/image\\\/\"}}]}<\/script>\n<!-- \/ Yoast SEO plugin. -->","yoast_head_json":{"title":"O2feel iPeps - V\u00e9lo \u00c9lectrique Pliant Shimano Steps - Loisir Electronique","description":"Roulez confortablement avec l'O2feel iPeps. Selle gel, fourche suspendue et pneus larges pour une stabilit\u00e9 maximale.Disponible sur Loisir \u00c9lectronique !","robots":{"index":"index","follow":"follow","max-snippet":"max-snippet:-1","max-image-preview":"max-image-preview:large","max-video-preview":"max-video-preview:-1"},"canonical":"https:\/\/loisirelectronique.com\/nl\/product\/o2feel-ipeps-velo-electrique-pliant-shimano-steps\/","og_locale":"nl_NL","og_type":"article","og_title":"O2feel iPeps - V\u00e9lo \u00c9lectrique Pliant Shimano Steps - Loisir Electronique","og_description":"Roulez confortablement avec l'O2feel iPeps. Selle gel, fourche suspendue et pneus larges pour une stabilit\u00e9 maximale.Disponible sur Loisir \u00c9lectronique !","og_url":"https:\/\/loisirelectronique.com\/nl\/product\/o2feel-ipeps-velo-electrique-pliant-shimano-steps\/","og_site_name":"Loisir Electronique","article_modified_time":"2026-04-28T15:28:15+00:00","og_image":[{"width":1200,"height":1200,"url":"http:\/\/loisirelectronique.com\/wp-content\/uploads\/2026\/04\/Velo-electrique-pliant-O2feel-iPeps-compact-et-pratique.jpeg","type":"image\/jpeg"}],"twitter_card":"summary_large_image","twitter_misc":{"Geschatte leestijd":"2 minuten"},"schema":{"@context":"https:\/\/schema.org","@graph":[{"@type":"WebPage","@id":"https:\/\/loisirelectronique.com\/produit\/o2feel-ipeps-velo-electrique-pliant-shimano-steps\/","url":"https:\/\/loisirelectronique.com\/produit\/o2feel-ipeps-velo-electrique-pliant-shimano-steps\/","name":"O2feel iPeps - V\u00e9lo \u00c9lectrique Pliant Shimano Steps - Loisir Electronique","isPartOf":{"@id":"https:\/\/loisirelectronique.com\/#website"},"primaryImageOfPage":{"@id":"https:\/\/loisirelectronique.com\/produit\/o2feel-ipeps-velo-electrique-pliant-shimano-steps\/#primaryimage"},"image":{"@id":"https:\/\/loisirelectronique.com\/produit\/o2feel-ipeps-velo-electrique-pliant-shimano-steps\/#primaryimage"},"thumbnailUrl":"https:\/\/loisirelectronique.com\/wp-content\/uploads\/2026\/04\/Velo-electrique-pliant-O2feel-iPeps-compact-et-pratique.jpeg","datePublished":"2026-04-06T02:35:05+00:00","dateModified":"2026-04-28T15:28:15+00:00","description":"Roulez confortablement avec l'O2feel iPeps. Selle gel, fourche suspendue et pneus larges pour une stabilit\u00e9 maximale.Disponible sur Loisir \u00c9lectronique !","breadcrumb":{"@id":"https:\/\/loisirelectronique.com\/produit\/o2feel-ipeps-velo-electrique-pliant-shimano-steps\/#breadcrumb"},"inLanguage":"nl-NL","potentialAction":[{"@type":"ReadAction","target":["https:\/\/loisirelectronique.com\/produit\/o2feel-ipeps-velo-electrique-pliant-shimano-steps\/"]}]},{"@type":"ImageObject","inLanguage":"nl-NL","@id":"https:\/\/loisirelectronique.com\/produit\/o2feel-ipeps-velo-electrique-pliant-shimano-steps\/#primaryimage","url":"https:\/\/loisirelectronique.com\/wp-content\/uploads\/2026\/04\/Velo-electrique-pliant-O2feel-iPeps-compact-et-pratique.jpeg","contentUrl":"https:\/\/loisirelectronique.com\/wp-content\/uploads\/2026\/04\/Velo-electrique-pliant-O2feel-iPeps-compact-et-pratique.jpeg","width":1200,"height":1200,"caption":"V\u00e9lo \u00e9lectrique pliant O2feel iPeps pli\u00e9 et d\u00e9pli\u00e9."},{"@type":"BreadcrumbList","@id":"https:\/\/loisirelectronique.com\/produit\/o2feel-ipeps-velo-electrique-pliant-shimano-steps\/#breadcrumb","itemListElement":[{"@type":"ListItem","position":1,"name":"Accueil","item":"https:\/\/loisirelectronique.com\/"},{"@type":"ListItem","position":2,"name":"Boutique","item":"https:\/\/loisirelectronique.com\/velos-electriques-accessoires-trottinettes\/"},{"@type":"ListItem","position":3,"name":"O2feel iPeps &#8211; V\u00e9lo \u00c9lectrique Pliant Shimano Steps"}]},{"@type":"WebSite","@id":"https:\/\/loisirelectronique.com\/#website","url":"https:\/\/loisirelectronique.com\/","name":"Loisir Electronique","description":"Innovation, qualit\u00e9, performance","publisher":{"@id":"https:\/\/loisirelectronique.com\/#organization"},"potentialAction":[{"@type":"SearchAction","target":{"@type":"EntryPoint","urlTemplate":"https:\/\/loisirelectronique.com\/?s={search_term_string}"},"query-input":{"@type":"PropertyValueSpecification","valueRequired":true,"valueName":"search_term_string"}}],"inLanguage":"nl-NL"},{"@type":"Organization","@id":"https:\/\/loisirelectronique.com\/#organization","name":"Loisir Electronique","url":"https:\/\/loisirelectronique.com\/","logo":{"@type":"ImageObject","inLanguage":"nl-NL","@id":"https:\/\/loisirelectronique.com\/#\/schema\/logo\/image\/","url":"http:\/\/loisirelectronique.com\/wp-content\/uploads\/2026\/03\/IMG-20260325-WA00112.jpg","contentUrl":"http:\/\/loisirelectronique.com\/wp-content\/uploads\/2026\/03\/IMG-20260325-WA00112.jpg","width":418,"height":124,"caption":"Loisir Electronique"},"image":{"@id":"https:\/\/loisirelectronique.com\/#\/schema\/logo\/image\/"}}]}},"jetpack_sharing_enabled":true,"_links":{"self":[{"href":"https:\/\/loisirelectronique.com\/nl\/wp-json\/wp\/v2\/product\/30217","targetHints":{"allow":["GET"]}}],"collection":[{"href":"https:\/\/loisirelectronique.com\/nl\/wp-json\/wp\/v2\/product"}],"about":[{"href":"https:\/\/loisirelectronique.com\/nl\/wp-json\/wp\/v2\/types\/product"}],"replies":[{"embeddable":true,"href":"https:\/\/loisirelectronique.com\/nl\/wp-json\/wp\/v2\/comments?post=30217"}],"version-history":[{"count":1,"href":"https:\/\/loisirelectronique.com\/nl\/wp-json\/wp\/v2\/product\/30217\/revisions"}],"predecessor-version":[{"id":30220,"href":"https:\/\/loisirelectronique.com\/nl\/wp-json\/wp\/v2\/product\/30217\/revisions\/30220"}],"wp:featuredmedia":[{"embeddable":true,"href":"https:\/\/loisirelectronique.com\/nl\/wp-json\/wp\/v2\/media\/30219"}],"wp:attachment":[{"href":"https:\/\/loisirelectronique.com\/nl\/wp-json\/wp\/v2\/media?parent=30217"}],"wp:term":[{"taxonomy":"product_brand","embeddable":true,"href":"https:\/\/loisirelectronique.com\/nl\/wp-json\/wp\/v2\/product_brand?post=30217"},{"taxonomy":"product_cat","embeddable":true,"href":"https:\/\/loisirelectronique.com\/nl\/wp-json\/wp\/v2\/product_cat?post=30217"},{"taxonomy":"product_tag","embeddable":true,"href":"https:\/\/loisirelectronique.com\/nl\/wp-json\/wp\/v2\/product_tag?post=30217"}],"curies":[{"name":"wp","href":"https:\/\/api.w.org\/{rel}","templated":true}]}}