{"id":30193,"date":"2026-04-05T23:08:56","date_gmt":"2026-04-05T23:08:56","guid":{"rendered":"https:\/\/loisirelectronique.com\/?post_type=product&#038;p=30193"},"modified":"2026-05-09T22:28:27","modified_gmt":"2026-05-09T22:28:27","slug":"o2feel-ivog-city-up-3-1-velo-electrique-urbain-shimano","status":"publish","type":"product","link":"https:\/\/loisirelectronique.com\/nl\/product\/o2feel-ivog-city-up-3-1-velo-electrique-urbain-shimano\/","title":{"rendered":"O2feel iVog City Up 3.1 &#8211; V\u00e9lo \u00c9lectrique Urbain Shimano"},"content":{"rendered":"<h2 data-path-to-node=\"5,4,1,1,1\">Un v\u00e9lo \u00e9lectrique urbain agile et maniable<\/h2>\n<p data-path-to-node=\"5,4,1,1,2\">L&rsquo;<b data-path-to-node=\"5,4,1,1,2\" data-index-in-node=\"2\">O2feel iVog 3<\/b> privil\u00e9gie la facilit\u00e9 de prise en main avant tout. Son cadre en aluminium est disponible en deux tailles de roues (26 ou 28 pouces) pour s&rsquo;adapter parfaitement \u00e0 votre morphologie. En utilisant l&rsquo;<b data-path-to-node=\"5,4,1,1,2\" data-index-in-node=\"213\">O2feel iVog 3<\/b>, vous circulez sans stress gr\u00e2ce \u00e0 un centre de gravit\u00e9 bas qui stabilise le v\u00e9lo. La motorisation Shimano E5000 est la plus silencieuse du march\u00e9, vous permettant de profiter du calme de vos trajets. C&rsquo;est le v\u00e9lo parfait pour ceux qui souhaitent passer \u00e0 l&rsquo;\u00e9lectrique avec un mod\u00e8le fiable, \u00e9l\u00e9gant et sans fioritures inutiles.<\/p>\n<h2 data-path-to-node=\"5,4,1,1,3\">Une int\u00e9gration soign\u00e9e et pratique<\/h2>\n<p data-path-to-node=\"5,4,1,1,4\">La batterie se retire facilement pour \u00eatre recharg\u00e9e chez vous en toute s\u00e9curit\u00e9. Chez <b data-path-to-node=\"5,4,1,1,4\" data-index-in-node=\"87\">Loisir \u00c9lectronique<\/b>, nous validons ce mod\u00e8le pour son rapport qualit\u00e9-prix exemplaire. Il r\u00e9pond aux attentes des citadins cherchant l&rsquo;efficacit\u00e9 au meilleur prix.<\/p>\n<h2 data-path-to-node=\"8,4,1,1,3\">S\u00e9curit\u00e9 et stabilit\u00e9 au rendez-vous<\/h2>\n<p data-path-to-node=\"8,4,1,1,4\">La b\u00e9quille lat\u00e9rale est renforc\u00e9e pour maintenir le v\u00e9lo stable lors de vos arr\u00eats. Chez <b data-path-to-node=\"8,4,1,1,4\" data-index-in-node=\"90\">Loisir \u00c9lectronique<\/b>, nous aimons cette approche bienveillante du v\u00e9lo. Ce mod\u00e8le iVog est le choix de la s\u00e9r\u00e9nit\u00e9 et du confort partag\u00e9.<\/p>\n<p data-path-to-node=\"8,4,1,1,5,0,0\">\u00a0<i data-path-to-node=\"8,4,1,1,5,0,0\" data-index-in-node=\"19\">Retrouvez le confort sur tous les terrains avec nos <a class=\"ng-star-inserted\" href=\"https:\/\/loisirelectronique.com\/nl\/product-categorie\/velos\/velo-vtc\/\" target=\"_blank\" rel=\"noopener\" data-hveid=\"0\" data-ved=\"0CAAQ_4QMahgKEwiGlI-C9taTAxUAAAAAHQAAAAAQ_gI\">VTC \u00c9lectriques<\/a>.<\/i><\/p>\n<ul>\n<li data-start=\"1784\" data-end=\"1824\">\n<p data-start=\"1787\" data-end=\"1824\">Type : V\u00e9lo \u00e9lectrique urbain (VAE)<\/p>\n<\/li>\n<li data-start=\"1825\" data-end=\"1845\">\n<p data-start=\"1828\" data-end=\"1845\">Marque : O2feel<\/p>\n<\/li>\n<li data-start=\"1846\" data-end=\"1866\">\n<p data-start=\"1849\" data-end=\"1866\">Mod\u00e8le : iVog 3<\/p>\n<\/li>\n<li data-start=\"1867\" data-end=\"1908\">\n<p data-start=\"1870\" data-end=\"1908\">Gamme : Accessible \/ entr\u00e9e de gamme<\/p>\n<\/li>\n<li data-start=\"1909\" data-end=\"1943\">\n<p data-start=\"1912\" data-end=\"1943\">Moteur : Fiable et silencieux<\/p>\n<\/li>\n<li data-start=\"1944\" data-end=\"1968\">\n<p data-start=\"1947\" data-end=\"1968\">Batterie : Int\u00e9gr\u00e9e<\/p>\n<\/li>\n<li data-start=\"1969\" data-end=\"2013\">\n<p data-start=\"1972\" data-end=\"2013\">Autonomie : Adapt\u00e9e aux trajets urbains<\/p>\n<\/li>\n<li data-start=\"2014\" data-end=\"2049\">\n<p data-start=\"2017\" data-end=\"2049\">Cadre : Bas, facile \u00e0 enjamber<\/p>\n<\/li>\n<li data-start=\"2050\" data-end=\"2099\">\n<p data-start=\"2053\" data-end=\"2099\">Utilisation : Ville, d\u00e9placements quotidiens<\/p>\n<\/li>\n<li data-start=\"2100\" data-end=\"2156\">\n<p data-start=\"2104\" data-end=\"2156\">\u00c9quipements : \u00c9clairage, porte-bagages, garde-boue<\/p>\n<\/li>\n<\/ul>","protected":false},"excerpt":{"rendered":"<p data-start=\"723\" data-end=\"1034\">Le <strong data-start=\"726\" data-end=\"743\">O2feel iVog 3<\/strong> est un v\u00e9lo \u00e9lectrique urbain con\u00e7u pour offrir simplicit\u00e9, confort et efficacit\u00e9 au quotidien. Id\u00e9al pour les d\u00e9placements en ville, il se distingue par sa maniabilit\u00e9 et sa facilit\u00e9 d\u2019utilisation, ce qui en fait un excellent choix pour les d\u00e9butants comme pour les utilisateurs r\u00e9guliers.<\/p>\n<p data-start=\"1036\" data-end=\"1321\">\u00c9quip\u00e9 d\u2019un moteur fiable et silencieux, le O2feel iVog 3 propose une assistance \u00e9lectrique fluide qui facilite les trajets, m\u00eame en pr\u00e9sence de l\u00e9g\u00e8res mont\u00e9es. Sa batterie int\u00e9gr\u00e9e assure une autonomie adapt\u00e9e aux d\u00e9placements quotidiens, permettant de se d\u00e9placer en toute s\u00e9r\u00e9nit\u00e9.<\/p>","protected":false},"featured_media":30198,"comment_status":"open","ping_status":"closed","template":"","meta":[],"product_brand":[320],"product_cat":[323,38,321],"product_tag":[],"class_list":{"0":"post-30193","1":"product","2":"type-product","3":"status-publish","4":"has-post-thumbnail","6":"product_brand-02feel","7":"product_cat-velo-urbain","8":"product_cat-velo-electrique","9":"product_cat-velo-vtc","11":"first","12":"instock","13":"taxable","14":"shipping-taxable","15":"purchasable","16":"product-type-variable"},"yoast_head":"<!-- This site is optimized with the Yoast SEO plugin v27.6 - https:\/\/yoast.com\/product\/yoast-seo-wordpress\/ -->\n<title>O2feel iVog City Up 3.1 - V\u00e9lo \u00c9lectrique Urbain Shimano - Loisir Electronique<\/title>\n<meta name=\"description\" content=\"D\u00e9couvrez l&#039;O2feel iVog 3. Le v\u00e9lo \u00e9lectrique de ville compact et maniable avec moteur Shimano E5000.Parfait pour vos trajets quotidiens.\" \/>\n<meta name=\"robots\" content=\"index, follow, max-snippet:-1, max-image-preview:large, max-video-preview:-1\" \/>\n<link rel=\"canonical\" href=\"https:\/\/loisirelectronique.com\/nl\/product\/o2feel-ivog-city-up-3-1-velo-electrique-urbain-shimano\/\" \/>\n<meta property=\"og:locale\" content=\"nl_NL\" \/>\n<meta property=\"og:type\" content=\"article\" \/>\n<meta property=\"og:title\" content=\"O2feel iVog City Up 3.1 - V\u00e9lo \u00c9lectrique Urbain Shimano - Loisir Electronique\" \/>\n<meta property=\"og:description\" content=\"D\u00e9couvrez l&#039;O2feel iVog 3. Le v\u00e9lo \u00e9lectrique de ville compact et maniable avec moteur Shimano E5000.Parfait pour vos trajets quotidiens.\" \/>\n<meta property=\"og:url\" content=\"https:\/\/loisirelectronique.com\/nl\/product\/o2feel-ivog-city-up-3-1-velo-electrique-urbain-shimano\/\" \/>\n<meta property=\"og:site_name\" content=\"Loisir Electronique\" \/>\n<meta property=\"article:modified_time\" content=\"2026-05-09T22:28:27+00:00\" \/>\n<meta property=\"og:image\" content=\"http:\/\/loisirelectronique.com\/wp-content\/uploads\/2026\/04\/Velo-electrique-O2feel-iVog-3-autonomie-fiable-pour-trajets-quotidiens.jpeg\" \/>\n\t<meta property=\"og:image:width\" content=\"800\" \/>\n\t<meta property=\"og:image:height\" content=\"800\" \/>\n\t<meta property=\"og:image:type\" content=\"image\/jpeg\" \/>\n<meta name=\"twitter:card\" content=\"summary_large_image\" \/>\n<meta name=\"twitter:label1\" content=\"Geschatte leestijd\" \/>\n\t<meta name=\"twitter:data1\" content=\"2 minuten\" \/>\n<script type=\"application\/ld+json\" class=\"yoast-schema-graph\">{\"@context\":\"https:\\\/\\\/schema.org\",\"@graph\":[{\"@type\":\"WebPage\",\"@id\":\"https:\\\/\\\/loisirelectronique.com\\\/produit\\\/o2feel-ivog-city-up-3-1-velo-electrique-urbain-shimano\\\/\",\"url\":\"https:\\\/\\\/loisirelectronique.com\\\/produit\\\/o2feel-ivog-city-up-3-1-velo-electrique-urbain-shimano\\\/\",\"name\":\"O2feel iVog City Up 3.1 - V\u00e9lo \u00c9lectrique Urbain Shimano - Loisir Electronique\",\"isPartOf\":{\"@id\":\"https:\\\/\\\/loisirelectronique.com\\\/#website\"},\"primaryImageOfPage\":{\"@id\":\"https:\\\/\\\/loisirelectronique.com\\\/produit\\\/o2feel-ivog-city-up-3-1-velo-electrique-urbain-shimano\\\/#primaryimage\"},\"image\":{\"@id\":\"https:\\\/\\\/loisirelectronique.com\\\/produit\\\/o2feel-ivog-city-up-3-1-velo-electrique-urbain-shimano\\\/#primaryimage\"},\"thumbnailUrl\":\"https:\\\/\\\/loisirelectronique.com\\\/wp-content\\\/uploads\\\/2026\\\/04\\\/Velo-electrique-O2feel-iVog-3-autonomie-fiable-pour-trajets-quotidiens.jpeg\",\"datePublished\":\"2026-04-05T23:08:56+00:00\",\"dateModified\":\"2026-05-09T22:28:27+00:00\",\"description\":\"D\u00e9couvrez l'O2feel iVog 3. Le v\u00e9lo \u00e9lectrique de ville compact et maniable avec moteur Shimano E5000.Parfait pour vos trajets quotidiens.\",\"breadcrumb\":{\"@id\":\"https:\\\/\\\/loisirelectronique.com\\\/produit\\\/o2feel-ivog-city-up-3-1-velo-electrique-urbain-shimano\\\/#breadcrumb\"},\"inLanguage\":\"nl-NL\",\"potentialAction\":[{\"@type\":\"ReadAction\",\"target\":[\"https:\\\/\\\/loisirelectronique.com\\\/produit\\\/o2feel-ivog-city-up-3-1-velo-electrique-urbain-shimano\\\/\"]}]},{\"@type\":\"ImageObject\",\"inLanguage\":\"nl-NL\",\"@id\":\"https:\\\/\\\/loisirelectronique.com\\\/produit\\\/o2feel-ivog-city-up-3-1-velo-electrique-urbain-shimano\\\/#primaryimage\",\"url\":\"https:\\\/\\\/loisirelectronique.com\\\/wp-content\\\/uploads\\\/2026\\\/04\\\/Velo-electrique-O2feel-iVog-3-autonomie-fiable-pour-trajets-quotidiens.jpeg\",\"contentUrl\":\"https:\\\/\\\/loisirelectronique.com\\\/wp-content\\\/uploads\\\/2026\\\/04\\\/Velo-electrique-O2feel-iVog-3-autonomie-fiable-pour-trajets-quotidiens.jpeg\",\"width\":800,\"height\":800,\"caption\":\"V\u00e9lo \u00e9lectrique de ville O2feel iVog 3 bleu bor\u00e9al.\"},{\"@type\":\"BreadcrumbList\",\"@id\":\"https:\\\/\\\/loisirelectronique.com\\\/produit\\\/o2feel-ivog-city-up-3-1-velo-electrique-urbain-shimano\\\/#breadcrumb\",\"itemListElement\":[{\"@type\":\"ListItem\",\"position\":1,\"name\":\"Accueil\",\"item\":\"https:\\\/\\\/loisirelectronique.com\\\/\"},{\"@type\":\"ListItem\",\"position\":2,\"name\":\"Boutique\",\"item\":\"https:\\\/\\\/loisirelectronique.com\\\/velos-electriques-accessoires-trottinettes\\\/\"},{\"@type\":\"ListItem\",\"position\":3,\"name\":\"O2feel iVog City Up 3.1 &#8211; V\u00e9lo \u00c9lectrique Urbain Shimano\"}]},{\"@type\":\"WebSite\",\"@id\":\"https:\\\/\\\/loisirelectronique.com\\\/#website\",\"url\":\"https:\\\/\\\/loisirelectronique.com\\\/\",\"name\":\"Loisir Electronique\",\"description\":\"Innovation, qualit\u00e9, performance\",\"publisher\":{\"@id\":\"https:\\\/\\\/loisirelectronique.com\\\/#organization\"},\"potentialAction\":[{\"@type\":\"SearchAction\",\"target\":{\"@type\":\"EntryPoint\",\"urlTemplate\":\"https:\\\/\\\/loisirelectronique.com\\\/?s={search_term_string}\"},\"query-input\":{\"@type\":\"PropertyValueSpecification\",\"valueRequired\":true,\"valueName\":\"search_term_string\"}}],\"inLanguage\":\"nl-NL\"},{\"@type\":\"Organization\",\"@id\":\"https:\\\/\\\/loisirelectronique.com\\\/#organization\",\"name\":\"Loisir Electronique\",\"url\":\"https:\\\/\\\/loisirelectronique.com\\\/\",\"logo\":{\"@type\":\"ImageObject\",\"inLanguage\":\"nl-NL\",\"@id\":\"https:\\\/\\\/loisirelectronique.com\\\/#\\\/schema\\\/logo\\\/image\\\/\",\"url\":\"http:\\\/\\\/loisirelectronique.com\\\/wp-content\\\/uploads\\\/2026\\\/03\\\/IMG-20260325-WA00112.jpg\",\"contentUrl\":\"http:\\\/\\\/loisirelectronique.com\\\/wp-content\\\/uploads\\\/2026\\\/03\\\/IMG-20260325-WA00112.jpg\",\"width\":418,\"height\":124,\"caption\":\"Loisir Electronique\"},\"image\":{\"@id\":\"https:\\\/\\\/loisirelectronique.com\\\/#\\\/schema\\\/logo\\\/image\\\/\"}}]}<\/script>\n<!-- \/ Yoast SEO plugin. -->","yoast_head_json":{"title":"O2feel iVog City Up 3.1 - V\u00e9lo \u00c9lectrique Urbain Shimano - Loisir Electronique","description":"D\u00e9couvrez l'O2feel iVog 3. Le v\u00e9lo \u00e9lectrique de ville compact et maniable avec moteur Shimano E5000.Parfait pour vos trajets quotidiens.","robots":{"index":"index","follow":"follow","max-snippet":"max-snippet:-1","max-image-preview":"max-image-preview:large","max-video-preview":"max-video-preview:-1"},"canonical":"https:\/\/loisirelectronique.com\/nl\/product\/o2feel-ivog-city-up-3-1-velo-electrique-urbain-shimano\/","og_locale":"nl_NL","og_type":"article","og_title":"O2feel iVog City Up 3.1 - V\u00e9lo \u00c9lectrique Urbain Shimano - Loisir Electronique","og_description":"D\u00e9couvrez l'O2feel iVog 3. Le v\u00e9lo \u00e9lectrique de ville compact et maniable avec moteur Shimano E5000.Parfait pour vos trajets quotidiens.","og_url":"https:\/\/loisirelectronique.com\/nl\/product\/o2feel-ivog-city-up-3-1-velo-electrique-urbain-shimano\/","og_site_name":"Loisir Electronique","article_modified_time":"2026-05-09T22:28:27+00:00","og_image":[{"width":800,"height":800,"url":"http:\/\/loisirelectronique.com\/wp-content\/uploads\/2026\/04\/Velo-electrique-O2feel-iVog-3-autonomie-fiable-pour-trajets-quotidiens.jpeg","type":"image\/jpeg"}],"twitter_card":"summary_large_image","twitter_misc":{"Geschatte leestijd":"2 minuten"},"schema":{"@context":"https:\/\/schema.org","@graph":[{"@type":"WebPage","@id":"https:\/\/loisirelectronique.com\/produit\/o2feel-ivog-city-up-3-1-velo-electrique-urbain-shimano\/","url":"https:\/\/loisirelectronique.com\/produit\/o2feel-ivog-city-up-3-1-velo-electrique-urbain-shimano\/","name":"O2feel iVog City Up 3.1 - V\u00e9lo \u00c9lectrique Urbain Shimano - Loisir Electronique","isPartOf":{"@id":"https:\/\/loisirelectronique.com\/#website"},"primaryImageOfPage":{"@id":"https:\/\/loisirelectronique.com\/produit\/o2feel-ivog-city-up-3-1-velo-electrique-urbain-shimano\/#primaryimage"},"image":{"@id":"https:\/\/loisirelectronique.com\/produit\/o2feel-ivog-city-up-3-1-velo-electrique-urbain-shimano\/#primaryimage"},"thumbnailUrl":"https:\/\/loisirelectronique.com\/wp-content\/uploads\/2026\/04\/Velo-electrique-O2feel-iVog-3-autonomie-fiable-pour-trajets-quotidiens.jpeg","datePublished":"2026-04-05T23:08:56+00:00","dateModified":"2026-05-09T22:28:27+00:00","description":"D\u00e9couvrez l'O2feel iVog 3. Le v\u00e9lo \u00e9lectrique de ville compact et maniable avec moteur Shimano E5000.Parfait pour vos trajets quotidiens.","breadcrumb":{"@id":"https:\/\/loisirelectronique.com\/produit\/o2feel-ivog-city-up-3-1-velo-electrique-urbain-shimano\/#breadcrumb"},"inLanguage":"nl-NL","potentialAction":[{"@type":"ReadAction","target":["https:\/\/loisirelectronique.com\/produit\/o2feel-ivog-city-up-3-1-velo-electrique-urbain-shimano\/"]}]},{"@type":"ImageObject","inLanguage":"nl-NL","@id":"https:\/\/loisirelectronique.com\/produit\/o2feel-ivog-city-up-3-1-velo-electrique-urbain-shimano\/#primaryimage","url":"https:\/\/loisirelectronique.com\/wp-content\/uploads\/2026\/04\/Velo-electrique-O2feel-iVog-3-autonomie-fiable-pour-trajets-quotidiens.jpeg","contentUrl":"https:\/\/loisirelectronique.com\/wp-content\/uploads\/2026\/04\/Velo-electrique-O2feel-iVog-3-autonomie-fiable-pour-trajets-quotidiens.jpeg","width":800,"height":800,"caption":"V\u00e9lo \u00e9lectrique de ville O2feel iVog 3 bleu bor\u00e9al."},{"@type":"BreadcrumbList","@id":"https:\/\/loisirelectronique.com\/produit\/o2feel-ivog-city-up-3-1-velo-electrique-urbain-shimano\/#breadcrumb","itemListElement":[{"@type":"ListItem","position":1,"name":"Accueil","item":"https:\/\/loisirelectronique.com\/"},{"@type":"ListItem","position":2,"name":"Boutique","item":"https:\/\/loisirelectronique.com\/velos-electriques-accessoires-trottinettes\/"},{"@type":"ListItem","position":3,"name":"O2feel iVog City Up 3.1 &#8211; V\u00e9lo \u00c9lectrique Urbain Shimano"}]},{"@type":"WebSite","@id":"https:\/\/loisirelectronique.com\/#website","url":"https:\/\/loisirelectronique.com\/","name":"Loisir Electronique","description":"Innovation, qualit\u00e9, performance","publisher":{"@id":"https:\/\/loisirelectronique.com\/#organization"},"potentialAction":[{"@type":"SearchAction","target":{"@type":"EntryPoint","urlTemplate":"https:\/\/loisirelectronique.com\/?s={search_term_string}"},"query-input":{"@type":"PropertyValueSpecification","valueRequired":true,"valueName":"search_term_string"}}],"inLanguage":"nl-NL"},{"@type":"Organization","@id":"https:\/\/loisirelectronique.com\/#organization","name":"Loisir Electronique","url":"https:\/\/loisirelectronique.com\/","logo":{"@type":"ImageObject","inLanguage":"nl-NL","@id":"https:\/\/loisirelectronique.com\/#\/schema\/logo\/image\/","url":"http:\/\/loisirelectronique.com\/wp-content\/uploads\/2026\/03\/IMG-20260325-WA00112.jpg","contentUrl":"http:\/\/loisirelectronique.com\/wp-content\/uploads\/2026\/03\/IMG-20260325-WA00112.jpg","width":418,"height":124,"caption":"Loisir Electronique"},"image":{"@id":"https:\/\/loisirelectronique.com\/#\/schema\/logo\/image\/"}}]}},"jetpack_sharing_enabled":true,"_links":{"self":[{"href":"https:\/\/loisirelectronique.com\/nl\/wp-json\/wp\/v2\/product\/30193","targetHints":{"allow":["GET"]}}],"collection":[{"href":"https:\/\/loisirelectronique.com\/nl\/wp-json\/wp\/v2\/product"}],"about":[{"href":"https:\/\/loisirelectronique.com\/nl\/wp-json\/wp\/v2\/types\/product"}],"replies":[{"embeddable":true,"href":"https:\/\/loisirelectronique.com\/nl\/wp-json\/wp\/v2\/comments?post=30193"}],"version-history":[{"count":1,"href":"https:\/\/loisirelectronique.com\/nl\/wp-json\/wp\/v2\/product\/30193\/revisions"}],"predecessor-version":[{"id":30199,"href":"https:\/\/loisirelectronique.com\/nl\/wp-json\/wp\/v2\/product\/30193\/revisions\/30199"}],"wp:featuredmedia":[{"embeddable":true,"href":"https:\/\/loisirelectronique.com\/nl\/wp-json\/wp\/v2\/media\/30198"}],"wp:attachment":[{"href":"https:\/\/loisirelectronique.com\/nl\/wp-json\/wp\/v2\/media?parent=30193"}],"wp:term":[{"taxonomy":"product_brand","embeddable":true,"href":"https:\/\/loisirelectronique.com\/nl\/wp-json\/wp\/v2\/product_brand?post=30193"},{"taxonomy":"product_cat","embeddable":true,"href":"https:\/\/loisirelectronique.com\/nl\/wp-json\/wp\/v2\/product_cat?post=30193"},{"taxonomy":"product_tag","embeddable":true,"href":"https:\/\/loisirelectronique.com\/nl\/wp-json\/wp\/v2\/product_tag?post=30193"}],"curies":[{"name":"wp","href":"https:\/\/api.w.org\/{rel}","templated":true}]}}