{"id":30111,"date":"2026-04-03T22:56:13","date_gmt":"2026-04-03T22:56:13","guid":{"rendered":"https:\/\/loisirelectronique.com\/?post_type=product&#038;p=30111"},"modified":"2026-05-09T00:30:33","modified_gmt":"2026-05-09T00:30:33","slug":"cube-stereo-hybrid-120-pro-vtt-electrique-tout-suspendu-2","status":"publish","type":"product","link":"https:\/\/loisirelectronique.com\/nl\/product\/cube-stereo-hybrid-120-pro-vtt-electrique-tout-suspendu-2\/","title":{"rendered":"Cube Stereo Hybrid 120 Pro &#8211; VTT \u00c9lectrique Tout-Suspendu"},"content":{"rendered":"<h2 data-path-to-node=\"4,4,1,1,1\">Une suspension RockShox haute performance<\/h2>\n<p data-path-to-node=\"4,4,1,1,2\">Le <b data-path-to-node=\"4,4,1,1,2\" data-index-in-node=\"3\">Cube Stereo Hybrid 120<\/b> Pro prot\u00e8ge votre dos et vos articulations. Son duo d&rsquo;amortisseurs RockShox lisse toutes les irr\u00e9gularit\u00e9s du terrain forestier. En pilotant le <b data-path-to-node=\"4,4,1,1,2\" data-index-in-node=\"170\">Cube Stereo Hybrid 120<\/b>, vous franchissez les racines sans aucune secousse. Le d\u00e9battement de 120 mm offre un \u00e9quilibre parfait entre confort et rendement. Cette technologie tout-suspendu assure une adh\u00e9rence constante de la roue arri\u00e8re au sol. Vous gardez le contr\u00f4le total lors des descentes rapides et sinueuses. La conduite devient fluide, s\u00e9curisante et surtout beaucoup moins fatigante.<\/p>\n<h2 data-path-to-node=\"4,4,1,1,3\">Une g\u00e9om\u00e9trie Comfort Ride ergonomique<\/h2>\n<p data-path-to-node=\"4,4,1,1,4\">Le cadre en aluminium Superlite place le cycliste dans une position naturelle. Elle permet de p\u00e9daler durant des heures sans ressentir de tensions. Chez <b data-path-to-node=\"4,4,1,1,4\" data-index-in-node=\"153\">Loisir \u00c9lectronique<\/b>, nous recommandons ce mod\u00e8le pour son brio en randonn\u00e9e. Il r\u00e9pond aux attentes des riders cherchant un confort de premi\u00e8re classe.<\/p>\n<h2 data-path-to-node=\"7,4,1,1,3\">Transmission Shimano Deore 12 vitesses fluide<\/h2>\n<p data-path-to-node=\"7,4,1,1,4\">Le groupe Shimano Deore 12V assure des changements de rapports rapides. Sa large plage de rapports s&rsquo;adapte \u00e0 tous les profils de randonn\u00e9e. Chez <b data-path-to-node=\"7,4,1,1,4\" data-index-in-node=\"146\">Loisir \u00c9lectronique<\/b>, nous validons ce montage pour sa fiabilit\u00e9 m\u00e9canique. Il r\u00e9pond aux besoins des cyclistes exigeants en termes de puissance pure.<\/p>\n<p data-path-to-node=\"7,4,1,1,5,0,0\">\u00a0<i data-path-to-node=\"7,4,1,1,5,0,0\" data-index-in-node=\"19\">Besoin de franchir des obstacles plus gros ? Voyez le <a class=\"ng-star-inserted\" href=\"https:\/\/ecyclestore.fr\/produit\/cube-stereo-hybrid-160-hpc\/\" target=\"_blank\" rel=\"noopener\" data-hveid=\"0\" data-ved=\"0CAAQ_4QMahgKEwiIr4yur9KTAxUAAAAAHQAAAAAQ7gM\">Cube Stereo Hybrid 160 HPC<\/a>.<\/i><\/p>\n<h4>D\u00c9TAILS :<\/h4>\n<table class=\"table table-striped\">\n<tbody>\n<tr>\n<td>Cadre<\/td>\n<td>Aluminium : Aluminum Superlite, Gravity Casting Technology, Efficient Comfort Control, FSP 4-Link, Agile Comfort Geometry, Boost 148, Full Integrated Battery, Advanced Internal Cable Routing, Kickstand\/Fender\/Carrier Mounting Points, Width tires maximum: 66.6 mm<\/td>\n<\/tr>\n<tr>\n<td>Fourche<\/td>\n<td>RockShox Recon Silver RL Air, Tapered, 15\u00d7110 mm, eMTB Approved, Lockout, 130 mm travel<\/td>\n<\/tr>\n<tr>\n<td>Amortisseur<\/td>\n<td>RockShox Deluxe Select, 185\u00d755 mm, Rebound Adjust, Trunnion Mount \/ Entretoises : 54 mm Trunnion Mount (Haut), 30\u00d78 mm (Bas)<\/td>\n<\/tr>\n<tr>\n<td>Moteur<\/td>\n<td>Bosch Drive Unit Performance CX Generation 4 (85 Nm) Cruise (250 Watt), Smart System, 25 km\/h<\/td>\n<\/tr>\n<tr>\n<td>Batterie<\/td>\n<td>Bosch PowerTube 625 Wh<\/td>\n<\/tr>\n<tr>\n<td>Commande<\/td>\n<td>Bosch LED Remote<\/td>\n<\/tr>\n<tr>\n<td>Manette de d\u00e9railleur<\/td>\n<td>Shimano Deore SL-M6100-IR, Direct Attach, Rapidfire-Plus, 1\u00d712-vitesses<\/td>\n<\/tr>\n<tr>\n<td>D\u00e9railleur arri\u00e8re<\/td>\n<td>Shimano Deore RD-M6100-SGS, ShadowPlus, 12-vitesses<\/td>\n<\/tr>\n<tr>\n<td>Cassette<\/td>\n<td>SunRace CSMZ600, 11-51 Dents<\/td>\n<\/tr>\n<tr>\n<td>Cha\u00eene<\/td>\n<td>Shimano CN-M6100<\/td>\n<\/tr>\n<tr>\n<td>P\u00e9dalier<\/td>\n<td>Acid E-Crank, 170 mm, 38 Dents<\/td>\n<\/tr>\n<tr>\n<td>Freins<\/td>\n<td>Shimano BR-MT420, Hydr. Disc Brake, (203\/203)<\/td>\n<\/tr>\n<tr>\n<td>Roues<\/td>\n<td>Rodi Tryp 30, 32H, Disc, Tubeless Ready<\/td>\n<\/tr>\n<tr>\n<td>Moyeux<\/td>\n<td>Avant : Cube Engineered By Newmen, 15 mm, Boost, Centerlock \/ Arri\u00e8re : Cube Engineered By Newmen, 12 mm, Boost, Centerlock<\/td>\n<\/tr>\n<tr>\n<td>Pneus<\/td>\n<td>Schwalbe Smart Sam, Active, 29 x 2.6\u2033<\/td>\n<\/tr>\n<tr>\n<td>Guidon<\/td>\n<td>Newmen Evolution SL 318.25, 760 mm<\/td>\n<\/tr>\n<tr>\n<td>Poign\u00e9es<\/td>\n<td>Acid Hybrid Perform<\/td>\n<\/tr>\n<tr>\n<td>Potence<\/td>\n<td>Cube Performance Stem E-MTB, 31.8 mm<\/td>\n<\/tr>\n<tr>\n<td>Jeu de direction<\/td>\n<td>Acros AZF-1035, ICR (Integrated Cable Routing), BlockLock 120\u00b0, Top Zero-Stack 1 1\/2\u2033 (ZS 56 mm), Bottom Zero-Stack 1 1\/2\u2033 (ZS 56 mm)<\/td>\n<\/tr>\n<tr>\n<td>P\u00e9dales<\/td>\n<td>Acid PP MTB<\/td>\n<\/tr>\n<tr>\n<td>Selle<\/td>\n<td>Natural Fit Sequence<\/td>\n<\/tr>\n<tr>\n<td>Tige de selle<\/td>\n<td>Cube Performance Post, 30.9 mm<\/td>\n<\/tr>\n<tr>\n<td>Poids<\/td>\n<td>25.1 kg<\/td>\n<\/tr>\n<tr>\n<td>Poids maximum<\/td>\n<td>135 kg : le poids maximum du syst\u00e8me comprend le v\u00e9lo, le cycliste et les \u00e9quipements<\/td>\n<\/tr>\n<tr>\n<td>Coloris<\/td>\n<td>flashgrey\u00b4n\u00b4orange<\/td>\n<\/tr>\n<\/tbody>\n<\/table>","protected":false},"excerpt":{"rendered":"<p data-start=\"1257\" data-end=\"1638\">Le <span class=\"hover:entity-accent entity-underline inline cursor-pointer align-baseline\"><span class=\"whitespace-normal\">Cube Stereo Hybrid 120 Pro 625 Gris Flash 2023<\/span><\/span> est un VTT \u00e9lectrique tout-suspendu con\u00e7u pour les cyclistes qui recherchent confort et performance sur tous types de terrains. Son cadre en aluminium robuste et l\u00e9ger, associ\u00e9 \u00e0 une suspension compl\u00e8te de <strong data-start=\"1506\" data-end=\"1516\">120 mm<\/strong>, assure une absorption optimale des chocs et un contr\u00f4le parfait sur les sentiers techniques et les chemins accident\u00e9s.<\/p>\n<p data-start=\"1640\" data-end=\"1951\">\u00c9quip\u00e9 du moteur <strong data-start=\"1657\" data-end=\"1686\">Bosch Performance Line CX<\/strong> et d\u2019une batterie int\u00e9gr\u00e9e <strong data-start=\"1714\" data-end=\"1723\">625Wh<\/strong>, ce e-MTB offre une assistance puissante pour faciliter les longues randonn\u00e9es et les mont\u00e9es difficiles. L\u2019\u00e9cran <strong data-start=\"1838\" data-end=\"1854\">Bosch Purion<\/strong> permet de g\u00e9rer facilement le niveau d\u2019assistance et de suivre les performances en temps r\u00e9el.<\/p>","protected":false},"featured_media":30112,"comment_status":"open","ping_status":"closed","template":"","meta":[],"product_brand":[318],"product_cat":[44,46],"product_tag":[],"class_list":{"0":"post-30111","1":"product","2":"type-product","3":"status-publish","4":"has-post-thumbnail","6":"product_brand-cube","7":"product_cat-velos","8":"product_cat-vtt","10":"first","11":"instock","12":"taxable","13":"shipping-taxable","14":"purchasable","15":"product-type-variable"},"yoast_head":"<!-- This site is optimized with the Yoast SEO plugin v27.5 - https:\/\/yoast.com\/product\/yoast-seo-wordpress\/ -->\n<title>Cube Stereo Hybrid 120 Pro - VTT \u00c9lectrique Tout-Suspendu - Loisir Electronique<\/title>\n<meta name=\"description\" content=\"Style technique avec le Cube Stereo Hybrid 120 Pro Gris Flash. Batterie int\u00e9gr\u00e9e et finition premium. Visitez Loisir \u00c9lectronique !\" \/>\n<meta name=\"robots\" content=\"index, follow, max-snippet:-1, max-image-preview:large, max-video-preview:-1\" \/>\n<link rel=\"canonical\" href=\"https:\/\/loisirelectronique.com\/nl\/product\/cube-stereo-hybrid-120-pro-vtt-electrique-tout-suspendu-2\/\" \/>\n<meta property=\"og:locale\" content=\"nl_NL\" \/>\n<meta property=\"og:type\" content=\"article\" \/>\n<meta property=\"og:title\" content=\"Cube Stereo Hybrid 120 Pro - VTT \u00c9lectrique Tout-Suspendu - Loisir Electronique\" \/>\n<meta property=\"og:description\" content=\"Style technique avec le Cube Stereo Hybrid 120 Pro Gris Flash. Batterie int\u00e9gr\u00e9e et finition premium. Visitez Loisir \u00c9lectronique !\" \/>\n<meta property=\"og:url\" content=\"https:\/\/loisirelectronique.com\/nl\/product\/cube-stereo-hybrid-120-pro-vtt-electrique-tout-suspendu-2\/\" \/>\n<meta property=\"og:site_name\" content=\"Loisir Electronique\" \/>\n<meta property=\"article:modified_time\" content=\"2026-05-09T00:30:33+00:00\" \/>\n<meta property=\"og:image\" content=\"http:\/\/loisirelectronique.com\/wp-content\/uploads\/2026\/04\/Cube-Stereo-Hybrid-120-Pro-625-Gris-Flash-2023-batterie-Bosch-625Wh-integree-zoom-cadre.jpg\" \/>\n\t<meta property=\"og:image:width\" content=\"1638\" \/>\n\t<meta property=\"og:image:height\" content=\"1115\" \/>\n\t<meta property=\"og:image:type\" content=\"image\/jpeg\" \/>\n<meta name=\"twitter:card\" content=\"summary_large_image\" \/>\n<meta name=\"twitter:label1\" content=\"Geschatte leestijd\" \/>\n\t<meta name=\"twitter:data1\" content=\"3 minuten\" \/>\n<script type=\"application\/ld+json\" class=\"yoast-schema-graph\">{\"@context\":\"https:\\\/\\\/schema.org\",\"@graph\":[{\"@type\":\"WebPage\",\"@id\":\"https:\\\/\\\/loisirelectronique.com\\\/produit\\\/cube-stereo-hybrid-120-pro-vtt-electrique-tout-suspendu-2\\\/\",\"url\":\"https:\\\/\\\/loisirelectronique.com\\\/produit\\\/cube-stereo-hybrid-120-pro-vtt-electrique-tout-suspendu-2\\\/\",\"name\":\"Cube Stereo Hybrid 120 Pro - VTT \u00c9lectrique Tout-Suspendu - Loisir Electronique\",\"isPartOf\":{\"@id\":\"https:\\\/\\\/loisirelectronique.com\\\/#website\"},\"primaryImageOfPage\":{\"@id\":\"https:\\\/\\\/loisirelectronique.com\\\/produit\\\/cube-stereo-hybrid-120-pro-vtt-electrique-tout-suspendu-2\\\/#primaryimage\"},\"image\":{\"@id\":\"https:\\\/\\\/loisirelectronique.com\\\/produit\\\/cube-stereo-hybrid-120-pro-vtt-electrique-tout-suspendu-2\\\/#primaryimage\"},\"thumbnailUrl\":\"https:\\\/\\\/loisirelectronique.com\\\/wp-content\\\/uploads\\\/2026\\\/04\\\/Cube-Stereo-Hybrid-120-Pro-625-Gris-Flash-2023-batterie-Bosch-625Wh-integree-zoom-cadre.jpg\",\"datePublished\":\"2026-04-03T22:56:13+00:00\",\"dateModified\":\"2026-05-09T00:30:33+00:00\",\"description\":\"Style technique avec le Cube Stereo Hybrid 120 Pro Gris Flash. Batterie int\u00e9gr\u00e9e et finition premium. Visitez Loisir \u00c9lectronique !\",\"breadcrumb\":{\"@id\":\"https:\\\/\\\/loisirelectronique.com\\\/produit\\\/cube-stereo-hybrid-120-pro-vtt-electrique-tout-suspendu-2\\\/#breadcrumb\"},\"inLanguage\":\"nl-NL\",\"potentialAction\":[{\"@type\":\"ReadAction\",\"target\":[\"https:\\\/\\\/loisirelectronique.com\\\/produit\\\/cube-stereo-hybrid-120-pro-vtt-electrique-tout-suspendu-2\\\/\"]}]},{\"@type\":\"ImageObject\",\"inLanguage\":\"nl-NL\",\"@id\":\"https:\\\/\\\/loisirelectronique.com\\\/produit\\\/cube-stereo-hybrid-120-pro-vtt-electrique-tout-suspendu-2\\\/#primaryimage\",\"url\":\"https:\\\/\\\/loisirelectronique.com\\\/wp-content\\\/uploads\\\/2026\\\/04\\\/Cube-Stereo-Hybrid-120-Pro-625-Gris-Flash-2023-batterie-Bosch-625Wh-integree-zoom-cadre.jpg\",\"contentUrl\":\"https:\\\/\\\/loisirelectronique.com\\\/wp-content\\\/uploads\\\/2026\\\/04\\\/Cube-Stereo-Hybrid-120-Pro-625-Gris-Flash-2023-batterie-Bosch-625Wh-integree-zoom-cadre.jpg\",\"width\":1638,\"height\":1115,\"caption\":\"VTT \u00e9lectrique tout-suspendu Cube Stereo Hybrid 120 Pro gris flash.\"},{\"@type\":\"BreadcrumbList\",\"@id\":\"https:\\\/\\\/loisirelectronique.com\\\/produit\\\/cube-stereo-hybrid-120-pro-vtt-electrique-tout-suspendu-2\\\/#breadcrumb\",\"itemListElement\":[{\"@type\":\"ListItem\",\"position\":1,\"name\":\"Accueil\",\"item\":\"https:\\\/\\\/loisirelectronique.com\\\/\"},{\"@type\":\"ListItem\",\"position\":2,\"name\":\"Boutique\",\"item\":\"https:\\\/\\\/loisirelectronique.com\\\/velos-electriques-accessoires-trottinettes\\\/\"},{\"@type\":\"ListItem\",\"position\":3,\"name\":\"Cube Stereo Hybrid 120 Pro &#8211; VTT \u00c9lectrique Tout-Suspendu\"}]},{\"@type\":\"WebSite\",\"@id\":\"https:\\\/\\\/loisirelectronique.com\\\/#website\",\"url\":\"https:\\\/\\\/loisirelectronique.com\\\/\",\"name\":\"Loisir Electronique\",\"description\":\"Innovation, qualit\u00e9, performance\",\"publisher\":{\"@id\":\"https:\\\/\\\/loisirelectronique.com\\\/#organization\"},\"potentialAction\":[{\"@type\":\"SearchAction\",\"target\":{\"@type\":\"EntryPoint\",\"urlTemplate\":\"https:\\\/\\\/loisirelectronique.com\\\/?s={search_term_string}\"},\"query-input\":{\"@type\":\"PropertyValueSpecification\",\"valueRequired\":true,\"valueName\":\"search_term_string\"}}],\"inLanguage\":\"nl-NL\"},{\"@type\":\"Organization\",\"@id\":\"https:\\\/\\\/loisirelectronique.com\\\/#organization\",\"name\":\"Loisir Electronique\",\"url\":\"https:\\\/\\\/loisirelectronique.com\\\/\",\"logo\":{\"@type\":\"ImageObject\",\"inLanguage\":\"nl-NL\",\"@id\":\"https:\\\/\\\/loisirelectronique.com\\\/#\\\/schema\\\/logo\\\/image\\\/\",\"url\":\"http:\\\/\\\/loisirelectronique.com\\\/wp-content\\\/uploads\\\/2026\\\/03\\\/IMG-20260325-WA00112.jpg\",\"contentUrl\":\"http:\\\/\\\/loisirelectronique.com\\\/wp-content\\\/uploads\\\/2026\\\/03\\\/IMG-20260325-WA00112.jpg\",\"width\":418,\"height\":124,\"caption\":\"Loisir Electronique\"},\"image\":{\"@id\":\"https:\\\/\\\/loisirelectronique.com\\\/#\\\/schema\\\/logo\\\/image\\\/\"}}]}<\/script>\n<!-- \/ Yoast SEO plugin. -->","yoast_head_json":{"title":"Cube Stereo Hybrid 120 Pro - VTT \u00c9lectrique Tout-Suspendu - Loisir Electronique","description":"Style technique avec le Cube Stereo Hybrid 120 Pro Gris Flash. Batterie int\u00e9gr\u00e9e et finition premium. Visitez Loisir \u00c9lectronique !","robots":{"index":"index","follow":"follow","max-snippet":"max-snippet:-1","max-image-preview":"max-image-preview:large","max-video-preview":"max-video-preview:-1"},"canonical":"https:\/\/loisirelectronique.com\/nl\/product\/cube-stereo-hybrid-120-pro-vtt-electrique-tout-suspendu-2\/","og_locale":"nl_NL","og_type":"article","og_title":"Cube Stereo Hybrid 120 Pro - VTT \u00c9lectrique Tout-Suspendu - Loisir Electronique","og_description":"Style technique avec le Cube Stereo Hybrid 120 Pro Gris Flash. Batterie int\u00e9gr\u00e9e et finition premium. Visitez Loisir \u00c9lectronique !","og_url":"https:\/\/loisirelectronique.com\/nl\/product\/cube-stereo-hybrid-120-pro-vtt-electrique-tout-suspendu-2\/","og_site_name":"Loisir Electronique","article_modified_time":"2026-05-09T00:30:33+00:00","og_image":[{"width":1638,"height":1115,"url":"http:\/\/loisirelectronique.com\/wp-content\/uploads\/2026\/04\/Cube-Stereo-Hybrid-120-Pro-625-Gris-Flash-2023-batterie-Bosch-625Wh-integree-zoom-cadre.jpg","type":"image\/jpeg"}],"twitter_card":"summary_large_image","twitter_misc":{"Geschatte leestijd":"3 minuten"},"schema":{"@context":"https:\/\/schema.org","@graph":[{"@type":"WebPage","@id":"https:\/\/loisirelectronique.com\/produit\/cube-stereo-hybrid-120-pro-vtt-electrique-tout-suspendu-2\/","url":"https:\/\/loisirelectronique.com\/produit\/cube-stereo-hybrid-120-pro-vtt-electrique-tout-suspendu-2\/","name":"Cube Stereo Hybrid 120 Pro - VTT \u00c9lectrique Tout-Suspendu - Loisir Electronique","isPartOf":{"@id":"https:\/\/loisirelectronique.com\/#website"},"primaryImageOfPage":{"@id":"https:\/\/loisirelectronique.com\/produit\/cube-stereo-hybrid-120-pro-vtt-electrique-tout-suspendu-2\/#primaryimage"},"image":{"@id":"https:\/\/loisirelectronique.com\/produit\/cube-stereo-hybrid-120-pro-vtt-electrique-tout-suspendu-2\/#primaryimage"},"thumbnailUrl":"https:\/\/loisirelectronique.com\/wp-content\/uploads\/2026\/04\/Cube-Stereo-Hybrid-120-Pro-625-Gris-Flash-2023-batterie-Bosch-625Wh-integree-zoom-cadre.jpg","datePublished":"2026-04-03T22:56:13+00:00","dateModified":"2026-05-09T00:30:33+00:00","description":"Style technique avec le Cube Stereo Hybrid 120 Pro Gris Flash. Batterie int\u00e9gr\u00e9e et finition premium. Visitez Loisir \u00c9lectronique !","breadcrumb":{"@id":"https:\/\/loisirelectronique.com\/produit\/cube-stereo-hybrid-120-pro-vtt-electrique-tout-suspendu-2\/#breadcrumb"},"inLanguage":"nl-NL","potentialAction":[{"@type":"ReadAction","target":["https:\/\/loisirelectronique.com\/produit\/cube-stereo-hybrid-120-pro-vtt-electrique-tout-suspendu-2\/"]}]},{"@type":"ImageObject","inLanguage":"nl-NL","@id":"https:\/\/loisirelectronique.com\/produit\/cube-stereo-hybrid-120-pro-vtt-electrique-tout-suspendu-2\/#primaryimage","url":"https:\/\/loisirelectronique.com\/wp-content\/uploads\/2026\/04\/Cube-Stereo-Hybrid-120-Pro-625-Gris-Flash-2023-batterie-Bosch-625Wh-integree-zoom-cadre.jpg","contentUrl":"https:\/\/loisirelectronique.com\/wp-content\/uploads\/2026\/04\/Cube-Stereo-Hybrid-120-Pro-625-Gris-Flash-2023-batterie-Bosch-625Wh-integree-zoom-cadre.jpg","width":1638,"height":1115,"caption":"VTT \u00e9lectrique tout-suspendu Cube Stereo Hybrid 120 Pro gris flash."},{"@type":"BreadcrumbList","@id":"https:\/\/loisirelectronique.com\/produit\/cube-stereo-hybrid-120-pro-vtt-electrique-tout-suspendu-2\/#breadcrumb","itemListElement":[{"@type":"ListItem","position":1,"name":"Accueil","item":"https:\/\/loisirelectronique.com\/"},{"@type":"ListItem","position":2,"name":"Boutique","item":"https:\/\/loisirelectronique.com\/velos-electriques-accessoires-trottinettes\/"},{"@type":"ListItem","position":3,"name":"Cube Stereo Hybrid 120 Pro &#8211; VTT \u00c9lectrique Tout-Suspendu"}]},{"@type":"WebSite","@id":"https:\/\/loisirelectronique.com\/#website","url":"https:\/\/loisirelectronique.com\/","name":"Loisir Electronique","description":"Innovation, qualit\u00e9, performance","publisher":{"@id":"https:\/\/loisirelectronique.com\/#organization"},"potentialAction":[{"@type":"SearchAction","target":{"@type":"EntryPoint","urlTemplate":"https:\/\/loisirelectronique.com\/?s={search_term_string}"},"query-input":{"@type":"PropertyValueSpecification","valueRequired":true,"valueName":"search_term_string"}}],"inLanguage":"nl-NL"},{"@type":"Organization","@id":"https:\/\/loisirelectronique.com\/#organization","name":"Loisir Electronique","url":"https:\/\/loisirelectronique.com\/","logo":{"@type":"ImageObject","inLanguage":"nl-NL","@id":"https:\/\/loisirelectronique.com\/#\/schema\/logo\/image\/","url":"http:\/\/loisirelectronique.com\/wp-content\/uploads\/2026\/03\/IMG-20260325-WA00112.jpg","contentUrl":"http:\/\/loisirelectronique.com\/wp-content\/uploads\/2026\/03\/IMG-20260325-WA00112.jpg","width":418,"height":124,"caption":"Loisir Electronique"},"image":{"@id":"https:\/\/loisirelectronique.com\/#\/schema\/logo\/image\/"}}]}},"jetpack_sharing_enabled":true,"_links":{"self":[{"href":"https:\/\/loisirelectronique.com\/nl\/wp-json\/wp\/v2\/product\/30111","targetHints":{"allow":["GET"]}}],"collection":[{"href":"https:\/\/loisirelectronique.com\/nl\/wp-json\/wp\/v2\/product"}],"about":[{"href":"https:\/\/loisirelectronique.com\/nl\/wp-json\/wp\/v2\/types\/product"}],"replies":[{"embeddable":true,"href":"https:\/\/loisirelectronique.com\/nl\/wp-json\/wp\/v2\/comments?post=30111"}],"version-history":[{"count":2,"href":"https:\/\/loisirelectronique.com\/nl\/wp-json\/wp\/v2\/product\/30111\/revisions"}],"predecessor-version":[{"id":30884,"href":"https:\/\/loisirelectronique.com\/nl\/wp-json\/wp\/v2\/product\/30111\/revisions\/30884"}],"wp:featuredmedia":[{"embeddable":true,"href":"https:\/\/loisirelectronique.com\/nl\/wp-json\/wp\/v2\/media\/30112"}],"wp:attachment":[{"href":"https:\/\/loisirelectronique.com\/nl\/wp-json\/wp\/v2\/media?parent=30111"}],"wp:term":[{"taxonomy":"product_brand","embeddable":true,"href":"https:\/\/loisirelectronique.com\/nl\/wp-json\/wp\/v2\/product_brand?post=30111"},{"taxonomy":"product_cat","embeddable":true,"href":"https:\/\/loisirelectronique.com\/nl\/wp-json\/wp\/v2\/product_cat?post=30111"},{"taxonomy":"product_tag","embeddable":true,"href":"https:\/\/loisirelectronique.com\/nl\/wp-json\/wp\/v2\/product_tag?post=30111"}],"curies":[{"name":"wp","href":"https:\/\/api.w.org\/{rel}","templated":true}]}}