{"id":30091,"date":"2026-04-03T22:22:34","date_gmt":"2026-04-03T22:22:34","guid":{"rendered":"https:\/\/loisirelectronique.com\/?post_type=product&#038;p=30091"},"modified":"2026-05-08T21:51:31","modified_gmt":"2026-05-08T21:51:31","slug":"cube-reaction-hybrid-625-pro-vtt-electrique-suspension-air","status":"publish","type":"product","link":"https:\/\/loisirelectronique.com\/nl\/product\/cube-reaction-hybrid-625-pro-vtt-electrique-suspension-air\/","title":{"rendered":"Cube Reaction Hybrid 625 Pro &#8211; VTT \u00c9lectrique Suspension Air"},"content":{"rendered":"<h1 class=\"heading-title-text\" data-titleproductread=\"\">VTT \u00c9lectrique Semi-Rigide Cube Reaction Hybrid Pro 625 Shimano Deore 11V 625 Wh 29\u00a0\u00bb Gris Flash 2023<\/h1>\n<p><a href=\"https:\/\/loisirelectronique.com\/nl\/product-categorie\/velos\/vtt\/?filter_product_brand=318\">Cube Reaction Hybrid Pro 625 Gris Flash 2023<\/a><\/p>\n<div class=\"col col-sm-12 col-md-12 col-lg-12\">\n<p>Tout est dans le d\u00e9tail. Le design de cadre du\u00a0<strong>Cube Reaction Hybrid<\/strong>\u00a0est si \u00e9l\u00e9gant que vous remarquerez \u00e0 peine sa batterie haute capacit\u00e9 Bosch (jusqu\u2019\u00e0 750 Wh, m\u00eame pour les plus petites tailles de cadre) et une puissante unit\u00e9 motrice Bosch Performance CX quatri\u00e8me g\u00e9n\u00e9ration \u00e9quip\u00e9e du Smart System. Mais, vous ne manquerez pas de remarquer sa puissance. L\u2019Agile Ride Geometry offre le pilotage inspirant la confiance que vous \u00eates en droit d\u2019attendre. L\u2019option de cadre Easy Entry est disponible, tout comme un nouveau cadre taille S (avec des roues 27.5 pouces) afin que tout le monde puisse trouver son Reaction Hybrid id\u00e9al.<\/p>\n<p>L\u2019unit\u00e9 motrice Bosch Performance CX quatri\u00e8me g\u00e9n\u00e9ration avec Smart System et la batterie Powertube haute capacit\u00e9 du\u00a0<strong>Cube Reaction Hybrid Pro<\/strong>\u00a0vous offrent toute la puissance n\u00e9cessaire pour repousser les limites de vos explorations. Combinez cela \u00e0 la fiabilit\u00e9 de sa c\u00e9l\u00e8bre transmission Shimano Deore 1\u00d711 vitesses, et vous avez votre ticket pour rouler plus loin, plus haut et plus souvent que jamais. Il est \u00e9quip\u00e9 d\u2019une fourche suspendue X-Fusion MIG32, avec syst\u00e8me de blocage au guidon, pour une adaptabilit\u00e9, une souplesse et un contr\u00f4le d\u00e9cupl\u00e9s. Enfin, il dispose de pneus Schwalbe Smart Sam de 2.6 pouces combin\u00e9es \u00e0 de puissants freins \u00e0 disque hydrauliques Shimano MT200 vous garantissant un contr\u00f4le parfait \u00e0 tout moment.<\/p>\n<\/div>\n<div class=\"prodsheet_bullets col col-sm-8 col-md-8 col-lg-8\">\n<h4>LES\u00a0<a href=\"http:\/\/1.0.0.1\/\">+<\/a>\u00a0PRODUIT :<\/h4>\n<ul>\n<li>Cadre Aluminium Superlite avec batterie enti\u00e8rement int\u00e9gr\u00e9e.<\/li>\n<li>Transmission Shimano Deore 1\u00d711 Vitesses.<\/li>\n<li>Freins \u00e0 disque hydrauliques Shimano MT200, 180\/180 mm.<\/li>\n<\/ul>\n<\/div>\n<div class=\"prodsheet_specs1 col col-sm-12 col-md-12 col-lg-12\">\n<h4>D\u00c9TAILS :<\/h4>\n<table class=\"table table-striped\">\n<tbody>\n<tr>\n<td>Cadre<\/td>\n<td>Aluminium : Aluminium Superlite, Gravity Casting, Agile Ride Geometry, 1.5 Headtube, Boost 148, Fully Integrated Battery, Advanced Internal Cable Routing, Kickstand\/Fender\/Carrier Mounting Points, Width tires maximum: 68 mm<\/td>\n<\/tr>\n<tr>\n<td>Fourche<\/td>\n<td>X-Fusion MIG32 Air, Tapered, Boost 15\u00d7110 mm, Lockout, 120 mm travel<\/td>\n<\/tr>\n<tr>\n<td>Moteur<\/td>\n<td>Bosch Drive Unit Performance CX Generation 4 (85 Nm) Cruise (250 Watt), Smart System, 25 km\/h<\/td>\n<\/tr>\n<tr>\n<td>Batterie<\/td>\n<td>Bosch PowerTube 625 Wh<\/td>\n<\/tr>\n<tr>\n<td>Commande<\/td>\n<td>Bosch LED Remote<\/td>\n<\/tr>\n<tr>\n<td>Manette de d\u00e9railleur<\/td>\n<td>Shimano Deore SL-M5100-IR, Direct Attach, Rapidfire-Plus, 1\u00d711-vitesses<\/td>\n<\/tr>\n<tr>\n<td>D\u00e9railleur arri\u00e8re<\/td>\n<td>Shimano Deore RD-M5100-SGS, 11-vitesses<\/td>\n<\/tr>\n<tr>\n<td>Cassette<\/td>\n<td>Shimano Deore CS-M5100, 11-51 Dents<\/td>\n<\/tr>\n<tr>\n<td>Cha\u00eene<\/td>\n<td>KMC X11<\/td>\n<\/tr>\n<tr>\n<td>P\u00e9dalier<\/td>\n<td>Acid E-Crank, 38 Dents, 175 mm<\/td>\n<\/tr>\n<tr>\n<td>Freins<\/td>\n<td>Shimano BR-MT200, Hydr. Disc Brake, (180\/180)<\/td>\n<\/tr>\n<tr>\n<td>Roues<\/td>\n<td>Rodi Tryp 30, 32H, Disc, Tubeless Ready<\/td>\n<\/tr>\n<tr>\n<td>Moyeux<\/td>\n<td>Avant : Shimano HB-MT400-B, 15 mm, Boost, Centerlock \/ Arri\u00e8re : Shimano FH-MT400-B, 12 mm, Boost, Centerlock<\/td>\n<\/tr>\n<tr>\n<td>Pneus<\/td>\n<td>Schwalbe Smart Sam, Active, 29 x 2.6\u2033<\/td>\n<\/tr>\n<tr>\n<td>Guidon<\/td>\n<td>Cube Rise Trail Bar Pro, 740 mm<\/td>\n<\/tr>\n<tr>\n<td>Poign\u00e9es<\/td>\n<td>Acid React Pro<\/td>\n<\/tr>\n<tr>\n<td>Potence<\/td>\n<td>Cube Performance Stem E-MTB, 31.8 mm<\/td>\n<\/tr>\n<tr>\n<td>Jeu de direction<\/td>\n<td>Acros AZF-1035, ICR (Integrated Cable Routing), BlockLock 120\u00b0, Top Zero-Stack 1 1\/2\u2033 (ZS 56 mm), Bottom Zero-Stack 1 1\/2\u2033 (ZS 56 mm)<\/td>\n<\/tr>\n<tr>\n<td>P\u00e9dales<\/td>\n<td>Acid PP MTB<\/td>\n<\/tr>\n<tr>\n<td>Selle<\/td>\n<td>Natural Fit Sequence<\/td>\n<\/tr>\n<tr>\n<td>Tige de selle<\/td>\n<td>Cube Performance Post, 30.9 mm<\/td>\n<\/tr>\n<tr>\n<td>Poids<\/td>\n<td>23.8 kg<\/td>\n<\/tr>\n<tr>\n<td>Poids maximum<\/td>\n<td>150 kg : le poids maximum du syst\u00e8me comprend le v\u00e9lo, le cycliste et la charge (porte-bagages ou remorque)<\/td>\n<\/tr>\n<\/tbody>\n<\/table>\n<\/div>","protected":false},"excerpt":{"rendered":"<p>VTT \u00c9lectrique Semi-Rigide Cube Reaction Hybrid Pro 625 Shimano Deore 11V 625 Wh 29\u00a0\u00bb Gris Flash 2023 Cube Reaction Hybrid<\/p>","protected":false},"featured_media":30092,"comment_status":"open","ping_status":"closed","template":"","meta":[],"product_brand":[318],"product_cat":[44,46],"product_tag":[],"class_list":{"0":"post-30091","1":"product","2":"type-product","3":"status-publish","4":"has-post-thumbnail","6":"product_brand-cube","7":"product_cat-velos","8":"product_cat-vtt","10":"first","11":"instock","12":"taxable","13":"shipping-taxable","14":"purchasable","15":"product-type-variable"},"yoast_head":"<!-- This site is optimized with the Yoast SEO plugin v27.5 - https:\/\/yoast.com\/product\/yoast-seo-wordpress\/ -->\n<title>Cube Reaction Hybrid 625 Pro - VTT \u00c9lectrique Suspension Air - Loisir Electronique<\/title>\n<meta name=\"description\" content=\"D\u00e9couvrez le Cube Reaction Hybrid 625 Pro. Fourche \u00e0 air X-Fusion, moteur Bosch 85Nm et batterie 625Wh. Livraison rapide chez Loisir \u00c9lectronique !\" \/>\n<meta name=\"robots\" content=\"index, follow, max-snippet:-1, max-image-preview:large, max-video-preview:-1\" \/>\n<link rel=\"canonical\" href=\"https:\/\/loisirelectronique.com\/nl\/product\/cube-reaction-hybrid-625-pro-vtt-electrique-suspension-air\/\" \/>\n<meta property=\"og:locale\" content=\"nl_NL\" \/>\n<meta property=\"og:type\" content=\"article\" \/>\n<meta property=\"og:title\" content=\"Cube Reaction Hybrid 625 Pro - VTT \u00c9lectrique Suspension Air - Loisir Electronique\" \/>\n<meta property=\"og:description\" content=\"D\u00e9couvrez le Cube Reaction Hybrid 625 Pro. Fourche \u00e0 air X-Fusion, moteur Bosch 85Nm et batterie 625Wh. Livraison rapide chez Loisir \u00c9lectronique !\" \/>\n<meta property=\"og:url\" content=\"https:\/\/loisirelectronique.com\/nl\/product\/cube-reaction-hybrid-625-pro-vtt-electrique-suspension-air\/\" \/>\n<meta property=\"og:site_name\" content=\"Loisir Electronique\" \/>\n<meta property=\"article:modified_time\" content=\"2026-05-08T21:51:31+00:00\" \/>\n<meta property=\"og:image\" content=\"http:\/\/loisirelectronique.com\/wp-content\/uploads\/2026\/04\/Cube-Reaction-Hybrid-Pro-625-Gris-Flash-2023-VTT-electrique-Gris-Flash-vue-complete-profil.jpg\" \/>\n\t<meta property=\"og:image:width\" content=\"2000\" \/>\n\t<meta property=\"og:image:height\" content=\"1359\" \/>\n\t<meta property=\"og:image:type\" content=\"image\/jpeg\" \/>\n<meta name=\"twitter:card\" content=\"summary_large_image\" \/>\n<meta name=\"twitter:label1\" content=\"Geschatte leestijd\" \/>\n\t<meta name=\"twitter:data1\" content=\"3 minuten\" \/>\n<script type=\"application\/ld+json\" class=\"yoast-schema-graph\">{\"@context\":\"https:\\\/\\\/schema.org\",\"@graph\":[{\"@type\":\"WebPage\",\"@id\":\"https:\\\/\\\/loisirelectronique.com\\\/produit\\\/cube-reaction-hybrid-625-pro-vtt-electrique-suspension-air\\\/\",\"url\":\"https:\\\/\\\/loisirelectronique.com\\\/produit\\\/cube-reaction-hybrid-625-pro-vtt-electrique-suspension-air\\\/\",\"name\":\"Cube Reaction Hybrid 625 Pro - VTT \u00c9lectrique Suspension Air - Loisir Electronique\",\"isPartOf\":{\"@id\":\"https:\\\/\\\/loisirelectronique.com\\\/#website\"},\"primaryImageOfPage\":{\"@id\":\"https:\\\/\\\/loisirelectronique.com\\\/produit\\\/cube-reaction-hybrid-625-pro-vtt-electrique-suspension-air\\\/#primaryimage\"},\"image\":{\"@id\":\"https:\\\/\\\/loisirelectronique.com\\\/produit\\\/cube-reaction-hybrid-625-pro-vtt-electrique-suspension-air\\\/#primaryimage\"},\"thumbnailUrl\":\"https:\\\/\\\/loisirelectronique.com\\\/wp-content\\\/uploads\\\/2026\\\/04\\\/Cube-Reaction-Hybrid-Pro-625-Gris-Flash-2023-VTT-electrique-Gris-Flash-vue-complete-profil.jpg\",\"datePublished\":\"2026-04-03T22:22:34+00:00\",\"dateModified\":\"2026-05-08T21:51:31+00:00\",\"description\":\"D\u00e9couvrez le Cube Reaction Hybrid 625 Pro. Fourche \u00e0 air X-Fusion, moteur Bosch 85Nm et batterie 625Wh. Livraison rapide chez Loisir \u00c9lectronique !\",\"breadcrumb\":{\"@id\":\"https:\\\/\\\/loisirelectronique.com\\\/produit\\\/cube-reaction-hybrid-625-pro-vtt-electrique-suspension-air\\\/#breadcrumb\"},\"inLanguage\":\"nl-NL\",\"potentialAction\":[{\"@type\":\"ReadAction\",\"target\":[\"https:\\\/\\\/loisirelectronique.com\\\/produit\\\/cube-reaction-hybrid-625-pro-vtt-electrique-suspension-air\\\/\"]}]},{\"@type\":\"ImageObject\",\"inLanguage\":\"nl-NL\",\"@id\":\"https:\\\/\\\/loisirelectronique.com\\\/produit\\\/cube-reaction-hybrid-625-pro-vtt-electrique-suspension-air\\\/#primaryimage\",\"url\":\"https:\\\/\\\/loisirelectronique.com\\\/wp-content\\\/uploads\\\/2026\\\/04\\\/Cube-Reaction-Hybrid-Pro-625-Gris-Flash-2023-VTT-electrique-Gris-Flash-vue-complete-profil.jpg\",\"contentUrl\":\"https:\\\/\\\/loisirelectronique.com\\\/wp-content\\\/uploads\\\/2026\\\/04\\\/Cube-Reaction-Hybrid-Pro-625-Gris-Flash-2023-VTT-electrique-Gris-Flash-vue-complete-profil.jpg\",\"width\":2000,\"height\":1359,\"caption\":\"VTT \u00e9lectrique Cube Reaction Hybrid 625 Pro gris flash.\"},{\"@type\":\"BreadcrumbList\",\"@id\":\"https:\\\/\\\/loisirelectronique.com\\\/produit\\\/cube-reaction-hybrid-625-pro-vtt-electrique-suspension-air\\\/#breadcrumb\",\"itemListElement\":[{\"@type\":\"ListItem\",\"position\":1,\"name\":\"Accueil\",\"item\":\"https:\\\/\\\/loisirelectronique.com\\\/\"},{\"@type\":\"ListItem\",\"position\":2,\"name\":\"Boutique\",\"item\":\"https:\\\/\\\/loisirelectronique.com\\\/velos-electriques-accessoires-trottinettes\\\/\"},{\"@type\":\"ListItem\",\"position\":3,\"name\":\"Cube Reaction Hybrid 625 Pro &#8211; VTT \u00c9lectrique Suspension Air\"}]},{\"@type\":\"WebSite\",\"@id\":\"https:\\\/\\\/loisirelectronique.com\\\/#website\",\"url\":\"https:\\\/\\\/loisirelectronique.com\\\/\",\"name\":\"Loisir Electronique\",\"description\":\"Innovation, qualit\u00e9, performance\",\"publisher\":{\"@id\":\"https:\\\/\\\/loisirelectronique.com\\\/#organization\"},\"potentialAction\":[{\"@type\":\"SearchAction\",\"target\":{\"@type\":\"EntryPoint\",\"urlTemplate\":\"https:\\\/\\\/loisirelectronique.com\\\/?s={search_term_string}\"},\"query-input\":{\"@type\":\"PropertyValueSpecification\",\"valueRequired\":true,\"valueName\":\"search_term_string\"}}],\"inLanguage\":\"nl-NL\"},{\"@type\":\"Organization\",\"@id\":\"https:\\\/\\\/loisirelectronique.com\\\/#organization\",\"name\":\"Loisir Electronique\",\"url\":\"https:\\\/\\\/loisirelectronique.com\\\/\",\"logo\":{\"@type\":\"ImageObject\",\"inLanguage\":\"nl-NL\",\"@id\":\"https:\\\/\\\/loisirelectronique.com\\\/#\\\/schema\\\/logo\\\/image\\\/\",\"url\":\"http:\\\/\\\/loisirelectronique.com\\\/wp-content\\\/uploads\\\/2026\\\/03\\\/IMG-20260325-WA00112.jpg\",\"contentUrl\":\"http:\\\/\\\/loisirelectronique.com\\\/wp-content\\\/uploads\\\/2026\\\/03\\\/IMG-20260325-WA00112.jpg\",\"width\":418,\"height\":124,\"caption\":\"Loisir Electronique\"},\"image\":{\"@id\":\"https:\\\/\\\/loisirelectronique.com\\\/#\\\/schema\\\/logo\\\/image\\\/\"}}]}<\/script>\n<!-- \/ Yoast SEO plugin. -->","yoast_head_json":{"title":"Cube Reaction Hybrid 625 Pro - VTT \u00c9lectrique Suspension Air - Loisir Electronique","description":"D\u00e9couvrez le Cube Reaction Hybrid 625 Pro. Fourche \u00e0 air X-Fusion, moteur Bosch 85Nm et batterie 625Wh. Livraison rapide chez Loisir \u00c9lectronique !","robots":{"index":"index","follow":"follow","max-snippet":"max-snippet:-1","max-image-preview":"max-image-preview:large","max-video-preview":"max-video-preview:-1"},"canonical":"https:\/\/loisirelectronique.com\/nl\/product\/cube-reaction-hybrid-625-pro-vtt-electrique-suspension-air\/","og_locale":"nl_NL","og_type":"article","og_title":"Cube Reaction Hybrid 625 Pro - VTT \u00c9lectrique Suspension Air - Loisir Electronique","og_description":"D\u00e9couvrez le Cube Reaction Hybrid 625 Pro. Fourche \u00e0 air X-Fusion, moteur Bosch 85Nm et batterie 625Wh. Livraison rapide chez Loisir \u00c9lectronique !","og_url":"https:\/\/loisirelectronique.com\/nl\/product\/cube-reaction-hybrid-625-pro-vtt-electrique-suspension-air\/","og_site_name":"Loisir Electronique","article_modified_time":"2026-05-08T21:51:31+00:00","og_image":[{"width":2000,"height":1359,"url":"http:\/\/loisirelectronique.com\/wp-content\/uploads\/2026\/04\/Cube-Reaction-Hybrid-Pro-625-Gris-Flash-2023-VTT-electrique-Gris-Flash-vue-complete-profil.jpg","type":"image\/jpeg"}],"twitter_card":"summary_large_image","twitter_misc":{"Geschatte leestijd":"3 minuten"},"schema":{"@context":"https:\/\/schema.org","@graph":[{"@type":"WebPage","@id":"https:\/\/loisirelectronique.com\/produit\/cube-reaction-hybrid-625-pro-vtt-electrique-suspension-air\/","url":"https:\/\/loisirelectronique.com\/produit\/cube-reaction-hybrid-625-pro-vtt-electrique-suspension-air\/","name":"Cube Reaction Hybrid 625 Pro - VTT \u00c9lectrique Suspension Air - Loisir Electronique","isPartOf":{"@id":"https:\/\/loisirelectronique.com\/#website"},"primaryImageOfPage":{"@id":"https:\/\/loisirelectronique.com\/produit\/cube-reaction-hybrid-625-pro-vtt-electrique-suspension-air\/#primaryimage"},"image":{"@id":"https:\/\/loisirelectronique.com\/produit\/cube-reaction-hybrid-625-pro-vtt-electrique-suspension-air\/#primaryimage"},"thumbnailUrl":"https:\/\/loisirelectronique.com\/wp-content\/uploads\/2026\/04\/Cube-Reaction-Hybrid-Pro-625-Gris-Flash-2023-VTT-electrique-Gris-Flash-vue-complete-profil.jpg","datePublished":"2026-04-03T22:22:34+00:00","dateModified":"2026-05-08T21:51:31+00:00","description":"D\u00e9couvrez le Cube Reaction Hybrid 625 Pro. Fourche \u00e0 air X-Fusion, moteur Bosch 85Nm et batterie 625Wh. Livraison rapide chez Loisir \u00c9lectronique !","breadcrumb":{"@id":"https:\/\/loisirelectronique.com\/produit\/cube-reaction-hybrid-625-pro-vtt-electrique-suspension-air\/#breadcrumb"},"inLanguage":"nl-NL","potentialAction":[{"@type":"ReadAction","target":["https:\/\/loisirelectronique.com\/produit\/cube-reaction-hybrid-625-pro-vtt-electrique-suspension-air\/"]}]},{"@type":"ImageObject","inLanguage":"nl-NL","@id":"https:\/\/loisirelectronique.com\/produit\/cube-reaction-hybrid-625-pro-vtt-electrique-suspension-air\/#primaryimage","url":"https:\/\/loisirelectronique.com\/wp-content\/uploads\/2026\/04\/Cube-Reaction-Hybrid-Pro-625-Gris-Flash-2023-VTT-electrique-Gris-Flash-vue-complete-profil.jpg","contentUrl":"https:\/\/loisirelectronique.com\/wp-content\/uploads\/2026\/04\/Cube-Reaction-Hybrid-Pro-625-Gris-Flash-2023-VTT-electrique-Gris-Flash-vue-complete-profil.jpg","width":2000,"height":1359,"caption":"VTT \u00e9lectrique Cube Reaction Hybrid 625 Pro gris flash."},{"@type":"BreadcrumbList","@id":"https:\/\/loisirelectronique.com\/produit\/cube-reaction-hybrid-625-pro-vtt-electrique-suspension-air\/#breadcrumb","itemListElement":[{"@type":"ListItem","position":1,"name":"Accueil","item":"https:\/\/loisirelectronique.com\/"},{"@type":"ListItem","position":2,"name":"Boutique","item":"https:\/\/loisirelectronique.com\/velos-electriques-accessoires-trottinettes\/"},{"@type":"ListItem","position":3,"name":"Cube Reaction Hybrid 625 Pro &#8211; VTT \u00c9lectrique Suspension Air"}]},{"@type":"WebSite","@id":"https:\/\/loisirelectronique.com\/#website","url":"https:\/\/loisirelectronique.com\/","name":"Loisir Electronique","description":"Innovation, qualit\u00e9, performance","publisher":{"@id":"https:\/\/loisirelectronique.com\/#organization"},"potentialAction":[{"@type":"SearchAction","target":{"@type":"EntryPoint","urlTemplate":"https:\/\/loisirelectronique.com\/?s={search_term_string}"},"query-input":{"@type":"PropertyValueSpecification","valueRequired":true,"valueName":"search_term_string"}}],"inLanguage":"nl-NL"},{"@type":"Organization","@id":"https:\/\/loisirelectronique.com\/#organization","name":"Loisir Electronique","url":"https:\/\/loisirelectronique.com\/","logo":{"@type":"ImageObject","inLanguage":"nl-NL","@id":"https:\/\/loisirelectronique.com\/#\/schema\/logo\/image\/","url":"http:\/\/loisirelectronique.com\/wp-content\/uploads\/2026\/03\/IMG-20260325-WA00112.jpg","contentUrl":"http:\/\/loisirelectronique.com\/wp-content\/uploads\/2026\/03\/IMG-20260325-WA00112.jpg","width":418,"height":124,"caption":"Loisir Electronique"},"image":{"@id":"https:\/\/loisirelectronique.com\/#\/schema\/logo\/image\/"}}]}},"jetpack_sharing_enabled":true,"_links":{"self":[{"href":"https:\/\/loisirelectronique.com\/nl\/wp-json\/wp\/v2\/product\/30091","targetHints":{"allow":["GET"]}}],"collection":[{"href":"https:\/\/loisirelectronique.com\/nl\/wp-json\/wp\/v2\/product"}],"about":[{"href":"https:\/\/loisirelectronique.com\/nl\/wp-json\/wp\/v2\/types\/product"}],"replies":[{"embeddable":true,"href":"https:\/\/loisirelectronique.com\/nl\/wp-json\/wp\/v2\/comments?post=30091"}],"version-history":[{"count":1,"href":"https:\/\/loisirelectronique.com\/nl\/wp-json\/wp\/v2\/product\/30091\/revisions"}],"predecessor-version":[{"id":30093,"href":"https:\/\/loisirelectronique.com\/nl\/wp-json\/wp\/v2\/product\/30091\/revisions\/30093"}],"wp:featuredmedia":[{"embeddable":true,"href":"https:\/\/loisirelectronique.com\/nl\/wp-json\/wp\/v2\/media\/30092"}],"wp:attachment":[{"href":"https:\/\/loisirelectronique.com\/nl\/wp-json\/wp\/v2\/media?parent=30091"}],"wp:term":[{"taxonomy":"product_brand","embeddable":true,"href":"https:\/\/loisirelectronique.com\/nl\/wp-json\/wp\/v2\/product_brand?post=30091"},{"taxonomy":"product_cat","embeddable":true,"href":"https:\/\/loisirelectronique.com\/nl\/wp-json\/wp\/v2\/product_cat?post=30091"},{"taxonomy":"product_tag","embeddable":true,"href":"https:\/\/loisirelectronique.com\/nl\/wp-json\/wp\/v2\/product_tag?post=30091"}],"curies":[{"name":"wp","href":"https:\/\/api.w.org\/{rel}","templated":true}]}}