{"id":30076,"date":"2026-04-03T20:46:59","date_gmt":"2026-04-03T20:46:59","guid":{"rendered":"https:\/\/loisirelectronique.com\/?post_type=product&#038;p=30076"},"modified":"2026-05-08T22:30:17","modified_gmt":"2026-05-08T22:30:17","slug":"cube-reaction-hybrid-performance-500-noir","status":"publish","type":"product","link":"https:\/\/loisirelectronique.com\/nl\/product\/cube-reaction-hybrid-performance-500-noir\/","title":{"rendered":"Cube Reaction Hybrid Performance 500 Noir"},"content":{"rendered":"<h2 data-path-to-node=\"5,4,1,1,1\">Une assistance Bosch Performance r\u00e9active<\/h2>\n<p data-path-to-node=\"5,4,1,1,2\">Le <b data-path-to-node=\"5,4,1,1,2\" data-index-in-node=\"3\">Cube Reaction Hybrid Performance 500 Noir 2023<\/b> domine les parcours urbains et forestiers. Son moteur de 3\u00e8me g\u00e9n\u00e9ration d\u00e9livre un couple puissant de 65 Nm. En p\u00e9dalant sur le <b data-path-to-node=\"5,4,1,1,2\" data-index-in-node=\"179\">Cube Reaction Hybrid Performance 500 Noir 2023<\/b>, vous ressentez une impulsion naturelle. L&rsquo;\u00e9cran Purion affiche clairement votre vitesse et le mode d&rsquo;assistance choisi. Vous adaptez votre effort d&rsquo;un simple mouvement du pouce. Le syst\u00e8me g\u00e8re l&rsquo;\u00e9nergie intelligemment pour optimiser chaque kilom\u00e8tre parcouru. Cette technologie Bosch garantit une tranquillit\u00e9 d&rsquo;esprit totale lors de vos d\u00e9placements.<\/p>\n<h2 data-path-to-node=\"5,4,1,1,3\">Une int\u00e9gration moteur invisible<\/h2>\n<p data-path-to-node=\"5,4,1,1,4\">Le cadre en aluminium Superlite prot\u00e8ge l&rsquo;unit\u00e9 motrice des chocs ext\u00e9rieurs. Cette conception \u00e9quilibre parfaitement le poids pour une conduite stable. Chez <b data-path-to-node=\"5,4,1,1,4\" data-index-in-node=\"158\">Loisir \u00c9lectronique<\/b>, nous validons ce mod\u00e8le pour son efficacit\u00e9 \u00e9lectrique exemplaire. Il r\u00e9pond aux attentes des cyclistes cherchant un VTTAE sobre et performant.<\/p>\n<h2 data-path-to-node=\"8,4,1,1,3\">Recharge rapide et gestion intelligente<\/h2>\n<p data-path-to-node=\"8,4,1,1,4\">Le chargeur Bosch inclus garantit un plein d&rsquo;\u00e9nergie en quelques heures seulement. Le bo\u00eetier robuste prot\u00e8ge les composants contre les projections d&rsquo;eau et de poussi\u00e8re. Chez <b data-path-to-node=\"8,4,1,1,4\" data-index-in-node=\"176\">Loisir \u00c9lectronique<\/b>, nous recommandons ce mod\u00e8le pour sa grande autonomie. Il transforme chaque sortie en une v\u00e9ritable exp\u00e9dition sans limites.<\/p>\n<p data-path-to-node=\"8,4,1,1,5,0,0\">\u00a0<i data-path-to-node=\"8,4,1,1,5,0,0\" data-index-in-node=\"19\">Retrouvez les <a class=\"ng-star-inserted\" href=\"https:\/\/loisirelectronique.com\/nl\/product-categorie\/velos\/vtt\/\" target=\"_blank\" rel=\"noopener\" data-hveid=\"0\" data-ved=\"0CAAQ_4QMahgKEwiIr4yur9KTAxUAAAAAHQAAAAAQ0AI\">VTT \u00e9lectriques longue distance<\/a> sur notre boutique en ligne.<\/i><\/p>\n<ul>\n<li data-start=\"2237\" data-end=\"2259\">\n<p data-start=\"2240\" data-end=\"2259\"><strong data-start=\"2240\" data-end=\"2252\">Marque :<\/strong> Cube<\/p>\n<\/li>\n<li data-start=\"2260\" data-end=\"2319\">\n<p data-start=\"2263\" data-end=\"2319\"><strong data-start=\"2263\" data-end=\"2275\">Mod\u00e8le :<\/strong> Reaction Hybrid Performance 500 Noir 2023<\/p>\n<\/li>\n<li data-start=\"2320\" data-end=\"2362\">\n<p data-start=\"2323\" data-end=\"2362\"><strong data-start=\"2323\" data-end=\"2333\">Type :<\/strong> VTT \u00e9lectrique semi-rigide<\/p>\n<\/li>\n<li data-start=\"2363\" data-end=\"2406\">\n<p data-start=\"2366\" data-end=\"2406\"><strong data-start=\"2366\" data-end=\"2377\">Cadre :<\/strong> Aluminium l\u00e9ger et robuste<\/p>\n<\/li>\n<li data-start=\"2407\" data-end=\"2454\">\n<p data-start=\"2410\" data-end=\"2454\"><strong data-start=\"2410\" data-end=\"2422\">Moteur :<\/strong> Bosch Performance Line, 250 W<\/p>\n<\/li>\n<li data-start=\"2455\" data-end=\"2495\">\n<p data-start=\"2458\" data-end=\"2495\"><strong data-start=\"2458\" data-end=\"2472\">Batterie :<\/strong> Bosch 500Wh int\u00e9gr\u00e9e<\/p>\n<\/li>\n<li data-start=\"2496\" data-end=\"2539\">\n<p data-start=\"2499\" data-end=\"2539\"><strong data-start=\"2499\" data-end=\"2517\">Transmission :<\/strong> Shimano 12 vitesses<\/p>\n<\/li>\n<li data-start=\"2540\" data-end=\"2595\">\n<p data-start=\"2543\" data-end=\"2595\"><strong data-start=\"2543\" data-end=\"2555\">Freins :<\/strong> Disques hydrauliques avant et arri\u00e8re<\/p>\n<\/li>\n<li data-start=\"2596\" data-end=\"2661\">\n<p data-start=\"2599\" data-end=\"2661\"><strong data-start=\"2599\" data-end=\"2615\">Suspension :<\/strong> Fourche avant suspendue, d\u00e9battement 120 mm<\/p>\n<\/li>\n<li data-start=\"2662\" data-end=\"2686\">\n<p data-start=\"2666\" data-end=\"2686\"><strong data-start=\"2666\" data-end=\"2679\">Couleur :<\/strong> Noir<\/p>\n<\/li>\n<\/ul>","protected":false},"excerpt":{"rendered":"<div class=\"custom-product-box\">\n<p class=\"highlight\">\ud83d\udd25 VTT \u00e9lectrique polyvalent pens\u00e9 pour ville et chemins<\/p>\n<p>\ud83d\udcc8 Mod\u00e8le appr\u00e9ci\u00e9 pour les trajets quotidiens et les sorties loisirs<\/p>\n<p>\u2b50 Note moyenne : 4.5\/5<\/p>\n<p>\ud83d\ude9a Livraison rapide avec suivi complet<\/p>\n<p>\ud83d\udce6 Toutes tailles et s\u00e9ries disponibles<\/p>\n<p class=\"highlight\">\u26a1 Produit souvent choisi pour mobilit\u00e9 active et usage r\u00e9gulier<\/p>\n<\/div>\n<p data-start=\"1245\" data-end=\"1525\">Le <span class=\"hover:entity-accent entity-underline inline cursor-pointer align-baseline\"><span class=\"whitespace-normal\">Cube Reaction Hybrid Performance 500 Noir 2023<\/span><\/span> est un VTT \u00e9lectrique con\u00e7u pour les cyclistes exigeants \u00e0 la recherche de performance et de confort sur tous types de terrains. Son cadre en aluminium l\u00e9ger et robuste assure maniabilit\u00e9 et stabilit\u00e9, m\u00eame sur les sentiers techniques.<\/p>\n<p data-start=\"1527\" data-end=\"1819\">Dot\u00e9 du moteur <strong data-start=\"1542\" data-end=\"1568\">Bosch Performance Line<\/strong> et d\u2019une batterie int\u00e9gr\u00e9e <strong data-start=\"1596\" data-end=\"1605\">500Wh<\/strong>, il offre une assistance \u00e9lectrique puissante et fiable pour des sorties plus longues et des mont\u00e9es plus faciles. L\u2019\u00e9cran <strong data-start=\"1729\" data-end=\"1745\">Bosch Purion<\/strong> permet de suivre vos performances et de r\u00e9gler l\u2019assistance facilement.<\/p>","protected":false},"featured_media":30078,"comment_status":"open","ping_status":"closed","template":"","meta":[],"product_brand":[318],"product_cat":[44,46],"product_tag":[],"class_list":{"0":"post-30076","1":"product","2":"type-product","3":"status-publish","4":"has-post-thumbnail","6":"product_brand-cube","7":"product_cat-velos","8":"product_cat-vtt","10":"first","11":"instock","12":"taxable","13":"shipping-taxable","14":"purchasable","15":"product-type-variable"},"yoast_head":"<!-- This site is optimized with the Yoast SEO plugin v27.5 - https:\/\/yoast.com\/product\/yoast-seo-wordpress\/ -->\n<title>Cube Reaction Hybrid Performance 500 Noir - Loisir Electronique<\/title>\n<meta name=\"description\" content=\"D\u00e9couvrez le Cube Reaction Hybrid Performance 500 Noir 2023. Moteur Bosch Performance 65Nm et batterie 500Wh. Livraison rapide chez Loisir \u00c9lectronique !\" \/>\n<meta name=\"robots\" content=\"index, follow, max-snippet:-1, max-image-preview:large, max-video-preview:-1\" \/>\n<link rel=\"canonical\" href=\"https:\/\/loisirelectronique.com\/nl\/product\/cube-reaction-hybrid-performance-500-noir\/\" \/>\n<meta property=\"og:locale\" content=\"nl_NL\" \/>\n<meta property=\"og:type\" content=\"article\" \/>\n<meta property=\"og:title\" content=\"Cube Reaction Hybrid Performance 500 Noir - Loisir Electronique\" \/>\n<meta property=\"og:description\" content=\"D\u00e9couvrez le Cube Reaction Hybrid Performance 500 Noir 2023. Moteur Bosch Performance 65Nm et batterie 500Wh. Livraison rapide chez Loisir \u00c9lectronique !\" \/>\n<meta property=\"og:url\" content=\"https:\/\/loisirelectronique.com\/nl\/product\/cube-reaction-hybrid-performance-500-noir\/\" \/>\n<meta property=\"og:site_name\" content=\"Loisir Electronique\" \/>\n<meta property=\"article:modified_time\" content=\"2026-05-08T22:30:17+00:00\" \/>\n<meta property=\"og:image\" content=\"http:\/\/loisirelectronique.com\/wp-content\/uploads\/2026\/04\/Cube-Reaction-Hybrid-Performance-500-Noir-2023-VTT-electrique-noir-vue-complete-profil.jpg\" \/>\n\t<meta property=\"og:image:width\" content=\"2000\" \/>\n\t<meta property=\"og:image:height\" content=\"1359\" \/>\n\t<meta property=\"og:image:type\" content=\"image\/jpeg\" \/>\n<meta name=\"twitter:card\" content=\"summary_large_image\" \/>\n<meta name=\"twitter:label1\" content=\"Geschatte leestijd\" \/>\n\t<meta name=\"twitter:data1\" content=\"2 minuten\" \/>\n<script type=\"application\/ld+json\" class=\"yoast-schema-graph\">{\"@context\":\"https:\\\/\\\/schema.org\",\"@graph\":[{\"@type\":\"WebPage\",\"@id\":\"https:\\\/\\\/loisirelectronique.com\\\/produit\\\/cube-reaction-hybrid-performance-500-noir\\\/\",\"url\":\"https:\\\/\\\/loisirelectronique.com\\\/produit\\\/cube-reaction-hybrid-performance-500-noir\\\/\",\"name\":\"Cube Reaction Hybrid Performance 500 Noir - Loisir Electronique\",\"isPartOf\":{\"@id\":\"https:\\\/\\\/loisirelectronique.com\\\/#website\"},\"primaryImageOfPage\":{\"@id\":\"https:\\\/\\\/loisirelectronique.com\\\/produit\\\/cube-reaction-hybrid-performance-500-noir\\\/#primaryimage\"},\"image\":{\"@id\":\"https:\\\/\\\/loisirelectronique.com\\\/produit\\\/cube-reaction-hybrid-performance-500-noir\\\/#primaryimage\"},\"thumbnailUrl\":\"https:\\\/\\\/loisirelectronique.com\\\/wp-content\\\/uploads\\\/2026\\\/04\\\/Cube-Reaction-Hybrid-Performance-500-Noir-2023-VTT-electrique-noir-vue-complete-profil.jpg\",\"datePublished\":\"2026-04-03T20:46:59+00:00\",\"dateModified\":\"2026-05-08T22:30:17+00:00\",\"description\":\"D\u00e9couvrez le Cube Reaction Hybrid Performance 500 Noir 2023. Moteur Bosch Performance 65Nm et batterie 500Wh. Livraison rapide chez Loisir \u00c9lectronique !\",\"breadcrumb\":{\"@id\":\"https:\\\/\\\/loisirelectronique.com\\\/produit\\\/cube-reaction-hybrid-performance-500-noir\\\/#breadcrumb\"},\"inLanguage\":\"nl-NL\",\"potentialAction\":[{\"@type\":\"ReadAction\",\"target\":[\"https:\\\/\\\/loisirelectronique.com\\\/produit\\\/cube-reaction-hybrid-performance-500-noir\\\/\"]}]},{\"@type\":\"ImageObject\",\"inLanguage\":\"nl-NL\",\"@id\":\"https:\\\/\\\/loisirelectronique.com\\\/produit\\\/cube-reaction-hybrid-performance-500-noir\\\/#primaryimage\",\"url\":\"https:\\\/\\\/loisirelectronique.com\\\/wp-content\\\/uploads\\\/2026\\\/04\\\/Cube-Reaction-Hybrid-Performance-500-Noir-2023-VTT-electrique-noir-vue-complete-profil.jpg\",\"contentUrl\":\"https:\\\/\\\/loisirelectronique.com\\\/wp-content\\\/uploads\\\/2026\\\/04\\\/Cube-Reaction-Hybrid-Performance-500-Noir-2023-VTT-electrique-noir-vue-complete-profil.jpg\",\"width\":2000,\"height\":1359,\"caption\":\"VTT \u00e9lectrique Cube Reaction Hybrid Performance 500 Noir 2023 de profil.\"},{\"@type\":\"BreadcrumbList\",\"@id\":\"https:\\\/\\\/loisirelectronique.com\\\/produit\\\/cube-reaction-hybrid-performance-500-noir\\\/#breadcrumb\",\"itemListElement\":[{\"@type\":\"ListItem\",\"position\":1,\"name\":\"Accueil\",\"item\":\"https:\\\/\\\/loisirelectronique.com\\\/\"},{\"@type\":\"ListItem\",\"position\":2,\"name\":\"Boutique\",\"item\":\"https:\\\/\\\/loisirelectronique.com\\\/velos-electriques-accessoires-trottinettes\\\/\"},{\"@type\":\"ListItem\",\"position\":3,\"name\":\"Cube Reaction Hybrid Performance 500 Noir\"}]},{\"@type\":\"WebSite\",\"@id\":\"https:\\\/\\\/loisirelectronique.com\\\/#website\",\"url\":\"https:\\\/\\\/loisirelectronique.com\\\/\",\"name\":\"Loisir Electronique\",\"description\":\"Innovation, qualit\u00e9, performance\",\"publisher\":{\"@id\":\"https:\\\/\\\/loisirelectronique.com\\\/#organization\"},\"potentialAction\":[{\"@type\":\"SearchAction\",\"target\":{\"@type\":\"EntryPoint\",\"urlTemplate\":\"https:\\\/\\\/loisirelectronique.com\\\/?s={search_term_string}\"},\"query-input\":{\"@type\":\"PropertyValueSpecification\",\"valueRequired\":true,\"valueName\":\"search_term_string\"}}],\"inLanguage\":\"nl-NL\"},{\"@type\":\"Organization\",\"@id\":\"https:\\\/\\\/loisirelectronique.com\\\/#organization\",\"name\":\"Loisir Electronique\",\"url\":\"https:\\\/\\\/loisirelectronique.com\\\/\",\"logo\":{\"@type\":\"ImageObject\",\"inLanguage\":\"nl-NL\",\"@id\":\"https:\\\/\\\/loisirelectronique.com\\\/#\\\/schema\\\/logo\\\/image\\\/\",\"url\":\"http:\\\/\\\/loisirelectronique.com\\\/wp-content\\\/uploads\\\/2026\\\/03\\\/IMG-20260325-WA00112.jpg\",\"contentUrl\":\"http:\\\/\\\/loisirelectronique.com\\\/wp-content\\\/uploads\\\/2026\\\/03\\\/IMG-20260325-WA00112.jpg\",\"width\":418,\"height\":124,\"caption\":\"Loisir Electronique\"},\"image\":{\"@id\":\"https:\\\/\\\/loisirelectronique.com\\\/#\\\/schema\\\/logo\\\/image\\\/\"}}]}<\/script>\n<!-- \/ Yoast SEO plugin. -->","yoast_head_json":{"title":"Cube Reaction Hybrid Performance 500 Noir - Loisir Electronique","description":"D\u00e9couvrez le Cube Reaction Hybrid Performance 500 Noir 2023. Moteur Bosch Performance 65Nm et batterie 500Wh. Livraison rapide chez Loisir \u00c9lectronique !","robots":{"index":"index","follow":"follow","max-snippet":"max-snippet:-1","max-image-preview":"max-image-preview:large","max-video-preview":"max-video-preview:-1"},"canonical":"https:\/\/loisirelectronique.com\/nl\/product\/cube-reaction-hybrid-performance-500-noir\/","og_locale":"nl_NL","og_type":"article","og_title":"Cube Reaction Hybrid Performance 500 Noir - Loisir Electronique","og_description":"D\u00e9couvrez le Cube Reaction Hybrid Performance 500 Noir 2023. Moteur Bosch Performance 65Nm et batterie 500Wh. Livraison rapide chez Loisir \u00c9lectronique !","og_url":"https:\/\/loisirelectronique.com\/nl\/product\/cube-reaction-hybrid-performance-500-noir\/","og_site_name":"Loisir Electronique","article_modified_time":"2026-05-08T22:30:17+00:00","og_image":[{"width":2000,"height":1359,"url":"http:\/\/loisirelectronique.com\/wp-content\/uploads\/2026\/04\/Cube-Reaction-Hybrid-Performance-500-Noir-2023-VTT-electrique-noir-vue-complete-profil.jpg","type":"image\/jpeg"}],"twitter_card":"summary_large_image","twitter_misc":{"Geschatte leestijd":"2 minuten"},"schema":{"@context":"https:\/\/schema.org","@graph":[{"@type":"WebPage","@id":"https:\/\/loisirelectronique.com\/produit\/cube-reaction-hybrid-performance-500-noir\/","url":"https:\/\/loisirelectronique.com\/produit\/cube-reaction-hybrid-performance-500-noir\/","name":"Cube Reaction Hybrid Performance 500 Noir - Loisir Electronique","isPartOf":{"@id":"https:\/\/loisirelectronique.com\/#website"},"primaryImageOfPage":{"@id":"https:\/\/loisirelectronique.com\/produit\/cube-reaction-hybrid-performance-500-noir\/#primaryimage"},"image":{"@id":"https:\/\/loisirelectronique.com\/produit\/cube-reaction-hybrid-performance-500-noir\/#primaryimage"},"thumbnailUrl":"https:\/\/loisirelectronique.com\/wp-content\/uploads\/2026\/04\/Cube-Reaction-Hybrid-Performance-500-Noir-2023-VTT-electrique-noir-vue-complete-profil.jpg","datePublished":"2026-04-03T20:46:59+00:00","dateModified":"2026-05-08T22:30:17+00:00","description":"D\u00e9couvrez le Cube Reaction Hybrid Performance 500 Noir 2023. Moteur Bosch Performance 65Nm et batterie 500Wh. Livraison rapide chez Loisir \u00c9lectronique !","breadcrumb":{"@id":"https:\/\/loisirelectronique.com\/produit\/cube-reaction-hybrid-performance-500-noir\/#breadcrumb"},"inLanguage":"nl-NL","potentialAction":[{"@type":"ReadAction","target":["https:\/\/loisirelectronique.com\/produit\/cube-reaction-hybrid-performance-500-noir\/"]}]},{"@type":"ImageObject","inLanguage":"nl-NL","@id":"https:\/\/loisirelectronique.com\/produit\/cube-reaction-hybrid-performance-500-noir\/#primaryimage","url":"https:\/\/loisirelectronique.com\/wp-content\/uploads\/2026\/04\/Cube-Reaction-Hybrid-Performance-500-Noir-2023-VTT-electrique-noir-vue-complete-profil.jpg","contentUrl":"https:\/\/loisirelectronique.com\/wp-content\/uploads\/2026\/04\/Cube-Reaction-Hybrid-Performance-500-Noir-2023-VTT-electrique-noir-vue-complete-profil.jpg","width":2000,"height":1359,"caption":"VTT \u00e9lectrique Cube Reaction Hybrid Performance 500 Noir 2023 de profil."},{"@type":"BreadcrumbList","@id":"https:\/\/loisirelectronique.com\/produit\/cube-reaction-hybrid-performance-500-noir\/#breadcrumb","itemListElement":[{"@type":"ListItem","position":1,"name":"Accueil","item":"https:\/\/loisirelectronique.com\/"},{"@type":"ListItem","position":2,"name":"Boutique","item":"https:\/\/loisirelectronique.com\/velos-electriques-accessoires-trottinettes\/"},{"@type":"ListItem","position":3,"name":"Cube Reaction Hybrid Performance 500 Noir"}]},{"@type":"WebSite","@id":"https:\/\/loisirelectronique.com\/#website","url":"https:\/\/loisirelectronique.com\/","name":"Loisir Electronique","description":"Innovation, qualit\u00e9, performance","publisher":{"@id":"https:\/\/loisirelectronique.com\/#organization"},"potentialAction":[{"@type":"SearchAction","target":{"@type":"EntryPoint","urlTemplate":"https:\/\/loisirelectronique.com\/?s={search_term_string}"},"query-input":{"@type":"PropertyValueSpecification","valueRequired":true,"valueName":"search_term_string"}}],"inLanguage":"nl-NL"},{"@type":"Organization","@id":"https:\/\/loisirelectronique.com\/#organization","name":"Loisir Electronique","url":"https:\/\/loisirelectronique.com\/","logo":{"@type":"ImageObject","inLanguage":"nl-NL","@id":"https:\/\/loisirelectronique.com\/#\/schema\/logo\/image\/","url":"http:\/\/loisirelectronique.com\/wp-content\/uploads\/2026\/03\/IMG-20260325-WA00112.jpg","contentUrl":"http:\/\/loisirelectronique.com\/wp-content\/uploads\/2026\/03\/IMG-20260325-WA00112.jpg","width":418,"height":124,"caption":"Loisir Electronique"},"image":{"@id":"https:\/\/loisirelectronique.com\/#\/schema\/logo\/image\/"}}]}},"jetpack_sharing_enabled":true,"_links":{"self":[{"href":"https:\/\/loisirelectronique.com\/nl\/wp-json\/wp\/v2\/product\/30076","targetHints":{"allow":["GET"]}}],"collection":[{"href":"https:\/\/loisirelectronique.com\/nl\/wp-json\/wp\/v2\/product"}],"about":[{"href":"https:\/\/loisirelectronique.com\/nl\/wp-json\/wp\/v2\/types\/product"}],"replies":[{"embeddable":true,"href":"https:\/\/loisirelectronique.com\/nl\/wp-json\/wp\/v2\/comments?post=30076"}],"version-history":[{"count":4,"href":"https:\/\/loisirelectronique.com\/nl\/wp-json\/wp\/v2\/product\/30076\/revisions"}],"predecessor-version":[{"id":30921,"href":"https:\/\/loisirelectronique.com\/nl\/wp-json\/wp\/v2\/product\/30076\/revisions\/30921"}],"wp:featuredmedia":[{"embeddable":true,"href":"https:\/\/loisirelectronique.com\/nl\/wp-json\/wp\/v2\/media\/30078"}],"wp:attachment":[{"href":"https:\/\/loisirelectronique.com\/nl\/wp-json\/wp\/v2\/media?parent=30076"}],"wp:term":[{"taxonomy":"product_brand","embeddable":true,"href":"https:\/\/loisirelectronique.com\/nl\/wp-json\/wp\/v2\/product_brand?post=30076"},{"taxonomy":"product_cat","embeddable":true,"href":"https:\/\/loisirelectronique.com\/nl\/wp-json\/wp\/v2\/product_cat?post=30076"},{"taxonomy":"product_tag","embeddable":true,"href":"https:\/\/loisirelectronique.com\/nl\/wp-json\/wp\/v2\/product_tag?post=30076"}],"curies":[{"name":"wp","href":"https:\/\/api.w.org\/{rel}","templated":true}]}}