{"id":29889,"date":"2026-03-31T21:20:40","date_gmt":"2026-03-31T21:20:40","guid":{"rendered":"https:\/\/loisirelectronique.com\/?post_type=product&#038;p=29889"},"modified":"2026-04-18T15:00:18","modified_gmt":"2026-04-18T15:00:18","slug":"xbox-series-x-console-4k-120-fps-12-teraflops","status":"publish","type":"product","link":"https:\/\/loisirelectronique.com\/nl\/product\/xbox-series-x-console-4k-120-fps-12-teraflops\/","title":{"rendered":"Xbox Series X &#8211; Console 4K 120 FPS &#038; 12 Teraflops"},"content":{"rendered":"<h2 data-path-to-node=\"5,4,1,1,1\">Le summum du graphisme et de la fluidit\u00e9<\/h2>\n<p data-path-to-node=\"5,4,1,1,2\">\u00c9quip\u00e9e d&rsquo;un processeur sur mesure et d&rsquo;une puce graphique de derni\u00e8re g\u00e9n\u00e9ration, la <b data-path-to-node=\"5,4,1,1,2\" data-index-in-node=\"86\">Xbox Series X<\/b> offre des d\u00e9tails visuels \u00e9poustouflants et un Ray Tracing mat\u00e9riel r\u00e9aliste. La capacit\u00e9 de la <b data-path-to-node=\"5,4,1,1,2\" data-index-in-node=\"196\">Xbox Series X<\/b> \u00e0 maintenir 120 FPS assure une r\u00e9activit\u00e9 chirurgicale dans les jeux comp\u00e9titifs, tandis que sa compatibilit\u00e9 8K HDR pr\u00e9pare votre installation pour le futur du divertissement.<\/p>\n<h2 data-path-to-node=\"5,4,1,1,3\">Refroidissement silencieux<\/h2>\n<p data-path-to-node=\"5,4,1,1,4\">Son architecture de refroidissement parall\u00e8le dissipe la chaleur en silence. Chez <b data-path-to-node=\"5,4,1,1,4\" data-index-in-node=\"82\">Loisir \u00c9lectronique<\/b>, nous recommandons ce mod\u00e8le pour les joueurs ne souhaitant aucun compromis technique.<\/p>\n<h2 data-path-to-node=\"8,4,1,1,3\">Stockage extensible sans perte de vitesse<\/h2>\n<p data-path-to-node=\"8,4,1,1,4\">Ajoutez une carte d&rsquo;extension Seagate pour augmenter votre biblioth\u00e8que. Chez <b data-path-to-node=\"8,4,1,1,4\" data-index-in-node=\"78\">Loisir \u00c9lectronique<\/b>, nous validons ce choix pour son efficacit\u00e9 au quotidien.<\/p>\n<p data-path-to-node=\"8,4,1,1,5,0,0\"><i data-path-to-node=\"8,4,1,1,5,0,0\" data-index-in-node=\"19\">Retrouvez les meilleures <a class=\"ng-star-inserted\" href=\"https:\/\/loisirelectronique.com\/nl\/product-categorie\/high-tech\/consoles-de-jeux\/\" target=\"_blank\" rel=\"noopener\" data-hveid=\"0\" data-ved=\"0CAAQ_4QMahgKEwiMh7X-ycqTAxUAAAAAHQAAAAAQywQ\">consoles de jeux<\/a> sur notre boutique en ligne.<\/i><\/p>\n<ul>\n<li data-start=\"1721\" data-end=\"1749\">\n<p data-start=\"1724\" data-end=\"1749\">Marque : Microsoft Xbox<\/p>\n<\/li>\n<li data-start=\"1750\" data-end=\"1772\">\n<p data-start=\"1753\" data-end=\"1772\">Mod\u00e8le : Series X<\/p>\n<\/li>\n<li data-start=\"1773\" data-end=\"1801\">\n<p data-start=\"1776\" data-end=\"1801\">Type : Console de salon<\/p>\n<\/li>\n<li data-start=\"1802\" data-end=\"1831\">\n<p data-start=\"1805\" data-end=\"1831\">R\u00e9solution : 4K Ultra HD<\/p>\n<\/li>\n<li data-start=\"1832\" data-end=\"1866\">\n<p data-start=\"1835\" data-end=\"1866\">Performance : Jusqu\u2019\u00e0 120 FPS<\/p>\n<\/li>\n<li data-start=\"1867\" data-end=\"1896\">\n<p data-start=\"1870\" data-end=\"1896\">Stockage : SSD 1 To NVMe<\/p>\n<\/li>\n<li data-start=\"1897\" data-end=\"1927\">\n<p data-start=\"1900\" data-end=\"1927\">Technologie : Ray Tracing<\/p>\n<\/li>\n<li data-start=\"1928\" data-end=\"1964\">\n<p data-start=\"1931\" data-end=\"1964\">Connectivit\u00e9 : Wi-Fi, HDMI, USB<\/p>\n<\/li>\n<li data-start=\"1965\" data-end=\"2015\">\n<p data-start=\"1968\" data-end=\"2015\">Compatibilit\u00e9 : Jeux Xbox One, 360, Game Pass<\/p>\n<\/li>\n<li data-start=\"2016\" data-end=\"2057\">\n<p data-start=\"2020\" data-end=\"2057\">Public : Gamers d\u00e9butants \u00e0 experts<\/p>\n<\/li>\n<\/ul>","protected":false},"excerpt":{"rendered":"<div class=\"custom-product-box\">\n<p class=\"highlight\">\ud83d\udd25 Console haut de gamme pens\u00e9e pour la performance 4K<\/p>\n<p>\ud83d\udcc8 Mod\u00e8le tr\u00e8s recherch\u00e9 sur les configurations gaming avanc\u00e9es<\/p>\n<p>\u2b50 Retour global positif sur la fluidit\u00e9 et la puissance<\/p>\n<p>\ud83d\ude9a Livraison rapide avec suivi complet<\/p>\n<p>\ud83d\udce6 Disponibilit\u00e9 variable selon les arrivages<\/p>\n<p class=\"highlight\">\u26a1 Produit \u00e0 forte rotation sur certaines p\u00e9riodes<\/p>\n<\/div>\n<p data-start=\"724\" data-end=\"1052\">La Xbox Series X est la console la plus puissante jamais con\u00e7ue par Microsoft, offrant une exp\u00e9rience de jeu immersive en 4K avec des performances exceptionnelles. Gr\u00e2ce \u00e0 son processeur AMD de derni\u00e8re g\u00e9n\u00e9ration et son GPU ultra performant, elle permet d\u2019atteindre jusqu\u2019\u00e0 120 images par seconde pour une fluidit\u00e9 remarquable.<\/p>\n<p data-start=\"1054\" data-end=\"1342\">\u00c9quip\u00e9e d\u2019un SSD NVMe de 1 To, la Xbox Series X r\u00e9duit consid\u00e9rablement les temps de chargement et permet de passer instantan\u00e9ment d\u2019un jeu \u00e0 un autre gr\u00e2ce \u00e0 la fonction Quick Resume. La technologie Ray Tracing apporte des effets de lumi\u00e8re r\u00e9alistes pour un rendu visuel impressionnant.<\/p>","protected":false},"featured_media":29896,"comment_status":"open","ping_status":"closed","template":"","meta":[],"product_brand":[],"product_cat":[303,301],"product_tag":[],"class_list":{"0":"post-29889","1":"product","2":"type-product","3":"status-publish","4":"has-post-thumbnail","6":"product_cat-consoles-de-jeux","7":"product_cat-high-tech","9":"first","10":"instock","11":"sale","12":"taxable","13":"shipping-taxable","14":"purchasable","15":"product-type-simple"},"yoast_head":"<!-- This site is optimized with the Yoast SEO plugin v27.5 - https:\/\/yoast.com\/product\/yoast-seo-wordpress\/ -->\n<title>Xbox Series X - Console 4K 120 FPS &amp; 12 Teraflops - Loisir Electronique<\/title>\n<meta name=\"description\" content=\"D\u00e9couvrez la Xbox Series X chez Loisir \u00c9lectronique. 12 t\u00e9raflops de puissance pour un gaming en 4K native. Livraison rapide !\" \/>\n<meta name=\"robots\" content=\"index, follow, max-snippet:-1, max-image-preview:large, max-video-preview:-1\" \/>\n<link rel=\"canonical\" href=\"https:\/\/loisirelectronique.com\/nl\/product\/xbox-series-x-console-4k-120-fps-12-teraflops\/\" \/>\n<meta property=\"og:locale\" content=\"nl_NL\" \/>\n<meta property=\"og:type\" content=\"article\" \/>\n<meta property=\"og:title\" content=\"Xbox Series X - Console 4K 120 FPS &amp; 12 Teraflops - Loisir Electronique\" \/>\n<meta property=\"og:description\" content=\"D\u00e9couvrez la Xbox Series X chez Loisir \u00c9lectronique. 12 t\u00e9raflops de puissance pour un gaming en 4K native. Livraison rapide !\" \/>\n<meta property=\"og:url\" content=\"https:\/\/loisirelectronique.com\/nl\/product\/xbox-series-x-console-4k-120-fps-12-teraflops\/\" \/>\n<meta property=\"og:site_name\" content=\"Loisir Electronique\" \/>\n<meta property=\"article:modified_time\" content=\"2026-04-18T15:00:18+00:00\" \/>\n<meta property=\"og:image\" content=\"http:\/\/loisirelectronique.com\/wp-content\/uploads\/2026\/03\/Console-Xbox-Series-X-avec-Ray-Tracing-et-4K-Gaming-1.jpeg\" \/>\n\t<meta property=\"og:image:width\" content=\"857\" \/>\n\t<meta property=\"og:image:height\" content=\"676\" \/>\n\t<meta property=\"og:image:type\" content=\"image\/jpeg\" \/>\n<meta name=\"twitter:card\" content=\"summary_large_image\" \/>\n<meta name=\"twitter:label1\" content=\"Geschatte leestijd\" \/>\n\t<meta name=\"twitter:data1\" content=\"2 minuten\" \/>\n<script type=\"application\/ld+json\" class=\"yoast-schema-graph\">{\"@context\":\"https:\\\/\\\/schema.org\",\"@graph\":[{\"@type\":\"WebPage\",\"@id\":\"https:\\\/\\\/loisirelectronique.com\\\/produit\\\/xbox-series-x-console-4k-120-fps-12-teraflops\\\/\",\"url\":\"https:\\\/\\\/loisirelectronique.com\\\/produit\\\/xbox-series-x-console-4k-120-fps-12-teraflops\\\/\",\"name\":\"Xbox Series X - Console 4K 120 FPS & 12 Teraflops - Loisir Electronique\",\"isPartOf\":{\"@id\":\"https:\\\/\\\/loisirelectronique.com\\\/#website\"},\"primaryImageOfPage\":{\"@id\":\"https:\\\/\\\/loisirelectronique.com\\\/produit\\\/xbox-series-x-console-4k-120-fps-12-teraflops\\\/#primaryimage\"},\"image\":{\"@id\":\"https:\\\/\\\/loisirelectronique.com\\\/produit\\\/xbox-series-x-console-4k-120-fps-12-teraflops\\\/#primaryimage\"},\"thumbnailUrl\":\"https:\\\/\\\/loisirelectronique.com\\\/wp-content\\\/uploads\\\/2026\\\/03\\\/Console-Xbox-Series-X-avec-Ray-Tracing-et-4K-Gaming-1.jpeg\",\"datePublished\":\"2026-03-31T21:20:40+00:00\",\"dateModified\":\"2026-04-18T15:00:18+00:00\",\"description\":\"D\u00e9couvrez la Xbox Series X chez Loisir \u00c9lectronique. 12 t\u00e9raflops de puissance pour un gaming en 4K native. Livraison rapide !\",\"breadcrumb\":{\"@id\":\"https:\\\/\\\/loisirelectronique.com\\\/produit\\\/xbox-series-x-console-4k-120-fps-12-teraflops\\\/#breadcrumb\"},\"inLanguage\":\"nl-NL\",\"potentialAction\":[{\"@type\":\"ReadAction\",\"target\":[\"https:\\\/\\\/loisirelectronique.com\\\/produit\\\/xbox-series-x-console-4k-120-fps-12-teraflops\\\/\"]}]},{\"@type\":\"ImageObject\",\"inLanguage\":\"nl-NL\",\"@id\":\"https:\\\/\\\/loisirelectronique.com\\\/produit\\\/xbox-series-x-console-4k-120-fps-12-teraflops\\\/#primaryimage\",\"url\":\"https:\\\/\\\/loisirelectronique.com\\\/wp-content\\\/uploads\\\/2026\\\/03\\\/Console-Xbox-Series-X-avec-Ray-Tracing-et-4K-Gaming-1.jpeg\",\"contentUrl\":\"https:\\\/\\\/loisirelectronique.com\\\/wp-content\\\/uploads\\\/2026\\\/03\\\/Console-Xbox-Series-X-avec-Ray-Tracing-et-4K-Gaming-1.jpeg\",\"width\":857,\"height\":676,\"caption\":\"Console Xbox Series X noire au design monolithique avec grille de ventilation.\"},{\"@type\":\"BreadcrumbList\",\"@id\":\"https:\\\/\\\/loisirelectronique.com\\\/produit\\\/xbox-series-x-console-4k-120-fps-12-teraflops\\\/#breadcrumb\",\"itemListElement\":[{\"@type\":\"ListItem\",\"position\":1,\"name\":\"Accueil\",\"item\":\"https:\\\/\\\/loisirelectronique.com\\\/\"},{\"@type\":\"ListItem\",\"position\":2,\"name\":\"Boutique\",\"item\":\"https:\\\/\\\/loisirelectronique.com\\\/velos-electriques-accessoires-trottinettes\\\/\"},{\"@type\":\"ListItem\",\"position\":3,\"name\":\"Xbox Series X &#8211; Console 4K 120 FPS &#038; 12 Teraflops\"}]},{\"@type\":\"WebSite\",\"@id\":\"https:\\\/\\\/loisirelectronique.com\\\/#website\",\"url\":\"https:\\\/\\\/loisirelectronique.com\\\/\",\"name\":\"Loisir Electronique\",\"description\":\"Innovation, qualit\u00e9, performance\",\"publisher\":{\"@id\":\"https:\\\/\\\/loisirelectronique.com\\\/#organization\"},\"potentialAction\":[{\"@type\":\"SearchAction\",\"target\":{\"@type\":\"EntryPoint\",\"urlTemplate\":\"https:\\\/\\\/loisirelectronique.com\\\/?s={search_term_string}\"},\"query-input\":{\"@type\":\"PropertyValueSpecification\",\"valueRequired\":true,\"valueName\":\"search_term_string\"}}],\"inLanguage\":\"nl-NL\"},{\"@type\":\"Organization\",\"@id\":\"https:\\\/\\\/loisirelectronique.com\\\/#organization\",\"name\":\"Loisir Electronique\",\"url\":\"https:\\\/\\\/loisirelectronique.com\\\/\",\"logo\":{\"@type\":\"ImageObject\",\"inLanguage\":\"nl-NL\",\"@id\":\"https:\\\/\\\/loisirelectronique.com\\\/#\\\/schema\\\/logo\\\/image\\\/\",\"url\":\"http:\\\/\\\/loisirelectronique.com\\\/wp-content\\\/uploads\\\/2026\\\/03\\\/IMG-20260325-WA00112.jpg\",\"contentUrl\":\"http:\\\/\\\/loisirelectronique.com\\\/wp-content\\\/uploads\\\/2026\\\/03\\\/IMG-20260325-WA00112.jpg\",\"width\":418,\"height\":124,\"caption\":\"Loisir Electronique\"},\"image\":{\"@id\":\"https:\\\/\\\/loisirelectronique.com\\\/#\\\/schema\\\/logo\\\/image\\\/\"}}]}<\/script>\n<!-- \/ Yoast SEO plugin. -->","yoast_head_json":{"title":"Xbox Series X - Console 4K 120 FPS & 12 Teraflops - Loisir Electronique","description":"D\u00e9couvrez la Xbox Series X chez Loisir \u00c9lectronique. 12 t\u00e9raflops de puissance pour un gaming en 4K native. Livraison rapide !","robots":{"index":"index","follow":"follow","max-snippet":"max-snippet:-1","max-image-preview":"max-image-preview:large","max-video-preview":"max-video-preview:-1"},"canonical":"https:\/\/loisirelectronique.com\/nl\/product\/xbox-series-x-console-4k-120-fps-12-teraflops\/","og_locale":"nl_NL","og_type":"article","og_title":"Xbox Series X - Console 4K 120 FPS & 12 Teraflops - Loisir Electronique","og_description":"D\u00e9couvrez la Xbox Series X chez Loisir \u00c9lectronique. 12 t\u00e9raflops de puissance pour un gaming en 4K native. Livraison rapide !","og_url":"https:\/\/loisirelectronique.com\/nl\/product\/xbox-series-x-console-4k-120-fps-12-teraflops\/","og_site_name":"Loisir Electronique","article_modified_time":"2026-04-18T15:00:18+00:00","og_image":[{"width":857,"height":676,"url":"http:\/\/loisirelectronique.com\/wp-content\/uploads\/2026\/03\/Console-Xbox-Series-X-avec-Ray-Tracing-et-4K-Gaming-1.jpeg","type":"image\/jpeg"}],"twitter_card":"summary_large_image","twitter_misc":{"Geschatte leestijd":"2 minuten"},"schema":{"@context":"https:\/\/schema.org","@graph":[{"@type":"WebPage","@id":"https:\/\/loisirelectronique.com\/produit\/xbox-series-x-console-4k-120-fps-12-teraflops\/","url":"https:\/\/loisirelectronique.com\/produit\/xbox-series-x-console-4k-120-fps-12-teraflops\/","name":"Xbox Series X - Console 4K 120 FPS & 12 Teraflops - Loisir Electronique","isPartOf":{"@id":"https:\/\/loisirelectronique.com\/#website"},"primaryImageOfPage":{"@id":"https:\/\/loisirelectronique.com\/produit\/xbox-series-x-console-4k-120-fps-12-teraflops\/#primaryimage"},"image":{"@id":"https:\/\/loisirelectronique.com\/produit\/xbox-series-x-console-4k-120-fps-12-teraflops\/#primaryimage"},"thumbnailUrl":"https:\/\/loisirelectronique.com\/wp-content\/uploads\/2026\/03\/Console-Xbox-Series-X-avec-Ray-Tracing-et-4K-Gaming-1.jpeg","datePublished":"2026-03-31T21:20:40+00:00","dateModified":"2026-04-18T15:00:18+00:00","description":"D\u00e9couvrez la Xbox Series X chez Loisir \u00c9lectronique. 12 t\u00e9raflops de puissance pour un gaming en 4K native. Livraison rapide !","breadcrumb":{"@id":"https:\/\/loisirelectronique.com\/produit\/xbox-series-x-console-4k-120-fps-12-teraflops\/#breadcrumb"},"inLanguage":"nl-NL","potentialAction":[{"@type":"ReadAction","target":["https:\/\/loisirelectronique.com\/produit\/xbox-series-x-console-4k-120-fps-12-teraflops\/"]}]},{"@type":"ImageObject","inLanguage":"nl-NL","@id":"https:\/\/loisirelectronique.com\/produit\/xbox-series-x-console-4k-120-fps-12-teraflops\/#primaryimage","url":"https:\/\/loisirelectronique.com\/wp-content\/uploads\/2026\/03\/Console-Xbox-Series-X-avec-Ray-Tracing-et-4K-Gaming-1.jpeg","contentUrl":"https:\/\/loisirelectronique.com\/wp-content\/uploads\/2026\/03\/Console-Xbox-Series-X-avec-Ray-Tracing-et-4K-Gaming-1.jpeg","width":857,"height":676,"caption":"Console Xbox Series X noire au design monolithique avec grille de ventilation."},{"@type":"BreadcrumbList","@id":"https:\/\/loisirelectronique.com\/produit\/xbox-series-x-console-4k-120-fps-12-teraflops\/#breadcrumb","itemListElement":[{"@type":"ListItem","position":1,"name":"Accueil","item":"https:\/\/loisirelectronique.com\/"},{"@type":"ListItem","position":2,"name":"Boutique","item":"https:\/\/loisirelectronique.com\/velos-electriques-accessoires-trottinettes\/"},{"@type":"ListItem","position":3,"name":"Xbox Series X &#8211; Console 4K 120 FPS &#038; 12 Teraflops"}]},{"@type":"WebSite","@id":"https:\/\/loisirelectronique.com\/#website","url":"https:\/\/loisirelectronique.com\/","name":"Loisir Electronique","description":"Innovation, qualit\u00e9, performance","publisher":{"@id":"https:\/\/loisirelectronique.com\/#organization"},"potentialAction":[{"@type":"SearchAction","target":{"@type":"EntryPoint","urlTemplate":"https:\/\/loisirelectronique.com\/?s={search_term_string}"},"query-input":{"@type":"PropertyValueSpecification","valueRequired":true,"valueName":"search_term_string"}}],"inLanguage":"nl-NL"},{"@type":"Organization","@id":"https:\/\/loisirelectronique.com\/#organization","name":"Loisir Electronique","url":"https:\/\/loisirelectronique.com\/","logo":{"@type":"ImageObject","inLanguage":"nl-NL","@id":"https:\/\/loisirelectronique.com\/#\/schema\/logo\/image\/","url":"http:\/\/loisirelectronique.com\/wp-content\/uploads\/2026\/03\/IMG-20260325-WA00112.jpg","contentUrl":"http:\/\/loisirelectronique.com\/wp-content\/uploads\/2026\/03\/IMG-20260325-WA00112.jpg","width":418,"height":124,"caption":"Loisir Electronique"},"image":{"@id":"https:\/\/loisirelectronique.com\/#\/schema\/logo\/image\/"}}]}},"jetpack_sharing_enabled":true,"_links":{"self":[{"href":"https:\/\/loisirelectronique.com\/nl\/wp-json\/wp\/v2\/product\/29889","targetHints":{"allow":["GET"]}}],"collection":[{"href":"https:\/\/loisirelectronique.com\/nl\/wp-json\/wp\/v2\/product"}],"about":[{"href":"https:\/\/loisirelectronique.com\/nl\/wp-json\/wp\/v2\/types\/product"}],"replies":[{"embeddable":true,"href":"https:\/\/loisirelectronique.com\/nl\/wp-json\/wp\/v2\/comments?post=29889"}],"version-history":[{"count":3,"href":"https:\/\/loisirelectronique.com\/nl\/wp-json\/wp\/v2\/product\/29889\/revisions"}],"predecessor-version":[{"id":30685,"href":"https:\/\/loisirelectronique.com\/nl\/wp-json\/wp\/v2\/product\/29889\/revisions\/30685"}],"wp:featuredmedia":[{"embeddable":true,"href":"https:\/\/loisirelectronique.com\/nl\/wp-json\/wp\/v2\/media\/29896"}],"wp:attachment":[{"href":"https:\/\/loisirelectronique.com\/nl\/wp-json\/wp\/v2\/media?parent=29889"}],"wp:term":[{"taxonomy":"product_brand","embeddable":true,"href":"https:\/\/loisirelectronique.com\/nl\/wp-json\/wp\/v2\/product_brand?post=29889"},{"taxonomy":"product_cat","embeddable":true,"href":"https:\/\/loisirelectronique.com\/nl\/wp-json\/wp\/v2\/product_cat?post=29889"},{"taxonomy":"product_tag","embeddable":true,"href":"https:\/\/loisirelectronique.com\/nl\/wp-json\/wp\/v2\/product_tag?post=29889"}],"curies":[{"name":"wp","href":"https:\/\/api.w.org\/{rel}","templated":true}]}}