{"id":29878,"date":"2026-03-31T21:04:38","date_gmt":"2026-03-31T21:04:38","guid":{"rendered":"https:\/\/loisirelectronique.com\/?post_type=product&#038;p=29878"},"modified":"2026-04-28T14:06:07","modified_gmt":"2026-04-28T14:06:07","slug":"asus-rog-ally-console-portable-puissante-ryzen-z1-extreme","status":"publish","type":"product","link":"https:\/\/loisirelectronique.com\/nl\/product\/asus-rog-ally-console-portable-puissante-ryzen-z1-extreme\/","title":{"rendered":"ASUS ROG Ally &#8211; Console Portable Puissante Ryzen Z1 Extreme"},"content":{"rendered":"<h2 data-path-to-node=\"5,4,1,1,1\">Une puissance de calcul sans pr\u00e9c\u00e9dent<\/h2>\n<p data-path-to-node=\"5,4,1,1,2\">\u00c9quip\u00e9e du processeur Ryzen Z1 Extreme, la <b data-path-to-node=\"5,4,1,1,2\" data-index-in-node=\"43\">ROG Ally<\/b> offre des graphismes \u00e9poustouflants sur son \u00e9cran Full HD de 120 Hz. La gestion thermique intelligente de la <b data-path-to-node=\"5,4,1,1,2\" data-index-in-node=\"161\">ROG Ally<\/b> garantit des performances stables m\u00eame lors des sessions les plus intenses, vous permettant de jouer \u00e0 vos titres favoris sans aucun ralentissement ni surchauffe.<\/p>\n<h2 data-path-to-node=\"5,4,1,1,3\">Fluidit\u00e9 et r\u00e9activit\u00e9 extr\u00eames<\/h2>\n<p data-path-to-node=\"5,4,1,1,4\">Son \u00e9cran tactile est prot\u00e9g\u00e9 par le verre Gorilla Glass Victus pour une durabilit\u00e9 accrue. Chez <b data-path-to-node=\"5,4,1,1,4\" data-index-in-node=\"97\">Loisir \u00c9lectronique<\/b>, nous recommandons ce mod\u00e8le pour les joueurs exigeants qui ne font aucun compromis.<\/p>\n<h2 data-path-to-node=\"8,4,1,1,3\">Audio immersif et connectivit\u00e9<\/h2>\n<p data-path-to-node=\"8,4,1,1,4\">Les deux haut-parleurs compatibles Dolby Atmos offrent une sc\u00e8ne sonore riche et d\u00e9taill\u00e9e. Chez <b data-path-to-node=\"8,4,1,1,4\" data-index-in-node=\"97\">Loisir \u00c9lectronique<\/b>, nous appr\u00e9cions cette int\u00e9gration parfaite des services de jeux modernes.<\/p>\n<p data-path-to-node=\"8,4,1,1,5,0,0\">\u00a0<i data-path-to-node=\"8,4,1,1,5,0,0\" data-index-in-node=\"19\">Retrouvez les meilleures <a class=\"ng-star-inserted\" href=\"https:\/\/loisirelectronique.com\/nl\/product-categorie\/high-tech\/consoles-de-jeux\/\" target=\"_blank\" rel=\"noopener\" data-hveid=\"0\" data-ved=\"0CAAQ_4QMahgKEwiMh7X-ycqTAxUAAAAAHQAAAAAQpQQ\">consoles de jeux<\/a> sur notre boutique en ligne.<\/i><\/p>\n<ul>\n<li data-start=\"1843\" data-end=\"1865\">\n<p data-start=\"1846\" data-end=\"1865\">Marque : ASUS ROG<\/p>\n<\/li>\n<li data-start=\"1866\" data-end=\"1889\">\n<p data-start=\"1869\" data-end=\"1889\">Mod\u00e8le : Xbox Ally<\/p>\n<\/li>\n<li data-start=\"1890\" data-end=\"1939\">\n<p data-start=\"1893\" data-end=\"1939\">Type : Console portable \/ PC gaming handheld<\/p>\n<\/li>\n<li data-start=\"1940\" data-end=\"1965\">\n<p data-start=\"1943\" data-end=\"1965\">Syst\u00e8me : Windows 11<\/p>\n<\/li>\n<li data-start=\"1966\" data-end=\"1996\">\n<p data-start=\"1969\" data-end=\"1996\">Processeur : AMD Ryzen Z2<\/p>\n<\/li>\n<li data-start=\"1997\" data-end=\"2032\">\n<p data-start=\"2000\" data-end=\"2032\">\u00c9cran : 7 pouces Full HD 120Hz<\/p>\n<\/li>\n<li data-start=\"2033\" data-end=\"2072\">\n<p data-start=\"2036\" data-end=\"2072\">Stockage : SSD 512 Go (extensible)<\/p>\n<\/li>\n<li data-start=\"2073\" data-end=\"2089\">\n<p data-start=\"2076\" data-end=\"2089\">RAM : 16 Go<\/p>\n<\/li>\n<li data-start=\"2090\" data-end=\"2130\">\n<p data-start=\"2093\" data-end=\"2130\">Connectivit\u00e9 : Wi-Fi 6E + Bluetooth<\/p>\n<\/li>\n<li data-start=\"2131\" data-end=\"2186\">\n<p data-start=\"2135\" data-end=\"2186\">Compatibilit\u00e9 : Xbox Game Pass, Steam, Epic Games<\/p>\n<\/li>\n<\/ul>","protected":false},"excerpt":{"rendered":"<div class=\"custom-product-box\">\n<p class=\"highlight\">\ud83d\udd25 Console portable orient\u00e9e performance PC gaming<\/p>\n<p>\ud83d\udcc8 Tr\u00e8s recherch\u00e9e par les joueurs nomades et Steam \/ Game Pass<\/p>\n<p>\u2b50 Exp\u00e9rience globale appr\u00e9ci\u00e9e pour la puissance et la polyvalence<\/p>\n<p>\ud83d\ude9a Livraison rapide avec suivi complet<\/p>\n<p class=\"highlight\">\u26a1 Produit technique \u00e0 forte demande sur les setups gaming portables<\/p>\n<\/div>\n<p data-start=\"745\" data-end=\"1033\">Le <strong data-start=\"748\" data-end=\"765\">ROG Xbox Ally<\/strong> est une console portable nouvelle g\u00e9n\u00e9ration d\u00e9velopp\u00e9e par ASUS en partenariat avec Xbox. Contrairement aux consoles classiques, il s\u2019agit d\u2019un v\u00e9ritable PC gaming portable sous Windows 11, offrant une libert\u00e9 totale pour jouer \u00e0 vos jeux pr\u00e9f\u00e9r\u00e9s o\u00f9 que vous soyez.<\/p>\n<p data-start=\"1035\" data-end=\"1310\">Dot\u00e9 d\u2019un processeur AMD Ryzen performant et d\u2019un \u00e9cran Full HD 120Hz, il offre une exp\u00e9rience de jeu fluide et immersive, m\u00eame sur les titres AAA. Son interface Xbox int\u00e9gr\u00e9e permet un acc\u00e8s rapide au Xbox Game Pass, au cloud gaming et \u00e0 votre biblioth\u00e8que compl\u00e8te de jeux.<\/p>\n<p data-start=\"1312\" data-end=\"1623\">","protected":false},"featured_media":29881,"comment_status":"open","ping_status":"closed","template":"","meta":[],"product_brand":[],"product_cat":[303,301],"product_tag":[],"class_list":{"0":"post-29878","1":"product","2":"type-product","3":"status-publish","4":"has-post-thumbnail","6":"product_cat-consoles-de-jeux","7":"product_cat-high-tech","9":"first","10":"instock","11":"sale","12":"taxable","13":"shipping-taxable","14":"purchasable","15":"product-type-simple"},"yoast_head":"<!-- This site is optimized with the Yoast SEO plugin v27.5 - https:\/\/yoast.com\/product\/yoast-seo-wordpress\/ -->\n<title>ASUS ROG Ally - Console Portable Puissante Ryzen Z1 Extreme - Loisir Electronique<\/title>\n<meta name=\"description\" content=\"Dominez vos jeux avec la ROG Ally chez Loisir \u00c9lectronique. Processeur Ryzen Z1 Extreme et \u00e9cran 120Hz pour une fluidit\u00e9 totale. Livraison rapide !\" \/>\n<meta name=\"robots\" content=\"index, follow, max-snippet:-1, max-image-preview:large, max-video-preview:-1\" \/>\n<link rel=\"canonical\" href=\"https:\/\/loisirelectronique.com\/nl\/product\/asus-rog-ally-console-portable-puissante-ryzen-z1-extreme\/\" \/>\n<meta property=\"og:locale\" content=\"nl_NL\" \/>\n<meta property=\"og:type\" content=\"article\" \/>\n<meta property=\"og:title\" content=\"ASUS ROG Ally - Console Portable Puissante Ryzen Z1 Extreme - Loisir Electronique\" \/>\n<meta property=\"og:description\" content=\"Dominez vos jeux avec la ROG Ally chez Loisir \u00c9lectronique. Processeur Ryzen Z1 Extreme et \u00e9cran 120Hz pour une fluidit\u00e9 totale. Livraison rapide !\" \/>\n<meta property=\"og:url\" content=\"https:\/\/loisirelectronique.com\/nl\/product\/asus-rog-ally-console-portable-puissante-ryzen-z1-extreme\/\" \/>\n<meta property=\"og:site_name\" content=\"Loisir Electronique\" \/>\n<meta property=\"article:modified_time\" content=\"2026-04-28T14:06:07+00:00\" \/>\n<meta property=\"og:image\" content=\"http:\/\/loisirelectronique.com\/wp-content\/uploads\/2026\/03\/ROG-Xbox-Ally-Console-Portable-Gaming-Windows-et-Xbox.jpeg\" \/>\n\t<meta property=\"og:image:width\" content=\"1400\" \/>\n\t<meta property=\"og:image:height\" content=\"800\" \/>\n\t<meta property=\"og:image:type\" content=\"image\/jpeg\" \/>\n<meta name=\"twitter:card\" content=\"summary_large_image\" \/>\n<meta name=\"twitter:label1\" content=\"Geschatte leestijd\" \/>\n\t<meta name=\"twitter:data1\" content=\"2 minuten\" \/>\n<script type=\"application\/ld+json\" class=\"yoast-schema-graph\">{\"@context\":\"https:\\\/\\\/schema.org\",\"@graph\":[{\"@type\":\"WebPage\",\"@id\":\"https:\\\/\\\/loisirelectronique.com\\\/produit\\\/asus-rog-ally-console-portable-puissante-ryzen-z1-extreme\\\/\",\"url\":\"https:\\\/\\\/loisirelectronique.com\\\/produit\\\/asus-rog-ally-console-portable-puissante-ryzen-z1-extreme\\\/\",\"name\":\"ASUS ROG Ally - Console Portable Puissante Ryzen Z1 Extreme - Loisir Electronique\",\"isPartOf\":{\"@id\":\"https:\\\/\\\/loisirelectronique.com\\\/#website\"},\"primaryImageOfPage\":{\"@id\":\"https:\\\/\\\/loisirelectronique.com\\\/produit\\\/asus-rog-ally-console-portable-puissante-ryzen-z1-extreme\\\/#primaryimage\"},\"image\":{\"@id\":\"https:\\\/\\\/loisirelectronique.com\\\/produit\\\/asus-rog-ally-console-portable-puissante-ryzen-z1-extreme\\\/#primaryimage\"},\"thumbnailUrl\":\"https:\\\/\\\/loisirelectronique.com\\\/wp-content\\\/uploads\\\/2026\\\/03\\\/ROG-Xbox-Ally-Console-Portable-Gaming-Windows-et-Xbox.jpeg\",\"datePublished\":\"2026-03-31T21:04:38+00:00\",\"dateModified\":\"2026-04-28T14:06:07+00:00\",\"description\":\"Dominez vos jeux avec la ROG Ally chez Loisir \u00c9lectronique. Processeur Ryzen Z1 Extreme et \u00e9cran 120Hz pour une fluidit\u00e9 totale. Livraison rapide !\",\"breadcrumb\":{\"@id\":\"https:\\\/\\\/loisirelectronique.com\\\/produit\\\/asus-rog-ally-console-portable-puissante-ryzen-z1-extreme\\\/#breadcrumb\"},\"inLanguage\":\"nl-NL\",\"potentialAction\":[{\"@type\":\"ReadAction\",\"target\":[\"https:\\\/\\\/loisirelectronique.com\\\/produit\\\/asus-rog-ally-console-portable-puissante-ryzen-z1-extreme\\\/\"]}]},{\"@type\":\"ImageObject\",\"inLanguage\":\"nl-NL\",\"@id\":\"https:\\\/\\\/loisirelectronique.com\\\/produit\\\/asus-rog-ally-console-portable-puissante-ryzen-z1-extreme\\\/#primaryimage\",\"url\":\"https:\\\/\\\/loisirelectronique.com\\\/wp-content\\\/uploads\\\/2026\\\/03\\\/ROG-Xbox-Ally-Console-Portable-Gaming-Windows-et-Xbox.jpeg\",\"contentUrl\":\"https:\\\/\\\/loisirelectronique.com\\\/wp-content\\\/uploads\\\/2026\\\/03\\\/ROG-Xbox-Ally-Console-Portable-Gaming-Windows-et-Xbox.jpeg\",\"width\":1400,\"height\":800,\"caption\":\"Console portable ASUS ROG Ally blanche avec joysticks r\u00e9tro\u00e9clair\u00e9s.\"},{\"@type\":\"BreadcrumbList\",\"@id\":\"https:\\\/\\\/loisirelectronique.com\\\/produit\\\/asus-rog-ally-console-portable-puissante-ryzen-z1-extreme\\\/#breadcrumb\",\"itemListElement\":[{\"@type\":\"ListItem\",\"position\":1,\"name\":\"Accueil\",\"item\":\"https:\\\/\\\/loisirelectronique.com\\\/\"},{\"@type\":\"ListItem\",\"position\":2,\"name\":\"Boutique\",\"item\":\"https:\\\/\\\/loisirelectronique.com\\\/velos-electriques-accessoires-trottinettes\\\/\"},{\"@type\":\"ListItem\",\"position\":3,\"name\":\"ASUS ROG Ally &#8211; Console Portable Puissante Ryzen Z1 Extreme\"}]},{\"@type\":\"WebSite\",\"@id\":\"https:\\\/\\\/loisirelectronique.com\\\/#website\",\"url\":\"https:\\\/\\\/loisirelectronique.com\\\/\",\"name\":\"Loisir Electronique\",\"description\":\"Innovation, qualit\u00e9, performance\",\"publisher\":{\"@id\":\"https:\\\/\\\/loisirelectronique.com\\\/#organization\"},\"potentialAction\":[{\"@type\":\"SearchAction\",\"target\":{\"@type\":\"EntryPoint\",\"urlTemplate\":\"https:\\\/\\\/loisirelectronique.com\\\/?s={search_term_string}\"},\"query-input\":{\"@type\":\"PropertyValueSpecification\",\"valueRequired\":true,\"valueName\":\"search_term_string\"}}],\"inLanguage\":\"nl-NL\"},{\"@type\":\"Organization\",\"@id\":\"https:\\\/\\\/loisirelectronique.com\\\/#organization\",\"name\":\"Loisir Electronique\",\"url\":\"https:\\\/\\\/loisirelectronique.com\\\/\",\"logo\":{\"@type\":\"ImageObject\",\"inLanguage\":\"nl-NL\",\"@id\":\"https:\\\/\\\/loisirelectronique.com\\\/#\\\/schema\\\/logo\\\/image\\\/\",\"url\":\"http:\\\/\\\/loisirelectronique.com\\\/wp-content\\\/uploads\\\/2026\\\/03\\\/IMG-20260325-WA00112.jpg\",\"contentUrl\":\"http:\\\/\\\/loisirelectronique.com\\\/wp-content\\\/uploads\\\/2026\\\/03\\\/IMG-20260325-WA00112.jpg\",\"width\":418,\"height\":124,\"caption\":\"Loisir Electronique\"},\"image\":{\"@id\":\"https:\\\/\\\/loisirelectronique.com\\\/#\\\/schema\\\/logo\\\/image\\\/\"}}]}<\/script>\n<!-- \/ Yoast SEO plugin. -->","yoast_head_json":{"title":"ASUS ROG Ally - Console Portable Puissante Ryzen Z1 Extreme - Loisir Electronique","description":"Dominez vos jeux avec la ROG Ally chez Loisir \u00c9lectronique. Processeur Ryzen Z1 Extreme et \u00e9cran 120Hz pour une fluidit\u00e9 totale. Livraison rapide !","robots":{"index":"index","follow":"follow","max-snippet":"max-snippet:-1","max-image-preview":"max-image-preview:large","max-video-preview":"max-video-preview:-1"},"canonical":"https:\/\/loisirelectronique.com\/nl\/product\/asus-rog-ally-console-portable-puissante-ryzen-z1-extreme\/","og_locale":"nl_NL","og_type":"article","og_title":"ASUS ROG Ally - Console Portable Puissante Ryzen Z1 Extreme - Loisir Electronique","og_description":"Dominez vos jeux avec la ROG Ally chez Loisir \u00c9lectronique. Processeur Ryzen Z1 Extreme et \u00e9cran 120Hz pour une fluidit\u00e9 totale. Livraison rapide !","og_url":"https:\/\/loisirelectronique.com\/nl\/product\/asus-rog-ally-console-portable-puissante-ryzen-z1-extreme\/","og_site_name":"Loisir Electronique","article_modified_time":"2026-04-28T14:06:07+00:00","og_image":[{"width":1400,"height":800,"url":"http:\/\/loisirelectronique.com\/wp-content\/uploads\/2026\/03\/ROG-Xbox-Ally-Console-Portable-Gaming-Windows-et-Xbox.jpeg","type":"image\/jpeg"}],"twitter_card":"summary_large_image","twitter_misc":{"Geschatte leestijd":"2 minuten"},"schema":{"@context":"https:\/\/schema.org","@graph":[{"@type":"WebPage","@id":"https:\/\/loisirelectronique.com\/produit\/asus-rog-ally-console-portable-puissante-ryzen-z1-extreme\/","url":"https:\/\/loisirelectronique.com\/produit\/asus-rog-ally-console-portable-puissante-ryzen-z1-extreme\/","name":"ASUS ROG Ally - Console Portable Puissante Ryzen Z1 Extreme - Loisir Electronique","isPartOf":{"@id":"https:\/\/loisirelectronique.com\/#website"},"primaryImageOfPage":{"@id":"https:\/\/loisirelectronique.com\/produit\/asus-rog-ally-console-portable-puissante-ryzen-z1-extreme\/#primaryimage"},"image":{"@id":"https:\/\/loisirelectronique.com\/produit\/asus-rog-ally-console-portable-puissante-ryzen-z1-extreme\/#primaryimage"},"thumbnailUrl":"https:\/\/loisirelectronique.com\/wp-content\/uploads\/2026\/03\/ROG-Xbox-Ally-Console-Portable-Gaming-Windows-et-Xbox.jpeg","datePublished":"2026-03-31T21:04:38+00:00","dateModified":"2026-04-28T14:06:07+00:00","description":"Dominez vos jeux avec la ROG Ally chez Loisir \u00c9lectronique. Processeur Ryzen Z1 Extreme et \u00e9cran 120Hz pour une fluidit\u00e9 totale. Livraison rapide !","breadcrumb":{"@id":"https:\/\/loisirelectronique.com\/produit\/asus-rog-ally-console-portable-puissante-ryzen-z1-extreme\/#breadcrumb"},"inLanguage":"nl-NL","potentialAction":[{"@type":"ReadAction","target":["https:\/\/loisirelectronique.com\/produit\/asus-rog-ally-console-portable-puissante-ryzen-z1-extreme\/"]}]},{"@type":"ImageObject","inLanguage":"nl-NL","@id":"https:\/\/loisirelectronique.com\/produit\/asus-rog-ally-console-portable-puissante-ryzen-z1-extreme\/#primaryimage","url":"https:\/\/loisirelectronique.com\/wp-content\/uploads\/2026\/03\/ROG-Xbox-Ally-Console-Portable-Gaming-Windows-et-Xbox.jpeg","contentUrl":"https:\/\/loisirelectronique.com\/wp-content\/uploads\/2026\/03\/ROG-Xbox-Ally-Console-Portable-Gaming-Windows-et-Xbox.jpeg","width":1400,"height":800,"caption":"Console portable ASUS ROG Ally blanche avec joysticks r\u00e9tro\u00e9clair\u00e9s."},{"@type":"BreadcrumbList","@id":"https:\/\/loisirelectronique.com\/produit\/asus-rog-ally-console-portable-puissante-ryzen-z1-extreme\/#breadcrumb","itemListElement":[{"@type":"ListItem","position":1,"name":"Accueil","item":"https:\/\/loisirelectronique.com\/"},{"@type":"ListItem","position":2,"name":"Boutique","item":"https:\/\/loisirelectronique.com\/velos-electriques-accessoires-trottinettes\/"},{"@type":"ListItem","position":3,"name":"ASUS ROG Ally &#8211; Console Portable Puissante Ryzen Z1 Extreme"}]},{"@type":"WebSite","@id":"https:\/\/loisirelectronique.com\/#website","url":"https:\/\/loisirelectronique.com\/","name":"Loisir Electronique","description":"Innovation, qualit\u00e9, performance","publisher":{"@id":"https:\/\/loisirelectronique.com\/#organization"},"potentialAction":[{"@type":"SearchAction","target":{"@type":"EntryPoint","urlTemplate":"https:\/\/loisirelectronique.com\/?s={search_term_string}"},"query-input":{"@type":"PropertyValueSpecification","valueRequired":true,"valueName":"search_term_string"}}],"inLanguage":"nl-NL"},{"@type":"Organization","@id":"https:\/\/loisirelectronique.com\/#organization","name":"Loisir Electronique","url":"https:\/\/loisirelectronique.com\/","logo":{"@type":"ImageObject","inLanguage":"nl-NL","@id":"https:\/\/loisirelectronique.com\/#\/schema\/logo\/image\/","url":"http:\/\/loisirelectronique.com\/wp-content\/uploads\/2026\/03\/IMG-20260325-WA00112.jpg","contentUrl":"http:\/\/loisirelectronique.com\/wp-content\/uploads\/2026\/03\/IMG-20260325-WA00112.jpg","width":418,"height":124,"caption":"Loisir Electronique"},"image":{"@id":"https:\/\/loisirelectronique.com\/#\/schema\/logo\/image\/"}}]}},"jetpack_sharing_enabled":true,"_links":{"self":[{"href":"https:\/\/loisirelectronique.com\/nl\/wp-json\/wp\/v2\/product\/29878","targetHints":{"allow":["GET"]}}],"collection":[{"href":"https:\/\/loisirelectronique.com\/nl\/wp-json\/wp\/v2\/product"}],"about":[{"href":"https:\/\/loisirelectronique.com\/nl\/wp-json\/wp\/v2\/types\/product"}],"replies":[{"embeddable":true,"href":"https:\/\/loisirelectronique.com\/nl\/wp-json\/wp\/v2\/comments?post=29878"}],"version-history":[{"count":2,"href":"https:\/\/loisirelectronique.com\/nl\/wp-json\/wp\/v2\/product\/29878\/revisions"}],"predecessor-version":[{"id":30688,"href":"https:\/\/loisirelectronique.com\/nl\/wp-json\/wp\/v2\/product\/29878\/revisions\/30688"}],"wp:featuredmedia":[{"embeddable":true,"href":"https:\/\/loisirelectronique.com\/nl\/wp-json\/wp\/v2\/media\/29881"}],"wp:attachment":[{"href":"https:\/\/loisirelectronique.com\/nl\/wp-json\/wp\/v2\/media?parent=29878"}],"wp:term":[{"taxonomy":"product_brand","embeddable":true,"href":"https:\/\/loisirelectronique.com\/nl\/wp-json\/wp\/v2\/product_brand?post=29878"},{"taxonomy":"product_cat","embeddable":true,"href":"https:\/\/loisirelectronique.com\/nl\/wp-json\/wp\/v2\/product_cat?post=29878"},{"taxonomy":"product_tag","embeddable":true,"href":"https:\/\/loisirelectronique.com\/nl\/wp-json\/wp\/v2\/product_tag?post=29878"}],"curies":[{"name":"wp","href":"https:\/\/api.w.org\/{rel}","templated":true}]}}