{"id":29863,"date":"2026-03-31T19:31:16","date_gmt":"2026-03-31T19:31:16","guid":{"rendered":"https:\/\/loisirelectronique.com\/?post_type=product&#038;p=29863"},"modified":"2026-03-31T19:31:16","modified_gmt":"2026-03-31T19:31:16","slug":"bluewheel-hx720-hoverboard-auto-equilibre","status":"publish","type":"product","link":"https:\/\/loisirelectronique.com\/nl\/product\/bluewheel-hx720-hoverboard-auto-equilibre\/","title":{"rendered":"Bluewheel HX720 &#8211; Hoverboard Auto-\u00c9quilibr\u00e9"},"content":{"rendered":"<h2 data-path-to-node=\"5,4,1,1,1\">Une stabilit\u00e9 renforc\u00e9e par l&rsquo;\u00e9lectronique<\/h2>\n<p data-path-to-node=\"5,4,1,1,2\">Gr\u00e2ce aux algorithmes de stabilisation du <b data-path-to-node=\"5,4,1,1,2\" data-index-in-node=\"42\">Bluewheel HX720<\/b>, l&rsquo;appareil reste horizontal d\u00e8s l&rsquo;allumage, \u00e9vitant ainsi les basculements brusques au d\u00e9marrage. La r\u00e9activit\u00e9 du <b data-path-to-node=\"5,4,1,1,2\" data-index-in-node=\"174\">Bluewheel HX720<\/b> permet des virages fluides et une gestion du poids optimale, transformant chaque trajet en une exp\u00e9rience de glisse naturelle et totalement ma\u00eetris\u00e9e.<\/p>\n<h2 data-path-to-node=\"5,4,1,1,3\">Mat\u00e9riaux de qualit\u00e9 sup\u00e9rieure<\/h2>\n<p data-path-to-node=\"5,4,1,1,4\">Sa structure interne renforc\u00e9e supporte les chocs quotidiens tout en prot\u00e9geant les circuits. Chez <b data-path-to-node=\"5,4,1,1,4\" data-index-in-node=\"99\">Loisir \u00c9lectronique<\/b>, nous validons ce mod\u00e8le pour sa fiabilit\u00e9 technique irr\u00e9prochable.<\/p>\n<h2 data-path-to-node=\"8,4,1,1,3\">Look futuriste et visibilit\u00e9<\/h2>\n<p data-path-to-node=\"8,4,1,1,4\">Adaptez l&rsquo;\u00e9clairage selon vos envies pour ne jamais passer inaper\u00e7u. Chez <b data-path-to-node=\"8,4,1,1,4\" data-index-in-node=\"74\">Loisir \u00c9lectronique<\/b>, nous aimons l&rsquo;alliance du fun et de la technologie mobile.<\/p>\n<p data-path-to-node=\"8,4,1,1,5,0,0\"><i data-path-to-node=\"8,4,1,1,5,0,0\" data-index-in-node=\"19\">Am\u00e9liorez votre style avec les <a class=\"ng-star-inserted\" href=\"https:\/\/loisirelectronique.com\/nl\/product-categorie\/high-tech\/\" target=\"_blank\" rel=\"noopener\" data-hveid=\"0\" data-ved=\"0CAAQ_4QMahgKEwiMh7X-ycqTAxUAAAAAHQAAAAAQ7AM\">meilleurs gadgets high-tech<\/a> du moment.<\/i><\/p>\n<ul>\n<li data-start=\"1779\" data-end=\"1802\">\n<p data-start=\"1782\" data-end=\"1802\">Marque : Bluewheel<\/p>\n<\/li>\n<li data-start=\"1803\" data-end=\"1822\">\n<p data-start=\"1806\" data-end=\"1822\">Mod\u00e8le : HX720<\/p>\n<\/li>\n<li data-start=\"1823\" data-end=\"1867\">\n<p data-start=\"1826\" data-end=\"1867\">Type : Hoverboard \/ Gyropode \u00e9lectrique<\/p>\n<\/li>\n<li data-start=\"1868\" data-end=\"1915\">\n<p data-start=\"1871\" data-end=\"1915\">Technologie : Auto-\u00e9quilibrage intelligent<\/p>\n<\/li>\n<li data-start=\"1916\" data-end=\"1959\">\n<p data-start=\"1919\" data-end=\"1959\">Public : Enfants, adolescents, adultes<\/p>\n<\/li>\n<li data-start=\"1960\" data-end=\"1997\">\n<p data-start=\"1963\" data-end=\"1997\">Connectivit\u00e9 : Bluetooth int\u00e9gr\u00e9<\/p>\n<\/li>\n<li data-start=\"1998\" data-end=\"2035\">\n<p data-start=\"2001\" data-end=\"2035\">\u00c9clairage : Roues LED lumineuses<\/p>\n<\/li>\n<li data-start=\"2036\" data-end=\"2071\">\n<p data-start=\"2039\" data-end=\"2071\">Utilisation : Loisirs \/ urbain<\/p>\n<\/li>\n<li data-start=\"2072\" data-end=\"2104\">\n<p data-start=\"2075\" data-end=\"2104\">Design : Compact et moderne<\/p>\n<\/li>\n<li data-start=\"2105\" data-end=\"2142\">\n<p data-start=\"2109\" data-end=\"2142\">\u00c9nergie : Batterie rechargeable<\/p>\n<\/li>\n<\/ul>","protected":false},"excerpt":{"rendered":"<p data-start=\"820\" data-end=\"1110\">Le Bluewheel HX720 Hoverboard est un hoverboard moderne con\u00e7u pour allier divertissement, s\u00e9curit\u00e9 et performance. Gr\u00e2ce \u00e0 son syst\u00e8me d\u2019auto-\u00e9quilibrage intelligent, il permet une prise en main rapide et une conduite fluide, id\u00e9ale pour les d\u00e9butants comme pour les utilisateurs r\u00e9guliers.<\/p>\n<p data-start=\"1112\" data-end=\"1322\">\u00c9quip\u00e9 d\u2019un haut-parleur Bluetooth int\u00e9gr\u00e9, il permet d\u2019\u00e9couter votre musique pr\u00e9f\u00e9r\u00e9e pendant vos d\u00e9placements. Ses roues LED lumineuses apportent une touche esth\u00e9tique unique tout en am\u00e9liorant la visibilit\u00e9.<\/p>","protected":false},"featured_media":29864,"comment_status":"open","ping_status":"closed","template":"","meta":[],"product_brand":[],"product_cat":[301,316],"product_tag":[],"class_list":{"0":"post-29863","1":"product","2":"type-product","3":"status-publish","4":"has-post-thumbnail","6":"product_cat-high-tech","7":"product_cat-hover-board","9":"first","10":"instock","11":"sale","12":"taxable","13":"shipping-taxable","14":"purchasable","15":"product-type-simple"},"yoast_head":"<!-- This site is optimized with the Yoast SEO plugin v27.5 - https:\/\/yoast.com\/product\/yoast-seo-wordpress\/ -->\n<title>Bluewheel HX720 - Hoverboard Auto-\u00c9quilibr\u00e9 - Loisir Electronique<\/title>\n<meta name=\"description\" content=\"D\u00e9couvrez le Bluewheel HX720 chez Loisir \u00c9lectronique. Un hoverboard dot\u00e9 de capteurs gyroscopiques haute pr\u00e9cision pour une stabilit\u00e9 maximale. Livraison rapide !\" \/>\n<meta name=\"robots\" content=\"index, follow, max-snippet:-1, max-image-preview:large, max-video-preview:-1\" \/>\n<link rel=\"canonical\" href=\"https:\/\/loisirelectronique.com\/nl\/product\/bluewheel-hx720-hoverboard-auto-equilibre\/\" \/>\n<meta property=\"og:locale\" content=\"nl_NL\" \/>\n<meta property=\"og:type\" content=\"article\" \/>\n<meta property=\"og:title\" content=\"Bluewheel HX720 - Hoverboard Auto-\u00c9quilibr\u00e9 - Loisir Electronique\" \/>\n<meta property=\"og:description\" content=\"D\u00e9couvrez le Bluewheel HX720 chez Loisir \u00c9lectronique. Un hoverboard dot\u00e9 de capteurs gyroscopiques haute pr\u00e9cision pour une stabilit\u00e9 maximale. Livraison rapide !\" \/>\n<meta property=\"og:url\" content=\"https:\/\/loisirelectronique.com\/nl\/product\/bluewheel-hx720-hoverboard-auto-equilibre\/\" \/>\n<meta property=\"og:site_name\" content=\"Loisir Electronique\" \/>\n<meta property=\"og:image\" content=\"http:\/\/loisirelectronique.com\/wp-content\/uploads\/2026\/03\/Bluewheel-HX720-Gyropode-Electrique-avec-Haut-Parleur-Bluetooth.jpeg\" \/>\n\t<meta property=\"og:image:width\" content=\"1500\" \/>\n\t<meta property=\"og:image:height\" content=\"1500\" \/>\n\t<meta property=\"og:image:type\" content=\"image\/jpeg\" \/>\n<meta name=\"twitter:card\" content=\"summary_large_image\" \/>\n<meta name=\"twitter:label1\" content=\"Geschatte leestijd\" \/>\n\t<meta name=\"twitter:data1\" content=\"1 minuut\" \/>\n<script type=\"application\/ld+json\" class=\"yoast-schema-graph\">{\"@context\":\"https:\\\/\\\/schema.org\",\"@graph\":[{\"@type\":\"WebPage\",\"@id\":\"https:\\\/\\\/loisirelectronique.com\\\/produit\\\/bluewheel-hx720-hoverboard-auto-equilibre\\\/\",\"url\":\"https:\\\/\\\/loisirelectronique.com\\\/produit\\\/bluewheel-hx720-hoverboard-auto-equilibre\\\/\",\"name\":\"Bluewheel HX720 - Hoverboard Auto-\u00c9quilibr\u00e9 - Loisir Electronique\",\"isPartOf\":{\"@id\":\"https:\\\/\\\/loisirelectronique.com\\\/#website\"},\"primaryImageOfPage\":{\"@id\":\"https:\\\/\\\/loisirelectronique.com\\\/produit\\\/bluewheel-hx720-hoverboard-auto-equilibre\\\/#primaryimage\"},\"image\":{\"@id\":\"https:\\\/\\\/loisirelectronique.com\\\/produit\\\/bluewheel-hx720-hoverboard-auto-equilibre\\\/#primaryimage\"},\"thumbnailUrl\":\"https:\\\/\\\/loisirelectronique.com\\\/wp-content\\\/uploads\\\/2026\\\/03\\\/Bluewheel-HX720-Gyropode-Electrique-avec-Haut-Parleur-Bluetooth.jpeg\",\"datePublished\":\"2026-03-31T19:31:16+00:00\",\"description\":\"D\u00e9couvrez le Bluewheel HX720 chez Loisir \u00c9lectronique. Un hoverboard dot\u00e9 de capteurs gyroscopiques haute pr\u00e9cision pour une stabilit\u00e9 maximale. Livraison rapide !\",\"breadcrumb\":{\"@id\":\"https:\\\/\\\/loisirelectronique.com\\\/produit\\\/bluewheel-hx720-hoverboard-auto-equilibre\\\/#breadcrumb\"},\"inLanguage\":\"nl-NL\",\"potentialAction\":[{\"@type\":\"ReadAction\",\"target\":[\"https:\\\/\\\/loisirelectronique.com\\\/produit\\\/bluewheel-hx720-hoverboard-auto-equilibre\\\/\"]}]},{\"@type\":\"ImageObject\",\"inLanguage\":\"nl-NL\",\"@id\":\"https:\\\/\\\/loisirelectronique.com\\\/produit\\\/bluewheel-hx720-hoverboard-auto-equilibre\\\/#primaryimage\",\"url\":\"https:\\\/\\\/loisirelectronique.com\\\/wp-content\\\/uploads\\\/2026\\\/03\\\/Bluewheel-HX720-Gyropode-Electrique-avec-Haut-Parleur-Bluetooth.jpeg\",\"contentUrl\":\"https:\\\/\\\/loisirelectronique.com\\\/wp-content\\\/uploads\\\/2026\\\/03\\\/Bluewheel-HX720-Gyropode-Electrique-avec-Haut-Parleur-Bluetooth.jpeg\",\"width\":1500,\"height\":1500,\"caption\":\"Hoverboard Bluewheel HX720 noir avec capteurs d'\u00e9quilibre actifs.\"},{\"@type\":\"BreadcrumbList\",\"@id\":\"https:\\\/\\\/loisirelectronique.com\\\/produit\\\/bluewheel-hx720-hoverboard-auto-equilibre\\\/#breadcrumb\",\"itemListElement\":[{\"@type\":\"ListItem\",\"position\":1,\"name\":\"Accueil\",\"item\":\"https:\\\/\\\/loisirelectronique.com\\\/\"},{\"@type\":\"ListItem\",\"position\":2,\"name\":\"Boutique\",\"item\":\"https:\\\/\\\/loisirelectronique.com\\\/velos-electriques-accessoires-trottinettes\\\/\"},{\"@type\":\"ListItem\",\"position\":3,\"name\":\"Bluewheel HX720 &#8211; Hoverboard Auto-\u00c9quilibr\u00e9\"}]},{\"@type\":\"WebSite\",\"@id\":\"https:\\\/\\\/loisirelectronique.com\\\/#website\",\"url\":\"https:\\\/\\\/loisirelectronique.com\\\/\",\"name\":\"Loisir Electronique\",\"description\":\"Innovation, qualit\u00e9, performance\",\"publisher\":{\"@id\":\"https:\\\/\\\/loisirelectronique.com\\\/#organization\"},\"potentialAction\":[{\"@type\":\"SearchAction\",\"target\":{\"@type\":\"EntryPoint\",\"urlTemplate\":\"https:\\\/\\\/loisirelectronique.com\\\/?s={search_term_string}\"},\"query-input\":{\"@type\":\"PropertyValueSpecification\",\"valueRequired\":true,\"valueName\":\"search_term_string\"}}],\"inLanguage\":\"nl-NL\"},{\"@type\":\"Organization\",\"@id\":\"https:\\\/\\\/loisirelectronique.com\\\/#organization\",\"name\":\"Loisir Electronique\",\"url\":\"https:\\\/\\\/loisirelectronique.com\\\/\",\"logo\":{\"@type\":\"ImageObject\",\"inLanguage\":\"nl-NL\",\"@id\":\"https:\\\/\\\/loisirelectronique.com\\\/#\\\/schema\\\/logo\\\/image\\\/\",\"url\":\"http:\\\/\\\/loisirelectronique.com\\\/wp-content\\\/uploads\\\/2026\\\/03\\\/IMG-20260325-WA00112.jpg\",\"contentUrl\":\"http:\\\/\\\/loisirelectronique.com\\\/wp-content\\\/uploads\\\/2026\\\/03\\\/IMG-20260325-WA00112.jpg\",\"width\":418,\"height\":124,\"caption\":\"Loisir Electronique\"},\"image\":{\"@id\":\"https:\\\/\\\/loisirelectronique.com\\\/#\\\/schema\\\/logo\\\/image\\\/\"}}]}<\/script>\n<!-- \/ Yoast SEO plugin. -->","yoast_head_json":{"title":"Bluewheel HX720 - Hoverboard Auto-\u00c9quilibr\u00e9 - Loisir Electronique","description":"D\u00e9couvrez le Bluewheel HX720 chez Loisir \u00c9lectronique. Un hoverboard dot\u00e9 de capteurs gyroscopiques haute pr\u00e9cision pour une stabilit\u00e9 maximale. Livraison rapide !","robots":{"index":"index","follow":"follow","max-snippet":"max-snippet:-1","max-image-preview":"max-image-preview:large","max-video-preview":"max-video-preview:-1"},"canonical":"https:\/\/loisirelectronique.com\/nl\/product\/bluewheel-hx720-hoverboard-auto-equilibre\/","og_locale":"nl_NL","og_type":"article","og_title":"Bluewheel HX720 - Hoverboard Auto-\u00c9quilibr\u00e9 - Loisir Electronique","og_description":"D\u00e9couvrez le Bluewheel HX720 chez Loisir \u00c9lectronique. Un hoverboard dot\u00e9 de capteurs gyroscopiques haute pr\u00e9cision pour une stabilit\u00e9 maximale. Livraison rapide !","og_url":"https:\/\/loisirelectronique.com\/nl\/product\/bluewheel-hx720-hoverboard-auto-equilibre\/","og_site_name":"Loisir Electronique","og_image":[{"width":1500,"height":1500,"url":"http:\/\/loisirelectronique.com\/wp-content\/uploads\/2026\/03\/Bluewheel-HX720-Gyropode-Electrique-avec-Haut-Parleur-Bluetooth.jpeg","type":"image\/jpeg"}],"twitter_card":"summary_large_image","twitter_misc":{"Geschatte leestijd":"1 minuut"},"schema":{"@context":"https:\/\/schema.org","@graph":[{"@type":"WebPage","@id":"https:\/\/loisirelectronique.com\/produit\/bluewheel-hx720-hoverboard-auto-equilibre\/","url":"https:\/\/loisirelectronique.com\/produit\/bluewheel-hx720-hoverboard-auto-equilibre\/","name":"Bluewheel HX720 - Hoverboard Auto-\u00c9quilibr\u00e9 - Loisir Electronique","isPartOf":{"@id":"https:\/\/loisirelectronique.com\/#website"},"primaryImageOfPage":{"@id":"https:\/\/loisirelectronique.com\/produit\/bluewheel-hx720-hoverboard-auto-equilibre\/#primaryimage"},"image":{"@id":"https:\/\/loisirelectronique.com\/produit\/bluewheel-hx720-hoverboard-auto-equilibre\/#primaryimage"},"thumbnailUrl":"https:\/\/loisirelectronique.com\/wp-content\/uploads\/2026\/03\/Bluewheel-HX720-Gyropode-Electrique-avec-Haut-Parleur-Bluetooth.jpeg","datePublished":"2026-03-31T19:31:16+00:00","description":"D\u00e9couvrez le Bluewheel HX720 chez Loisir \u00c9lectronique. Un hoverboard dot\u00e9 de capteurs gyroscopiques haute pr\u00e9cision pour une stabilit\u00e9 maximale. Livraison rapide !","breadcrumb":{"@id":"https:\/\/loisirelectronique.com\/produit\/bluewheel-hx720-hoverboard-auto-equilibre\/#breadcrumb"},"inLanguage":"nl-NL","potentialAction":[{"@type":"ReadAction","target":["https:\/\/loisirelectronique.com\/produit\/bluewheel-hx720-hoverboard-auto-equilibre\/"]}]},{"@type":"ImageObject","inLanguage":"nl-NL","@id":"https:\/\/loisirelectronique.com\/produit\/bluewheel-hx720-hoverboard-auto-equilibre\/#primaryimage","url":"https:\/\/loisirelectronique.com\/wp-content\/uploads\/2026\/03\/Bluewheel-HX720-Gyropode-Electrique-avec-Haut-Parleur-Bluetooth.jpeg","contentUrl":"https:\/\/loisirelectronique.com\/wp-content\/uploads\/2026\/03\/Bluewheel-HX720-Gyropode-Electrique-avec-Haut-Parleur-Bluetooth.jpeg","width":1500,"height":1500,"caption":"Hoverboard Bluewheel HX720 noir avec capteurs d'\u00e9quilibre actifs."},{"@type":"BreadcrumbList","@id":"https:\/\/loisirelectronique.com\/produit\/bluewheel-hx720-hoverboard-auto-equilibre\/#breadcrumb","itemListElement":[{"@type":"ListItem","position":1,"name":"Accueil","item":"https:\/\/loisirelectronique.com\/"},{"@type":"ListItem","position":2,"name":"Boutique","item":"https:\/\/loisirelectronique.com\/velos-electriques-accessoires-trottinettes\/"},{"@type":"ListItem","position":3,"name":"Bluewheel HX720 &#8211; Hoverboard Auto-\u00c9quilibr\u00e9"}]},{"@type":"WebSite","@id":"https:\/\/loisirelectronique.com\/#website","url":"https:\/\/loisirelectronique.com\/","name":"Loisir Electronique","description":"Innovation, qualit\u00e9, performance","publisher":{"@id":"https:\/\/loisirelectronique.com\/#organization"},"potentialAction":[{"@type":"SearchAction","target":{"@type":"EntryPoint","urlTemplate":"https:\/\/loisirelectronique.com\/?s={search_term_string}"},"query-input":{"@type":"PropertyValueSpecification","valueRequired":true,"valueName":"search_term_string"}}],"inLanguage":"nl-NL"},{"@type":"Organization","@id":"https:\/\/loisirelectronique.com\/#organization","name":"Loisir Electronique","url":"https:\/\/loisirelectronique.com\/","logo":{"@type":"ImageObject","inLanguage":"nl-NL","@id":"https:\/\/loisirelectronique.com\/#\/schema\/logo\/image\/","url":"http:\/\/loisirelectronique.com\/wp-content\/uploads\/2026\/03\/IMG-20260325-WA00112.jpg","contentUrl":"http:\/\/loisirelectronique.com\/wp-content\/uploads\/2026\/03\/IMG-20260325-WA00112.jpg","width":418,"height":124,"caption":"Loisir Electronique"},"image":{"@id":"https:\/\/loisirelectronique.com\/#\/schema\/logo\/image\/"}}]}},"jetpack_sharing_enabled":true,"_links":{"self":[{"href":"https:\/\/loisirelectronique.com\/nl\/wp-json\/wp\/v2\/product\/29863","targetHints":{"allow":["GET"]}}],"collection":[{"href":"https:\/\/loisirelectronique.com\/nl\/wp-json\/wp\/v2\/product"}],"about":[{"href":"https:\/\/loisirelectronique.com\/nl\/wp-json\/wp\/v2\/types\/product"}],"replies":[{"embeddable":true,"href":"https:\/\/loisirelectronique.com\/nl\/wp-json\/wp\/v2\/comments?post=29863"}],"version-history":[{"count":1,"href":"https:\/\/loisirelectronique.com\/nl\/wp-json\/wp\/v2\/product\/29863\/revisions"}],"predecessor-version":[{"id":29867,"href":"https:\/\/loisirelectronique.com\/nl\/wp-json\/wp\/v2\/product\/29863\/revisions\/29867"}],"wp:featuredmedia":[{"embeddable":true,"href":"https:\/\/loisirelectronique.com\/nl\/wp-json\/wp\/v2\/media\/29864"}],"wp:attachment":[{"href":"https:\/\/loisirelectronique.com\/nl\/wp-json\/wp\/v2\/media?parent=29863"}],"wp:term":[{"taxonomy":"product_brand","embeddable":true,"href":"https:\/\/loisirelectronique.com\/nl\/wp-json\/wp\/v2\/product_brand?post=29863"},{"taxonomy":"product_cat","embeddable":true,"href":"https:\/\/loisirelectronique.com\/nl\/wp-json\/wp\/v2\/product_cat?post=29863"},{"taxonomy":"product_tag","embeddable":true,"href":"https:\/\/loisirelectronique.com\/nl\/wp-json\/wp\/v2\/product_tag?post=29863"}],"curies":[{"name":"wp","href":"https:\/\/api.w.org\/{rel}","templated":true}]}}