{"id":29857,"date":"2026-03-31T19:20:31","date_gmt":"2026-03-31T19:20:31","guid":{"rendered":"https:\/\/loisirelectronique.com\/?post_type=product&#038;p=29857"},"modified":"2026-04-18T15:05:57","modified_gmt":"2026-04-18T15:05:57","slug":"halo-rover-x-hoverboard-certifie-ul2272-securite-maximale","status":"publish","type":"product","link":"https:\/\/loisirelectronique.com\/nl\/product\/halo-rover-x-hoverboard-certifie-ul2272-securite-maximale\/","title":{"rendered":"Halo Rover X &#8211; Hoverboard Certifi\u00e9 UL2272 &#038; S\u00e9curit\u00e9 Maximale"},"content":{"rendered":"<h2 data-path-to-node=\"5,4,1,1,1\">Une conception blind\u00e9e pour votre protection<\/h2>\n<p data-path-to-node=\"5,4,1,1,2\">Gr\u00e2ce \u00e0 ses tests de s\u00e9curit\u00e9 rigoureux, le <b data-path-to-node=\"5,4,1,1,2\" data-index-in-node=\"44\">Halo Rover X<\/b> garantit une fiabilit\u00e9 \u00e9lectrique totale, \u00e9liminant les risques de d\u00e9faillance thermique. La structure interne du <b data-path-to-node=\"5,4,1,1,2\" data-index-in-node=\"171\">Halo Rover X<\/b> est prot\u00e9g\u00e9e par une coque en aluminium de qualit\u00e9 a\u00e9ronautique, capable d&rsquo;absorber les chocs les plus rudes tout en prot\u00e9geant les composants \u00e9lectroniques sensibles.<\/p>\n<h2 data-path-to-node=\"5,4,1,1,3\">Batterie haute performance Halo Safe\u2122<\/h2>\n<p data-path-to-node=\"5,4,1,1,4\">Elle offre une densit\u00e9 \u00e9nerg\u00e9tique sup\u00e9rieure pour des trajets plus longs sans compromis. Chez <b data-path-to-node=\"5,4,1,1,4\" data-index-in-node=\"95\">Loisir \u00c9lectronique<\/b>, nous validons ce mod\u00e8le pour sa durabilit\u00e9 exceptionnelle.<\/p>\n<h2 data-path-to-node=\"8,4,1,1,3\">Confort de glisse sur tous les reliefs<\/h2>\n<p data-path-to-node=\"8,4,1,1,4\">Ses pneus larges absorbent les vibrations pour une conduite douce. Chez <b data-path-to-node=\"8,4,1,1,4\" data-index-in-node=\"72\">Loisir \u00c9lectronique<\/b>, nous recommandons ce mod\u00e8le pour les explorateurs urbains et ruraux.<\/p>\n<p data-path-to-node=\"8,4,1,1,5,0,0\"><i data-path-to-node=\"8,4,1,1,5,0,0\" data-index-in-node=\"19\">Am\u00e9liorez votre mobilit\u00e9 avec les <a class=\"ng-star-inserted\" href=\"https:\/\/loisirelectronique.com\/nl\/product-categorie\/high-tech\/\" target=\"_blank\" rel=\"noopener\" data-hveid=\"0\" data-ved=\"0CAAQ_4QMahgKEwiMh7X-ycqTAxUAAAAAHQAAAAAQ2QM\">meilleurs gadgets high-tech<\/a> du moment.<\/i><\/p>\n<ul>\n<li data-start=\"1647\" data-end=\"1665\">\n<p data-start=\"1650\" data-end=\"1665\">Marque : Halo<\/p>\n<\/li>\n<li data-start=\"1666\" data-end=\"1687\">\n<p data-start=\"1669\" data-end=\"1687\">Mod\u00e8le : Rover X<\/p>\n<\/li>\n<li data-start=\"1688\" data-end=\"1745\">\n<p data-start=\"1691\" data-end=\"1745\">Type : Hoverboard tout-terrain \/ Gyropode \u00e9lectrique<\/p>\n<\/li>\n<li data-start=\"1746\" data-end=\"1780\">\n<p data-start=\"1749\" data-end=\"1780\">Taille des roues : 8.5 pouces<\/p>\n<\/li>\n<li data-start=\"1781\" data-end=\"1828\">\n<p data-start=\"1784\" data-end=\"1828\">Technologie : Auto-\u00e9quilibrage intelligent<\/p>\n<\/li>\n<li data-start=\"1829\" data-end=\"1865\">\n<p data-start=\"1832\" data-end=\"1865\">Public : Adultes et adolescents<\/p>\n<\/li>\n<li data-start=\"1866\" data-end=\"1903\">\n<p data-start=\"1869\" data-end=\"1903\">Connectivit\u00e9 : Bluetooth int\u00e9gr\u00e9<\/p>\n<\/li>\n<li data-start=\"1904\" data-end=\"1941\">\n<p data-start=\"1907\" data-end=\"1941\">\u00c9clairage : LED avant et arri\u00e8re<\/p>\n<\/li>\n<li data-start=\"1942\" data-end=\"1988\">\n<p data-start=\"1945\" data-end=\"1988\">Utilisation : Off-road \/ loisirs \/ urbain<\/p>\n<\/li>\n<li data-start=\"1989\" data-end=\"2026\">\n<p data-start=\"1993\" data-end=\"2026\">R\u00e9sistance : Robuste et \u00e9tanche<\/p>\n<\/li>\n<\/ul>","protected":false},"excerpt":{"rendered":"<div class=\"custom-product-box\">\n<p class=\"highlight\">\ud83d\udd25 Hoverboard tout-terrain con\u00e7u pour une conduite stable<\/p>\n<p>\ud83d\udcc8 Mod\u00e8le appr\u00e9ci\u00e9 pour son usage loisir et ses performances en ext\u00e9rieur<\/p>\n<p>\u2b50 Exp\u00e9rience globale reconnue pour la s\u00e9curit\u00e9 et la maniabilit\u00e9<\/p>\n<p>\ud83d\ude9a Livraison rapide avec suivi complet<\/p>\n<p class=\"highlight\">\u26a1 Produit saisonnier selon la demande et les p\u00e9riodes d\u2019utilisation<\/p>\n<\/div>\n<p data-start=\"787\" data-end=\"1054\">Le <span class=\"hover:entity-accent entity-underline inline cursor-pointer align-baseline\"><span class=\"whitespace-normal\">Halo Rover X Hoverboard<\/span><\/span> est con\u00e7u pour ceux qui recherchent puissance, robustesse et polyvalence. Ce hoverboard tout-terrain peut affronter le sable, la terre, le gravier ou les routes irr\u00e9guli\u00e8res gr\u00e2ce \u00e0 ses roues larges et ses moteurs performants.<\/p>\n<p data-start=\"1056\" data-end=\"1323\">Sa structure solide et sa conception \u00e9tanche offrent s\u00e9curit\u00e9 et durabilit\u00e9, m\u00eame sur les terrains les plus difficiles. Le syst\u00e8me d\u2019auto-\u00e9quilibrage intelligent assure une conduite stable et fluide, id\u00e9ale pour les d\u00e9butants comme pour les utilisateurs exp\u00e9riment\u00e9s.<\/p>","protected":false},"featured_media":29861,"comment_status":"open","ping_status":"closed","template":"","meta":[],"product_brand":[],"product_cat":[301,316],"product_tag":[],"class_list":{"0":"post-29857","1":"product","2":"type-product","3":"status-publish","4":"has-post-thumbnail","6":"product_cat-high-tech","7":"product_cat-hover-board","9":"first","10":"instock","11":"sale","12":"featured","13":"taxable","14":"shipping-taxable","15":"purchasable","16":"product-type-simple"},"yoast_head":"<!-- This site is optimized with the Yoast SEO plugin v27.5 - https:\/\/yoast.com\/product\/yoast-seo-wordpress\/ -->\n<title>Halo Rover X - Hoverboard Certifi\u00e9 UL2272 &amp; S\u00e9curit\u00e9 Maximale - Loisir Electronique<\/title>\n<meta name=\"description\" content=\"Roulez en toute confiance avec le Halo Rover X chez Loisir \u00c9lectronique. Certification de s\u00e9curit\u00e9 UL2272 et batterie haute performance. Livraison rapide !\" \/>\n<meta name=\"robots\" content=\"index, follow, max-snippet:-1, max-image-preview:large, max-video-preview:-1\" \/>\n<link rel=\"canonical\" href=\"https:\/\/loisirelectronique.com\/nl\/product\/halo-rover-x-hoverboard-certifie-ul2272-securite-maximale\/\" \/>\n<meta property=\"og:locale\" content=\"nl_NL\" \/>\n<meta property=\"og:type\" content=\"article\" \/>\n<meta property=\"og:title\" content=\"Halo Rover X - Hoverboard Certifi\u00e9 UL2272 &amp; S\u00e9curit\u00e9 Maximale - Loisir Electronique\" \/>\n<meta property=\"og:description\" content=\"Roulez en toute confiance avec le Halo Rover X chez Loisir \u00c9lectronique. Certification de s\u00e9curit\u00e9 UL2272 et batterie haute performance. Livraison rapide !\" \/>\n<meta property=\"og:url\" content=\"https:\/\/loisirelectronique.com\/nl\/product\/halo-rover-x-hoverboard-certifie-ul2272-securite-maximale\/\" \/>\n<meta property=\"og:site_name\" content=\"Loisir Electronique\" \/>\n<meta property=\"article:modified_time\" content=\"2026-04-18T15:05:57+00:00\" \/>\n<meta property=\"og:image\" content=\"http:\/\/loisirelectronique.com\/wp-content\/uploads\/2026\/03\/Hoverboard-Halo-Rover-X-pour-Adultes-et-Adolescents.jpeg\" \/>\n\t<meta property=\"og:image:width\" content=\"1600\" \/>\n\t<meta property=\"og:image:height\" content=\"1067\" \/>\n\t<meta property=\"og:image:type\" content=\"image\/jpeg\" \/>\n<meta name=\"twitter:card\" content=\"summary_large_image\" \/>\n<meta name=\"twitter:label1\" content=\"Geschatte leestijd\" \/>\n\t<meta name=\"twitter:data1\" content=\"2 minuten\" \/>\n<script type=\"application\/ld+json\" class=\"yoast-schema-graph\">{\"@context\":\"https:\\\/\\\/schema.org\",\"@graph\":[{\"@type\":\"WebPage\",\"@id\":\"https:\\\/\\\/loisirelectronique.com\\\/produit\\\/halo-rover-x-hoverboard-certifie-ul2272-securite-maximale\\\/\",\"url\":\"https:\\\/\\\/loisirelectronique.com\\\/produit\\\/halo-rover-x-hoverboard-certifie-ul2272-securite-maximale\\\/\",\"name\":\"Halo Rover X - Hoverboard Certifi\u00e9 UL2272 & S\u00e9curit\u00e9 Maximale - Loisir Electronique\",\"isPartOf\":{\"@id\":\"https:\\\/\\\/loisirelectronique.com\\\/#website\"},\"primaryImageOfPage\":{\"@id\":\"https:\\\/\\\/loisirelectronique.com\\\/produit\\\/halo-rover-x-hoverboard-certifie-ul2272-securite-maximale\\\/#primaryimage\"},\"image\":{\"@id\":\"https:\\\/\\\/loisirelectronique.com\\\/produit\\\/halo-rover-x-hoverboard-certifie-ul2272-securite-maximale\\\/#primaryimage\"},\"thumbnailUrl\":\"https:\\\/\\\/loisirelectronique.com\\\/wp-content\\\/uploads\\\/2026\\\/03\\\/Hoverboard-Halo-Rover-X-pour-Adultes-et-Adolescents.jpeg\",\"datePublished\":\"2026-03-31T19:20:31+00:00\",\"dateModified\":\"2026-04-18T15:05:57+00:00\",\"description\":\"Roulez en toute confiance avec le Halo Rover X chez Loisir \u00c9lectronique. Certification de s\u00e9curit\u00e9 UL2272 et batterie haute performance. Livraison rapide !\",\"breadcrumb\":{\"@id\":\"https:\\\/\\\/loisirelectronique.com\\\/produit\\\/halo-rover-x-hoverboard-certifie-ul2272-securite-maximale\\\/#breadcrumb\"},\"inLanguage\":\"nl-NL\",\"potentialAction\":[{\"@type\":\"ReadAction\",\"target\":[\"https:\\\/\\\/loisirelectronique.com\\\/produit\\\/halo-rover-x-hoverboard-certifie-ul2272-securite-maximale\\\/\"]}]},{\"@type\":\"ImageObject\",\"inLanguage\":\"nl-NL\",\"@id\":\"https:\\\/\\\/loisirelectronique.com\\\/produit\\\/halo-rover-x-hoverboard-certifie-ul2272-securite-maximale\\\/#primaryimage\",\"url\":\"https:\\\/\\\/loisirelectronique.com\\\/wp-content\\\/uploads\\\/2026\\\/03\\\/Hoverboard-Halo-Rover-X-pour-Adultes-et-Adolescents.jpeg\",\"contentUrl\":\"https:\\\/\\\/loisirelectronique.com\\\/wp-content\\\/uploads\\\/2026\\\/03\\\/Hoverboard-Halo-Rover-X-pour-Adultes-et-Adolescents.jpeg\",\"width\":1600,\"height\":1067,\"caption\":\"Hoverboard Halo Rover X noir avec logo de certification UL.\"},{\"@type\":\"BreadcrumbList\",\"@id\":\"https:\\\/\\\/loisirelectronique.com\\\/produit\\\/halo-rover-x-hoverboard-certifie-ul2272-securite-maximale\\\/#breadcrumb\",\"itemListElement\":[{\"@type\":\"ListItem\",\"position\":1,\"name\":\"Accueil\",\"item\":\"https:\\\/\\\/loisirelectronique.com\\\/\"},{\"@type\":\"ListItem\",\"position\":2,\"name\":\"Boutique\",\"item\":\"https:\\\/\\\/loisirelectronique.com\\\/velos-electriques-accessoires-trottinettes\\\/\"},{\"@type\":\"ListItem\",\"position\":3,\"name\":\"Halo Rover X &#8211; Hoverboard Certifi\u00e9 UL2272 &#038; S\u00e9curit\u00e9 Maximale\"}]},{\"@type\":\"WebSite\",\"@id\":\"https:\\\/\\\/loisirelectronique.com\\\/#website\",\"url\":\"https:\\\/\\\/loisirelectronique.com\\\/\",\"name\":\"Loisir Electronique\",\"description\":\"Innovation, qualit\u00e9, performance\",\"publisher\":{\"@id\":\"https:\\\/\\\/loisirelectronique.com\\\/#organization\"},\"potentialAction\":[{\"@type\":\"SearchAction\",\"target\":{\"@type\":\"EntryPoint\",\"urlTemplate\":\"https:\\\/\\\/loisirelectronique.com\\\/?s={search_term_string}\"},\"query-input\":{\"@type\":\"PropertyValueSpecification\",\"valueRequired\":true,\"valueName\":\"search_term_string\"}}],\"inLanguage\":\"nl-NL\"},{\"@type\":\"Organization\",\"@id\":\"https:\\\/\\\/loisirelectronique.com\\\/#organization\",\"name\":\"Loisir Electronique\",\"url\":\"https:\\\/\\\/loisirelectronique.com\\\/\",\"logo\":{\"@type\":\"ImageObject\",\"inLanguage\":\"nl-NL\",\"@id\":\"https:\\\/\\\/loisirelectronique.com\\\/#\\\/schema\\\/logo\\\/image\\\/\",\"url\":\"http:\\\/\\\/loisirelectronique.com\\\/wp-content\\\/uploads\\\/2026\\\/03\\\/IMG-20260325-WA00112.jpg\",\"contentUrl\":\"http:\\\/\\\/loisirelectronique.com\\\/wp-content\\\/uploads\\\/2026\\\/03\\\/IMG-20260325-WA00112.jpg\",\"width\":418,\"height\":124,\"caption\":\"Loisir Electronique\"},\"image\":{\"@id\":\"https:\\\/\\\/loisirelectronique.com\\\/#\\\/schema\\\/logo\\\/image\\\/\"}}]}<\/script>\n<!-- \/ Yoast SEO plugin. -->","yoast_head_json":{"title":"Halo Rover X - Hoverboard Certifi\u00e9 UL2272 & S\u00e9curit\u00e9 Maximale - Loisir Electronique","description":"Roulez en toute confiance avec le Halo Rover X chez Loisir \u00c9lectronique. Certification de s\u00e9curit\u00e9 UL2272 et batterie haute performance. Livraison rapide !","robots":{"index":"index","follow":"follow","max-snippet":"max-snippet:-1","max-image-preview":"max-image-preview:large","max-video-preview":"max-video-preview:-1"},"canonical":"https:\/\/loisirelectronique.com\/nl\/product\/halo-rover-x-hoverboard-certifie-ul2272-securite-maximale\/","og_locale":"nl_NL","og_type":"article","og_title":"Halo Rover X - Hoverboard Certifi\u00e9 UL2272 & S\u00e9curit\u00e9 Maximale - Loisir Electronique","og_description":"Roulez en toute confiance avec le Halo Rover X chez Loisir \u00c9lectronique. Certification de s\u00e9curit\u00e9 UL2272 et batterie haute performance. Livraison rapide !","og_url":"https:\/\/loisirelectronique.com\/nl\/product\/halo-rover-x-hoverboard-certifie-ul2272-securite-maximale\/","og_site_name":"Loisir Electronique","article_modified_time":"2026-04-18T15:05:57+00:00","og_image":[{"width":1600,"height":1067,"url":"http:\/\/loisirelectronique.com\/wp-content\/uploads\/2026\/03\/Hoverboard-Halo-Rover-X-pour-Adultes-et-Adolescents.jpeg","type":"image\/jpeg"}],"twitter_card":"summary_large_image","twitter_misc":{"Geschatte leestijd":"2 minuten"},"schema":{"@context":"https:\/\/schema.org","@graph":[{"@type":"WebPage","@id":"https:\/\/loisirelectronique.com\/produit\/halo-rover-x-hoverboard-certifie-ul2272-securite-maximale\/","url":"https:\/\/loisirelectronique.com\/produit\/halo-rover-x-hoverboard-certifie-ul2272-securite-maximale\/","name":"Halo Rover X - Hoverboard Certifi\u00e9 UL2272 & S\u00e9curit\u00e9 Maximale - Loisir Electronique","isPartOf":{"@id":"https:\/\/loisirelectronique.com\/#website"},"primaryImageOfPage":{"@id":"https:\/\/loisirelectronique.com\/produit\/halo-rover-x-hoverboard-certifie-ul2272-securite-maximale\/#primaryimage"},"image":{"@id":"https:\/\/loisirelectronique.com\/produit\/halo-rover-x-hoverboard-certifie-ul2272-securite-maximale\/#primaryimage"},"thumbnailUrl":"https:\/\/loisirelectronique.com\/wp-content\/uploads\/2026\/03\/Hoverboard-Halo-Rover-X-pour-Adultes-et-Adolescents.jpeg","datePublished":"2026-03-31T19:20:31+00:00","dateModified":"2026-04-18T15:05:57+00:00","description":"Roulez en toute confiance avec le Halo Rover X chez Loisir \u00c9lectronique. Certification de s\u00e9curit\u00e9 UL2272 et batterie haute performance. Livraison rapide !","breadcrumb":{"@id":"https:\/\/loisirelectronique.com\/produit\/halo-rover-x-hoverboard-certifie-ul2272-securite-maximale\/#breadcrumb"},"inLanguage":"nl-NL","potentialAction":[{"@type":"ReadAction","target":["https:\/\/loisirelectronique.com\/produit\/halo-rover-x-hoverboard-certifie-ul2272-securite-maximale\/"]}]},{"@type":"ImageObject","inLanguage":"nl-NL","@id":"https:\/\/loisirelectronique.com\/produit\/halo-rover-x-hoverboard-certifie-ul2272-securite-maximale\/#primaryimage","url":"https:\/\/loisirelectronique.com\/wp-content\/uploads\/2026\/03\/Hoverboard-Halo-Rover-X-pour-Adultes-et-Adolescents.jpeg","contentUrl":"https:\/\/loisirelectronique.com\/wp-content\/uploads\/2026\/03\/Hoverboard-Halo-Rover-X-pour-Adultes-et-Adolescents.jpeg","width":1600,"height":1067,"caption":"Hoverboard Halo Rover X noir avec logo de certification UL."},{"@type":"BreadcrumbList","@id":"https:\/\/loisirelectronique.com\/produit\/halo-rover-x-hoverboard-certifie-ul2272-securite-maximale\/#breadcrumb","itemListElement":[{"@type":"ListItem","position":1,"name":"Accueil","item":"https:\/\/loisirelectronique.com\/"},{"@type":"ListItem","position":2,"name":"Boutique","item":"https:\/\/loisirelectronique.com\/velos-electriques-accessoires-trottinettes\/"},{"@type":"ListItem","position":3,"name":"Halo Rover X &#8211; Hoverboard Certifi\u00e9 UL2272 &#038; S\u00e9curit\u00e9 Maximale"}]},{"@type":"WebSite","@id":"https:\/\/loisirelectronique.com\/#website","url":"https:\/\/loisirelectronique.com\/","name":"Loisir Electronique","description":"Innovation, qualit\u00e9, performance","publisher":{"@id":"https:\/\/loisirelectronique.com\/#organization"},"potentialAction":[{"@type":"SearchAction","target":{"@type":"EntryPoint","urlTemplate":"https:\/\/loisirelectronique.com\/?s={search_term_string}"},"query-input":{"@type":"PropertyValueSpecification","valueRequired":true,"valueName":"search_term_string"}}],"inLanguage":"nl-NL"},{"@type":"Organization","@id":"https:\/\/loisirelectronique.com\/#organization","name":"Loisir Electronique","url":"https:\/\/loisirelectronique.com\/","logo":{"@type":"ImageObject","inLanguage":"nl-NL","@id":"https:\/\/loisirelectronique.com\/#\/schema\/logo\/image\/","url":"http:\/\/loisirelectronique.com\/wp-content\/uploads\/2026\/03\/IMG-20260325-WA00112.jpg","contentUrl":"http:\/\/loisirelectronique.com\/wp-content\/uploads\/2026\/03\/IMG-20260325-WA00112.jpg","width":418,"height":124,"caption":"Loisir Electronique"},"image":{"@id":"https:\/\/loisirelectronique.com\/#\/schema\/logo\/image\/"}}]}},"jetpack_sharing_enabled":true,"_links":{"self":[{"href":"https:\/\/loisirelectronique.com\/nl\/wp-json\/wp\/v2\/product\/29857","targetHints":{"allow":["GET"]}}],"collection":[{"href":"https:\/\/loisirelectronique.com\/nl\/wp-json\/wp\/v2\/product"}],"about":[{"href":"https:\/\/loisirelectronique.com\/nl\/wp-json\/wp\/v2\/types\/product"}],"replies":[{"embeddable":true,"href":"https:\/\/loisirelectronique.com\/nl\/wp-json\/wp\/v2\/comments?post=29857"}],"version-history":[{"count":3,"href":"https:\/\/loisirelectronique.com\/nl\/wp-json\/wp\/v2\/product\/29857\/revisions"}],"predecessor-version":[{"id":30690,"href":"https:\/\/loisirelectronique.com\/nl\/wp-json\/wp\/v2\/product\/29857\/revisions\/30690"}],"wp:featuredmedia":[{"embeddable":true,"href":"https:\/\/loisirelectronique.com\/nl\/wp-json\/wp\/v2\/media\/29861"}],"wp:attachment":[{"href":"https:\/\/loisirelectronique.com\/nl\/wp-json\/wp\/v2\/media?parent=29857"}],"wp:term":[{"taxonomy":"product_brand","embeddable":true,"href":"https:\/\/loisirelectronique.com\/nl\/wp-json\/wp\/v2\/product_brand?post=29857"},{"taxonomy":"product_cat","embeddable":true,"href":"https:\/\/loisirelectronique.com\/nl\/wp-json\/wp\/v2\/product_cat?post=29857"},{"taxonomy":"product_tag","embeddable":true,"href":"https:\/\/loisirelectronique.com\/nl\/wp-json\/wp\/v2\/product_tag?post=29857"}],"curies":[{"name":"wp","href":"https:\/\/api.w.org\/{rel}","templated":true}]}}