{"id":29835,"date":"2026-03-31T18:40:15","date_gmt":"2026-03-31T18:40:15","guid":{"rendered":"https:\/\/loisirelectronique.com\/?post_type=product&#038;p=29835"},"modified":"2026-03-31T18:40:15","modified_gmt":"2026-03-31T18:40:15","slug":"razor-hovertrax-2-0-hoverboard-auto-equilibre-everbalance","status":"publish","type":"product","link":"https:\/\/loisirelectronique.com\/nl\/product\/razor-hovertrax-2-0-hoverboard-auto-equilibre-everbalance\/","title":{"rendered":"Razor Hovertrax 2.0 &#8211; Hoverboard Auto-\u00c9quilibr\u00e9 EverBalance\u2122"},"content":{"rendered":"<h2 data-path-to-node=\"5,4,1,1,1\">Une technologie d&rsquo;\u00e9quilibrage unique au monde<\/h2>\n<p data-path-to-node=\"5,4,1,1,2\">Gr\u00e2ce au syst\u00e8me EverBalance\u2122 exclusif du <b data-path-to-node=\"5,4,1,1,2\" data-index-in-node=\"42\">Razor Hovertrax 2.0<\/b>, l&rsquo;appareil reste parfaitement \u00e0 l&rsquo;horizontale m\u00eame lorsqu&rsquo;il n&rsquo;est pas utilis\u00e9, facilitant ainsi l&rsquo;apprentissage. La r\u00e9activit\u00e9 du <b data-path-to-node=\"5,4,1,1,2\" data-index-in-node=\"194\">Razor Hovertrax 2.0<\/b> assure des transitions douces et une stabilit\u00e9 constante, vous permettant de piloter avec une confiance totale sur toutes les surfaces lisses.<\/p>\n<h2 data-path-to-node=\"5,4,1,1,3\">Silence et performance de motorisation<\/h2>\n<p data-path-to-node=\"5,4,1,1,4\">Ses deux moteurs de 150W sont con\u00e7us pour \u00eatre ultra-silencieux tout en offrant une pouss\u00e9e constante. Chez <b data-path-to-node=\"5,4,1,1,4\" data-index-in-node=\"108\">Loisir \u00c9lectronique<\/b>, nous validons ce mod\u00e8le pour sa prise en main in\u00e9gal\u00e9e.<\/p>\n<h2 data-path-to-node=\"8,4,1,1,3\">Deux modes de conduite intelligents<\/h2>\n<p data-path-to-node=\"8,4,1,1,4\">Passez du mode entra\u00eenement au mode normal selon vos progr\u00e8s. Chez <b data-path-to-node=\"8,4,1,1,4\" data-index-in-node=\"67\">Loisir \u00c9lectronique<\/b>, la s\u00e9curit\u00e9 de nos clients est notre engagement premier.<\/p>\n<p data-path-to-node=\"8,4,1,1,5,0,0\"><i data-path-to-node=\"8,4,1,1,5,0,0\" data-index-in-node=\"19\">Am\u00e9liorez votre s\u00e9curit\u00e9 avec les <a class=\"ng-star-inserted\" href=\"https:\/\/loisirelectronique.com\/nl\/product-categorie\/high-tech\/\" target=\"_blank\" rel=\"noopener\" data-hveid=\"0\" data-ved=\"0CAAQ_4QMahgKEwiMh7X-ycqTAxUAAAAAHQAAAAAQ3wI\">meilleurs gadgets high-tech<\/a> certifi\u00e9s.<\/i><\/p>\n<ul>\n<li data-start=\"1663\" data-end=\"1682\">\n<p data-start=\"1666\" data-end=\"1682\">Marque : Razor<\/p>\n<\/li>\n<li data-start=\"1683\" data-end=\"1710\">\n<p data-start=\"1686\" data-end=\"1710\">Mod\u00e8le : Hovertrax 2.0<\/p>\n<\/li>\n<li data-start=\"1711\" data-end=\"1755\">\n<p data-start=\"1714\" data-end=\"1755\">Type : Hoverboard \/ Gyropode \u00e9lectrique<\/p>\n<\/li>\n<li data-start=\"1756\" data-end=\"1803\">\n<p data-start=\"1759\" data-end=\"1803\">Technologie : EverBalance auto-\u00e9quilibrage<\/p>\n<\/li>\n<li data-start=\"1804\" data-end=\"1839\">\n<p data-start=\"1807\" data-end=\"1839\">Utilisation : Urbain \/ loisirs<\/p>\n<\/li>\n<li data-start=\"1840\" data-end=\"1883\">\n<p data-start=\"1843\" data-end=\"1883\">Public : Enfants, adolescents, adultes<\/p>\n<\/li>\n<li data-start=\"1884\" data-end=\"1933\">\n<p data-start=\"1887\" data-end=\"1933\">Performance : Conduite fluide et silencieuse<\/p>\n<\/li>\n<li data-start=\"1934\" data-end=\"1965\">\n<p data-start=\"1937\" data-end=\"1965\">S\u00e9curit\u00e9 : Haute stabilit\u00e9<\/p>\n<\/li>\n<li data-start=\"1966\" data-end=\"1998\">\n<p data-start=\"1969\" data-end=\"1998\">Design : \u00c9l\u00e9gant et compact<\/p>\n<\/li>\n<li data-start=\"1999\" data-end=\"2036\">\n<p data-start=\"2003\" data-end=\"2036\">\u00c9nergie : Batterie rechargeable<\/p>\n<\/li>\n<\/ul>","protected":false},"excerpt":{"rendered":"<p data-start=\"772\" data-end=\"1048\">Le Razor Hovertrax 2.0 est un hoverboard reconnu pour sa fiabilit\u00e9, sa s\u00e9curit\u00e9 et sa simplicit\u00e9 d\u2019utilisation. \u00c9quip\u00e9 de la technologie exclusive EverBalance, il assure un auto-\u00e9quilibrage continu, m\u00eame lors de la mont\u00e9e, pour une exp\u00e9rience de conduite fluide et rassurante.<\/p>\n<p data-start=\"1050\" data-end=\"1284\">Con\u00e7u pour offrir un maximum de confort, ce mod\u00e8le se distingue par son fonctionnement silencieux et sa stabilit\u00e9 exceptionnelle. Il est id\u00e9al pour les d\u00e9butants, les enfants et les adultes souhaitant un hoverboard facile \u00e0 ma\u00eetriser.<\/p>","protected":false},"featured_media":29839,"comment_status":"open","ping_status":"closed","template":"","meta":[],"product_brand":[],"product_cat":[301,316],"product_tag":[],"class_list":{"0":"post-29835","1":"product","2":"type-product","3":"status-publish","4":"has-post-thumbnail","6":"product_cat-high-tech","7":"product_cat-hover-board","9":"first","10":"instock","11":"sale","12":"taxable","13":"shipping-taxable","14":"purchasable","15":"product-type-simple"},"yoast_head":"<!-- This site is optimized with the Yoast SEO plugin v27.5 - https:\/\/yoast.com\/product\/yoast-seo-wordpress\/ -->\n<title>Razor Hovertrax 2.0 - Hoverboard Auto-\u00c9quilibr\u00e9 EverBalance\u2122 - Loisir Electronique<\/title>\n<meta name=\"description\" content=\"D\u00e9couvrez le Razor Hovertrax 2.0 chez Loisir \u00c9lectronique. Technologie EverBalance\u2122 exclusive pour une mont\u00e9e facilit\u00e9e et une glisse fluide. Livraison rapide !\" \/>\n<meta name=\"robots\" content=\"index, follow, max-snippet:-1, max-image-preview:large, max-video-preview:-1\" \/>\n<link rel=\"canonical\" href=\"https:\/\/loisirelectronique.com\/nl\/product\/razor-hovertrax-2-0-hoverboard-auto-equilibre-everbalance\/\" \/>\n<meta property=\"og:locale\" content=\"nl_NL\" \/>\n<meta property=\"og:type\" content=\"article\" \/>\n<meta property=\"og:title\" content=\"Razor Hovertrax 2.0 - Hoverboard Auto-\u00c9quilibr\u00e9 EverBalance\u2122 - Loisir Electronique\" \/>\n<meta property=\"og:description\" content=\"D\u00e9couvrez le Razor Hovertrax 2.0 chez Loisir \u00c9lectronique. Technologie EverBalance\u2122 exclusive pour une mont\u00e9e facilit\u00e9e et une glisse fluide. Livraison rapide !\" \/>\n<meta property=\"og:url\" content=\"https:\/\/loisirelectronique.com\/nl\/product\/razor-hovertrax-2-0-hoverboard-auto-equilibre-everbalance\/\" \/>\n<meta property=\"og:site_name\" content=\"Loisir Electronique\" \/>\n<meta property=\"og:image\" content=\"http:\/\/loisirelectronique.com\/wp-content\/uploads\/2026\/03\/Razor-Hovertrax-2.0-Hoverboard-Auto-Equilibre-Silencieux.jpeg\" \/>\n\t<meta property=\"og:image:width\" content=\"1300\" \/>\n\t<meta property=\"og:image:height\" content=\"614\" \/>\n\t<meta property=\"og:image:type\" content=\"image\/jpeg\" \/>\n<meta name=\"twitter:card\" content=\"summary_large_image\" \/>\n<meta name=\"twitter:label1\" content=\"Geschatte leestijd\" \/>\n\t<meta name=\"twitter:data1\" content=\"2 minuten\" \/>\n<script type=\"application\/ld+json\" class=\"yoast-schema-graph\">{\"@context\":\"https:\\\/\\\/schema.org\",\"@graph\":[{\"@type\":\"WebPage\",\"@id\":\"https:\\\/\\\/loisirelectronique.com\\\/produit\\\/razor-hovertrax-2-0-hoverboard-auto-equilibre-everbalance\\\/\",\"url\":\"https:\\\/\\\/loisirelectronique.com\\\/produit\\\/razor-hovertrax-2-0-hoverboard-auto-equilibre-everbalance\\\/\",\"name\":\"Razor Hovertrax 2.0 - Hoverboard Auto-\u00c9quilibr\u00e9 EverBalance\u2122 - Loisir Electronique\",\"isPartOf\":{\"@id\":\"https:\\\/\\\/loisirelectronique.com\\\/#website\"},\"primaryImageOfPage\":{\"@id\":\"https:\\\/\\\/loisirelectronique.com\\\/produit\\\/razor-hovertrax-2-0-hoverboard-auto-equilibre-everbalance\\\/#primaryimage\"},\"image\":{\"@id\":\"https:\\\/\\\/loisirelectronique.com\\\/produit\\\/razor-hovertrax-2-0-hoverboard-auto-equilibre-everbalance\\\/#primaryimage\"},\"thumbnailUrl\":\"https:\\\/\\\/loisirelectronique.com\\\/wp-content\\\/uploads\\\/2026\\\/03\\\/Razor-Hovertrax-2.0-Hoverboard-Auto-Equilibre-Silencieux.jpeg\",\"datePublished\":\"2026-03-31T18:40:15+00:00\",\"description\":\"D\u00e9couvrez le Razor Hovertrax 2.0 chez Loisir \u00c9lectronique. Technologie EverBalance\u2122 exclusive pour une mont\u00e9e facilit\u00e9e et une glisse fluide. Livraison rapide !\",\"breadcrumb\":{\"@id\":\"https:\\\/\\\/loisirelectronique.com\\\/produit\\\/razor-hovertrax-2-0-hoverboard-auto-equilibre-everbalance\\\/#breadcrumb\"},\"inLanguage\":\"nl-NL\",\"potentialAction\":[{\"@type\":\"ReadAction\",\"target\":[\"https:\\\/\\\/loisirelectronique.com\\\/produit\\\/razor-hovertrax-2-0-hoverboard-auto-equilibre-everbalance\\\/\"]}]},{\"@type\":\"ImageObject\",\"inLanguage\":\"nl-NL\",\"@id\":\"https:\\\/\\\/loisirelectronique.com\\\/produit\\\/razor-hovertrax-2-0-hoverboard-auto-equilibre-everbalance\\\/#primaryimage\",\"url\":\"https:\\\/\\\/loisirelectronique.com\\\/wp-content\\\/uploads\\\/2026\\\/03\\\/Razor-Hovertrax-2.0-Hoverboard-Auto-Equilibre-Silencieux.jpeg\",\"contentUrl\":\"https:\\\/\\\/loisirelectronique.com\\\/wp-content\\\/uploads\\\/2026\\\/03\\\/Razor-Hovertrax-2.0-Hoverboard-Auto-Equilibre-Silencieux.jpeg\",\"width\":1300,\"height\":614,\"caption\":\"Hoverboard Razor Hovertrax 2.0 bleu avec indicateurs LED.\"},{\"@type\":\"BreadcrumbList\",\"@id\":\"https:\\\/\\\/loisirelectronique.com\\\/produit\\\/razor-hovertrax-2-0-hoverboard-auto-equilibre-everbalance\\\/#breadcrumb\",\"itemListElement\":[{\"@type\":\"ListItem\",\"position\":1,\"name\":\"Accueil\",\"item\":\"https:\\\/\\\/loisirelectronique.com\\\/\"},{\"@type\":\"ListItem\",\"position\":2,\"name\":\"Boutique\",\"item\":\"https:\\\/\\\/loisirelectronique.com\\\/velos-electriques-accessoires-trottinettes\\\/\"},{\"@type\":\"ListItem\",\"position\":3,\"name\":\"Razor Hovertrax 2.0 &#8211; Hoverboard Auto-\u00c9quilibr\u00e9 EverBalance\u2122\"}]},{\"@type\":\"WebSite\",\"@id\":\"https:\\\/\\\/loisirelectronique.com\\\/#website\",\"url\":\"https:\\\/\\\/loisirelectronique.com\\\/\",\"name\":\"Loisir Electronique\",\"description\":\"Innovation, qualit\u00e9, performance\",\"publisher\":{\"@id\":\"https:\\\/\\\/loisirelectronique.com\\\/#organization\"},\"potentialAction\":[{\"@type\":\"SearchAction\",\"target\":{\"@type\":\"EntryPoint\",\"urlTemplate\":\"https:\\\/\\\/loisirelectronique.com\\\/?s={search_term_string}\"},\"query-input\":{\"@type\":\"PropertyValueSpecification\",\"valueRequired\":true,\"valueName\":\"search_term_string\"}}],\"inLanguage\":\"nl-NL\"},{\"@type\":\"Organization\",\"@id\":\"https:\\\/\\\/loisirelectronique.com\\\/#organization\",\"name\":\"Loisir Electronique\",\"url\":\"https:\\\/\\\/loisirelectronique.com\\\/\",\"logo\":{\"@type\":\"ImageObject\",\"inLanguage\":\"nl-NL\",\"@id\":\"https:\\\/\\\/loisirelectronique.com\\\/#\\\/schema\\\/logo\\\/image\\\/\",\"url\":\"http:\\\/\\\/loisirelectronique.com\\\/wp-content\\\/uploads\\\/2026\\\/03\\\/IMG-20260325-WA00112.jpg\",\"contentUrl\":\"http:\\\/\\\/loisirelectronique.com\\\/wp-content\\\/uploads\\\/2026\\\/03\\\/IMG-20260325-WA00112.jpg\",\"width\":418,\"height\":124,\"caption\":\"Loisir Electronique\"},\"image\":{\"@id\":\"https:\\\/\\\/loisirelectronique.com\\\/#\\\/schema\\\/logo\\\/image\\\/\"}}]}<\/script>\n<!-- \/ Yoast SEO plugin. -->","yoast_head_json":{"title":"Razor Hovertrax 2.0 - Hoverboard Auto-\u00c9quilibr\u00e9 EverBalance\u2122 - Loisir Electronique","description":"D\u00e9couvrez le Razor Hovertrax 2.0 chez Loisir \u00c9lectronique. Technologie EverBalance\u2122 exclusive pour une mont\u00e9e facilit\u00e9e et une glisse fluide. Livraison rapide !","robots":{"index":"index","follow":"follow","max-snippet":"max-snippet:-1","max-image-preview":"max-image-preview:large","max-video-preview":"max-video-preview:-1"},"canonical":"https:\/\/loisirelectronique.com\/nl\/product\/razor-hovertrax-2-0-hoverboard-auto-equilibre-everbalance\/","og_locale":"nl_NL","og_type":"article","og_title":"Razor Hovertrax 2.0 - Hoverboard Auto-\u00c9quilibr\u00e9 EverBalance\u2122 - Loisir Electronique","og_description":"D\u00e9couvrez le Razor Hovertrax 2.0 chez Loisir \u00c9lectronique. Technologie EverBalance\u2122 exclusive pour une mont\u00e9e facilit\u00e9e et une glisse fluide. Livraison rapide !","og_url":"https:\/\/loisirelectronique.com\/nl\/product\/razor-hovertrax-2-0-hoverboard-auto-equilibre-everbalance\/","og_site_name":"Loisir Electronique","og_image":[{"width":1300,"height":614,"url":"http:\/\/loisirelectronique.com\/wp-content\/uploads\/2026\/03\/Razor-Hovertrax-2.0-Hoverboard-Auto-Equilibre-Silencieux.jpeg","type":"image\/jpeg"}],"twitter_card":"summary_large_image","twitter_misc":{"Geschatte leestijd":"2 minuten"},"schema":{"@context":"https:\/\/schema.org","@graph":[{"@type":"WebPage","@id":"https:\/\/loisirelectronique.com\/produit\/razor-hovertrax-2-0-hoverboard-auto-equilibre-everbalance\/","url":"https:\/\/loisirelectronique.com\/produit\/razor-hovertrax-2-0-hoverboard-auto-equilibre-everbalance\/","name":"Razor Hovertrax 2.0 - Hoverboard Auto-\u00c9quilibr\u00e9 EverBalance\u2122 - Loisir Electronique","isPartOf":{"@id":"https:\/\/loisirelectronique.com\/#website"},"primaryImageOfPage":{"@id":"https:\/\/loisirelectronique.com\/produit\/razor-hovertrax-2-0-hoverboard-auto-equilibre-everbalance\/#primaryimage"},"image":{"@id":"https:\/\/loisirelectronique.com\/produit\/razor-hovertrax-2-0-hoverboard-auto-equilibre-everbalance\/#primaryimage"},"thumbnailUrl":"https:\/\/loisirelectronique.com\/wp-content\/uploads\/2026\/03\/Razor-Hovertrax-2.0-Hoverboard-Auto-Equilibre-Silencieux.jpeg","datePublished":"2026-03-31T18:40:15+00:00","description":"D\u00e9couvrez le Razor Hovertrax 2.0 chez Loisir \u00c9lectronique. Technologie EverBalance\u2122 exclusive pour une mont\u00e9e facilit\u00e9e et une glisse fluide. Livraison rapide !","breadcrumb":{"@id":"https:\/\/loisirelectronique.com\/produit\/razor-hovertrax-2-0-hoverboard-auto-equilibre-everbalance\/#breadcrumb"},"inLanguage":"nl-NL","potentialAction":[{"@type":"ReadAction","target":["https:\/\/loisirelectronique.com\/produit\/razor-hovertrax-2-0-hoverboard-auto-equilibre-everbalance\/"]}]},{"@type":"ImageObject","inLanguage":"nl-NL","@id":"https:\/\/loisirelectronique.com\/produit\/razor-hovertrax-2-0-hoverboard-auto-equilibre-everbalance\/#primaryimage","url":"https:\/\/loisirelectronique.com\/wp-content\/uploads\/2026\/03\/Razor-Hovertrax-2.0-Hoverboard-Auto-Equilibre-Silencieux.jpeg","contentUrl":"https:\/\/loisirelectronique.com\/wp-content\/uploads\/2026\/03\/Razor-Hovertrax-2.0-Hoverboard-Auto-Equilibre-Silencieux.jpeg","width":1300,"height":614,"caption":"Hoverboard Razor Hovertrax 2.0 bleu avec indicateurs LED."},{"@type":"BreadcrumbList","@id":"https:\/\/loisirelectronique.com\/produit\/razor-hovertrax-2-0-hoverboard-auto-equilibre-everbalance\/#breadcrumb","itemListElement":[{"@type":"ListItem","position":1,"name":"Accueil","item":"https:\/\/loisirelectronique.com\/"},{"@type":"ListItem","position":2,"name":"Boutique","item":"https:\/\/loisirelectronique.com\/velos-electriques-accessoires-trottinettes\/"},{"@type":"ListItem","position":3,"name":"Razor Hovertrax 2.0 &#8211; Hoverboard Auto-\u00c9quilibr\u00e9 EverBalance\u2122"}]},{"@type":"WebSite","@id":"https:\/\/loisirelectronique.com\/#website","url":"https:\/\/loisirelectronique.com\/","name":"Loisir Electronique","description":"Innovation, qualit\u00e9, performance","publisher":{"@id":"https:\/\/loisirelectronique.com\/#organization"},"potentialAction":[{"@type":"SearchAction","target":{"@type":"EntryPoint","urlTemplate":"https:\/\/loisirelectronique.com\/?s={search_term_string}"},"query-input":{"@type":"PropertyValueSpecification","valueRequired":true,"valueName":"search_term_string"}}],"inLanguage":"nl-NL"},{"@type":"Organization","@id":"https:\/\/loisirelectronique.com\/#organization","name":"Loisir Electronique","url":"https:\/\/loisirelectronique.com\/","logo":{"@type":"ImageObject","inLanguage":"nl-NL","@id":"https:\/\/loisirelectronique.com\/#\/schema\/logo\/image\/","url":"http:\/\/loisirelectronique.com\/wp-content\/uploads\/2026\/03\/IMG-20260325-WA00112.jpg","contentUrl":"http:\/\/loisirelectronique.com\/wp-content\/uploads\/2026\/03\/IMG-20260325-WA00112.jpg","width":418,"height":124,"caption":"Loisir Electronique"},"image":{"@id":"https:\/\/loisirelectronique.com\/#\/schema\/logo\/image\/"}}]}},"jetpack_sharing_enabled":true,"_links":{"self":[{"href":"https:\/\/loisirelectronique.com\/nl\/wp-json\/wp\/v2\/product\/29835","targetHints":{"allow":["GET"]}}],"collection":[{"href":"https:\/\/loisirelectronique.com\/nl\/wp-json\/wp\/v2\/product"}],"about":[{"href":"https:\/\/loisirelectronique.com\/nl\/wp-json\/wp\/v2\/types\/product"}],"replies":[{"embeddable":true,"href":"https:\/\/loisirelectronique.com\/nl\/wp-json\/wp\/v2\/comments?post=29835"}],"version-history":[{"count":1,"href":"https:\/\/loisirelectronique.com\/nl\/wp-json\/wp\/v2\/product\/29835\/revisions"}],"predecessor-version":[{"id":29840,"href":"https:\/\/loisirelectronique.com\/nl\/wp-json\/wp\/v2\/product\/29835\/revisions\/29840"}],"wp:featuredmedia":[{"embeddable":true,"href":"https:\/\/loisirelectronique.com\/nl\/wp-json\/wp\/v2\/media\/29839"}],"wp:attachment":[{"href":"https:\/\/loisirelectronique.com\/nl\/wp-json\/wp\/v2\/media?parent=29835"}],"wp:term":[{"taxonomy":"product_brand","embeddable":true,"href":"https:\/\/loisirelectronique.com\/nl\/wp-json\/wp\/v2\/product_brand?post=29835"},{"taxonomy":"product_cat","embeddable":true,"href":"https:\/\/loisirelectronique.com\/nl\/wp-json\/wp\/v2\/product_cat?post=29835"},{"taxonomy":"product_tag","embeddable":true,"href":"https:\/\/loisirelectronique.com\/nl\/wp-json\/wp\/v2\/product_tag?post=29835"}],"curies":[{"name":"wp","href":"https:\/\/api.w.org\/{rel}","templated":true}]}}