{"id":29829,"date":"2026-03-31T18:30:34","date_gmt":"2026-03-31T18:30:34","guid":{"rendered":"https:\/\/loisirelectronique.com\/?post_type=product&#038;p=29829"},"modified":"2026-04-18T15:12:43","modified_gmt":"2026-04-18T15:12:43","slug":"swagtron-t6-hoverboard-tout-terrain-charge-max-190-kg","status":"publish","type":"product","link":"https:\/\/loisirelectronique.com\/nl\/product\/swagtron-t6-hoverboard-tout-terrain-charge-max-190-kg\/","title":{"rendered":"Swagtron T6 &#8211; Hoverboard Tout-Terrain Charge Max 190 kg"},"content":{"rendered":"<h2 data-path-to-node=\"5,4,1,1,1\">Une capacit\u00e9 de charge record pour l&rsquo;industrie<\/h2>\n<p data-path-to-node=\"5,4,1,1,2\">Gr\u00e2ce \u00e0 sa structure en aluminium et en ABS renforc\u00e9, le <b data-path-to-node=\"5,4,1,1,2\" data-index-in-node=\"57\">Swagtron T6<\/b> supporte des charges bien sup\u00e9rieures aux mod\u00e8les standards du march\u00e9. La motorisation du <b data-path-to-node=\"5,4,1,1,2\" data-index-in-node=\"159\">Swagtron T6<\/b> d\u00e9livre un couple massif qui permet de conserver une acc\u00e9l\u00e9ration fluide, m\u00eame lorsque l&rsquo;appareil est sollicit\u00e9 au maximum de ses capacit\u00e9s.<\/p>\n<h2 data-path-to-node=\"5,4,1,1,3\">Confort de conduite sup\u00e9rieur<\/h2>\n<p data-path-to-node=\"5,4,1,1,4\">Ses pneus de 10 pouces absorbent les chocs comme aucun autre mod\u00e8le. Chez <b data-path-to-node=\"5,4,1,1,4\" data-index-in-node=\"74\">Loisir \u00c9lectronique<\/b>, nous recommandons ce produit pour sa solidit\u00e9 \u00e0 toute \u00e9preuve.<\/p>\n<h2 data-path-to-node=\"8,4,1,1,3\">R\u00e9sistance aux projections d&rsquo;eau<\/h2>\n<p data-path-to-node=\"8,4,1,1,4\">Certifi\u00e9 IPX4, il ne craint pas les flaques d&rsquo;eau ou la ros\u00e9e matinale. Chez <b data-path-to-node=\"8,4,1,1,4\" data-index-in-node=\"77\">Loisir \u00c9lectronique<\/b>, nous validons ce mod\u00e8le pour les aventuriers du week-end.<\/p>\n<p data-path-to-node=\"8,4,1,1,5,0,0\">\u00a0<i data-path-to-node=\"8,4,1,1,5,0,0\" data-index-in-node=\"19\">Am\u00e9liorez votre mobilit\u00e9 avec les <a class=\"ng-star-inserted\" href=\"https:\/\/loisirelectronique.com\/nl\/product-categorie\/high-tech\/\" target=\"_blank\" rel=\"noopener\" data-hveid=\"0\" data-ved=\"0CAAQ_4QMahgKEwiMh7X-ycqTAxUAAAAAHQAAAAAQuwI\">meilleurs gadgets high-tech<\/a> du moment.<\/i><\/p>\n<ul>\n<li data-start=\"1794\" data-end=\"1816\">\n<p data-start=\"1797\" data-end=\"1816\">Marque : Swagtron<\/p>\n<\/li>\n<li data-start=\"1817\" data-end=\"1833\">\n<p data-start=\"1820\" data-end=\"1833\">Mod\u00e8le : T6<\/p>\n<\/li>\n<li data-start=\"1834\" data-end=\"1869\">\n<p data-start=\"1837\" data-end=\"1869\">Type : Hoverboard tout-terrain<\/p>\n<\/li>\n<li data-start=\"1870\" data-end=\"1903\">\n<p data-start=\"1873\" data-end=\"1903\">Taille des roues : 10 pouces<\/p>\n<\/li>\n<li data-start=\"1904\" data-end=\"1951\">\n<p data-start=\"1907\" data-end=\"1951\">Technologie : Auto-\u00e9quilibrage intelligent<\/p>\n<\/li>\n<li data-start=\"1952\" data-end=\"1991\">\n<p data-start=\"1955\" data-end=\"1991\">Capacit\u00e9 : Supporte un poids \u00e9lev\u00e9<\/p>\n<\/li>\n<li data-start=\"1992\" data-end=\"2028\">\n<p data-start=\"1995\" data-end=\"2028\">Utilisation : Off-road \/ urbain<\/p>\n<\/li>\n<li data-start=\"2029\" data-end=\"2066\">\n<p data-start=\"2032\" data-end=\"2066\">Connectivit\u00e9 : Bluetooth int\u00e9gr\u00e9<\/p>\n<\/li>\n<li data-start=\"2067\" data-end=\"2104\">\n<p data-start=\"2070\" data-end=\"2104\">R\u00e9sistance : Robuste et antichoc<\/p>\n<\/li>\n<li data-start=\"2105\" data-end=\"2142\">\n<p data-start=\"2109\" data-end=\"2142\">Public : Adultes et adolescents<\/p>\n<\/li>\n<\/ul>","protected":false},"excerpt":{"rendered":"<div class=\"custom-product-box\">\n<p class=\"highlight\">\ud83d\udd25 Hoverboard tout-terrain con\u00e7u pour usage intensif<\/p>\n<p>\u2b50 Note moyenne : 4.8\/5<\/p>\n<p>\ud83d\udcc8 Mod\u00e8le appr\u00e9ci\u00e9 pour sa robustesse et ses performances hors route<\/p>\n<p>\u2b50 Exp\u00e9rience globale reconnue pour la stabilit\u00e9 et la puissance<\/p>\n<p>\ud83d\ude9a Livraison rapide avec suivi complet<\/p>\n<p class=\"highlight\">\u26a1 Produit souvent recherch\u00e9 pour les loisirs outdoor et terrains difficiles<\/p>\n<\/div>\n<p data-start=\"770\" data-end=\"1051\">Le Swagtron T6 Hoverboard est l\u2019un des hoverboards tout-terrain les plus puissants de sa cat\u00e9gorie. Con\u00e7u pour les utilisateurs exigeants, il se distingue par ses grandes roues de 10 pouces qui assurent une excellente adh\u00e9rence et une stabilit\u00e9 optimale sur tous types de surfaces.<\/p>\n<p data-start=\"1053\" data-end=\"1318\">Gr\u00e2ce \u00e0 sa capacit\u00e9 de charge \u00e9lev\u00e9e et \u00e0 sa structure ultra robuste, il est parfaitement adapt\u00e9 aux adultes et aux utilisateurs recherchant un hoverboard solide et durable. Il peut affronter sans difficult\u00e9 le sable, le gravier, l\u2019herbe ou les routes irr\u00e9guli\u00e8res.<\/p>\n<p data-start=\"1320\" data-end=\"1550\">","protected":false},"featured_media":29830,"comment_status":"open","ping_status":"closed","template":"","meta":[],"product_brand":[],"product_cat":[301,316],"product_tag":[],"class_list":{"0":"post-29829","1":"product","2":"type-product","3":"status-publish","4":"has-post-thumbnail","6":"product_cat-high-tech","7":"product_cat-hover-board","9":"first","10":"instock","11":"sale","12":"taxable","13":"shipping-taxable","14":"purchasable","15":"product-type-simple"},"yoast_head":"<!-- This site is optimized with the Yoast SEO plugin v27.5 - https:\/\/yoast.com\/product\/yoast-seo-wordpress\/ -->\n<title>Swagtron T6 - Hoverboard Tout-Terrain Charge Max 190 kg - Loisir Electronique<\/title>\n<meta name=\"description\" content=\"D\u00e9couvrez le Swagtron T6 chez Loisir \u00c9lectronique. Le seul hoverboard supportant jusqu&#039;\u00e0 190 kg avec des pneus 10&quot; gonflables. Livraison rapide !\" \/>\n<meta name=\"robots\" content=\"index, follow, max-snippet:-1, max-image-preview:large, max-video-preview:-1\" \/>\n<link rel=\"canonical\" href=\"https:\/\/loisirelectronique.com\/nl\/product\/swagtron-t6-hoverboard-tout-terrain-charge-max-190-kg\/\" \/>\n<meta property=\"og:locale\" content=\"nl_NL\" \/>\n<meta property=\"og:type\" content=\"article\" \/>\n<meta property=\"og:title\" content=\"Swagtron T6 - Hoverboard Tout-Terrain Charge Max 190 kg - Loisir Electronique\" \/>\n<meta property=\"og:description\" content=\"D\u00e9couvrez le Swagtron T6 chez Loisir \u00c9lectronique. Le seul hoverboard supportant jusqu&#039;\u00e0 190 kg avec des pneus 10&quot; gonflables. Livraison rapide !\" \/>\n<meta property=\"og:url\" content=\"https:\/\/loisirelectronique.com\/nl\/product\/swagtron-t6-hoverboard-tout-terrain-charge-max-190-kg\/\" \/>\n<meta property=\"og:site_name\" content=\"Loisir Electronique\" \/>\n<meta property=\"article:modified_time\" content=\"2026-04-18T15:12:43+00:00\" \/>\n<meta property=\"og:image\" content=\"http:\/\/loisirelectronique.com\/wp-content\/uploads\/2026\/03\/Hoverboard-Swagtron-T6-avec-Roues-10-pouces-et-Bluetooth.jpeg\" \/>\n\t<meta property=\"og:image:width\" content=\"1024\" \/>\n\t<meta property=\"og:image:height\" content=\"576\" \/>\n\t<meta property=\"og:image:type\" content=\"image\/jpeg\" \/>\n<meta name=\"twitter:card\" content=\"summary_large_image\" \/>\n<meta name=\"twitter:label1\" content=\"Geschatte leestijd\" \/>\n\t<meta name=\"twitter:data1\" content=\"2 minuten\" \/>\n<script type=\"application\/ld+json\" class=\"yoast-schema-graph\">{\"@context\":\"https:\\\/\\\/schema.org\",\"@graph\":[{\"@type\":\"WebPage\",\"@id\":\"https:\\\/\\\/loisirelectronique.com\\\/produit\\\/swagtron-t6-hoverboard-tout-terrain-charge-max-190-kg\\\/\",\"url\":\"https:\\\/\\\/loisirelectronique.com\\\/produit\\\/swagtron-t6-hoverboard-tout-terrain-charge-max-190-kg\\\/\",\"name\":\"Swagtron T6 - Hoverboard Tout-Terrain Charge Max 190 kg - Loisir Electronique\",\"isPartOf\":{\"@id\":\"https:\\\/\\\/loisirelectronique.com\\\/#website\"},\"primaryImageOfPage\":{\"@id\":\"https:\\\/\\\/loisirelectronique.com\\\/produit\\\/swagtron-t6-hoverboard-tout-terrain-charge-max-190-kg\\\/#primaryimage\"},\"image\":{\"@id\":\"https:\\\/\\\/loisirelectronique.com\\\/produit\\\/swagtron-t6-hoverboard-tout-terrain-charge-max-190-kg\\\/#primaryimage\"},\"thumbnailUrl\":\"https:\\\/\\\/loisirelectronique.com\\\/wp-content\\\/uploads\\\/2026\\\/03\\\/Hoverboard-Swagtron-T6-avec-Roues-10-pouces-et-Bluetooth.jpeg\",\"datePublished\":\"2026-03-31T18:30:34+00:00\",\"dateModified\":\"2026-04-18T15:12:43+00:00\",\"description\":\"D\u00e9couvrez le Swagtron T6 chez Loisir \u00c9lectronique. Le seul hoverboard supportant jusqu'\u00e0 190 kg avec des pneus 10\\\" gonflables. Livraison rapide !\",\"breadcrumb\":{\"@id\":\"https:\\\/\\\/loisirelectronique.com\\\/produit\\\/swagtron-t6-hoverboard-tout-terrain-charge-max-190-kg\\\/#breadcrumb\"},\"inLanguage\":\"nl-NL\",\"potentialAction\":[{\"@type\":\"ReadAction\",\"target\":[\"https:\\\/\\\/loisirelectronique.com\\\/produit\\\/swagtron-t6-hoverboard-tout-terrain-charge-max-190-kg\\\/\"]}]},{\"@type\":\"ImageObject\",\"inLanguage\":\"nl-NL\",\"@id\":\"https:\\\/\\\/loisirelectronique.com\\\/produit\\\/swagtron-t6-hoverboard-tout-terrain-charge-max-190-kg\\\/#primaryimage\",\"url\":\"https:\\\/\\\/loisirelectronique.com\\\/wp-content\\\/uploads\\\/2026\\\/03\\\/Hoverboard-Swagtron-T6-avec-Roues-10-pouces-et-Bluetooth.jpeg\",\"contentUrl\":\"https:\\\/\\\/loisirelectronique.com\\\/wp-content\\\/uploads\\\/2026\\\/03\\\/Hoverboard-Swagtron-T6-avec-Roues-10-pouces-et-Bluetooth.jpeg\",\"width\":1024,\"height\":576,\"caption\":\"Hoverboard Swagtron T6 noir avec pneus 10 pouces massifs.\"},{\"@type\":\"BreadcrumbList\",\"@id\":\"https:\\\/\\\/loisirelectronique.com\\\/produit\\\/swagtron-t6-hoverboard-tout-terrain-charge-max-190-kg\\\/#breadcrumb\",\"itemListElement\":[{\"@type\":\"ListItem\",\"position\":1,\"name\":\"Accueil\",\"item\":\"https:\\\/\\\/loisirelectronique.com\\\/\"},{\"@type\":\"ListItem\",\"position\":2,\"name\":\"Boutique\",\"item\":\"https:\\\/\\\/loisirelectronique.com\\\/velos-electriques-accessoires-trottinettes\\\/\"},{\"@type\":\"ListItem\",\"position\":3,\"name\":\"Swagtron T6 &#8211; Hoverboard Tout-Terrain Charge Max 190 kg\"}]},{\"@type\":\"WebSite\",\"@id\":\"https:\\\/\\\/loisirelectronique.com\\\/#website\",\"url\":\"https:\\\/\\\/loisirelectronique.com\\\/\",\"name\":\"Loisir Electronique\",\"description\":\"Innovation, qualit\u00e9, performance\",\"publisher\":{\"@id\":\"https:\\\/\\\/loisirelectronique.com\\\/#organization\"},\"potentialAction\":[{\"@type\":\"SearchAction\",\"target\":{\"@type\":\"EntryPoint\",\"urlTemplate\":\"https:\\\/\\\/loisirelectronique.com\\\/?s={search_term_string}\"},\"query-input\":{\"@type\":\"PropertyValueSpecification\",\"valueRequired\":true,\"valueName\":\"search_term_string\"}}],\"inLanguage\":\"nl-NL\"},{\"@type\":\"Organization\",\"@id\":\"https:\\\/\\\/loisirelectronique.com\\\/#organization\",\"name\":\"Loisir Electronique\",\"url\":\"https:\\\/\\\/loisirelectronique.com\\\/\",\"logo\":{\"@type\":\"ImageObject\",\"inLanguage\":\"nl-NL\",\"@id\":\"https:\\\/\\\/loisirelectronique.com\\\/#\\\/schema\\\/logo\\\/image\\\/\",\"url\":\"http:\\\/\\\/loisirelectronique.com\\\/wp-content\\\/uploads\\\/2026\\\/03\\\/IMG-20260325-WA00112.jpg\",\"contentUrl\":\"http:\\\/\\\/loisirelectronique.com\\\/wp-content\\\/uploads\\\/2026\\\/03\\\/IMG-20260325-WA00112.jpg\",\"width\":418,\"height\":124,\"caption\":\"Loisir Electronique\"},\"image\":{\"@id\":\"https:\\\/\\\/loisirelectronique.com\\\/#\\\/schema\\\/logo\\\/image\\\/\"}}]}<\/script>\n<!-- \/ Yoast SEO plugin. -->","yoast_head_json":{"title":"Swagtron T6 - Hoverboard Tout-Terrain Charge Max 190 kg - Loisir Electronique","description":"D\u00e9couvrez le Swagtron T6 chez Loisir \u00c9lectronique. Le seul hoverboard supportant jusqu'\u00e0 190 kg avec des pneus 10\" gonflables. Livraison rapide !","robots":{"index":"index","follow":"follow","max-snippet":"max-snippet:-1","max-image-preview":"max-image-preview:large","max-video-preview":"max-video-preview:-1"},"canonical":"https:\/\/loisirelectronique.com\/nl\/product\/swagtron-t6-hoverboard-tout-terrain-charge-max-190-kg\/","og_locale":"nl_NL","og_type":"article","og_title":"Swagtron T6 - Hoverboard Tout-Terrain Charge Max 190 kg - Loisir Electronique","og_description":"D\u00e9couvrez le Swagtron T6 chez Loisir \u00c9lectronique. Le seul hoverboard supportant jusqu'\u00e0 190 kg avec des pneus 10\" gonflables. Livraison rapide !","og_url":"https:\/\/loisirelectronique.com\/nl\/product\/swagtron-t6-hoverboard-tout-terrain-charge-max-190-kg\/","og_site_name":"Loisir Electronique","article_modified_time":"2026-04-18T15:12:43+00:00","og_image":[{"width":1024,"height":576,"url":"http:\/\/loisirelectronique.com\/wp-content\/uploads\/2026\/03\/Hoverboard-Swagtron-T6-avec-Roues-10-pouces-et-Bluetooth.jpeg","type":"image\/jpeg"}],"twitter_card":"summary_large_image","twitter_misc":{"Geschatte leestijd":"2 minuten"},"schema":{"@context":"https:\/\/schema.org","@graph":[{"@type":"WebPage","@id":"https:\/\/loisirelectronique.com\/produit\/swagtron-t6-hoverboard-tout-terrain-charge-max-190-kg\/","url":"https:\/\/loisirelectronique.com\/produit\/swagtron-t6-hoverboard-tout-terrain-charge-max-190-kg\/","name":"Swagtron T6 - Hoverboard Tout-Terrain Charge Max 190 kg - Loisir Electronique","isPartOf":{"@id":"https:\/\/loisirelectronique.com\/#website"},"primaryImageOfPage":{"@id":"https:\/\/loisirelectronique.com\/produit\/swagtron-t6-hoverboard-tout-terrain-charge-max-190-kg\/#primaryimage"},"image":{"@id":"https:\/\/loisirelectronique.com\/produit\/swagtron-t6-hoverboard-tout-terrain-charge-max-190-kg\/#primaryimage"},"thumbnailUrl":"https:\/\/loisirelectronique.com\/wp-content\/uploads\/2026\/03\/Hoverboard-Swagtron-T6-avec-Roues-10-pouces-et-Bluetooth.jpeg","datePublished":"2026-03-31T18:30:34+00:00","dateModified":"2026-04-18T15:12:43+00:00","description":"D\u00e9couvrez le Swagtron T6 chez Loisir \u00c9lectronique. Le seul hoverboard supportant jusqu'\u00e0 190 kg avec des pneus 10\" gonflables. Livraison rapide !","breadcrumb":{"@id":"https:\/\/loisirelectronique.com\/produit\/swagtron-t6-hoverboard-tout-terrain-charge-max-190-kg\/#breadcrumb"},"inLanguage":"nl-NL","potentialAction":[{"@type":"ReadAction","target":["https:\/\/loisirelectronique.com\/produit\/swagtron-t6-hoverboard-tout-terrain-charge-max-190-kg\/"]}]},{"@type":"ImageObject","inLanguage":"nl-NL","@id":"https:\/\/loisirelectronique.com\/produit\/swagtron-t6-hoverboard-tout-terrain-charge-max-190-kg\/#primaryimage","url":"https:\/\/loisirelectronique.com\/wp-content\/uploads\/2026\/03\/Hoverboard-Swagtron-T6-avec-Roues-10-pouces-et-Bluetooth.jpeg","contentUrl":"https:\/\/loisirelectronique.com\/wp-content\/uploads\/2026\/03\/Hoverboard-Swagtron-T6-avec-Roues-10-pouces-et-Bluetooth.jpeg","width":1024,"height":576,"caption":"Hoverboard Swagtron T6 noir avec pneus 10 pouces massifs."},{"@type":"BreadcrumbList","@id":"https:\/\/loisirelectronique.com\/produit\/swagtron-t6-hoverboard-tout-terrain-charge-max-190-kg\/#breadcrumb","itemListElement":[{"@type":"ListItem","position":1,"name":"Accueil","item":"https:\/\/loisirelectronique.com\/"},{"@type":"ListItem","position":2,"name":"Boutique","item":"https:\/\/loisirelectronique.com\/velos-electriques-accessoires-trottinettes\/"},{"@type":"ListItem","position":3,"name":"Swagtron T6 &#8211; Hoverboard Tout-Terrain Charge Max 190 kg"}]},{"@type":"WebSite","@id":"https:\/\/loisirelectronique.com\/#website","url":"https:\/\/loisirelectronique.com\/","name":"Loisir Electronique","description":"Innovation, qualit\u00e9, performance","publisher":{"@id":"https:\/\/loisirelectronique.com\/#organization"},"potentialAction":[{"@type":"SearchAction","target":{"@type":"EntryPoint","urlTemplate":"https:\/\/loisirelectronique.com\/?s={search_term_string}"},"query-input":{"@type":"PropertyValueSpecification","valueRequired":true,"valueName":"search_term_string"}}],"inLanguage":"nl-NL"},{"@type":"Organization","@id":"https:\/\/loisirelectronique.com\/#organization","name":"Loisir Electronique","url":"https:\/\/loisirelectronique.com\/","logo":{"@type":"ImageObject","inLanguage":"nl-NL","@id":"https:\/\/loisirelectronique.com\/#\/schema\/logo\/image\/","url":"http:\/\/loisirelectronique.com\/wp-content\/uploads\/2026\/03\/IMG-20260325-WA00112.jpg","contentUrl":"http:\/\/loisirelectronique.com\/wp-content\/uploads\/2026\/03\/IMG-20260325-WA00112.jpg","width":418,"height":124,"caption":"Loisir Electronique"},"image":{"@id":"https:\/\/loisirelectronique.com\/#\/schema\/logo\/image\/"}}]}},"jetpack_sharing_enabled":true,"_links":{"self":[{"href":"https:\/\/loisirelectronique.com\/nl\/wp-json\/wp\/v2\/product\/29829","targetHints":{"allow":["GET"]}}],"collection":[{"href":"https:\/\/loisirelectronique.com\/nl\/wp-json\/wp\/v2\/product"}],"about":[{"href":"https:\/\/loisirelectronique.com\/nl\/wp-json\/wp\/v2\/types\/product"}],"replies":[{"embeddable":true,"href":"https:\/\/loisirelectronique.com\/nl\/wp-json\/wp\/v2\/comments?post=29829"}],"version-history":[{"count":3,"href":"https:\/\/loisirelectronique.com\/nl\/wp-json\/wp\/v2\/product\/29829\/revisions"}],"predecessor-version":[{"id":30695,"href":"https:\/\/loisirelectronique.com\/nl\/wp-json\/wp\/v2\/product\/29829\/revisions\/30695"}],"wp:featuredmedia":[{"embeddable":true,"href":"https:\/\/loisirelectronique.com\/nl\/wp-json\/wp\/v2\/media\/29830"}],"wp:attachment":[{"href":"https:\/\/loisirelectronique.com\/nl\/wp-json\/wp\/v2\/media?parent=29829"}],"wp:term":[{"taxonomy":"product_brand","embeddable":true,"href":"https:\/\/loisirelectronique.com\/nl\/wp-json\/wp\/v2\/product_brand?post=29829"},{"taxonomy":"product_cat","embeddable":true,"href":"https:\/\/loisirelectronique.com\/nl\/wp-json\/wp\/v2\/product_cat?post=29829"},{"taxonomy":"product_tag","embeddable":true,"href":"https:\/\/loisirelectronique.com\/nl\/wp-json\/wp\/v2\/product_tag?post=29829"}],"curies":[{"name":"wp","href":"https:\/\/api.w.org\/{rel}","templated":true}]}}