{"id":29658,"date":"2026-03-29T23:55:07","date_gmt":"2026-03-29T23:55:07","guid":{"rendered":"https:\/\/loisirelectronique.com\/?post_type=product&#038;p=29658"},"modified":"2026-03-29T23:55:07","modified_gmt":"2026-03-29T23:55:07","slug":"i-lock-it-pro-antivol-de-cadre-automatique-bluetooth","status":"publish","type":"product","link":"https:\/\/loisirelectronique.com\/nl\/product\/i-lock-it-pro-antivol-de-cadre-automatique-bluetooth\/","title":{"rendered":"I Lock It Pro &#8211; Antivol de Cadre Automatique Bluetooth"},"content":{"rendered":"<h2 class=\"\" data-path-to-node=\"4,4,1,1,1\">Le confort du verrouillage \u00ab\u00a0mains libres\u00a0\u00bb<\/h2>\n<p data-path-to-node=\"4,4,1,1,2\"><span class=\"\">L&rsquo;<\/span><b class=\"\" data-path-to-node=\"4,4,1,1,2\" data-index-in-node=\"2\">I Lock It Pro<\/b><span class=\"\"> r\u00e9volutionne votre quotidien.<\/span><span class=\"\"> Plus besoin de fouiller vos poches \u00e0 la recherche d&rsquo;une cl\u00e9 ou d&rsquo;un code.<\/span><span class=\"\"> Le syst\u00e8me Smart Mode utilise la proximit\u00e9 de votre smartphone pour g\u00e9rer l&rsquo;ouverture et la fermeture du p\u00eane en acier.<\/span><span class=\"\"> C&rsquo;est la solution ultime pour les arr\u00eats fr\u00e9quents en ville ou les courses rapides.<\/span><\/p>\n<h2 class=\"\" data-path-to-node=\"4,4,1,1,3\">Une installation universelle et robuste<\/h2>\n<p data-path-to-node=\"4,4,1,1,4\"><span class=\"\">Con\u00e7u pour s&rsquo;adapter \u00e0 la majorit\u00e9 des cadres de v\u00e9los et VAE,<\/span><span class=\"\"> cet antivol se fixe solidement sur les haubans.<\/span><span class=\"\"> Son ouverture large permet de l&rsquo;utiliser m\u00eame avec des pneus de section importante.<\/span><span class=\"\"> Chez <\/span><b class=\"\" data-path-to-node=\"4,4,1,1,4\" data-index-in-node=\"200\">Loisir \u00c9lectronique<\/b><span class=\"\">,<\/span><span class=\"\"> nous adorons ce gain de temps au quotidien.<\/span><\/p>\n<h2 data-path-to-node=\"7,4,1,1,1\">Une surveillance 24h\/24 par satellite<\/h2>\n<p data-path-to-node=\"7,4,1,1,2\">Gr\u00e2ce \u00e0 sa carte SIM int\u00e9gr\u00e9e, l&rsquo;<b data-path-to-node=\"7,4,1,1,2\" data-index-in-node=\"33\">I Lock It Pro<\/b> reste connect\u00e9 au r\u00e9seau mobile partout en Europe. En cas de tentative de vol, vous recevez une notification \u00ab\u00a0Push\u00a0\u00bb instantan\u00e9e. Si le v\u00e9lo est emport\u00e9, le mode Tracking s&rsquo;active pour fournir sa position exacte aux autorit\u00e9s.<\/p>\n<h2 data-path-to-node=\"7,4,1,1,3\">La tranquillit\u00e9 d&rsquo;esprit absolue<\/h2>\n<p data-path-to-node=\"7,4,1,1,4\">M\u00eame si vous \u00eates loin de votre v\u00e9lo, vous pouvez v\u00e9rifier son \u00e9tat et sa position d&rsquo;un simple geste. C&rsquo;est l&rsquo;assurance vie de votre v\u00e9lo \u00e9lectrique haute performance. Chez <b data-path-to-node=\"7,4,1,1,4\" data-index-in-node=\"173\">Loisir \u00c9lectronique<\/b>, la protection de votre investissement est notre priorit\u00e9.<\/p>\n<p data-path-to-node=\"7,4,1,1,5,0,0\">\u00a0<i data-path-to-node=\"7,4,1,1,5,0,0\" data-index-in-node=\"19\">D\u00e9couvrez nos <a class=\"ng-star-inserted\" href=\"https:\/\/loisirelectronique.com\/nl\/product-categorie\/accessoires\/\" target=\"_blank\" rel=\"noopener\" data-hveid=\"0\" data-ved=\"0CAAQ_4QMahgKEwiSrtrlkMWTAxUAAAAAHQAAAAAQpwU\">accessoires de s\u00e9curit\u00e9<\/a> pour prot\u00e9ger votre VAE.<\/i><\/p>","protected":false},"excerpt":{"rendered":"<p data-start=\"1014\" data-end=\"1249\">Le <strong data-start=\"1017\" data-end=\"1034\">I Lock It Pro<\/strong> est un antivol nouvelle g\u00e9n\u00e9ration con\u00e7u pour offrir une protection intelligente \u00e0 votre v\u00e9lo.<br data-start=\"1129\" data-end=\"1132\" \/>Install\u00e9 directement sur le cadre, il combine <strong data-start=\"1178\" data-end=\"1248\">verrouillage automatique, alarme sonore et suivi GPS en temps r\u00e9el<\/strong>.<\/p>\n<p data-start=\"1251\" data-end=\"1433\">Gr\u00e2ce \u00e0 son application mobile, vous pouvez verrouiller et d\u00e9verrouiller votre v\u00e9lo \u00e0 distance, recevoir des alertes en cas de tentative de vol et localiser votre v\u00e9lo \u00e0 tout moment.<\/p>\n<p data-start=\"1435\" data-end=\"1659\">Sa technologie connect\u00e9e en fait une solution id\u00e9ale pour les v\u00e9los urbains, \u00e9lectriques et haut de gamme. Robuste, discret et facile \u00e0 utiliser, il transforme la s\u00e9curit\u00e9 de votre v\u00e9lo en une exp\u00e9rience moderne et pratique.<\/p>","protected":false},"featured_media":29659,"comment_status":"open","ping_status":"closed","template":"","meta":[],"product_brand":[],"product_cat":[42],"product_tag":[],"class_list":{"0":"post-29658","1":"product","2":"type-product","3":"status-publish","4":"has-post-thumbnail","6":"product_cat-accessoires","8":"first","9":"instock","10":"sale","11":"taxable","12":"shipping-taxable","13":"purchasable","14":"product-type-simple"},"yoast_head":"<!-- This site is optimized with the Yoast SEO plugin v27.5 - https:\/\/yoast.com\/product\/yoast-seo-wordpress\/ -->\n<title>I Lock It Pro - Antivol de Cadre Automatique Bluetooth - Loisir Electronique<\/title>\n<meta name=\"description\" content=\"D\u00e9couvrez l&#039;I Lock It Pro chez Loisir \u00c9lectronique. Verrouillage et d\u00e9verrouillage automatique sans cl\u00e9 gr\u00e2ce au Bluetooth. La libert\u00e9 totale !\" \/>\n<meta name=\"robots\" content=\"index, follow, max-snippet:-1, max-image-preview:large, max-video-preview:-1\" \/>\n<link rel=\"canonical\" href=\"https:\/\/loisirelectronique.com\/nl\/product\/i-lock-it-pro-antivol-de-cadre-automatique-bluetooth\/\" \/>\n<meta property=\"og:locale\" content=\"nl_NL\" \/>\n<meta property=\"og:type\" content=\"article\" \/>\n<meta property=\"og:title\" content=\"I Lock It Pro - Antivol de Cadre Automatique Bluetooth - Loisir Electronique\" \/>\n<meta property=\"og:description\" content=\"D\u00e9couvrez l&#039;I Lock It Pro chez Loisir \u00c9lectronique. Verrouillage et d\u00e9verrouillage automatique sans cl\u00e9 gr\u00e2ce au Bluetooth. La libert\u00e9 totale !\" \/>\n<meta property=\"og:url\" content=\"https:\/\/loisirelectronique.com\/nl\/product\/i-lock-it-pro-antivol-de-cadre-automatique-bluetooth\/\" \/>\n<meta property=\"og:site_name\" content=\"Loisir Electronique\" \/>\n<meta property=\"og:image\" content=\"http:\/\/loisirelectronique.com\/wp-content\/uploads\/2026\/03\/Antivol-connecte-I-Lock-It-Pro-GPS-pour-velo-intelligent.jpeg\" \/>\n\t<meta property=\"og:image:width\" content=\"1600\" \/>\n\t<meta property=\"og:image:height\" content=\"800\" \/>\n\t<meta property=\"og:image:type\" content=\"image\/jpeg\" \/>\n<meta name=\"twitter:card\" content=\"summary_large_image\" \/>\n<meta name=\"twitter:label1\" content=\"Geschatte leestijd\" \/>\n\t<meta name=\"twitter:data1\" content=\"2 minuten\" \/>\n<script type=\"application\/ld+json\" class=\"yoast-schema-graph\">{\"@context\":\"https:\\\/\\\/schema.org\",\"@graph\":[{\"@type\":\"WebPage\",\"@id\":\"https:\\\/\\\/loisirelectronique.com\\\/produit\\\/i-lock-it-pro-antivol-de-cadre-automatique-bluetooth\\\/\",\"url\":\"https:\\\/\\\/loisirelectronique.com\\\/produit\\\/i-lock-it-pro-antivol-de-cadre-automatique-bluetooth\\\/\",\"name\":\"I Lock It Pro - Antivol de Cadre Automatique Bluetooth - Loisir Electronique\",\"isPartOf\":{\"@id\":\"https:\\\/\\\/loisirelectronique.com\\\/#website\"},\"primaryImageOfPage\":{\"@id\":\"https:\\\/\\\/loisirelectronique.com\\\/produit\\\/i-lock-it-pro-antivol-de-cadre-automatique-bluetooth\\\/#primaryimage\"},\"image\":{\"@id\":\"https:\\\/\\\/loisirelectronique.com\\\/produit\\\/i-lock-it-pro-antivol-de-cadre-automatique-bluetooth\\\/#primaryimage\"},\"thumbnailUrl\":\"https:\\\/\\\/loisirelectronique.com\\\/wp-content\\\/uploads\\\/2026\\\/03\\\/Antivol-connecte-I-Lock-It-Pro-GPS-pour-velo-intelligent.jpeg\",\"datePublished\":\"2026-03-29T23:55:07+00:00\",\"description\":\"D\u00e9couvrez l'I Lock It Pro chez Loisir \u00c9lectronique. Verrouillage et d\u00e9verrouillage automatique sans cl\u00e9 gr\u00e2ce au Bluetooth. La libert\u00e9 totale !\",\"breadcrumb\":{\"@id\":\"https:\\\/\\\/loisirelectronique.com\\\/produit\\\/i-lock-it-pro-antivol-de-cadre-automatique-bluetooth\\\/#breadcrumb\"},\"inLanguage\":\"nl-NL\",\"potentialAction\":[{\"@type\":\"ReadAction\",\"target\":[\"https:\\\/\\\/loisirelectronique.com\\\/produit\\\/i-lock-it-pro-antivol-de-cadre-automatique-bluetooth\\\/\"]}]},{\"@type\":\"ImageObject\",\"inLanguage\":\"nl-NL\",\"@id\":\"https:\\\/\\\/loisirelectronique.com\\\/produit\\\/i-lock-it-pro-antivol-de-cadre-automatique-bluetooth\\\/#primaryimage\",\"url\":\"https:\\\/\\\/loisirelectronique.com\\\/wp-content\\\/uploads\\\/2026\\\/03\\\/Antivol-connecte-I-Lock-It-Pro-GPS-pour-velo-intelligent.jpeg\",\"contentUrl\":\"https:\\\/\\\/loisirelectronique.com\\\/wp-content\\\/uploads\\\/2026\\\/03\\\/Antivol-connecte-I-Lock-It-Pro-GPS-pour-velo-intelligent.jpeg\",\"width\":1600,\"height\":800,\"caption\":\"Antivol de cadre I Lock It Pro noir install\u00e9 sur la roue arri\u00e8re.\"},{\"@type\":\"BreadcrumbList\",\"@id\":\"https:\\\/\\\/loisirelectronique.com\\\/produit\\\/i-lock-it-pro-antivol-de-cadre-automatique-bluetooth\\\/#breadcrumb\",\"itemListElement\":[{\"@type\":\"ListItem\",\"position\":1,\"name\":\"Accueil\",\"item\":\"https:\\\/\\\/loisirelectronique.com\\\/\"},{\"@type\":\"ListItem\",\"position\":2,\"name\":\"Boutique\",\"item\":\"https:\\\/\\\/loisirelectronique.com\\\/velos-electriques-accessoires-trottinettes\\\/\"},{\"@type\":\"ListItem\",\"position\":3,\"name\":\"I Lock It Pro &#8211; Antivol de Cadre Automatique Bluetooth\"}]},{\"@type\":\"WebSite\",\"@id\":\"https:\\\/\\\/loisirelectronique.com\\\/#website\",\"url\":\"https:\\\/\\\/loisirelectronique.com\\\/\",\"name\":\"Loisir Electronique\",\"description\":\"Innovation, qualit\u00e9, performance\",\"publisher\":{\"@id\":\"https:\\\/\\\/loisirelectronique.com\\\/#organization\"},\"potentialAction\":[{\"@type\":\"SearchAction\",\"target\":{\"@type\":\"EntryPoint\",\"urlTemplate\":\"https:\\\/\\\/loisirelectronique.com\\\/?s={search_term_string}\"},\"query-input\":{\"@type\":\"PropertyValueSpecification\",\"valueRequired\":true,\"valueName\":\"search_term_string\"}}],\"inLanguage\":\"nl-NL\"},{\"@type\":\"Organization\",\"@id\":\"https:\\\/\\\/loisirelectronique.com\\\/#organization\",\"name\":\"Loisir Electronique\",\"url\":\"https:\\\/\\\/loisirelectronique.com\\\/\",\"logo\":{\"@type\":\"ImageObject\",\"inLanguage\":\"nl-NL\",\"@id\":\"https:\\\/\\\/loisirelectronique.com\\\/#\\\/schema\\\/logo\\\/image\\\/\",\"url\":\"http:\\\/\\\/loisirelectronique.com\\\/wp-content\\\/uploads\\\/2026\\\/03\\\/IMG-20260325-WA00112.jpg\",\"contentUrl\":\"http:\\\/\\\/loisirelectronique.com\\\/wp-content\\\/uploads\\\/2026\\\/03\\\/IMG-20260325-WA00112.jpg\",\"width\":418,\"height\":124,\"caption\":\"Loisir Electronique\"},\"image\":{\"@id\":\"https:\\\/\\\/loisirelectronique.com\\\/#\\\/schema\\\/logo\\\/image\\\/\"}}]}<\/script>\n<!-- \/ Yoast SEO plugin. -->","yoast_head_json":{"title":"I Lock It Pro - Antivol de Cadre Automatique Bluetooth - Loisir Electronique","description":"D\u00e9couvrez l'I Lock It Pro chez Loisir \u00c9lectronique. Verrouillage et d\u00e9verrouillage automatique sans cl\u00e9 gr\u00e2ce au Bluetooth. La libert\u00e9 totale !","robots":{"index":"index","follow":"follow","max-snippet":"max-snippet:-1","max-image-preview":"max-image-preview:large","max-video-preview":"max-video-preview:-1"},"canonical":"https:\/\/loisirelectronique.com\/nl\/product\/i-lock-it-pro-antivol-de-cadre-automatique-bluetooth\/","og_locale":"nl_NL","og_type":"article","og_title":"I Lock It Pro - Antivol de Cadre Automatique Bluetooth - Loisir Electronique","og_description":"D\u00e9couvrez l'I Lock It Pro chez Loisir \u00c9lectronique. Verrouillage et d\u00e9verrouillage automatique sans cl\u00e9 gr\u00e2ce au Bluetooth. La libert\u00e9 totale !","og_url":"https:\/\/loisirelectronique.com\/nl\/product\/i-lock-it-pro-antivol-de-cadre-automatique-bluetooth\/","og_site_name":"Loisir Electronique","og_image":[{"width":1600,"height":800,"url":"http:\/\/loisirelectronique.com\/wp-content\/uploads\/2026\/03\/Antivol-connecte-I-Lock-It-Pro-GPS-pour-velo-intelligent.jpeg","type":"image\/jpeg"}],"twitter_card":"summary_large_image","twitter_misc":{"Geschatte leestijd":"2 minuten"},"schema":{"@context":"https:\/\/schema.org","@graph":[{"@type":"WebPage","@id":"https:\/\/loisirelectronique.com\/produit\/i-lock-it-pro-antivol-de-cadre-automatique-bluetooth\/","url":"https:\/\/loisirelectronique.com\/produit\/i-lock-it-pro-antivol-de-cadre-automatique-bluetooth\/","name":"I Lock It Pro - Antivol de Cadre Automatique Bluetooth - Loisir Electronique","isPartOf":{"@id":"https:\/\/loisirelectronique.com\/#website"},"primaryImageOfPage":{"@id":"https:\/\/loisirelectronique.com\/produit\/i-lock-it-pro-antivol-de-cadre-automatique-bluetooth\/#primaryimage"},"image":{"@id":"https:\/\/loisirelectronique.com\/produit\/i-lock-it-pro-antivol-de-cadre-automatique-bluetooth\/#primaryimage"},"thumbnailUrl":"https:\/\/loisirelectronique.com\/wp-content\/uploads\/2026\/03\/Antivol-connecte-I-Lock-It-Pro-GPS-pour-velo-intelligent.jpeg","datePublished":"2026-03-29T23:55:07+00:00","description":"D\u00e9couvrez l'I Lock It Pro chez Loisir \u00c9lectronique. Verrouillage et d\u00e9verrouillage automatique sans cl\u00e9 gr\u00e2ce au Bluetooth. La libert\u00e9 totale !","breadcrumb":{"@id":"https:\/\/loisirelectronique.com\/produit\/i-lock-it-pro-antivol-de-cadre-automatique-bluetooth\/#breadcrumb"},"inLanguage":"nl-NL","potentialAction":[{"@type":"ReadAction","target":["https:\/\/loisirelectronique.com\/produit\/i-lock-it-pro-antivol-de-cadre-automatique-bluetooth\/"]}]},{"@type":"ImageObject","inLanguage":"nl-NL","@id":"https:\/\/loisirelectronique.com\/produit\/i-lock-it-pro-antivol-de-cadre-automatique-bluetooth\/#primaryimage","url":"https:\/\/loisirelectronique.com\/wp-content\/uploads\/2026\/03\/Antivol-connecte-I-Lock-It-Pro-GPS-pour-velo-intelligent.jpeg","contentUrl":"https:\/\/loisirelectronique.com\/wp-content\/uploads\/2026\/03\/Antivol-connecte-I-Lock-It-Pro-GPS-pour-velo-intelligent.jpeg","width":1600,"height":800,"caption":"Antivol de cadre I Lock It Pro noir install\u00e9 sur la roue arri\u00e8re."},{"@type":"BreadcrumbList","@id":"https:\/\/loisirelectronique.com\/produit\/i-lock-it-pro-antivol-de-cadre-automatique-bluetooth\/#breadcrumb","itemListElement":[{"@type":"ListItem","position":1,"name":"Accueil","item":"https:\/\/loisirelectronique.com\/"},{"@type":"ListItem","position":2,"name":"Boutique","item":"https:\/\/loisirelectronique.com\/velos-electriques-accessoires-trottinettes\/"},{"@type":"ListItem","position":3,"name":"I Lock It Pro &#8211; Antivol de Cadre Automatique Bluetooth"}]},{"@type":"WebSite","@id":"https:\/\/loisirelectronique.com\/#website","url":"https:\/\/loisirelectronique.com\/","name":"Loisir Electronique","description":"Innovation, qualit\u00e9, performance","publisher":{"@id":"https:\/\/loisirelectronique.com\/#organization"},"potentialAction":[{"@type":"SearchAction","target":{"@type":"EntryPoint","urlTemplate":"https:\/\/loisirelectronique.com\/?s={search_term_string}"},"query-input":{"@type":"PropertyValueSpecification","valueRequired":true,"valueName":"search_term_string"}}],"inLanguage":"nl-NL"},{"@type":"Organization","@id":"https:\/\/loisirelectronique.com\/#organization","name":"Loisir Electronique","url":"https:\/\/loisirelectronique.com\/","logo":{"@type":"ImageObject","inLanguage":"nl-NL","@id":"https:\/\/loisirelectronique.com\/#\/schema\/logo\/image\/","url":"http:\/\/loisirelectronique.com\/wp-content\/uploads\/2026\/03\/IMG-20260325-WA00112.jpg","contentUrl":"http:\/\/loisirelectronique.com\/wp-content\/uploads\/2026\/03\/IMG-20260325-WA00112.jpg","width":418,"height":124,"caption":"Loisir Electronique"},"image":{"@id":"https:\/\/loisirelectronique.com\/#\/schema\/logo\/image\/"}}]}},"jetpack_sharing_enabled":true,"_links":{"self":[{"href":"https:\/\/loisirelectronique.com\/nl\/wp-json\/wp\/v2\/product\/29658","targetHints":{"allow":["GET"]}}],"collection":[{"href":"https:\/\/loisirelectronique.com\/nl\/wp-json\/wp\/v2\/product"}],"about":[{"href":"https:\/\/loisirelectronique.com\/nl\/wp-json\/wp\/v2\/types\/product"}],"replies":[{"embeddable":true,"href":"https:\/\/loisirelectronique.com\/nl\/wp-json\/wp\/v2\/comments?post=29658"}],"version-history":[{"count":1,"href":"https:\/\/loisirelectronique.com\/nl\/wp-json\/wp\/v2\/product\/29658\/revisions"}],"predecessor-version":[{"id":29663,"href":"https:\/\/loisirelectronique.com\/nl\/wp-json\/wp\/v2\/product\/29658\/revisions\/29663"}],"wp:featuredmedia":[{"embeddable":true,"href":"https:\/\/loisirelectronique.com\/nl\/wp-json\/wp\/v2\/media\/29659"}],"wp:attachment":[{"href":"https:\/\/loisirelectronique.com\/nl\/wp-json\/wp\/v2\/media?parent=29658"}],"wp:term":[{"taxonomy":"product_brand","embeddable":true,"href":"https:\/\/loisirelectronique.com\/nl\/wp-json\/wp\/v2\/product_brand?post=29658"},{"taxonomy":"product_cat","embeddable":true,"href":"https:\/\/loisirelectronique.com\/nl\/wp-json\/wp\/v2\/product_cat?post=29658"},{"taxonomy":"product_tag","embeddable":true,"href":"https:\/\/loisirelectronique.com\/nl\/wp-json\/wp\/v2\/product_tag?post=29658"}],"curies":[{"name":"wp","href":"https:\/\/api.w.org\/{rel}","templated":true}]}}