{"id":29640,"date":"2026-03-29T22:38:05","date_gmt":"2026-03-29T22:38:05","guid":{"rendered":"https:\/\/loisirelectronique.com\/?post_type=product&#038;p=29640"},"modified":"2026-04-18T15:24:56","modified_gmt":"2026-04-18T15:24:56","slug":"e-bike-vision-powerpack-600-batterie-compatible-bosch-612wh","status":"publish","type":"product","link":"https:\/\/loisirelectronique.com\/nl\/product\/e-bike-vision-powerpack-600-batterie-compatible-bosch-612wh\/","title":{"rendered":"E-Bike Vision PowerPack 600 &#8211; Batterie Compatible Bosch 612Wh"},"content":{"rendered":"<h2 data-path-to-node=\"4,4,1,1,1\"><a href=\"https:\/\/loisirelectronique.com\/nl\/product-categorie\/accessoires\/\">E-Bike Vision PowerPack 600 &#8211; Batterie Compatible Bosch 612Wh<\/a><\/h2>\n<h2 data-path-to-node=\"4,4,1,1,1\">Une autonomie \u00e9tendue pour vos aventures<\/h2>\n<p data-path-to-node=\"4,4,1,1,2\">Gr\u00e2ce \u00e0 sa capacit\u00e9 de 612 Wh, cette batterie <b data-path-to-node=\"4,4,1,1,2\" data-index-in-node=\"46\">E-Bike Vision<\/b> permet d&rsquo;augmenter significativement votre rayon d&rsquo;action. Que vous fassiez du v\u00e9lotaf quotidien ou de la randonn\u00e9e le week-end, vous profitez d&rsquo;une r\u00e9serve d&rsquo;\u00e9nergie sup\u00e9rieure aux batteries Bosch PowerPack 500 classiques.<\/p>\n<h2 data-path-to-node=\"7,4,1,1,1\">Un syst\u00e8me de gestion (BMS) de derni\u00e8re g\u00e9n\u00e9ration<\/h2>\n<p data-path-to-node=\"7,4,1,1,2\">Le cerveau de l&rsquo;<b data-path-to-node=\"7,4,1,1,2\" data-index-in-node=\"16\">E-Bike Vision PowerPack 600<\/b> surveille chaque cellule individuellement. Cela pr\u00e9vient la surchauffe, les courts-circuits et la surcharge. Le bo\u00eetier est \u00e9galement dot\u00e9 d&rsquo;un joint d&rsquo;\u00e9tanch\u00e9it\u00e9 sp\u00e9cial pour prot\u00e9ger l&rsquo;\u00e9lectronique contre l&rsquo;humidit\u00e9 et les projections d&rsquo;eau.<\/p>\n<h2 data-path-to-node=\"13,4,1,1,1\">Plus de puissance pour le m\u00eame encombrement<\/h2>\n<p data-path-to-node=\"13,4,1,1,2\">Le tour de force d&rsquo;<b data-path-to-node=\"13,4,1,1,2\" data-index-in-node=\"19\">E-Bike Vision<\/b> est d&rsquo;avoir log\u00e9 612 Wh dans un bo\u00eetier compatible avec les supports de cadre standards. Cela vous permet de transformer votre v\u00e9lo sans changer de composants co\u00fbteux. C&rsquo;est la solution id\u00e9ale pour ceux qui trouvent leur batterie d&rsquo;origine trop limit\u00e9e.<\/p>\n<h2 data-path-to-node=\"7,4,1,1,3\">Une durabilit\u00e9 exemplaire<\/h2>\n<p data-path-to-node=\"7,4,1,1,4\">Contrairement aux batteries g\u00e9n\u00e9riques de basse qualit\u00e9, E-Bike Vision utilise des cellules de marque reconnue. Cela garantit un nombre \u00e9lev\u00e9 de cycles de charge sans perte notable de capacit\u00e9. Chez <b data-path-to-node=\"7,4,1,1,4\" data-index-in-node=\"199\">Loisir \u00c9lectronique<\/b>, la long\u00e9vit\u00e9 de votre \u00e9quipement est notre priorit\u00e9.<\/p>\n<p data-path-to-node=\"7,4,1,1,5,0,0\"><i data-path-to-node=\"7,4,1,1,5,0,0\" data-index-in-node=\"19\">D\u00e9couvrez nos <a class=\"ng-star-inserted\" href=\"https:\/\/loisirelectronique.com\/nl\/product-categorie\/accessoires\/\" target=\"_blank\" rel=\"noopener\" data-hveid=\"0\" data-ved=\"0CAAQ_4QMahgKEwiSrtrlkMWTAxUAAAAAHQAAAAAQ6AQ\">accessoires de protection<\/a> pour s\u00e9curiser votre mat\u00e9riel.<\/i><\/p>","protected":false},"excerpt":{"rendered":"<div class=\"custom-product-box\">\n<p class=\"highlight\">\ud83d\udd25 Batterie haute capacit\u00e9 pour v\u00e9los \u00e9lectriques performants<\/p>\n<p>\ud83d\udcc8 Mod\u00e8le recherch\u00e9 pour am\u00e9liorer l\u2019autonomie des e-bikes compatibles Bosch<\/p>\n<p>\u2b50 Note moyenne : 4.5\/5<\/p>\n<p>\u2b50 Exp\u00e9rience globale reconnue pour sa fiabilit\u00e9 et sa dur\u00e9e d\u2019utilisation<\/p>\n<p>\ud83d\ude9a Livraison rapide avec suivi complet<\/p>\n<p>\ud83d\udce6 Disponibilit\u00e9 variable selon les arrivages<\/p>\n<p class=\"highlight\">\u26a1 Produit souvent choisi pour upgrades et longues sorties v\u00e9lo<\/p>\n<\/div>\n<p data-start=\"1005\" data-end=\"1252\">La <strong data-start=\"1008\" data-end=\"1039\">E-Bike Vision PowerPack 600<\/strong> est une batterie lithium-ion con\u00e7ue pour les v\u00e9los \u00e9lectriques \u00e9quip\u00e9s de syst\u00e8mes Bosch. Avec une capacit\u00e9 de <strong data-start=\"1151\" data-end=\"1160\">600Wh<\/strong>, elle offre une excellente autonomie pour les trajets quotidiens et les longues randonn\u00e9es.<\/p>\n<p data-start=\"1254\" data-end=\"1502\">Cette batterie constitue une alternative fiable et performante aux batteries d\u2019origine, tout en garantissant compatibilit\u00e9 et s\u00e9curit\u00e9. Elle int\u00e8gre une gestion intelligente de l\u2019\u00e9nergie pour optimiser les performances et prolonger sa dur\u00e9e de vie.<\/p>\n<p data-start=\"1504\" data-end=\"1673\">Facile \u00e0 installer, robuste et durable, la PowerPack 600 est id\u00e9ale pour les utilisateurs recherchant un excellent rapport qualit\u00e9-prix sans compromettre la performance.<\/p>","protected":false},"featured_media":29643,"comment_status":"open","ping_status":"closed","template":"","meta":[],"product_brand":[],"product_cat":[42],"product_tag":[],"class_list":{"0":"post-29640","1":"product","2":"type-product","3":"status-publish","4":"has-post-thumbnail","6":"product_cat-accessoires","8":"first","9":"instock","10":"sale","11":"taxable","12":"shipping-taxable","13":"purchasable","14":"product-type-simple"},"yoast_head":"<!-- This site is optimized with the Yoast SEO plugin v27.5 - https:\/\/yoast.com\/product\/yoast-seo-wordpress\/ -->\n<title>E-Bike Vision PowerPack 600 - Batterie Compatible Bosch 612Wh - Loisir Electronique<\/title>\n<meta name=\"description\" content=\"Boostez votre autonomie avec l&#039;E-Bike Vision PowerPack 600. 612Wh de puissance compatible avec les moteurs Bosch Active et Performance Line. Achetez ici !\" \/>\n<meta name=\"robots\" content=\"index, follow, max-snippet:-1, max-image-preview:large, max-video-preview:-1\" \/>\n<link rel=\"canonical\" href=\"https:\/\/loisirelectronique.com\/nl\/product\/e-bike-vision-powerpack-600-batterie-compatible-bosch-612wh\/\" \/>\n<meta property=\"og:locale\" content=\"nl_NL\" \/>\n<meta property=\"og:type\" content=\"article\" \/>\n<meta property=\"og:title\" content=\"E-Bike Vision PowerPack 600 - Batterie Compatible Bosch 612Wh - Loisir Electronique\" \/>\n<meta property=\"og:description\" content=\"Boostez votre autonomie avec l&#039;E-Bike Vision PowerPack 600. 612Wh de puissance compatible avec les moteurs Bosch Active et Performance Line. Achetez ici !\" \/>\n<meta property=\"og:url\" content=\"https:\/\/loisirelectronique.com\/nl\/product\/e-bike-vision-powerpack-600-batterie-compatible-bosch-612wh\/\" \/>\n<meta property=\"og:site_name\" content=\"Loisir Electronique\" \/>\n<meta property=\"article:modified_time\" content=\"2026-04-18T15:24:56+00:00\" \/>\n<meta property=\"og:image\" content=\"http:\/\/loisirelectronique.com\/wp-content\/uploads\/2026\/03\/Batterie-velo-electrique-E-Bike-Vision-600Wh-haute-autonomie.jpeg\" \/>\n\t<meta property=\"og:image:width\" content=\"1080\" \/>\n\t<meta property=\"og:image:height\" content=\"1036\" \/>\n\t<meta property=\"og:image:type\" content=\"image\/jpeg\" \/>\n<meta name=\"twitter:card\" content=\"summary_large_image\" \/>\n<meta name=\"twitter:label1\" content=\"Geschatte leestijd\" \/>\n\t<meta name=\"twitter:data1\" content=\"2 minuten\" \/>\n<script type=\"application\/ld+json\" class=\"yoast-schema-graph\">{\"@context\":\"https:\\\/\\\/schema.org\",\"@graph\":[{\"@type\":\"WebPage\",\"@id\":\"https:\\\/\\\/loisirelectronique.com\\\/produit\\\/e-bike-vision-powerpack-600-batterie-compatible-bosch-612wh\\\/\",\"url\":\"https:\\\/\\\/loisirelectronique.com\\\/produit\\\/e-bike-vision-powerpack-600-batterie-compatible-bosch-612wh\\\/\",\"name\":\"E-Bike Vision PowerPack 600 - Batterie Compatible Bosch 612Wh - Loisir Electronique\",\"isPartOf\":{\"@id\":\"https:\\\/\\\/loisirelectronique.com\\\/#website\"},\"primaryImageOfPage\":{\"@id\":\"https:\\\/\\\/loisirelectronique.com\\\/produit\\\/e-bike-vision-powerpack-600-batterie-compatible-bosch-612wh\\\/#primaryimage\"},\"image\":{\"@id\":\"https:\\\/\\\/loisirelectronique.com\\\/produit\\\/e-bike-vision-powerpack-600-batterie-compatible-bosch-612wh\\\/#primaryimage\"},\"thumbnailUrl\":\"https:\\\/\\\/loisirelectronique.com\\\/wp-content\\\/uploads\\\/2026\\\/03\\\/Batterie-velo-electrique-E-Bike-Vision-600Wh-haute-autonomie.jpeg\",\"datePublished\":\"2026-03-29T22:38:05+00:00\",\"dateModified\":\"2026-04-18T15:24:56+00:00\",\"description\":\"Boostez votre autonomie avec l'E-Bike Vision PowerPack 600. 612Wh de puissance compatible avec les moteurs Bosch Active et Performance Line. Achetez ici !\",\"breadcrumb\":{\"@id\":\"https:\\\/\\\/loisirelectronique.com\\\/produit\\\/e-bike-vision-powerpack-600-batterie-compatible-bosch-612wh\\\/#breadcrumb\"},\"inLanguage\":\"nl-NL\",\"potentialAction\":[{\"@type\":\"ReadAction\",\"target\":[\"https:\\\/\\\/loisirelectronique.com\\\/produit\\\/e-bike-vision-powerpack-600-batterie-compatible-bosch-612wh\\\/\"]}]},{\"@type\":\"ImageObject\",\"inLanguage\":\"nl-NL\",\"@id\":\"https:\\\/\\\/loisirelectronique.com\\\/produit\\\/e-bike-vision-powerpack-600-batterie-compatible-bosch-612wh\\\/#primaryimage\",\"url\":\"https:\\\/\\\/loisirelectronique.com\\\/wp-content\\\/uploads\\\/2026\\\/03\\\/Batterie-velo-electrique-E-Bike-Vision-600Wh-haute-autonomie.jpeg\",\"contentUrl\":\"https:\\\/\\\/loisirelectronique.com\\\/wp-content\\\/uploads\\\/2026\\\/03\\\/Batterie-velo-electrique-E-Bike-Vision-600Wh-haute-autonomie.jpeg\",\"width\":1080,\"height\":1036,\"caption\":\"Batterie E-Bike Vision PowerPack 600 compatible Bosch pour cadre.\"},{\"@type\":\"BreadcrumbList\",\"@id\":\"https:\\\/\\\/loisirelectronique.com\\\/produit\\\/e-bike-vision-powerpack-600-batterie-compatible-bosch-612wh\\\/#breadcrumb\",\"itemListElement\":[{\"@type\":\"ListItem\",\"position\":1,\"name\":\"Accueil\",\"item\":\"https:\\\/\\\/loisirelectronique.com\\\/\"},{\"@type\":\"ListItem\",\"position\":2,\"name\":\"Boutique\",\"item\":\"https:\\\/\\\/loisirelectronique.com\\\/velos-electriques-accessoires-trottinettes\\\/\"},{\"@type\":\"ListItem\",\"position\":3,\"name\":\"E-Bike Vision PowerPack 600 &#8211; Batterie Compatible Bosch 612Wh\"}]},{\"@type\":\"WebSite\",\"@id\":\"https:\\\/\\\/loisirelectronique.com\\\/#website\",\"url\":\"https:\\\/\\\/loisirelectronique.com\\\/\",\"name\":\"Loisir Electronique\",\"description\":\"Innovation, qualit\u00e9, performance\",\"publisher\":{\"@id\":\"https:\\\/\\\/loisirelectronique.com\\\/#organization\"},\"potentialAction\":[{\"@type\":\"SearchAction\",\"target\":{\"@type\":\"EntryPoint\",\"urlTemplate\":\"https:\\\/\\\/loisirelectronique.com\\\/?s={search_term_string}\"},\"query-input\":{\"@type\":\"PropertyValueSpecification\",\"valueRequired\":true,\"valueName\":\"search_term_string\"}}],\"inLanguage\":\"nl-NL\"},{\"@type\":\"Organization\",\"@id\":\"https:\\\/\\\/loisirelectronique.com\\\/#organization\",\"name\":\"Loisir Electronique\",\"url\":\"https:\\\/\\\/loisirelectronique.com\\\/\",\"logo\":{\"@type\":\"ImageObject\",\"inLanguage\":\"nl-NL\",\"@id\":\"https:\\\/\\\/loisirelectronique.com\\\/#\\\/schema\\\/logo\\\/image\\\/\",\"url\":\"http:\\\/\\\/loisirelectronique.com\\\/wp-content\\\/uploads\\\/2026\\\/03\\\/IMG-20260325-WA00112.jpg\",\"contentUrl\":\"http:\\\/\\\/loisirelectronique.com\\\/wp-content\\\/uploads\\\/2026\\\/03\\\/IMG-20260325-WA00112.jpg\",\"width\":418,\"height\":124,\"caption\":\"Loisir Electronique\"},\"image\":{\"@id\":\"https:\\\/\\\/loisirelectronique.com\\\/#\\\/schema\\\/logo\\\/image\\\/\"}}]}<\/script>\n<!-- \/ Yoast SEO plugin. -->","yoast_head_json":{"title":"E-Bike Vision PowerPack 600 - Batterie Compatible Bosch 612Wh - Loisir Electronique","description":"Boostez votre autonomie avec l'E-Bike Vision PowerPack 600. 612Wh de puissance compatible avec les moteurs Bosch Active et Performance Line. Achetez ici !","robots":{"index":"index","follow":"follow","max-snippet":"max-snippet:-1","max-image-preview":"max-image-preview:large","max-video-preview":"max-video-preview:-1"},"canonical":"https:\/\/loisirelectronique.com\/nl\/product\/e-bike-vision-powerpack-600-batterie-compatible-bosch-612wh\/","og_locale":"nl_NL","og_type":"article","og_title":"E-Bike Vision PowerPack 600 - Batterie Compatible Bosch 612Wh - Loisir Electronique","og_description":"Boostez votre autonomie avec l'E-Bike Vision PowerPack 600. 612Wh de puissance compatible avec les moteurs Bosch Active et Performance Line. Achetez ici !","og_url":"https:\/\/loisirelectronique.com\/nl\/product\/e-bike-vision-powerpack-600-batterie-compatible-bosch-612wh\/","og_site_name":"Loisir Electronique","article_modified_time":"2026-04-18T15:24:56+00:00","og_image":[{"width":1080,"height":1036,"url":"http:\/\/loisirelectronique.com\/wp-content\/uploads\/2026\/03\/Batterie-velo-electrique-E-Bike-Vision-600Wh-haute-autonomie.jpeg","type":"image\/jpeg"}],"twitter_card":"summary_large_image","twitter_misc":{"Geschatte leestijd":"2 minuten"},"schema":{"@context":"https:\/\/schema.org","@graph":[{"@type":"WebPage","@id":"https:\/\/loisirelectronique.com\/produit\/e-bike-vision-powerpack-600-batterie-compatible-bosch-612wh\/","url":"https:\/\/loisirelectronique.com\/produit\/e-bike-vision-powerpack-600-batterie-compatible-bosch-612wh\/","name":"E-Bike Vision PowerPack 600 - Batterie Compatible Bosch 612Wh - Loisir Electronique","isPartOf":{"@id":"https:\/\/loisirelectronique.com\/#website"},"primaryImageOfPage":{"@id":"https:\/\/loisirelectronique.com\/produit\/e-bike-vision-powerpack-600-batterie-compatible-bosch-612wh\/#primaryimage"},"image":{"@id":"https:\/\/loisirelectronique.com\/produit\/e-bike-vision-powerpack-600-batterie-compatible-bosch-612wh\/#primaryimage"},"thumbnailUrl":"https:\/\/loisirelectronique.com\/wp-content\/uploads\/2026\/03\/Batterie-velo-electrique-E-Bike-Vision-600Wh-haute-autonomie.jpeg","datePublished":"2026-03-29T22:38:05+00:00","dateModified":"2026-04-18T15:24:56+00:00","description":"Boostez votre autonomie avec l'E-Bike Vision PowerPack 600. 612Wh de puissance compatible avec les moteurs Bosch Active et Performance Line. Achetez ici !","breadcrumb":{"@id":"https:\/\/loisirelectronique.com\/produit\/e-bike-vision-powerpack-600-batterie-compatible-bosch-612wh\/#breadcrumb"},"inLanguage":"nl-NL","potentialAction":[{"@type":"ReadAction","target":["https:\/\/loisirelectronique.com\/produit\/e-bike-vision-powerpack-600-batterie-compatible-bosch-612wh\/"]}]},{"@type":"ImageObject","inLanguage":"nl-NL","@id":"https:\/\/loisirelectronique.com\/produit\/e-bike-vision-powerpack-600-batterie-compatible-bosch-612wh\/#primaryimage","url":"https:\/\/loisirelectronique.com\/wp-content\/uploads\/2026\/03\/Batterie-velo-electrique-E-Bike-Vision-600Wh-haute-autonomie.jpeg","contentUrl":"https:\/\/loisirelectronique.com\/wp-content\/uploads\/2026\/03\/Batterie-velo-electrique-E-Bike-Vision-600Wh-haute-autonomie.jpeg","width":1080,"height":1036,"caption":"Batterie E-Bike Vision PowerPack 600 compatible Bosch pour cadre."},{"@type":"BreadcrumbList","@id":"https:\/\/loisirelectronique.com\/produit\/e-bike-vision-powerpack-600-batterie-compatible-bosch-612wh\/#breadcrumb","itemListElement":[{"@type":"ListItem","position":1,"name":"Accueil","item":"https:\/\/loisirelectronique.com\/"},{"@type":"ListItem","position":2,"name":"Boutique","item":"https:\/\/loisirelectronique.com\/velos-electriques-accessoires-trottinettes\/"},{"@type":"ListItem","position":3,"name":"E-Bike Vision PowerPack 600 &#8211; Batterie Compatible Bosch 612Wh"}]},{"@type":"WebSite","@id":"https:\/\/loisirelectronique.com\/#website","url":"https:\/\/loisirelectronique.com\/","name":"Loisir Electronique","description":"Innovation, qualit\u00e9, performance","publisher":{"@id":"https:\/\/loisirelectronique.com\/#organization"},"potentialAction":[{"@type":"SearchAction","target":{"@type":"EntryPoint","urlTemplate":"https:\/\/loisirelectronique.com\/?s={search_term_string}"},"query-input":{"@type":"PropertyValueSpecification","valueRequired":true,"valueName":"search_term_string"}}],"inLanguage":"nl-NL"},{"@type":"Organization","@id":"https:\/\/loisirelectronique.com\/#organization","name":"Loisir Electronique","url":"https:\/\/loisirelectronique.com\/","logo":{"@type":"ImageObject","inLanguage":"nl-NL","@id":"https:\/\/loisirelectronique.com\/#\/schema\/logo\/image\/","url":"http:\/\/loisirelectronique.com\/wp-content\/uploads\/2026\/03\/IMG-20260325-WA00112.jpg","contentUrl":"http:\/\/loisirelectronique.com\/wp-content\/uploads\/2026\/03\/IMG-20260325-WA00112.jpg","width":418,"height":124,"caption":"Loisir Electronique"},"image":{"@id":"https:\/\/loisirelectronique.com\/#\/schema\/logo\/image\/"}}]}},"jetpack_sharing_enabled":true,"_links":{"self":[{"href":"https:\/\/loisirelectronique.com\/nl\/wp-json\/wp\/v2\/product\/29640","targetHints":{"allow":["GET"]}}],"collection":[{"href":"https:\/\/loisirelectronique.com\/nl\/wp-json\/wp\/v2\/product"}],"about":[{"href":"https:\/\/loisirelectronique.com\/nl\/wp-json\/wp\/v2\/types\/product"}],"replies":[{"embeddable":true,"href":"https:\/\/loisirelectronique.com\/nl\/wp-json\/wp\/v2\/comments?post=29640"}],"version-history":[{"count":2,"href":"https:\/\/loisirelectronique.com\/nl\/wp-json\/wp\/v2\/product\/29640\/revisions"}],"predecessor-version":[{"id":30703,"href":"https:\/\/loisirelectronique.com\/nl\/wp-json\/wp\/v2\/product\/29640\/revisions\/30703"}],"wp:featuredmedia":[{"embeddable":true,"href":"https:\/\/loisirelectronique.com\/nl\/wp-json\/wp\/v2\/media\/29643"}],"wp:attachment":[{"href":"https:\/\/loisirelectronique.com\/nl\/wp-json\/wp\/v2\/media?parent=29640"}],"wp:term":[{"taxonomy":"product_brand","embeddable":true,"href":"https:\/\/loisirelectronique.com\/nl\/wp-json\/wp\/v2\/product_brand?post=29640"},{"taxonomy":"product_cat","embeddable":true,"href":"https:\/\/loisirelectronique.com\/nl\/wp-json\/wp\/v2\/product_cat?post=29640"},{"taxonomy":"product_tag","embeddable":true,"href":"https:\/\/loisirelectronique.com\/nl\/wp-json\/wp\/v2\/product_tag?post=29640"}],"curies":[{"name":"wp","href":"https:\/\/api.w.org\/{rel}","templated":true}]}}