{"id":29441,"date":"2026-03-28T22:51:36","date_gmt":"2026-03-28T22:51:36","guid":{"rendered":"https:\/\/loisirelectronique.com\/?post_type=product&#038;p=29441"},"modified":"2026-03-28T22:51:37","modified_gmt":"2026-03-28T22:51:37","slug":"rockrider-st-540-classique-semi","status":"publish","type":"product","link":"https:\/\/loisirelectronique.com\/nl\/product\/rockrider-st-540-classique-semi\/","title":{"rendered":"Rockrider ST 540 classique"},"content":{"rendered":"<h2 data-path-to-node=\"3,4,1,1,1\"><a href=\"https:\/\/loisirelectronique.com\/nl\/product-categorie\/velos\/vtt\/\">Rockrider ST 540 classique (semi-rigide)<\/a><\/h2>\n<h2 data-path-to-node=\"3,4,1,1,1\">Une transmission fluide pour tous les d\u00e9nivel\u00e9s<\/h2>\n<p data-path-to-node=\"3,4,1,1,2\">Le <b data-path-to-node=\"3,4,1,1,2\" data-index-in-node=\"3\">Rockrider ST 540<\/b> se distingue par sa transmission Shimano Altus \u00e0 18 vitesses. Le syst\u00e8me \u00e0 double plateau permet de simplifier le passage des rapports tout en offrant une plage de d\u00e9veloppement id\u00e9ale pour les mont\u00e9es raides et les descentes rapides. Cette fluidit\u00e9 m\u00e9canique vous permet de rester concentr\u00e9 sur votre trajectoire en for\u00eat ou en montagne.<\/p>\n<h2 data-path-to-node=\"3,4,1,1,3\">Contr\u00f4le absolu avec le freinage hydraulique<\/h2>\n<p data-path-to-node=\"3,4,1,1,4\">La s\u00e9curit\u00e9 est renforc\u00e9e par des freins \u00e0 disques hydrauliques puissants et progressifs. Peu importe les conditions m\u00e9t\u00e9o, boue ou pluie, vous b\u00e9n\u00e9ficiez d&rsquo;un freinage constant avec un minimum d&rsquo;effort sur les leviers. Chez <b data-path-to-node=\"3,4,1,1,4\" data-index-in-node=\"225\">Loisir \u00c9lectronique<\/b>, nous recommandons ce mod\u00e8le pour les pratiquants r\u00e9guliers cherchant un v\u00e9lo fiable et nerveux.<\/p>\n<h2 data-path-to-node=\"12,4,1,1,1\">Une accroche maximale dans les virages<\/h2>\n<p data-path-to-node=\"12,4,1,1,2\">Le <b data-path-to-node=\"12,4,1,1,2\" data-index-in-node=\"3\">Rockrider ST 540<\/b> est \u00e9quip\u00e9 de pneus sp\u00e9cifiques dot\u00e9s de crampons lat\u00e9raux. Cette conception permet une excellente \u00e9vacuation de la boue en ligne droite et une accroche s\u00e9curisante dans les virages serr\u00e9s sur sol meuble. Les p\u00e9dales larges en r\u00e9sine assurent un maintien du pied optimal pour \u00e9viter tout glissement lors de vos efforts intenses.<\/p>\n<p data-path-to-node=\"6,4,1,1,5,0,0\">","protected":false},"excerpt":{"rendered":"<h2 data-path-to-node=\"12,4,1,1,1\">Une accroche maximale dans les virages<\/h2>\n<p data-path-to-node=\"12,4,1,1,2\">Le <b data-path-to-node=\"12,4,1,1,2\" data-index-in-node=\"3\">Rockrider ST 540<\/b> est \u00e9quip\u00e9 de pneus sp\u00e9cifiques dot\u00e9s de crampons lat\u00e9raux. Cette conception permet une excellente \u00e9vacuation de la boue en ligne droite et une accroche s\u00e9curisante dans les virages serr\u00e9s sur sol meuble. Les p\u00e9dales larges en r\u00e9sine assurent un maintien du pied optimal pour \u00e9viter tout glissement lors de vos efforts intenses.<\/p>\n<h2 data-path-to-node=\"12,4,1,1,3\">Pr\u00eat pour toutes vos installations<\/h2>\n<p data-path-to-node=\"12,4,1,1,4\">Ce VTT semi-rigide est incroyablement polyvalent. Son cadre est d\u00e9j\u00e0 perc\u00e9 pour accueillir un porte-bagage, un garde-boue ou un porte-bidon, ce qui en fait un excellent choix pour le cyclotourisme ou les longs trajets quotidiens. Chez <b data-path-to-node=\"12,4,1,1,4\" data-index-in-node=\"235\">Loisir \u00c9lectronique<\/b>, nous valorisons cette adaptabilit\u00e9 qui permet \u00e0 chaque cycliste de personnaliser son exp\u00e9rience.<\/p>","protected":false},"featured_media":29446,"comment_status":"open","ping_status":"closed","template":"","meta":[],"product_brand":[305],"product_cat":[38,44,46],"product_tag":[],"class_list":{"0":"post-29441","1":"product","2":"type-product","3":"status-publish","4":"has-post-thumbnail","6":"product_brand-rockrider","7":"product_cat-velo-electrique","8":"product_cat-velos","9":"product_cat-vtt","11":"first","12":"instock","13":"sale","14":"taxable","15":"shipping-taxable","16":"purchasable","17":"product-type-simple"},"yoast_head":"<!-- This site is optimized with the Yoast SEO plugin v27.5 - https:\/\/yoast.com\/product\/yoast-seo-wordpress\/ -->\n<title>Rockrider ST 540 classique - Loisir Electronique<\/title>\n<meta name=\"description\" content=\"D\u00e9couvrez le Rockrider ST 540 chez Loisir \u00c9lectronique. Profitez d&#039;une transmission double plateau 18 vitesses pour dominer les sentiers. Commandez ici !\" \/>\n<meta name=\"robots\" content=\"index, follow, max-snippet:-1, max-image-preview:large, max-video-preview:-1\" \/>\n<link rel=\"canonical\" href=\"https:\/\/loisirelectronique.com\/nl\/product\/rockrider-st-540-classique-semi\/\" \/>\n<meta property=\"og:locale\" content=\"nl_NL\" \/>\n<meta property=\"og:type\" content=\"article\" \/>\n<meta property=\"og:title\" content=\"Rockrider ST 540 classique - Loisir Electronique\" \/>\n<meta property=\"og:description\" content=\"D\u00e9couvrez le Rockrider ST 540 chez Loisir \u00c9lectronique. Profitez d&#039;une transmission double plateau 18 vitesses pour dominer les sentiers. Commandez ici !\" \/>\n<meta property=\"og:url\" content=\"https:\/\/loisirelectronique.com\/nl\/product\/rockrider-st-540-classique-semi\/\" \/>\n<meta property=\"og:site_name\" content=\"Loisir Electronique\" \/>\n<meta property=\"article:modified_time\" content=\"2026-03-28T22:51:37+00:00\" \/>\n<meta property=\"og:image\" content=\"http:\/\/loisirelectronique.com\/wp-content\/uploads\/2026\/03\/VTT-Rockrider-ST-540-Classique-\u2013-Semi-Rigide-Confortable-et-Robuste-a-Prix-Abordable.jpeg\" \/>\n\t<meta property=\"og:image:width\" content=\"1600\" \/>\n\t<meta property=\"og:image:height\" content=\"1600\" \/>\n\t<meta property=\"og:image:type\" content=\"image\/jpeg\" \/>\n<meta name=\"twitter:card\" content=\"summary_large_image\" \/>\n<meta name=\"twitter:label1\" content=\"Geschatte leestijd\" \/>\n\t<meta name=\"twitter:data1\" content=\"2 minuten\" \/>\n<script type=\"application\/ld+json\" class=\"yoast-schema-graph\">{\"@context\":\"https:\\\/\\\/schema.org\",\"@graph\":[{\"@type\":\"WebPage\",\"@id\":\"https:\\\/\\\/loisirelectronique.com\\\/produit\\\/rockrider-st-540-classique-semi\\\/\",\"url\":\"https:\\\/\\\/loisirelectronique.com\\\/produit\\\/rockrider-st-540-classique-semi\\\/\",\"name\":\"Rockrider ST 540 classique - Loisir Electronique\",\"isPartOf\":{\"@id\":\"https:\\\/\\\/loisirelectronique.com\\\/#website\"},\"primaryImageOfPage\":{\"@id\":\"https:\\\/\\\/loisirelectronique.com\\\/produit\\\/rockrider-st-540-classique-semi\\\/#primaryimage\"},\"image\":{\"@id\":\"https:\\\/\\\/loisirelectronique.com\\\/produit\\\/rockrider-st-540-classique-semi\\\/#primaryimage\"},\"thumbnailUrl\":\"https:\\\/\\\/loisirelectronique.com\\\/wp-content\\\/uploads\\\/2026\\\/03\\\/VTT-Rockrider-ST-540-Classique-\u2013-Semi-Rigide-Confortable-et-Robuste-a-Prix-Abordable.jpeg\",\"datePublished\":\"2026-03-28T22:51:36+00:00\",\"dateModified\":\"2026-03-28T22:51:37+00:00\",\"description\":\"D\u00e9couvrez le Rockrider ST 540 chez Loisir \u00c9lectronique. Profitez d'une transmission double plateau 18 vitesses pour dominer les sentiers. Commandez ici !\",\"breadcrumb\":{\"@id\":\"https:\\\/\\\/loisirelectronique.com\\\/produit\\\/rockrider-st-540-classique-semi\\\/#breadcrumb\"},\"inLanguage\":\"nl-NL\",\"potentialAction\":[{\"@type\":\"ReadAction\",\"target\":[\"https:\\\/\\\/loisirelectronique.com\\\/produit\\\/rockrider-st-540-classique-semi\\\/\"]}]},{\"@type\":\"ImageObject\",\"inLanguage\":\"nl-NL\",\"@id\":\"https:\\\/\\\/loisirelectronique.com\\\/produit\\\/rockrider-st-540-classique-semi\\\/#primaryimage\",\"url\":\"https:\\\/\\\/loisirelectronique.com\\\/wp-content\\\/uploads\\\/2026\\\/03\\\/VTT-Rockrider-ST-540-Classique-\u2013-Semi-Rigide-Confortable-et-Robuste-a-Prix-Abordable.jpeg\",\"contentUrl\":\"https:\\\/\\\/loisirelectronique.com\\\/wp-content\\\/uploads\\\/2026\\\/03\\\/VTT-Rockrider-ST-540-Classique-\u2013-Semi-Rigide-Confortable-et-Robuste-a-Prix-Abordable.jpeg\",\"width\":1600,\"height\":1600,\"caption\":\"Rockrider ST 540 : la pr\u00e9cision du double plateau pour vos sorties sportives.\"},{\"@type\":\"BreadcrumbList\",\"@id\":\"https:\\\/\\\/loisirelectronique.com\\\/produit\\\/rockrider-st-540-classique-semi\\\/#breadcrumb\",\"itemListElement\":[{\"@type\":\"ListItem\",\"position\":1,\"name\":\"Accueil\",\"item\":\"https:\\\/\\\/loisirelectronique.com\\\/\"},{\"@type\":\"ListItem\",\"position\":2,\"name\":\"Boutique\",\"item\":\"https:\\\/\\\/loisirelectronique.com\\\/velos-electriques-accessoires-trottinettes\\\/\"},{\"@type\":\"ListItem\",\"position\":3,\"name\":\"Rockrider ST 540 classique\"}]},{\"@type\":\"WebSite\",\"@id\":\"https:\\\/\\\/loisirelectronique.com\\\/#website\",\"url\":\"https:\\\/\\\/loisirelectronique.com\\\/\",\"name\":\"Loisir Electronique\",\"description\":\"Innovation, qualit\u00e9, performance\",\"publisher\":{\"@id\":\"https:\\\/\\\/loisirelectronique.com\\\/#organization\"},\"potentialAction\":[{\"@type\":\"SearchAction\",\"target\":{\"@type\":\"EntryPoint\",\"urlTemplate\":\"https:\\\/\\\/loisirelectronique.com\\\/?s={search_term_string}\"},\"query-input\":{\"@type\":\"PropertyValueSpecification\",\"valueRequired\":true,\"valueName\":\"search_term_string\"}}],\"inLanguage\":\"nl-NL\"},{\"@type\":\"Organization\",\"@id\":\"https:\\\/\\\/loisirelectronique.com\\\/#organization\",\"name\":\"Loisir Electronique\",\"url\":\"https:\\\/\\\/loisirelectronique.com\\\/\",\"logo\":{\"@type\":\"ImageObject\",\"inLanguage\":\"nl-NL\",\"@id\":\"https:\\\/\\\/loisirelectronique.com\\\/#\\\/schema\\\/logo\\\/image\\\/\",\"url\":\"http:\\\/\\\/loisirelectronique.com\\\/wp-content\\\/uploads\\\/2026\\\/03\\\/IMG-20260325-WA00112.jpg\",\"contentUrl\":\"http:\\\/\\\/loisirelectronique.com\\\/wp-content\\\/uploads\\\/2026\\\/03\\\/IMG-20260325-WA00112.jpg\",\"width\":418,\"height\":124,\"caption\":\"Loisir Electronique\"},\"image\":{\"@id\":\"https:\\\/\\\/loisirelectronique.com\\\/#\\\/schema\\\/logo\\\/image\\\/\"}}]}<\/script>\n<!-- \/ Yoast SEO plugin. -->","yoast_head_json":{"title":"Rockrider ST 540 classique - Loisir Electronique","description":"D\u00e9couvrez le Rockrider ST 540 chez Loisir \u00c9lectronique. Profitez d'une transmission double plateau 18 vitesses pour dominer les sentiers. Commandez ici !","robots":{"index":"index","follow":"follow","max-snippet":"max-snippet:-1","max-image-preview":"max-image-preview:large","max-video-preview":"max-video-preview:-1"},"canonical":"https:\/\/loisirelectronique.com\/nl\/product\/rockrider-st-540-classique-semi\/","og_locale":"nl_NL","og_type":"article","og_title":"Rockrider ST 540 classique - Loisir Electronique","og_description":"D\u00e9couvrez le Rockrider ST 540 chez Loisir \u00c9lectronique. Profitez d'une transmission double plateau 18 vitesses pour dominer les sentiers. Commandez ici !","og_url":"https:\/\/loisirelectronique.com\/nl\/product\/rockrider-st-540-classique-semi\/","og_site_name":"Loisir Electronique","article_modified_time":"2026-03-28T22:51:37+00:00","og_image":[{"width":1600,"height":1600,"url":"http:\/\/loisirelectronique.com\/wp-content\/uploads\/2026\/03\/VTT-Rockrider-ST-540-Classique-\u2013-Semi-Rigide-Confortable-et-Robuste-a-Prix-Abordable.jpeg","type":"image\/jpeg"}],"twitter_card":"summary_large_image","twitter_misc":{"Geschatte leestijd":"2 minuten"},"schema":{"@context":"https:\/\/schema.org","@graph":[{"@type":"WebPage","@id":"https:\/\/loisirelectronique.com\/produit\/rockrider-st-540-classique-semi\/","url":"https:\/\/loisirelectronique.com\/produit\/rockrider-st-540-classique-semi\/","name":"Rockrider ST 540 classique - Loisir Electronique","isPartOf":{"@id":"https:\/\/loisirelectronique.com\/#website"},"primaryImageOfPage":{"@id":"https:\/\/loisirelectronique.com\/produit\/rockrider-st-540-classique-semi\/#primaryimage"},"image":{"@id":"https:\/\/loisirelectronique.com\/produit\/rockrider-st-540-classique-semi\/#primaryimage"},"thumbnailUrl":"https:\/\/loisirelectronique.com\/wp-content\/uploads\/2026\/03\/VTT-Rockrider-ST-540-Classique-\u2013-Semi-Rigide-Confortable-et-Robuste-a-Prix-Abordable.jpeg","datePublished":"2026-03-28T22:51:36+00:00","dateModified":"2026-03-28T22:51:37+00:00","description":"D\u00e9couvrez le Rockrider ST 540 chez Loisir \u00c9lectronique. Profitez d'une transmission double plateau 18 vitesses pour dominer les sentiers. Commandez ici !","breadcrumb":{"@id":"https:\/\/loisirelectronique.com\/produit\/rockrider-st-540-classique-semi\/#breadcrumb"},"inLanguage":"nl-NL","potentialAction":[{"@type":"ReadAction","target":["https:\/\/loisirelectronique.com\/produit\/rockrider-st-540-classique-semi\/"]}]},{"@type":"ImageObject","inLanguage":"nl-NL","@id":"https:\/\/loisirelectronique.com\/produit\/rockrider-st-540-classique-semi\/#primaryimage","url":"https:\/\/loisirelectronique.com\/wp-content\/uploads\/2026\/03\/VTT-Rockrider-ST-540-Classique-\u2013-Semi-Rigide-Confortable-et-Robuste-a-Prix-Abordable.jpeg","contentUrl":"https:\/\/loisirelectronique.com\/wp-content\/uploads\/2026\/03\/VTT-Rockrider-ST-540-Classique-\u2013-Semi-Rigide-Confortable-et-Robuste-a-Prix-Abordable.jpeg","width":1600,"height":1600,"caption":"Rockrider ST 540 : la pr\u00e9cision du double plateau pour vos sorties sportives."},{"@type":"BreadcrumbList","@id":"https:\/\/loisirelectronique.com\/produit\/rockrider-st-540-classique-semi\/#breadcrumb","itemListElement":[{"@type":"ListItem","position":1,"name":"Accueil","item":"https:\/\/loisirelectronique.com\/"},{"@type":"ListItem","position":2,"name":"Boutique","item":"https:\/\/loisirelectronique.com\/velos-electriques-accessoires-trottinettes\/"},{"@type":"ListItem","position":3,"name":"Rockrider ST 540 classique"}]},{"@type":"WebSite","@id":"https:\/\/loisirelectronique.com\/#website","url":"https:\/\/loisirelectronique.com\/","name":"Loisir Electronique","description":"Innovation, qualit\u00e9, performance","publisher":{"@id":"https:\/\/loisirelectronique.com\/#organization"},"potentialAction":[{"@type":"SearchAction","target":{"@type":"EntryPoint","urlTemplate":"https:\/\/loisirelectronique.com\/?s={search_term_string}"},"query-input":{"@type":"PropertyValueSpecification","valueRequired":true,"valueName":"search_term_string"}}],"inLanguage":"nl-NL"},{"@type":"Organization","@id":"https:\/\/loisirelectronique.com\/#organization","name":"Loisir Electronique","url":"https:\/\/loisirelectronique.com\/","logo":{"@type":"ImageObject","inLanguage":"nl-NL","@id":"https:\/\/loisirelectronique.com\/#\/schema\/logo\/image\/","url":"http:\/\/loisirelectronique.com\/wp-content\/uploads\/2026\/03\/IMG-20260325-WA00112.jpg","contentUrl":"http:\/\/loisirelectronique.com\/wp-content\/uploads\/2026\/03\/IMG-20260325-WA00112.jpg","width":418,"height":124,"caption":"Loisir Electronique"},"image":{"@id":"https:\/\/loisirelectronique.com\/#\/schema\/logo\/image\/"}}]}},"jetpack_sharing_enabled":true,"_links":{"self":[{"href":"https:\/\/loisirelectronique.com\/nl\/wp-json\/wp\/v2\/product\/29441","targetHints":{"allow":["GET"]}}],"collection":[{"href":"https:\/\/loisirelectronique.com\/nl\/wp-json\/wp\/v2\/product"}],"about":[{"href":"https:\/\/loisirelectronique.com\/nl\/wp-json\/wp\/v2\/types\/product"}],"replies":[{"embeddable":true,"href":"https:\/\/loisirelectronique.com\/nl\/wp-json\/wp\/v2\/comments?post=29441"}],"version-history":[{"count":1,"href":"https:\/\/loisirelectronique.com\/nl\/wp-json\/wp\/v2\/product\/29441\/revisions"}],"predecessor-version":[{"id":29447,"href":"https:\/\/loisirelectronique.com\/nl\/wp-json\/wp\/v2\/product\/29441\/revisions\/29447"}],"wp:featuredmedia":[{"embeddable":true,"href":"https:\/\/loisirelectronique.com\/nl\/wp-json\/wp\/v2\/media\/29446"}],"wp:attachment":[{"href":"https:\/\/loisirelectronique.com\/nl\/wp-json\/wp\/v2\/media?parent=29441"}],"wp:term":[{"taxonomy":"product_brand","embeddable":true,"href":"https:\/\/loisirelectronique.com\/nl\/wp-json\/wp\/v2\/product_brand?post=29441"},{"taxonomy":"product_cat","embeddable":true,"href":"https:\/\/loisirelectronique.com\/nl\/wp-json\/wp\/v2\/product_cat?post=29441"},{"taxonomy":"product_tag","embeddable":true,"href":"https:\/\/loisirelectronique.com\/nl\/wp-json\/wp\/v2\/product_tag?post=29441"}],"curies":[{"name":"wp","href":"https:\/\/api.w.org\/{rel}","templated":true}]}}