{"id":29397,"date":"2026-03-28T13:44:53","date_gmt":"2026-03-28T13:44:53","guid":{"rendered":"https:\/\/loisirelectronique.com\/?post_type=product&#038;p=29397"},"modified":"2026-03-30T00:49:15","modified_gmt":"2026-03-30T00:49:15","slug":"moma-bikes-trekking-pro-28-shimano-21v","status":"publish","type":"product","link":"https:\/\/loisirelectronique.com\/nl\/product\/moma-bikes-trekking-pro-28-shimano-21v\/","title":{"rendered":"Moma Bikes Trekking Pro 28&Prime; &#8211; V\u00e9lo Tout Chemin Shimano 21V"},"content":{"rendered":"<p><a href=\"https:\/\/ecyclestore.fr\/produit\/moma-bikes-trekking-pro-28-shimano-21v-gris\/\">Moma Bikes Trekking Pro 28\u00a0\u00bb Shimano 21V Gris<\/a><\/p>\n<p>Moma Bikes Trekking Pro 28 est un v\u00e9lo pour entreprendre de long parcours, regroupant toutes les garanties n\u00e9cessaires. Bien plus \u201csport\u201d que n\u00f4tre mod\u00e8le Hybrid, ce v\u00e9lo a \u00e9t\u00e9 con\u00e7u sp\u00e9cialement pour \u201cavaler\u201d les kilom\u00e8tres.<\/p>\n<p>Munie d\u2019un cadre alu 7005 plut\u00f4t l\u00e9ger, roues de 28\u201d, un peu plus grande que les VTT standard (26\u201d). Le Trekking Pro 28 est l\u2019alli\u00e9 id\u00e9al pour un parcours de plusieurs jours.<br \/>\nLa selle est plus confortable que les VTT, gr\u00e2ce a sa tige de selle \u00e9quip\u00e9 d\u2019une petite suspension afin d\u2019amortir les chocs. Sa fourche avant est munie de suspension, freins a disque avant et arri\u00e8re, 21 vitesses Shimano, garde boue et surtout un pratique porte bagage pour d\u2019\u00e9ventuelles sacoches.<\/p>\n<h4>D\u00c9TAILS\u00a0<a href=\"http:\/\/1.0.0.1\/\">:<\/a><\/h4>\n<div class=\"prodsheet_specs1 col col-sm-20 col-md-20 col-lg-20\">\n<h4>CARACT\u00c9RISTIQUES TECHNIQUES :<\/h4>\n<\/div>\n<ul>\n<li>Cadre en aluminium (garantie \u00e0 vie)<\/li>\n<li>D\u00e9railleur arri\u00e8re Shimano TZ-50 21 v.<\/li>\n<li>Manettes de vitesse Shimano ST-EF60<\/li>\n<li>D\u00e9railleur et pignons Shimano<\/li>\n<li>Fourche avant avec suspension\u00a0d\u00e9battement 65mm<\/li>\n<li>Freins \u00e0 disque Zoom avant et arri\u00e8re<\/li>\n<li>Jantes de 28\u00a0\u00bb\u00a0\u00bb en aluminium<\/li>\n<li>Tige de selle avec suspension<\/li>\n<li>Garde-boues<\/li>\n<li>Selle confort<\/li>\n<li>B\u00e9quille<\/li>\n<li>Poids : 16.5kg<\/li>\n<\/ul>\n<div class=\"col-lg-14 col-md-14 col-sm-14 col-xs-20\">\n<h2 class=\"heading-line\">CARACT\u00c9RISTIQUES<\/h2>\n<\/div>\n<div id=\"product-specifications-table\" class=\"col-lg-20 col-md-20 col-sm-20 col-xs-20\">\n<table class=\"table table-striped\">\n<tbody>\n<tr>\n<td class=\"spec-name\">Genre<\/td>\n<td class=\"spec-value\">Femme<\/td>\n<\/tr>\n<tr>\n<td class=\"spec-name\">Taille de Roues<\/td>\n<td class=\"spec-value\">700mm<\/td>\n<\/tr>\n<tr>\n<td class=\"spec-name\">Groupe<\/td>\n<td class=\"spec-value\">Panach\u00e9 7V<\/td>\n<\/tr>\n<\/tbody>\n<\/table>\n<\/div>","protected":false},"excerpt":{"rendered":"<h2 data-path-to-node=\"4,4,1,1,1\">Un confort de roulement sur tous les terrains<\/h2>\n<p data-path-to-node=\"4,4,1,1,2\">Gr\u00e2ce \u00e0 ses grandes roues de 28 pouces et sa fourche t\u00e9lescopique, le <b data-path-to-node=\"4,4,1,1,2\" data-index-in-node=\"70\">Moma Bikes Trekking Pro<\/b> absorbe les irr\u00e9gularit\u00e9s de la route. Que ce soit pour une balade en for\u00eat ou un trajet sur piste cyclable, ce VTC offre une stabilit\u00e9 rassurante et une assise ergonomique pour \u00e9viter les douleurs dorsales.<\/p>\n<h2 data-path-to-node=\"4,4,1,1,3\">La fiabilit\u00e9 des composants Shimano<\/h2>\n<p data-path-to-node=\"4,4,1,1,4\">Equip\u00e9 d&rsquo;une transmission compl\u00e8te Shimano, ce v\u00e9lo garantit des passages de vitesses fluides et pr\u00e9cis. C&rsquo;est un mod\u00e8le robuste, id\u00e9al pour d\u00e9buter le cyclotourisme sans se ruiner. Chez <b data-path-to-node=\"4,4,1,1,4\" data-index-in-node=\"187\">Loisir \u00c9lectronique<\/b>, nous validons ce mod\u00e8le pour sa polyvalence exemplaire.<\/p>","protected":false},"featured_media":29400,"comment_status":"open","ping_status":"closed","template":"","meta":[],"product_brand":[],"product_cat":[38],"product_tag":[],"class_list":{"0":"post-29397","1":"product","2":"type-product","3":"status-publish","4":"has-post-thumbnail","6":"product_cat-velo-electrique","8":"first","9":"instock","10":"sale","11":"taxable","12":"shipping-taxable","13":"purchasable","14":"product-type-simple"},"yoast_head":"<!-- This site is optimized with the Yoast SEO plugin v27.5 - https:\/\/yoast.com\/product\/yoast-seo-wordpress\/ -->\n<title>Moma Bikes Trekking Pro 28&quot; - V\u00e9lo Tout Chemin Shimano 21V - Loisir Electronique<\/title>\n<meta name=\"description\" content=\"D\u00e9couvrez le Moma Bikes Trekking Pro 28 chez Loisir \u00c9lectronique. Un v\u00e9lo polyvalent avec d\u00e9railleur Shimano 21V pour toutes vos randonn\u00e9es. Commandez ici !\" \/>\n<meta name=\"robots\" content=\"index, follow, max-snippet:-1, max-image-preview:large, max-video-preview:-1\" \/>\n<link rel=\"canonical\" href=\"https:\/\/loisirelectronique.com\/nl\/product\/moma-bikes-trekking-pro-28-shimano-21v\/\" \/>\n<meta property=\"og:locale\" content=\"nl_NL\" \/>\n<meta property=\"og:type\" content=\"article\" \/>\n<meta property=\"og:title\" content=\"Moma Bikes Trekking Pro 28&quot; - V\u00e9lo Tout Chemin Shimano 21V - Loisir Electronique\" \/>\n<meta property=\"og:description\" content=\"D\u00e9couvrez le Moma Bikes Trekking Pro 28 chez Loisir \u00c9lectronique. Un v\u00e9lo polyvalent avec d\u00e9railleur Shimano 21V pour toutes vos randonn\u00e9es. Commandez ici !\" \/>\n<meta property=\"og:url\" content=\"https:\/\/loisirelectronique.com\/nl\/product\/moma-bikes-trekking-pro-28-shimano-21v\/\" \/>\n<meta property=\"og:site_name\" content=\"Loisir Electronique\" \/>\n<meta property=\"article:modified_time\" content=\"2026-03-30T00:49:15+00:00\" \/>\n<meta property=\"og:image\" content=\"http:\/\/loisirelectronique.com\/wp-content\/uploads\/2026\/03\/Velo-Trekking-Moma-Bikes-Pro-28-Gris-\u2013-Shimano-21-Vitesses-Confort-et-Performance.jpg\" \/>\n\t<meta property=\"og:image:width\" content=\"800\" \/>\n\t<meta property=\"og:image:height\" content=\"600\" \/>\n\t<meta property=\"og:image:type\" content=\"image\/jpeg\" \/>\n<meta name=\"twitter:card\" content=\"summary_large_image\" \/>\n<meta name=\"twitter:label1\" content=\"Geschatte leestijd\" \/>\n\t<meta name=\"twitter:data1\" content=\"2 minuten\" \/>\n<script type=\"application\/ld+json\" class=\"yoast-schema-graph\">{\"@context\":\"https:\\\/\\\/schema.org\",\"@graph\":[{\"@type\":\"WebPage\",\"@id\":\"https:\\\/\\\/loisirelectronique.com\\\/produit\\\/moma-bikes-trekking-pro-28-shimano-21v\\\/\",\"url\":\"https:\\\/\\\/loisirelectronique.com\\\/produit\\\/moma-bikes-trekking-pro-28-shimano-21v\\\/\",\"name\":\"Moma Bikes Trekking Pro 28\\\" - V\u00e9lo Tout Chemin Shimano 21V - Loisir Electronique\",\"isPartOf\":{\"@id\":\"https:\\\/\\\/loisirelectronique.com\\\/#website\"},\"primaryImageOfPage\":{\"@id\":\"https:\\\/\\\/loisirelectronique.com\\\/produit\\\/moma-bikes-trekking-pro-28-shimano-21v\\\/#primaryimage\"},\"image\":{\"@id\":\"https:\\\/\\\/loisirelectronique.com\\\/produit\\\/moma-bikes-trekking-pro-28-shimano-21v\\\/#primaryimage\"},\"thumbnailUrl\":\"https:\\\/\\\/loisirelectronique.com\\\/wp-content\\\/uploads\\\/2026\\\/03\\\/Velo-Trekking-Moma-Bikes-Pro-28-Gris-\u2013-Shimano-21-Vitesses-Confort-et-Performance.jpg\",\"datePublished\":\"2026-03-28T13:44:53+00:00\",\"dateModified\":\"2026-03-30T00:49:15+00:00\",\"description\":\"D\u00e9couvrez le Moma Bikes Trekking Pro 28 chez Loisir \u00c9lectronique. Un v\u00e9lo polyvalent avec d\u00e9railleur Shimano 21V pour toutes vos randonn\u00e9es. Commandez ici !\",\"breadcrumb\":{\"@id\":\"https:\\\/\\\/loisirelectronique.com\\\/produit\\\/moma-bikes-trekking-pro-28-shimano-21v\\\/#breadcrumb\"},\"inLanguage\":\"nl-NL\",\"potentialAction\":[{\"@type\":\"ReadAction\",\"target\":[\"https:\\\/\\\/loisirelectronique.com\\\/produit\\\/moma-bikes-trekking-pro-28-shimano-21v\\\/\"]}]},{\"@type\":\"ImageObject\",\"inLanguage\":\"nl-NL\",\"@id\":\"https:\\\/\\\/loisirelectronique.com\\\/produit\\\/moma-bikes-trekking-pro-28-shimano-21v\\\/#primaryimage\",\"url\":\"https:\\\/\\\/loisirelectronique.com\\\/wp-content\\\/uploads\\\/2026\\\/03\\\/Velo-Trekking-Moma-Bikes-Pro-28-Gris-\u2013-Shimano-21-Vitesses-Confort-et-Performance.jpg\",\"contentUrl\":\"https:\\\/\\\/loisirelectronique.com\\\/wp-content\\\/uploads\\\/2026\\\/03\\\/Velo-Trekking-Moma-Bikes-Pro-28-Gris-\u2013-Shimano-21-Vitesses-Confort-et-Performance.jpg\",\"width\":800,\"height\":600,\"caption\":\"Moma Bikes Trekking Pro 28 : l'alli\u00e9 id\u00e9al pour la ville et les chemins.\"},{\"@type\":\"BreadcrumbList\",\"@id\":\"https:\\\/\\\/loisirelectronique.com\\\/produit\\\/moma-bikes-trekking-pro-28-shimano-21v\\\/#breadcrumb\",\"itemListElement\":[{\"@type\":\"ListItem\",\"position\":1,\"name\":\"Accueil\",\"item\":\"https:\\\/\\\/loisirelectronique.com\\\/\"},{\"@type\":\"ListItem\",\"position\":2,\"name\":\"Boutique\",\"item\":\"https:\\\/\\\/loisirelectronique.com\\\/velos-electriques-accessoires-trottinettes\\\/\"},{\"@type\":\"ListItem\",\"position\":3,\"name\":\"Moma Bikes Trekking Pro 28&Prime; &#8211; V\u00e9lo Tout Chemin Shimano 21V\"}]},{\"@type\":\"WebSite\",\"@id\":\"https:\\\/\\\/loisirelectronique.com\\\/#website\",\"url\":\"https:\\\/\\\/loisirelectronique.com\\\/\",\"name\":\"Loisir Electronique\",\"description\":\"Innovation, qualit\u00e9, performance\",\"publisher\":{\"@id\":\"https:\\\/\\\/loisirelectronique.com\\\/#organization\"},\"potentialAction\":[{\"@type\":\"SearchAction\",\"target\":{\"@type\":\"EntryPoint\",\"urlTemplate\":\"https:\\\/\\\/loisirelectronique.com\\\/?s={search_term_string}\"},\"query-input\":{\"@type\":\"PropertyValueSpecification\",\"valueRequired\":true,\"valueName\":\"search_term_string\"}}],\"inLanguage\":\"nl-NL\"},{\"@type\":\"Organization\",\"@id\":\"https:\\\/\\\/loisirelectronique.com\\\/#organization\",\"name\":\"Loisir Electronique\",\"url\":\"https:\\\/\\\/loisirelectronique.com\\\/\",\"logo\":{\"@type\":\"ImageObject\",\"inLanguage\":\"nl-NL\",\"@id\":\"https:\\\/\\\/loisirelectronique.com\\\/#\\\/schema\\\/logo\\\/image\\\/\",\"url\":\"http:\\\/\\\/loisirelectronique.com\\\/wp-content\\\/uploads\\\/2026\\\/03\\\/IMG-20260325-WA00112.jpg\",\"contentUrl\":\"http:\\\/\\\/loisirelectronique.com\\\/wp-content\\\/uploads\\\/2026\\\/03\\\/IMG-20260325-WA00112.jpg\",\"width\":418,\"height\":124,\"caption\":\"Loisir Electronique\"},\"image\":{\"@id\":\"https:\\\/\\\/loisirelectronique.com\\\/#\\\/schema\\\/logo\\\/image\\\/\"}}]}<\/script>\n<!-- \/ Yoast SEO plugin. -->","yoast_head_json":{"title":"Moma Bikes Trekking Pro 28\" - V\u00e9lo Tout Chemin Shimano 21V - Loisir Electronique","description":"D\u00e9couvrez le Moma Bikes Trekking Pro 28 chez Loisir \u00c9lectronique. Un v\u00e9lo polyvalent avec d\u00e9railleur Shimano 21V pour toutes vos randonn\u00e9es. Commandez ici !","robots":{"index":"index","follow":"follow","max-snippet":"max-snippet:-1","max-image-preview":"max-image-preview:large","max-video-preview":"max-video-preview:-1"},"canonical":"https:\/\/loisirelectronique.com\/nl\/product\/moma-bikes-trekking-pro-28-shimano-21v\/","og_locale":"nl_NL","og_type":"article","og_title":"Moma Bikes Trekking Pro 28\" - V\u00e9lo Tout Chemin Shimano 21V - Loisir Electronique","og_description":"D\u00e9couvrez le Moma Bikes Trekking Pro 28 chez Loisir \u00c9lectronique. Un v\u00e9lo polyvalent avec d\u00e9railleur Shimano 21V pour toutes vos randonn\u00e9es. Commandez ici !","og_url":"https:\/\/loisirelectronique.com\/nl\/product\/moma-bikes-trekking-pro-28-shimano-21v\/","og_site_name":"Loisir Electronique","article_modified_time":"2026-03-30T00:49:15+00:00","og_image":[{"width":800,"height":600,"url":"http:\/\/loisirelectronique.com\/wp-content\/uploads\/2026\/03\/Velo-Trekking-Moma-Bikes-Pro-28-Gris-\u2013-Shimano-21-Vitesses-Confort-et-Performance.jpg","type":"image\/jpeg"}],"twitter_card":"summary_large_image","twitter_misc":{"Geschatte leestijd":"2 minuten"},"schema":{"@context":"https:\/\/schema.org","@graph":[{"@type":"WebPage","@id":"https:\/\/loisirelectronique.com\/produit\/moma-bikes-trekking-pro-28-shimano-21v\/","url":"https:\/\/loisirelectronique.com\/produit\/moma-bikes-trekking-pro-28-shimano-21v\/","name":"Moma Bikes Trekking Pro 28\" - V\u00e9lo Tout Chemin Shimano 21V - Loisir Electronique","isPartOf":{"@id":"https:\/\/loisirelectronique.com\/#website"},"primaryImageOfPage":{"@id":"https:\/\/loisirelectronique.com\/produit\/moma-bikes-trekking-pro-28-shimano-21v\/#primaryimage"},"image":{"@id":"https:\/\/loisirelectronique.com\/produit\/moma-bikes-trekking-pro-28-shimano-21v\/#primaryimage"},"thumbnailUrl":"https:\/\/loisirelectronique.com\/wp-content\/uploads\/2026\/03\/Velo-Trekking-Moma-Bikes-Pro-28-Gris-\u2013-Shimano-21-Vitesses-Confort-et-Performance.jpg","datePublished":"2026-03-28T13:44:53+00:00","dateModified":"2026-03-30T00:49:15+00:00","description":"D\u00e9couvrez le Moma Bikes Trekking Pro 28 chez Loisir \u00c9lectronique. Un v\u00e9lo polyvalent avec d\u00e9railleur Shimano 21V pour toutes vos randonn\u00e9es. Commandez ici !","breadcrumb":{"@id":"https:\/\/loisirelectronique.com\/produit\/moma-bikes-trekking-pro-28-shimano-21v\/#breadcrumb"},"inLanguage":"nl-NL","potentialAction":[{"@type":"ReadAction","target":["https:\/\/loisirelectronique.com\/produit\/moma-bikes-trekking-pro-28-shimano-21v\/"]}]},{"@type":"ImageObject","inLanguage":"nl-NL","@id":"https:\/\/loisirelectronique.com\/produit\/moma-bikes-trekking-pro-28-shimano-21v\/#primaryimage","url":"https:\/\/loisirelectronique.com\/wp-content\/uploads\/2026\/03\/Velo-Trekking-Moma-Bikes-Pro-28-Gris-\u2013-Shimano-21-Vitesses-Confort-et-Performance.jpg","contentUrl":"https:\/\/loisirelectronique.com\/wp-content\/uploads\/2026\/03\/Velo-Trekking-Moma-Bikes-Pro-28-Gris-\u2013-Shimano-21-Vitesses-Confort-et-Performance.jpg","width":800,"height":600,"caption":"Moma Bikes Trekking Pro 28 : l'alli\u00e9 id\u00e9al pour la ville et les chemins."},{"@type":"BreadcrumbList","@id":"https:\/\/loisirelectronique.com\/produit\/moma-bikes-trekking-pro-28-shimano-21v\/#breadcrumb","itemListElement":[{"@type":"ListItem","position":1,"name":"Accueil","item":"https:\/\/loisirelectronique.com\/"},{"@type":"ListItem","position":2,"name":"Boutique","item":"https:\/\/loisirelectronique.com\/velos-electriques-accessoires-trottinettes\/"},{"@type":"ListItem","position":3,"name":"Moma Bikes Trekking Pro 28&Prime; &#8211; V\u00e9lo Tout Chemin Shimano 21V"}]},{"@type":"WebSite","@id":"https:\/\/loisirelectronique.com\/#website","url":"https:\/\/loisirelectronique.com\/","name":"Loisir Electronique","description":"Innovation, qualit\u00e9, performance","publisher":{"@id":"https:\/\/loisirelectronique.com\/#organization"},"potentialAction":[{"@type":"SearchAction","target":{"@type":"EntryPoint","urlTemplate":"https:\/\/loisirelectronique.com\/?s={search_term_string}"},"query-input":{"@type":"PropertyValueSpecification","valueRequired":true,"valueName":"search_term_string"}}],"inLanguage":"nl-NL"},{"@type":"Organization","@id":"https:\/\/loisirelectronique.com\/#organization","name":"Loisir Electronique","url":"https:\/\/loisirelectronique.com\/","logo":{"@type":"ImageObject","inLanguage":"nl-NL","@id":"https:\/\/loisirelectronique.com\/#\/schema\/logo\/image\/","url":"http:\/\/loisirelectronique.com\/wp-content\/uploads\/2026\/03\/IMG-20260325-WA00112.jpg","contentUrl":"http:\/\/loisirelectronique.com\/wp-content\/uploads\/2026\/03\/IMG-20260325-WA00112.jpg","width":418,"height":124,"caption":"Loisir Electronique"},"image":{"@id":"https:\/\/loisirelectronique.com\/#\/schema\/logo\/image\/"}}]}},"jetpack_sharing_enabled":true,"_links":{"self":[{"href":"https:\/\/loisirelectronique.com\/nl\/wp-json\/wp\/v2\/product\/29397","targetHints":{"allow":["GET"]}}],"collection":[{"href":"https:\/\/loisirelectronique.com\/nl\/wp-json\/wp\/v2\/product"}],"about":[{"href":"https:\/\/loisirelectronique.com\/nl\/wp-json\/wp\/v2\/types\/product"}],"replies":[{"embeddable":true,"href":"https:\/\/loisirelectronique.com\/nl\/wp-json\/wp\/v2\/comments?post=29397"}],"version-history":[{"count":2,"href":"https:\/\/loisirelectronique.com\/nl\/wp-json\/wp\/v2\/product\/29397\/revisions"}],"predecessor-version":[{"id":29689,"href":"https:\/\/loisirelectronique.com\/nl\/wp-json\/wp\/v2\/product\/29397\/revisions\/29689"}],"wp:featuredmedia":[{"embeddable":true,"href":"https:\/\/loisirelectronique.com\/nl\/wp-json\/wp\/v2\/media\/29400"}],"wp:attachment":[{"href":"https:\/\/loisirelectronique.com\/nl\/wp-json\/wp\/v2\/media?parent=29397"}],"wp:term":[{"taxonomy":"product_brand","embeddable":true,"href":"https:\/\/loisirelectronique.com\/nl\/wp-json\/wp\/v2\/product_brand?post=29397"},{"taxonomy":"product_cat","embeddable":true,"href":"https:\/\/loisirelectronique.com\/nl\/wp-json\/wp\/v2\/product_cat?post=29397"},{"taxonomy":"product_tag","embeddable":true,"href":"https:\/\/loisirelectronique.com\/nl\/wp-json\/wp\/v2\/product_tag?post=29397"}],"curies":[{"name":"wp","href":"https:\/\/api.w.org\/{rel}","templated":true}]}}