{"id":29342,"date":"2026-03-27T19:43:36","date_gmt":"2026-03-27T19:43:36","guid":{"rendered":"https:\/\/loisirelectronique.com\/?post_type=product&#038;p=29342"},"modified":"2026-03-27T19:53:23","modified_gmt":"2026-03-27T19:53:23","slug":"garmin-edge-1030-plus","status":"publish","type":"product","link":"https:\/\/loisirelectronique.com\/nl\/product\/garmin-edge-1030-plus\/","title":{"rendered":"Garmin Edge 1030 Plus Fahrradcomputer"},"content":{"rendered":"<h1>Garmin Edge 1030 Plus Fahrradcomputer<\/h1>\n<p>Ce compteur intelligent analyse comment votre corps r\u00e9agit \u00e0 l&rsquo;effort gr\u00e2ce au suivi de l&rsquo;acclimatation \u00e0 la chaleur et \u00e0 l&rsquo;altitude. Avec la fonction ClimbPro, visualisez automatiquement la pente et le d\u00e9nivel\u00e9 restant lors de vos ascensions pour mieux g\u00e9rer votre \u00e9nergie. Compatible avec tous les capteurs ANT+ et Bluetooth.<\/p>\n<p>La s\u00e9curit\u00e9 est une priorit\u00e9 chez <b data-path-to-node=\"10,3,0\" data-index-in-node=\"55\">Loisir Electronique<\/b>. Le <b data-path-to-node=\"10,3,0\" data-index-in-node=\"79\">Garmin Edge 1030 Plus<\/b> int\u00e8gre la d\u00e9tection d&rsquo;incidents et permet \u00e0 vos proches de suivre votre position en temps r\u00e9el gr\u00e2ce \u00e0 LiveTrack.<\/p>\n<p>Chez <b data-path-to-node=\"13,4,0\" data-index-in-node=\"26\">Loisir Electronique<\/b>, nous recommandons l&rsquo;Edge 1030 Plus pour sa robustesse. Sa configuration simple et rapide vous permet d&rsquo;\u00eatre op\u00e9rationnel imm\u00e9diatement. Sa capacit\u00e9 de stockage \u00e9tendue permet d&rsquo;enregistrer des milliers d&rsquo;heures de trajets, id\u00e9al pour le suivi de flottes ou les coursiers exigeants.<\/p>","protected":false},"excerpt":{"rendered":"<p>Explorez sans limites avec le <b data-path-to-node=\"4,5,0\" data-index-in-node=\"51\">Garmin Edge 1030 Plus<\/b>. Dot\u00e9 d&rsquo;un \u00e9cran tactile de 3,5 pouces ultra-r\u00e9actif, il vous guide sur les routes et les sentiers avec une cartographie d\u00e9taill\u00e9e.<\/p>\n<p>Repoussez vos limites avec le <b data-path-to-node=\"7,5,0\" data-index-in-node=\"51\">Garmin Edge 1030 Plus<\/b>. Recevez des suggestions d&rsquo;entra\u00eenements quotidiennes bas\u00e9es sur votre condition physique actuelle.<\/p>\n<p>Pour les professionnels de la route, le <b data-path-to-node=\"13,5,0\" data-index-in-node=\"61\">Garmin Edge 1030 Plus<\/b> offre une fiabilit\u00e9 sans faille. Un outil robuste, facile \u00e0 lire et con\u00e7u pour durer.<\/p>","protected":false},"featured_media":29344,"comment_status":"open","ping_status":"closed","template":"","meta":[],"product_brand":[],"product_cat":[42],"product_tag":[],"class_list":{"0":"post-29342","1":"product","2":"type-product","3":"status-publish","4":"has-post-thumbnail","6":"product_cat-accessoires","8":"first","9":"instock","10":"sale","11":"taxable","12":"shipping-taxable","13":"purchasable","14":"product-type-simple"},"yoast_head":"<!-- This site is optimized with the Yoast SEO plugin v27.5 - https:\/\/yoast.com\/product\/yoast-seo-wordpress\/ -->\n<title>Garmin Edge 1030 Plus Fahrradcomputer - Loisir Electronique<\/title>\n<meta name=\"description\" content=\"Ce compteur intelligent analyse comment votre corps r\u00e9agit \u00e0 l&#039;effort. Avec la fonction ClimbPro, visualisez la pente et le d\u00e9nivel\u00e9 restant lors de vos ascensions pour mieux g\u00e9rer votre \u00e9nergie. Compatible avec tous les capteurs ANT+ du march\u00e9.\" \/>\n<meta name=\"robots\" content=\"index, follow, max-snippet:-1, max-image-preview:large, max-video-preview:-1\" \/>\n<link rel=\"canonical\" href=\"https:\/\/loisirelectronique.com\/nl\/product\/garmin-edge-1030-plus\/\" \/>\n<meta property=\"og:locale\" content=\"nl_NL\" \/>\n<meta property=\"og:type\" content=\"article\" \/>\n<meta property=\"og:title\" content=\"Garmin Edge 1030 Plus Fahrradcomputer - Loisir Electronique\" \/>\n<meta property=\"og:description\" content=\"Ce compteur intelligent analyse comment votre corps r\u00e9agit \u00e0 l&#039;effort. Avec la fonction ClimbPro, visualisez la pente et le d\u00e9nivel\u00e9 restant lors de vos ascensions pour mieux g\u00e9rer votre \u00e9nergie. Compatible avec tous les capteurs ANT+ du march\u00e9.\" \/>\n<meta property=\"og:url\" content=\"https:\/\/loisirelectronique.com\/nl\/product\/garmin-edge-1030-plus\/\" \/>\n<meta property=\"og:site_name\" content=\"Loisir Electronique\" \/>\n<meta property=\"article:modified_time\" content=\"2026-03-27T19:53:23+00:00\" \/>\n<meta property=\"og:image\" content=\"http:\/\/loisirelectronique.com\/wp-content\/uploads\/2026\/03\/Garmin-Edge-1030-Plus-velo-\u2013-GPS-autonomie-24h-et-ecran-tactile-3.5-pouces.jpeg\" \/>\n\t<meta property=\"og:image:width\" content=\"1024\" \/>\n\t<meta property=\"og:image:height\" content=\"683\" \/>\n\t<meta property=\"og:image:type\" content=\"image\/jpeg\" \/>\n<meta name=\"twitter:card\" content=\"summary_large_image\" \/>\n<meta name=\"twitter:label1\" content=\"Geschatte leestijd\" \/>\n\t<meta name=\"twitter:data1\" content=\"1 minuut\" \/>\n<script type=\"application\/ld+json\" class=\"yoast-schema-graph\">{\"@context\":\"https:\\\/\\\/schema.org\",\"@graph\":[{\"@type\":\"WebPage\",\"@id\":\"https:\\\/\\\/loisirelectronique.com\\\/produit\\\/garmin-edge-1030-plus\\\/\",\"url\":\"https:\\\/\\\/loisirelectronique.com\\\/produit\\\/garmin-edge-1030-plus\\\/\",\"name\":\"Garmin Edge 1030 Plus Fahrradcomputer - Loisir Electronique\",\"isPartOf\":{\"@id\":\"https:\\\/\\\/loisirelectronique.com\\\/#website\"},\"primaryImageOfPage\":{\"@id\":\"https:\\\/\\\/loisirelectronique.com\\\/produit\\\/garmin-edge-1030-plus\\\/#primaryimage\"},\"image\":{\"@id\":\"https:\\\/\\\/loisirelectronique.com\\\/produit\\\/garmin-edge-1030-plus\\\/#primaryimage\"},\"thumbnailUrl\":\"https:\\\/\\\/loisirelectronique.com\\\/wp-content\\\/uploads\\\/2026\\\/03\\\/Garmin-Edge-1030-Plus-velo-\u2013-GPS-autonomie-24h-et-ecran-tactile-3.5-pouces.jpeg\",\"datePublished\":\"2026-03-27T19:43:36+00:00\",\"dateModified\":\"2026-03-27T19:53:23+00:00\",\"description\":\"Ce compteur intelligent analyse comment votre corps r\u00e9agit \u00e0 l'effort. Avec la fonction ClimbPro, visualisez la pente et le d\u00e9nivel\u00e9 restant lors de vos ascensions pour mieux g\u00e9rer votre \u00e9nergie. Compatible avec tous les capteurs ANT+ du march\u00e9.\",\"breadcrumb\":{\"@id\":\"https:\\\/\\\/loisirelectronique.com\\\/produit\\\/garmin-edge-1030-plus\\\/#breadcrumb\"},\"inLanguage\":\"nl-NL\",\"potentialAction\":[{\"@type\":\"ReadAction\",\"target\":[\"https:\\\/\\\/loisirelectronique.com\\\/produit\\\/garmin-edge-1030-plus\\\/\"]}]},{\"@type\":\"ImageObject\",\"inLanguage\":\"nl-NL\",\"@id\":\"https:\\\/\\\/loisirelectronique.com\\\/produit\\\/garmin-edge-1030-plus\\\/#primaryimage\",\"url\":\"https:\\\/\\\/loisirelectronique.com\\\/wp-content\\\/uploads\\\/2026\\\/03\\\/Garmin-Edge-1030-Plus-velo-\u2013-GPS-autonomie-24h-et-ecran-tactile-3.5-pouces.jpeg\",\"contentUrl\":\"https:\\\/\\\/loisirelectronique.com\\\/wp-content\\\/uploads\\\/2026\\\/03\\\/Garmin-Edge-1030-Plus-velo-\u2013-GPS-autonomie-24h-et-ecran-tactile-3.5-pouces.jpeg\",\"width\":1024,\"height\":683,\"caption\":\"Ne perdez plus jamais votre chemin avec la navigation pas \u00e0 pas.\"},{\"@type\":\"BreadcrumbList\",\"@id\":\"https:\\\/\\\/loisirelectronique.com\\\/produit\\\/garmin-edge-1030-plus\\\/#breadcrumb\",\"itemListElement\":[{\"@type\":\"ListItem\",\"position\":1,\"name\":\"Accueil\",\"item\":\"https:\\\/\\\/loisirelectronique.com\\\/\"},{\"@type\":\"ListItem\",\"position\":2,\"name\":\"Boutique\",\"item\":\"https:\\\/\\\/loisirelectronique.com\\\/velos-electriques-accessoires-trottinettes\\\/\"},{\"@type\":\"ListItem\",\"position\":3,\"name\":\"Garmin Edge 1030 Plus Fahrradcomputer\"}]},{\"@type\":\"WebSite\",\"@id\":\"https:\\\/\\\/loisirelectronique.com\\\/#website\",\"url\":\"https:\\\/\\\/loisirelectronique.com\\\/\",\"name\":\"Loisir Electronique\",\"description\":\"Innovation, qualit\u00e9, performance\",\"publisher\":{\"@id\":\"https:\\\/\\\/loisirelectronique.com\\\/#organization\"},\"potentialAction\":[{\"@type\":\"SearchAction\",\"target\":{\"@type\":\"EntryPoint\",\"urlTemplate\":\"https:\\\/\\\/loisirelectronique.com\\\/?s={search_term_string}\"},\"query-input\":{\"@type\":\"PropertyValueSpecification\",\"valueRequired\":true,\"valueName\":\"search_term_string\"}}],\"inLanguage\":\"nl-NL\"},{\"@type\":\"Organization\",\"@id\":\"https:\\\/\\\/loisirelectronique.com\\\/#organization\",\"name\":\"Loisir Electronique\",\"url\":\"https:\\\/\\\/loisirelectronique.com\\\/\",\"logo\":{\"@type\":\"ImageObject\",\"inLanguage\":\"nl-NL\",\"@id\":\"https:\\\/\\\/loisirelectronique.com\\\/#\\\/schema\\\/logo\\\/image\\\/\",\"url\":\"http:\\\/\\\/loisirelectronique.com\\\/wp-content\\\/uploads\\\/2026\\\/03\\\/IMG-20260325-WA00112.jpg\",\"contentUrl\":\"http:\\\/\\\/loisirelectronique.com\\\/wp-content\\\/uploads\\\/2026\\\/03\\\/IMG-20260325-WA00112.jpg\",\"width\":418,\"height\":124,\"caption\":\"Loisir Electronique\"},\"image\":{\"@id\":\"https:\\\/\\\/loisirelectronique.com\\\/#\\\/schema\\\/logo\\\/image\\\/\"}}]}<\/script>\n<!-- \/ Yoast SEO plugin. -->","yoast_head_json":{"title":"Garmin Edge 1030 Plus Fahrradcomputer - Loisir Electronique","description":"Ce compteur intelligent analyse comment votre corps r\u00e9agit \u00e0 l'effort. Avec la fonction ClimbPro, visualisez la pente et le d\u00e9nivel\u00e9 restant lors de vos ascensions pour mieux g\u00e9rer votre \u00e9nergie. Compatible avec tous les capteurs ANT+ du march\u00e9.","robots":{"index":"index","follow":"follow","max-snippet":"max-snippet:-1","max-image-preview":"max-image-preview:large","max-video-preview":"max-video-preview:-1"},"canonical":"https:\/\/loisirelectronique.com\/nl\/product\/garmin-edge-1030-plus\/","og_locale":"nl_NL","og_type":"article","og_title":"Garmin Edge 1030 Plus Fahrradcomputer - Loisir Electronique","og_description":"Ce compteur intelligent analyse comment votre corps r\u00e9agit \u00e0 l'effort. Avec la fonction ClimbPro, visualisez la pente et le d\u00e9nivel\u00e9 restant lors de vos ascensions pour mieux g\u00e9rer votre \u00e9nergie. Compatible avec tous les capteurs ANT+ du march\u00e9.","og_url":"https:\/\/loisirelectronique.com\/nl\/product\/garmin-edge-1030-plus\/","og_site_name":"Loisir Electronique","article_modified_time":"2026-03-27T19:53:23+00:00","og_image":[{"width":1024,"height":683,"url":"http:\/\/loisirelectronique.com\/wp-content\/uploads\/2026\/03\/Garmin-Edge-1030-Plus-velo-\u2013-GPS-autonomie-24h-et-ecran-tactile-3.5-pouces.jpeg","type":"image\/jpeg"}],"twitter_card":"summary_large_image","twitter_misc":{"Geschatte leestijd":"1 minuut"},"schema":{"@context":"https:\/\/schema.org","@graph":[{"@type":"WebPage","@id":"https:\/\/loisirelectronique.com\/produit\/garmin-edge-1030-plus\/","url":"https:\/\/loisirelectronique.com\/produit\/garmin-edge-1030-plus\/","name":"Garmin Edge 1030 Plus Fahrradcomputer - Loisir Electronique","isPartOf":{"@id":"https:\/\/loisirelectronique.com\/#website"},"primaryImageOfPage":{"@id":"https:\/\/loisirelectronique.com\/produit\/garmin-edge-1030-plus\/#primaryimage"},"image":{"@id":"https:\/\/loisirelectronique.com\/produit\/garmin-edge-1030-plus\/#primaryimage"},"thumbnailUrl":"https:\/\/loisirelectronique.com\/wp-content\/uploads\/2026\/03\/Garmin-Edge-1030-Plus-velo-\u2013-GPS-autonomie-24h-et-ecran-tactile-3.5-pouces.jpeg","datePublished":"2026-03-27T19:43:36+00:00","dateModified":"2026-03-27T19:53:23+00:00","description":"Ce compteur intelligent analyse comment votre corps r\u00e9agit \u00e0 l'effort. Avec la fonction ClimbPro, visualisez la pente et le d\u00e9nivel\u00e9 restant lors de vos ascensions pour mieux g\u00e9rer votre \u00e9nergie. Compatible avec tous les capteurs ANT+ du march\u00e9.","breadcrumb":{"@id":"https:\/\/loisirelectronique.com\/produit\/garmin-edge-1030-plus\/#breadcrumb"},"inLanguage":"nl-NL","potentialAction":[{"@type":"ReadAction","target":["https:\/\/loisirelectronique.com\/produit\/garmin-edge-1030-plus\/"]}]},{"@type":"ImageObject","inLanguage":"nl-NL","@id":"https:\/\/loisirelectronique.com\/produit\/garmin-edge-1030-plus\/#primaryimage","url":"https:\/\/loisirelectronique.com\/wp-content\/uploads\/2026\/03\/Garmin-Edge-1030-Plus-velo-\u2013-GPS-autonomie-24h-et-ecran-tactile-3.5-pouces.jpeg","contentUrl":"https:\/\/loisirelectronique.com\/wp-content\/uploads\/2026\/03\/Garmin-Edge-1030-Plus-velo-\u2013-GPS-autonomie-24h-et-ecran-tactile-3.5-pouces.jpeg","width":1024,"height":683,"caption":"Ne perdez plus jamais votre chemin avec la navigation pas \u00e0 pas."},{"@type":"BreadcrumbList","@id":"https:\/\/loisirelectronique.com\/produit\/garmin-edge-1030-plus\/#breadcrumb","itemListElement":[{"@type":"ListItem","position":1,"name":"Accueil","item":"https:\/\/loisirelectronique.com\/"},{"@type":"ListItem","position":2,"name":"Boutique","item":"https:\/\/loisirelectronique.com\/velos-electriques-accessoires-trottinettes\/"},{"@type":"ListItem","position":3,"name":"Garmin Edge 1030 Plus Fahrradcomputer"}]},{"@type":"WebSite","@id":"https:\/\/loisirelectronique.com\/#website","url":"https:\/\/loisirelectronique.com\/","name":"Loisir Electronique","description":"Innovation, qualit\u00e9, performance","publisher":{"@id":"https:\/\/loisirelectronique.com\/#organization"},"potentialAction":[{"@type":"SearchAction","target":{"@type":"EntryPoint","urlTemplate":"https:\/\/loisirelectronique.com\/?s={search_term_string}"},"query-input":{"@type":"PropertyValueSpecification","valueRequired":true,"valueName":"search_term_string"}}],"inLanguage":"nl-NL"},{"@type":"Organization","@id":"https:\/\/loisirelectronique.com\/#organization","name":"Loisir Electronique","url":"https:\/\/loisirelectronique.com\/","logo":{"@type":"ImageObject","inLanguage":"nl-NL","@id":"https:\/\/loisirelectronique.com\/#\/schema\/logo\/image\/","url":"http:\/\/loisirelectronique.com\/wp-content\/uploads\/2026\/03\/IMG-20260325-WA00112.jpg","contentUrl":"http:\/\/loisirelectronique.com\/wp-content\/uploads\/2026\/03\/IMG-20260325-WA00112.jpg","width":418,"height":124,"caption":"Loisir Electronique"},"image":{"@id":"https:\/\/loisirelectronique.com\/#\/schema\/logo\/image\/"}}]}},"jetpack_sharing_enabled":true,"_links":{"self":[{"href":"https:\/\/loisirelectronique.com\/nl\/wp-json\/wp\/v2\/product\/29342","targetHints":{"allow":["GET"]}}],"collection":[{"href":"https:\/\/loisirelectronique.com\/nl\/wp-json\/wp\/v2\/product"}],"about":[{"href":"https:\/\/loisirelectronique.com\/nl\/wp-json\/wp\/v2\/types\/product"}],"replies":[{"embeddable":true,"href":"https:\/\/loisirelectronique.com\/nl\/wp-json\/wp\/v2\/comments?post=29342"}],"version-history":[{"count":2,"href":"https:\/\/loisirelectronique.com\/nl\/wp-json\/wp\/v2\/product\/29342\/revisions"}],"predecessor-version":[{"id":29346,"href":"https:\/\/loisirelectronique.com\/nl\/wp-json\/wp\/v2\/product\/29342\/revisions\/29346"}],"wp:featuredmedia":[{"embeddable":true,"href":"https:\/\/loisirelectronique.com\/nl\/wp-json\/wp\/v2\/media\/29344"}],"wp:attachment":[{"href":"https:\/\/loisirelectronique.com\/nl\/wp-json\/wp\/v2\/media?parent=29342"}],"wp:term":[{"taxonomy":"product_brand","embeddable":true,"href":"https:\/\/loisirelectronique.com\/nl\/wp-json\/wp\/v2\/product_brand?post=29342"},{"taxonomy":"product_cat","embeddable":true,"href":"https:\/\/loisirelectronique.com\/nl\/wp-json\/wp\/v2\/product_cat?post=29342"},{"taxonomy":"product_tag","embeddable":true,"href":"https:\/\/loisirelectronique.com\/nl\/wp-json\/wp\/v2\/product_tag?post=29342"}],"curies":[{"name":"wp","href":"https:\/\/api.w.org\/{rel}","templated":true}]}}