{"id":29129,"date":"2026-03-26T20:03:04","date_gmt":"2026-03-26T20:03:04","guid":{"rendered":"https:\/\/loisirelectronique.com\/?post_type=product&#038;p=29129"},"modified":"2026-03-28T13:18:33","modified_gmt":"2026-03-28T13:18:33","slug":"balance-connectee-garmin-index-s2-noir","status":"publish","type":"product","link":"https:\/\/loisirelectronique.com\/nl\/product\/balance-connectee-garmin-index-s2-noir\/","title":{"rendered":"Balance Connect\u00e9e Garmin Index S2 Noir"},"content":{"rendered":"<h1 class=\"heading-title-text\" data-titleproductread=\"\">Balance Connect\u00e9e Garmin Index S2 Noir<\/h1>\n<p><a href=\"https:\/\/ecyclestore.fr\/produit\/balance-connectee-garmin-index-s2-noir\/\">Balance Connect\u00e9e Garmin Index S2 Noir<\/a><\/p>\n<p>Que vous soyez un athl\u00e8te en entra\u00eenement intensif ou que vous cherchiez simplement \u00e0 atteindre vos objectifs sant\u00e9, la Balance Connect\u00e9e Garmin Index S2\u00a0peut vous offrir une vision plus globale de votre \u00e9tat de sant\u00e9 sur un \u00e9cran couleur facile \u00e0 lire.<\/p>\n<div class=\"prodsheet_specs1 col col-sm-10 col-md-10 col-lg-10\">\n<h4>LES\u00a0<a href=\"http:\/\/1.0.0.1\/\">+<\/a>\u00a0PRODUIT :<\/h4>\n<ul>\n<li>Vous voulez conna\u00eetre le pourcentage de graisse, de muscle, d\u2019os ou d\u2019eau dans votre corps\u00a0? C\u2019est possible.<\/li>\n<li>Connexion facile gr\u00e2ce \u00e0 la technologie Wi-Fi\u00ae\u00a0int\u00e9gr\u00e9e. L\u2019affichage de vos statistiques dans l\u2019application Garmin Connect\u21221\u00a0est encore plus facile.<\/li>\n<li>Toutes les statistiques dont vous avez besoin sont au m\u00eame endroit. Impossible de faire plus pratique.<\/li>\n<li>Les efforts en groupe, c\u2019est plus facile. Invitez jusqu\u2019\u00e0 16\u00a0utilisateurs.<\/li>\n<li>Suivez vos objectifs pendant 9\u00a0mois, sans changer les piles.<\/li>\n<li>Votre poids peut varier beaucoup de jour en jour. Observez vos progr\u00e8s au fil du temps et restez motiv\u00e9<\/li>\n<\/ul>\n<h4>DANS LA BO\u00ceTE :<\/h4>\n<ul>\n<li>Index S2 :\u00a0010-02294-12<\/li>\n<li>4\u00a0piles AAA<\/li>\n<li>4\u00a0pieds moquette<\/li>\n<li>Documentation<\/li>\n<\/ul>\n<\/div>\n<div class=\"prodsheet_specs3 col col-sm-20 col-md-20 col-lg-20\">\n<h4>G\u00c9N\u00c9RAL :<\/h4>\n<ul>\n<li>Dimensions\u00a0: 320 x 310 x 28\u00a0mm (12,6 x 12,2 x 1,1\u00a0po)<\/li>\n<li>Poids\u00a0: 2\u00a0kg (4,4\u00a0lb)<\/li>\n<li>Autonomie de la batterie\u00a0: jusqu\u2019\u00e0 9\u00a0mois\u00a0; fonctionne avec 4\u00a0piles\u00a0AAA (incluses)<\/li>\n<li>Compatible BLE<\/li>\n<li>Compatible ANT\u00a0: oui<\/li>\n<li>Wi-Fi (2,4\u00a0GHz)<\/li>\n<li>Limite de poids\u00a0: 181,4\u00a0kg (400\u00a0lb)<\/li>\n<\/ul>\n<h4>UNE MEILLEURE PR\u00c9CISION POUR VOS OBJECTIFS\u00a0:<\/h4>\n<ul>\n<li><strong>Poids<\/strong>\u00a0: Affichez votre poids en livres, kilogrammes ou stones et livres. D\u00e9couvrez aussi les diff\u00e9rences entre plusieurs pes\u00e9es.<\/li>\n<li><strong>Tendance du poids<\/strong>\u00a0: D\u00e9couvrez l\u2019\u00e9volution de votre poids au cours des 30 derniers jours. Suivez des tendances plus longues dans l\u2019 application Garmin Connect.<\/li>\n<li><strong>Indice de masse corporelle<\/strong>\u00a0: Obtenez une mesure pr\u00e9cise de la fa\u00e7on dont votre masse se rapporte \u00e0 votre taille pour voir si vous \u00eates dans la norme.<\/li>\n<li><strong>Taux de graisse corporelle<\/strong>\u00a0: Votre corps a besoin de graisse pour fonctionner correctement. D\u00e9couvrez le pourcentage de graisse essentielle et de graisse stock\u00e9e dont se compose votre masse.<\/li>\n<li><strong>Masse musculaire squelettique\u00a0<\/strong>: D\u00e9couvrez la quantit\u00e9 de muscle squelettique de votre corps et suivez votre prise de muscle.<\/li>\n<li><strong>Masse osseuse\u00a0<\/strong>: D\u00e9couvrez le pourcentage d\u2019os dans votre corps.<\/li>\n<li><strong>Taux de masse hydrique<\/strong>\u00a0: D\u00e9couvrez le pourcentage de liquide qui compose votre corps. Cette mesure peut vous aider \u00e0 mieux comprendre votre niveau d\u2019hydratation.<\/li>\n<li><strong>Option poids uniquement<\/strong>\u00a0: Si vous souhaitez suivre uniquement votre poids, vous pouvez d\u00e9sactiver toutes les donn\u00e9es de composition corporelle que vous ne souhaitez pas enregistrer.<\/li>\n<li><strong>Plusieurs pes\u00e9es quotidiennes<\/strong>\u00a0: Observez les mouvements de votre poids et suivez l\u2019\u00e9volution de votre corps tout au long de la journ\u00e9e, sur la balance et sur Garmin Connect.<\/li>\n<\/ul>\n<h4>APPRENEZ \u00c0 MIEUX CONNA\u00ceTRE VOTRE CORPS\u00a0:<\/h4>\n<ul>\n<li><strong>Connectivit\u00e9 wi-fi :\u00a0<\/strong>Synchronisez facilement vos statistiques sur votre compte Garmin Connect via le r\u00e9seau Wi-Fi.<\/li>\n<li><strong>Application Garmin Connect :\u00a0<\/strong>Consultez vos donn\u00e9es et obtenez des graphiques de tendance, des poids quotidiens multiples et bien plus encore, en plus des autres donn\u00e9es de bien-\u00eatre.<\/li>\n<li><strong>Affichage personnalisable :\u00a0<\/strong>Dans Garmin Connect, s\u00e9lectionnez les statistiques que vous souhaitez voir lorsque vous montez sur la balance.<\/li>\n<\/ul>\n<h4>CON\u00c7UE POUR S\u2019ADAPTER \u00c0 VOTRE VIE\u00a0:<\/h4>\n<ul>\n<li><strong>Design \u00e9l\u00e9gant :\u00a0<\/strong>Affichez vos donn\u00e9es sur un \u00e9cran couleur haute r\u00e9solution et choisissez un design noir ou blanc \u00e9l\u00e9gant qui s\u2019accordera parfaitement \u00e0 votre int\u00e9rieur.<\/li>\n<li><strong>Jusqu\u2019\u00e0 16 utilisateurs :\u00a0<\/strong>Cr\u00e9ez jusqu\u2019\u00e0 16 profils utilisateur pour la famille, les co\u00e9quipiers ou les amis afin de suivre des objectifs et progr\u00e8s individuels. Chaque utilisateur peut synchroniser et afficher ses propres statistiques dans Garmin Connect.<\/li>\n<li><strong>Autonomie de la batterie :\u00a0<\/strong>Suivez vos objectifs pendant 9 mois sans changer les piles.<\/li>\n<li><strong>M\u00e9t\u00e9o :\u00a0<\/strong>Un widget m\u00e9t\u00e9o pratique affiche les pr\u00e9visions du jour pour vous aider \u00e0 planifier votre journ\u00e9e.<\/li>\n<\/ul>\n<\/div>","protected":false},"excerpt":{"rendered":"<p>Ma\u00eetrisez votre condition physique. L&rsquo;Index S2 mesure avec pr\u00e9cision votre poids, votre IMC, votre masse grasse, votre masse musculaire squelettique et votre pourcentage d&rsquo;eau. Gr\u00e2ce \u00e0 sa connectivit\u00e9 Wi-Fi, vos donn\u00e9es sont envoy\u00e9es automatiquement vers votre compte Garmin pour une analyse approfondie de vos tendances sur le long terme.<\/p>\n<p>Gardez un \u0153il sur vos objectifs de sant\u00e9. Cette balance intelligente reconna\u00eet automatiquement jusqu&rsquo;\u00e0 16 utilisateurs diff\u00e9rents, permettant \u00e0 chacun de suivre ses propres statistiques en toute confidentialit\u00e9. Le widget m\u00e9t\u00e9o int\u00e9gr\u00e9 vous permet m\u00eame de planifier votre journ\u00e9e d\u00e8s la pes\u00e9e matinale.<\/p>","protected":false},"featured_media":29135,"comment_status":"open","ping_status":"closed","template":"","meta":[],"product_brand":[294],"product_cat":[42],"product_tag":[],"class_list":{"0":"post-29129","1":"product","2":"type-product","3":"status-publish","4":"has-post-thumbnail","6":"product_brand-garmin","7":"product_cat-accessoires","9":"first","10":"instock","11":"sale","12":"taxable","13":"shipping-taxable","14":"purchasable","15":"product-type-simple"},"yoast_head":"<!-- This site is optimized with the Yoast SEO plugin v27.5 - https:\/\/yoast.com\/product\/yoast-seo-wordpress\/ -->\n<title>Balance Connect\u00e9e Garmin Index S2 Noir - Loisir Electronique<\/title>\n<meta name=\"description\" content=\"D\u00e9couvrez la Garmin Index S2 chez Loisir \u00c9lectronique. Suivez votre poids, masse grasse et musculaire avec pr\u00e9cision. Commandez votre balance connect\u00e9e !\" \/>\n<meta name=\"robots\" content=\"index, follow, max-snippet:-1, max-image-preview:large, max-video-preview:-1\" \/>\n<link rel=\"canonical\" href=\"https:\/\/loisirelectronique.com\/nl\/product\/balance-connectee-garmin-index-s2-noir\/\" \/>\n<meta property=\"og:locale\" content=\"nl_NL\" \/>\n<meta property=\"og:type\" content=\"article\" \/>\n<meta property=\"og:title\" content=\"Balance Connect\u00e9e Garmin Index S2 Noir - Loisir Electronique\" \/>\n<meta property=\"og:description\" content=\"D\u00e9couvrez la Garmin Index S2 chez Loisir \u00c9lectronique. Suivez votre poids, masse grasse et musculaire avec pr\u00e9cision. Commandez votre balance connect\u00e9e !\" \/>\n<meta property=\"og:url\" content=\"https:\/\/loisirelectronique.com\/nl\/product\/balance-connectee-garmin-index-s2-noir\/\" \/>\n<meta property=\"og:site_name\" content=\"Loisir Electronique\" \/>\n<meta property=\"article:modified_time\" content=\"2026-03-28T13:18:33+00:00\" \/>\n<meta property=\"og:image\" content=\"http:\/\/loisirelectronique.com\/wp-content\/uploads\/2026\/03\/Pese-personne-Wi-Fi-Garmin-Index-S2-Suivi-Sante-Noir.jpg\" \/>\n\t<meta property=\"og:image:width\" content=\"769\" \/>\n\t<meta property=\"og:image:height\" content=\"523\" \/>\n\t<meta property=\"og:image:type\" content=\"image\/jpeg\" \/>\n<meta name=\"twitter:card\" content=\"summary_large_image\" \/>\n<meta name=\"twitter:label1\" content=\"Geschatte leestijd\" \/>\n\t<meta name=\"twitter:data1\" content=\"4 minuten\" \/>\n<script type=\"application\/ld+json\" class=\"yoast-schema-graph\">{\"@context\":\"https:\\\/\\\/schema.org\",\"@graph\":[{\"@type\":\"WebPage\",\"@id\":\"https:\\\/\\\/loisirelectronique.com\\\/produit\\\/balance-connectee-garmin-index-s2-noir\\\/\",\"url\":\"https:\\\/\\\/loisirelectronique.com\\\/produit\\\/balance-connectee-garmin-index-s2-noir\\\/\",\"name\":\"Balance Connect\u00e9e Garmin Index S2 Noir - Loisir Electronique\",\"isPartOf\":{\"@id\":\"https:\\\/\\\/loisirelectronique.com\\\/#website\"},\"primaryImageOfPage\":{\"@id\":\"https:\\\/\\\/loisirelectronique.com\\\/produit\\\/balance-connectee-garmin-index-s2-noir\\\/#primaryimage\"},\"image\":{\"@id\":\"https:\\\/\\\/loisirelectronique.com\\\/produit\\\/balance-connectee-garmin-index-s2-noir\\\/#primaryimage\"},\"thumbnailUrl\":\"https:\\\/\\\/loisirelectronique.com\\\/wp-content\\\/uploads\\\/2026\\\/03\\\/Pese-personne-Wi-Fi-Garmin-Index-S2-Suivi-Sante-Noir.jpg\",\"datePublished\":\"2026-03-26T20:03:04+00:00\",\"dateModified\":\"2026-03-28T13:18:33+00:00\",\"description\":\"D\u00e9couvrez la Garmin Index S2 chez Loisir \u00c9lectronique. Suivez votre poids, masse grasse et musculaire avec pr\u00e9cision. Commandez votre balance connect\u00e9e !\",\"breadcrumb\":{\"@id\":\"https:\\\/\\\/loisirelectronique.com\\\/produit\\\/balance-connectee-garmin-index-s2-noir\\\/#breadcrumb\"},\"inLanguage\":\"nl-NL\",\"potentialAction\":[{\"@type\":\"ReadAction\",\"target\":[\"https:\\\/\\\/loisirelectronique.com\\\/produit\\\/balance-connectee-garmin-index-s2-noir\\\/\"]}]},{\"@type\":\"ImageObject\",\"inLanguage\":\"nl-NL\",\"@id\":\"https:\\\/\\\/loisirelectronique.com\\\/produit\\\/balance-connectee-garmin-index-s2-noir\\\/#primaryimage\",\"url\":\"https:\\\/\\\/loisirelectronique.com\\\/wp-content\\\/uploads\\\/2026\\\/03\\\/Pese-personne-Wi-Fi-Garmin-Index-S2-Suivi-Sante-Noir.jpg\",\"contentUrl\":\"https:\\\/\\\/loisirelectronique.com\\\/wp-content\\\/uploads\\\/2026\\\/03\\\/Pese-personne-Wi-Fi-Garmin-Index-S2-Suivi-Sante-Noir.jpg\",\"width\":769,\"height\":523,\"caption\":\"Jusqu'\u00e0 16 utilisateurs personnalis\u00e9s avec suivi individuel.\"},{\"@type\":\"BreadcrumbList\",\"@id\":\"https:\\\/\\\/loisirelectronique.com\\\/produit\\\/balance-connectee-garmin-index-s2-noir\\\/#breadcrumb\",\"itemListElement\":[{\"@type\":\"ListItem\",\"position\":1,\"name\":\"Accueil\",\"item\":\"https:\\\/\\\/loisirelectronique.com\\\/\"},{\"@type\":\"ListItem\",\"position\":2,\"name\":\"Boutique\",\"item\":\"https:\\\/\\\/loisirelectronique.com\\\/velos-electriques-accessoires-trottinettes\\\/\"},{\"@type\":\"ListItem\",\"position\":3,\"name\":\"Balance Connect\u00e9e Garmin Index S2 Noir\"}]},{\"@type\":\"WebSite\",\"@id\":\"https:\\\/\\\/loisirelectronique.com\\\/#website\",\"url\":\"https:\\\/\\\/loisirelectronique.com\\\/\",\"name\":\"Loisir Electronique\",\"description\":\"Innovation, qualit\u00e9, performance\",\"publisher\":{\"@id\":\"https:\\\/\\\/loisirelectronique.com\\\/#organization\"},\"potentialAction\":[{\"@type\":\"SearchAction\",\"target\":{\"@type\":\"EntryPoint\",\"urlTemplate\":\"https:\\\/\\\/loisirelectronique.com\\\/?s={search_term_string}\"},\"query-input\":{\"@type\":\"PropertyValueSpecification\",\"valueRequired\":true,\"valueName\":\"search_term_string\"}}],\"inLanguage\":\"nl-NL\"},{\"@type\":\"Organization\",\"@id\":\"https:\\\/\\\/loisirelectronique.com\\\/#organization\",\"name\":\"Loisir Electronique\",\"url\":\"https:\\\/\\\/loisirelectronique.com\\\/\",\"logo\":{\"@type\":\"ImageObject\",\"inLanguage\":\"nl-NL\",\"@id\":\"https:\\\/\\\/loisirelectronique.com\\\/#\\\/schema\\\/logo\\\/image\\\/\",\"url\":\"http:\\\/\\\/loisirelectronique.com\\\/wp-content\\\/uploads\\\/2026\\\/03\\\/IMG-20260325-WA00112.jpg\",\"contentUrl\":\"http:\\\/\\\/loisirelectronique.com\\\/wp-content\\\/uploads\\\/2026\\\/03\\\/IMG-20260325-WA00112.jpg\",\"width\":418,\"height\":124,\"caption\":\"Loisir Electronique\"},\"image\":{\"@id\":\"https:\\\/\\\/loisirelectronique.com\\\/#\\\/schema\\\/logo\\\/image\\\/\"}}]}<\/script>\n<!-- \/ Yoast SEO plugin. -->","yoast_head_json":{"title":"Balance Connect\u00e9e Garmin Index S2 Noir - Loisir Electronique","description":"D\u00e9couvrez la Garmin Index S2 chez Loisir \u00c9lectronique. Suivez votre poids, masse grasse et musculaire avec pr\u00e9cision. Commandez votre balance connect\u00e9e !","robots":{"index":"index","follow":"follow","max-snippet":"max-snippet:-1","max-image-preview":"max-image-preview:large","max-video-preview":"max-video-preview:-1"},"canonical":"https:\/\/loisirelectronique.com\/nl\/product\/balance-connectee-garmin-index-s2-noir\/","og_locale":"nl_NL","og_type":"article","og_title":"Balance Connect\u00e9e Garmin Index S2 Noir - Loisir Electronique","og_description":"D\u00e9couvrez la Garmin Index S2 chez Loisir \u00c9lectronique. Suivez votre poids, masse grasse et musculaire avec pr\u00e9cision. Commandez votre balance connect\u00e9e !","og_url":"https:\/\/loisirelectronique.com\/nl\/product\/balance-connectee-garmin-index-s2-noir\/","og_site_name":"Loisir Electronique","article_modified_time":"2026-03-28T13:18:33+00:00","og_image":[{"width":769,"height":523,"url":"http:\/\/loisirelectronique.com\/wp-content\/uploads\/2026\/03\/Pese-personne-Wi-Fi-Garmin-Index-S2-Suivi-Sante-Noir.jpg","type":"image\/jpeg"}],"twitter_card":"summary_large_image","twitter_misc":{"Geschatte leestijd":"4 minuten"},"schema":{"@context":"https:\/\/schema.org","@graph":[{"@type":"WebPage","@id":"https:\/\/loisirelectronique.com\/produit\/balance-connectee-garmin-index-s2-noir\/","url":"https:\/\/loisirelectronique.com\/produit\/balance-connectee-garmin-index-s2-noir\/","name":"Balance Connect\u00e9e Garmin Index S2 Noir - Loisir Electronique","isPartOf":{"@id":"https:\/\/loisirelectronique.com\/#website"},"primaryImageOfPage":{"@id":"https:\/\/loisirelectronique.com\/produit\/balance-connectee-garmin-index-s2-noir\/#primaryimage"},"image":{"@id":"https:\/\/loisirelectronique.com\/produit\/balance-connectee-garmin-index-s2-noir\/#primaryimage"},"thumbnailUrl":"https:\/\/loisirelectronique.com\/wp-content\/uploads\/2026\/03\/Pese-personne-Wi-Fi-Garmin-Index-S2-Suivi-Sante-Noir.jpg","datePublished":"2026-03-26T20:03:04+00:00","dateModified":"2026-03-28T13:18:33+00:00","description":"D\u00e9couvrez la Garmin Index S2 chez Loisir \u00c9lectronique. Suivez votre poids, masse grasse et musculaire avec pr\u00e9cision. Commandez votre balance connect\u00e9e !","breadcrumb":{"@id":"https:\/\/loisirelectronique.com\/produit\/balance-connectee-garmin-index-s2-noir\/#breadcrumb"},"inLanguage":"nl-NL","potentialAction":[{"@type":"ReadAction","target":["https:\/\/loisirelectronique.com\/produit\/balance-connectee-garmin-index-s2-noir\/"]}]},{"@type":"ImageObject","inLanguage":"nl-NL","@id":"https:\/\/loisirelectronique.com\/produit\/balance-connectee-garmin-index-s2-noir\/#primaryimage","url":"https:\/\/loisirelectronique.com\/wp-content\/uploads\/2026\/03\/Pese-personne-Wi-Fi-Garmin-Index-S2-Suivi-Sante-Noir.jpg","contentUrl":"https:\/\/loisirelectronique.com\/wp-content\/uploads\/2026\/03\/Pese-personne-Wi-Fi-Garmin-Index-S2-Suivi-Sante-Noir.jpg","width":769,"height":523,"caption":"Jusqu'\u00e0 16 utilisateurs personnalis\u00e9s avec suivi individuel."},{"@type":"BreadcrumbList","@id":"https:\/\/loisirelectronique.com\/produit\/balance-connectee-garmin-index-s2-noir\/#breadcrumb","itemListElement":[{"@type":"ListItem","position":1,"name":"Accueil","item":"https:\/\/loisirelectronique.com\/"},{"@type":"ListItem","position":2,"name":"Boutique","item":"https:\/\/loisirelectronique.com\/velos-electriques-accessoires-trottinettes\/"},{"@type":"ListItem","position":3,"name":"Balance Connect\u00e9e Garmin Index S2 Noir"}]},{"@type":"WebSite","@id":"https:\/\/loisirelectronique.com\/#website","url":"https:\/\/loisirelectronique.com\/","name":"Loisir Electronique","description":"Innovation, qualit\u00e9, performance","publisher":{"@id":"https:\/\/loisirelectronique.com\/#organization"},"potentialAction":[{"@type":"SearchAction","target":{"@type":"EntryPoint","urlTemplate":"https:\/\/loisirelectronique.com\/?s={search_term_string}"},"query-input":{"@type":"PropertyValueSpecification","valueRequired":true,"valueName":"search_term_string"}}],"inLanguage":"nl-NL"},{"@type":"Organization","@id":"https:\/\/loisirelectronique.com\/#organization","name":"Loisir Electronique","url":"https:\/\/loisirelectronique.com\/","logo":{"@type":"ImageObject","inLanguage":"nl-NL","@id":"https:\/\/loisirelectronique.com\/#\/schema\/logo\/image\/","url":"http:\/\/loisirelectronique.com\/wp-content\/uploads\/2026\/03\/IMG-20260325-WA00112.jpg","contentUrl":"http:\/\/loisirelectronique.com\/wp-content\/uploads\/2026\/03\/IMG-20260325-WA00112.jpg","width":418,"height":124,"caption":"Loisir Electronique"},"image":{"@id":"https:\/\/loisirelectronique.com\/#\/schema\/logo\/image\/"}}]}},"jetpack_sharing_enabled":true,"_links":{"self":[{"href":"https:\/\/loisirelectronique.com\/nl\/wp-json\/wp\/v2\/product\/29129","targetHints":{"allow":["GET"]}}],"collection":[{"href":"https:\/\/loisirelectronique.com\/nl\/wp-json\/wp\/v2\/product"}],"about":[{"href":"https:\/\/loisirelectronique.com\/nl\/wp-json\/wp\/v2\/types\/product"}],"replies":[{"embeddable":true,"href":"https:\/\/loisirelectronique.com\/nl\/wp-json\/wp\/v2\/comments?post=29129"}],"version-history":[{"count":1,"href":"https:\/\/loisirelectronique.com\/nl\/wp-json\/wp\/v2\/product\/29129\/revisions"}],"predecessor-version":[{"id":29136,"href":"https:\/\/loisirelectronique.com\/nl\/wp-json\/wp\/v2\/product\/29129\/revisions\/29136"}],"wp:featuredmedia":[{"embeddable":true,"href":"https:\/\/loisirelectronique.com\/nl\/wp-json\/wp\/v2\/media\/29135"}],"wp:attachment":[{"href":"https:\/\/loisirelectronique.com\/nl\/wp-json\/wp\/v2\/media?parent=29129"}],"wp:term":[{"taxonomy":"product_brand","embeddable":true,"href":"https:\/\/loisirelectronique.com\/nl\/wp-json\/wp\/v2\/product_brand?post=29129"},{"taxonomy":"product_cat","embeddable":true,"href":"https:\/\/loisirelectronique.com\/nl\/wp-json\/wp\/v2\/product_cat?post=29129"},{"taxonomy":"product_tag","embeddable":true,"href":"https:\/\/loisirelectronique.com\/nl\/wp-json\/wp\/v2\/product_tag?post=29129"}],"curies":[{"name":"wp","href":"https:\/\/api.w.org\/{rel}","templated":true}]}}