{"id":29125,"date":"2026-03-26T19:50:43","date_gmt":"2026-03-26T19:50:43","guid":{"rendered":"https:\/\/loisirelectronique.com\/?post_type=product&#038;p=29125"},"modified":"2026-03-28T13:16:53","modified_gmt":"2026-03-28T13:16:53","slug":"bosch-powerpack-300-frame-pour-cadre-gris-anthracite-300-wh","status":"publish","type":"product","link":"https:\/\/loisirelectronique.com\/nl\/product\/bosch-powerpack-300-frame-pour-cadre-gris-anthracite-300-wh\/","title":{"rendered":"Bosch PowerPack 300 Frame pour Cadre Gris Anthracite 300 Wh"},"content":{"rendered":"<h1 class=\"heading-title-text\" data-titleproductread=\"\">Batterie Bosch PowerPack 300 Frame pour Cadre Gris Anthracite 300 Wh<\/h1>\n<p><a href=\"https:\/\/loisirelectronique.com\/nl\/product\/bosch-powerpack-\u2026nthracite-300-wh\/\">Bosch PowerPack 300 Frame pour Cadre Gris Anthracite 300 Wh<\/a><\/p>\n<p>La batterie Bosch PowerPack 300\u00a0est un r\u00e9servoir d\u2019\u00e9nergie fiable et durable sans effet de m\u00e9moire et avec une d\u00e9charge spontan\u00e9e minimale. Install\u00e9e en tant que\u00a0<strong>batterie pour cadre<\/strong>, elle est proche du centre de gravit\u00e9 de votre VAE et vous conf\u00e8re ainsi une plus grande stabilit\u00e9. Le retrait et la recharge de la batterie sur la prise la plus proche fonctionnent en toute simplicit\u00e9.<\/p>\n<h4>D\u00c9TAILS :<\/h4>\n<ul>\n<li>Montage : Pour cadre.<\/li>\n<li>Quantit\u00e9 d\u2019\u00e9nergie : 300 Wh.<\/li>\n<li>Charge compl\u00e8te en 2.5 heures, et demi-charge en 1 heure avec le chargeur standard.<\/li>\n<li>Coloris : Anthracite.<\/li>\n<\/ul>\n<h4>COMPATIBILIT\u00c9S<a href=\"http:\/\/1.0.0.1\/\">\u00a0:<\/a><\/h4>\n<ul>\n<li>Active Line Plus (BDU3XX).<\/li>\n<li>Active Line (BDU3XX).<\/li>\n<li>Performance Line Speed(BDU4XX).<\/li>\n<li>Performance Line (BDU3XX).<\/li>\n<li>Cargo Line \/ Speed (BDU4XX).<\/li>\n<li>Active Line (BDU2XX).<\/li>\n<li>Performance Line CX (BDU2XX).<\/li>\n<li>Performance Line (BDU2XX).<\/li>\n<\/ul>","protected":false},"excerpt":{"rendered":"<p>Chez <b data-path-to-node=\"16,4,0\" data-index-in-node=\"26\">Loisir Electronique<\/b>, nous savons que chaque kilom\u00e8tre compte. Cette batterie de 300 Wh offre le meilleur rapport poids\/\u00e9nergie pour les flottes de livraison. Sa structure robuste r\u00e9siste aux manipulations quotidiennes intenses et aux charges fr\u00e9quentes.<\/p>\n<p>Votre batterie actuelle perd de son autonomie ? Choisissez la qualit\u00e9 certifi\u00e9e Bosch. Cette PowerPack 300 Frame assure une compatibilit\u00e9 totale avec votre installation existante. Installation imm\u00e9diate : clipsez, verrouillez et roulez \u00e0 nouveau en toute s\u00e9curit\u00e9.<\/p>","protected":false},"featured_media":29127,"comment_status":"open","ping_status":"closed","template":"","meta":[],"product_brand":[293],"product_cat":[42],"product_tag":[],"class_list":{"0":"post-29125","1":"product","2":"type-product","3":"status-publish","4":"has-post-thumbnail","6":"product_brand-bosch","7":"product_cat-accessoires","9":"first","10":"instock","11":"sale","12":"taxable","13":"shipping-taxable","14":"purchasable","15":"product-type-simple"},"yoast_head":"<!-- This site is optimized with the Yoast SEO plugin v27.5 - https:\/\/yoast.com\/product\/yoast-seo-wordpress\/ -->\n<title>Bosch PowerPack 300 Frame pour Cadre Gris Anthracite 300 Wh - Loisir Electronique<\/title>\n<meta name=\"description\" content=\"D\u00e9couvrez la Bosch PowerPack 300 chez Loisir \u00c9lectronique. Une batterie originale 300Wh fiable et durable pour votre v\u00e9lo \u00e9lectrique. Commandez ici !\" \/>\n<meta name=\"robots\" content=\"index, follow, max-snippet:-1, max-image-preview:large, max-video-preview:-1\" \/>\n<link rel=\"canonical\" href=\"https:\/\/loisirelectronique.com\/nl\/product\/bosch-powerpack-300-frame-pour-cadre-gris-anthracite-300-wh\/\" \/>\n<meta property=\"og:locale\" content=\"nl_NL\" \/>\n<meta property=\"og:type\" content=\"article\" \/>\n<meta property=\"og:title\" content=\"Bosch PowerPack 300 Frame pour Cadre Gris Anthracite 300 Wh - Loisir Electronique\" \/>\n<meta property=\"og:description\" content=\"D\u00e9couvrez la Bosch PowerPack 300 chez Loisir \u00c9lectronique. Une batterie originale 300Wh fiable et durable pour votre v\u00e9lo \u00e9lectrique. Commandez ici !\" \/>\n<meta property=\"og:url\" content=\"https:\/\/loisirelectronique.com\/nl\/product\/bosch-powerpack-300-frame-pour-cadre-gris-anthracite-300-wh\/\" \/>\n<meta property=\"og:site_name\" content=\"Loisir Electronique\" \/>\n<meta property=\"article:modified_time\" content=\"2026-03-28T13:16:53+00:00\" \/>\n<meta property=\"og:image\" content=\"http:\/\/loisirelectronique.com\/wp-content\/uploads\/2026\/03\/Batterie-Velo-Electrique-Bosch-PowerPack-300-Legere-et-Compacte.jpg\" \/>\n\t<meta property=\"og:image:width\" content=\"1123\" \/>\n\t<meta property=\"og:image:height\" content=\"762\" \/>\n\t<meta property=\"og:image:type\" content=\"image\/jpeg\" \/>\n<meta name=\"twitter:card\" content=\"summary_large_image\" \/>\n<meta name=\"twitter:label1\" content=\"Geschatte leestijd\" \/>\n\t<meta name=\"twitter:data1\" content=\"1 minuut\" \/>\n<script type=\"application\/ld+json\" class=\"yoast-schema-graph\">{\"@context\":\"https:\\\/\\\/schema.org\",\"@graph\":[{\"@type\":\"WebPage\",\"@id\":\"https:\\\/\\\/loisirelectronique.com\\\/produit\\\/bosch-powerpack-300-frame-pour-cadre-gris-anthracite-300-wh\\\/\",\"url\":\"https:\\\/\\\/loisirelectronique.com\\\/produit\\\/bosch-powerpack-300-frame-pour-cadre-gris-anthracite-300-wh\\\/\",\"name\":\"Bosch PowerPack 300 Frame pour Cadre Gris Anthracite 300 Wh - Loisir Electronique\",\"isPartOf\":{\"@id\":\"https:\\\/\\\/loisirelectronique.com\\\/#website\"},\"primaryImageOfPage\":{\"@id\":\"https:\\\/\\\/loisirelectronique.com\\\/produit\\\/bosch-powerpack-300-frame-pour-cadre-gris-anthracite-300-wh\\\/#primaryimage\"},\"image\":{\"@id\":\"https:\\\/\\\/loisirelectronique.com\\\/produit\\\/bosch-powerpack-300-frame-pour-cadre-gris-anthracite-300-wh\\\/#primaryimage\"},\"thumbnailUrl\":\"https:\\\/\\\/loisirelectronique.com\\\/wp-content\\\/uploads\\\/2026\\\/03\\\/Batterie-Velo-Electrique-Bosch-PowerPack-300-Legere-et-Compacte.jpg\",\"datePublished\":\"2026-03-26T19:50:43+00:00\",\"dateModified\":\"2026-03-28T13:16:53+00:00\",\"description\":\"D\u00e9couvrez la Bosch PowerPack 300 chez Loisir \u00c9lectronique. Une batterie originale 300Wh fiable et durable pour votre v\u00e9lo \u00e9lectrique. Commandez ici !\",\"breadcrumb\":{\"@id\":\"https:\\\/\\\/loisirelectronique.com\\\/produit\\\/bosch-powerpack-300-frame-pour-cadre-gris-anthracite-300-wh\\\/#breadcrumb\"},\"inLanguage\":\"nl-NL\",\"potentialAction\":[{\"@type\":\"ReadAction\",\"target\":[\"https:\\\/\\\/loisirelectronique.com\\\/produit\\\/bosch-powerpack-300-frame-pour-cadre-gris-anthracite-300-wh\\\/\"]}]},{\"@type\":\"ImageObject\",\"inLanguage\":\"nl-NL\",\"@id\":\"https:\\\/\\\/loisirelectronique.com\\\/produit\\\/bosch-powerpack-300-frame-pour-cadre-gris-anthracite-300-wh\\\/#primaryimage\",\"url\":\"https:\\\/\\\/loisirelectronique.com\\\/wp-content\\\/uploads\\\/2026\\\/03\\\/Batterie-Velo-Electrique-Bosch-PowerPack-300-Legere-et-Compacte.jpg\",\"contentUrl\":\"https:\\\/\\\/loisirelectronique.com\\\/wp-content\\\/uploads\\\/2026\\\/03\\\/Batterie-Velo-Electrique-Bosch-PowerPack-300-Legere-et-Compacte.jpg\",\"width\":1123,\"height\":762,\"caption\":\"Remplacez votre ancienne batterie PowerPack 300, 400 ou 500 par ce mod\u00e8le 300Wh.\"},{\"@type\":\"BreadcrumbList\",\"@id\":\"https:\\\/\\\/loisirelectronique.com\\\/produit\\\/bosch-powerpack-300-frame-pour-cadre-gris-anthracite-300-wh\\\/#breadcrumb\",\"itemListElement\":[{\"@type\":\"ListItem\",\"position\":1,\"name\":\"Accueil\",\"item\":\"https:\\\/\\\/loisirelectronique.com\\\/\"},{\"@type\":\"ListItem\",\"position\":2,\"name\":\"Boutique\",\"item\":\"https:\\\/\\\/loisirelectronique.com\\\/velos-electriques-accessoires-trottinettes\\\/\"},{\"@type\":\"ListItem\",\"position\":3,\"name\":\"Bosch PowerPack 300 Frame pour Cadre Gris Anthracite 300 Wh\"}]},{\"@type\":\"WebSite\",\"@id\":\"https:\\\/\\\/loisirelectronique.com\\\/#website\",\"url\":\"https:\\\/\\\/loisirelectronique.com\\\/\",\"name\":\"Loisir Electronique\",\"description\":\"Innovation, qualit\u00e9, performance\",\"publisher\":{\"@id\":\"https:\\\/\\\/loisirelectronique.com\\\/#organization\"},\"potentialAction\":[{\"@type\":\"SearchAction\",\"target\":{\"@type\":\"EntryPoint\",\"urlTemplate\":\"https:\\\/\\\/loisirelectronique.com\\\/?s={search_term_string}\"},\"query-input\":{\"@type\":\"PropertyValueSpecification\",\"valueRequired\":true,\"valueName\":\"search_term_string\"}}],\"inLanguage\":\"nl-NL\"},{\"@type\":\"Organization\",\"@id\":\"https:\\\/\\\/loisirelectronique.com\\\/#organization\",\"name\":\"Loisir Electronique\",\"url\":\"https:\\\/\\\/loisirelectronique.com\\\/\",\"logo\":{\"@type\":\"ImageObject\",\"inLanguage\":\"nl-NL\",\"@id\":\"https:\\\/\\\/loisirelectronique.com\\\/#\\\/schema\\\/logo\\\/image\\\/\",\"url\":\"http:\\\/\\\/loisirelectronique.com\\\/wp-content\\\/uploads\\\/2026\\\/03\\\/IMG-20260325-WA00112.jpg\",\"contentUrl\":\"http:\\\/\\\/loisirelectronique.com\\\/wp-content\\\/uploads\\\/2026\\\/03\\\/IMG-20260325-WA00112.jpg\",\"width\":418,\"height\":124,\"caption\":\"Loisir Electronique\"},\"image\":{\"@id\":\"https:\\\/\\\/loisirelectronique.com\\\/#\\\/schema\\\/logo\\\/image\\\/\"}}]}<\/script>\n<!-- \/ Yoast SEO plugin. -->","yoast_head_json":{"title":"Bosch PowerPack 300 Frame pour Cadre Gris Anthracite 300 Wh - Loisir Electronique","description":"D\u00e9couvrez la Bosch PowerPack 300 chez Loisir \u00c9lectronique. Une batterie originale 300Wh fiable et durable pour votre v\u00e9lo \u00e9lectrique. Commandez ici !","robots":{"index":"index","follow":"follow","max-snippet":"max-snippet:-1","max-image-preview":"max-image-preview:large","max-video-preview":"max-video-preview:-1"},"canonical":"https:\/\/loisirelectronique.com\/nl\/product\/bosch-powerpack-300-frame-pour-cadre-gris-anthracite-300-wh\/","og_locale":"nl_NL","og_type":"article","og_title":"Bosch PowerPack 300 Frame pour Cadre Gris Anthracite 300 Wh - Loisir Electronique","og_description":"D\u00e9couvrez la Bosch PowerPack 300 chez Loisir \u00c9lectronique. Une batterie originale 300Wh fiable et durable pour votre v\u00e9lo \u00e9lectrique. Commandez ici !","og_url":"https:\/\/loisirelectronique.com\/nl\/product\/bosch-powerpack-300-frame-pour-cadre-gris-anthracite-300-wh\/","og_site_name":"Loisir Electronique","article_modified_time":"2026-03-28T13:16:53+00:00","og_image":[{"width":1123,"height":762,"url":"http:\/\/loisirelectronique.com\/wp-content\/uploads\/2026\/03\/Batterie-Velo-Electrique-Bosch-PowerPack-300-Legere-et-Compacte.jpg","type":"image\/jpeg"}],"twitter_card":"summary_large_image","twitter_misc":{"Geschatte leestijd":"1 minuut"},"schema":{"@context":"https:\/\/schema.org","@graph":[{"@type":"WebPage","@id":"https:\/\/loisirelectronique.com\/produit\/bosch-powerpack-300-frame-pour-cadre-gris-anthracite-300-wh\/","url":"https:\/\/loisirelectronique.com\/produit\/bosch-powerpack-300-frame-pour-cadre-gris-anthracite-300-wh\/","name":"Bosch PowerPack 300 Frame pour Cadre Gris Anthracite 300 Wh - Loisir Electronique","isPartOf":{"@id":"https:\/\/loisirelectronique.com\/#website"},"primaryImageOfPage":{"@id":"https:\/\/loisirelectronique.com\/produit\/bosch-powerpack-300-frame-pour-cadre-gris-anthracite-300-wh\/#primaryimage"},"image":{"@id":"https:\/\/loisirelectronique.com\/produit\/bosch-powerpack-300-frame-pour-cadre-gris-anthracite-300-wh\/#primaryimage"},"thumbnailUrl":"https:\/\/loisirelectronique.com\/wp-content\/uploads\/2026\/03\/Batterie-Velo-Electrique-Bosch-PowerPack-300-Legere-et-Compacte.jpg","datePublished":"2026-03-26T19:50:43+00:00","dateModified":"2026-03-28T13:16:53+00:00","description":"D\u00e9couvrez la Bosch PowerPack 300 chez Loisir \u00c9lectronique. Une batterie originale 300Wh fiable et durable pour votre v\u00e9lo \u00e9lectrique. Commandez ici !","breadcrumb":{"@id":"https:\/\/loisirelectronique.com\/produit\/bosch-powerpack-300-frame-pour-cadre-gris-anthracite-300-wh\/#breadcrumb"},"inLanguage":"nl-NL","potentialAction":[{"@type":"ReadAction","target":["https:\/\/loisirelectronique.com\/produit\/bosch-powerpack-300-frame-pour-cadre-gris-anthracite-300-wh\/"]}]},{"@type":"ImageObject","inLanguage":"nl-NL","@id":"https:\/\/loisirelectronique.com\/produit\/bosch-powerpack-300-frame-pour-cadre-gris-anthracite-300-wh\/#primaryimage","url":"https:\/\/loisirelectronique.com\/wp-content\/uploads\/2026\/03\/Batterie-Velo-Electrique-Bosch-PowerPack-300-Legere-et-Compacte.jpg","contentUrl":"https:\/\/loisirelectronique.com\/wp-content\/uploads\/2026\/03\/Batterie-Velo-Electrique-Bosch-PowerPack-300-Legere-et-Compacte.jpg","width":1123,"height":762,"caption":"Remplacez votre ancienne batterie PowerPack 300, 400 ou 500 par ce mod\u00e8le 300Wh."},{"@type":"BreadcrumbList","@id":"https:\/\/loisirelectronique.com\/produit\/bosch-powerpack-300-frame-pour-cadre-gris-anthracite-300-wh\/#breadcrumb","itemListElement":[{"@type":"ListItem","position":1,"name":"Accueil","item":"https:\/\/loisirelectronique.com\/"},{"@type":"ListItem","position":2,"name":"Boutique","item":"https:\/\/loisirelectronique.com\/velos-electriques-accessoires-trottinettes\/"},{"@type":"ListItem","position":3,"name":"Bosch PowerPack 300 Frame pour Cadre Gris Anthracite 300 Wh"}]},{"@type":"WebSite","@id":"https:\/\/loisirelectronique.com\/#website","url":"https:\/\/loisirelectronique.com\/","name":"Loisir Electronique","description":"Innovation, qualit\u00e9, performance","publisher":{"@id":"https:\/\/loisirelectronique.com\/#organization"},"potentialAction":[{"@type":"SearchAction","target":{"@type":"EntryPoint","urlTemplate":"https:\/\/loisirelectronique.com\/?s={search_term_string}"},"query-input":{"@type":"PropertyValueSpecification","valueRequired":true,"valueName":"search_term_string"}}],"inLanguage":"nl-NL"},{"@type":"Organization","@id":"https:\/\/loisirelectronique.com\/#organization","name":"Loisir Electronique","url":"https:\/\/loisirelectronique.com\/","logo":{"@type":"ImageObject","inLanguage":"nl-NL","@id":"https:\/\/loisirelectronique.com\/#\/schema\/logo\/image\/","url":"http:\/\/loisirelectronique.com\/wp-content\/uploads\/2026\/03\/IMG-20260325-WA00112.jpg","contentUrl":"http:\/\/loisirelectronique.com\/wp-content\/uploads\/2026\/03\/IMG-20260325-WA00112.jpg","width":418,"height":124,"caption":"Loisir Electronique"},"image":{"@id":"https:\/\/loisirelectronique.com\/#\/schema\/logo\/image\/"}}]}},"jetpack_sharing_enabled":true,"_links":{"self":[{"href":"https:\/\/loisirelectronique.com\/nl\/wp-json\/wp\/v2\/product\/29125","targetHints":{"allow":["GET"]}}],"collection":[{"href":"https:\/\/loisirelectronique.com\/nl\/wp-json\/wp\/v2\/product"}],"about":[{"href":"https:\/\/loisirelectronique.com\/nl\/wp-json\/wp\/v2\/types\/product"}],"replies":[{"embeddable":true,"href":"https:\/\/loisirelectronique.com\/nl\/wp-json\/wp\/v2\/comments?post=29125"}],"version-history":[{"count":1,"href":"https:\/\/loisirelectronique.com\/nl\/wp-json\/wp\/v2\/product\/29125\/revisions"}],"predecessor-version":[{"id":29128,"href":"https:\/\/loisirelectronique.com\/nl\/wp-json\/wp\/v2\/product\/29125\/revisions\/29128"}],"wp:featuredmedia":[{"embeddable":true,"href":"https:\/\/loisirelectronique.com\/nl\/wp-json\/wp\/v2\/media\/29127"}],"wp:attachment":[{"href":"https:\/\/loisirelectronique.com\/nl\/wp-json\/wp\/v2\/media?parent=29125"}],"wp:term":[{"taxonomy":"product_brand","embeddable":true,"href":"https:\/\/loisirelectronique.com\/nl\/wp-json\/wp\/v2\/product_brand?post=29125"},{"taxonomy":"product_cat","embeddable":true,"href":"https:\/\/loisirelectronique.com\/nl\/wp-json\/wp\/v2\/product_cat?post=29125"},{"taxonomy":"product_tag","embeddable":true,"href":"https:\/\/loisirelectronique.com\/nl\/wp-json\/wp\/v2\/product_tag?post=29125"}],"curies":[{"name":"wp","href":"https:\/\/api.w.org\/{rel}","templated":true}]}}