{"id":29088,"date":"2026-03-26T16:49:55","date_gmt":"2026-03-26T16:49:55","guid":{"rendered":"https:\/\/loisirelectronique.com\/?post_type=product&#038;p=29088"},"modified":"2026-04-18T22:19:31","modified_gmt":"2026-04-18T22:19:31","slug":"ausom-dt2-pro-double-moteur-puissance","status":"publish","type":"product","link":"https:\/\/loisirelectronique.com\/nl\/product\/ausom-dt2-pro-double-moteur-puissance\/","title":{"rendered":"Ausom DT2 Pro &#8211; Trottinette \u00c9lectrique Double Moteur 2800W Peak"},"content":{"rendered":"<h2 class=\"has-text-align-center wp-block-heading\"><strong>Ausom DT2 Pro Trottinette \u00c9lectrique \u2013 Moteur \u00e0 Pic 1400W*2 52V \u2013 Batterie 23,4Ah \u2013 Pneus \u00e0 Vide 10\u2033 \u2013 Verrouillage NFC et Code d\u2019Acc\u00e8s<\/strong><\/h2>\n<h3 class=\"has-text-align-center wp-block-heading\">Ausom DT2 Pro Trottinette \u00c9lectrique<\/h3>\n<div class=\"wp-block-image\">\n<figure class=\"aligncenter pva\"><img loading=\"lazy\" decoding=\"async\" class=\"wp-image-6715951\" src=\"https:\/\/boostit.cdiscount.com\/wp-content\/uploads\/2025\/03\/1-de30e0.png?w=600\" sizes=\"auto, (max-width: 600px) 100vw, 600px\" srcset=\"https:\/\/boostit.cdiscount.com\/wp-content\/uploads\/2025\/03\/1-de30e0.png 1000w, https:\/\/boostit.cdiscount.com\/wp-content\/uploads\/2025\/03\/1-de30e0.png?resize=150,150 150w, https:\/\/boostit.cdiscount.com\/wp-content\/uploads\/2025\/03\/1-de30e0.png?resize=500,500 500w, https:\/\/boostit.cdiscount.com\/wp-content\/uploads\/2025\/03\/1-de30e0.png?resize=768,768 768w, https:\/\/boostit.cdiscount.com\/wp-content\/uploads\/2025\/03\/1-de30e0.png?resize=600,600 600w, https:\/\/boostit.cdiscount.com\/wp-content\/uploads\/2025\/03\/1-de30e0.png?resize=320,320 320w\" alt=\"\" width=\"600\" height=\"600\" \/><\/figure>\n<\/div>\n<p><strong>Ausom DT2 Pro Trottinette \u00c9lectrique \u2013 Moteur \u00e0 Pic 1400W*2 52V \u2013 Batterie 23,4Ah \u2013 Pneus \u00e0 Vide 10\u2033 \u2013 Verrouillage NFC et Code d\u2019Acc\u00e8s<\/strong><\/p>\n<h4 class=\"line wp-block-heading\">+ produit<\/h4>\n<div class=\"wp-block-group pvat\">\n<div class=\"wp-block-group__inner-container is-layout-flow wp-block-group-is-layout-flow\">\n<div class=\"wp-block-columns are-vertically-aligned-center is-layout-flex wp-container-core-columns-is-layout-9d6595d7 wp-block-columns-is-layout-flex\">\n<div class=\"wp-block-column is-vertically-aligned-center is-layout-flow wp-block-column-is-layout-flow\">\n<figure class=\"wp-block-image size-large\"><img loading=\"lazy\" decoding=\"async\" class=\"wp-image-6715957\" src=\"https:\/\/boostit.cdiscount.com\/wp-content\/uploads\/2025\/03\/3-e65839.png?w=500\" sizes=\"auto, (max-width: 600px) 100vw, 600px\" srcset=\"https:\/\/boostit.cdiscount.com\/wp-content\/uploads\/2025\/03\/3-e65839.png 1000w, https:\/\/boostit.cdiscount.com\/wp-content\/uploads\/2025\/03\/3-e65839.png?resize=150,150 150w, https:\/\/boostit.cdiscount.com\/wp-content\/uploads\/2025\/03\/3-e65839.png?resize=500,500 500w, https:\/\/boostit.cdiscount.com\/wp-content\/uploads\/2025\/03\/3-e65839.png?resize=768,768 768w, https:\/\/boostit.cdiscount.com\/wp-content\/uploads\/2025\/03\/3-e65839.png?resize=600,600 600w, https:\/\/boostit.cdiscount.com\/wp-content\/uploads\/2025\/03\/3-e65839.png?resize=320,320 320w\" alt=\"\" width=\"600\" height=\"600\" \/><\/figure>\n<\/div>\n<div class=\"wp-block-column is-vertically-aligned-center is-layout-flow wp-block-column-is-layout-flow\">\n<p><strong>Systeme de Double Moteur Haute Performance<\/strong><br \/>\n\u00c9quip\u00e9 de Moteur \u00e0 Pic 1400W*2 et d\u2019un syst\u00e8me de 52 V, le DT2 PRO offre une acc\u00e9l\u00e9ration exaltante et une vitesse de pointe de 68 km\/h. Que vous abordiez des pentes raides ou que vous rouliez \u00e0 grande vitesse, son couple \u00e9lev\u00e9 garantit des trajets fluides et puissants. Gr\u00e2ce \u00e0 un commutateur simple\/double moteur, vous pouvez facilement basculer entre efficacit\u00e9 et performances optimales d\u2019une simple pression.<\/p>\n<\/div>\n<\/div>\n<\/div>\n<\/div>\n<div class=\"wp-block-group pvat\">\n<div class=\"wp-block-group__inner-container is-layout-flow wp-block-group-is-layout-flow\">\n<div class=\"wp-block-columns are-vertically-aligned-center reverse is-layout-flex wp-container-core-columns-is-layout-9d6595d7 wp-block-columns-is-layout-flex\">\n<div class=\"wp-block-column is-vertically-aligned-center is-layout-flow wp-block-column-is-layout-flow\">\n<figure class=\"wp-block-image size-large\"><img loading=\"lazy\" decoding=\"async\" class=\"wp-image-6715978\" src=\"https:\/\/boostit.cdiscount.com\/wp-content\/uploads\/2025\/03\/6-e2cf09.png?w=500\" sizes=\"auto, (max-width: 600px) 100vw, 600px\" srcset=\"https:\/\/boostit.cdiscount.com\/wp-content\/uploads\/2025\/03\/6-e2cf09.png 1000w, https:\/\/boostit.cdiscount.com\/wp-content\/uploads\/2025\/03\/6-e2cf09.png?resize=150,150 150w, https:\/\/boostit.cdiscount.com\/wp-content\/uploads\/2025\/03\/6-e2cf09.png?resize=500,500 500w, https:\/\/boostit.cdiscount.com\/wp-content\/uploads\/2025\/03\/6-e2cf09.png?resize=768,768 768w, https:\/\/boostit.cdiscount.com\/wp-content\/uploads\/2025\/03\/6-e2cf09.png?resize=600,600 600w, https:\/\/boostit.cdiscount.com\/wp-content\/uploads\/2025\/03\/6-e2cf09.png?resize=320,320 320w\" alt=\"\" width=\"600\" height=\"600\" \/><\/figure>\n<\/div>\n<div class=\"wp-block-column is-vertically-aligned-center is-layout-flow wp-block-column-is-layout-flow\">\n<p><strong>Autonomie \u00c9tendue Gr\u00e2ce \u00e0 une Batterie Haute Capacit\u00e9<\/strong><br \/>\nAvec sa batterie 52 V 23,4 Ah (1\u00a0216,8 Wh), le DT2 PRO offre une autonomie impressionnante allant jusqu\u2019\u00e0 114 km sur une seule charge. Cette grande autonomie le rend id\u00e9al pour les longs trajets et les aventures sans recharges fr\u00e9quentes. Les deux ports de charge am\u00e9liorent encore le confort et r\u00e9duisent les temps d\u2019arr\u00eat entre les trajets.<\/p>\n<\/div>\n<\/div>\n<\/div>\n<\/div>\n<div class=\"wp-block-group pvat\">\n<div class=\"wp-block-group__inner-container is-layout-flow wp-block-group-is-layout-flow\">\n<div class=\"wp-block-columns are-vertically-aligned-center is-layout-flex wp-container-core-columns-is-layout-9d6595d7 wp-block-columns-is-layout-flex\">\n<div class=\"wp-block-column is-vertically-aligned-center is-layout-flow wp-block-column-is-layout-flow\">\n<figure class=\"wp-block-image size-large\"><img loading=\"lazy\" decoding=\"async\" class=\"wp-image-6715987\" src=\"https:\/\/boostit.cdiscount.com\/wp-content\/uploads\/2025\/03\/8-882099.png?w=500\" sizes=\"auto, (max-width: 600px) 100vw, 600px\" srcset=\"https:\/\/boostit.cdiscount.com\/wp-content\/uploads\/2025\/03\/8-882099.png 1000w, https:\/\/boostit.cdiscount.com\/wp-content\/uploads\/2025\/03\/8-882099.png?resize=150,150 150w, https:\/\/boostit.cdiscount.com\/wp-content\/uploads\/2025\/03\/8-882099.png?resize=500,500 500w, https:\/\/boostit.cdiscount.com\/wp-content\/uploads\/2025\/03\/8-882099.png?resize=768,768 768w, https:\/\/boostit.cdiscount.com\/wp-content\/uploads\/2025\/03\/8-882099.png?resize=600,600 600w, https:\/\/boostit.cdiscount.com\/wp-content\/uploads\/2025\/03\/8-882099.png?resize=320,320 320w\" alt=\"\" width=\"600\" height=\"600\" \/><\/figure>\n<\/div>\n<div class=\"wp-block-column is-vertically-aligned-center is-layout-flow wp-block-column-is-layout-flow\">\n<p><strong>Freinage Hydraulique Avanc\u00e9 avec E-ABS<\/strong><br \/>\n\u00c9quip\u00e9 d\u2019un syst\u00e8me de freins \u00e0 disque hydrauliques, le DT2 PRO assure une puissance de freinage sup\u00e9rieure avec un minimum d\u2019effort. Les freins hydrauliques \u00e0 bain d\u2019huile offrent des distances de freinage 30 % plus courtes que les freins \u00e0 disque m\u00e9caniques standard, am\u00e9liorant ainsi le contr\u00f4le et la s\u00e9curit\u00e9. Le syst\u00e8me de freinage antiblocage int\u00e9gr\u00e9 (E-ABS) emp\u00eache le blocage des roues, offrant un freinage stable et r\u00e9actif, m\u00eame \u00e0 grande vitesse.<\/p>\n<\/div>\n<\/div>\n<\/div>\n<\/div>\n<div class=\"wp-block-group pvat\">\n<div class=\"wp-block-group__inner-container is-layout-flow wp-block-group-is-layout-flow\">\n<div class=\"wp-block-columns are-vertically-aligned-center reverse is-layout-flex wp-container-core-columns-is-layout-9d6595d7 wp-block-columns-is-layout-flex\">\n<div class=\"wp-block-column is-vertically-aligned-center is-layout-flow wp-block-column-is-layout-flow\">\n<figure class=\"wp-block-image size-large\"><img loading=\"lazy\" decoding=\"async\" class=\"wp-image-6715981\" src=\"https:\/\/boostit.cdiscount.com\/wp-content\/uploads\/2025\/03\/7-0a4c78.png?w=500\" sizes=\"auto, (max-width: 600px) 100vw, 600px\" srcset=\"https:\/\/boostit.cdiscount.com\/wp-content\/uploads\/2025\/03\/7-0a4c78.png 1000w, https:\/\/boostit.cdiscount.com\/wp-content\/uploads\/2025\/03\/7-0a4c78.png?resize=150,150 150w, https:\/\/boostit.cdiscount.com\/wp-content\/uploads\/2025\/03\/7-0a4c78.png?resize=500,500 500w, https:\/\/boostit.cdiscount.com\/wp-content\/uploads\/2025\/03\/7-0a4c78.png?resize=768,768 768w, https:\/\/boostit.cdiscount.com\/wp-content\/uploads\/2025\/03\/7-0a4c78.png?resize=600,600 600w, https:\/\/boostit.cdiscount.com\/wp-content\/uploads\/2025\/03\/7-0a4c78.png?resize=320,320 320w\" alt=\"\" width=\"600\" height=\"600\" \/><\/figure>\n<\/div>\n<div class=\"wp-block-image pit\">\n<figure class=\"aligncenter size-large is-resized\"><img loading=\"lazy\" decoding=\"async\" class=\"wp-image-6354634\" src=\"https:\/\/boostit.cdiscount.com\/wp-content\/uploads\/2025\/03\/18-7e7786.jpg?w=500\" sizes=\"auto, (max-width: 1000px) 100vw, 1000px\" srcset=\"https:\/\/boostit.cdiscount.com\/wp-content\/uploads\/2025\/03\/18-7e7786.jpg 1920w, https:\/\/boostit.cdiscount.com\/wp-content\/uploads\/2025\/03\/18-7e7786.jpg?resize=500,260 500w, https:\/\/boostit.cdiscount.com\/wp-content\/uploads\/2025\/03\/18-7e7786.jpg?resize=768,400 768w, https:\/\/boostit.cdiscount.com\/wp-content\/uploads\/2025\/03\/18-7e7786.jpg?resize=1000,521 1000w, https:\/\/boostit.cdiscount.com\/wp-content\/uploads\/2025\/03\/18-7e7786.jpg?resize=1536,800 1536w, https:\/\/boostit.cdiscount.com\/wp-content\/uploads\/2025\/03\/18-7e7786.jpg?resize=320,167 320w\" alt=\"\" width=\"1000\" height=\"521\" \/><\/figure>\n<\/div>\n<div class=\"wp-block-columns pit is-layout-flex wp-container-core-columns-is-layout-9d6595d7 wp-block-columns-is-layout-flex\">\n<div class=\"wp-block-column odesk is-layout-flow wp-block-column-is-layout-flow\"><\/div>\n<div class=\"wp-block-column is-layout-flow wp-block-column-is-layout-flow\">\n<ul class=\"wp-block-list\">\n<li>Dimensions d\u00e9pli\u00e9\u00a0: 1\u00a0320 x 685 x 1\u00a0360 mm<\/li>\n<li>Dimensions pli\u00e9\u00a0: 1\u00a0320 x 685 x 550 mm<\/li>\n<li>Longueur du guidon\u00a0: 685 mm<\/li>\n<li>Profondeur du repose-pieds\u00a0: 264 mm<\/li>\n<li>Profondeur du repose-pieds\u00a0: 180 mm<\/li>\n<li>Dimensions du repose-pieds\u00a0: 525 x 180 mm<\/li>\n<li>Taille recommand\u00e9e\u00a0: 1,50\u00a0m \u00e0 2,00\u00a0m<\/li>\n<li>Ascendance\u00a0: 53\u00a0% (27,924\u00b0)<\/li>\n<li>Charge maximale\u00a0: 135 kg<\/li>\n<li>\u00c9tanch\u00e9it\u00e9\u00a0: IP54<\/li>\n<li>Mat\u00e9riau du cadre\u00a0: alliage d\u2019aluminium 6061<\/li>\n<li>Autonomie maximale\u00a0: 115\u00a0km<\/li>\n<li>Vitesse du moteur simple (\u00c9co\/Sport\/Course)\u00a0: 29\/47\/53\u00a0km\/h<\/li>\n<li>Vitesse du moteur double (\u00c9co\/Sport\/Course)\u00a0: 29\/51\/68\u00a0km\/h<\/li>\n<li>Syst\u00e8me de freinage\u00a0: E-ABS + freins \u00e0 disque hydrauliques avant et arri\u00e8re<\/li>\n<li>Disque de frein\u00a0: 14,5\u00a0cm (diam\u00e8tre ext\u00e9rieur)<\/li>\n<li>Suspension\u00a0: Suspension \u00e0 bras oscillant<\/li>\n<\/ul>\n<\/div>\n<\/div>\n<\/div>\n<\/div>\n<\/div>","protected":false},"excerpt":{"rendered":"<div class=\"custom-product-box\">\n<p class=\"highlight\">\ud83d\udd25 Trottinette \u00e9lectrique double moteur pens\u00e9e pour puissance et polyvalence<\/p>\n<p>\ud83d\udcc8 Mod\u00e8le appr\u00e9ci\u00e9 pour les trajets dynamiques et les parcours exigeants<\/p>\n<p>\u2b50 Note moyenne : 4.6\/5<\/p>\n<p>\ud83d\ude9a Livraison rapide avec suivi complet<\/p>\n<p class=\"highlight\">\u26a1 Produit souvent choisi pour d\u00e9placements sportifs et usage r\u00e9gulier<\/p>\n<\/div>\n<p>D\u00e9couvrez un confort de glisse in\u00e9gal\u00e9 avec l&rsquo;Ausom DT2 Pro. Sa suspension \u00e0 bras oscillant transforme chaque trajet en un moment de pur plaisir, m\u00eame sur les pav\u00e9s les plus difficiles.<\/p>\n<p>\u00c9quip\u00e9e de deux moteurs (2800W cr\u00eate) et de pneus Tubeless, la DT2 Pro est b\u00e2tie pour la performance sans compromis. C&rsquo;est l&rsquo;outil de mobilit\u00e9 ultime pour les trajets urbains intensifs.<\/p>","protected":false},"featured_media":29090,"comment_status":"open","ping_status":"closed","template":"","meta":[],"product_brand":[292],"product_cat":[319],"product_tag":[],"class_list":{"0":"post-29088","1":"product","2":"type-product","3":"status-publish","4":"has-post-thumbnail","6":"product_brand-ausom","7":"product_cat-trottinette","9":"first","10":"instock","11":"sale","12":"featured","13":"taxable","14":"shipping-taxable","15":"purchasable","16":"product-type-simple"},"yoast_head":"<!-- This site is optimized with the Yoast SEO plugin v27.5 - https:\/\/yoast.com\/product\/yoast-seo-wordpress\/ -->\n<title>Ausom DT2 Pro - Trottinette \u00c9lectrique Double Moteur 2800W Peak - Loisir Electronique<\/title>\n<meta name=\"description\" content=\"D\u00e9couvrez la Ausom DT2 Pro chez Loisir \u00c9lectronique. Profitez de 2800W de puissance en cr\u00eate pour des acc\u00e9l\u00e9rations fulgurantes. Commandez ce monstre !\" \/>\n<meta name=\"robots\" content=\"index, follow, max-snippet:-1, max-image-preview:large, max-video-preview:-1\" \/>\n<link rel=\"canonical\" href=\"https:\/\/loisirelectronique.com\/nl\/product\/ausom-dt2-pro-double-moteur-puissance\/\" \/>\n<meta property=\"og:locale\" content=\"nl_NL\" \/>\n<meta property=\"og:type\" content=\"article\" \/>\n<meta property=\"og:title\" content=\"Ausom DT2 Pro - Trottinette \u00c9lectrique Double Moteur 2800W Peak - Loisir Electronique\" \/>\n<meta property=\"og:description\" content=\"D\u00e9couvrez la Ausom DT2 Pro chez Loisir \u00c9lectronique. Profitez de 2800W de puissance en cr\u00eate pour des acc\u00e9l\u00e9rations fulgurantes. Commandez ce monstre !\" \/>\n<meta property=\"og:url\" content=\"https:\/\/loisirelectronique.com\/nl\/product\/ausom-dt2-pro-double-moteur-puissance\/\" \/>\n<meta property=\"og:site_name\" content=\"Loisir Electronique\" \/>\n<meta property=\"article:modified_time\" content=\"2026-04-18T22:19:31+00:00\" \/>\n<meta property=\"og:image\" content=\"http:\/\/loisirelectronique.com\/wp-content\/uploads\/2026\/03\/Ausom-DT2-Pro-Trottinette-Electrique-a-Suspension-a-Bras-Oscillant.webp\" \/>\n\t<meta property=\"og:image:width\" content=\"700\" \/>\n\t<meta property=\"og:image:height\" content=\"700\" \/>\n\t<meta property=\"og:image:type\" content=\"image\/webp\" \/>\n<meta name=\"twitter:card\" content=\"summary_large_image\" \/>\n<meta name=\"twitter:label1\" content=\"Geschatte leestijd\" \/>\n\t<meta name=\"twitter:data1\" content=\"4 minuten\" \/>\n<script type=\"application\/ld+json\" class=\"yoast-schema-graph\">{\"@context\":\"https:\\\/\\\/schema.org\",\"@graph\":[{\"@type\":\"WebPage\",\"@id\":\"https:\\\/\\\/loisirelectronique.com\\\/produit\\\/ausom-dt2-pro-double-moteur-puissance\\\/\",\"url\":\"https:\\\/\\\/loisirelectronique.com\\\/produit\\\/ausom-dt2-pro-double-moteur-puissance\\\/\",\"name\":\"Ausom DT2 Pro - Trottinette \u00c9lectrique Double Moteur 2800W Peak - Loisir Electronique\",\"isPartOf\":{\"@id\":\"https:\\\/\\\/loisirelectronique.com\\\/#website\"},\"primaryImageOfPage\":{\"@id\":\"https:\\\/\\\/loisirelectronique.com\\\/produit\\\/ausom-dt2-pro-double-moteur-puissance\\\/#primaryimage\"},\"image\":{\"@id\":\"https:\\\/\\\/loisirelectronique.com\\\/produit\\\/ausom-dt2-pro-double-moteur-puissance\\\/#primaryimage\"},\"thumbnailUrl\":\"https:\\\/\\\/loisirelectronique.com\\\/wp-content\\\/uploads\\\/2026\\\/03\\\/Ausom-DT2-Pro-Trottinette-Electrique-a-Suspension-a-Bras-Oscillant.webp\",\"datePublished\":\"2026-03-26T16:49:55+00:00\",\"dateModified\":\"2026-04-18T22:19:31+00:00\",\"description\":\"D\u00e9couvrez la Ausom DT2 Pro chez Loisir \u00c9lectronique. Profitez de 2800W de puissance en cr\u00eate pour des acc\u00e9l\u00e9rations fulgurantes. Commandez ce monstre !\",\"breadcrumb\":{\"@id\":\"https:\\\/\\\/loisirelectronique.com\\\/produit\\\/ausom-dt2-pro-double-moteur-puissance\\\/#breadcrumb\"},\"inLanguage\":\"nl-NL\",\"potentialAction\":[{\"@type\":\"ReadAction\",\"target\":[\"https:\\\/\\\/loisirelectronique.com\\\/produit\\\/ausom-dt2-pro-double-moteur-puissance\\\/\"]}]},{\"@type\":\"ImageObject\",\"inLanguage\":\"nl-NL\",\"@id\":\"https:\\\/\\\/loisirelectronique.com\\\/produit\\\/ausom-dt2-pro-double-moteur-puissance\\\/#primaryimage\",\"url\":\"https:\\\/\\\/loisirelectronique.com\\\/wp-content\\\/uploads\\\/2026\\\/03\\\/Ausom-DT2-Pro-Trottinette-Electrique-a-Suspension-a-Bras-Oscillant.webp\",\"contentUrl\":\"https:\\\/\\\/loisirelectronique.com\\\/wp-content\\\/uploads\\\/2026\\\/03\\\/Ausom-DT2-Pro-Trottinette-Electrique-a-Suspension-a-Bras-Oscillant.webp\",\"width\":700,\"height\":700,\"caption\":\"Une suspension \u00e0 bras oscillant de pointe pour absorber toutes les irr\u00e9gularit\u00e9s de la route.\"},{\"@type\":\"BreadcrumbList\",\"@id\":\"https:\\\/\\\/loisirelectronique.com\\\/produit\\\/ausom-dt2-pro-double-moteur-puissance\\\/#breadcrumb\",\"itemListElement\":[{\"@type\":\"ListItem\",\"position\":1,\"name\":\"Accueil\",\"item\":\"https:\\\/\\\/loisirelectronique.com\\\/\"},{\"@type\":\"ListItem\",\"position\":2,\"name\":\"Boutique\",\"item\":\"https:\\\/\\\/loisirelectronique.com\\\/velos-electriques-accessoires-trottinettes\\\/\"},{\"@type\":\"ListItem\",\"position\":3,\"name\":\"Ausom DT2 Pro &#8211; Trottinette \u00c9lectrique Double Moteur 2800W Peak\"}]},{\"@type\":\"WebSite\",\"@id\":\"https:\\\/\\\/loisirelectronique.com\\\/#website\",\"url\":\"https:\\\/\\\/loisirelectronique.com\\\/\",\"name\":\"Loisir Electronique\",\"description\":\"Innovation, qualit\u00e9, performance\",\"publisher\":{\"@id\":\"https:\\\/\\\/loisirelectronique.com\\\/#organization\"},\"potentialAction\":[{\"@type\":\"SearchAction\",\"target\":{\"@type\":\"EntryPoint\",\"urlTemplate\":\"https:\\\/\\\/loisirelectronique.com\\\/?s={search_term_string}\"},\"query-input\":{\"@type\":\"PropertyValueSpecification\",\"valueRequired\":true,\"valueName\":\"search_term_string\"}}],\"inLanguage\":\"nl-NL\"},{\"@type\":\"Organization\",\"@id\":\"https:\\\/\\\/loisirelectronique.com\\\/#organization\",\"name\":\"Loisir Electronique\",\"url\":\"https:\\\/\\\/loisirelectronique.com\\\/\",\"logo\":{\"@type\":\"ImageObject\",\"inLanguage\":\"nl-NL\",\"@id\":\"https:\\\/\\\/loisirelectronique.com\\\/#\\\/schema\\\/logo\\\/image\\\/\",\"url\":\"http:\\\/\\\/loisirelectronique.com\\\/wp-content\\\/uploads\\\/2026\\\/03\\\/IMG-20260325-WA00112.jpg\",\"contentUrl\":\"http:\\\/\\\/loisirelectronique.com\\\/wp-content\\\/uploads\\\/2026\\\/03\\\/IMG-20260325-WA00112.jpg\",\"width\":418,\"height\":124,\"caption\":\"Loisir Electronique\"},\"image\":{\"@id\":\"https:\\\/\\\/loisirelectronique.com\\\/#\\\/schema\\\/logo\\\/image\\\/\"}}]}<\/script>\n<!-- \/ Yoast SEO plugin. -->","yoast_head_json":{"title":"Ausom DT2 Pro - Trottinette \u00c9lectrique Double Moteur 2800W Peak - Loisir Electronique","description":"D\u00e9couvrez la Ausom DT2 Pro chez Loisir \u00c9lectronique. Profitez de 2800W de puissance en cr\u00eate pour des acc\u00e9l\u00e9rations fulgurantes. Commandez ce monstre !","robots":{"index":"index","follow":"follow","max-snippet":"max-snippet:-1","max-image-preview":"max-image-preview:large","max-video-preview":"max-video-preview:-1"},"canonical":"https:\/\/loisirelectronique.com\/nl\/product\/ausom-dt2-pro-double-moteur-puissance\/","og_locale":"nl_NL","og_type":"article","og_title":"Ausom DT2 Pro - Trottinette \u00c9lectrique Double Moteur 2800W Peak - Loisir Electronique","og_description":"D\u00e9couvrez la Ausom DT2 Pro chez Loisir \u00c9lectronique. Profitez de 2800W de puissance en cr\u00eate pour des acc\u00e9l\u00e9rations fulgurantes. Commandez ce monstre !","og_url":"https:\/\/loisirelectronique.com\/nl\/product\/ausom-dt2-pro-double-moteur-puissance\/","og_site_name":"Loisir Electronique","article_modified_time":"2026-04-18T22:19:31+00:00","og_image":[{"width":700,"height":700,"url":"http:\/\/loisirelectronique.com\/wp-content\/uploads\/2026\/03\/Ausom-DT2-Pro-Trottinette-Electrique-a-Suspension-a-Bras-Oscillant.webp","type":"image\/webp"}],"twitter_card":"summary_large_image","twitter_misc":{"Geschatte leestijd":"4 minuten"},"schema":{"@context":"https:\/\/schema.org","@graph":[{"@type":"WebPage","@id":"https:\/\/loisirelectronique.com\/produit\/ausom-dt2-pro-double-moteur-puissance\/","url":"https:\/\/loisirelectronique.com\/produit\/ausom-dt2-pro-double-moteur-puissance\/","name":"Ausom DT2 Pro - Trottinette \u00c9lectrique Double Moteur 2800W Peak - Loisir Electronique","isPartOf":{"@id":"https:\/\/loisirelectronique.com\/#website"},"primaryImageOfPage":{"@id":"https:\/\/loisirelectronique.com\/produit\/ausom-dt2-pro-double-moteur-puissance\/#primaryimage"},"image":{"@id":"https:\/\/loisirelectronique.com\/produit\/ausom-dt2-pro-double-moteur-puissance\/#primaryimage"},"thumbnailUrl":"https:\/\/loisirelectronique.com\/wp-content\/uploads\/2026\/03\/Ausom-DT2-Pro-Trottinette-Electrique-a-Suspension-a-Bras-Oscillant.webp","datePublished":"2026-03-26T16:49:55+00:00","dateModified":"2026-04-18T22:19:31+00:00","description":"D\u00e9couvrez la Ausom DT2 Pro chez Loisir \u00c9lectronique. Profitez de 2800W de puissance en cr\u00eate pour des acc\u00e9l\u00e9rations fulgurantes. Commandez ce monstre !","breadcrumb":{"@id":"https:\/\/loisirelectronique.com\/produit\/ausom-dt2-pro-double-moteur-puissance\/#breadcrumb"},"inLanguage":"nl-NL","potentialAction":[{"@type":"ReadAction","target":["https:\/\/loisirelectronique.com\/produit\/ausom-dt2-pro-double-moteur-puissance\/"]}]},{"@type":"ImageObject","inLanguage":"nl-NL","@id":"https:\/\/loisirelectronique.com\/produit\/ausom-dt2-pro-double-moteur-puissance\/#primaryimage","url":"https:\/\/loisirelectronique.com\/wp-content\/uploads\/2026\/03\/Ausom-DT2-Pro-Trottinette-Electrique-a-Suspension-a-Bras-Oscillant.webp","contentUrl":"https:\/\/loisirelectronique.com\/wp-content\/uploads\/2026\/03\/Ausom-DT2-Pro-Trottinette-Electrique-a-Suspension-a-Bras-Oscillant.webp","width":700,"height":700,"caption":"Une suspension \u00e0 bras oscillant de pointe pour absorber toutes les irr\u00e9gularit\u00e9s de la route."},{"@type":"BreadcrumbList","@id":"https:\/\/loisirelectronique.com\/produit\/ausom-dt2-pro-double-moteur-puissance\/#breadcrumb","itemListElement":[{"@type":"ListItem","position":1,"name":"Accueil","item":"https:\/\/loisirelectronique.com\/"},{"@type":"ListItem","position":2,"name":"Boutique","item":"https:\/\/loisirelectronique.com\/velos-electriques-accessoires-trottinettes\/"},{"@type":"ListItem","position":3,"name":"Ausom DT2 Pro &#8211; Trottinette \u00c9lectrique Double Moteur 2800W Peak"}]},{"@type":"WebSite","@id":"https:\/\/loisirelectronique.com\/#website","url":"https:\/\/loisirelectronique.com\/","name":"Loisir Electronique","description":"Innovation, qualit\u00e9, performance","publisher":{"@id":"https:\/\/loisirelectronique.com\/#organization"},"potentialAction":[{"@type":"SearchAction","target":{"@type":"EntryPoint","urlTemplate":"https:\/\/loisirelectronique.com\/?s={search_term_string}"},"query-input":{"@type":"PropertyValueSpecification","valueRequired":true,"valueName":"search_term_string"}}],"inLanguage":"nl-NL"},{"@type":"Organization","@id":"https:\/\/loisirelectronique.com\/#organization","name":"Loisir Electronique","url":"https:\/\/loisirelectronique.com\/","logo":{"@type":"ImageObject","inLanguage":"nl-NL","@id":"https:\/\/loisirelectronique.com\/#\/schema\/logo\/image\/","url":"http:\/\/loisirelectronique.com\/wp-content\/uploads\/2026\/03\/IMG-20260325-WA00112.jpg","contentUrl":"http:\/\/loisirelectronique.com\/wp-content\/uploads\/2026\/03\/IMG-20260325-WA00112.jpg","width":418,"height":124,"caption":"Loisir Electronique"},"image":{"@id":"https:\/\/loisirelectronique.com\/#\/schema\/logo\/image\/"}}]}},"jetpack_sharing_enabled":true,"_links":{"self":[{"href":"https:\/\/loisirelectronique.com\/nl\/wp-json\/wp\/v2\/product\/29088","targetHints":{"allow":["GET"]}}],"collection":[{"href":"https:\/\/loisirelectronique.com\/nl\/wp-json\/wp\/v2\/product"}],"about":[{"href":"https:\/\/loisirelectronique.com\/nl\/wp-json\/wp\/v2\/types\/product"}],"replies":[{"embeddable":true,"href":"https:\/\/loisirelectronique.com\/nl\/wp-json\/wp\/v2\/comments?post=29088"}],"version-history":[{"count":4,"href":"https:\/\/loisirelectronique.com\/nl\/wp-json\/wp\/v2\/product\/29088\/revisions"}],"predecessor-version":[{"id":30723,"href":"https:\/\/loisirelectronique.com\/nl\/wp-json\/wp\/v2\/product\/29088\/revisions\/30723"}],"wp:featuredmedia":[{"embeddable":true,"href":"https:\/\/loisirelectronique.com\/nl\/wp-json\/wp\/v2\/media\/29090"}],"wp:attachment":[{"href":"https:\/\/loisirelectronique.com\/nl\/wp-json\/wp\/v2\/media?parent=29088"}],"wp:term":[{"taxonomy":"product_brand","embeddable":true,"href":"https:\/\/loisirelectronique.com\/nl\/wp-json\/wp\/v2\/product_brand?post=29088"},{"taxonomy":"product_cat","embeddable":true,"href":"https:\/\/loisirelectronique.com\/nl\/wp-json\/wp\/v2\/product_cat?post=29088"},{"taxonomy":"product_tag","embeddable":true,"href":"https:\/\/loisirelectronique.com\/nl\/wp-json\/wp\/v2\/product_tag?post=29088"}],"curies":[{"name":"wp","href":"https:\/\/api.w.org\/{rel}","templated":true}]}}