{"id":29080,"date":"2026-03-26T16:22:44","date_gmt":"2026-03-26T16:22:44","guid":{"rendered":"https:\/\/loisirelectronique.com\/?post_type=product&#038;p=29080"},"modified":"2026-04-19T20:01:36","modified_gmt":"2026-04-19T20:01:36","slug":"iscooter-ix8-tout-terrain-puissance","status":"publish","type":"product","link":"https:\/\/loisirelectronique.com\/nl\/product\/iscooter-ix8-tout-terrain-puissance\/","title":{"rendered":"iScooter iX8 &#8211; Trottinette \u00c9lectrique 2400W Double Moteur"},"content":{"rendered":"<p><a href=\"https:\/\/loisirelectronique.com\/nl\/product\/trottinette-elec\u2026ele-tout-terrain\/\"><strong>Trottinette Electrique iScooter ix8 20Ah 1200W*2 Autonomie 70Km<\/strong><\/a><\/p>\n<h3 class=\"has-text-align-center wp-block-heading\">Trottinette Electrique iScooter ix8 20Ah 1200W*2 Autonomie 70Km 12\u2033Pneu<\/h3>\n<div class=\"wp-block-image\">\n<figure class=\"aligncenter pva\"><img loading=\"lazy\" decoding=\"async\" class=\"wp-image-5657898\" src=\"https:\/\/boostit.cdiscount.com\/wp-content\/uploads\/2024\/08\/%e5%b1%95%e7%a4%ba%e9%ab%98%e5%ba%a6.jpg?w=1000\" sizes=\"auto, (max-width: 1000px) 100vw, 1000px\" srcset=\"https:\/\/boostit.cdiscount.com\/wp-content\/uploads\/2024\/08\/%e5%b1%95%e7%a4%ba%e9%ab%98%e5%ba%a6.jpg 1000w, https:\/\/boostit.cdiscount.com\/wp-content\/uploads\/2024\/08\/%e5%b1%95%e7%a4%ba%e9%ab%98%e5%ba%a6.jpg?resize=500,300 500w, https:\/\/boostit.cdiscount.com\/wp-content\/uploads\/2024\/08\/%e5%b1%95%e7%a4%ba%e9%ab%98%e5%ba%a6.jpg?resize=768,461 768w, https:\/\/boostit.cdiscount.com\/wp-content\/uploads\/2024\/08\/%e5%b1%95%e7%a4%ba%e9%ab%98%e5%ba%a6.jpg?resize=320,192 320w\" alt=\"\" width=\"1000\" height=\"600\" \/><\/figure>\n<\/div>\n<h2 class=\"hidden-xs hidden-sm product-title\"><strong>\u00c9quipez-vous d\u00e8s maintenant et vivez \u00e0 plein r\u00e9gime vos exp\u00e9riences de plein air<\/strong><\/h2>\n<p><strong>\u2022<\/strong>\u00a0Que vous soyez en qu\u00eate d\u2019aventures en plein air ou simplement d\u00e9sireux de vous d\u00e9placer de mani\u00e8re originale, ce scooter est la solution id\u00e9ale pour vous.<\/p>\n<p><strong>\u2022<\/strong>\u00a0Les roues de\u00a0<strong>12 pouces<\/strong>, solides et adapt\u00e9es aux terrains accident\u00e9s, vous permettent de franchir n\u2019importe quelle obstacle avec facilit\u00e9.<\/p>\n<h4 class=\"line wp-block-heading\">+ produit<\/h4>\n<div class=\"wp-block-columns p3v3t is-layout-flex wp-container-core-columns-is-layout-1339 wp-block-columns-is-layout-flex\">\n<div class=\"wp-block-column is-layout-flow wp-block-column-is-layout-flow\">\n<div class=\"wp-block-image\">\n<figure class=\"aligncenter\"><img loading=\"lazy\" decoding=\"async\" class=\"wp-image-5657881\" src=\"https:\/\/boostit.cdiscount.com\/wp-content\/uploads\/2024\/08\/%e5%90%8e%e5%88%b6%e5%8a%a8.jpg?w=500\" sizes=\"auto, (max-width: 500px) 100vw, 500px\" srcset=\"https:\/\/boostit.cdiscount.com\/wp-content\/uploads\/2024\/08\/%e5%90%8e%e5%88%b6%e5%8a%a8.jpg 600w, https:\/\/boostit.cdiscount.com\/wp-content\/uploads\/2024\/08\/%e5%90%8e%e5%88%b6%e5%8a%a8.jpg?resize=150,150 150w, https:\/\/boostit.cdiscount.com\/wp-content\/uploads\/2024\/08\/%e5%90%8e%e5%88%b6%e5%8a%a8.jpg?resize=500,500 500w, https:\/\/boostit.cdiscount.com\/wp-content\/uploads\/2024\/08\/%e5%90%8e%e5%88%b6%e5%8a%a8.jpg?resize=320,320 320w\" alt=\"\" width=\"500\" height=\"500\" \/><\/figure>\n<\/div>\n<p><strong>Syst\u00e8mes de double freinage<\/strong><\/p>\n<p>Le double syst\u00e8me de freinage du scooter apporte une exp\u00e9rience de s\u00e9curit\u00e9 maximale. Les freins avant et arri\u00e8re assurent un freinage contr\u00f4l\u00e9 et un arr\u00eat s\u00fbr, vous offrant ainsi une tranquillit\u00e9 d\u2019esprit \u00e0 tout moment<\/p>\n<\/div>\n<div class=\"wp-block-column is-layout-flow wp-block-column-is-layout-flow\">\n<div class=\"wp-block-image\">\n<figure class=\"aligncenter\"><img loading=\"lazy\" decoding=\"async\" class=\"wp-image-5657892\" src=\"https:\/\/boostit.cdiscount.com\/wp-content\/uploads\/2024\/08\/%e5%9d%a1%e5%ba%a6.jpg?w=500\" sizes=\"auto, (max-width: 500px) 100vw, 500px\" srcset=\"https:\/\/boostit.cdiscount.com\/wp-content\/uploads\/2024\/08\/%e5%9d%a1%e5%ba%a6.jpg 600w, https:\/\/boostit.cdiscount.com\/wp-content\/uploads\/2024\/08\/%e5%9d%a1%e5%ba%a6.jpg?resize=150,150 150w, https:\/\/boostit.cdiscount.com\/wp-content\/uploads\/2024\/08\/%e5%9d%a1%e5%ba%a6.jpg?resize=500,500 500w, https:\/\/boostit.cdiscount.com\/wp-content\/uploads\/2024\/08\/%e5%9d%a1%e5%ba%a6.jpg?resize=320,320 320w\" alt=\"\" width=\"500\" height=\"500\" \/><\/figure>\n<\/div>\n<p><strong>25\u00b0-30\u00b0 Capacit\u00e9 d\u2019escalade<\/strong><\/p>\n<p>Les moteurs de scooters \u00e9lectriques offrent une puissance suffisante pour escalader les pentes, garantissant une mobilit\u00e9 agile et efficace en toutes conditions de terrain.<\/p>\n<\/div>\n<div class=\"wp-block-column is-layout-flow wp-block-column-is-layout-flow\">\n<div class=\"wp-block-image\">\n<figure class=\"aligncenter\"><img loading=\"lazy\" decoding=\"async\" class=\"wp-image-5657871\" src=\"https:\/\/boostit.cdiscount.com\/wp-content\/uploads\/2024\/08\/lcd.jpg?w=500\" sizes=\"auto, (max-width: 500px) 100vw, 500px\" srcset=\"https:\/\/boostit.cdiscount.com\/wp-content\/uploads\/2024\/08\/lcd.jpg 600w, https:\/\/boostit.cdiscount.com\/wp-content\/uploads\/2024\/08\/lcd.jpg?resize=150,150 150w, https:\/\/boostit.cdiscount.com\/wp-content\/uploads\/2024\/08\/lcd.jpg?resize=500,500 500w, https:\/\/boostit.cdiscount.com\/wp-content\/uploads\/2024\/08\/lcd.jpg?resize=320,320 320w\" alt=\"\" width=\"500\" height=\"500\" \/><\/figure>\n<\/div>\n<p><strong>\u00c9cran LCD intelligent<\/strong><\/p>\n<p>Exp\u00e9rience de conduite r\u00e9volutionn\u00e9e par l\u2019int\u00e9gration d\u2019un \u00e9cran LCD avanc\u00e9. Visualisez instantan\u00e9ment vos vitesses, batterie et distance parcourue. Un toucher moderne pour une navigation intuitive, propulsant votre trottinette vers le futur de la mobilit\u00e9 urbaine intelligente.<\/p>\n<p>&lt;br&gt;<\/p>\n<p><strong>Details<\/strong><\/p>\n<\/div>\n<ul class=\"wp-block-list\">\n<li>Mod\u00e8le : ix8<\/li>\n<li>Moteur : 1200W*2<\/li>\n<li>Autonomie : 65-70km<\/li>\n<li>Vitesse maximale : 25 km\/h<\/li>\n<li>Poids net\uff1a35.85 kg<\/li>\n<li>Pneus : 12 pouces pneumatiques<\/li>\n<li>Capacit\u00e9 de charge maximale : 150KG<\/li>\n<li>Chargeur : 54.6V, 2 A<\/li>\n<li>Capacit\u00e9 de la batterie : 48V20Ah<\/li>\n<li>Type de pneu\uff1aPneumatiques tout-terrain<\/li>\n<li>Temps de charge : 8-10 h<\/li>\n<\/ul>\n<\/div>","protected":false},"excerpt":{"rendered":"<p>La iScooter iX8 red\u00e9finit la mobilit\u00e9 tout-terrain. Avec ses deux moteurs de 1200W, elle franchit les obstacles les plus rudes tout en restant incroyablement facile \u00e0 plier et \u00e0 ranger.<\/p>\n<p>Ne craignez plus les pannes de batterie. Gr\u00e2ce \u00e0 sa cellule 48V 20Ah, la iX8 vous emm\u00e8ne jusqu&rsquo;\u00e0 70 km de distance, le tout avec une gestion pr\u00e9cise via ses 4 modes de puissance.<\/p>\n<p>Fiabilit\u00e9 et performance : Double moteur (2400W cr\u00eate), pneus larges tout-terrain et syst\u00e8me de pliage intelligent. La iX8 est l&rsquo;investissement id\u00e9al pour les passionn\u00e9s de mobilit\u00e9 exigeants.<\/p>","protected":false},"featured_media":29083,"comment_status":"open","ping_status":"closed","template":"","meta":[],"product_brand":[291],"product_cat":[319],"product_tag":[],"class_list":{"0":"post-29080","1":"product","2":"type-product","3":"status-publish","4":"has-post-thumbnail","6":"product_brand-iscooter","7":"product_cat-trottinette","9":"first","10":"instock","11":"sale","12":"taxable","13":"shipping-taxable","14":"purchasable","15":"product-type-simple"},"yoast_head":"<!-- This site is optimized with the Yoast SEO plugin v27.5 - https:\/\/yoast.com\/product\/yoast-seo-wordpress\/ -->\n<title>iScooter iX8 - Trottinette \u00c9lectrique 2400W Double Moteur - Loisir Electronique<\/title>\n<meta name=\"description\" content=\"D\u00e9couvrez la iScooter iX8 chez Loisir \u00c9lectronique. Profitez de 2400W de puissance brute et de pneus tout-terrain pour dominer tous les sols. Commandez !\" \/>\n<meta name=\"robots\" content=\"index, follow, max-snippet:-1, max-image-preview:large, max-video-preview:-1\" \/>\n<link rel=\"canonical\" href=\"https:\/\/loisirelectronique.com\/nl\/product\/iscooter-ix8-tout-terrain-puissance\/\" \/>\n<meta property=\"og:locale\" content=\"nl_NL\" \/>\n<meta property=\"og:type\" content=\"article\" \/>\n<meta property=\"og:title\" content=\"iScooter iX8 - Trottinette \u00c9lectrique 2400W Double Moteur - Loisir Electronique\" \/>\n<meta property=\"og:description\" content=\"D\u00e9couvrez la iScooter iX8 chez Loisir \u00c9lectronique. Profitez de 2400W de puissance brute et de pneus tout-terrain pour dominer tous les sols. Commandez !\" \/>\n<meta property=\"og:url\" content=\"https:\/\/loisirelectronique.com\/nl\/product\/iscooter-ix8-tout-terrain-puissance\/\" \/>\n<meta property=\"og:site_name\" content=\"Loisir Electronique\" \/>\n<meta property=\"article:modified_time\" content=\"2026-04-19T20:01:36+00:00\" \/>\n<meta property=\"og:image\" content=\"http:\/\/loisirelectronique.com\/wp-content\/uploads\/2026\/03\/iScooter-iX8-Trottinette-Electrique-Tout-Terrain-Pliable-Double-Moteur-2400W.webp\" \/>\n\t<meta property=\"og:image:width\" content=\"700\" \/>\n\t<meta property=\"og:image:height\" content=\"700\" \/>\n\t<meta property=\"og:image:type\" content=\"image\/webp\" \/>\n<meta name=\"twitter:card\" content=\"summary_large_image\" \/>\n<meta name=\"twitter:label1\" content=\"Geschatte leestijd\" \/>\n\t<meta name=\"twitter:data1\" content=\"3 minuten\" \/>\n<script type=\"application\/ld+json\" class=\"yoast-schema-graph\">{\"@context\":\"https:\\\/\\\/schema.org\",\"@graph\":[{\"@type\":\"WebPage\",\"@id\":\"https:\\\/\\\/loisirelectronique.com\\\/produit\\\/iscooter-ix8-tout-terrain-puissance\\\/\",\"url\":\"https:\\\/\\\/loisirelectronique.com\\\/produit\\\/iscooter-ix8-tout-terrain-puissance\\\/\",\"name\":\"iScooter iX8 - Trottinette \u00c9lectrique 2400W Double Moteur - Loisir Electronique\",\"isPartOf\":{\"@id\":\"https:\\\/\\\/loisirelectronique.com\\\/#website\"},\"primaryImageOfPage\":{\"@id\":\"https:\\\/\\\/loisirelectronique.com\\\/produit\\\/iscooter-ix8-tout-terrain-puissance\\\/#primaryimage\"},\"image\":{\"@id\":\"https:\\\/\\\/loisirelectronique.com\\\/produit\\\/iscooter-ix8-tout-terrain-puissance\\\/#primaryimage\"},\"thumbnailUrl\":\"https:\\\/\\\/loisirelectronique.com\\\/wp-content\\\/uploads\\\/2026\\\/03\\\/iScooter-iX8-Trottinette-Electrique-Tout-Terrain-Pliable-Double-Moteur-2400W.webp\",\"datePublished\":\"2026-03-26T16:22:44+00:00\",\"dateModified\":\"2026-04-19T20:01:36+00:00\",\"description\":\"D\u00e9couvrez la iScooter iX8 chez Loisir \u00c9lectronique. Profitez de 2400W de puissance brute et de pneus tout-terrain pour dominer tous les sols. Commandez !\",\"breadcrumb\":{\"@id\":\"https:\\\/\\\/loisirelectronique.com\\\/produit\\\/iscooter-ix8-tout-terrain-puissance\\\/#breadcrumb\"},\"inLanguage\":\"nl-NL\",\"potentialAction\":[{\"@type\":\"ReadAction\",\"target\":[\"https:\\\/\\\/loisirelectronique.com\\\/produit\\\/iscooter-ix8-tout-terrain-puissance\\\/\"]}]},{\"@type\":\"ImageObject\",\"inLanguage\":\"nl-NL\",\"@id\":\"https:\\\/\\\/loisirelectronique.com\\\/produit\\\/iscooter-ix8-tout-terrain-puissance\\\/#primaryimage\",\"url\":\"https:\\\/\\\/loisirelectronique.com\\\/wp-content\\\/uploads\\\/2026\\\/03\\\/iScooter-iX8-Trottinette-Electrique-Tout-Terrain-Pliable-Double-Moteur-2400W.webp\",\"contentUrl\":\"https:\\\/\\\/loisirelectronique.com\\\/wp-content\\\/uploads\\\/2026\\\/03\\\/iScooter-iX8-Trottinette-Electrique-Tout-Terrain-Pliable-Double-Moteur-2400W.webp\",\"width\":700,\"height\":700,\"caption\":\"Un syst\u00e8me de pliage robuste pour transporter votre iX8 partout avec vous.\"},{\"@type\":\"BreadcrumbList\",\"@id\":\"https:\\\/\\\/loisirelectronique.com\\\/produit\\\/iscooter-ix8-tout-terrain-puissance\\\/#breadcrumb\",\"itemListElement\":[{\"@type\":\"ListItem\",\"position\":1,\"name\":\"Accueil\",\"item\":\"https:\\\/\\\/loisirelectronique.com\\\/\"},{\"@type\":\"ListItem\",\"position\":2,\"name\":\"Boutique\",\"item\":\"https:\\\/\\\/loisirelectronique.com\\\/velos-electriques-accessoires-trottinettes\\\/\"},{\"@type\":\"ListItem\",\"position\":3,\"name\":\"iScooter iX8 &#8211; Trottinette \u00c9lectrique 2400W Double Moteur\"}]},{\"@type\":\"WebSite\",\"@id\":\"https:\\\/\\\/loisirelectronique.com\\\/#website\",\"url\":\"https:\\\/\\\/loisirelectronique.com\\\/\",\"name\":\"Loisir Electronique\",\"description\":\"Innovation, qualit\u00e9, performance\",\"publisher\":{\"@id\":\"https:\\\/\\\/loisirelectronique.com\\\/#organization\"},\"potentialAction\":[{\"@type\":\"SearchAction\",\"target\":{\"@type\":\"EntryPoint\",\"urlTemplate\":\"https:\\\/\\\/loisirelectronique.com\\\/?s={search_term_string}\"},\"query-input\":{\"@type\":\"PropertyValueSpecification\",\"valueRequired\":true,\"valueName\":\"search_term_string\"}}],\"inLanguage\":\"nl-NL\"},{\"@type\":\"Organization\",\"@id\":\"https:\\\/\\\/loisirelectronique.com\\\/#organization\",\"name\":\"Loisir Electronique\",\"url\":\"https:\\\/\\\/loisirelectronique.com\\\/\",\"logo\":{\"@type\":\"ImageObject\",\"inLanguage\":\"nl-NL\",\"@id\":\"https:\\\/\\\/loisirelectronique.com\\\/#\\\/schema\\\/logo\\\/image\\\/\",\"url\":\"http:\\\/\\\/loisirelectronique.com\\\/wp-content\\\/uploads\\\/2026\\\/03\\\/IMG-20260325-WA00112.jpg\",\"contentUrl\":\"http:\\\/\\\/loisirelectronique.com\\\/wp-content\\\/uploads\\\/2026\\\/03\\\/IMG-20260325-WA00112.jpg\",\"width\":418,\"height\":124,\"caption\":\"Loisir Electronique\"},\"image\":{\"@id\":\"https:\\\/\\\/loisirelectronique.com\\\/#\\\/schema\\\/logo\\\/image\\\/\"}}]}<\/script>\n<!-- \/ Yoast SEO plugin. -->","yoast_head_json":{"title":"iScooter iX8 - Trottinette \u00c9lectrique 2400W Double Moteur - Loisir Electronique","description":"D\u00e9couvrez la iScooter iX8 chez Loisir \u00c9lectronique. Profitez de 2400W de puissance brute et de pneus tout-terrain pour dominer tous les sols. Commandez !","robots":{"index":"index","follow":"follow","max-snippet":"max-snippet:-1","max-image-preview":"max-image-preview:large","max-video-preview":"max-video-preview:-1"},"canonical":"https:\/\/loisirelectronique.com\/nl\/product\/iscooter-ix8-tout-terrain-puissance\/","og_locale":"nl_NL","og_type":"article","og_title":"iScooter iX8 - Trottinette \u00c9lectrique 2400W Double Moteur - Loisir Electronique","og_description":"D\u00e9couvrez la iScooter iX8 chez Loisir \u00c9lectronique. Profitez de 2400W de puissance brute et de pneus tout-terrain pour dominer tous les sols. Commandez !","og_url":"https:\/\/loisirelectronique.com\/nl\/product\/iscooter-ix8-tout-terrain-puissance\/","og_site_name":"Loisir Electronique","article_modified_time":"2026-04-19T20:01:36+00:00","og_image":[{"width":700,"height":700,"url":"http:\/\/loisirelectronique.com\/wp-content\/uploads\/2026\/03\/iScooter-iX8-Trottinette-Electrique-Tout-Terrain-Pliable-Double-Moteur-2400W.webp","type":"image\/webp"}],"twitter_card":"summary_large_image","twitter_misc":{"Geschatte leestijd":"3 minuten"},"schema":{"@context":"https:\/\/schema.org","@graph":[{"@type":"WebPage","@id":"https:\/\/loisirelectronique.com\/produit\/iscooter-ix8-tout-terrain-puissance\/","url":"https:\/\/loisirelectronique.com\/produit\/iscooter-ix8-tout-terrain-puissance\/","name":"iScooter iX8 - Trottinette \u00c9lectrique 2400W Double Moteur - Loisir Electronique","isPartOf":{"@id":"https:\/\/loisirelectronique.com\/#website"},"primaryImageOfPage":{"@id":"https:\/\/loisirelectronique.com\/produit\/iscooter-ix8-tout-terrain-puissance\/#primaryimage"},"image":{"@id":"https:\/\/loisirelectronique.com\/produit\/iscooter-ix8-tout-terrain-puissance\/#primaryimage"},"thumbnailUrl":"https:\/\/loisirelectronique.com\/wp-content\/uploads\/2026\/03\/iScooter-iX8-Trottinette-Electrique-Tout-Terrain-Pliable-Double-Moteur-2400W.webp","datePublished":"2026-03-26T16:22:44+00:00","dateModified":"2026-04-19T20:01:36+00:00","description":"D\u00e9couvrez la iScooter iX8 chez Loisir \u00c9lectronique. Profitez de 2400W de puissance brute et de pneus tout-terrain pour dominer tous les sols. Commandez !","breadcrumb":{"@id":"https:\/\/loisirelectronique.com\/produit\/iscooter-ix8-tout-terrain-puissance\/#breadcrumb"},"inLanguage":"nl-NL","potentialAction":[{"@type":"ReadAction","target":["https:\/\/loisirelectronique.com\/produit\/iscooter-ix8-tout-terrain-puissance\/"]}]},{"@type":"ImageObject","inLanguage":"nl-NL","@id":"https:\/\/loisirelectronique.com\/produit\/iscooter-ix8-tout-terrain-puissance\/#primaryimage","url":"https:\/\/loisirelectronique.com\/wp-content\/uploads\/2026\/03\/iScooter-iX8-Trottinette-Electrique-Tout-Terrain-Pliable-Double-Moteur-2400W.webp","contentUrl":"https:\/\/loisirelectronique.com\/wp-content\/uploads\/2026\/03\/iScooter-iX8-Trottinette-Electrique-Tout-Terrain-Pliable-Double-Moteur-2400W.webp","width":700,"height":700,"caption":"Un syst\u00e8me de pliage robuste pour transporter votre iX8 partout avec vous."},{"@type":"BreadcrumbList","@id":"https:\/\/loisirelectronique.com\/produit\/iscooter-ix8-tout-terrain-puissance\/#breadcrumb","itemListElement":[{"@type":"ListItem","position":1,"name":"Accueil","item":"https:\/\/loisirelectronique.com\/"},{"@type":"ListItem","position":2,"name":"Boutique","item":"https:\/\/loisirelectronique.com\/velos-electriques-accessoires-trottinettes\/"},{"@type":"ListItem","position":3,"name":"iScooter iX8 &#8211; Trottinette \u00c9lectrique 2400W Double Moteur"}]},{"@type":"WebSite","@id":"https:\/\/loisirelectronique.com\/#website","url":"https:\/\/loisirelectronique.com\/","name":"Loisir Electronique","description":"Innovation, qualit\u00e9, performance","publisher":{"@id":"https:\/\/loisirelectronique.com\/#organization"},"potentialAction":[{"@type":"SearchAction","target":{"@type":"EntryPoint","urlTemplate":"https:\/\/loisirelectronique.com\/?s={search_term_string}"},"query-input":{"@type":"PropertyValueSpecification","valueRequired":true,"valueName":"search_term_string"}}],"inLanguage":"nl-NL"},{"@type":"Organization","@id":"https:\/\/loisirelectronique.com\/#organization","name":"Loisir Electronique","url":"https:\/\/loisirelectronique.com\/","logo":{"@type":"ImageObject","inLanguage":"nl-NL","@id":"https:\/\/loisirelectronique.com\/#\/schema\/logo\/image\/","url":"http:\/\/loisirelectronique.com\/wp-content\/uploads\/2026\/03\/IMG-20260325-WA00112.jpg","contentUrl":"http:\/\/loisirelectronique.com\/wp-content\/uploads\/2026\/03\/IMG-20260325-WA00112.jpg","width":418,"height":124,"caption":"Loisir Electronique"},"image":{"@id":"https:\/\/loisirelectronique.com\/#\/schema\/logo\/image\/"}}]}},"jetpack_sharing_enabled":true,"_links":{"self":[{"href":"https:\/\/loisirelectronique.com\/nl\/wp-json\/wp\/v2\/product\/29080","targetHints":{"allow":["GET"]}}],"collection":[{"href":"https:\/\/loisirelectronique.com\/nl\/wp-json\/wp\/v2\/product"}],"about":[{"href":"https:\/\/loisirelectronique.com\/nl\/wp-json\/wp\/v2\/types\/product"}],"replies":[{"embeddable":true,"href":"https:\/\/loisirelectronique.com\/nl\/wp-json\/wp\/v2\/comments?post=29080"}],"version-history":[{"count":4,"href":"https:\/\/loisirelectronique.com\/nl\/wp-json\/wp\/v2\/product\/29080\/revisions"}],"predecessor-version":[{"id":29389,"href":"https:\/\/loisirelectronique.com\/nl\/wp-json\/wp\/v2\/product\/29080\/revisions\/29389"}],"wp:featuredmedia":[{"embeddable":true,"href":"https:\/\/loisirelectronique.com\/nl\/wp-json\/wp\/v2\/media\/29083"}],"wp:attachment":[{"href":"https:\/\/loisirelectronique.com\/nl\/wp-json\/wp\/v2\/media?parent=29080"}],"wp:term":[{"taxonomy":"product_brand","embeddable":true,"href":"https:\/\/loisirelectronique.com\/nl\/wp-json\/wp\/v2\/product_brand?post=29080"},{"taxonomy":"product_cat","embeddable":true,"href":"https:\/\/loisirelectronique.com\/nl\/wp-json\/wp\/v2\/product_cat?post=29080"},{"taxonomy":"product_tag","embeddable":true,"href":"https:\/\/loisirelectronique.com\/nl\/wp-json\/wp\/v2\/product_tag?post=29080"}],"curies":[{"name":"wp","href":"https:\/\/api.w.org\/{rel}","templated":true}]}}