{"id":29070,"date":"2026-03-26T16:02:53","date_gmt":"2026-03-26T16:02:53","guid":{"rendered":"https:\/\/loisirelectronique.com\/?post_type=product&#038;p=29070"},"modified":"2026-04-19T20:01:36","modified_gmt":"2026-04-19T20:01:36","slug":"halo-knight-t107-pro-puissance-6000w","status":"publish","type":"product","link":"https:\/\/loisirelectronique.com\/nl\/product\/halo-knight-t107-pro-puissance-6000w\/","title":{"rendered":"Halo Knight T107 Pro &#8211; Trottinette \u00c9lectrique 6000W Double Moteur"},"content":{"rendered":"<h2><strong>Halo Knight T107 Pro 2025 Version Trottinette \u00c9lectrique \u2013 11\u2033 Pneus \u2013 Moteur 3000W*2 \u2013 Batterie 60V 38.4Ah \u2013 Port\u00e9e Max 80km<\/strong><\/h2>\n<h3><strong>Deux Moteurs de 3 000 W<\/strong><\/h3>\n<p>\u00c9quip\u00e9 de deux moteurs sans balais de 3 000 W, il d\u00e9livre un couple maximal de 40 Nm x 2 et une vitesse de pointe de 95 km\/h. Qu\u2019il s\u2019agisse de pentes abruptes, de terrains boueux ou de routes, il les franchit avec aisance.<\/p>\n<h3><strong>Batterie au Lithium 60 V 38,4 Ah<\/strong><\/h3>\n<p>La batterie lithium-ion haute capacit\u00e9 offre une autonomie allant jusqu\u2019\u00e0 80 kilom\u00e8tres sur une seule charge. Avec environ 800 cycles de charge et un temps de recharge de seulement 5 \u00e0 7 heures, elle vous permet d\u2019explorer de nouveaux horizons.<\/p>\n<h3><strong>Syst\u00e8me de Double Suspension Avanc\u00e9<\/strong><\/h3>\n<p>La suspension hydraulique avant et la structure d\u2019amortissement \u00e0 ressort arri\u00e8re absorbent efficacement les chocs et les irr\u00e9gularit\u00e9s de la route. Associ\u00e9es \u00e0 un amortisseur de direction r\u00e9glable, elles am\u00e9liorent la stabilit\u00e9 \u00e0 haute vitesse, vous permettant de ma\u00eetriser tous les types de terrain.<\/p>\n<h3><strong>Freins \u00e0 Disque Hydrauliques Doubles<\/strong><\/h3>\n<p>Les freins \u00e0 disque hydrauliques avant et arri\u00e8re sont r\u00e9actifs et, associ\u00e9s \u00e0 la technologie de freinage \u00e9lectronique, offrent une force de freinage puissante et pr\u00e9cise, garantissant un freinage s\u00fbr m\u00eame \u00e0 haute vitesse.<\/p>\n<h3><strong>Pneus Tout-Terrain Pneumatiques de 11 Pouces<\/strong><\/h3>\n<p>Les larges pneus tout-terrain de 11 pouces offrent \u00e0 la fois adh\u00e9rence et absorption des chocs, permettant d\u2019affronter facilement les terrains difficiles et vous assurant une confiance totale lors de chaque aventure hors route.<\/p>\n<h3><strong>Descriptions techniques<\/strong><\/h3>\n<p>Vitesse maximale : 80-95 km\/h<br \/>\nNiveau de vitesse : 3<br \/>\nAutonomie : 40-80 km<br \/>\nCharge maximale : 150 kg<br \/>\nTaille recommand\u00e9e du conducteur : 150-200 cm<br \/>\nAngle d\u2019inclinaison maximal : 30\u00b0<br \/>\n\u00c9tanch\u00e9it\u00e9 : IP54<br \/>\nBatterie : Batterie lithium 60 V 38,4 Ah<br \/>\nMoteur : Moteur sans balais<br \/>\nPuissance maximale : 2 x 60 V 3000 W<br \/>\nChargeur : 60 V 3 A<br \/>\nTemps de charge : 5-7 heures<br \/>\nFreins : Freins hydrauliques avant et arri\u00e8re<br \/>\nDistance de freinage : \u2264 4 m<br \/>\nSuspension avant : Suspension hydraulique avant<br \/>\nSuspension arri\u00e8re : Suspension \u00e0 ressort arri\u00e8re<br \/>\nAmortisseur de direction : Oui<br \/>\nBluetooth : Appairage Bluetooth, verrouillage du scooter, statistiques de conduite en temps r\u00e9el, changement de modes de conduite, r\u00e9gulateur de vitesse, param\u00e8tres personnalis\u00e9s, lecture de musique<br \/>\n\u00c9clairage avant : Oui<br \/>\nFeu arri\u00e8re : Oui<br \/>\nFeu stop : Feu stop arri\u00e8re<br \/>\nClignotants : Clignotants avant et arri\u00e8re<br \/>\n\u00c9clairage RGB : Oui<br \/>\n\u00c9clairage de marque : Oui<br \/>\nCadre : Alliage d\u2019aluminium<br \/>\nPneus : Pneus tout-terrain pneumatiques de 11 pouces<br \/>\nPression de gonflage recommand\u00e9e : 3,5 bar (50 PSI)<\/p>","protected":false},"excerpt":{"rendered":"<div class=\"custom-product-box\">\n<p class=\"highlight\">\ud83d\udd25 Trottinette \u00e9lectrique tr\u00e8s demand\u00e9e cet \u00e9t\u00e9<\/p>\n<p>\ud83d\udcc8 Mod\u00e8le appr\u00e9ci\u00e9 pour les d\u00e9placements dynamiques et les usages r\u00e9guliers<\/p>\n<p>\u2b50 Note moyenne : 4.9\/5<\/p>\n<p>\ud83d\ude9a Livraison rapide avec suivi complet<\/p>\n<p>\ud83d\udce6 Disponibilit\u00e9 variable selon les arrivages<\/p>\n<p class=\"highlight\">\u26a1 Produit souvent en forte demande sur la saison estivale<\/p>\n<\/div>\n<p>Une merveille d&rsquo;ing\u00e9nierie : batterie 60V, double motorisation et freinage ultra-pr\u00e9cis. La T107 Pro est la r\u00e9f\u00e9rence pour ceux qui ne veulent faire aucun compromis.<\/p>\n<p>La stabilit\u00e9 avant tout. Gr\u00e2ce \u00e0 ses pneus larges de 11 pouces et son ch\u00e2ssis renforc\u00e9, la Halo Knight T107 Pro garantit un confort royal sur toutes les routes.<\/p>","protected":false},"featured_media":29074,"comment_status":"open","ping_status":"closed","template":"","meta":[],"product_brand":[290],"product_cat":[319],"product_tag":[],"class_list":{"0":"post-29070","1":"product","2":"type-product","3":"status-publish","4":"has-post-thumbnail","6":"product_brand-halo","7":"product_cat-trottinette","9":"first","10":"instock","11":"sale","12":"featured","13":"taxable","14":"shipping-taxable","15":"purchasable","16":"product-type-simple"},"yoast_head":"<!-- This site is optimized with the Yoast SEO plugin v27.5 - https:\/\/yoast.com\/product\/yoast-seo-wordpress\/ -->\n<title>Halo Knight T107 Pro - Trottinette \u00c9lectrique 6000W Double Moteur - Loisir Electronique<\/title>\n<meta name=\"description\" content=\"D\u00e9couvrez la Halo Knight T107 Pro chez Loisir \u00c9lectronique. Une puissance de 6000W pour une vitesse et un couple foudroyants. Commandez ce monstre de route !\" \/>\n<meta name=\"robots\" content=\"index, follow, max-snippet:-1, max-image-preview:large, max-video-preview:-1\" \/>\n<link rel=\"canonical\" href=\"https:\/\/loisirelectronique.com\/nl\/product\/halo-knight-t107-pro-puissance-6000w\/\" \/>\n<meta property=\"og:locale\" content=\"nl_NL\" \/>\n<meta property=\"og:type\" content=\"article\" \/>\n<meta property=\"og:title\" content=\"Halo Knight T107 Pro - Trottinette \u00c9lectrique 6000W Double Moteur - Loisir Electronique\" \/>\n<meta property=\"og:description\" content=\"D\u00e9couvrez la Halo Knight T107 Pro chez Loisir \u00c9lectronique. Une puissance de 6000W pour une vitesse et un couple foudroyants. Commandez ce monstre de route !\" \/>\n<meta property=\"og:url\" content=\"https:\/\/loisirelectronique.com\/nl\/product\/halo-knight-t107-pro-puissance-6000w\/\" \/>\n<meta property=\"og:site_name\" content=\"Loisir Electronique\" \/>\n<meta property=\"article:modified_time\" content=\"2026-04-19T20:01:36+00:00\" \/>\n<meta property=\"og:image\" content=\"http:\/\/loisirelectronique.com\/wp-content\/uploads\/2026\/03\/Trottinette-Halo-Knight-T107-Pro-Double-Moteur-6000W-Vitesse-Puissance-1.webp\" \/>\n\t<meta property=\"og:image:width\" content=\"700\" \/>\n\t<meta property=\"og:image:height\" content=\"700\" \/>\n\t<meta property=\"og:image:type\" content=\"image\/webp\" \/>\n<meta name=\"twitter:card\" content=\"summary_large_image\" \/>\n<meta name=\"twitter:label1\" content=\"Geschatte leestijd\" \/>\n\t<meta name=\"twitter:data1\" content=\"3 minuten\" \/>\n<script type=\"application\/ld+json\" class=\"yoast-schema-graph\">{\"@context\":\"https:\\\/\\\/schema.org\",\"@graph\":[{\"@type\":\"WebPage\",\"@id\":\"https:\\\/\\\/loisirelectronique.com\\\/produit\\\/halo-knight-t107-pro-puissance-6000w\\\/\",\"url\":\"https:\\\/\\\/loisirelectronique.com\\\/produit\\\/halo-knight-t107-pro-puissance-6000w\\\/\",\"name\":\"Halo Knight T107 Pro - Trottinette \u00c9lectrique 6000W Double Moteur - Loisir Electronique\",\"isPartOf\":{\"@id\":\"https:\\\/\\\/loisirelectronique.com\\\/#website\"},\"primaryImageOfPage\":{\"@id\":\"https:\\\/\\\/loisirelectronique.com\\\/produit\\\/halo-knight-t107-pro-puissance-6000w\\\/#primaryimage\"},\"image\":{\"@id\":\"https:\\\/\\\/loisirelectronique.com\\\/produit\\\/halo-knight-t107-pro-puissance-6000w\\\/#primaryimage\"},\"thumbnailUrl\":\"https:\\\/\\\/loisirelectronique.com\\\/wp-content\\\/uploads\\\/2026\\\/03\\\/Trottinette-Halo-Knight-T107-Pro-Double-Moteur-6000W-Vitesse-Puissance-1.webp\",\"datePublished\":\"2026-03-26T16:02:53+00:00\",\"dateModified\":\"2026-04-19T20:01:36+00:00\",\"description\":\"D\u00e9couvrez la Halo Knight T107 Pro chez Loisir \u00c9lectronique. Une puissance de 6000W pour une vitesse et un couple foudroyants. Commandez ce monstre de route !\",\"breadcrumb\":{\"@id\":\"https:\\\/\\\/loisirelectronique.com\\\/produit\\\/halo-knight-t107-pro-puissance-6000w\\\/#breadcrumb\"},\"inLanguage\":\"nl-NL\",\"potentialAction\":[{\"@type\":\"ReadAction\",\"target\":[\"https:\\\/\\\/loisirelectronique.com\\\/produit\\\/halo-knight-t107-pro-puissance-6000w\\\/\"]}]},{\"@type\":\"ImageObject\",\"inLanguage\":\"nl-NL\",\"@id\":\"https:\\\/\\\/loisirelectronique.com\\\/produit\\\/halo-knight-t107-pro-puissance-6000w\\\/#primaryimage\",\"url\":\"https:\\\/\\\/loisirelectronique.com\\\/wp-content\\\/uploads\\\/2026\\\/03\\\/Trottinette-Halo-Knight-T107-Pro-Double-Moteur-6000W-Vitesse-Puissance-1.webp\",\"contentUrl\":\"https:\\\/\\\/loisirelectronique.com\\\/wp-content\\\/uploads\\\/2026\\\/03\\\/Trottinette-Halo-Knight-T107-Pro-Double-Moteur-6000W-Vitesse-Puissance-1.webp\",\"width\":700,\"height\":700,\"caption\":\"Une puissance foudroyante de 2 x 3000W pour franchir toutes les c\u00f4tes sans effort.\"},{\"@type\":\"BreadcrumbList\",\"@id\":\"https:\\\/\\\/loisirelectronique.com\\\/produit\\\/halo-knight-t107-pro-puissance-6000w\\\/#breadcrumb\",\"itemListElement\":[{\"@type\":\"ListItem\",\"position\":1,\"name\":\"Accueil\",\"item\":\"https:\\\/\\\/loisirelectronique.com\\\/\"},{\"@type\":\"ListItem\",\"position\":2,\"name\":\"Boutique\",\"item\":\"https:\\\/\\\/loisirelectronique.com\\\/velos-electriques-accessoires-trottinettes\\\/\"},{\"@type\":\"ListItem\",\"position\":3,\"name\":\"Halo Knight T107 Pro &#8211; Trottinette \u00c9lectrique 6000W Double Moteur\"}]},{\"@type\":\"WebSite\",\"@id\":\"https:\\\/\\\/loisirelectronique.com\\\/#website\",\"url\":\"https:\\\/\\\/loisirelectronique.com\\\/\",\"name\":\"Loisir Electronique\",\"description\":\"Innovation, qualit\u00e9, performance\",\"publisher\":{\"@id\":\"https:\\\/\\\/loisirelectronique.com\\\/#organization\"},\"potentialAction\":[{\"@type\":\"SearchAction\",\"target\":{\"@type\":\"EntryPoint\",\"urlTemplate\":\"https:\\\/\\\/loisirelectronique.com\\\/?s={search_term_string}\"},\"query-input\":{\"@type\":\"PropertyValueSpecification\",\"valueRequired\":true,\"valueName\":\"search_term_string\"}}],\"inLanguage\":\"nl-NL\"},{\"@type\":\"Organization\",\"@id\":\"https:\\\/\\\/loisirelectronique.com\\\/#organization\",\"name\":\"Loisir Electronique\",\"url\":\"https:\\\/\\\/loisirelectronique.com\\\/\",\"logo\":{\"@type\":\"ImageObject\",\"inLanguage\":\"nl-NL\",\"@id\":\"https:\\\/\\\/loisirelectronique.com\\\/#\\\/schema\\\/logo\\\/image\\\/\",\"url\":\"http:\\\/\\\/loisirelectronique.com\\\/wp-content\\\/uploads\\\/2026\\\/03\\\/IMG-20260325-WA00112.jpg\",\"contentUrl\":\"http:\\\/\\\/loisirelectronique.com\\\/wp-content\\\/uploads\\\/2026\\\/03\\\/IMG-20260325-WA00112.jpg\",\"width\":418,\"height\":124,\"caption\":\"Loisir Electronique\"},\"image\":{\"@id\":\"https:\\\/\\\/loisirelectronique.com\\\/#\\\/schema\\\/logo\\\/image\\\/\"}}]}<\/script>\n<!-- \/ Yoast SEO plugin. -->","yoast_head_json":{"title":"Halo Knight T107 Pro - Trottinette \u00c9lectrique 6000W Double Moteur - Loisir Electronique","description":"D\u00e9couvrez la Halo Knight T107 Pro chez Loisir \u00c9lectronique. Une puissance de 6000W pour une vitesse et un couple foudroyants. Commandez ce monstre de route !","robots":{"index":"index","follow":"follow","max-snippet":"max-snippet:-1","max-image-preview":"max-image-preview:large","max-video-preview":"max-video-preview:-1"},"canonical":"https:\/\/loisirelectronique.com\/nl\/product\/halo-knight-t107-pro-puissance-6000w\/","og_locale":"nl_NL","og_type":"article","og_title":"Halo Knight T107 Pro - Trottinette \u00c9lectrique 6000W Double Moteur - Loisir Electronique","og_description":"D\u00e9couvrez la Halo Knight T107 Pro chez Loisir \u00c9lectronique. Une puissance de 6000W pour une vitesse et un couple foudroyants. Commandez ce monstre de route !","og_url":"https:\/\/loisirelectronique.com\/nl\/product\/halo-knight-t107-pro-puissance-6000w\/","og_site_name":"Loisir Electronique","article_modified_time":"2026-04-19T20:01:36+00:00","og_image":[{"width":700,"height":700,"url":"http:\/\/loisirelectronique.com\/wp-content\/uploads\/2026\/03\/Trottinette-Halo-Knight-T107-Pro-Double-Moteur-6000W-Vitesse-Puissance-1.webp","type":"image\/webp"}],"twitter_card":"summary_large_image","twitter_misc":{"Geschatte leestijd":"3 minuten"},"schema":{"@context":"https:\/\/schema.org","@graph":[{"@type":"WebPage","@id":"https:\/\/loisirelectronique.com\/produit\/halo-knight-t107-pro-puissance-6000w\/","url":"https:\/\/loisirelectronique.com\/produit\/halo-knight-t107-pro-puissance-6000w\/","name":"Halo Knight T107 Pro - Trottinette \u00c9lectrique 6000W Double Moteur - Loisir Electronique","isPartOf":{"@id":"https:\/\/loisirelectronique.com\/#website"},"primaryImageOfPage":{"@id":"https:\/\/loisirelectronique.com\/produit\/halo-knight-t107-pro-puissance-6000w\/#primaryimage"},"image":{"@id":"https:\/\/loisirelectronique.com\/produit\/halo-knight-t107-pro-puissance-6000w\/#primaryimage"},"thumbnailUrl":"https:\/\/loisirelectronique.com\/wp-content\/uploads\/2026\/03\/Trottinette-Halo-Knight-T107-Pro-Double-Moteur-6000W-Vitesse-Puissance-1.webp","datePublished":"2026-03-26T16:02:53+00:00","dateModified":"2026-04-19T20:01:36+00:00","description":"D\u00e9couvrez la Halo Knight T107 Pro chez Loisir \u00c9lectronique. Une puissance de 6000W pour une vitesse et un couple foudroyants. Commandez ce monstre de route !","breadcrumb":{"@id":"https:\/\/loisirelectronique.com\/produit\/halo-knight-t107-pro-puissance-6000w\/#breadcrumb"},"inLanguage":"nl-NL","potentialAction":[{"@type":"ReadAction","target":["https:\/\/loisirelectronique.com\/produit\/halo-knight-t107-pro-puissance-6000w\/"]}]},{"@type":"ImageObject","inLanguage":"nl-NL","@id":"https:\/\/loisirelectronique.com\/produit\/halo-knight-t107-pro-puissance-6000w\/#primaryimage","url":"https:\/\/loisirelectronique.com\/wp-content\/uploads\/2026\/03\/Trottinette-Halo-Knight-T107-Pro-Double-Moteur-6000W-Vitesse-Puissance-1.webp","contentUrl":"https:\/\/loisirelectronique.com\/wp-content\/uploads\/2026\/03\/Trottinette-Halo-Knight-T107-Pro-Double-Moteur-6000W-Vitesse-Puissance-1.webp","width":700,"height":700,"caption":"Une puissance foudroyante de 2 x 3000W pour franchir toutes les c\u00f4tes sans effort."},{"@type":"BreadcrumbList","@id":"https:\/\/loisirelectronique.com\/produit\/halo-knight-t107-pro-puissance-6000w\/#breadcrumb","itemListElement":[{"@type":"ListItem","position":1,"name":"Accueil","item":"https:\/\/loisirelectronique.com\/"},{"@type":"ListItem","position":2,"name":"Boutique","item":"https:\/\/loisirelectronique.com\/velos-electriques-accessoires-trottinettes\/"},{"@type":"ListItem","position":3,"name":"Halo Knight T107 Pro &#8211; Trottinette \u00c9lectrique 6000W Double Moteur"}]},{"@type":"WebSite","@id":"https:\/\/loisirelectronique.com\/#website","url":"https:\/\/loisirelectronique.com\/","name":"Loisir Electronique","description":"Innovation, qualit\u00e9, performance","publisher":{"@id":"https:\/\/loisirelectronique.com\/#organization"},"potentialAction":[{"@type":"SearchAction","target":{"@type":"EntryPoint","urlTemplate":"https:\/\/loisirelectronique.com\/?s={search_term_string}"},"query-input":{"@type":"PropertyValueSpecification","valueRequired":true,"valueName":"search_term_string"}}],"inLanguage":"nl-NL"},{"@type":"Organization","@id":"https:\/\/loisirelectronique.com\/#organization","name":"Loisir Electronique","url":"https:\/\/loisirelectronique.com\/","logo":{"@type":"ImageObject","inLanguage":"nl-NL","@id":"https:\/\/loisirelectronique.com\/#\/schema\/logo\/image\/","url":"http:\/\/loisirelectronique.com\/wp-content\/uploads\/2026\/03\/IMG-20260325-WA00112.jpg","contentUrl":"http:\/\/loisirelectronique.com\/wp-content\/uploads\/2026\/03\/IMG-20260325-WA00112.jpg","width":418,"height":124,"caption":"Loisir Electronique"},"image":{"@id":"https:\/\/loisirelectronique.com\/#\/schema\/logo\/image\/"}}]}},"jetpack_sharing_enabled":true,"_links":{"self":[{"href":"https:\/\/loisirelectronique.com\/nl\/wp-json\/wp\/v2\/product\/29070","targetHints":{"allow":["GET"]}}],"collection":[{"href":"https:\/\/loisirelectronique.com\/nl\/wp-json\/wp\/v2\/product"}],"about":[{"href":"https:\/\/loisirelectronique.com\/nl\/wp-json\/wp\/v2\/types\/product"}],"replies":[{"embeddable":true,"href":"https:\/\/loisirelectronique.com\/nl\/wp-json\/wp\/v2\/comments?post=29070"}],"version-history":[{"count":4,"href":"https:\/\/loisirelectronique.com\/nl\/wp-json\/wp\/v2\/product\/29070\/revisions"}],"predecessor-version":[{"id":30724,"href":"https:\/\/loisirelectronique.com\/nl\/wp-json\/wp\/v2\/product\/29070\/revisions\/30724"}],"wp:featuredmedia":[{"embeddable":true,"href":"https:\/\/loisirelectronique.com\/nl\/wp-json\/wp\/v2\/media\/29074"}],"wp:attachment":[{"href":"https:\/\/loisirelectronique.com\/nl\/wp-json\/wp\/v2\/media?parent=29070"}],"wp:term":[{"taxonomy":"product_brand","embeddable":true,"href":"https:\/\/loisirelectronique.com\/nl\/wp-json\/wp\/v2\/product_brand?post=29070"},{"taxonomy":"product_cat","embeddable":true,"href":"https:\/\/loisirelectronique.com\/nl\/wp-json\/wp\/v2\/product_cat?post=29070"},{"taxonomy":"product_tag","embeddable":true,"href":"https:\/\/loisirelectronique.com\/nl\/wp-json\/wp\/v2\/product_tag?post=29070"}],"curies":[{"name":"wp","href":"https:\/\/api.w.org\/{rel}","templated":true}]}}