{"id":29057,"date":"2026-03-26T15:28:28","date_gmt":"2026-03-26T15:28:28","guid":{"rendered":"https:\/\/loisirelectronique.com\/?post_type=product&#038;p=29057"},"modified":"2026-04-19T20:01:36","modified_gmt":"2026-04-19T20:01:36","slug":"trottinette-electrique-halo-knight-t108-10-pouces-moteur-1000w-x-2-batterie-52v-288-ah-autonomie-max-60km","status":"publish","type":"product","link":"https:\/\/loisirelectronique.com\/nl\/product\/trottinette-electrique-halo-knight-t108-10-pouces-moteur-1000w-x-2-batterie-52v-288-ah-autonomie-max-60km\/","title":{"rendered":"Trottinette \u00c9lectrique Halo Knight T108"},"content":{"rendered":"<p>Halo Knight T108 <a href=\"https:\/\/loisirelectronique.com\/nl\/product-categorie\/velos\/\">Trottinette \u00c9lectrique<\/a><\/p>\n<p>Halo Knight T108 Trottinette \u00c9lectrique<br \/>\nT108 est un beau rouge passionn\u00e9, 10 pouces 52V 2000W, vitesse jusqu\u2019\u00e0 65 km\/h, autonomie jusqu\u2019\u00e0 60 km, avec une capacit\u00e9 de batterie de 28,8 Ah, \u00e9quip\u00e9 de clignotants avant et arri\u00e8re, combine les besoins de la plupart des passionn\u00e9s de cyclisme, parfait pour le \u00e9t\u00e9 chaud.<\/p>\n<p>+ produit<\/p>\n<p>Moteur 1000W*2<\/p>\n<p>Le puissant moteur 1000W*2 vous fournit une puissance constante et forte, permettant au scooter \u00e9lectrique d\u2019acc\u00e9l\u00e9rer jusqu\u2019\u00e0 65 km\/h. En fonctionnant avec le T108, votre trajet sera plus puissant et plus durable.<\/p>\n<p>Grande Batterie de 28,8 Ah<\/p>\n<p>\u00c9quip\u00e9 d\u2019une grande batterie lithium-ion de 28,8 Ah, le Halo Knight T108 peut parcourir jusqu\u2019\u00e0 60 km avec une charge compl\u00e8te, ce qui est certainement un excellent partenaire pour votre trajet longue distance !<\/p>\n<p>Freins Hydrauliques Doubles Frein \u00c9lectrique<br \/>\nIl est \u00e9quip\u00e9 de freins hydrauliques \u00e0 l\u2019avant et \u00e0 l\u2019arri\u00e8re. Par rapport aux freins \u00e0 disque, les freins \u00e0 huile sont plus efficaces et la distance de freinage est plus courte (\u2264 2 m), ce qui am\u00e9liore consid\u00e9rablement la capacit\u00e9 d\u2019urgence et la s\u00e9curit\u00e9 de conduite.<\/p>\n<p>Pneu Pneumatique Tout-terrain de 10 Pouces<br \/>\nLe scooter \u00e9lectrique est \u00e9quip\u00e9 d\u2019un motif antid\u00e9rapant, le caoutchouc solide \u00e0 haute r\u00e9sistance n\u2019a pas peur de la crevaison des pneus, une forte r\u00e9sistance \u00e0 l\u2019usure, une conception de pneu tout-terrain \u00e0 motif profond, une meilleure absorption des chocs.<\/p>\n<p>Construction Stable et Durable<br \/>\nLe scooter est dot\u00e9 d\u2019un cadre et d\u2019un guidon pliables en alliage d\u2019aluminium, garantissant \u00e0 la fois durabilit\u00e9 et portabilit\u00e9.<\/p>\n<p>Syst\u00e8me d\u2019\u00c9clairage L\u00e9ger<br \/>\nFeux avant et arri\u00e8re qui peuvent non seulement \u00e9clairer la route, mais \u00e9galement prot\u00e9ger votre s\u00e9curit\u00e9 \u00e0 l\u2019arri\u00e8re.<\/p>\n<p>Guidon Mis \u00e0 Jour de 60 cm<br \/>\nLe guidon est mis \u00e0 jour avec 60 cm de long, il est plus solide et plus stable \u00e0 grande vitesse, ce qui ne tremblerait pas facilement. Tous les d\u00e9tails sont bien g\u00e9r\u00e9s.<\/p>\n<p>Caract\u00e9ristiques<\/p>\n<p>Type de frein : frein hydraulique XOD<br \/>\nDistance de freinage : \u22642 M<br \/>\n\u00c9cran LCD : affichage Panda<br \/>\nFeu avant : Oui<br \/>\nClignotant : arri\u00e8re<br \/>\nPliage : Oui<br \/>\nSuspension : Suspension \u00e0 ressorts avant et arri\u00e8re<br \/>\nRoue : pneus de route de 10 pouces<br \/>\nFeu arri\u00e8re : lire les feux de freinage arri\u00e8re et les feux de position<\/p>","protected":false},"excerpt":{"rendered":"<div class=\"custom-product-box\">\n<p class=\"highlight\">\ud83d\udd25 Trottinette \u00e9lectrique en forte tendance ce mois-ci<\/p>\n<p>\ud83d\udcc8 Mod\u00e8le de plus en plus recherch\u00e9 dans la cat\u00e9gorie haute puissance<\/p>\n<p>\u2b50 Note moyenne : 4.1\/5<\/p>\n<p>\ud83d\ude9a Livraison rapide avec suivi complet<\/p>\n<p class=\"highlight\">\u26a1 Produit souvent choisi pour les d\u00e9placements dynamiques et r\u00e9guliers<\/p>\n<\/div>\n<p>Fiable et endurante, la T108 se distingue par sa batterie 52V 28,8 Ah offrant 60 km d&rsquo;autonomie. Ses pneus 10 pouces garantissent une stabilit\u00e9 parfaite, m\u00eame \u00e0 pleine puissance.<\/p>","protected":false},"featured_media":29061,"comment_status":"open","ping_status":"closed","template":"","meta":[],"product_brand":[290],"product_cat":[319],"product_tag":[],"class_list":{"0":"post-29057","1":"product","2":"type-product","3":"status-publish","4":"has-post-thumbnail","6":"product_brand-halo","7":"product_cat-trottinette","9":"first","10":"instock","11":"sale","12":"featured","13":"taxable","14":"shipping-taxable","15":"purchasable","16":"product-type-simple"},"yoast_head":"<!-- This site is optimized with the Yoast SEO plugin v27.5 - https:\/\/yoast.com\/product\/yoast-seo-wordpress\/ -->\n<title>Trottinette \u00c9lectrique Halo Knight T108 - Loisir Electronique<\/title>\n<meta name=\"description\" content=\"D\u00e9couvrez la Halo Knight T108 chez Loisir \u00c9lectronique. Une trottinette 2000W avec double moteur pour une vitesse et un couple incroyables. Commandez ici !\" \/>\n<meta name=\"robots\" content=\"index, follow, max-snippet:-1, max-image-preview:large, max-video-preview:-1\" \/>\n<link rel=\"canonical\" href=\"https:\/\/loisirelectronique.com\/nl\/product\/trottinette-electrique-halo-knight-t108-10-pouces-moteur-1000w-x-2-batterie-52v-288-ah-autonomie-max-60km\/\" \/>\n<meta property=\"og:locale\" content=\"nl_NL\" \/>\n<meta property=\"og:type\" content=\"article\" \/>\n<meta property=\"og:title\" content=\"Trottinette \u00c9lectrique Halo Knight T108 - Loisir Electronique\" \/>\n<meta property=\"og:description\" content=\"D\u00e9couvrez la Halo Knight T108 chez Loisir \u00c9lectronique. Une trottinette 2000W avec double moteur pour une vitesse et un couple incroyables. Commandez ici !\" \/>\n<meta property=\"og:url\" content=\"https:\/\/loisirelectronique.com\/nl\/product\/trottinette-electrique-halo-knight-t108-10-pouces-moteur-1000w-x-2-batterie-52v-288-ah-autonomie-max-60km\/\" \/>\n<meta property=\"og:site_name\" content=\"Loisir Electronique\" \/>\n<meta property=\"article:modified_time\" content=\"2026-04-19T20:01:36+00:00\" \/>\n<meta property=\"og:image\" content=\"http:\/\/loisirelectronique.com\/wp-content\/uploads\/2026\/03\/Trottinette-Halo-Knight-T108-Double-Moteur-2000W-Performance-Extreme.webp\" \/>\n\t<meta property=\"og:image:width\" content=\"700\" \/>\n\t<meta property=\"og:image:height\" content=\"700\" \/>\n\t<meta property=\"og:image:type\" content=\"image\/webp\" \/>\n<meta name=\"twitter:card\" content=\"summary_large_image\" \/>\n<meta name=\"twitter:label1\" content=\"Geschatte leestijd\" \/>\n\t<meta name=\"twitter:data1\" content=\"3 minuten\" \/>\n<script type=\"application\/ld+json\" class=\"yoast-schema-graph\">{\"@context\":\"https:\\\/\\\/schema.org\",\"@graph\":[{\"@type\":\"WebPage\",\"@id\":\"https:\\\/\\\/loisirelectronique.com\\\/produit\\\/trottinette-electrique-halo-knight-t108-10-pouces-moteur-1000w-x-2-batterie-52v-288-ah-autonomie-max-60km\\\/\",\"url\":\"https:\\\/\\\/loisirelectronique.com\\\/produit\\\/trottinette-electrique-halo-knight-t108-10-pouces-moteur-1000w-x-2-batterie-52v-288-ah-autonomie-max-60km\\\/\",\"name\":\"Trottinette \u00c9lectrique Halo Knight T108 - Loisir Electronique\",\"isPartOf\":{\"@id\":\"https:\\\/\\\/loisirelectronique.com\\\/#website\"},\"primaryImageOfPage\":{\"@id\":\"https:\\\/\\\/loisirelectronique.com\\\/produit\\\/trottinette-electrique-halo-knight-t108-10-pouces-moteur-1000w-x-2-batterie-52v-288-ah-autonomie-max-60km\\\/#primaryimage\"},\"image\":{\"@id\":\"https:\\\/\\\/loisirelectronique.com\\\/produit\\\/trottinette-electrique-halo-knight-t108-10-pouces-moteur-1000w-x-2-batterie-52v-288-ah-autonomie-max-60km\\\/#primaryimage\"},\"thumbnailUrl\":\"https:\\\/\\\/loisirelectronique.com\\\/wp-content\\\/uploads\\\/2026\\\/03\\\/Trottinette-Halo-Knight-T108-Double-Moteur-2000W-Performance-Extreme.webp\",\"datePublished\":\"2026-03-26T15:28:28+00:00\",\"dateModified\":\"2026-04-19T20:01:36+00:00\",\"description\":\"D\u00e9couvrez la Halo Knight T108 chez Loisir \u00c9lectronique. Une trottinette 2000W avec double moteur pour une vitesse et un couple incroyables. Commandez ici !\",\"breadcrumb\":{\"@id\":\"https:\\\/\\\/loisirelectronique.com\\\/produit\\\/trottinette-electrique-halo-knight-t108-10-pouces-moteur-1000w-x-2-batterie-52v-288-ah-autonomie-max-60km\\\/#breadcrumb\"},\"inLanguage\":\"nl-NL\",\"potentialAction\":[{\"@type\":\"ReadAction\",\"target\":[\"https:\\\/\\\/loisirelectronique.com\\\/produit\\\/trottinette-electrique-halo-knight-t108-10-pouces-moteur-1000w-x-2-batterie-52v-288-ah-autonomie-max-60km\\\/\"]}]},{\"@type\":\"ImageObject\",\"inLanguage\":\"nl-NL\",\"@id\":\"https:\\\/\\\/loisirelectronique.com\\\/produit\\\/trottinette-electrique-halo-knight-t108-10-pouces-moteur-1000w-x-2-batterie-52v-288-ah-autonomie-max-60km\\\/#primaryimage\",\"url\":\"https:\\\/\\\/loisirelectronique.com\\\/wp-content\\\/uploads\\\/2026\\\/03\\\/Trottinette-Halo-Knight-T108-Double-Moteur-2000W-Performance-Extreme.webp\",\"contentUrl\":\"https:\\\/\\\/loisirelectronique.com\\\/wp-content\\\/uploads\\\/2026\\\/03\\\/Trottinette-Halo-Knight-T108-Double-Moteur-2000W-Performance-Extreme.webp\",\"width\":700,\"height\":700,\"caption\":\"La puissance brute des deux moteurs de 1000W pour affronter toutes les pentes.\"},{\"@type\":\"BreadcrumbList\",\"@id\":\"https:\\\/\\\/loisirelectronique.com\\\/produit\\\/trottinette-electrique-halo-knight-t108-10-pouces-moteur-1000w-x-2-batterie-52v-288-ah-autonomie-max-60km\\\/#breadcrumb\",\"itemListElement\":[{\"@type\":\"ListItem\",\"position\":1,\"name\":\"Accueil\",\"item\":\"https:\\\/\\\/loisirelectronique.com\\\/\"},{\"@type\":\"ListItem\",\"position\":2,\"name\":\"Boutique\",\"item\":\"https:\\\/\\\/loisirelectronique.com\\\/velos-electriques-accessoires-trottinettes\\\/\"},{\"@type\":\"ListItem\",\"position\":3,\"name\":\"Trottinette \u00c9lectrique Halo Knight T108\"}]},{\"@type\":\"WebSite\",\"@id\":\"https:\\\/\\\/loisirelectronique.com\\\/#website\",\"url\":\"https:\\\/\\\/loisirelectronique.com\\\/\",\"name\":\"Loisir Electronique\",\"description\":\"Innovation, qualit\u00e9, performance\",\"publisher\":{\"@id\":\"https:\\\/\\\/loisirelectronique.com\\\/#organization\"},\"potentialAction\":[{\"@type\":\"SearchAction\",\"target\":{\"@type\":\"EntryPoint\",\"urlTemplate\":\"https:\\\/\\\/loisirelectronique.com\\\/?s={search_term_string}\"},\"query-input\":{\"@type\":\"PropertyValueSpecification\",\"valueRequired\":true,\"valueName\":\"search_term_string\"}}],\"inLanguage\":\"nl-NL\"},{\"@type\":\"Organization\",\"@id\":\"https:\\\/\\\/loisirelectronique.com\\\/#organization\",\"name\":\"Loisir Electronique\",\"url\":\"https:\\\/\\\/loisirelectronique.com\\\/\",\"logo\":{\"@type\":\"ImageObject\",\"inLanguage\":\"nl-NL\",\"@id\":\"https:\\\/\\\/loisirelectronique.com\\\/#\\\/schema\\\/logo\\\/image\\\/\",\"url\":\"http:\\\/\\\/loisirelectronique.com\\\/wp-content\\\/uploads\\\/2026\\\/03\\\/IMG-20260325-WA00112.jpg\",\"contentUrl\":\"http:\\\/\\\/loisirelectronique.com\\\/wp-content\\\/uploads\\\/2026\\\/03\\\/IMG-20260325-WA00112.jpg\",\"width\":418,\"height\":124,\"caption\":\"Loisir Electronique\"},\"image\":{\"@id\":\"https:\\\/\\\/loisirelectronique.com\\\/#\\\/schema\\\/logo\\\/image\\\/\"}}]}<\/script>\n<!-- \/ Yoast SEO plugin. -->","yoast_head_json":{"title":"Trottinette \u00c9lectrique Halo Knight T108 - Loisir Electronique","description":"D\u00e9couvrez la Halo Knight T108 chez Loisir \u00c9lectronique. Une trottinette 2000W avec double moteur pour une vitesse et un couple incroyables. Commandez ici !","robots":{"index":"index","follow":"follow","max-snippet":"max-snippet:-1","max-image-preview":"max-image-preview:large","max-video-preview":"max-video-preview:-1"},"canonical":"https:\/\/loisirelectronique.com\/nl\/product\/trottinette-electrique-halo-knight-t108-10-pouces-moteur-1000w-x-2-batterie-52v-288-ah-autonomie-max-60km\/","og_locale":"nl_NL","og_type":"article","og_title":"Trottinette \u00c9lectrique Halo Knight T108 - Loisir Electronique","og_description":"D\u00e9couvrez la Halo Knight T108 chez Loisir \u00c9lectronique. Une trottinette 2000W avec double moteur pour une vitesse et un couple incroyables. Commandez ici !","og_url":"https:\/\/loisirelectronique.com\/nl\/product\/trottinette-electrique-halo-knight-t108-10-pouces-moteur-1000w-x-2-batterie-52v-288-ah-autonomie-max-60km\/","og_site_name":"Loisir Electronique","article_modified_time":"2026-04-19T20:01:36+00:00","og_image":[{"width":700,"height":700,"url":"http:\/\/loisirelectronique.com\/wp-content\/uploads\/2026\/03\/Trottinette-Halo-Knight-T108-Double-Moteur-2000W-Performance-Extreme.webp","type":"image\/webp"}],"twitter_card":"summary_large_image","twitter_misc":{"Geschatte leestijd":"3 minuten"},"schema":{"@context":"https:\/\/schema.org","@graph":[{"@type":"WebPage","@id":"https:\/\/loisirelectronique.com\/produit\/trottinette-electrique-halo-knight-t108-10-pouces-moteur-1000w-x-2-batterie-52v-288-ah-autonomie-max-60km\/","url":"https:\/\/loisirelectronique.com\/produit\/trottinette-electrique-halo-knight-t108-10-pouces-moteur-1000w-x-2-batterie-52v-288-ah-autonomie-max-60km\/","name":"Trottinette \u00c9lectrique Halo Knight T108 - Loisir Electronique","isPartOf":{"@id":"https:\/\/loisirelectronique.com\/#website"},"primaryImageOfPage":{"@id":"https:\/\/loisirelectronique.com\/produit\/trottinette-electrique-halo-knight-t108-10-pouces-moteur-1000w-x-2-batterie-52v-288-ah-autonomie-max-60km\/#primaryimage"},"image":{"@id":"https:\/\/loisirelectronique.com\/produit\/trottinette-electrique-halo-knight-t108-10-pouces-moteur-1000w-x-2-batterie-52v-288-ah-autonomie-max-60km\/#primaryimage"},"thumbnailUrl":"https:\/\/loisirelectronique.com\/wp-content\/uploads\/2026\/03\/Trottinette-Halo-Knight-T108-Double-Moteur-2000W-Performance-Extreme.webp","datePublished":"2026-03-26T15:28:28+00:00","dateModified":"2026-04-19T20:01:36+00:00","description":"D\u00e9couvrez la Halo Knight T108 chez Loisir \u00c9lectronique. Une trottinette 2000W avec double moteur pour une vitesse et un couple incroyables. Commandez ici !","breadcrumb":{"@id":"https:\/\/loisirelectronique.com\/produit\/trottinette-electrique-halo-knight-t108-10-pouces-moteur-1000w-x-2-batterie-52v-288-ah-autonomie-max-60km\/#breadcrumb"},"inLanguage":"nl-NL","potentialAction":[{"@type":"ReadAction","target":["https:\/\/loisirelectronique.com\/produit\/trottinette-electrique-halo-knight-t108-10-pouces-moteur-1000w-x-2-batterie-52v-288-ah-autonomie-max-60km\/"]}]},{"@type":"ImageObject","inLanguage":"nl-NL","@id":"https:\/\/loisirelectronique.com\/produit\/trottinette-electrique-halo-knight-t108-10-pouces-moteur-1000w-x-2-batterie-52v-288-ah-autonomie-max-60km\/#primaryimage","url":"https:\/\/loisirelectronique.com\/wp-content\/uploads\/2026\/03\/Trottinette-Halo-Knight-T108-Double-Moteur-2000W-Performance-Extreme.webp","contentUrl":"https:\/\/loisirelectronique.com\/wp-content\/uploads\/2026\/03\/Trottinette-Halo-Knight-T108-Double-Moteur-2000W-Performance-Extreme.webp","width":700,"height":700,"caption":"La puissance brute des deux moteurs de 1000W pour affronter toutes les pentes."},{"@type":"BreadcrumbList","@id":"https:\/\/loisirelectronique.com\/produit\/trottinette-electrique-halo-knight-t108-10-pouces-moteur-1000w-x-2-batterie-52v-288-ah-autonomie-max-60km\/#breadcrumb","itemListElement":[{"@type":"ListItem","position":1,"name":"Accueil","item":"https:\/\/loisirelectronique.com\/"},{"@type":"ListItem","position":2,"name":"Boutique","item":"https:\/\/loisirelectronique.com\/velos-electriques-accessoires-trottinettes\/"},{"@type":"ListItem","position":3,"name":"Trottinette \u00c9lectrique Halo Knight T108"}]},{"@type":"WebSite","@id":"https:\/\/loisirelectronique.com\/#website","url":"https:\/\/loisirelectronique.com\/","name":"Loisir Electronique","description":"Innovation, qualit\u00e9, performance","publisher":{"@id":"https:\/\/loisirelectronique.com\/#organization"},"potentialAction":[{"@type":"SearchAction","target":{"@type":"EntryPoint","urlTemplate":"https:\/\/loisirelectronique.com\/?s={search_term_string}"},"query-input":{"@type":"PropertyValueSpecification","valueRequired":true,"valueName":"search_term_string"}}],"inLanguage":"nl-NL"},{"@type":"Organization","@id":"https:\/\/loisirelectronique.com\/#organization","name":"Loisir Electronique","url":"https:\/\/loisirelectronique.com\/","logo":{"@type":"ImageObject","inLanguage":"nl-NL","@id":"https:\/\/loisirelectronique.com\/#\/schema\/logo\/image\/","url":"http:\/\/loisirelectronique.com\/wp-content\/uploads\/2026\/03\/IMG-20260325-WA00112.jpg","contentUrl":"http:\/\/loisirelectronique.com\/wp-content\/uploads\/2026\/03\/IMG-20260325-WA00112.jpg","width":418,"height":124,"caption":"Loisir Electronique"},"image":{"@id":"https:\/\/loisirelectronique.com\/#\/schema\/logo\/image\/"}}]}},"jetpack_sharing_enabled":true,"_links":{"self":[{"href":"https:\/\/loisirelectronique.com\/nl\/wp-json\/wp\/v2\/product\/29057","targetHints":{"allow":["GET"]}}],"collection":[{"href":"https:\/\/loisirelectronique.com\/nl\/wp-json\/wp\/v2\/product"}],"about":[{"href":"https:\/\/loisirelectronique.com\/nl\/wp-json\/wp\/v2\/types\/product"}],"replies":[{"embeddable":true,"href":"https:\/\/loisirelectronique.com\/nl\/wp-json\/wp\/v2\/comments?post=29057"}],"version-history":[{"count":4,"href":"https:\/\/loisirelectronique.com\/nl\/wp-json\/wp\/v2\/product\/29057\/revisions"}],"predecessor-version":[{"id":30725,"href":"https:\/\/loisirelectronique.com\/nl\/wp-json\/wp\/v2\/product\/29057\/revisions\/30725"}],"wp:featuredmedia":[{"embeddable":true,"href":"https:\/\/loisirelectronique.com\/nl\/wp-json\/wp\/v2\/media\/29061"}],"wp:attachment":[{"href":"https:\/\/loisirelectronique.com\/nl\/wp-json\/wp\/v2\/media?parent=29057"}],"wp:term":[{"taxonomy":"product_brand","embeddable":true,"href":"https:\/\/loisirelectronique.com\/nl\/wp-json\/wp\/v2\/product_brand?post=29057"},{"taxonomy":"product_cat","embeddable":true,"href":"https:\/\/loisirelectronique.com\/nl\/wp-json\/wp\/v2\/product_cat?post=29057"},{"taxonomy":"product_tag","embeddable":true,"href":"https:\/\/loisirelectronique.com\/nl\/wp-json\/wp\/v2\/product_tag?post=29057"}],"curies":[{"name":"wp","href":"https:\/\/api.w.org\/{rel}","templated":true}]}}