{"id":131,"date":"2026-03-26T12:05:01","date_gmt":"2026-03-26T12:05:01","guid":{"rendered":"https:\/\/loisirelectronique.com\/?post_type=product&#038;p=131"},"modified":"2026-03-28T12:52:42","modified_gmt":"2026-03-28T12:52:42","slug":"bh-expert-4-0-shimano-deore-12v-29-gris-2023","status":"publish","type":"product","link":"https:\/\/loisirelectronique.com\/nl\/product\/bh-expert-4-0-shimano-deore-12v-29-gris-2023\/","title":{"rendered":"BH Expert 4.0 Shimano Deore 12V 29 \u00bb Gris 2023"},"content":{"rendered":"<h1 class=\"heading-title-text\" data-titleproductread=\"\">VTT Semi-Rigide BH Expert 4.0 Shimano Deore 12V 29\u00a0\u00bb Gris 2023<\/h1>\n<p><a href=\"https:\/\/loisirelectronique.com\/nl\/product\/bh-expert-4-0-sh\u202612v-29-gris-2023\/\">BH Expert 4.0 Shimano Deore 12V 29\u00a0\u00bb Gris 2023<\/a><\/p>\n<div class=\"col col-sm-12 col-md-12 col-lg-12\">\n<p><strong>BH Expert 4.0\u00a0<\/strong>partage sa conception et ses lignes avec les mod\u00e8les Ultimate et Ultimate RC. Angle de direction lanc\u00e9, bases courtes et tube sup\u00e9rieur plus long. Id\u00e9al pour un XC technique dans les descentes, rapide et efficace au p\u00e9dalage.<\/p>\n<p>Les bases arri\u00e8re ont \u00e9t\u00e9 sp\u00e9cifiquement con\u00e7ues pour abriter le syst\u00e8me EVO Brake Mount. L\u2019angle d\u2019inclinaison optimal r\u00e9duit les vibrations et augmente la puissance de freinage<a href=\"http:\/\/1.0.0.1\/\">.<\/a><\/p>\n<p>La technologie hydroforming permet de concevoir des cadres attractifs avec de hauts coefficients de l\u00e9g\u00e8ret\u00e9 et de r\u00e9sistance en alu\u00a06061. Les cadres Expert combinent une rigidit\u00e9 suppl\u00e9mentaire dans la zone inf\u00e9rieure et un haut niveau de confort et de flexibilit\u00e9 dans les tubes sup\u00e9rieurs.<\/p>\n<p>Tube de direction construit de la m\u00eame mani\u00e8re que le bo\u00eetier de p\u00e9dalier et les pattes de cadre arri\u00e8res.<\/p>\n<\/div>\n<div class=\"prodsheet_bullets col col-sm-8 col-md-8 col-lg-8\">\n<h4>LES + PRODUIT :<\/h4>\n<ul>\n<li>Cadre en aluminium.<\/li>\n<li>Transmission Shimano Deore M6100,\u00a01\u00d712 Vitesses.<\/li>\n<li>Freins \u00e0 disque hydrauliques Shimano MT201, 180\/160 mm.<\/li>\n<\/ul>\n<\/div>\n<div class=\"prodsheet_specs1 col col-sm-12 col-md-12 col-lg-12\">\n<h4>D\u00c9TAILS :<\/h4>\n<table class=\"table table-striped\">\n<tbody>\n<tr>\n<td>Cadre<\/td>\n<td>Aluminium : Expert Alu 29\u2033, 148\u00d712, integrated headset 42ACB<\/td>\n<\/tr>\n<tr>\n<td>Fourche<\/td>\n<td>SR Suntour Raidon RLR Remote Lock 100mm<\/td>\n<\/tr>\n<tr>\n<td>Manette de d\u00e9railleur<\/td>\n<td>Shimano Deore 6100, 1\u00d712-vitesses<\/td>\n<\/tr>\n<tr>\n<td>D\u00e9railleur arri\u00e8re<\/td>\n<td>Shimano Deore 6100, 12-vitesses<\/td>\n<\/tr>\n<tr>\n<td>Cassette<\/td>\n<td>Shimano Deore 6100, 10-51 Dents<\/td>\n<\/tr>\n<tr>\n<td>Cha\u00eene<\/td>\n<td>Shimano Deore<\/td>\n<\/tr>\n<tr>\n<td>P\u00e9dalier<\/td>\n<td>Shimano MT510, 175 mm<\/td>\n<\/tr>\n<tr>\n<td>Freins<\/td>\n<td>Shimano MT201, Hydr. Disc Brake, (180\/160)<\/td>\n<\/tr>\n<tr>\n<td>Roues<\/td>\n<td>BH Lite<\/td>\n<\/tr>\n<tr>\n<td>Pneus<\/td>\n<td>Continental Cross King 2.20\/ Maxxis Ikon 2.20<\/td>\n<\/tr>\n<tr>\n<td>Guidon<\/td>\n<td>BH Lite Flat, 780 mm<\/td>\n<\/tr>\n<tr>\n<td>Poign\u00e9es<\/td>\n<td>BH Lock On<\/td>\n<\/tr>\n<tr>\n<td>Potence<\/td>\n<td>BH SL 80 mm, 31.8 mm, +\/-6\u00ba<\/td>\n<\/tr>\n<tr>\n<td>Jeu de direction<\/td>\n<td>BH SL Integrated Sealed Bearing<\/td>\n<\/tr>\n<tr>\n<td>Selle<\/td>\n<td>Prologo Nago RS<\/td>\n<\/tr>\n<tr>\n<td>Tige de selle<\/td>\n<td>BH Lite 31.6 mm, 420 mm<\/td>\n<\/tr>\n<tr>\n<td>Collier de selle<\/td>\n<td>Expert, 34.9mm<\/td>\n<\/tr>\n<\/tbody>\n<\/table>\n<\/div>","protected":false},"excerpt":{"rendered":"<p>Le BH Expert 4.0 29 pouces est un v\u00e9lo tout terrain fiable \u00e9quip\u00e9 Shimano Deore 12V, id\u00e9al pour le cross-country et les sorties sportives.<\/p>","protected":false},"featured_media":133,"comment_status":"open","ping_status":"closed","template":"","meta":[],"product_brand":[51],"product_cat":[44,46],"product_tag":[],"class_list":{"0":"post-131","1":"product","2":"type-product","3":"status-publish","4":"has-post-thumbnail","6":"product_brand-bh","7":"product_cat-velos","8":"product_cat-vtt","10":"first","11":"instock","12":"sale","13":"taxable","14":"shipping-taxable","15":"purchasable","16":"product-type-simple"},"yoast_head":"<!-- This site is optimized with the Yoast SEO plugin v27.6 - https:\/\/yoast.com\/product\/yoast-seo-wordpress\/ -->\n<title>BH Expert 4.0 Shimano Deore 12V 29 \u00bb Gris 2023 - Loisir Electronique<\/title>\n<meta name=\"description\" content=\"D\u00e9couvrez le BH Expert 4.0 chez Loisir \u00c9lectronique. Cadre aluminium l\u00e9ger, transmission Shimano Deore 12V et roues 29&quot;. Le VTT id\u00e9al pour le cross-country sportif.\" \/>\n<meta name=\"robots\" content=\"index, follow, max-snippet:-1, max-image-preview:large, max-video-preview:-1\" \/>\n<link rel=\"canonical\" href=\"https:\/\/loisirelectronique.com\/nl\/product\/bh-expert-4-0-shimano-deore-12v-29-gris-2023\/\" \/>\n<meta property=\"og:locale\" content=\"nl_NL\" \/>\n<meta property=\"og:type\" content=\"article\" \/>\n<meta property=\"og:title\" content=\"BH Expert 4.0 Shimano Deore 12V 29 \u00bb Gris 2023 - Loisir Electronique\" \/>\n<meta property=\"og:description\" content=\"D\u00e9couvrez le BH Expert 4.0 chez Loisir \u00c9lectronique. Cadre aluminium l\u00e9ger, transmission Shimano Deore 12V et roues 29&quot;. Le VTT id\u00e9al pour le cross-country sportif.\" \/>\n<meta property=\"og:url\" content=\"https:\/\/loisirelectronique.com\/nl\/product\/bh-expert-4-0-shimano-deore-12v-29-gris-2023\/\" \/>\n<meta property=\"og:site_name\" content=\"Loisir Electronique\" \/>\n<meta property=\"article:modified_time\" content=\"2026-03-28T12:52:42+00:00\" \/>\n<meta property=\"og:image\" content=\"http:\/\/loisirelectronique.com\/wp-content\/uploads\/2026\/03\/BH-Expert-4.0-2023-en-coloris-gris.jpg\" \/>\n\t<meta property=\"og:image:width\" content=\"1958\" \/>\n\t<meta property=\"og:image:height\" content=\"1331\" \/>\n\t<meta property=\"og:image:type\" content=\"image\/jpeg\" \/>\n<meta name=\"twitter:card\" content=\"summary_large_image\" \/>\n<meta name=\"twitter:label1\" content=\"Geschatte leestijd\" \/>\n\t<meta name=\"twitter:data1\" content=\"2 minuten\" \/>\n<script type=\"application\/ld+json\" class=\"yoast-schema-graph\">{\"@context\":\"https:\\\/\\\/schema.org\",\"@graph\":[{\"@type\":\"WebPage\",\"@id\":\"https:\\\/\\\/loisirelectronique.com\\\/produit\\\/bh-expert-4-0-shimano-deore-12v-29-gris-2023\\\/\",\"url\":\"https:\\\/\\\/loisirelectronique.com\\\/produit\\\/bh-expert-4-0-shimano-deore-12v-29-gris-2023\\\/\",\"name\":\"BH Expert 4.0 Shimano Deore 12V 29 \u00bb Gris 2023 - Loisir Electronique\",\"isPartOf\":{\"@id\":\"https:\\\/\\\/loisirelectronique.com\\\/#website\"},\"primaryImageOfPage\":{\"@id\":\"https:\\\/\\\/loisirelectronique.com\\\/produit\\\/bh-expert-4-0-shimano-deore-12v-29-gris-2023\\\/#primaryimage\"},\"image\":{\"@id\":\"https:\\\/\\\/loisirelectronique.com\\\/produit\\\/bh-expert-4-0-shimano-deore-12v-29-gris-2023\\\/#primaryimage\"},\"thumbnailUrl\":\"https:\\\/\\\/loisirelectronique.com\\\/wp-content\\\/uploads\\\/2026\\\/03\\\/BH-Expert-4.0-2023-en-coloris-gris.jpg\",\"datePublished\":\"2026-03-26T12:05:01+00:00\",\"dateModified\":\"2026-03-28T12:52:42+00:00\",\"description\":\"D\u00e9couvrez le BH Expert 4.0 chez Loisir \u00c9lectronique. Cadre aluminium l\u00e9ger, transmission Shimano Deore 12V et roues 29\\\". Le VTT id\u00e9al pour le cross-country sportif.\",\"breadcrumb\":{\"@id\":\"https:\\\/\\\/loisirelectronique.com\\\/produit\\\/bh-expert-4-0-shimano-deore-12v-29-gris-2023\\\/#breadcrumb\"},\"inLanguage\":\"nl-NL\",\"potentialAction\":[{\"@type\":\"ReadAction\",\"target\":[\"https:\\\/\\\/loisirelectronique.com\\\/produit\\\/bh-expert-4-0-shimano-deore-12v-29-gris-2023\\\/\"]}]},{\"@type\":\"ImageObject\",\"inLanguage\":\"nl-NL\",\"@id\":\"https:\\\/\\\/loisirelectronique.com\\\/produit\\\/bh-expert-4-0-shimano-deore-12v-29-gris-2023\\\/#primaryimage\",\"url\":\"https:\\\/\\\/loisirelectronique.com\\\/wp-content\\\/uploads\\\/2026\\\/03\\\/BH-Expert-4.0-2023-en-coloris-gris.jpg\",\"contentUrl\":\"https:\\\/\\\/loisirelectronique.com\\\/wp-content\\\/uploads\\\/2026\\\/03\\\/BH-Expert-4.0-2023-en-coloris-gris.jpg\",\"width\":1958,\"height\":1331,\"caption\":\"VTT BH Expert 4.0 2023 gris 29 pouces\"},{\"@type\":\"BreadcrumbList\",\"@id\":\"https:\\\/\\\/loisirelectronique.com\\\/produit\\\/bh-expert-4-0-shimano-deore-12v-29-gris-2023\\\/#breadcrumb\",\"itemListElement\":[{\"@type\":\"ListItem\",\"position\":1,\"name\":\"Accueil\",\"item\":\"https:\\\/\\\/loisirelectronique.com\\\/\"},{\"@type\":\"ListItem\",\"position\":2,\"name\":\"Boutique\",\"item\":\"https:\\\/\\\/loisirelectronique.com\\\/velos-electriques-accessoires-trottinettes\\\/\"},{\"@type\":\"ListItem\",\"position\":3,\"name\":\"BH Expert 4.0 Shimano Deore 12V 29 \u00bb Gris 2023\"}]},{\"@type\":\"WebSite\",\"@id\":\"https:\\\/\\\/loisirelectronique.com\\\/#website\",\"url\":\"https:\\\/\\\/loisirelectronique.com\\\/\",\"name\":\"Loisir Electronique\",\"description\":\"Innovation, qualit\u00e9, performance\",\"publisher\":{\"@id\":\"https:\\\/\\\/loisirelectronique.com\\\/#organization\"},\"potentialAction\":[{\"@type\":\"SearchAction\",\"target\":{\"@type\":\"EntryPoint\",\"urlTemplate\":\"https:\\\/\\\/loisirelectronique.com\\\/?s={search_term_string}\"},\"query-input\":{\"@type\":\"PropertyValueSpecification\",\"valueRequired\":true,\"valueName\":\"search_term_string\"}}],\"inLanguage\":\"nl-NL\"},{\"@type\":\"Organization\",\"@id\":\"https:\\\/\\\/loisirelectronique.com\\\/#organization\",\"name\":\"Loisir Electronique\",\"url\":\"https:\\\/\\\/loisirelectronique.com\\\/\",\"logo\":{\"@type\":\"ImageObject\",\"inLanguage\":\"nl-NL\",\"@id\":\"https:\\\/\\\/loisirelectronique.com\\\/#\\\/schema\\\/logo\\\/image\\\/\",\"url\":\"http:\\\/\\\/loisirelectronique.com\\\/wp-content\\\/uploads\\\/2026\\\/03\\\/IMG-20260325-WA00112.jpg\",\"contentUrl\":\"http:\\\/\\\/loisirelectronique.com\\\/wp-content\\\/uploads\\\/2026\\\/03\\\/IMG-20260325-WA00112.jpg\",\"width\":418,\"height\":124,\"caption\":\"Loisir Electronique\"},\"image\":{\"@id\":\"https:\\\/\\\/loisirelectronique.com\\\/#\\\/schema\\\/logo\\\/image\\\/\"}}]}<\/script>\n<!-- \/ Yoast SEO plugin. -->","yoast_head_json":{"title":"BH Expert 4.0 Shimano Deore 12V 29 \u00bb Gris 2023 - Loisir Electronique","description":"D\u00e9couvrez le BH Expert 4.0 chez Loisir \u00c9lectronique. Cadre aluminium l\u00e9ger, transmission Shimano Deore 12V et roues 29\". Le VTT id\u00e9al pour le cross-country sportif.","robots":{"index":"index","follow":"follow","max-snippet":"max-snippet:-1","max-image-preview":"max-image-preview:large","max-video-preview":"max-video-preview:-1"},"canonical":"https:\/\/loisirelectronique.com\/nl\/product\/bh-expert-4-0-shimano-deore-12v-29-gris-2023\/","og_locale":"nl_NL","og_type":"article","og_title":"BH Expert 4.0 Shimano Deore 12V 29 \u00bb Gris 2023 - Loisir Electronique","og_description":"D\u00e9couvrez le BH Expert 4.0 chez Loisir \u00c9lectronique. Cadre aluminium l\u00e9ger, transmission Shimano Deore 12V et roues 29\". Le VTT id\u00e9al pour le cross-country sportif.","og_url":"https:\/\/loisirelectronique.com\/nl\/product\/bh-expert-4-0-shimano-deore-12v-29-gris-2023\/","og_site_name":"Loisir Electronique","article_modified_time":"2026-03-28T12:52:42+00:00","og_image":[{"width":1958,"height":1331,"url":"http:\/\/loisirelectronique.com\/wp-content\/uploads\/2026\/03\/BH-Expert-4.0-2023-en-coloris-gris.jpg","type":"image\/jpeg"}],"twitter_card":"summary_large_image","twitter_misc":{"Geschatte leestijd":"2 minuten"},"schema":{"@context":"https:\/\/schema.org","@graph":[{"@type":"WebPage","@id":"https:\/\/loisirelectronique.com\/produit\/bh-expert-4-0-shimano-deore-12v-29-gris-2023\/","url":"https:\/\/loisirelectronique.com\/produit\/bh-expert-4-0-shimano-deore-12v-29-gris-2023\/","name":"BH Expert 4.0 Shimano Deore 12V 29 \u00bb Gris 2023 - Loisir Electronique","isPartOf":{"@id":"https:\/\/loisirelectronique.com\/#website"},"primaryImageOfPage":{"@id":"https:\/\/loisirelectronique.com\/produit\/bh-expert-4-0-shimano-deore-12v-29-gris-2023\/#primaryimage"},"image":{"@id":"https:\/\/loisirelectronique.com\/produit\/bh-expert-4-0-shimano-deore-12v-29-gris-2023\/#primaryimage"},"thumbnailUrl":"https:\/\/loisirelectronique.com\/wp-content\/uploads\/2026\/03\/BH-Expert-4.0-2023-en-coloris-gris.jpg","datePublished":"2026-03-26T12:05:01+00:00","dateModified":"2026-03-28T12:52:42+00:00","description":"D\u00e9couvrez le BH Expert 4.0 chez Loisir \u00c9lectronique. Cadre aluminium l\u00e9ger, transmission Shimano Deore 12V et roues 29\". Le VTT id\u00e9al pour le cross-country sportif.","breadcrumb":{"@id":"https:\/\/loisirelectronique.com\/produit\/bh-expert-4-0-shimano-deore-12v-29-gris-2023\/#breadcrumb"},"inLanguage":"nl-NL","potentialAction":[{"@type":"ReadAction","target":["https:\/\/loisirelectronique.com\/produit\/bh-expert-4-0-shimano-deore-12v-29-gris-2023\/"]}]},{"@type":"ImageObject","inLanguage":"nl-NL","@id":"https:\/\/loisirelectronique.com\/produit\/bh-expert-4-0-shimano-deore-12v-29-gris-2023\/#primaryimage","url":"https:\/\/loisirelectronique.com\/wp-content\/uploads\/2026\/03\/BH-Expert-4.0-2023-en-coloris-gris.jpg","contentUrl":"https:\/\/loisirelectronique.com\/wp-content\/uploads\/2026\/03\/BH-Expert-4.0-2023-en-coloris-gris.jpg","width":1958,"height":1331,"caption":"VTT BH Expert 4.0 2023 gris 29 pouces"},{"@type":"BreadcrumbList","@id":"https:\/\/loisirelectronique.com\/produit\/bh-expert-4-0-shimano-deore-12v-29-gris-2023\/#breadcrumb","itemListElement":[{"@type":"ListItem","position":1,"name":"Accueil","item":"https:\/\/loisirelectronique.com\/"},{"@type":"ListItem","position":2,"name":"Boutique","item":"https:\/\/loisirelectronique.com\/velos-electriques-accessoires-trottinettes\/"},{"@type":"ListItem","position":3,"name":"BH Expert 4.0 Shimano Deore 12V 29 \u00bb Gris 2023"}]},{"@type":"WebSite","@id":"https:\/\/loisirelectronique.com\/#website","url":"https:\/\/loisirelectronique.com\/","name":"Loisir Electronique","description":"Innovation, qualit\u00e9, performance","publisher":{"@id":"https:\/\/loisirelectronique.com\/#organization"},"potentialAction":[{"@type":"SearchAction","target":{"@type":"EntryPoint","urlTemplate":"https:\/\/loisirelectronique.com\/?s={search_term_string}"},"query-input":{"@type":"PropertyValueSpecification","valueRequired":true,"valueName":"search_term_string"}}],"inLanguage":"nl-NL"},{"@type":"Organization","@id":"https:\/\/loisirelectronique.com\/#organization","name":"Loisir Electronique","url":"https:\/\/loisirelectronique.com\/","logo":{"@type":"ImageObject","inLanguage":"nl-NL","@id":"https:\/\/loisirelectronique.com\/#\/schema\/logo\/image\/","url":"http:\/\/loisirelectronique.com\/wp-content\/uploads\/2026\/03\/IMG-20260325-WA00112.jpg","contentUrl":"http:\/\/loisirelectronique.com\/wp-content\/uploads\/2026\/03\/IMG-20260325-WA00112.jpg","width":418,"height":124,"caption":"Loisir Electronique"},"image":{"@id":"https:\/\/loisirelectronique.com\/#\/schema\/logo\/image\/"}}]}},"jetpack_sharing_enabled":true,"_links":{"self":[{"href":"https:\/\/loisirelectronique.com\/nl\/wp-json\/wp\/v2\/product\/131","targetHints":{"allow":["GET"]}}],"collection":[{"href":"https:\/\/loisirelectronique.com\/nl\/wp-json\/wp\/v2\/product"}],"about":[{"href":"https:\/\/loisirelectronique.com\/nl\/wp-json\/wp\/v2\/types\/product"}],"replies":[{"embeddable":true,"href":"https:\/\/loisirelectronique.com\/nl\/wp-json\/wp\/v2\/comments?post=131"}],"version-history":[{"count":1,"href":"https:\/\/loisirelectronique.com\/nl\/wp-json\/wp\/v2\/product\/131\/revisions"}],"predecessor-version":[{"id":29384,"href":"https:\/\/loisirelectronique.com\/nl\/wp-json\/wp\/v2\/product\/131\/revisions\/29384"}],"wp:featuredmedia":[{"embeddable":true,"href":"https:\/\/loisirelectronique.com\/nl\/wp-json\/wp\/v2\/media\/133"}],"wp:attachment":[{"href":"https:\/\/loisirelectronique.com\/nl\/wp-json\/wp\/v2\/media?parent=131"}],"wp:term":[{"taxonomy":"product_brand","embeddable":true,"href":"https:\/\/loisirelectronique.com\/nl\/wp-json\/wp\/v2\/product_brand?post=131"},{"taxonomy":"product_cat","embeddable":true,"href":"https:\/\/loisirelectronique.com\/nl\/wp-json\/wp\/v2\/product_cat?post=131"},{"taxonomy":"product_tag","embeddable":true,"href":"https:\/\/loisirelectronique.com\/nl\/wp-json\/wp\/v2\/product_tag?post=131"}],"curies":[{"name":"wp","href":"https:\/\/api.w.org\/{rel}","templated":true}]}}