{"id":121,"date":"2026-03-26T11:25:10","date_gmt":"2026-03-26T11:25:10","guid":{"rendered":"https:\/\/loisirelectronique.com\/?post_type=product&#038;p=121"},"modified":"2026-04-18T16:19:49","modified_gmt":"2026-04-18T16:19:49","slug":"bmc-twostroke-al-one-vert-poison-2023","status":"publish","type":"product","link":"https:\/\/loisirelectronique.com\/nl\/product\/bmc-twostroke-al-one-vert-poison-2023\/","title":{"rendered":"BMC Twostroke AL One Vert Poison 2023"},"content":{"rendered":"<h1 class=\"heading-title-text\" data-titleproductread=\"\">VTT Semi-Rigide BMC Twostroke AL One Sram NX Eagle 12V 29\u00a0\u00bb Vert Poison 2023<\/h1>\n<p><a href=\"https:\/\/loisirelectronique.com\/nl\/product\/bmc-twostroke-al\u2026vert-poison-2023\/\">BMC Twostroke AL One Vert Poison 2023<\/a><\/p>\n<div class=\"col col-sm-12 col-md-12 col-lg-12\">\n<p>Pour tout donner sur les circuits de XCO ou pour \u00e9tablir un nouveau record personnel sur la mont\u00e9e la plus raide de la r\u00e9gion, le BMC Twostroke AL assure les arri\u00e8res des adeptes de cross-country. Incarnant une nouvelle vision du semi-rigide, ce v\u00e9lo de XC nouvelle g\u00e9n\u00e9ration est non seulement un grimpeur efficace, mais il est aussi con\u00e7u pour vous procurer contr\u00f4le et confiance m\u00eame sur les sentiers les plus techniques et exigeants. Le\u00a0<strong>Twostroke AL One<\/strong>\u00a0est dot\u00e9 d\u2019un cadre en aluminium \u00e9pur\u00e9, h\u00e9ritier direct du Fourstroke \u00e9prouv\u00e9 en course avec un design inspir\u00e9 des avions furtifs pour cr\u00e9er l\u2019alliance id\u00e9ale entre performance, efficacit\u00e9 et esth\u00e9tique.<\/p>\n<p>Le passage totalement interne et guid\u00e9 des c\u00e2bles facilite l\u2019installation et conf\u00e8re au v\u00e9lo\u00a0<strong>une esth\u00e9tique \u00e9pur\u00e9e<\/strong>. Un adaptateur d\u00e9di\u00e9 permet m\u00eame d\u2019installer une tige de selle t\u00e9lescopique de 27.2 mm en gardant un passage de c\u00e2bles discret. Les caches moul\u00e9s sur les bases arri\u00e8re, un guide-cha\u00eene int\u00e9gr\u00e9 et une protection transparente sur le tube diagonal assurent sa\u00a0<strong>durabilit\u00e9 et un design \u00e9l\u00e9gant<\/strong>.<\/p>\n<p>Partez \u00e0 la conqu\u00eate des terrains les plus meubles et escarp\u00e9s avec une r\u00e9partition du poids id\u00e9ale : angle de chasse de 67\u00b0, partie avant longue et angle de selle de 75\u00b0. Gr\u00e2ce \u00e0 la technologie Tuned Compliance Concept (TCC), survolez les routes les plus chaotiques et d\u00e9passez-vous dans l\u2019effort, pour aller toujours plus loin.\u00a0<strong>Un \u00e9quilibre parfait entre confort et performance<\/strong>, pour une utilisation \u00e0 la fois souple et rapide. Le cadre offre un large d\u00e9gagement de pneu, ce qui le rend compatible avec la nouvelle g\u00e9n\u00e9ration de pneus de XC larges.<\/p>\n<\/div>\n<div class=\"prodsheet_bullets col col-sm-8 col-md-8 col-lg-8\">\n<h4>LES\u00a0<a href=\"http:\/\/1.0.0.1\/\">+<\/a>\u00a0PRODUIT :<\/h4>\n<ul>\n<li>Un semi-rigide con\u00e7u pour vous mener loin.<\/li>\n<li>Cadre en aluminium \u00e9pur\u00e9, dot\u00e9 de la technologie Tuned Compliance Concept (TCC).<\/li>\n<li>Transmission Sram NX Eagle 1\u00d712-vitesses.<\/li>\n<li>Freins \u00e0 disque hydrauliques Sram Level T.<\/li>\n<\/ul>\n<\/div>\n<div class=\"prodsheet_specs1 col col-sm-12 col-md-12 col-lg-12\">\n<h4>D\u00c9TAILS :<\/h4>\n<table class=\"table table-striped\">\n<tbody>\n<tr>\n<td>Cadre<\/td>\n<td>Aluminium : Twostroke AL Premium Aluminium, Hydroformed Smoothwelded, Internal Cable Routing, BSA Threaded Bottom Bracket, Post Mount Disc, Tire Clearance: 58 mm (Measured Width)<\/td>\n<\/tr>\n<tr>\n<td>Fourche<\/td>\n<td>Rockshox Recon RL<\/td>\n<\/tr>\n<tr>\n<td>Manette de d\u00e9railleur<\/td>\n<td>Sram NX Eagle, 1\u00d712-vitesses<\/td>\n<\/tr>\n<tr>\n<td>D\u00e9railleur arri\u00e8re<\/td>\n<td>Sram NX Eagle, 12-vitesses<\/td>\n<\/tr>\n<tr>\n<td>Cassette<\/td>\n<td>Sram NX Eagle, 11-50 Dents<\/td>\n<\/tr>\n<tr>\n<td>Cha\u00eene<\/td>\n<td>Sram SX Eagle<\/td>\n<\/tr>\n<tr>\n<td>P\u00e9dalier<\/td>\n<td>Sram NX Eagle, 32 Dents<\/td>\n<\/tr>\n<tr>\n<td>Bo\u00eetier de p\u00e9dalier<\/td>\n<td>BSA Threaded BB<\/td>\n<\/tr>\n<tr>\n<td>Freins<\/td>\n<td>Sram Level T, Hydr. Disc Brake, Sram Centerline Rotors (160\/160 tailles S-M, 180\/160 tailles L-XL)<\/td>\n<\/tr>\n<tr>\n<td>Roues<\/td>\n<td>Jantes : SHL28OS, 25 mm Inner Width \/ Moyeux : Shimano MT400<\/td>\n<\/tr>\n<tr>\n<td>Pneus<\/td>\n<td>Vittoria Barzo, 55-622, 29\u00d72.25\u2033<\/td>\n<\/tr>\n<tr>\n<td>Guidon<\/td>\n<td>BMC MFB03 Alloy 750 mm, 4 mm rise, 9\u00b0 backsweep<\/td>\n<\/tr>\n<tr>\n<td>Potence<\/td>\n<td>Forged 6061 Alloy, 0\u00b0<\/td>\n<\/tr>\n<tr>\n<td>Selle<\/td>\n<td>Selle Royal Seta<\/td>\n<\/tr>\n<tr>\n<td>Tige de selle<\/td>\n<td>BMC MSP03, 31.6 mm, 0 mm offset<\/td>\n<\/tr>\n<tr>\n<td>Poids<\/td>\n<td>\u2014<\/td>\n<\/tr>\n<tr>\n<td>Coloris<\/td>\n<td>Poison Green \/ Black<\/td>\n<\/tr>\n<\/tbody>\n<\/table>\n<\/div>","protected":false},"excerpt":{"rendered":"<div class=\"custom-product-box\">\n<p class=\"highlight\">\ud83d\udd25 VTT en vogue cet \u00e9t\u00e9 pour les sorties sportives et loisirs<\/p>\n<p>\ud83d\udcc8 Mod\u00e8le appr\u00e9ci\u00e9 pour son comportement dynamique sur terrains vari\u00e9s<\/p>\n<p>\u2b50 Note moyenne : 4.7\/5<\/p>\n<p>\ud83d\ude9a Livraison rapide avec suivi complet<\/p>\n<p>\ud83d\udce6 Toutes tailles et s\u00e9ries actuellement disponibles<\/p>\n<p class=\"highlight\">\u26a1 Produit souvent choisi pour pratique r\u00e9guli\u00e8re et progression en VTT<\/p>\n<\/div>\n<h1 class=\"heading-title-text\" data-titleproductread=\"\">VTT Semi-Rigide BMC Twostroke AL One Sram NX Eagle 12V 29\u00a0\u00bb Vert Poison 2023<\/h1>\n<p><a href=\"https:\/\/loisirelectronique.com\/nl\/product\/bmc-twostroke-al\u2026vert-poison-2023\/\">BMC Twostroke AL One Vert Poison 2023<\/a><\/p>\n<div class=\"col col-sm-12 col-md-12 col-lg-12\">\n<p>Pour tout donner sur les circuits de XCO ou pour \u00e9tablir un nouveau record personnel sur la mont\u00e9e la plus raide de la r\u00e9gion, le BMC Twostroke AL assure les arri\u00e8res des adeptes de cross-country. Incarnant une nouvelle vision du semi-rigide, ce v\u00e9lo de XC nouvelle g\u00e9n\u00e9ration est non seulement un grimpeur efficace, mais il est aussi con\u00e7u pour vous procurer contr\u00f4le et confiance m\u00eame sur les sentiers les plus techniques et exigeants. Le\u00a0<strong>Twostroke AL One<\/strong>\u00a0est dot\u00e9 d\u2019un cadre en aluminium \u00e9pur\u00e9, h\u00e9ritier direct du Fourstroke \u00e9prouv\u00e9 en course avec un design inspir\u00e9 des avions furtifs pour cr\u00e9er l\u2019alliance id\u00e9ale entre performance, efficacit\u00e9 et esth\u00e9tique.<\/p>\n<\/div>","protected":false},"featured_media":125,"comment_status":"open","ping_status":"closed","template":"","meta":[],"product_brand":[50],"product_cat":[44,46],"product_tag":[],"class_list":{"0":"post-121","1":"product","2":"type-product","3":"status-publish","4":"has-post-thumbnail","6":"product_brand-bmc","7":"product_cat-velos","8":"product_cat-vtt","10":"first","11":"instock","12":"sale","13":"taxable","14":"shipping-taxable","15":"purchasable","16":"product-type-simple"},"yoast_head":"<!-- This site is optimized with the Yoast SEO plugin v27.5 - https:\/\/yoast.com\/product\/yoast-seo-wordpress\/ -->\n<title>BMC Twostroke AL One Vert Poison 2023 - Loisir Electronique<\/title>\n<meta name=\"description\" content=\"Dominez les pentes avec le BMC Twostroke AL One, con\u00e7u pour le cross-country. Ne manquez pas l\u2019occasion de vous surpasser ! \ud83d\udeb4\" \/>\n<meta name=\"robots\" content=\"index, follow, max-snippet:-1, max-image-preview:large, max-video-preview:-1\" \/>\n<link rel=\"canonical\" href=\"https:\/\/loisirelectronique.com\/nl\/product\/bmc-twostroke-al-one-vert-poison-2023\/\" \/>\n<meta property=\"og:locale\" content=\"nl_NL\" \/>\n<meta property=\"og:type\" content=\"article\" \/>\n<meta property=\"og:title\" content=\"BMC Twostroke AL One Vert Poison 2023 - Loisir Electronique\" \/>\n<meta property=\"og:description\" content=\"Dominez les pentes avec le BMC Twostroke AL One, con\u00e7u pour le cross-country. Ne manquez pas l\u2019occasion de vous surpasser ! \ud83d\udeb4\" \/>\n<meta property=\"og:url\" content=\"https:\/\/loisirelectronique.com\/nl\/product\/bmc-twostroke-al-one-vert-poison-2023\/\" \/>\n<meta property=\"og:site_name\" content=\"Loisir Electronique\" \/>\n<meta property=\"article:modified_time\" content=\"2026-04-18T16:19:49+00:00\" \/>\n<meta property=\"og:image\" content=\"http:\/\/loisirelectronique.com\/wp-content\/uploads\/2026\/03\/BMC-Twostroke-AL-One-2023-Vert-Poison.jpg\" \/>\n\t<meta property=\"og:image:width\" content=\"2000\" \/>\n\t<meta property=\"og:image:height\" content=\"1359\" \/>\n\t<meta property=\"og:image:type\" content=\"image\/jpeg\" \/>\n<meta name=\"twitter:card\" content=\"summary_large_image\" \/>\n<meta name=\"twitter:label1\" content=\"Geschatte leestijd\" \/>\n\t<meta name=\"twitter:data1\" content=\"3 minuten\" \/>\n<script type=\"application\/ld+json\" class=\"yoast-schema-graph\">{\"@context\":\"https:\\\/\\\/schema.org\",\"@graph\":[{\"@type\":\"WebPage\",\"@id\":\"https:\\\/\\\/loisirelectronique.com\\\/produit\\\/bmc-twostroke-al-one-vert-poison-2023\\\/\",\"url\":\"https:\\\/\\\/loisirelectronique.com\\\/produit\\\/bmc-twostroke-al-one-vert-poison-2023\\\/\",\"name\":\"BMC Twostroke AL One Vert Poison 2023 - Loisir Electronique\",\"isPartOf\":{\"@id\":\"https:\\\/\\\/loisirelectronique.com\\\/#website\"},\"primaryImageOfPage\":{\"@id\":\"https:\\\/\\\/loisirelectronique.com\\\/produit\\\/bmc-twostroke-al-one-vert-poison-2023\\\/#primaryimage\"},\"image\":{\"@id\":\"https:\\\/\\\/loisirelectronique.com\\\/produit\\\/bmc-twostroke-al-one-vert-poison-2023\\\/#primaryimage\"},\"thumbnailUrl\":\"https:\\\/\\\/loisirelectronique.com\\\/wp-content\\\/uploads\\\/2026\\\/03\\\/BMC-Twostroke-AL-One-2023-Vert-Poison.jpg\",\"datePublished\":\"2026-03-26T11:25:10+00:00\",\"dateModified\":\"2026-04-18T16:19:49+00:00\",\"description\":\"Dominez les pentes avec le BMC Twostroke AL One, con\u00e7u pour le cross-country. Ne manquez pas l\u2019occasion de vous surpasser ! \ud83d\udeb4\",\"breadcrumb\":{\"@id\":\"https:\\\/\\\/loisirelectronique.com\\\/produit\\\/bmc-twostroke-al-one-vert-poison-2023\\\/#breadcrumb\"},\"inLanguage\":\"nl-NL\",\"potentialAction\":[{\"@type\":\"ReadAction\",\"target\":[\"https:\\\/\\\/loisirelectronique.com\\\/produit\\\/bmc-twostroke-al-one-vert-poison-2023\\\/\"]}]},{\"@type\":\"ImageObject\",\"inLanguage\":\"nl-NL\",\"@id\":\"https:\\\/\\\/loisirelectronique.com\\\/produit\\\/bmc-twostroke-al-one-vert-poison-2023\\\/#primaryimage\",\"url\":\"https:\\\/\\\/loisirelectronique.com\\\/wp-content\\\/uploads\\\/2026\\\/03\\\/BMC-Twostroke-AL-One-2023-Vert-Poison.jpg\",\"contentUrl\":\"https:\\\/\\\/loisirelectronique.com\\\/wp-content\\\/uploads\\\/2026\\\/03\\\/BMC-Twostroke-AL-One-2023-Vert-Poison.jpg\",\"width\":2000,\"height\":1359,\"caption\":\"BMC Twostroke AL One 2023 \u2013 un VTT performant au design Vert Poison\"},{\"@type\":\"BreadcrumbList\",\"@id\":\"https:\\\/\\\/loisirelectronique.com\\\/produit\\\/bmc-twostroke-al-one-vert-poison-2023\\\/#breadcrumb\",\"itemListElement\":[{\"@type\":\"ListItem\",\"position\":1,\"name\":\"Accueil\",\"item\":\"https:\\\/\\\/loisirelectronique.com\\\/\"},{\"@type\":\"ListItem\",\"position\":2,\"name\":\"Boutique\",\"item\":\"https:\\\/\\\/loisirelectronique.com\\\/velos-electriques-accessoires-trottinettes\\\/\"},{\"@type\":\"ListItem\",\"position\":3,\"name\":\"BMC Twostroke AL One Vert Poison 2023\"}]},{\"@type\":\"WebSite\",\"@id\":\"https:\\\/\\\/loisirelectronique.com\\\/#website\",\"url\":\"https:\\\/\\\/loisirelectronique.com\\\/\",\"name\":\"Loisir Electronique\",\"description\":\"Innovation, qualit\u00e9, performance\",\"publisher\":{\"@id\":\"https:\\\/\\\/loisirelectronique.com\\\/#organization\"},\"potentialAction\":[{\"@type\":\"SearchAction\",\"target\":{\"@type\":\"EntryPoint\",\"urlTemplate\":\"https:\\\/\\\/loisirelectronique.com\\\/?s={search_term_string}\"},\"query-input\":{\"@type\":\"PropertyValueSpecification\",\"valueRequired\":true,\"valueName\":\"search_term_string\"}}],\"inLanguage\":\"nl-NL\"},{\"@type\":\"Organization\",\"@id\":\"https:\\\/\\\/loisirelectronique.com\\\/#organization\",\"name\":\"Loisir Electronique\",\"url\":\"https:\\\/\\\/loisirelectronique.com\\\/\",\"logo\":{\"@type\":\"ImageObject\",\"inLanguage\":\"nl-NL\",\"@id\":\"https:\\\/\\\/loisirelectronique.com\\\/#\\\/schema\\\/logo\\\/image\\\/\",\"url\":\"http:\\\/\\\/loisirelectronique.com\\\/wp-content\\\/uploads\\\/2026\\\/03\\\/IMG-20260325-WA00112.jpg\",\"contentUrl\":\"http:\\\/\\\/loisirelectronique.com\\\/wp-content\\\/uploads\\\/2026\\\/03\\\/IMG-20260325-WA00112.jpg\",\"width\":418,\"height\":124,\"caption\":\"Loisir Electronique\"},\"image\":{\"@id\":\"https:\\\/\\\/loisirelectronique.com\\\/#\\\/schema\\\/logo\\\/image\\\/\"}}]}<\/script>\n<!-- \/ Yoast SEO plugin. -->","yoast_head_json":{"title":"BMC Twostroke AL One Vert Poison 2023 - Loisir Electronique","description":"Dominez les pentes avec le BMC Twostroke AL One, con\u00e7u pour le cross-country. Ne manquez pas l\u2019occasion de vous surpasser ! \ud83d\udeb4","robots":{"index":"index","follow":"follow","max-snippet":"max-snippet:-1","max-image-preview":"max-image-preview:large","max-video-preview":"max-video-preview:-1"},"canonical":"https:\/\/loisirelectronique.com\/nl\/product\/bmc-twostroke-al-one-vert-poison-2023\/","og_locale":"nl_NL","og_type":"article","og_title":"BMC Twostroke AL One Vert Poison 2023 - Loisir Electronique","og_description":"Dominez les pentes avec le BMC Twostroke AL One, con\u00e7u pour le cross-country. Ne manquez pas l\u2019occasion de vous surpasser ! \ud83d\udeb4","og_url":"https:\/\/loisirelectronique.com\/nl\/product\/bmc-twostroke-al-one-vert-poison-2023\/","og_site_name":"Loisir Electronique","article_modified_time":"2026-04-18T16:19:49+00:00","og_image":[{"width":2000,"height":1359,"url":"http:\/\/loisirelectronique.com\/wp-content\/uploads\/2026\/03\/BMC-Twostroke-AL-One-2023-Vert-Poison.jpg","type":"image\/jpeg"}],"twitter_card":"summary_large_image","twitter_misc":{"Geschatte leestijd":"3 minuten"},"schema":{"@context":"https:\/\/schema.org","@graph":[{"@type":"WebPage","@id":"https:\/\/loisirelectronique.com\/produit\/bmc-twostroke-al-one-vert-poison-2023\/","url":"https:\/\/loisirelectronique.com\/produit\/bmc-twostroke-al-one-vert-poison-2023\/","name":"BMC Twostroke AL One Vert Poison 2023 - Loisir Electronique","isPartOf":{"@id":"https:\/\/loisirelectronique.com\/#website"},"primaryImageOfPage":{"@id":"https:\/\/loisirelectronique.com\/produit\/bmc-twostroke-al-one-vert-poison-2023\/#primaryimage"},"image":{"@id":"https:\/\/loisirelectronique.com\/produit\/bmc-twostroke-al-one-vert-poison-2023\/#primaryimage"},"thumbnailUrl":"https:\/\/loisirelectronique.com\/wp-content\/uploads\/2026\/03\/BMC-Twostroke-AL-One-2023-Vert-Poison.jpg","datePublished":"2026-03-26T11:25:10+00:00","dateModified":"2026-04-18T16:19:49+00:00","description":"Dominez les pentes avec le BMC Twostroke AL One, con\u00e7u pour le cross-country. Ne manquez pas l\u2019occasion de vous surpasser ! \ud83d\udeb4","breadcrumb":{"@id":"https:\/\/loisirelectronique.com\/produit\/bmc-twostroke-al-one-vert-poison-2023\/#breadcrumb"},"inLanguage":"nl-NL","potentialAction":[{"@type":"ReadAction","target":["https:\/\/loisirelectronique.com\/produit\/bmc-twostroke-al-one-vert-poison-2023\/"]}]},{"@type":"ImageObject","inLanguage":"nl-NL","@id":"https:\/\/loisirelectronique.com\/produit\/bmc-twostroke-al-one-vert-poison-2023\/#primaryimage","url":"https:\/\/loisirelectronique.com\/wp-content\/uploads\/2026\/03\/BMC-Twostroke-AL-One-2023-Vert-Poison.jpg","contentUrl":"https:\/\/loisirelectronique.com\/wp-content\/uploads\/2026\/03\/BMC-Twostroke-AL-One-2023-Vert-Poison.jpg","width":2000,"height":1359,"caption":"BMC Twostroke AL One 2023 \u2013 un VTT performant au design Vert Poison"},{"@type":"BreadcrumbList","@id":"https:\/\/loisirelectronique.com\/produit\/bmc-twostroke-al-one-vert-poison-2023\/#breadcrumb","itemListElement":[{"@type":"ListItem","position":1,"name":"Accueil","item":"https:\/\/loisirelectronique.com\/"},{"@type":"ListItem","position":2,"name":"Boutique","item":"https:\/\/loisirelectronique.com\/velos-electriques-accessoires-trottinettes\/"},{"@type":"ListItem","position":3,"name":"BMC Twostroke AL One Vert Poison 2023"}]},{"@type":"WebSite","@id":"https:\/\/loisirelectronique.com\/#website","url":"https:\/\/loisirelectronique.com\/","name":"Loisir Electronique","description":"Innovation, qualit\u00e9, performance","publisher":{"@id":"https:\/\/loisirelectronique.com\/#organization"},"potentialAction":[{"@type":"SearchAction","target":{"@type":"EntryPoint","urlTemplate":"https:\/\/loisirelectronique.com\/?s={search_term_string}"},"query-input":{"@type":"PropertyValueSpecification","valueRequired":true,"valueName":"search_term_string"}}],"inLanguage":"nl-NL"},{"@type":"Organization","@id":"https:\/\/loisirelectronique.com\/#organization","name":"Loisir Electronique","url":"https:\/\/loisirelectronique.com\/","logo":{"@type":"ImageObject","inLanguage":"nl-NL","@id":"https:\/\/loisirelectronique.com\/#\/schema\/logo\/image\/","url":"http:\/\/loisirelectronique.com\/wp-content\/uploads\/2026\/03\/IMG-20260325-WA00112.jpg","contentUrl":"http:\/\/loisirelectronique.com\/wp-content\/uploads\/2026\/03\/IMG-20260325-WA00112.jpg","width":418,"height":124,"caption":"Loisir Electronique"},"image":{"@id":"https:\/\/loisirelectronique.com\/#\/schema\/logo\/image\/"}}]}},"jetpack_sharing_enabled":true,"_links":{"self":[{"href":"https:\/\/loisirelectronique.com\/nl\/wp-json\/wp\/v2\/product\/121","targetHints":{"allow":["GET"]}}],"collection":[{"href":"https:\/\/loisirelectronique.com\/nl\/wp-json\/wp\/v2\/product"}],"about":[{"href":"https:\/\/loisirelectronique.com\/nl\/wp-json\/wp\/v2\/types\/product"}],"replies":[{"embeddable":true,"href":"https:\/\/loisirelectronique.com\/nl\/wp-json\/wp\/v2\/comments?post=121"}],"version-history":[{"count":3,"href":"https:\/\/loisirelectronique.com\/nl\/wp-json\/wp\/v2\/product\/121\/revisions"}],"predecessor-version":[{"id":30727,"href":"https:\/\/loisirelectronique.com\/nl\/wp-json\/wp\/v2\/product\/121\/revisions\/30727"}],"wp:featuredmedia":[{"embeddable":true,"href":"https:\/\/loisirelectronique.com\/nl\/wp-json\/wp\/v2\/media\/125"}],"wp:attachment":[{"href":"https:\/\/loisirelectronique.com\/nl\/wp-json\/wp\/v2\/media?parent=121"}],"wp:term":[{"taxonomy":"product_brand","embeddable":true,"href":"https:\/\/loisirelectronique.com\/nl\/wp-json\/wp\/v2\/product_brand?post=121"},{"taxonomy":"product_cat","embeddable":true,"href":"https:\/\/loisirelectronique.com\/nl\/wp-json\/wp\/v2\/product_cat?post=121"},{"taxonomy":"product_tag","embeddable":true,"href":"https:\/\/loisirelectronique.com\/nl\/wp-json\/wp\/v2\/product_tag?post=121"}],"curies":[{"name":"wp","href":"https:\/\/api.w.org\/{rel}","templated":true}]}}