{"id":52,"date":"2026-03-25T17:49:29","date_gmt":"2026-03-25T17:49:29","guid":{"rendered":"https:\/\/loisirelectronique.com\/?page_id=52"},"modified":"2026-03-29T15:22:20","modified_gmt":"2026-03-29T15:22:20","slug":"droit-de-retractation","status":"publish","type":"page","link":"https:\/\/loisirelectronique.com\/nl\/droit-de-retractation\/","title":{"rendered":"Droit de retractation"},"content":{"rendered":"<h1 class=\"wp-block-heading\">\u2696\ufe0f Droit de r\u00e9tractation<\/h1>\n\n\n\n<p>Conform\u00e9ment aux&nbsp;<strong>articles L.221-18 et suivants du Code de la consommation<\/strong>, vous b\u00e9n\u00e9ficiez d\u2019un&nbsp;<strong>droit de r\u00e9tractation de 14 jours<\/strong>&nbsp;\u00e0 compter de la r\u00e9ception de vos produits, sans avoir \u00e0 fournir de justification ni \u00e0 payer de p\u00e9nalit\u00e9s.<\/p>\n\n\n\n<hr class=\"wp-block-separator has-alpha-channel-opacity\"\/>\n\n\n\n<h2 class=\"wp-block-heading\">\ud83d\udcdd Comment exercer votre droit de r\u00e9tractation<\/h2>\n\n\n\n<p>Pour exercer votre droit de r\u00e9tractation, vous devez :<\/p>\n\n\n\n<ol class=\"wp-block-list\">\n<li><strong>Informer Loisir Electronique<\/strong>&nbsp;de votre d\u00e9cision dans un d\u00e9lai de 14 jours apr\u00e8s r\u00e9ception du produit, par :\n<ul class=\"wp-block-list\">\n<li>\ud83d\udce7&nbsp;<strong>E-mail :<\/strong>&nbsp;<a>contact@loisirelectronique.com<\/a><\/li>\n\n\n\n<li>\ud83d\udcde\u00a0<strong>T\u00e9l\u00e9phone :<\/strong>\u00a0<strong>+33\u00a0767343411<\/strong><\/li>\n<\/ul>\n<\/li>\n\n\n\n<li><strong>Indiquer clairement<\/strong>&nbsp;les produits concern\u00e9s et votre volont\u00e9 de vous r\u00e9tracter.<\/li>\n<\/ol>\n\n\n\n<blockquote class=\"wp-block-quote is-layout-flow wp-block-quote-is-layout-flow\">\n<p>Les modalit\u00e9s pratiques de&nbsp;<strong>retour des produits et de remboursement<\/strong>&nbsp;sont d\u00e9taill\u00e9es sur les pages d\u00e9di\u00e9es&nbsp;<strong>\u201c<a href=\"https:\/\/loisirelectronique.com\/nl\/retour-produit\/\">Retour<\/a>\u201d<\/strong>&nbsp;et&nbsp;<strong>\u201c<a href=\"https:\/\/loisirelectronique.com\/nl\/remboursement\/\">Remboursement<\/a>\u201d<\/strong>.<\/p>\n<\/blockquote>\n\n\n\n<hr class=\"wp-block-separator has-alpha-channel-opacity\"\/>\n\n\n\n<h2 class=\"wp-block-heading\">\u274c Exceptions au droit de r\u00e9tractation<\/h2>\n\n\n\n<p>Le droit de r\u00e9tractation&nbsp;<strong>ne s\u2019applique pas<\/strong>&nbsp;aux produits suivants :<\/p>\n\n\n\n<ul class=\"wp-block-list\">\n<li>Produits personnalis\u00e9s ou fabriqu\u00e9s sur-mesure<\/li>\n\n\n\n<li>Produits descell\u00e9s pour des raisons d\u2019hygi\u00e8ne ou de s\u00e9curit\u00e9<\/li>\n\n\n\n<li>Cartes cadeaux ou services d\u00e9j\u00e0 ex\u00e9cut\u00e9s<\/li>\n<\/ul>\n\n\n\n<p><\/p>","protected":false},"excerpt":{"rendered":"<p>\u2696\ufe0f Droit de r\u00e9tractation Conform\u00e9ment aux&nbsp;articles L.221-18 et suivants du Code de la consommation, vous b\u00e9n\u00e9ficiez d\u2019un&nbsp;droit de r\u00e9tractation de<\/p>","protected":false},"author":1,"featured_media":0,"parent":0,"menu_order":0,"comment_status":"closed","ping_status":"closed","template":"","meta":{"footnotes":""},"class_list":["post-52","page","type-page","status-publish","hentry"],"yoast_head":"<!-- This site is optimized with the Yoast SEO plugin v27.5 - https:\/\/yoast.com\/product\/yoast-seo-wordpress\/ -->\n<title>Droit de retractation - Loisir Electronique<\/title>\n<meta name=\"robots\" content=\"index, follow, max-snippet:-1, max-image-preview:large, max-video-preview:-1\" \/>\n<link rel=\"canonical\" href=\"https:\/\/loisirelectronique.com\/nl\/droit-de-retractation\/\" \/>\n<meta property=\"og:locale\" content=\"nl_NL\" \/>\n<meta property=\"og:type\" content=\"article\" \/>\n<meta property=\"og:title\" content=\"Droit de retractation - Loisir Electronique\" \/>\n<meta property=\"og:description\" content=\"\u2696\ufe0f Droit de r\u00e9tractation Conform\u00e9ment aux&nbsp;articles L.221-18 et suivants du Code de la consommation, vous b\u00e9n\u00e9ficiez d\u2019un&nbsp;droit de r\u00e9tractation de\" \/>\n<meta property=\"og:url\" content=\"https:\/\/loisirelectronique.com\/nl\/droit-de-retractation\/\" \/>\n<meta property=\"og:site_name\" content=\"Loisir Electronique\" \/>\n<meta property=\"article:modified_time\" content=\"2026-03-29T15:22:20+00:00\" \/>\n<meta name=\"twitter:card\" content=\"summary_large_image\" \/>\n<meta name=\"twitter:label1\" content=\"Geschatte leestijd\" \/>\n\t<meta name=\"twitter:data1\" content=\"1 minuut\" \/>\n<script type=\"application\/ld+json\" class=\"yoast-schema-graph\">{\"@context\":\"https:\\\/\\\/schema.org\",\"@graph\":[{\"@type\":\"WebPage\",\"@id\":\"https:\\\/\\\/loisirelectronique.com\\\/droit-de-retractation\\\/\",\"url\":\"https:\\\/\\\/loisirelectronique.com\\\/droit-de-retractation\\\/\",\"name\":\"Droit de retractation - Loisir Electronique\",\"isPartOf\":{\"@id\":\"https:\\\/\\\/loisirelectronique.com\\\/#website\"},\"datePublished\":\"2026-03-25T17:49:29+00:00\",\"dateModified\":\"2026-03-29T15:22:20+00:00\",\"breadcrumb\":{\"@id\":\"https:\\\/\\\/loisirelectronique.com\\\/droit-de-retractation\\\/#breadcrumb\"},\"inLanguage\":\"nl-NL\",\"potentialAction\":[{\"@type\":\"ReadAction\",\"target\":[\"https:\\\/\\\/loisirelectronique.com\\\/droit-de-retractation\\\/\"]}]},{\"@type\":\"BreadcrumbList\",\"@id\":\"https:\\\/\\\/loisirelectronique.com\\\/droit-de-retractation\\\/#breadcrumb\",\"itemListElement\":[{\"@type\":\"ListItem\",\"position\":1,\"name\":\"Accueil\",\"item\":\"https:\\\/\\\/loisirelectronique.com\\\/\"},{\"@type\":\"ListItem\",\"position\":2,\"name\":\"Droit de retractation\"}]},{\"@type\":\"WebSite\",\"@id\":\"https:\\\/\\\/loisirelectronique.com\\\/#website\",\"url\":\"https:\\\/\\\/loisirelectronique.com\\\/\",\"name\":\"Loisir Electronique\",\"description\":\"Innovation, qualit\u00e9, performance\",\"publisher\":{\"@id\":\"https:\\\/\\\/loisirelectronique.com\\\/#organization\"},\"potentialAction\":[{\"@type\":\"SearchAction\",\"target\":{\"@type\":\"EntryPoint\",\"urlTemplate\":\"https:\\\/\\\/loisirelectronique.com\\\/?s={search_term_string}\"},\"query-input\":{\"@type\":\"PropertyValueSpecification\",\"valueRequired\":true,\"valueName\":\"search_term_string\"}}],\"inLanguage\":\"nl-NL\"},{\"@type\":\"Organization\",\"@id\":\"https:\\\/\\\/loisirelectronique.com\\\/#organization\",\"name\":\"Loisir Electronique\",\"url\":\"https:\\\/\\\/loisirelectronique.com\\\/\",\"logo\":{\"@type\":\"ImageObject\",\"inLanguage\":\"nl-NL\",\"@id\":\"https:\\\/\\\/loisirelectronique.com\\\/#\\\/schema\\\/logo\\\/image\\\/\",\"url\":\"http:\\\/\\\/loisirelectronique.com\\\/wp-content\\\/uploads\\\/2026\\\/03\\\/IMG-20260325-WA00112.jpg\",\"contentUrl\":\"http:\\\/\\\/loisirelectronique.com\\\/wp-content\\\/uploads\\\/2026\\\/03\\\/IMG-20260325-WA00112.jpg\",\"width\":418,\"height\":124,\"caption\":\"Loisir Electronique\"},\"image\":{\"@id\":\"https:\\\/\\\/loisirelectronique.com\\\/#\\\/schema\\\/logo\\\/image\\\/\"}}]}<\/script>\n<!-- \/ Yoast SEO plugin. -->","yoast_head_json":{"title":"Droit de retractation - Loisir Electronique","robots":{"index":"index","follow":"follow","max-snippet":"max-snippet:-1","max-image-preview":"max-image-preview:large","max-video-preview":"max-video-preview:-1"},"canonical":"https:\/\/loisirelectronique.com\/nl\/droit-de-retractation\/","og_locale":"nl_NL","og_type":"article","og_title":"Droit de retractation - Loisir Electronique","og_description":"\u2696\ufe0f Droit de r\u00e9tractation Conform\u00e9ment aux&nbsp;articles L.221-18 et suivants du Code de la consommation, vous b\u00e9n\u00e9ficiez d\u2019un&nbsp;droit de r\u00e9tractation de","og_url":"https:\/\/loisirelectronique.com\/nl\/droit-de-retractation\/","og_site_name":"Loisir Electronique","article_modified_time":"2026-03-29T15:22:20+00:00","twitter_card":"summary_large_image","twitter_misc":{"Geschatte leestijd":"1 minuut"},"schema":{"@context":"https:\/\/schema.org","@graph":[{"@type":"WebPage","@id":"https:\/\/loisirelectronique.com\/droit-de-retractation\/","url":"https:\/\/loisirelectronique.com\/droit-de-retractation\/","name":"Droit de retractation - Loisir Electronique","isPartOf":{"@id":"https:\/\/loisirelectronique.com\/#website"},"datePublished":"2026-03-25T17:49:29+00:00","dateModified":"2026-03-29T15:22:20+00:00","breadcrumb":{"@id":"https:\/\/loisirelectronique.com\/droit-de-retractation\/#breadcrumb"},"inLanguage":"nl-NL","potentialAction":[{"@type":"ReadAction","target":["https:\/\/loisirelectronique.com\/droit-de-retractation\/"]}]},{"@type":"BreadcrumbList","@id":"https:\/\/loisirelectronique.com\/droit-de-retractation\/#breadcrumb","itemListElement":[{"@type":"ListItem","position":1,"name":"Accueil","item":"https:\/\/loisirelectronique.com\/"},{"@type":"ListItem","position":2,"name":"Droit de retractation"}]},{"@type":"WebSite","@id":"https:\/\/loisirelectronique.com\/#website","url":"https:\/\/loisirelectronique.com\/","name":"Loisir Electronique","description":"Innovation, qualit\u00e9, performance","publisher":{"@id":"https:\/\/loisirelectronique.com\/#organization"},"potentialAction":[{"@type":"SearchAction","target":{"@type":"EntryPoint","urlTemplate":"https:\/\/loisirelectronique.com\/?s={search_term_string}"},"query-input":{"@type":"PropertyValueSpecification","valueRequired":true,"valueName":"search_term_string"}}],"inLanguage":"nl-NL"},{"@type":"Organization","@id":"https:\/\/loisirelectronique.com\/#organization","name":"Loisir Electronique","url":"https:\/\/loisirelectronique.com\/","logo":{"@type":"ImageObject","inLanguage":"nl-NL","@id":"https:\/\/loisirelectronique.com\/#\/schema\/logo\/image\/","url":"http:\/\/loisirelectronique.com\/wp-content\/uploads\/2026\/03\/IMG-20260325-WA00112.jpg","contentUrl":"http:\/\/loisirelectronique.com\/wp-content\/uploads\/2026\/03\/IMG-20260325-WA00112.jpg","width":418,"height":124,"caption":"Loisir Electronique"},"image":{"@id":"https:\/\/loisirelectronique.com\/#\/schema\/logo\/image\/"}}]}},"jetpack_sharing_enabled":true,"_links":{"self":[{"href":"https:\/\/loisirelectronique.com\/nl\/wp-json\/wp\/v2\/pages\/52","targetHints":{"allow":["GET"]}}],"collection":[{"href":"https:\/\/loisirelectronique.com\/nl\/wp-json\/wp\/v2\/pages"}],"about":[{"href":"https:\/\/loisirelectronique.com\/nl\/wp-json\/wp\/v2\/types\/page"}],"author":[{"embeddable":true,"href":"https:\/\/loisirelectronique.com\/nl\/wp-json\/wp\/v2\/users\/1"}],"replies":[{"embeddable":true,"href":"https:\/\/loisirelectronique.com\/nl\/wp-json\/wp\/v2\/comments?post=52"}],"version-history":[{"count":2,"href":"https:\/\/loisirelectronique.com\/nl\/wp-json\/wp\/v2\/pages\/52\/revisions"}],"predecessor-version":[{"id":29590,"href":"https:\/\/loisirelectronique.com\/nl\/wp-json\/wp\/v2\/pages\/52\/revisions\/29590"}],"wp:attachment":[{"href":"https:\/\/loisirelectronique.com\/nl\/wp-json\/wp\/v2\/media?parent=52"}],"curies":[{"name":"wp","href":"https:\/\/api.w.org\/{rel}","templated":true}]}}