{"id":48,"date":"2026-03-25T17:05:29","date_gmt":"2026-03-25T17:05:29","guid":{"rendered":"https:\/\/loisirelectronique.com\/?page_id=48"},"modified":"2026-04-27T17:34:16","modified_gmt":"2026-04-27T17:34:16","slug":"livraison","status":"publish","type":"page","link":"https:\/\/loisirelectronique.com\/nl\/livraison\/","title":{"rendered":"Livraison"},"content":{"rendered":"<div data-elementor-type=\"wp-page\" data-elementor-id=\"48\" class=\"elementor elementor-48\" data-elementor-post-type=\"page\">\n\t\t\t\t<div class=\"wd-negative-gap elementor-element elementor-element-5d07ed4d e-flex e-con-boxed e-con e-parent\" data-id=\"5d07ed4d\" data-element_type=\"container\" data-e-type=\"container\">\n\t\t\t\t\t<div class=\"e-con-inner\">\n\t\t\t\t<div class=\"elementor-element elementor-element-6619400b color-scheme-inherit text-left elementor-widget elementor-widget-text-editor\" data-id=\"6619400b\" data-element_type=\"widget\" data-e-type=\"widget\" data-widget_type=\"text-editor.default\">\n\t\t\t\t\t\t\t\t\t<p><\/p>\n<h1 class=\"wp-block-heading\">\ud83d\ude9a Livraison<\/h1>\n<p><\/p>\n<p>Chez <strong>Loisir Electronique<\/strong>, nous veillons \u00e0 ce que vos commandes soient livr\u00e9es <strong data-start=\"261\" data-end=\"311\">en toute s\u00e9curit\u00e9 et dans les meilleurs d\u00e9lais<\/strong>.<br data-start=\"312\" data-end=\"315\">Nos livraisons locales sont assur\u00e9es par des soci\u00e9t\u00e9s de transport partenaires afin de garantir un service fiable et rapide.<\/p>\n<p><\/p>\n<hr class=\"wp-block-separator has-alpha-channel-opacity\">\n<p><\/p>\n<h2 class=\"wp-block-heading\">&nbsp;Tarifs d\u2019exp\u00e9dition &amp; estimation de la livraison<\/h2>\n<ul>\n<li data-start=\"501\" data-end=\"584\">\n<p data-start=\"503\" data-end=\"584\">Les frais d\u2019exp\u00e9dition sont calcul\u00e9s et affich\u00e9s lors du processus de paiement.<\/p>\n<\/li>\n<li data-start=\"585\" data-end=\"666\">\n<p data-start=\"587\" data-end=\"666\">Actuellement, la <strong data-start=\"604\" data-end=\"630\">livraison est GRATUITE<\/strong> pour tous les articles en France et en Belgique.<\/p>\n<\/li>\n<li data-start=\"667\" data-end=\"792\">\n<p data-start=\"669\" data-end=\"792\">Des retards de livraison peuvent occasionnellement survenir (jours f\u00e9ri\u00e9s, forte demande, circonstances exceptionnelles).<\/p>\n<\/li>\n<\/ul>\n<ul class=\"wp-block-list\"><\/ul>\n<p><!-- \/wp:list --><!-- wp:separator --><\/p>\n<hr class=\"wp-block-separator has-alpha-channel-opacity\">\n<p><!-- \/wp:separator --><!-- wp:heading --><\/p>\n<h2 class=\"wp-block-heading\">\u23f1\ufe0f D\u00e9lais de livraison<\/h2>\n<p><!-- \/wp:heading --><!-- wp:paragraph --><\/p>\n<p>Le d\u00e9lai total de livraison est estim\u00e9 entre <strong>3 et 7 jours ouvrables<\/strong>, et se d\u00e9compose comme suit :<\/p>\n<p><!-- \/wp:paragraph --><!-- wp:heading {\"level\":3} --><\/p>\n<h3 class=\"wp-block-heading\">1\ufe0f\u20e3 Traitement de la commande<\/h3>\n<p><!-- \/wp:heading --><!-- wp:list --><\/p>\n<ul class=\"wp-block-list\"><!-- wp:list-item --><p><\/p>\n<li><strong>1 \u00e0 2 jours ouvrables<\/strong><\/li>\n<p><!-- \/wp:list-item --><!-- wp:list-item --><\/p>\n<li>Nous pr\u00e9parons et contr\u00f4lons chaque commande avec soin<\/li>\n<p><!-- \/wp:list-item --><!-- wp:list-item --><\/p>\n<li>V\u00e9rification des articles, emballage s\u00e9curis\u00e9 et pr\u00e9paration pour l\u2019exp\u00e9dition<\/li>\n<p><!-- \/wp:list-item --><\/p><\/ul>\n<p><!-- \/wp:list --><!-- wp:heading {\"level\":3} --><\/p>\n<h3 class=\"wp-block-heading\">2\ufe0f\u20e3 Acheminement par le transporteur<\/h3>\n<p><!-- \/wp:heading --><!-- wp:list --><\/p>\n<ul class=\"wp-block-list\"><!-- wp:list-item --><p><\/p>\n<li><strong>2 \u00e0 5 jours ouvrables<\/strong><\/li>\n<p><!-- \/wp:list-item --><!-- wp:list-item --><\/p>\n<li>D\u00e9lais variables selon la destination et le transporteur choisi<\/li>\n<p><!-- \/wp:list-item --><!-- wp:list-item --><\/p>\n<li>Les p\u00e9riodes de forte activit\u00e9 (soldes, f\u00eates, promotions) peuvent l\u00e9g\u00e8rement rallonger les d\u00e9lais<\/li>\n<p><!-- \/wp:list-item --><\/p><\/ul>\n<p><!-- \/wp:list --><!-- wp:paragraph --><\/p>\n<p>\ud83d\udcdd Les d\u00e9lais indiqu\u00e9s sont <strong>estimatifs<\/strong> et commencent \u00e0 partir de la confirmation de votre commande.<\/p>\n<p><!-- \/wp:paragraph --><!-- wp:separator --><\/p>\n<hr class=\"wp-block-separator has-alpha-channel-opacity\">\n<p><!-- \/wp:separator --><!-- wp:heading --><\/p>\n<h2 class=\"wp-block-heading\">\ud83d\udce6 Emballage et s\u00e9curit\u00e9<\/h2>\n<p><!-- \/wp:heading --><!-- wp:list --><\/p>\n<ul class=\"wp-block-list\"><!-- wp:list-item --><p><\/p>\n<li>Tous les produits sont emball\u00e9s de mani\u00e8re <strong>s\u00e9curis\u00e9e et professionnelle<\/strong><\/li>\n<p><!-- \/wp:list-item --><!-- wp:list-item --><\/p>\n<li>Les emballages sont <strong>\u00e9cologiques<\/strong> dans la mesure du possible<\/li>\n<p><!-- \/wp:list-item --><!-- wp:list-item --><\/p>\n<li>Chaque colis est v\u00e9rifi\u00e9 avant exp\u00e9dition pour garantir l\u2019int\u00e9grit\u00e9 de vos articles<\/li>\n<p><!-- \/wp:list-item --><\/p><\/ul>\n<p><!-- \/wp:list --><!-- wp:separator --><\/p>\n<hr class=\"wp-block-separator has-alpha-channel-opacity\">\n<p><!-- \/wp:separator --><!-- wp:heading --><\/p>\n<h2 class=\"wp-block-heading\">\u2753 Questions fr\u00e9quentes sur la livraison<\/h2>\n<p><!-- \/wp:heading --><!-- wp:paragraph --><\/p>\n<p><strong>Q : La livraison est-elle vraiment gratuite ?<\/strong><br><strong>R :<\/strong> Oui, toutes les commandes&nbsp; en France et Belgique&nbsp;<span style=\"font-family: Lato, Arial, Helvetica, sans-serif; font-size: 15px; font-style: normal; font-variant-ligatures: normal; font-variant-caps: normal; font-weight: 400;\">b\u00e9n\u00e9ficient<\/span><span style=\"font-size: 15px;\">&nbsp;d\u2019une livraison gratuite, sans minimum d\u2019achat.<\/span><\/p>\n<p><!-- \/wp:paragraph --><!-- wp:paragraph --><\/p>\n<p><strong>Q : Combien de temps faut-il pour recevoir ma commande ?<\/strong><br><strong>R :<\/strong> Le d\u00e9lai total varie entre 3 et 7 jours ouvrables : 1 \u00e0 2 jours pour le traitement, 2 \u00e0 5 jours pour l\u2019acheminement.<\/p>\n<p><!-- \/wp:paragraph --><!-- wp:paragraph --><\/p>\n<p><strong>Q : Puis-je suivre ma commande ?<\/strong><br><strong>R :<\/strong> Un suivi peut \u00eatre fourni selon le transporteur utilis\u00e9.<\/p>\n<p><!-- \/wp:paragraph --><!-- wp:separator --><\/p>\n<hr class=\"wp-block-separator has-alpha-channel-opacity\">\n<p><!-- \/wp:separator --><!-- wp:heading --><\/p>\n<h2 class=\"wp-block-heading\">\ud83d\udcde Contact service client<\/h2>\n<p><!-- \/wp:heading --><!-- wp:paragraph --><\/p>\n<p>Pour toute question concernant votre livraison, notre \u00e9quipe est \u00e0 votre disposition :<\/p>\n<p><!-- \/wp:paragraph --><!-- wp:paragraph --><\/p>\n<p>\ud83d\udce7 <strong>E-mail :<\/strong> <a>contact@loisirelectronique.com<\/a><br>\ud83d\udcde <strong>T\u00e9l\u00e9phone :<\/strong> +33 767343411<\/p>\n<p><\/p>\n<p>Chez <strong>Loisir Electronique<\/strong>, nous restons disponibles pour vous aider \u00e0 tout moment et assurer un service de livraison fiable et transparent.<\/p>\n<p><!-- \/wp:paragraph --><\/p>\t\t\t\t\t\t\t\t<\/div>\n\t\t\t\t\t<\/div>\n\t\t\t\t<\/div>\n\t\t\t\t<\/div>","protected":false},"excerpt":{"rendered":"<p>\ud83d\ude9a Livraison Chez Loisir Electronique, nous veillons \u00e0 ce que vos commandes soient livr\u00e9es en toute s\u00e9curit\u00e9 et dans les<\/p>","protected":false},"author":1,"featured_media":0,"parent":0,"menu_order":0,"comment_status":"closed","ping_status":"closed","template":"","meta":{"footnotes":""},"class_list":["post-48","page","type-page","status-publish","hentry"],"yoast_head":"<!-- This site is optimized with the Yoast SEO plugin v27.5 - https:\/\/yoast.com\/product\/yoast-seo-wordpress\/ -->\n<title>Livraison - Loisir Electronique<\/title>\n<meta name=\"robots\" content=\"index, follow, max-snippet:-1, max-image-preview:large, max-video-preview:-1\" \/>\n<link rel=\"canonical\" href=\"https:\/\/loisirelectronique.com\/nl\/livraison\/\" \/>\n<meta property=\"og:locale\" content=\"nl_NL\" \/>\n<meta property=\"og:type\" content=\"article\" \/>\n<meta property=\"og:title\" content=\"Livraison - Loisir Electronique\" \/>\n<meta property=\"og:description\" content=\"\ud83d\ude9a Livraison Chez Loisir Electronique, nous veillons \u00e0 ce que vos commandes soient livr\u00e9es en toute s\u00e9curit\u00e9 et dans les\" \/>\n<meta property=\"og:url\" content=\"https:\/\/loisirelectronique.com\/nl\/livraison\/\" \/>\n<meta property=\"og:site_name\" content=\"Loisir Electronique\" \/>\n<meta property=\"article:modified_time\" content=\"2026-04-27T17:34:16+00:00\" \/>\n<meta name=\"twitter:card\" content=\"summary_large_image\" \/>\n<meta name=\"twitter:label1\" content=\"Geschatte leestijd\" \/>\n\t<meta name=\"twitter:data1\" content=\"2 minuten\" \/>\n<script type=\"application\/ld+json\" class=\"yoast-schema-graph\">{\"@context\":\"https:\\\/\\\/schema.org\",\"@graph\":[{\"@type\":\"WebPage\",\"@id\":\"https:\\\/\\\/loisirelectronique.com\\\/livraison\\\/\",\"url\":\"https:\\\/\\\/loisirelectronique.com\\\/livraison\\\/\",\"name\":\"Livraison - Loisir Electronique\",\"isPartOf\":{\"@id\":\"https:\\\/\\\/loisirelectronique.com\\\/#website\"},\"datePublished\":\"2026-03-25T17:05:29+00:00\",\"dateModified\":\"2026-04-27T17:34:16+00:00\",\"breadcrumb\":{\"@id\":\"https:\\\/\\\/loisirelectronique.com\\\/livraison\\\/#breadcrumb\"},\"inLanguage\":\"nl-NL\",\"potentialAction\":[{\"@type\":\"ReadAction\",\"target\":[\"https:\\\/\\\/loisirelectronique.com\\\/livraison\\\/\"]}]},{\"@type\":\"BreadcrumbList\",\"@id\":\"https:\\\/\\\/loisirelectronique.com\\\/livraison\\\/#breadcrumb\",\"itemListElement\":[{\"@type\":\"ListItem\",\"position\":1,\"name\":\"Accueil\",\"item\":\"https:\\\/\\\/loisirelectronique.com\\\/\"},{\"@type\":\"ListItem\",\"position\":2,\"name\":\"Livraison\"}]},{\"@type\":\"WebSite\",\"@id\":\"https:\\\/\\\/loisirelectronique.com\\\/#website\",\"url\":\"https:\\\/\\\/loisirelectronique.com\\\/\",\"name\":\"Loisir Electronique\",\"description\":\"Innovation, qualit\u00e9, performance\",\"publisher\":{\"@id\":\"https:\\\/\\\/loisirelectronique.com\\\/#organization\"},\"potentialAction\":[{\"@type\":\"SearchAction\",\"target\":{\"@type\":\"EntryPoint\",\"urlTemplate\":\"https:\\\/\\\/loisirelectronique.com\\\/?s={search_term_string}\"},\"query-input\":{\"@type\":\"PropertyValueSpecification\",\"valueRequired\":true,\"valueName\":\"search_term_string\"}}],\"inLanguage\":\"nl-NL\"},{\"@type\":\"Organization\",\"@id\":\"https:\\\/\\\/loisirelectronique.com\\\/#organization\",\"name\":\"Loisir Electronique\",\"url\":\"https:\\\/\\\/loisirelectronique.com\\\/\",\"logo\":{\"@type\":\"ImageObject\",\"inLanguage\":\"nl-NL\",\"@id\":\"https:\\\/\\\/loisirelectronique.com\\\/#\\\/schema\\\/logo\\\/image\\\/\",\"url\":\"http:\\\/\\\/loisirelectronique.com\\\/wp-content\\\/uploads\\\/2026\\\/03\\\/IMG-20260325-WA00112.jpg\",\"contentUrl\":\"http:\\\/\\\/loisirelectronique.com\\\/wp-content\\\/uploads\\\/2026\\\/03\\\/IMG-20260325-WA00112.jpg\",\"width\":418,\"height\":124,\"caption\":\"Loisir Electronique\"},\"image\":{\"@id\":\"https:\\\/\\\/loisirelectronique.com\\\/#\\\/schema\\\/logo\\\/image\\\/\"}}]}<\/script>\n<!-- \/ Yoast SEO plugin. -->","yoast_head_json":{"title":"Livraison - Loisir Electronique","robots":{"index":"index","follow":"follow","max-snippet":"max-snippet:-1","max-image-preview":"max-image-preview:large","max-video-preview":"max-video-preview:-1"},"canonical":"https:\/\/loisirelectronique.com\/nl\/livraison\/","og_locale":"nl_NL","og_type":"article","og_title":"Livraison - Loisir Electronique","og_description":"\ud83d\ude9a Livraison Chez Loisir Electronique, nous veillons \u00e0 ce que vos commandes soient livr\u00e9es en toute s\u00e9curit\u00e9 et dans les","og_url":"https:\/\/loisirelectronique.com\/nl\/livraison\/","og_site_name":"Loisir Electronique","article_modified_time":"2026-04-27T17:34:16+00:00","twitter_card":"summary_large_image","twitter_misc":{"Geschatte leestijd":"2 minuten"},"schema":{"@context":"https:\/\/schema.org","@graph":[{"@type":"WebPage","@id":"https:\/\/loisirelectronique.com\/livraison\/","url":"https:\/\/loisirelectronique.com\/livraison\/","name":"Livraison - Loisir Electronique","isPartOf":{"@id":"https:\/\/loisirelectronique.com\/#website"},"datePublished":"2026-03-25T17:05:29+00:00","dateModified":"2026-04-27T17:34:16+00:00","breadcrumb":{"@id":"https:\/\/loisirelectronique.com\/livraison\/#breadcrumb"},"inLanguage":"nl-NL","potentialAction":[{"@type":"ReadAction","target":["https:\/\/loisirelectronique.com\/livraison\/"]}]},{"@type":"BreadcrumbList","@id":"https:\/\/loisirelectronique.com\/livraison\/#breadcrumb","itemListElement":[{"@type":"ListItem","position":1,"name":"Accueil","item":"https:\/\/loisirelectronique.com\/"},{"@type":"ListItem","position":2,"name":"Livraison"}]},{"@type":"WebSite","@id":"https:\/\/loisirelectronique.com\/#website","url":"https:\/\/loisirelectronique.com\/","name":"Loisir Electronique","description":"Innovation, qualit\u00e9, performance","publisher":{"@id":"https:\/\/loisirelectronique.com\/#organization"},"potentialAction":[{"@type":"SearchAction","target":{"@type":"EntryPoint","urlTemplate":"https:\/\/loisirelectronique.com\/?s={search_term_string}"},"query-input":{"@type":"PropertyValueSpecification","valueRequired":true,"valueName":"search_term_string"}}],"inLanguage":"nl-NL"},{"@type":"Organization","@id":"https:\/\/loisirelectronique.com\/#organization","name":"Loisir Electronique","url":"https:\/\/loisirelectronique.com\/","logo":{"@type":"ImageObject","inLanguage":"nl-NL","@id":"https:\/\/loisirelectronique.com\/#\/schema\/logo\/image\/","url":"http:\/\/loisirelectronique.com\/wp-content\/uploads\/2026\/03\/IMG-20260325-WA00112.jpg","contentUrl":"http:\/\/loisirelectronique.com\/wp-content\/uploads\/2026\/03\/IMG-20260325-WA00112.jpg","width":418,"height":124,"caption":"Loisir Electronique"},"image":{"@id":"https:\/\/loisirelectronique.com\/#\/schema\/logo\/image\/"}}]}},"jetpack_sharing_enabled":true,"_links":{"self":[{"href":"https:\/\/loisirelectronique.com\/nl\/wp-json\/wp\/v2\/pages\/48","targetHints":{"allow":["GET"]}}],"collection":[{"href":"https:\/\/loisirelectronique.com\/nl\/wp-json\/wp\/v2\/pages"}],"about":[{"href":"https:\/\/loisirelectronique.com\/nl\/wp-json\/wp\/v2\/types\/page"}],"author":[{"embeddable":true,"href":"https:\/\/loisirelectronique.com\/nl\/wp-json\/wp\/v2\/users\/1"}],"replies":[{"embeddable":true,"href":"https:\/\/loisirelectronique.com\/nl\/wp-json\/wp\/v2\/comments?post=48"}],"version-history":[{"count":14,"href":"https:\/\/loisirelectronique.com\/nl\/wp-json\/wp\/v2\/pages\/48\/revisions"}],"predecessor-version":[{"id":30752,"href":"https:\/\/loisirelectronique.com\/nl\/wp-json\/wp\/v2\/pages\/48\/revisions\/30752"}],"wp:attachment":[{"href":"https:\/\/loisirelectronique.com\/nl\/wp-json\/wp\/v2\/media?parent=48"}],"curies":[{"name":"wp","href":"https:\/\/api.w.org\/{rel}","templated":true}]}}