{"id":46,"date":"2026-03-25T16:57:36","date_gmt":"2026-03-25T16:57:36","guid":{"rendered":"https:\/\/loisirelectronique.com\/?page_id=46"},"modified":"2026-04-03T09:26:25","modified_gmt":"2026-04-03T09:26:25","slug":"paiement","status":"publish","type":"page","link":"https:\/\/loisirelectronique.com\/nl\/paiement\/","title":{"rendered":"Paiement"},"content":{"rendered":"<div data-elementor-type=\"wp-page\" data-elementor-id=\"46\" class=\"elementor elementor-46\" data-elementor-post-type=\"page\">\n\t\t\t\t<div class=\"wd-negative-gap elementor-element elementor-element-1326698a e-flex e-con-boxed e-con e-parent\" data-id=\"1326698a\" data-element_type=\"container\" data-e-type=\"container\">\n\t\t\t\t\t<div class=\"e-con-inner\">\n\t\t\t\t<div class=\"elementor-element elementor-element-130b3fb7 color-scheme-inherit text-left elementor-widget elementor-widget-text-editor\" data-id=\"130b3fb7\" data-element_type=\"widget\" data-e-type=\"widget\" data-widget_type=\"text-editor.default\">\n\t\t\t\t\t\t\t\t\t<h1>\ud83d\udcb3 Moyens de paiement accept\u00e9s<\/h1>\n<p><!-- \/wp:heading --><!-- wp:heading {\"level\":3} --><\/p>\n<h3 data-start=\"200\" data-end=\"245\">1. Paiement par carte bancaire (s\u00e9curis\u00e9)<\/h3>\n<p data-start=\"247\" data-end=\"284\">Nous acceptons les cartes suivantes :<\/p>\n<ul data-start=\"286\" data-end=\"313\">\n<li data-start=\"286\" data-end=\"296\">\n<p data-start=\"288\" data-end=\"296\"><strong data-start=\"288\" data-end=\"296\">Visa<\/strong><\/p>\n<\/li>\n<li data-start=\"297\" data-end=\"313\">\n<p data-start=\"299\" data-end=\"313\"><strong data-start=\"299\" data-end=\"313\">MasterCard<\/strong><\/p>\n<\/li>\n<\/ul>\n<p data-start=\"315\" data-end=\"512\">Le paiement par carte bancaire est effectu\u00e9 via une\u00a0<strong data-start=\"367\" data-end=\"409\">plateforme de paiement 100 % s\u00e9curis\u00e9e<\/strong>, utilisant des protocoles de s\u00e9curit\u00e9 avanc\u00e9s, notamment le\u00a0<strong data-start=\"470\" data-end=\"511\">chiffrement SSL (Secure Socket Layer)<\/strong>.<\/p>\n<p data-start=\"514\" data-end=\"557\">\ud83d\udd12\u00a0<strong data-start=\"517\" data-end=\"557\">Vos donn\u00e9es bancaires sont prot\u00e9g\u00e9es<\/strong><\/p>\n<ul data-start=\"558\" data-end=\"658\">\n<li data-start=\"558\" data-end=\"597\">\n<p data-start=\"560\" data-end=\"597\">Donn\u00e9es enti\u00e8rement confidentielles<\/p>\n<\/li>\n<li data-start=\"598\" data-end=\"658\">\n<p data-start=\"600\" data-end=\"658\">Aucune information bancaire n\u2019est stock\u00e9e sur notre site<\/p>\n<\/li>\n<\/ul>\n<p data-start=\"660\" data-end=\"910\">\ud83d\udccc\u00a0<strong data-start=\"663\" data-end=\"674\">\u00c0 noter<\/strong><br data-start=\"674\" data-end=\"677\" \/>Il est possible que le paiement par carte soit\u00a0<strong data-start=\"724\" data-end=\"755\">temporairement indisponible<\/strong>\u00a0(maintenance ou mise \u00e0 jour technique).<br data-start=\"795\" data-end=\"798\" \/>Dans ce cas, le\u00a0<strong data-start=\"814\" data-end=\"865\">paiement par virement bancaire reste disponible<\/strong>. Cette situation est strictement temporaire.<\/p>\n<p><!-- \/wp:separator --><!-- wp:heading {\"level\":3} --><\/p>\n<h3>2. Paiement par virement bancaire<\/h3>\n<p><!-- \/wp:heading --><!-- wp:paragraph --><\/p>\n<p>Le paiement par <strong>virement bancaire<\/strong> est \u00e9galement disponible lors de la validation de votre commande.<\/p>\n<p><!-- \/wp:paragraph --><!-- wp:paragraph --><\/p>\n<p><strong>Comment \u00e7a fonctionne ?<\/strong><\/p>\n<p><!-- \/wp:paragraph --><!-- wp:list {\"ordered\":true} --><\/p>\n<ol>\n<li style=\"list-style-type: none;\">\n<ol><!-- wp:list-item --><\/ol>\n<\/li>\n<\/ol>\n<ol>\n<li style=\"list-style-type: none;\">\n<ol>\n<li>S\u00e9lectionnez <strong>Virement bancaire<\/strong> comme mode de paiement<\/li>\n<\/ol>\n<\/li>\n<\/ol>\n<p><!-- \/wp:list-item --><!-- wp:list-item --><\/p>\n<ol>\n<li style=\"list-style-type: none;\">\n<ol>\n<li>Apr\u00e8s validation de la commande, nos <strong>coordonn\u00e9es bancaires<\/strong> vous sont envoy\u00e9es par e-mail<\/li>\n<\/ol>\n<\/li>\n<\/ol>\n<p><!-- \/wp:list-item --><!-- wp:list-item --><\/p>\n<ol>\n<li style=\"list-style-type: none;\">\n<ol>\n<li>Effectuez le virement depuis votre banque<\/li>\n<\/ol>\n<\/li>\n<\/ol>\n<p><!-- \/wp:list-item --><\/p>\n<p><!-- \/wp:list --><!-- wp:paragraph --><\/p>\n<p>\ud83d\udcdd <strong>Important<\/strong><\/p>\n<p><!-- \/wp:paragraph --><!-- wp:list --><\/p>\n<ul>\n<li style=\"list-style-type: none;\">\n<ul><!-- wp:list-item --><\/ul>\n<\/li>\n<\/ul>\n<ul>\n<li style=\"list-style-type: none;\">\n<ul>\n<li>La commande est <strong>trait\u00e9e et exp\u00e9di\u00e9e apr\u00e8s r\u00e9ception du virement<\/strong><\/li>\n<\/ul>\n<\/li>\n<\/ul>\n<p><!-- \/wp:list-item --><!-- wp:list-item --><\/p>\n<ul>\n<li style=\"list-style-type: none;\">\n<ul>\n<li>Pour acc\u00e9l\u00e9rer le traitement, vous pouvez envoyer une <strong>preuve de virement<\/strong> \u00e0 :<br \/>\ud83d\udce7\u00a0<span style=\"font-family: Lato, Arial, Helvetica, sans-serif; font-size: 15px; font-style: normal; font-variant-ligatures: normal; font-variant-caps: normal; font-weight: 400;\">contact@loisirelectronique.com<\/span><\/li>\n<\/ul>\n<\/li>\n<\/ul>\n<p><!-- \/wp:list-item --><\/p>\n<p><!-- \/wp:list --><!-- wp:separator --><\/p>\n<hr class=\"wp-block-separator has-alpha-channel-opacity\" \/>\n<p><!-- \/wp:separator --><!-- wp:heading --><\/p>\n<h2>\ud83d\udd10 S\u00e9curit\u00e9 des paiements<\/h2>\n<p><!-- \/wp:heading --><!-- wp:paragraph --><\/p>\n<p>Votre s\u00e9curit\u00e9 est notre priorit\u00e9.<\/p>\n<p><!-- \/wp:paragraph --><!-- wp:paragraph --><\/p>\n<p>\u2714\ufe0f Technologies de chiffrement de pointe<br \/>\u2714\ufe0f Transactions trait\u00e9es par des <strong>prestataires de paiement de confiance<\/strong><br \/>\u2714\ufe0f <strong>Aucune donn\u00e9e bancaire<\/strong> conserv\u00e9e sur notre site<\/p>\n<p><!-- \/wp:paragraph --><!-- wp:separator --><\/p>\n<hr \/>\n<p><!-- \/wp:separator --><!-- wp:heading --><\/p>\n<h2>\ud83d\udce6 Confirmation de commande<\/h2>\n<p><!-- \/wp:heading --><!-- wp:list --><\/p>\n<ul>\n<li style=\"list-style-type: none;\">\n<ul><!-- wp:list-item --><\/ul>\n<\/li>\n<\/ul>\n<ul>\n<li style=\"list-style-type: none;\">\n<ul>\n<li><strong>Paiement par carte bancaire<\/strong> : confirmation imm\u00e9diate par e-mail<\/li>\n<\/ul>\n<\/li>\n<\/ul>\n<p><!-- \/wp:list-item --><!-- wp:list-item --><\/p>\n<ul>\n<li style=\"list-style-type: none;\">\n<ul>\n<li><strong>Paiement par virement bancaire<\/strong> : confirmation apr\u00e8s r\u00e9ception du paiement<\/li>\n<\/ul>\n<\/li>\n<\/ul>\n<p><!-- \/wp:list-item --><\/p>\n<p><!-- \/wp:list --><!-- wp:separator --><\/p>\n<hr \/>\n<p><!-- \/wp:separator --><!-- wp:heading --><\/p>\n<h2>\ud83d\udcde Assistance &amp; contact<\/h2>\n<p><!-- \/wp:heading --><!-- wp:paragraph --><\/p>\n<p>Une question concernant votre paiement ?<br \/>Notre service client est \u00e0 votre \u00e9coute :<\/p>\n<p><!-- \/wp:paragraph --><!-- wp:paragraph --><\/p>\n<p>\ud83d\udce7 <strong>E-mail<\/strong> : <a>contact@loisirelectronique.com<\/a><br \/>\ud83d\udcde <strong>T\u00e9l\u00e9phone<\/strong> : +33 767343411<\/p>\n<p><!-- \/wp:paragraph --><!-- wp:paragraph --><\/p>\n<p><!-- \/wp:paragraph --><\/p>\t\t\t\t\t\t\t\t<\/div>\n\t\t\t\t\t<\/div>\n\t\t\t\t<\/div>\n\t\t\t\t<\/div>","protected":false},"excerpt":{"rendered":"<p>\ud83d\udcb3 Moyens de paiement accept\u00e9s 1. Paiement par carte bancaire (s\u00e9curis\u00e9) Nous acceptons les cartes suivantes : Visa MasterCard Le<\/p>","protected":false},"author":1,"featured_media":0,"parent":0,"menu_order":0,"comment_status":"closed","ping_status":"closed","template":"","meta":{"footnotes":""},"class_list":["post-46","page","type-page","status-publish","hentry"],"yoast_head":"<!-- This site is optimized with the Yoast SEO plugin v27.5 - https:\/\/yoast.com\/product\/yoast-seo-wordpress\/ -->\n<title>Paiement - Loisir Electronique<\/title>\n<meta name=\"robots\" content=\"index, follow, max-snippet:-1, max-image-preview:large, max-video-preview:-1\" \/>\n<link rel=\"canonical\" href=\"https:\/\/loisirelectronique.com\/nl\/paiement\/\" \/>\n<meta property=\"og:locale\" content=\"nl_NL\" \/>\n<meta property=\"og:type\" content=\"article\" \/>\n<meta property=\"og:title\" content=\"Paiement - Loisir Electronique\" \/>\n<meta property=\"og:description\" content=\"\ud83d\udcb3 Moyens de paiement accept\u00e9s 1. Paiement par carte bancaire (s\u00e9curis\u00e9) Nous acceptons les cartes suivantes : Visa MasterCard Le\" \/>\n<meta property=\"og:url\" content=\"https:\/\/loisirelectronique.com\/nl\/paiement\/\" \/>\n<meta property=\"og:site_name\" content=\"Loisir Electronique\" \/>\n<meta property=\"article:modified_time\" content=\"2026-04-03T09:26:25+00:00\" \/>\n<meta name=\"twitter:card\" content=\"summary_large_image\" \/>\n<meta name=\"twitter:label1\" content=\"Geschatte leestijd\" \/>\n\t<meta name=\"twitter:data1\" content=\"2 minuten\" \/>\n<script type=\"application\/ld+json\" class=\"yoast-schema-graph\">{\"@context\":\"https:\\\/\\\/schema.org\",\"@graph\":[{\"@type\":\"WebPage\",\"@id\":\"https:\\\/\\\/loisirelectronique.com\\\/paiement\\\/\",\"url\":\"https:\\\/\\\/loisirelectronique.com\\\/paiement\\\/\",\"name\":\"Paiement - Loisir Electronique\",\"isPartOf\":{\"@id\":\"https:\\\/\\\/loisirelectronique.com\\\/#website\"},\"datePublished\":\"2026-03-25T16:57:36+00:00\",\"dateModified\":\"2026-04-03T09:26:25+00:00\",\"breadcrumb\":{\"@id\":\"https:\\\/\\\/loisirelectronique.com\\\/paiement\\\/#breadcrumb\"},\"inLanguage\":\"nl-NL\",\"potentialAction\":[{\"@type\":\"ReadAction\",\"target\":[\"https:\\\/\\\/loisirelectronique.com\\\/paiement\\\/\"]}]},{\"@type\":\"BreadcrumbList\",\"@id\":\"https:\\\/\\\/loisirelectronique.com\\\/paiement\\\/#breadcrumb\",\"itemListElement\":[{\"@type\":\"ListItem\",\"position\":1,\"name\":\"Accueil\",\"item\":\"https:\\\/\\\/loisirelectronique.com\\\/\"},{\"@type\":\"ListItem\",\"position\":2,\"name\":\"Paiement\"}]},{\"@type\":\"WebSite\",\"@id\":\"https:\\\/\\\/loisirelectronique.com\\\/#website\",\"url\":\"https:\\\/\\\/loisirelectronique.com\\\/\",\"name\":\"Loisir Electronique\",\"description\":\"Innovation, qualit\u00e9, performance\",\"publisher\":{\"@id\":\"https:\\\/\\\/loisirelectronique.com\\\/#organization\"},\"potentialAction\":[{\"@type\":\"SearchAction\",\"target\":{\"@type\":\"EntryPoint\",\"urlTemplate\":\"https:\\\/\\\/loisirelectronique.com\\\/?s={search_term_string}\"},\"query-input\":{\"@type\":\"PropertyValueSpecification\",\"valueRequired\":true,\"valueName\":\"search_term_string\"}}],\"inLanguage\":\"nl-NL\"},{\"@type\":\"Organization\",\"@id\":\"https:\\\/\\\/loisirelectronique.com\\\/#organization\",\"name\":\"Loisir Electronique\",\"url\":\"https:\\\/\\\/loisirelectronique.com\\\/\",\"logo\":{\"@type\":\"ImageObject\",\"inLanguage\":\"nl-NL\",\"@id\":\"https:\\\/\\\/loisirelectronique.com\\\/#\\\/schema\\\/logo\\\/image\\\/\",\"url\":\"http:\\\/\\\/loisirelectronique.com\\\/wp-content\\\/uploads\\\/2026\\\/03\\\/IMG-20260325-WA00112.jpg\",\"contentUrl\":\"http:\\\/\\\/loisirelectronique.com\\\/wp-content\\\/uploads\\\/2026\\\/03\\\/IMG-20260325-WA00112.jpg\",\"width\":418,\"height\":124,\"caption\":\"Loisir Electronique\"},\"image\":{\"@id\":\"https:\\\/\\\/loisirelectronique.com\\\/#\\\/schema\\\/logo\\\/image\\\/\"}}]}<\/script>\n<!-- \/ Yoast SEO plugin. -->","yoast_head_json":{"title":"Paiement - Loisir Electronique","robots":{"index":"index","follow":"follow","max-snippet":"max-snippet:-1","max-image-preview":"max-image-preview:large","max-video-preview":"max-video-preview:-1"},"canonical":"https:\/\/loisirelectronique.com\/nl\/paiement\/","og_locale":"nl_NL","og_type":"article","og_title":"Paiement - Loisir Electronique","og_description":"\ud83d\udcb3 Moyens de paiement accept\u00e9s 1. Paiement par carte bancaire (s\u00e9curis\u00e9) Nous acceptons les cartes suivantes : Visa MasterCard Le","og_url":"https:\/\/loisirelectronique.com\/nl\/paiement\/","og_site_name":"Loisir Electronique","article_modified_time":"2026-04-03T09:26:25+00:00","twitter_card":"summary_large_image","twitter_misc":{"Geschatte leestijd":"2 minuten"},"schema":{"@context":"https:\/\/schema.org","@graph":[{"@type":"WebPage","@id":"https:\/\/loisirelectronique.com\/paiement\/","url":"https:\/\/loisirelectronique.com\/paiement\/","name":"Paiement - Loisir Electronique","isPartOf":{"@id":"https:\/\/loisirelectronique.com\/#website"},"datePublished":"2026-03-25T16:57:36+00:00","dateModified":"2026-04-03T09:26:25+00:00","breadcrumb":{"@id":"https:\/\/loisirelectronique.com\/paiement\/#breadcrumb"},"inLanguage":"nl-NL","potentialAction":[{"@type":"ReadAction","target":["https:\/\/loisirelectronique.com\/paiement\/"]}]},{"@type":"BreadcrumbList","@id":"https:\/\/loisirelectronique.com\/paiement\/#breadcrumb","itemListElement":[{"@type":"ListItem","position":1,"name":"Accueil","item":"https:\/\/loisirelectronique.com\/"},{"@type":"ListItem","position":2,"name":"Paiement"}]},{"@type":"WebSite","@id":"https:\/\/loisirelectronique.com\/#website","url":"https:\/\/loisirelectronique.com\/","name":"Loisir Electronique","description":"Innovation, qualit\u00e9, performance","publisher":{"@id":"https:\/\/loisirelectronique.com\/#organization"},"potentialAction":[{"@type":"SearchAction","target":{"@type":"EntryPoint","urlTemplate":"https:\/\/loisirelectronique.com\/?s={search_term_string}"},"query-input":{"@type":"PropertyValueSpecification","valueRequired":true,"valueName":"search_term_string"}}],"inLanguage":"nl-NL"},{"@type":"Organization","@id":"https:\/\/loisirelectronique.com\/#organization","name":"Loisir Electronique","url":"https:\/\/loisirelectronique.com\/","logo":{"@type":"ImageObject","inLanguage":"nl-NL","@id":"https:\/\/loisirelectronique.com\/#\/schema\/logo\/image\/","url":"http:\/\/loisirelectronique.com\/wp-content\/uploads\/2026\/03\/IMG-20260325-WA00112.jpg","contentUrl":"http:\/\/loisirelectronique.com\/wp-content\/uploads\/2026\/03\/IMG-20260325-WA00112.jpg","width":418,"height":124,"caption":"Loisir Electronique"},"image":{"@id":"https:\/\/loisirelectronique.com\/#\/schema\/logo\/image\/"}}]}},"jetpack_sharing_enabled":true,"_links":{"self":[{"href":"https:\/\/loisirelectronique.com\/nl\/wp-json\/wp\/v2\/pages\/46","targetHints":{"allow":["GET"]}}],"collection":[{"href":"https:\/\/loisirelectronique.com\/nl\/wp-json\/wp\/v2\/pages"}],"about":[{"href":"https:\/\/loisirelectronique.com\/nl\/wp-json\/wp\/v2\/types\/page"}],"author":[{"embeddable":true,"href":"https:\/\/loisirelectronique.com\/nl\/wp-json\/wp\/v2\/users\/1"}],"replies":[{"embeddable":true,"href":"https:\/\/loisirelectronique.com\/nl\/wp-json\/wp\/v2\/comments?post=46"}],"version-history":[{"count":7,"href":"https:\/\/loisirelectronique.com\/nl\/wp-json\/wp\/v2\/pages\/46\/revisions"}],"predecessor-version":[{"id":30050,"href":"https:\/\/loisirelectronique.com\/nl\/wp-json\/wp\/v2\/pages\/46\/revisions\/30050"}],"wp:attachment":[{"href":"https:\/\/loisirelectronique.com\/nl\/wp-json\/wp\/v2\/media?parent=46"}],"curies":[{"name":"wp","href":"https:\/\/api.w.org\/{rel}","templated":true}]}}