{"id":39,"date":"2026-03-25T16:35:04","date_gmt":"2026-03-25T16:35:04","guid":{"rendered":"https:\/\/loisirelectronique.com\/?page_id=39"},"modified":"2026-04-03T09:18:57","modified_gmt":"2026-04-03T09:18:57","slug":"politique-de-confidentialite","status":"publish","type":"page","link":"https:\/\/loisirelectronique.com\/nl\/politique-de-confidentialite\/","title":{"rendered":"Politique de confidentialit\u00e9"},"content":{"rendered":"<div data-elementor-type=\"wp-page\" data-elementor-id=\"39\" class=\"elementor elementor-39\" data-elementor-post-type=\"page\">\n\t\t\t\t<div class=\"wd-negative-gap elementor-element elementor-element-2baa2b5 e-flex e-con-boxed e-con e-parent\" data-id=\"2baa2b5\" data-element_type=\"container\" data-e-type=\"container\">\n\t\t\t\t\t<div class=\"e-con-inner\">\n\t\t\t\t<div class=\"elementor-element elementor-element-82656e4 color-scheme-inherit text-left elementor-widget elementor-widget-text-editor\" data-id=\"82656e4\" data-element_type=\"widget\" data-e-type=\"widget\" data-widget_type=\"text-editor.default\">\n\t\t\t\t\t\t\t\t\t<h1 data-start=\"293\" data-end=\"323\">Politique de confidentialit\u00e9<\/h1>\n<p data-start=\"325\" data-end=\"367\"><strong data-start=\"325\" data-end=\"367\">Derni\u00e8re mise \u00e0 jour : 29 janvier 2026<\/strong><\/p>\n<p data-start=\"369\" data-end=\"560\">La pr\u00e9sente politique de confidentialit\u00e9 explique comment AUX LOISIR ELECTRIQUE &nbsp;collecte, utilise et prot\u00e8ge vos donn\u00e9es personnelles lors de votre utilisation du site&nbsp;<strong data-start=\"537\" data-end=\"559\"><a href=\"https:\/\/loisirelectronique.com\/nl\/\" target=\"_new\" rel=\"noopener\" data-start=\"539\" data-end=\"557\">loisirelectronique.com<\/a><\/strong>.<\/p>\n<p data-start=\"562\" data-end=\"635\">En utilisant notre site, vous acceptez les pratiques d\u00e9crites ci-dessous.<\/p>\n<hr data-start=\"637\" data-end=\"640\">\n<h2 data-start=\"642\" data-end=\"685\">1. Responsable du traitement des donn\u00e9es<\/h2>\n<p><strong>AUX LOISIRS ELECTRIQUES<\/strong><\/p>\n<p>Num\u00e9ro de SIREN : 814399515<\/p>\n<p>Num\u00e9ro de SIRET : 81439951500034<\/p>\n<p>Si\u00e8ge social : 13 AVENUE MORANE SAULNIER VELIZY ESPACE IMMEUBLE LE BLERIOT, 78140 VELIZY-VILLACOUBLAY<\/p>\n<p data-start=\"687\" data-end=\"759\"><span style=\"font-family: Lato, Arial, Helvetica, sans-serif; font-size: 15px; font-style: normal; font-variant-ligatures: normal; font-variant-caps: normal; font-weight: 400;\">Directrice G\u00e9n\u00e9rale :&nbsp;<\/span><span data-start=\"873\" data-end=\"906\" style=\"font-family: Lato, Arial, Helvetica, sans-serif; font-size: 15px; font-style: normal; font-variant-ligatures: normal; font-variant-caps: normal; font-weight: 600;\">Madame&nbsp;<span style=\"font-weight: 600; font-size: 15px;\">SOPHIE SAGUEZ<\/span><\/span><\/p>\n<p data-start=\"986\" data-end=\"1061\">\ud83d\udce7 Email : contact@loisirelectronique.com<br data-start=\"1023\" data-end=\"1026\">\ud83d\udcde T\u00e9l\u00e9phone : +33 767343411<\/p>\n<hr data-start=\"1063\" data-end=\"1066\">\n<h2 data-start=\"1068\" data-end=\"1092\">2. Donn\u00e9es collect\u00e9es<\/h2>\n<p data-start=\"1094\" data-end=\"1256\">Nous collectons uniquement les donn\u00e9es n\u00e9cessaires \u00e0 votre navigation, vos commandes et votre relation avec notre site.<br data-start=\"1213\" data-end=\"1216\">Les donn\u00e9es collect\u00e9es peuvent inclure :<\/p>\n<ul data-start=\"1258\" data-end=\"1558\">\n<li data-start=\"1258\" data-end=\"1275\">\n<p data-start=\"1260\" data-end=\"1275\">Nom et pr\u00e9nom<\/p>\n<\/li>\n<li data-start=\"1276\" data-end=\"1318\">\n<p data-start=\"1278\" data-end=\"1318\">Adresse de livraison et de facturation<\/p>\n<\/li>\n<li data-start=\"1319\" data-end=\"1337\">\n<p data-start=\"1321\" data-end=\"1337\">Adresse e-mail<\/p>\n<\/li>\n<li data-start=\"1338\" data-end=\"1361\">\n<p data-start=\"1340\" data-end=\"1361\">Num\u00e9ro de t\u00e9l\u00e9phone<\/p>\n<\/li>\n<li data-start=\"1362\" data-end=\"1443\">\n<p data-start=\"1364\" data-end=\"1443\">Informations de paiement (trait\u00e9es uniquement par nos prestataires s\u00e9curis\u00e9s)<\/p>\n<\/li>\n<li data-start=\"1444\" data-end=\"1472\">\n<p data-start=\"1446\" data-end=\"1472\">Historique des commandes<\/p>\n<\/li>\n<li data-start=\"1473\" data-end=\"1558\">\n<p data-start=\"1475\" data-end=\"1558\">Donn\u00e9es techniques sur votre navigation (cookies, IP, navigateur, pages consult\u00e9es)<\/p>\n<\/li>\n<\/ul>\n<hr data-start=\"1560\" data-end=\"1563\">\n<h2 data-start=\"1565\" data-end=\"1594\">3. Finalit\u00e9s du traitement<\/h2>\n<p data-start=\"1596\" data-end=\"1640\">Les donn\u00e9es collect\u00e9es sont utilis\u00e9es pour :<\/p>\n<ol data-start=\"1642\" data-end=\"1956\">\n<li data-start=\"1642\" data-end=\"1680\">\n<p data-start=\"1645\" data-end=\"1680\">G\u00e9rer vos commandes et livraisons<\/p>\n<\/li>\n<li data-start=\"1681\" data-end=\"1735\">\n<p data-start=\"1684\" data-end=\"1735\">Assurer le suivi client et le service apr\u00e8s-vente<\/p>\n<\/li>\n<li data-start=\"1736\" data-end=\"1776\">\n<p data-start=\"1739\" data-end=\"1776\">G\u00e9rer les retours et remboursements<\/p>\n<\/li>\n<li data-start=\"1777\" data-end=\"1827\">\n<p data-start=\"1780\" data-end=\"1827\">Respecter les obligations l\u00e9gales et fiscales<\/p>\n<\/li>\n<li data-start=\"1828\" data-end=\"1878\">\n<p data-start=\"1831\" data-end=\"1878\">Am\u00e9liorer le site et l\u2019exp\u00e9rience utilisateur<\/p>\n<\/li>\n<li data-start=\"1879\" data-end=\"1956\">\n<p data-start=\"1882\" data-end=\"1956\">Envoyer des communications commerciales uniquement si vous y avez consenti<\/p>\n<\/li>\n<\/ol>\n<hr data-start=\"1958\" data-end=\"1961\">\n<h2 data-start=\"1963\" data-end=\"1994\">4. Base l\u00e9gale du traitement<\/h2>\n<p data-start=\"1996\" data-end=\"2065\">Le traitement de vos donn\u00e9es repose sur les bases l\u00e9gales suivantes :<\/p>\n<ul data-start=\"2067\" data-end=\"2311\">\n<li data-start=\"2067\" data-end=\"2115\">\n<p data-start=\"2069\" data-end=\"2115\">Ex\u00e9cution du contrat (commande et livraison)<\/p>\n<\/li>\n<li data-start=\"2116\" data-end=\"2151\">\n<p data-start=\"2118\" data-end=\"2151\">Respect des obligations l\u00e9gales<\/p>\n<\/li>\n<li data-start=\"2152\" data-end=\"2229\">\n<p data-start=\"2154\" data-end=\"2229\">Consentement (pour l\u2019envoi de newsletters et communications commerciales)<\/p>\n<\/li>\n<li data-start=\"2230\" data-end=\"2311\">\n<p data-start=\"2232\" data-end=\"2311\">Int\u00e9r\u00eat l\u00e9gitime (am\u00e9lioration de l\u2019exp\u00e9rience utilisateur et s\u00e9curit\u00e9 du site)<\/p>\n<\/li>\n<\/ul>\n<hr data-start=\"2313\" data-end=\"2316\">\n<h2 data-start=\"2318\" data-end=\"2349\">5. Destinataires des donn\u00e9es<\/h2>\n<p data-start=\"2351\" data-end=\"2403\">Vos donn\u00e9es peuvent \u00eatre partag\u00e9es uniquement avec :<\/p>\n<ul data-start=\"2405\" data-end=\"2635\">\n<li data-start=\"2405\" data-end=\"2458\">\n<p data-start=\"2407\" data-end=\"2458\">Prestataires logistiques (livraison et transport)<\/p>\n<\/li>\n<li data-start=\"2459\" data-end=\"2497\">\n<p data-start=\"2461\" data-end=\"2497\">Prestataires de paiement s\u00e9curis\u00e9s<\/p>\n<\/li>\n<li data-start=\"2498\" data-end=\"2601\">\n<p data-start=\"2500\" data-end=\"2601\">H\u00e9bergeur du site :&nbsp;<strong data-start=\"2520\" data-end=\"2599\">Hostinger International Ltd, 61 Lordou Vironos Street, 6023 Larnaca, Chypre<\/strong><\/p>\n<\/li>\n<li data-start=\"2602\" data-end=\"2635\">\n<p data-start=\"2604\" data-end=\"2635\">Autorit\u00e9s l\u00e9gales si n\u00e9cessaire<\/p>\n<\/li>\n<\/ul>\n<p data-start=\"2637\" data-end=\"2690\">Nous ne vendons ni ne louons vos donn\u00e9es \u00e0 des tiers.<\/p>\n<hr data-start=\"2692\" data-end=\"2695\">\n<h2 data-start=\"2697\" data-end=\"2724\">6. Dur\u00e9e de conservation<\/h2>\n<ul data-start=\"2726\" data-end=\"2995\">\n<li data-start=\"2726\" data-end=\"2829\">\n<p data-start=\"2728\" data-end=\"2829\">Les donn\u00e9es relatives aux commandes et factures :&nbsp;<strong data-start=\"2778\" data-end=\"2788\">10 ans<\/strong>, conform\u00e9ment aux obligations fiscales<\/p>\n<\/li>\n<li data-start=\"2830\" data-end=\"2920\">\n<p data-start=\"2832\" data-end=\"2920\">Les donn\u00e9es clients pour le suivi commercial :&nbsp;<strong data-start=\"2879\" data-end=\"2918\">3 ans apr\u00e8s la derni\u00e8re interaction<\/strong><\/p>\n<\/li>\n<li data-start=\"2921\" data-end=\"2995\">\n<p data-start=\"2923\" data-end=\"2995\">Les donn\u00e9es techniques de navigation :&nbsp;<strong data-start=\"2962\" data-end=\"2973\">13 mois<\/strong>&nbsp;(cookies analytiques)<\/p>\n<\/li>\n<\/ul>\n<hr data-start=\"2997\" data-end=\"3000\">\n<h2 data-start=\"3002\" data-end=\"3031\">7. Droits des utilisateurs<\/h2>\n<p data-start=\"3033\" data-end=\"3090\">Conform\u00e9ment au RGPD, vous disposez des droits suivants :<\/p>\n<ul data-start=\"3092\" data-end=\"3391\">\n<li data-start=\"3092\" data-end=\"3132\">\n<p data-start=\"3094\" data-end=\"3132\"><strong data-start=\"3094\" data-end=\"3103\">Acc\u00e8s<\/strong>&nbsp;\u00e0 vos donn\u00e9es personnelles<\/p>\n<\/li>\n<li data-start=\"3133\" data-end=\"3176\">\n<p data-start=\"3135\" data-end=\"3176\"><strong data-start=\"3135\" data-end=\"3152\">Rectification<\/strong>&nbsp;des donn\u00e9es inexactes<\/p>\n<\/li>\n<li data-start=\"3177\" data-end=\"3213\">\n<p data-start=\"3179\" data-end=\"3213\"><strong data-start=\"3179\" data-end=\"3193\">Effacement<\/strong>&nbsp;(droit \u00e0 l\u2019oubli)<\/p>\n<\/li>\n<li data-start=\"3214\" data-end=\"3246\">\n<p data-start=\"3216\" data-end=\"3246\"><strong data-start=\"3216\" data-end=\"3230\">Limitation<\/strong>&nbsp;du traitement<\/p>\n<\/li>\n<li data-start=\"3247\" data-end=\"3291\">\n<p data-start=\"3249\" data-end=\"3291\"><strong data-start=\"3249\" data-end=\"3263\">Opposition<\/strong>&nbsp;au traitement des donn\u00e9es<\/p>\n<\/li>\n<li data-start=\"3292\" data-end=\"3326\">\n<p data-start=\"3294\" data-end=\"3326\"><strong data-start=\"3294\" data-end=\"3309\">Portabilit\u00e9<\/strong>&nbsp;de vos donn\u00e9es<\/p>\n<\/li>\n<li data-start=\"3327\" data-end=\"3391\">\n<p data-start=\"3329\" data-end=\"3391\"><strong data-start=\"3329\" data-end=\"3356\">Retrait du consentement<\/strong>&nbsp;pour les newsletters \u00e0 tout moment<\/p>\n<\/li>\n<\/ul>\n<p data-start=\"3393\" data-end=\"3461\">Pour exercer vos droits, contactez :<br data-start=\"3429\" data-end=\"3432\">\ud83d\udce7&nbsp;<strong data-start=\"3435\" data-end=\"3461\"><a rel=\"noopener\" data-start=\"3437\" data-end=\"3459\">contact@loisirelectrique.com<\/a><\/strong><\/p>\n<hr data-start=\"3463\" data-end=\"3466\">\n<h2 data-start=\"3468\" data-end=\"3494\">8. S\u00e9curit\u00e9 des donn\u00e9es<\/h2>\n<p data-start=\"3496\" data-end=\"3616\">Nous mettons en place toutes les mesures techniques et organisationnelles appropri\u00e9es pour prot\u00e9ger vos donn\u00e9es contre :<\/p>\n<ul data-start=\"3618\" data-end=\"3689\">\n<li data-start=\"3618\" data-end=\"3630\">\n<p data-start=\"3620\" data-end=\"3630\">La perte<\/p>\n<\/li>\n<li data-start=\"3631\" data-end=\"3647\">\n<p data-start=\"3633\" data-end=\"3647\">L\u2019alt\u00e9ration<\/p>\n<\/li>\n<li data-start=\"3648\" data-end=\"3672\">\n<p data-start=\"3650\" data-end=\"3672\">L\u2019acc\u00e8s non autoris\u00e9<\/p>\n<\/li>\n<li data-start=\"3673\" data-end=\"3689\">\n<p data-start=\"3675\" data-end=\"3689\">La divulgation<\/p>\n<\/li>\n<\/ul>\n<p data-start=\"3691\" data-end=\"3786\">Les transactions de paiement sont s\u00e9curis\u00e9es via des prestataires conformes aux normes PCI-DSS.<\/p>\n<hr data-start=\"3788\" data-end=\"3791\">\n<h2 data-start=\"3793\" data-end=\"3818\">9. Cookies et traceurs<\/h2>\n<p data-start=\"3820\" data-end=\"3854\">Le site utilise des cookies pour :<\/p>\n<ul data-start=\"3856\" data-end=\"3982\">\n<li data-start=\"3856\" data-end=\"3894\">\n<p data-start=\"3858\" data-end=\"3894\">Garantir le fonctionnement du site<\/p>\n<\/li>\n<li data-start=\"3895\" data-end=\"3956\">\n<p data-start=\"3897\" data-end=\"3956\">Analyser l\u2019audience et am\u00e9liorer l\u2019exp\u00e9rience utilisateur<\/p>\n<\/li>\n<li data-start=\"3957\" data-end=\"3982\">\n<p data-start=\"3959\" data-end=\"3982\">Retenir vos pr\u00e9f\u00e9rences<\/p>\n<\/li>\n<\/ul>\n<p data-start=\"3984\" data-end=\"4096\">Vous pouvez g\u00e9rer ou refuser les cookies via votre navigateur ou le bandeau de consentement affich\u00e9 sur le site.<\/p>\n<hr data-start=\"4098\" data-end=\"4101\">\n<h2 data-start=\"4103\" data-end=\"4149\">10. Partage et transfert de donn\u00e9es hors UE<\/h2>\n<p data-start=\"4151\" data-end=\"4321\">Aucun transfert de donn\u00e9es hors de l\u2019Union europ\u00e9enne n\u2019est effectu\u00e9, sauf via des prestataires respectant les normes de protection appropri\u00e9es (ex : h\u00e9bergeur s\u00e9curis\u00e9).<\/p>\n<hr data-start=\"4323\" data-end=\"4326\">\n<h2 data-start=\"4328\" data-end=\"4364\">11. Modifications de la politique<\/h2>\n<p data-start=\"4366\" data-end=\"4542\">Cette politique peut \u00eatre mise \u00e0 jour r\u00e9guli\u00e8rement.<br data-start=\"4418\" data-end=\"4421\">La date de derni\u00e8re mise \u00e0 jour est indiqu\u00e9e en haut de la page.<br data-start=\"4485\" data-end=\"4488\">Nous vous recommandons de la consulter p\u00e9riodiquement.<\/p>\n<hr data-start=\"4544\" data-end=\"4547\">\n<h2 data-start=\"4549\" data-end=\"4563\">12. Contact<\/h2>\n<p data-start=\"4565\" data-end=\"4680\">Pour toute question relative \u00e0 vos donn\u00e9es personnelles :<br data-start=\"4622\" data-end=\"4625\">\ud83d\udce7 contact@loisirelectronique.com<br data-start=\"4654\" data-end=\"4657\">\ud83d\udcde&nbsp;<strong data-start=\"4660\" data-end=\"4680\">+33&nbsp;767343411<\/strong><\/p>\t\t\t\t\t\t\t\t<\/div>\n\t\t\t\t\t<\/div>\n\t\t\t\t<\/div>\n\t\t\t\t<\/div>","protected":false},"excerpt":{"rendered":"<p>Politique de confidentialit\u00e9 Derni\u00e8re mise \u00e0 jour : 29 janvier 2026 La pr\u00e9sente politique de confidentialit\u00e9 explique comment AUX LOISIR<\/p>","protected":false},"author":1,"featured_media":0,"parent":0,"menu_order":0,"comment_status":"closed","ping_status":"closed","template":"","meta":{"footnotes":""},"class_list":["post-39","page","type-page","status-publish","hentry"],"yoast_head":"<!-- This site is optimized with the Yoast SEO plugin v27.5 - https:\/\/yoast.com\/product\/yoast-seo-wordpress\/ -->\n<title>Politique de confidentialit\u00e9 - Loisir Electronique<\/title>\n<meta name=\"robots\" content=\"index, follow, max-snippet:-1, max-image-preview:large, max-video-preview:-1\" \/>\n<link rel=\"canonical\" href=\"https:\/\/loisirelectronique.com\/nl\/politique-de-confidentialite\/\" \/>\n<meta property=\"og:locale\" content=\"nl_NL\" \/>\n<meta property=\"og:type\" content=\"article\" \/>\n<meta property=\"og:title\" content=\"Politique de confidentialit\u00e9 - Loisir Electronique\" \/>\n<meta property=\"og:description\" content=\"Politique de confidentialit\u00e9 Derni\u00e8re mise \u00e0 jour : 29 janvier 2026 La pr\u00e9sente politique de confidentialit\u00e9 explique comment AUX LOISIR\" \/>\n<meta property=\"og:url\" content=\"https:\/\/loisirelectronique.com\/nl\/politique-de-confidentialite\/\" \/>\n<meta property=\"og:site_name\" content=\"Loisir Electronique\" \/>\n<meta property=\"article:modified_time\" content=\"2026-04-03T09:18:57+00:00\" \/>\n<meta name=\"twitter:card\" content=\"summary_large_image\" \/>\n<meta name=\"twitter:label1\" content=\"Geschatte leestijd\" \/>\n\t<meta name=\"twitter:data1\" content=\"3 minuten\" \/>\n<script type=\"application\/ld+json\" class=\"yoast-schema-graph\">{\"@context\":\"https:\\\/\\\/schema.org\",\"@graph\":[{\"@type\":\"WebPage\",\"@id\":\"https:\\\/\\\/loisirelectronique.com\\\/politique-de-confidentialite\\\/\",\"url\":\"https:\\\/\\\/loisirelectronique.com\\\/politique-de-confidentialite\\\/\",\"name\":\"Politique de confidentialit\u00e9 - Loisir Electronique\",\"isPartOf\":{\"@id\":\"https:\\\/\\\/loisirelectronique.com\\\/#website\"},\"datePublished\":\"2026-03-25T16:35:04+00:00\",\"dateModified\":\"2026-04-03T09:18:57+00:00\",\"breadcrumb\":{\"@id\":\"https:\\\/\\\/loisirelectronique.com\\\/politique-de-confidentialite\\\/#breadcrumb\"},\"inLanguage\":\"nl-NL\",\"potentialAction\":[{\"@type\":\"ReadAction\",\"target\":[\"https:\\\/\\\/loisirelectronique.com\\\/politique-de-confidentialite\\\/\"]}]},{\"@type\":\"BreadcrumbList\",\"@id\":\"https:\\\/\\\/loisirelectronique.com\\\/politique-de-confidentialite\\\/#breadcrumb\",\"itemListElement\":[{\"@type\":\"ListItem\",\"position\":1,\"name\":\"Accueil\",\"item\":\"https:\\\/\\\/loisirelectronique.com\\\/\"},{\"@type\":\"ListItem\",\"position\":2,\"name\":\"Politique de confidentialit\u00e9\"}]},{\"@type\":\"WebSite\",\"@id\":\"https:\\\/\\\/loisirelectronique.com\\\/#website\",\"url\":\"https:\\\/\\\/loisirelectronique.com\\\/\",\"name\":\"Loisir Electronique\",\"description\":\"Innovation, qualit\u00e9, performance\",\"publisher\":{\"@id\":\"https:\\\/\\\/loisirelectronique.com\\\/#organization\"},\"potentialAction\":[{\"@type\":\"SearchAction\",\"target\":{\"@type\":\"EntryPoint\",\"urlTemplate\":\"https:\\\/\\\/loisirelectronique.com\\\/?s={search_term_string}\"},\"query-input\":{\"@type\":\"PropertyValueSpecification\",\"valueRequired\":true,\"valueName\":\"search_term_string\"}}],\"inLanguage\":\"nl-NL\"},{\"@type\":\"Organization\",\"@id\":\"https:\\\/\\\/loisirelectronique.com\\\/#organization\",\"name\":\"Loisir Electronique\",\"url\":\"https:\\\/\\\/loisirelectronique.com\\\/\",\"logo\":{\"@type\":\"ImageObject\",\"inLanguage\":\"nl-NL\",\"@id\":\"https:\\\/\\\/loisirelectronique.com\\\/#\\\/schema\\\/logo\\\/image\\\/\",\"url\":\"http:\\\/\\\/loisirelectronique.com\\\/wp-content\\\/uploads\\\/2026\\\/03\\\/IMG-20260325-WA00112.jpg\",\"contentUrl\":\"http:\\\/\\\/loisirelectronique.com\\\/wp-content\\\/uploads\\\/2026\\\/03\\\/IMG-20260325-WA00112.jpg\",\"width\":418,\"height\":124,\"caption\":\"Loisir Electronique\"},\"image\":{\"@id\":\"https:\\\/\\\/loisirelectronique.com\\\/#\\\/schema\\\/logo\\\/image\\\/\"}}]}<\/script>\n<!-- \/ Yoast SEO plugin. -->","yoast_head_json":{"title":"Politique de confidentialit\u00e9 - Loisir Electronique","robots":{"index":"index","follow":"follow","max-snippet":"max-snippet:-1","max-image-preview":"max-image-preview:large","max-video-preview":"max-video-preview:-1"},"canonical":"https:\/\/loisirelectronique.com\/nl\/politique-de-confidentialite\/","og_locale":"nl_NL","og_type":"article","og_title":"Politique de confidentialit\u00e9 - Loisir Electronique","og_description":"Politique de confidentialit\u00e9 Derni\u00e8re mise \u00e0 jour : 29 janvier 2026 La pr\u00e9sente politique de confidentialit\u00e9 explique comment AUX LOISIR","og_url":"https:\/\/loisirelectronique.com\/nl\/politique-de-confidentialite\/","og_site_name":"Loisir Electronique","article_modified_time":"2026-04-03T09:18:57+00:00","twitter_card":"summary_large_image","twitter_misc":{"Geschatte leestijd":"3 minuten"},"schema":{"@context":"https:\/\/schema.org","@graph":[{"@type":"WebPage","@id":"https:\/\/loisirelectronique.com\/politique-de-confidentialite\/","url":"https:\/\/loisirelectronique.com\/politique-de-confidentialite\/","name":"Politique de confidentialit\u00e9 - Loisir Electronique","isPartOf":{"@id":"https:\/\/loisirelectronique.com\/#website"},"datePublished":"2026-03-25T16:35:04+00:00","dateModified":"2026-04-03T09:18:57+00:00","breadcrumb":{"@id":"https:\/\/loisirelectronique.com\/politique-de-confidentialite\/#breadcrumb"},"inLanguage":"nl-NL","potentialAction":[{"@type":"ReadAction","target":["https:\/\/loisirelectronique.com\/politique-de-confidentialite\/"]}]},{"@type":"BreadcrumbList","@id":"https:\/\/loisirelectronique.com\/politique-de-confidentialite\/#breadcrumb","itemListElement":[{"@type":"ListItem","position":1,"name":"Accueil","item":"https:\/\/loisirelectronique.com\/"},{"@type":"ListItem","position":2,"name":"Politique de confidentialit\u00e9"}]},{"@type":"WebSite","@id":"https:\/\/loisirelectronique.com\/#website","url":"https:\/\/loisirelectronique.com\/","name":"Loisir Electronique","description":"Innovation, qualit\u00e9, performance","publisher":{"@id":"https:\/\/loisirelectronique.com\/#organization"},"potentialAction":[{"@type":"SearchAction","target":{"@type":"EntryPoint","urlTemplate":"https:\/\/loisirelectronique.com\/?s={search_term_string}"},"query-input":{"@type":"PropertyValueSpecification","valueRequired":true,"valueName":"search_term_string"}}],"inLanguage":"nl-NL"},{"@type":"Organization","@id":"https:\/\/loisirelectronique.com\/#organization","name":"Loisir Electronique","url":"https:\/\/loisirelectronique.com\/","logo":{"@type":"ImageObject","inLanguage":"nl-NL","@id":"https:\/\/loisirelectronique.com\/#\/schema\/logo\/image\/","url":"http:\/\/loisirelectronique.com\/wp-content\/uploads\/2026\/03\/IMG-20260325-WA00112.jpg","contentUrl":"http:\/\/loisirelectronique.com\/wp-content\/uploads\/2026\/03\/IMG-20260325-WA00112.jpg","width":418,"height":124,"caption":"Loisir Electronique"},"image":{"@id":"https:\/\/loisirelectronique.com\/#\/schema\/logo\/image\/"}}]}},"jetpack_sharing_enabled":true,"_links":{"self":[{"href":"https:\/\/loisirelectronique.com\/nl\/wp-json\/wp\/v2\/pages\/39","targetHints":{"allow":["GET"]}}],"collection":[{"href":"https:\/\/loisirelectronique.com\/nl\/wp-json\/wp\/v2\/pages"}],"about":[{"href":"https:\/\/loisirelectronique.com\/nl\/wp-json\/wp\/v2\/types\/page"}],"author":[{"embeddable":true,"href":"https:\/\/loisirelectronique.com\/nl\/wp-json\/wp\/v2\/users\/1"}],"replies":[{"embeddable":true,"href":"https:\/\/loisirelectronique.com\/nl\/wp-json\/wp\/v2\/comments?post=39"}],"version-history":[{"count":10,"href":"https:\/\/loisirelectronique.com\/nl\/wp-json\/wp\/v2\/pages\/39\/revisions"}],"predecessor-version":[{"id":30043,"href":"https:\/\/loisirelectronique.com\/nl\/wp-json\/wp\/v2\/pages\/39\/revisions\/30043"}],"wp:attachment":[{"href":"https:\/\/loisirelectronique.com\/nl\/wp-json\/wp\/v2\/media?parent=39"}],"curies":[{"name":"wp","href":"https:\/\/api.w.org\/{rel}","templated":true}]}}