{"id":30032,"date":"2026-04-03T09:07:29","date_gmt":"2026-04-03T09:07:29","guid":{"rendered":"https:\/\/loisirelectronique.com\/?page_id=30032"},"modified":"2026-04-04T11:12:44","modified_gmt":"2026-04-04T11:12:44","slug":"cgv-cgu","status":"publish","type":"page","link":"https:\/\/loisirelectronique.com\/nl\/cgv-cgu\/","title":{"rendered":"CGV\/CGU"},"content":{"rendered":"<div data-elementor-type=\"wp-page\" data-elementor-id=\"30032\" class=\"elementor elementor-30032\" data-elementor-post-type=\"page\">\n\t\t\t\t<div class=\"wd-negative-gap elementor-element elementor-element-6b5a75f e-flex e-con-boxed e-con e-parent\" data-id=\"6b5a75f\" data-element_type=\"container\" data-e-type=\"container\">\n\t\t\t\t\t<div class=\"e-con-inner\">\n\t\t\t\t<div class=\"elementor-element elementor-element-43525dc color-scheme-inherit text-left elementor-widget elementor-widget-text-editor\" data-id=\"43525dc\" data-element_type=\"widget\" data-e-type=\"widget\" data-widget_type=\"text-editor.default\">\n\t\t\t\t\t\t\t\t\t<h1 data-start=\"277\" data-end=\"337\">Conditions G\u00e9n\u00e9rales de Vente et d\u2019Utilisation (CGV \/ CGU)<\/h1><h2 data-start=\"339\" data-end=\"371\">1. Informations sur l\u2019\u00e9diteur<\/h2><p><strong>AUX LOISIRS ELECTRONIQUES\u00a0<\/strong><br \/>Num\u00e9ro de SIREN : 814399515<\/p><p>Si\u00e8ge social : 13 AVENUE MORANE SAULNIER VELIZY ESPACE IMMEUBLE LE BLERIOT, 78140 VELIZY-VILLACOUBLAY<\/p><p data-start=\"687\" data-end=\"759\">Directrice G\u00e9n\u00e9rale :\u00a0<strong data-start=\"873\" data-end=\"906\">Madame <b>SOPHIE SAGUEZ<\/b><\/strong><\/p><p data-start=\"986\" data-end=\"1061\">\ud83d\udce7 Email :\u00a0<strong data-start=\"997\" data-end=\"1023\"><a rel=\"noopener\" data-start=\"999\" data-end=\"1021\">contact@loisirelectronique.com<\/a><\/strong><br data-start=\"1023\" data-end=\"1026\" \/>\ud83d\udcde T\u00e9l\u00e9phone : <strong data-start=\"4660\" data-end=\"4680\">+33\u00a0767343411<\/strong><\/p><hr data-start=\"778\" data-end=\"781\" \/><h2 data-start=\"783\" data-end=\"794\">2. Objet<\/h2><p data-start=\"796\" data-end=\"925\">Le site\u00a0<strong data-start=\"804\" data-end=\"826\"><a target=\"_new\" rel=\"noopener\" data-start=\"806\" data-end=\"824\">www.loisirelectronique.com<\/a><\/strong> est d\u00e9di\u00e9 \u00e0 la Vente, n\u00e9goce, importation, distribution au d\u00e9tail et en gros, de petits v\u00e9hicules \u00e9lectriques de loisir pour enfants, adolescents et adultes : quads, 4\u00d74, motos, trottinettes, v\u00e9los, karts, ainsi que les pi\u00e8ces d\u00e9tach\u00e9es aff\u00e9rentes tant par un site internet que dans un showroom.\u00a0<\/p><p data-start=\"927\" data-end=\"1050\">Les pr\u00e9sentes conditions d\u00e9finissent les droits et obligations applicables \u00e0 toute utilisation du site et \u00e0 toute commande.<\/p><hr data-start=\"1052\" data-end=\"1055\" \/><h2 data-start=\"1057\" data-end=\"1091\">3. Acc\u00e8s et utilisation du site<\/h2><p data-start=\"1093\" data-end=\"1262\">L\u2019acc\u00e8s au site est r\u00e9serv\u00e9 aux personnes disposant de la capacit\u00e9 juridique.<br data-start=\"1170\" data-end=\"1173\" \/>L\u2019utilisateur s\u2019engage \u00e0 utiliser le site conform\u00e9ment aux lois et r\u00e8glements en vigueur.<\/p><hr data-start=\"1264\" data-end=\"1267\" \/><h2 data-start=\"1269\" data-end=\"1283\">4. Produits<\/h2><p data-start=\"1285\" data-end=\"1422\">Les produits propos\u00e9s sont d\u00e9crits avec la plus grande exactitude possible.<br data-start=\"1360\" data-end=\"1363\" \/>Les photographies et illustrations sont non contractuelles.<\/p><p data-start=\"1424\" data-end=\"1487\">Les offres sont valables dans la limite des stocks disponibles.<\/p><hr data-start=\"1489\" data-end=\"1492\" \/><h2 data-start=\"1494\" data-end=\"1504\">5. Prix<\/h2><p data-start=\"1506\" data-end=\"1576\">Les prix sont indiqu\u00e9s en\u00a0<strong data-start=\"1532\" data-end=\"1575\">euros (\u20ac), toutes taxes comprises (TTC)<\/strong>.<\/p><p data-start=\"1578\" data-end=\"1658\">\ud83d\udc49\u00a0<strong data-start=\"1581\" data-end=\"1635\">La livraison est offerte pour toutes les commandes<\/strong>, sans minimum d\u2019achat en France et Belgique.<\/p><hr data-start=\"1660\" data-end=\"1663\" \/><h2 data-start=\"1665\" data-end=\"1679\">6. Commande<\/h2><p data-start=\"1681\" data-end=\"1780\">Toute commande pass\u00e9e sur le site implique l\u2019acceptation pleine et enti\u00e8re des pr\u00e9sentes CGV \/ CGU.<\/p><p data-start=\"1782\" data-end=\"1878\">Une confirmation de commande est envoy\u00e9e par courrier \u00e9lectronique apr\u00e8s validation du paiement.<\/p><hr data-start=\"1880\" data-end=\"1883\" \/><h2 data-start=\"1885\" data-end=\"1899\">7. Paiement<\/h2><p data-start=\"1901\" data-end=\"2047\">Le paiement est exigible imm\u00e9diatement lors de la commande.<br data-start=\"1960\" data-end=\"1963\" \/>Les moyens de paiement accept\u00e9s sont ceux propos\u00e9s sur le site au moment de l\u2019achat.<\/p><p data-start=\"2049\" data-end=\"2082\">Les transactions sont s\u00e9curis\u00e9es.<\/p><hr data-start=\"2084\" data-end=\"2087\" \/><h2 data-start=\"2089\" data-end=\"2104\">8. Livraison<\/h2><p data-start=\"2179\" data-end=\"2315\">\u23f1\u00a0<strong data-start=\"2181\" data-end=\"2204\">D\u00e9lais de livraison<\/strong>\u00a0:<br data-start=\"2206\" data-end=\"2209\" \/>Les commandes sont livr\u00e9es dans un d\u00e9lai estim\u00e9 de\u00a0<strong data-start=\"2260\" data-end=\"2282\">3 \u00e0 7 jours ouvr\u00e9s<\/strong>\u00a0apr\u00e8s validation de la commande.<\/p><p data-start=\"2317\" data-end=\"2415\">\ud83d\ude9a\u00a0<strong data-start=\"2320\" data-end=\"2342\">Frais de livraison<\/strong>\u00a0:<\/p><p data-start=\"503\" data-end=\"584\">Les frais d\u2019exp\u00e9dition sont calcul\u00e9s et affich\u00e9s lors du processus de paiement.<\/p><p data-start=\"2317\" data-end=\"2415\"><br data-start=\"2344\" data-end=\"2347\" \/>Actuellement la livraison est <strong data-start=\"2364\" data-end=\"2388\">enti\u00e8rement gratuite<\/strong> pour toutes les commandes en France et Belgique.<\/p><p data-start=\"2417\" data-end=\"2497\">\u00a0<\/p><hr data-start=\"2499\" data-end=\"2502\" \/><h2 data-start=\"2504\" data-end=\"2542\">9. Droit de r\u00e9tractation et retours<\/h2><p data-start=\"2544\" data-end=\"2707\">Conform\u00e9ment \u00e0 la l\u00e9gislation en vigueur, le client dispose d\u2019un\u00a0<strong data-start=\"2609\" data-end=\"2630\">d\u00e9lai de 14 jours<\/strong>\u00a0\u00e0 compter de la r\u00e9ception du produit pour exercer son droit de r\u00e9tractation.<\/p><p data-start=\"2709\" data-end=\"2727\">\ud83d\udd01\u00a0<strong data-start=\"2712\" data-end=\"2723\">Retours<\/strong>\u00a0:<\/p><ul data-start=\"2728\" data-end=\"2876\"><li data-start=\"2728\" data-end=\"2761\"><p data-start=\"2730\" data-end=\"2761\">Les retours sont\u00a0<strong data-start=\"2747\" data-end=\"2759\">gratuits<\/strong><\/p><\/li><li data-start=\"2762\" data-end=\"2876\"><p data-start=\"2764\" data-end=\"2876\">Les produits doivent \u00eatre retourn\u00e9s non utilis\u00e9s, dans leur \u00e9tat d\u2019origine, avec leurs accessoires et emballages<\/p><\/li><\/ul><p data-start=\"2878\" data-end=\"2959\">\ud83d\udce7 Pour exercer ce droit, le client doit contacter :<br data-start=\"2930\" data-end=\"2933\" \/><strong data-start=\"2933\" data-end=\"2959\"><a rel=\"noopener\" data-start=\"2935\" data-end=\"2957\">contact@loisirelectronique.com<\/a><\/strong><\/p><hr data-start=\"2961\" data-end=\"2964\" \/><h2 data-start=\"2966\" data-end=\"2986\">10. Remboursement<\/h2><p data-start=\"2988\" data-end=\"3189\">En cas de retour conforme ou d\u2019exercice du droit de r\u00e9tractation, le remboursement est effectu\u00e9 dans un\u00a0<strong data-start=\"3092\" data-end=\"3120\">d\u00e9lai maximum de 14 jours<\/strong>\u00a0\u00e0 compter de la r\u00e9ception et de la v\u00e9rification du produit retourn\u00e9.<\/p><p data-start=\"3191\" data-end=\"3332\">Le remboursement est r\u00e9alis\u00e9 via le\u00a0<strong data-start=\"3227\" data-end=\"3253\">m\u00eame moyen de paiement<\/strong>\u00a0que celui utilis\u00e9 lors de la commande, sauf accord expr\u00e8s contraire du client.<\/p><hr data-start=\"3334\" data-end=\"3337\" \/><h2 data-start=\"3339\" data-end=\"3363\">11. Garanties l\u00e9gales<\/h2><p data-start=\"3365\" data-end=\"3391\">Les produits b\u00e9n\u00e9ficient :<\/p><ul data-start=\"3392\" data-end=\"3534\"><li data-start=\"3392\" data-end=\"3436\"><p data-start=\"3394\" data-end=\"3436\">de la\u00a0<strong data-start=\"3400\" data-end=\"3433\">garantie l\u00e9gale de conformit\u00e9<\/strong>,<\/p><\/li><li data-start=\"3437\" data-end=\"3534\"><p data-start=\"3439\" data-end=\"3534\">de la\u00a0<strong data-start=\"3445\" data-end=\"3481\">garantie contre les vices cach\u00e9s<\/strong>,<br data-start=\"3482\" data-end=\"3485\" \/>conform\u00e9ment aux dispositions l\u00e9gales en vigueur.<\/p><\/li><\/ul><p data-start=\"3536\" data-end=\"3627\">Toute demande relative aux garanties doit \u00eatre adress\u00e9e \u00e0 :<br data-start=\"3595\" data-end=\"3598\" \/>\ud83d\udce7\u00a0<strong data-start=\"3601\" data-end=\"3627\"><a rel=\"noopener\" data-start=\"3603\" data-end=\"3625\">contact@loisirelectronique.com<\/a><\/strong><\/p><hr data-start=\"3629\" data-end=\"3632\" \/><h2 data-start=\"3634\" data-end=\"3655\">12. Responsabilit\u00e9<\/h2><p data-start=\"3657\" data-end=\"3803\">La responsabilit\u00e9 de\u00a0<strong data-start=\"3678\" data-end=\"3699\">AUX LOISIRS ELECTRONIQUES<\/strong>\u00a0ne saurait \u00eatre engag\u00e9e pour des dommages indirects r\u00e9sultant de l\u2019utilisation du site ou des produits.<\/p><hr data-start=\"3805\" data-end=\"3808\" \/><h2 data-start=\"3810\" data-end=\"3837\">13. Donn\u00e9es personnelles<\/h2><p data-start=\"3839\" data-end=\"3953\">Les donn\u00e9es personnelles sont trait\u00e9es conform\u00e9ment au\u00a0<strong data-start=\"3894\" data-end=\"3952\">R\u00e8glement G\u00e9n\u00e9ral sur la Protection des Donn\u00e9es (RGPD)<\/strong>.<\/p><p data-start=\"3955\" data-end=\"4142\">L\u2019utilisateur dispose d\u2019un droit d\u2019acc\u00e8s, de rectification, d\u2019effacement, d\u2019opposition et de portabilit\u00e9 de ses donn\u00e9es, qu\u2019il peut exercer en contactant :<br data-start=\"4110\" data-end=\"4113\" \/>\ud83d\udce7\u00a0<strong data-start=\"4116\" data-end=\"4142\"><a rel=\"noopener\" data-start=\"4118\" data-end=\"4140\">contact@<\/a><a rel=\"noopener\" data-start=\"3603\" data-end=\"3625\">loisirelectronique<\/a><a rel=\"noopener\" data-start=\"4118\" data-end=\"4140\">.com<\/a><\/strong><\/p><hr data-start=\"4144\" data-end=\"4147\" \/><h2 data-start=\"4149\" data-end=\"4180\">14. Propri\u00e9t\u00e9 intellectuelle<\/h2><p data-start=\"4182\" data-end=\"4361\">Tous les \u00e9l\u00e9ments pr\u00e9sents sur le site\u00a0<strong data-start=\"4221\" data-end=\"4243\"><a target=\"_new\" rel=\"noopener\" data-start=\"4223\" data-end=\"4241\">www.<\/a><a rel=\"noopener\" data-start=\"3603\" data-end=\"3625\">loisirelectronique<\/a><a target=\"_new\" rel=\"noopener\" data-start=\"4223\" data-end=\"4241\">.com<\/a><\/strong>\u00a0sont prot\u00e9g\u00e9s par le droit de la propri\u00e9t\u00e9 intellectuelle et restent la propri\u00e9t\u00e9 exclusive de\u00a0<strong data-start=\"4339\" data-end=\"4360\">AUX LOISIRS ELECTRONIQUES<\/strong>.<\/p><p data-start=\"4363\" data-end=\"4425\">Toute reproduction ou utilisation non autoris\u00e9e est interdite.<\/p><hr data-start=\"4427\" data-end=\"4430\" \/><h2 data-start=\"4432\" data-end=\"4466\">15. Droit applicable et litiges<\/h2><p data-start=\"4468\" data-end=\"4566\">Les pr\u00e9sentes CGV \/ CGU sont soumises au\u00a0<strong data-start=\"4509\" data-end=\"4527\">droit fran\u00e7ais<\/strong>\u00a0et au\u00a0<strong data-start=\"4534\" data-end=\"4565\">droit de l\u2019Union europ\u00e9enne<\/strong>.<\/p><p data-start=\"4568\" data-end=\"4653\">En cas de litige, une solution amiable sera recherch\u00e9e avant toute action judiciaire.<\/p>\t\t\t\t\t\t\t\t<\/div>\n\t\t\t\t\t<\/div>\n\t\t\t\t<\/div>\n\t\t\t\t<\/div>","protected":false},"excerpt":{"rendered":"<p>Conditions G\u00e9n\u00e9rales de Vente et d\u2019Utilisation (CGV \/ CGU) 1. Informations sur l\u2019\u00e9diteur AUX LOISIRS ELECTRONIQUES\u00a0Num\u00e9ro de SIREN : 814399515<\/p>","protected":false},"author":2,"featured_media":0,"parent":0,"menu_order":0,"comment_status":"closed","ping_status":"closed","template":"","meta":{"footnotes":""},"class_list":["post-30032","page","type-page","status-publish","hentry"],"yoast_head":"<!-- This site is optimized with the Yoast SEO plugin v27.5 - https:\/\/yoast.com\/product\/yoast-seo-wordpress\/ -->\n<title>CGV\/CGU - Loisir Electronique<\/title>\n<meta name=\"description\" content=\"CGV\/CGU : consultez les conditions d\u2019utilisation et de vente, ainsi que vos droits et obligations sur notre plateforme.\" \/>\n<meta name=\"robots\" content=\"index, follow, max-snippet:-1, max-image-preview:large, max-video-preview:-1\" \/>\n<link rel=\"canonical\" href=\"https:\/\/loisirelectronique.com\/nl\/cgv-cgu\/\" \/>\n<meta property=\"og:locale\" content=\"nl_NL\" \/>\n<meta property=\"og:type\" content=\"article\" \/>\n<meta property=\"og:title\" content=\"CGV\/CGU - Loisir Electronique\" \/>\n<meta property=\"og:description\" content=\"CGV\/CGU : consultez les conditions d\u2019utilisation et de vente, ainsi que vos droits et obligations sur notre plateforme.\" \/>\n<meta property=\"og:url\" content=\"https:\/\/loisirelectronique.com\/nl\/cgv-cgu\/\" \/>\n<meta property=\"og:site_name\" content=\"Loisir Electronique\" \/>\n<meta property=\"article:modified_time\" content=\"2026-04-04T11:12:44+00:00\" \/>\n<meta name=\"twitter:card\" content=\"summary_large_image\" \/>\n<meta name=\"twitter:label1\" content=\"Geschatte leestijd\" \/>\n\t<meta name=\"twitter:data1\" content=\"4 minuten\" \/>\n<script type=\"application\/ld+json\" class=\"yoast-schema-graph\">{\"@context\":\"https:\\\/\\\/schema.org\",\"@graph\":[{\"@type\":\"WebPage\",\"@id\":\"https:\\\/\\\/loisirelectronique.com\\\/cgv-cgu\\\/\",\"url\":\"https:\\\/\\\/loisirelectronique.com\\\/cgv-cgu\\\/\",\"name\":\"CGV\\\/CGU - Loisir Electronique\",\"isPartOf\":{\"@id\":\"https:\\\/\\\/loisirelectronique.com\\\/#website\"},\"datePublished\":\"2026-04-03T09:07:29+00:00\",\"dateModified\":\"2026-04-04T11:12:44+00:00\",\"description\":\"CGV\\\/CGU : consultez les conditions d\u2019utilisation et de vente, ainsi que vos droits et obligations sur notre plateforme.\",\"breadcrumb\":{\"@id\":\"https:\\\/\\\/loisirelectronique.com\\\/cgv-cgu\\\/#breadcrumb\"},\"inLanguage\":\"nl-NL\",\"potentialAction\":[{\"@type\":\"ReadAction\",\"target\":[\"https:\\\/\\\/loisirelectronique.com\\\/cgv-cgu\\\/\"]}]},{\"@type\":\"BreadcrumbList\",\"@id\":\"https:\\\/\\\/loisirelectronique.com\\\/cgv-cgu\\\/#breadcrumb\",\"itemListElement\":[{\"@type\":\"ListItem\",\"position\":1,\"name\":\"Accueil\",\"item\":\"https:\\\/\\\/loisirelectronique.com\\\/\"},{\"@type\":\"ListItem\",\"position\":2,\"name\":\"CGV\\\/CGU\"}]},{\"@type\":\"WebSite\",\"@id\":\"https:\\\/\\\/loisirelectronique.com\\\/#website\",\"url\":\"https:\\\/\\\/loisirelectronique.com\\\/\",\"name\":\"Loisir Electronique\",\"description\":\"Innovation, qualit\u00e9, performance\",\"publisher\":{\"@id\":\"https:\\\/\\\/loisirelectronique.com\\\/#organization\"},\"potentialAction\":[{\"@type\":\"SearchAction\",\"target\":{\"@type\":\"EntryPoint\",\"urlTemplate\":\"https:\\\/\\\/loisirelectronique.com\\\/?s={search_term_string}\"},\"query-input\":{\"@type\":\"PropertyValueSpecification\",\"valueRequired\":true,\"valueName\":\"search_term_string\"}}],\"inLanguage\":\"nl-NL\"},{\"@type\":\"Organization\",\"@id\":\"https:\\\/\\\/loisirelectronique.com\\\/#organization\",\"name\":\"Loisir Electronique\",\"url\":\"https:\\\/\\\/loisirelectronique.com\\\/\",\"logo\":{\"@type\":\"ImageObject\",\"inLanguage\":\"nl-NL\",\"@id\":\"https:\\\/\\\/loisirelectronique.com\\\/#\\\/schema\\\/logo\\\/image\\\/\",\"url\":\"http:\\\/\\\/loisirelectronique.com\\\/wp-content\\\/uploads\\\/2026\\\/03\\\/IMG-20260325-WA00112.jpg\",\"contentUrl\":\"http:\\\/\\\/loisirelectronique.com\\\/wp-content\\\/uploads\\\/2026\\\/03\\\/IMG-20260325-WA00112.jpg\",\"width\":418,\"height\":124,\"caption\":\"Loisir Electronique\"},\"image\":{\"@id\":\"https:\\\/\\\/loisirelectronique.com\\\/#\\\/schema\\\/logo\\\/image\\\/\"}}]}<\/script>\n<!-- \/ Yoast SEO plugin. -->","yoast_head_json":{"title":"CGV\/CGU - Loisir Electronique","description":"CGV\/CGU : consultez les conditions d\u2019utilisation et de vente, ainsi que vos droits et obligations sur notre plateforme.","robots":{"index":"index","follow":"follow","max-snippet":"max-snippet:-1","max-image-preview":"max-image-preview:large","max-video-preview":"max-video-preview:-1"},"canonical":"https:\/\/loisirelectronique.com\/nl\/cgv-cgu\/","og_locale":"nl_NL","og_type":"article","og_title":"CGV\/CGU - Loisir Electronique","og_description":"CGV\/CGU : consultez les conditions d\u2019utilisation et de vente, ainsi que vos droits et obligations sur notre plateforme.","og_url":"https:\/\/loisirelectronique.com\/nl\/cgv-cgu\/","og_site_name":"Loisir Electronique","article_modified_time":"2026-04-04T11:12:44+00:00","twitter_card":"summary_large_image","twitter_misc":{"Geschatte leestijd":"4 minuten"},"schema":{"@context":"https:\/\/schema.org","@graph":[{"@type":"WebPage","@id":"https:\/\/loisirelectronique.com\/cgv-cgu\/","url":"https:\/\/loisirelectronique.com\/cgv-cgu\/","name":"CGV\/CGU - Loisir Electronique","isPartOf":{"@id":"https:\/\/loisirelectronique.com\/#website"},"datePublished":"2026-04-03T09:07:29+00:00","dateModified":"2026-04-04T11:12:44+00:00","description":"CGV\/CGU : consultez les conditions d\u2019utilisation et de vente, ainsi que vos droits et obligations sur notre plateforme.","breadcrumb":{"@id":"https:\/\/loisirelectronique.com\/cgv-cgu\/#breadcrumb"},"inLanguage":"nl-NL","potentialAction":[{"@type":"ReadAction","target":["https:\/\/loisirelectronique.com\/cgv-cgu\/"]}]},{"@type":"BreadcrumbList","@id":"https:\/\/loisirelectronique.com\/cgv-cgu\/#breadcrumb","itemListElement":[{"@type":"ListItem","position":1,"name":"Accueil","item":"https:\/\/loisirelectronique.com\/"},{"@type":"ListItem","position":2,"name":"CGV\/CGU"}]},{"@type":"WebSite","@id":"https:\/\/loisirelectronique.com\/#website","url":"https:\/\/loisirelectronique.com\/","name":"Loisir Electronique","description":"Innovation, qualit\u00e9, performance","publisher":{"@id":"https:\/\/loisirelectronique.com\/#organization"},"potentialAction":[{"@type":"SearchAction","target":{"@type":"EntryPoint","urlTemplate":"https:\/\/loisirelectronique.com\/?s={search_term_string}"},"query-input":{"@type":"PropertyValueSpecification","valueRequired":true,"valueName":"search_term_string"}}],"inLanguage":"nl-NL"},{"@type":"Organization","@id":"https:\/\/loisirelectronique.com\/#organization","name":"Loisir Electronique","url":"https:\/\/loisirelectronique.com\/","logo":{"@type":"ImageObject","inLanguage":"nl-NL","@id":"https:\/\/loisirelectronique.com\/#\/schema\/logo\/image\/","url":"http:\/\/loisirelectronique.com\/wp-content\/uploads\/2026\/03\/IMG-20260325-WA00112.jpg","contentUrl":"http:\/\/loisirelectronique.com\/wp-content\/uploads\/2026\/03\/IMG-20260325-WA00112.jpg","width":418,"height":124,"caption":"Loisir Electronique"},"image":{"@id":"https:\/\/loisirelectronique.com\/#\/schema\/logo\/image\/"}}]}},"jetpack_sharing_enabled":true,"_links":{"self":[{"href":"https:\/\/loisirelectronique.com\/nl\/wp-json\/wp\/v2\/pages\/30032","targetHints":{"allow":["GET"]}}],"collection":[{"href":"https:\/\/loisirelectronique.com\/nl\/wp-json\/wp\/v2\/pages"}],"about":[{"href":"https:\/\/loisirelectronique.com\/nl\/wp-json\/wp\/v2\/types\/page"}],"author":[{"embeddable":true,"href":"https:\/\/loisirelectronique.com\/nl\/wp-json\/wp\/v2\/users\/2"}],"replies":[{"embeddable":true,"href":"https:\/\/loisirelectronique.com\/nl\/wp-json\/wp\/v2\/comments?post=30032"}],"version-history":[{"count":7,"href":"https:\/\/loisirelectronique.com\/nl\/wp-json\/wp\/v2\/pages\/30032\/revisions"}],"predecessor-version":[{"id":30040,"href":"https:\/\/loisirelectronique.com\/nl\/wp-json\/wp\/v2\/pages\/30032\/revisions\/30040"}],"wp:attachment":[{"href":"https:\/\/loisirelectronique.com\/nl\/wp-json\/wp\/v2\/media?parent=30032"}],"curies":[{"name":"wp","href":"https:\/\/api.w.org\/{rel}","templated":true}]}}