{"id":29155,"date":"2026-03-27T00:48:07","date_gmt":"2026-03-27T00:48:07","guid":{"rendered":"https:\/\/loisirelectronique.com\/?page_id=29155"},"modified":"2026-04-03T08:29:15","modified_gmt":"2026-04-03T08:29:15","slug":"normes-et-conformites","status":"publish","type":"page","link":"https:\/\/loisirelectronique.com\/nl\/normes-et-conformites\/","title":{"rendered":"Normes et conformites"},"content":{"rendered":"<div data-elementor-type=\"wp-page\" data-elementor-id=\"29155\" class=\"elementor elementor-29155\" data-elementor-post-type=\"page\">\n\t\t\t\t<div class=\"wd-negative-gap elementor-element elementor-element-d34193b e-flex e-con-boxed e-con e-parent\" data-id=\"d34193b\" data-element_type=\"container\" data-e-type=\"container\">\n\t\t\t\t\t<div class=\"e-con-inner\">\n\t\t\t\t<div class=\"elementor-element elementor-element-8c6e213 color-scheme-inherit text-left elementor-widget elementor-widget-text-editor\" data-id=\"8c6e213\" data-element_type=\"widget\" data-e-type=\"widget\" data-widget_type=\"text-editor.default\">\n\t\t\t\t\t\t\t\t\t<h1 data-section-id=\"6ufwpq\" data-start=\"259\" data-end=\"311\">Normes et conformites<\/h1><h1 data-section-id=\"6ufwpq\" data-start=\"259\" data-end=\"311\"><span role=\"text\">\ud83d\udd27 <strong data-start=\"264\" data-end=\"311\">Qualit\u00e9 &amp; S\u00e9curit\u00e9 garanties chez Loisir Electronique<\/strong><\/span><\/h1><p data-start=\"313\" data-end=\"480\">Chez <a href=\"https:\/\/loisirelectronique.com\/nl\/\"><strong data-start=\"318\" data-end=\"331\">Loisir Electronique<\/strong><\/a>, nous s\u00e9lectionnons des produits fiables et performants, con\u00e7us pour r\u00e9pondre aux exigences du march\u00e9 et garantir une utilisation en toute s\u00e9curit\u00e9.<\/p><hr data-start=\"482\" data-end=\"485\" \/><h2 data-section-id=\"1rg40gx\" data-start=\"487\" data-end=\"527\"><span role=\"text\">\ud83d\udee1\ufe0f <strong data-start=\"494\" data-end=\"527\">Produits conformes et fiables<\/strong><\/span><\/h2><p data-start=\"529\" data-end=\"666\">Tous nos \u00e9quipements (v\u00e9los, pneus, jantes, accessoires et mat\u00e9riels) sont choisis selon des crit\u00e8res stricts de qualit\u00e9 afin d\u2019assurer :<\/p><ul data-start=\"668\" data-end=\"769\"><li data-section-id=\"f9nlhi\" data-start=\"668\" data-end=\"697\">une excellente durabilit\u00e9<\/li><li data-section-id=\"1y8j3ih\" data-start=\"698\" data-end=\"726\">une performance optimale<\/li><li data-section-id=\"86fqux\" data-start=\"727\" data-end=\"769\">une utilisation s\u00e9curis\u00e9e au quotidien<\/li><\/ul><hr data-start=\"771\" data-end=\"774\" \/><h2 data-section-id=\"1ockjvr\" data-start=\"776\" data-end=\"806\"><span role=\"text\">\u2699\ufe0f <strong data-start=\"782\" data-end=\"806\">Standards de qualit\u00e9<\/strong><\/span><\/h2><p data-start=\"808\" data-end=\"903\">Nous privil\u00e9gions des produits respectant les standards de fabrication reconnus, garantissant :<\/p><ul data-start=\"905\" data-end=\"1060\"><li data-section-id=\"kxgc2p\" data-start=\"905\" data-end=\"969\">compatibilit\u00e9 avec les usages professionnels et particuliers<\/li><li data-section-id=\"nzb1i3\" data-start=\"970\" data-end=\"997\">fiabilit\u00e9 dans le temps<\/li><li data-section-id=\"1s8aww1\" data-start=\"998\" data-end=\"1060\">performance sur diff\u00e9rents types de terrains et conditions<\/li><\/ul><hr data-start=\"1062\" data-end=\"1065\" \/><h2 data-section-id=\"s852b6\" data-start=\"1067\" data-end=\"1109\"><span role=\"text\">\ud83d\udd29 <strong data-start=\"1073\" data-end=\"1109\">Mat\u00e9riaux r\u00e9sistants et durables<\/strong><\/span><\/h2><p data-start=\"1111\" data-end=\"1215\">Nos produits sont con\u00e7us avec des mat\u00e9riaux robustes et adapt\u00e9s \u00e0 des conditions d\u2019utilisation vari\u00e9es :<\/p><ul data-start=\"1217\" data-end=\"1313\"><li data-section-id=\"75gl5i\" data-start=\"1217\" data-end=\"1241\">r\u00e9sistance \u00e0 l\u2019usure<\/li><li data-section-id=\"15euhqf\" data-start=\"1242\" data-end=\"1289\">bonne tenue face aux conditions climatiques<\/li><li data-section-id=\"1fe5nlw\" data-start=\"1290\" data-end=\"1313\">long\u00e9vit\u00e9 renforc\u00e9e<\/li><\/ul><hr data-start=\"1315\" data-end=\"1318\" \/><h2 data-section-id=\"1vper2b\" data-start=\"1320\" data-end=\"1362\"><span role=\"text\">\ud83d\udd0d <strong data-start=\"1326\" data-end=\"1362\">Contr\u00f4le et s\u00e9lection rigoureuse<\/strong><\/span><\/h2><p data-start=\"1364\" data-end=\"1461\">Avant mise en vente, chaque produit est s\u00e9lectionn\u00e9 pour r\u00e9pondre \u00e0 nos exigences en mati\u00e8re de :<\/p><ul data-start=\"1463\" data-end=\"1504\"><li data-section-id=\"1xmaj5h\" data-start=\"1463\" data-end=\"1474\">qualit\u00e9<\/li><li data-section-id=\"1b1bncl\" data-start=\"1475\" data-end=\"1488\">fiabilit\u00e9<\/li><li data-section-id=\"34qqnk\" data-start=\"1489\" data-end=\"1504\">performance<\/li><\/ul><hr data-start=\"1506\" data-end=\"1509\" \/><h1 data-section-id=\"1kvlxmo\" data-start=\"1511\" data-end=\"1548\"><span role=\"text\">\ud83c\udf0d <strong data-start=\"1516\" data-end=\"1548\">Pourquoi choisir <a href=\"https:\/\/loisirelectronique.com\/nl\/\">Loisir Electronique<\/a> ?<\/strong><\/span><\/h1><p data-start=\"1550\" data-end=\"1746\">\u2714\ufe0f Des produits fiables et soigneusement s\u00e9lectionn\u00e9s<br data-start=\"1603\" data-end=\"1606\" \/>\u2714\ufe0f Une qualit\u00e9 adapt\u00e9e aux besoins du terrain<br data-start=\"1651\" data-end=\"1654\" \/>\u2714\ufe0f Des \u00e9quipements durables et performants<br data-start=\"1696\" data-end=\"1699\" \/>\u2714\ufe0f Un partenaire de confiance pour vos achats<\/p><hr data-start=\"1236\" data-end=\"1239\" \/><p data-start=\"1541\" data-end=\"1630\">\ud83d\udcde Besoin d\u2019informations ou d\u2019un devis personnalis\u00e9 ?<br data-start=\"1594\" data-end=\"1597\" \/>Contactez-nous d\u00e8s maintenant :<\/p><ul data-start=\"1631\" data-end=\"1762\"><li data-start=\"1631\" data-end=\"1667\"><p data-start=\"1633\" data-end=\"1667\"><strong data-start=\"1633\" data-end=\"1642\">Email<\/strong>\u00a0:\u00a0<a class=\"decorated-link cursor-pointer\" rel=\"noopener\" data-start=\"1645\" data-end=\"1665\">contact@loisirelectronique.com<\/a><\/p><\/li><li data-start=\"1668\" data-end=\"1704\"><p data-start=\"1670\" data-end=\"1704\"><strong data-start=\"1670\" data-end=\"1683\">T\u00e9l\u00e9phone<\/strong> : +33 767343411<\/p><\/li><li data-start=\"1705\" data-end=\"1732\"><p data-start=\"1707\" data-end=\"1732\"><strong data-start=\"1707\" data-end=\"1716\">SIREN<\/strong> : 814399515<\/p><\/li><li data-start=\"1733\" data-end=\"1762\"><p data-start=\"1735\" data-end=\"1762\"><strong data-start=\"1735\" data-end=\"1746\">Adresse<\/strong> : 13 AVENUE MORANE SAULNIER VELIZY ESPACE IMMEUBLE LE BLERIOT, 78140 VELIZY-VILLACOUBLAY<\/p><\/li><\/ul><p data-start=\"1764\" data-end=\"1862\">Chez <strong data-start=\"1769\" data-end=\"1782\">Loisir Electronique<\/strong>, vous choisissez la\u00a0<strong data-start=\"1803\" data-end=\"1859\"><a href=\"https:\/\/loisirelectronique.com\/nl\/politique-de-confidentialite\/\">s\u00e9curit\u00e9<\/a>, la performance et la tranquillit\u00e9 d\u2019esprit<\/strong>.<\/p>\t\t\t\t\t\t\t\t<\/div>\n\t\t\t\t\t<\/div>\n\t\t\t\t<\/div>\n\t\t\t\t<\/div>","protected":false},"excerpt":{"rendered":"<p>Normes et conformites \ud83d\udd27 Qualit\u00e9 &amp; S\u00e9curit\u00e9 garanties chez Loisir Electronique Chez Loisir Electronique, nous s\u00e9lectionnons des produits fiables et<\/p>","protected":false},"author":1,"featured_media":0,"parent":0,"menu_order":0,"comment_status":"closed","ping_status":"closed","template":"","meta":{"footnotes":""},"class_list":["post-29155","page","type-page","status-publish","hentry"],"yoast_head":"<!-- This site is optimized with the Yoast SEO plugin v27.5 - https:\/\/yoast.com\/product\/yoast-seo-wordpress\/ -->\n<title>Normes et conformites - Loisir Electronique<\/title>\n<meta name=\"robots\" content=\"index, follow, max-snippet:-1, max-image-preview:large, max-video-preview:-1\" \/>\n<link rel=\"canonical\" href=\"https:\/\/loisirelectronique.com\/nl\/normes-et-conformites\/\" \/>\n<meta property=\"og:locale\" content=\"nl_NL\" \/>\n<meta property=\"og:type\" content=\"article\" \/>\n<meta property=\"og:title\" content=\"Normes et conformites - Loisir Electronique\" \/>\n<meta property=\"og:description\" content=\"Normes et conformites \ud83d\udd27 Qualit\u00e9 &amp; S\u00e9curit\u00e9 garanties chez Loisir Electronique Chez Loisir Electronique, nous s\u00e9lectionnons des produits fiables et\" \/>\n<meta property=\"og:url\" content=\"https:\/\/loisirelectronique.com\/nl\/normes-et-conformites\/\" \/>\n<meta property=\"og:site_name\" content=\"Loisir Electronique\" \/>\n<meta property=\"article:modified_time\" content=\"2026-04-03T08:29:15+00:00\" \/>\n<meta name=\"twitter:card\" content=\"summary_large_image\" \/>\n<meta name=\"twitter:label1\" content=\"Geschatte leestijd\" \/>\n\t<meta name=\"twitter:data1\" content=\"2 minuten\" \/>\n<script type=\"application\/ld+json\" class=\"yoast-schema-graph\">{\"@context\":\"https:\\\/\\\/schema.org\",\"@graph\":[{\"@type\":\"WebPage\",\"@id\":\"https:\\\/\\\/loisirelectronique.com\\\/normes-et-conformites\\\/\",\"url\":\"https:\\\/\\\/loisirelectronique.com\\\/normes-et-conformites\\\/\",\"name\":\"Normes et conformites - Loisir Electronique\",\"isPartOf\":{\"@id\":\"https:\\\/\\\/loisirelectronique.com\\\/#website\"},\"datePublished\":\"2026-03-27T00:48:07+00:00\",\"dateModified\":\"2026-04-03T08:29:15+00:00\",\"breadcrumb\":{\"@id\":\"https:\\\/\\\/loisirelectronique.com\\\/normes-et-conformites\\\/#breadcrumb\"},\"inLanguage\":\"nl-NL\",\"potentialAction\":[{\"@type\":\"ReadAction\",\"target\":[\"https:\\\/\\\/loisirelectronique.com\\\/normes-et-conformites\\\/\"]}]},{\"@type\":\"BreadcrumbList\",\"@id\":\"https:\\\/\\\/loisirelectronique.com\\\/normes-et-conformites\\\/#breadcrumb\",\"itemListElement\":[{\"@type\":\"ListItem\",\"position\":1,\"name\":\"Accueil\",\"item\":\"https:\\\/\\\/loisirelectronique.com\\\/\"},{\"@type\":\"ListItem\",\"position\":2,\"name\":\"Normes et conformites\"}]},{\"@type\":\"WebSite\",\"@id\":\"https:\\\/\\\/loisirelectronique.com\\\/#website\",\"url\":\"https:\\\/\\\/loisirelectronique.com\\\/\",\"name\":\"Loisir Electronique\",\"description\":\"Innovation, qualit\u00e9, performance\",\"publisher\":{\"@id\":\"https:\\\/\\\/loisirelectronique.com\\\/#organization\"},\"potentialAction\":[{\"@type\":\"SearchAction\",\"target\":{\"@type\":\"EntryPoint\",\"urlTemplate\":\"https:\\\/\\\/loisirelectronique.com\\\/?s={search_term_string}\"},\"query-input\":{\"@type\":\"PropertyValueSpecification\",\"valueRequired\":true,\"valueName\":\"search_term_string\"}}],\"inLanguage\":\"nl-NL\"},{\"@type\":\"Organization\",\"@id\":\"https:\\\/\\\/loisirelectronique.com\\\/#organization\",\"name\":\"Loisir Electronique\",\"url\":\"https:\\\/\\\/loisirelectronique.com\\\/\",\"logo\":{\"@type\":\"ImageObject\",\"inLanguage\":\"nl-NL\",\"@id\":\"https:\\\/\\\/loisirelectronique.com\\\/#\\\/schema\\\/logo\\\/image\\\/\",\"url\":\"http:\\\/\\\/loisirelectronique.com\\\/wp-content\\\/uploads\\\/2026\\\/03\\\/IMG-20260325-WA00112.jpg\",\"contentUrl\":\"http:\\\/\\\/loisirelectronique.com\\\/wp-content\\\/uploads\\\/2026\\\/03\\\/IMG-20260325-WA00112.jpg\",\"width\":418,\"height\":124,\"caption\":\"Loisir Electronique\"},\"image\":{\"@id\":\"https:\\\/\\\/loisirelectronique.com\\\/#\\\/schema\\\/logo\\\/image\\\/\"}}]}<\/script>\n<!-- \/ Yoast SEO plugin. -->","yoast_head_json":{"title":"Normes et conformites - Loisir Electronique","robots":{"index":"index","follow":"follow","max-snippet":"max-snippet:-1","max-image-preview":"max-image-preview:large","max-video-preview":"max-video-preview:-1"},"canonical":"https:\/\/loisirelectronique.com\/nl\/normes-et-conformites\/","og_locale":"nl_NL","og_type":"article","og_title":"Normes et conformites - Loisir Electronique","og_description":"Normes et conformites \ud83d\udd27 Qualit\u00e9 &amp; S\u00e9curit\u00e9 garanties chez Loisir Electronique Chez Loisir Electronique, nous s\u00e9lectionnons des produits fiables et","og_url":"https:\/\/loisirelectronique.com\/nl\/normes-et-conformites\/","og_site_name":"Loisir Electronique","article_modified_time":"2026-04-03T08:29:15+00:00","twitter_card":"summary_large_image","twitter_misc":{"Geschatte leestijd":"2 minuten"},"schema":{"@context":"https:\/\/schema.org","@graph":[{"@type":"WebPage","@id":"https:\/\/loisirelectronique.com\/normes-et-conformites\/","url":"https:\/\/loisirelectronique.com\/normes-et-conformites\/","name":"Normes et conformites - Loisir Electronique","isPartOf":{"@id":"https:\/\/loisirelectronique.com\/#website"},"datePublished":"2026-03-27T00:48:07+00:00","dateModified":"2026-04-03T08:29:15+00:00","breadcrumb":{"@id":"https:\/\/loisirelectronique.com\/normes-et-conformites\/#breadcrumb"},"inLanguage":"nl-NL","potentialAction":[{"@type":"ReadAction","target":["https:\/\/loisirelectronique.com\/normes-et-conformites\/"]}]},{"@type":"BreadcrumbList","@id":"https:\/\/loisirelectronique.com\/normes-et-conformites\/#breadcrumb","itemListElement":[{"@type":"ListItem","position":1,"name":"Accueil","item":"https:\/\/loisirelectronique.com\/"},{"@type":"ListItem","position":2,"name":"Normes et conformites"}]},{"@type":"WebSite","@id":"https:\/\/loisirelectronique.com\/#website","url":"https:\/\/loisirelectronique.com\/","name":"Loisir Electronique","description":"Innovation, qualit\u00e9, performance","publisher":{"@id":"https:\/\/loisirelectronique.com\/#organization"},"potentialAction":[{"@type":"SearchAction","target":{"@type":"EntryPoint","urlTemplate":"https:\/\/loisirelectronique.com\/?s={search_term_string}"},"query-input":{"@type":"PropertyValueSpecification","valueRequired":true,"valueName":"search_term_string"}}],"inLanguage":"nl-NL"},{"@type":"Organization","@id":"https:\/\/loisirelectronique.com\/#organization","name":"Loisir Electronique","url":"https:\/\/loisirelectronique.com\/","logo":{"@type":"ImageObject","inLanguage":"nl-NL","@id":"https:\/\/loisirelectronique.com\/#\/schema\/logo\/image\/","url":"http:\/\/loisirelectronique.com\/wp-content\/uploads\/2026\/03\/IMG-20260325-WA00112.jpg","contentUrl":"http:\/\/loisirelectronique.com\/wp-content\/uploads\/2026\/03\/IMG-20260325-WA00112.jpg","width":418,"height":124,"caption":"Loisir Electronique"},"image":{"@id":"https:\/\/loisirelectronique.com\/#\/schema\/logo\/image\/"}}]}},"jetpack_sharing_enabled":true,"_links":{"self":[{"href":"https:\/\/loisirelectronique.com\/nl\/wp-json\/wp\/v2\/pages\/29155","targetHints":{"allow":["GET"]}}],"collection":[{"href":"https:\/\/loisirelectronique.com\/nl\/wp-json\/wp\/v2\/pages"}],"about":[{"href":"https:\/\/loisirelectronique.com\/nl\/wp-json\/wp\/v2\/types\/page"}],"author":[{"embeddable":true,"href":"https:\/\/loisirelectronique.com\/nl\/wp-json\/wp\/v2\/users\/1"}],"replies":[{"embeddable":true,"href":"https:\/\/loisirelectronique.com\/nl\/wp-json\/wp\/v2\/comments?post=29155"}],"version-history":[{"count":10,"href":"https:\/\/loisirelectronique.com\/nl\/wp-json\/wp\/v2\/pages\/29155\/revisions"}],"predecessor-version":[{"id":30030,"href":"https:\/\/loisirelectronique.com\/nl\/wp-json\/wp\/v2\/pages\/29155\/revisions\/30030"}],"wp:attachment":[{"href":"https:\/\/loisirelectronique.com\/nl\/wp-json\/wp\/v2\/media?parent=29155"}],"curies":[{"name":"wp","href":"https:\/\/api.w.org\/{rel}","templated":true}]}}