{"id":28,"date":"2026-03-25T15:35:15","date_gmt":"2026-03-25T15:35:15","guid":{"rendered":"https:\/\/loisirelectronique.com\/?page_id=28"},"modified":"2026-03-29T15:04:00","modified_gmt":"2026-03-29T15:04:00","slug":"mention-legale","status":"publish","type":"page","link":"https:\/\/loisirelectronique.com\/nl\/mention-legale\/","title":{"rendered":"Mention l\u00e9gale"},"content":{"rendered":"<h1 data-start=\"85\" data-end=\"128\"><strong data-start=\"108\" data-end=\"128\">Mentions l\u00e9gales Loisir Electronique<\/strong><\/h1>\n<ul data-start=\"188\" data-end=\"437\">\n<li data-start=\"391\" data-end=\"437\">\n<p data-start=\"280\" data-end=\"534\">Conform\u00e9ment aux dispositions des articles 6-III et 19 de la Loi n\u00b02004-575 du 21 juin 2004 pour la Confiance dans l\u2019\u00c9conomie Num\u00e9rique (LCEN), il est port\u00e9 \u00e0 la connaissance des utilisateurs du site <a href=\"https:\/\/loisirelectronique.com\/nl\/\">loisirelectronique.com<\/a> les pr\u00e9sentes mentions l\u00e9gales.<\/p>\n<hr data-start=\"536\" data-end=\"539\" \/>\n<h3 data-start=\"541\" data-end=\"563\">1. \u00c9diteur du site<\/h3>\n<p data-start=\"565\" data-end=\"622\">Le site <a href=\"https:\/\/loisirelectronique.com\/nl\/\">loisirelectronique.com<\/a>\u00a0est \u00e9dit\u00e9 par la soci\u00e9t\u00e9 :<\/p>\n<p><strong>Aux Loisir Electronique<\/strong><br \/>\nPrivate Limited Company<br \/>\n<strong>Num\u00e9ro de SIREN :<\/strong> 814399515<\/li>\n<li data-start=\"391\" data-end=\"437\"><strong>Si\u00e8ge social :<\/strong> 13 AVENUE MORANE SAULNIER VELIZY ESPACE IMMEUBLE LE BLERIOT, 78140 VELIZY-VILLACOUBLAY\n<p data-start=\"687\" data-end=\"759\"><strong>Directeur G\u00e9n\u00e9rale :<\/strong> Sophie SAGUEZ<\/p>\n<p data-start=\"986\" data-end=\"1061\">\ud83d\udce7 Email :\u00a0<strong data-start=\"997\" data-end=\"1023\"><a rel=\"noopener\" data-start=\"999\" data-end=\"1021\">contact@loisirelectronique.com<\/a><\/strong><br data-start=\"1023\" data-end=\"1026\" \/>\ud83d\udcde T\u00e9l\u00e9phone : +33 767343411<\/p>\n<hr data-start=\"1060\" data-end=\"1063\" \/>\n<h3 data-start=\"1065\" data-end=\"1088\">2. Activit\u00e9 du site<\/h3>\n<p data-start=\"1090\" data-end=\"1219\">Le site <a href=\"https:\/\/loisirelectronique.com\/nl\/\">loisirelectronique.com<\/a>\u00a0est d\u00e9di\u00e9 \u00e0 la\u00a0<strong data-start=\"1136\" data-end=\"1218\">vente de v\u00e9los, v\u00e9los \u00e9lectriques,trottinettes, petits v\u00e9hicules \u00e9lectriques de loisir pour enfantspi\u00e8ces d\u00e9tach\u00e9es et accessoires pour cycles<\/strong>.<\/p>\n<hr data-start=\"1221\" data-end=\"1224\" \/>\n<hr data-start=\"1321\" data-end=\"1324\" \/>\n<h3 data-start=\"1326\" data-end=\"1352\">3. H\u00e9bergement du site<\/h3>\n<p data-start=\"1354\" data-end=\"1379\">Le site est h\u00e9berg\u00e9 par :<\/p>\n<p data-start=\"1381\" data-end=\"1465\"><strong data-start=\"1381\" data-end=\"1412\">Hostinger International Ltd<\/strong><br data-start=\"1412\" data-end=\"1415\" \/>61 Lordou Vironos Street,<br data-start=\"1440\" data-end=\"1443\" \/>6023 Larnaca, Chypre<\/p>\n<p data-start=\"1467\" data-end=\"1495\">Site web :\u00a0<a target=\"_new\" rel=\"noopener\" data-start=\"1478\" data-end=\"1495\">www.hostinger.com<\/a><\/p>\n<hr data-start=\"1497\" data-end=\"1500\" \/>\n<h3 data-start=\"1502\" data-end=\"1522\">4. Acc\u00e8s au site<\/h3>\n<p data-start=\"1524\" data-end=\"1721\">Le site est accessible \u00e0 tout moment, sauf interruption pour maintenance technique ou en cas de force majeure.<br data-start=\"1634\" data-end=\"1637\" \/>L\u2019\u00e9diteur ne saurait \u00eatre tenu responsable d\u2019une indisponibilit\u00e9 temporaire du site.<\/p>\n<hr data-start=\"1723\" data-end=\"1726\" \/>\n<h3 data-start=\"1728\" data-end=\"1759\">5. Propri\u00e9t\u00e9 intellectuelle<\/h3>\n<p data-start=\"1761\" data-end=\"1986\">L\u2019ensemble des \u00e9l\u00e9ments pr\u00e9sents sur le site <a href=\"https:\/\/loisirelectronique.com\/nl\/\">loisirelectronique.com<\/a> (textes, images, photographies, descriptions, logos, graphismes, vid\u00e9os, ic\u00f4nes) est la propri\u00e9t\u00e9 exclusive de LOISIR ELECTRONIQUE, sauf mention contraire.<\/p>\n<p data-start=\"1988\" data-end=\"2071\">Toute reproduction ou utilisation sans autorisation \u00e9crite pr\u00e9alable est interdite.<\/p>\n<hr data-start=\"2073\" data-end=\"2076\" \/>\n<h3 data-start=\"2078\" data-end=\"2112\">6. Donn\u00e9es personnelles \u2013 RGPD<\/h3>\n<p data-start=\"2114\" data-end=\"2250\">Les donn\u00e9es personnelles collect\u00e9es sur le site sont utilis\u00e9es uniquement dans le cadre de la relation avec les utilisateurs et clients.<\/p>\n<p data-start=\"2252\" data-end=\"2462\">Conform\u00e9ment au\u00a0<strong data-start=\"2268\" data-end=\"2340\">R\u00e8glement G\u00e9n\u00e9ral sur la Protection des Donn\u00e9es (RGPD \u2013 UE 2016\/679)<\/strong>, l\u2019utilisateur dispose d\u2019un droit d\u2019acc\u00e8s, de rectification, d\u2019effacement, d\u2019opposition et de portabilit\u00e9 de ses donn\u00e9es.<\/p>\n<p data-start=\"2464\" data-end=\"2529\">Toute demande peut \u00eatre adress\u00e9e \u00e0 :<br data-start=\"2500\" data-end=\"2503\" \/><strong data-start=\"2503\" data-end=\"2529\"><a rel=\"noopener\" data-start=\"2505\" data-end=\"2527\">contact@loisirelectronique.com<\/a><\/strong><\/p>\n<hr data-start=\"2531\" data-end=\"2534\" \/>\n<h3 data-start=\"2536\" data-end=\"2550\">7. Cookies<\/h3>\n<p data-start=\"2552\" data-end=\"2676\">Le site <a href=\"https:\/\/loisirelectronique.com\/nl\/\">loisirelectronique.com<\/a>\u00a0peut utiliser des cookies afin d\u2019am\u00e9liorer l\u2019exp\u00e9rience utilisateur et de mesurer l\u2019audience.<\/p>\n<p data-start=\"2678\" data-end=\"2811\">L\u2019utilisateur peut configurer ou refuser les cookies via les param\u00e8tres de son navigateur ou le bandeau de gestion pr\u00e9vu \u00e0 cet effet.<\/p>\n<hr data-start=\"2813\" data-end=\"2816\" \/>\n<h3 data-start=\"2818\" data-end=\"2841\">8. Droit applicable<\/h3>\n<p data-start=\"2843\" data-end=\"2948\">Les pr\u00e9sentes mentions l\u00e9gales sont soumises au\u00a0<strong data-start=\"2891\" data-end=\"2909\">droit fran\u00e7ais<\/strong>\u00a0et au\u00a0<strong data-start=\"2916\" data-end=\"2947\">droit de l\u2019Union europ\u00e9enne<\/strong>.<\/p>\n<\/li>\n<\/ul>","protected":false},"excerpt":{"rendered":"<p>Mentions l\u00e9gales Loisir Electronique Conform\u00e9ment aux dispositions des articles 6-III et 19 de la Loi n\u00b02004-575 du 21 juin 2004<\/p>","protected":false},"author":1,"featured_media":0,"parent":0,"menu_order":0,"comment_status":"closed","ping_status":"closed","template":"","meta":{"footnotes":""},"class_list":["post-28","page","type-page","status-publish","hentry"],"yoast_head":"<!-- This site is optimized with the Yoast SEO plugin v27.5 - https:\/\/yoast.com\/product\/yoast-seo-wordpress\/ -->\n<title>Mention l\u00e9gale - Loisir Electronique<\/title>\n<meta name=\"description\" content=\"D\u00e9couvrez les mentions l\u00e9gales de loisirelectronique.com : informations sur l\u2019\u00e9diteur, contact, protection des donn\u00e9es et conformit\u00e9 l\u00e9gale.\" \/>\n<meta name=\"robots\" content=\"index, follow, max-snippet:-1, max-image-preview:large, max-video-preview:-1\" \/>\n<link rel=\"canonical\" href=\"https:\/\/loisirelectronique.com\/nl\/mention-legale\/\" \/>\n<meta property=\"og:locale\" content=\"nl_NL\" \/>\n<meta property=\"og:type\" content=\"article\" \/>\n<meta property=\"og:title\" content=\"Mention l\u00e9gale - Loisir Electronique\" \/>\n<meta property=\"og:description\" content=\"D\u00e9couvrez les mentions l\u00e9gales de loisirelectronique.com : informations sur l\u2019\u00e9diteur, contact, protection des donn\u00e9es et conformit\u00e9 l\u00e9gale.\" \/>\n<meta property=\"og:url\" content=\"https:\/\/loisirelectronique.com\/nl\/mention-legale\/\" \/>\n<meta property=\"og:site_name\" content=\"Loisir Electronique\" \/>\n<meta property=\"article:modified_time\" content=\"2026-03-29T15:04:00+00:00\" \/>\n<meta name=\"twitter:card\" content=\"summary_large_image\" \/>\n<meta name=\"twitter:label1\" content=\"Geschatte leestijd\" \/>\n\t<meta name=\"twitter:data1\" content=\"2 minuten\" \/>\n<script type=\"application\/ld+json\" class=\"yoast-schema-graph\">{\"@context\":\"https:\\\/\\\/schema.org\",\"@graph\":[{\"@type\":\"WebPage\",\"@id\":\"https:\\\/\\\/loisirelectronique.com\\\/mention-legale\\\/\",\"url\":\"https:\\\/\\\/loisirelectronique.com\\\/mention-legale\\\/\",\"name\":\"Mention l\u00e9gale - Loisir Electronique\",\"isPartOf\":{\"@id\":\"https:\\\/\\\/loisirelectronique.com\\\/#website\"},\"datePublished\":\"2026-03-25T15:35:15+00:00\",\"dateModified\":\"2026-03-29T15:04:00+00:00\",\"description\":\"D\u00e9couvrez les mentions l\u00e9gales de loisirelectronique.com : informations sur l\u2019\u00e9diteur, contact, protection des donn\u00e9es et conformit\u00e9 l\u00e9gale.\",\"breadcrumb\":{\"@id\":\"https:\\\/\\\/loisirelectronique.com\\\/mention-legale\\\/#breadcrumb\"},\"inLanguage\":\"nl-NL\",\"potentialAction\":[{\"@type\":\"ReadAction\",\"target\":[\"https:\\\/\\\/loisirelectronique.com\\\/mention-legale\\\/\"]}]},{\"@type\":\"BreadcrumbList\",\"@id\":\"https:\\\/\\\/loisirelectronique.com\\\/mention-legale\\\/#breadcrumb\",\"itemListElement\":[{\"@type\":\"ListItem\",\"position\":1,\"name\":\"Accueil\",\"item\":\"https:\\\/\\\/loisirelectronique.com\\\/\"},{\"@type\":\"ListItem\",\"position\":2,\"name\":\"Mention l\u00e9gale\"}]},{\"@type\":\"WebSite\",\"@id\":\"https:\\\/\\\/loisirelectronique.com\\\/#website\",\"url\":\"https:\\\/\\\/loisirelectronique.com\\\/\",\"name\":\"Loisir Electronique\",\"description\":\"Innovation, qualit\u00e9, performance\",\"publisher\":{\"@id\":\"https:\\\/\\\/loisirelectronique.com\\\/#organization\"},\"potentialAction\":[{\"@type\":\"SearchAction\",\"target\":{\"@type\":\"EntryPoint\",\"urlTemplate\":\"https:\\\/\\\/loisirelectronique.com\\\/?s={search_term_string}\"},\"query-input\":{\"@type\":\"PropertyValueSpecification\",\"valueRequired\":true,\"valueName\":\"search_term_string\"}}],\"inLanguage\":\"nl-NL\"},{\"@type\":\"Organization\",\"@id\":\"https:\\\/\\\/loisirelectronique.com\\\/#organization\",\"name\":\"Loisir Electronique\",\"url\":\"https:\\\/\\\/loisirelectronique.com\\\/\",\"logo\":{\"@type\":\"ImageObject\",\"inLanguage\":\"nl-NL\",\"@id\":\"https:\\\/\\\/loisirelectronique.com\\\/#\\\/schema\\\/logo\\\/image\\\/\",\"url\":\"http:\\\/\\\/loisirelectronique.com\\\/wp-content\\\/uploads\\\/2026\\\/03\\\/IMG-20260325-WA00112.jpg\",\"contentUrl\":\"http:\\\/\\\/loisirelectronique.com\\\/wp-content\\\/uploads\\\/2026\\\/03\\\/IMG-20260325-WA00112.jpg\",\"width\":418,\"height\":124,\"caption\":\"Loisir Electronique\"},\"image\":{\"@id\":\"https:\\\/\\\/loisirelectronique.com\\\/#\\\/schema\\\/logo\\\/image\\\/\"}}]}<\/script>\n<!-- \/ Yoast SEO plugin. -->","yoast_head_json":{"title":"Mention l\u00e9gale - Loisir Electronique","description":"D\u00e9couvrez les mentions l\u00e9gales de loisirelectronique.com : informations sur l\u2019\u00e9diteur, contact, protection des donn\u00e9es et conformit\u00e9 l\u00e9gale.","robots":{"index":"index","follow":"follow","max-snippet":"max-snippet:-1","max-image-preview":"max-image-preview:large","max-video-preview":"max-video-preview:-1"},"canonical":"https:\/\/loisirelectronique.com\/nl\/mention-legale\/","og_locale":"nl_NL","og_type":"article","og_title":"Mention l\u00e9gale - Loisir Electronique","og_description":"D\u00e9couvrez les mentions l\u00e9gales de loisirelectronique.com : informations sur l\u2019\u00e9diteur, contact, protection des donn\u00e9es et conformit\u00e9 l\u00e9gale.","og_url":"https:\/\/loisirelectronique.com\/nl\/mention-legale\/","og_site_name":"Loisir Electronique","article_modified_time":"2026-03-29T15:04:00+00:00","twitter_card":"summary_large_image","twitter_misc":{"Geschatte leestijd":"2 minuten"},"schema":{"@context":"https:\/\/schema.org","@graph":[{"@type":"WebPage","@id":"https:\/\/loisirelectronique.com\/mention-legale\/","url":"https:\/\/loisirelectronique.com\/mention-legale\/","name":"Mention l\u00e9gale - Loisir Electronique","isPartOf":{"@id":"https:\/\/loisirelectronique.com\/#website"},"datePublished":"2026-03-25T15:35:15+00:00","dateModified":"2026-03-29T15:04:00+00:00","description":"D\u00e9couvrez les mentions l\u00e9gales de loisirelectronique.com : informations sur l\u2019\u00e9diteur, contact, protection des donn\u00e9es et conformit\u00e9 l\u00e9gale.","breadcrumb":{"@id":"https:\/\/loisirelectronique.com\/mention-legale\/#breadcrumb"},"inLanguage":"nl-NL","potentialAction":[{"@type":"ReadAction","target":["https:\/\/loisirelectronique.com\/mention-legale\/"]}]},{"@type":"BreadcrumbList","@id":"https:\/\/loisirelectronique.com\/mention-legale\/#breadcrumb","itemListElement":[{"@type":"ListItem","position":1,"name":"Accueil","item":"https:\/\/loisirelectronique.com\/"},{"@type":"ListItem","position":2,"name":"Mention l\u00e9gale"}]},{"@type":"WebSite","@id":"https:\/\/loisirelectronique.com\/#website","url":"https:\/\/loisirelectronique.com\/","name":"Loisir Electronique","description":"Innovation, qualit\u00e9, performance","publisher":{"@id":"https:\/\/loisirelectronique.com\/#organization"},"potentialAction":[{"@type":"SearchAction","target":{"@type":"EntryPoint","urlTemplate":"https:\/\/loisirelectronique.com\/?s={search_term_string}"},"query-input":{"@type":"PropertyValueSpecification","valueRequired":true,"valueName":"search_term_string"}}],"inLanguage":"nl-NL"},{"@type":"Organization","@id":"https:\/\/loisirelectronique.com\/#organization","name":"Loisir Electronique","url":"https:\/\/loisirelectronique.com\/","logo":{"@type":"ImageObject","inLanguage":"nl-NL","@id":"https:\/\/loisirelectronique.com\/#\/schema\/logo\/image\/","url":"http:\/\/loisirelectronique.com\/wp-content\/uploads\/2026\/03\/IMG-20260325-WA00112.jpg","contentUrl":"http:\/\/loisirelectronique.com\/wp-content\/uploads\/2026\/03\/IMG-20260325-WA00112.jpg","width":418,"height":124,"caption":"Loisir Electronique"},"image":{"@id":"https:\/\/loisirelectronique.com\/#\/schema\/logo\/image\/"}}]}},"jetpack_sharing_enabled":true,"_links":{"self":[{"href":"https:\/\/loisirelectronique.com\/nl\/wp-json\/wp\/v2\/pages\/28","targetHints":{"allow":["GET"]}}],"collection":[{"href":"https:\/\/loisirelectronique.com\/nl\/wp-json\/wp\/v2\/pages"}],"about":[{"href":"https:\/\/loisirelectronique.com\/nl\/wp-json\/wp\/v2\/types\/page"}],"author":[{"embeddable":true,"href":"https:\/\/loisirelectronique.com\/nl\/wp-json\/wp\/v2\/users\/1"}],"replies":[{"embeddable":true,"href":"https:\/\/loisirelectronique.com\/nl\/wp-json\/wp\/v2\/comments?post=28"}],"version-history":[{"count":7,"href":"https:\/\/loisirelectronique.com\/nl\/wp-json\/wp\/v2\/pages\/28\/revisions"}],"predecessor-version":[{"id":29575,"href":"https:\/\/loisirelectronique.com\/nl\/wp-json\/wp\/v2\/pages\/28\/revisions\/29575"}],"wp:attachment":[{"href":"https:\/\/loisirelectronique.com\/nl\/wp-json\/wp\/v2\/media?parent=28"}],"curies":[{"name":"wp","href":"https:\/\/api.w.org\/{rel}","templated":true}]}}